{"id":694,"date":"2021-06-06T17:28:51","date_gmt":"2021-06-06T15:28:51","guid":{"rendered":"https:\/\/weather-radar-live.com\/?page_id=694"},"modified":"2022-04-20T16:14:32","modified_gmt":"2022-04-20T14:14:32","slug":"radar-neve","status":"publish","type":"page","link":"https:\/\/weather-radar-live.com\/it\/radar-neve\/","title":{"rendered":"Radar neve"},"content":{"rendered":"<div id=\"weath-211373240\" class=\"weath-vor-dem-inhalt weath-entity-placement\" style=\"margin-top: 15px;margin-right: 25px;margin-bottom: 40px;margin-left: 25px;\"><script async src=\"\/\/pagead2.googlesyndication.com\/pagead\/js\/adsbygoogle.js?client=ca-pub-8960936133935804\" crossorigin=\"anonymous\"><\/script><ins class=\"adsbygoogle\" style=\"display:block;\" data-ad-client=\"ca-pub-8960936133935804\" \ndata-ad-slot=\"6172817020\" \ndata-ad-format=\"auto\"><\/ins>\n<script> \n(adsbygoogle = window.adsbygoogle || []).push({}); \n<\/script>\n<\/div>\n<div class=\"wp-block-cover alignfull is-light\"><span aria-hidden=\"true\" class=\"wp-block-cover__gradient-background has-background-dim\"><\/span><img loading=\"lazy\" decoding=\"async\" width=\"1902\" height=\"462\" class=\"wp-block-cover__image-background wp-image-347\" alt=\"\" src=\"https:\/\/weather-radar-live.com\/wp-content\/uploads\/2021\/06\/marek-okon-0RFcBMbIAxw-unsplash-e1622554753504.jpg\" data-object-fit=\"cover\" srcset=\"https:\/\/weather-radar-live.com\/wp-content\/uploads\/2021\/06\/marek-okon-0RFcBMbIAxw-unsplash-e1622554753504.jpg 1902w, https:\/\/weather-radar-live.com\/wp-content\/uploads\/2021\/06\/marek-okon-0RFcBMbIAxw-unsplash-e1622554753504-300x73.jpg 300w, https:\/\/weather-radar-live.com\/wp-content\/uploads\/2021\/06\/marek-okon-0RFcBMbIAxw-unsplash-e1622554753504-1024x249.jpg 1024w, https:\/\/weather-radar-live.com\/wp-content\/uploads\/2021\/06\/marek-okon-0RFcBMbIAxw-unsplash-e1622554753504-768x187.jpg 768w, https:\/\/weather-radar-live.com\/wp-content\/uploads\/2021\/06\/marek-okon-0RFcBMbIAxw-unsplash-e1622554753504-1536x373.jpg 1536w\" sizes=\"auto, (max-width: 1902px) 100vw, 1902px\" \/><div class=\"wp-block-cover__inner-container is-layout-flow wp-block-cover-is-layout-flow\">\n<h2 class=\"has-text-align-center heading has-base-3-color has-text-color wp-block-heading\" style=\"font-size:70px\"><strong> RADAR <span style=\"color:#919191\" class=\"has-inline-color\">NEVE<\/span><\/strong><\/h2>\n<\/div><\/div>\n\n\n<h2 style=\"text-align: center;\"><span style=\"color: #919191;\"><b>Radar neve <\/b><\/span><span style=\"color: #919191;\"><b>&#8211; la sua previsione di neve attuale ed affidabile<\/b><\/span><\/h2>\n<p><span style=\"font-weight: 400;\">Dove sta nevicando in questo momento? Devo aspettarmi presto una nevicata nella mia regione? Se s\u00ec, quanta neve dovrei prevedere nelle prossime ore? Risponda a queste domande con la nostra ultima mappa della copertura nevosa per l&#8217;Italia, gli Stati Uniti, il Sud America e altri paesi europei.<\/span><\/p>\n<p><span style=\"font-weight: 400;\">Sulla mappa della copertura nevosa, trova informazioni sulla quantit\u00e0 di <span style=\"color: #1950fe;\"><strong><a style=\"color: #1950fe;\" href=\"https:\/\/weather-radar-live.com\/it\/radar-pioggia\/\" target=\"_blank\" rel=\"noopener noreferrer\">precipitazioni<\/a><\/strong><\/span> nelle prossime ore. Pu\u00f2 anche scoprire quanto sar\u00e0 grave la nevicata nella sua zona. Inoltre, forniamo una panoramica degli attuali livelli di neve nelle montagne delle Alpi. Pu\u00f2 trovare una panoramica nella mappa della copertura nevosa.<\/span><\/p><div id=\"weath-994198956\" class=\"weath-inhalt_2 weath-entity-placement\" style=\"margin-top: 15px;margin-right: 25px;margin-bottom: 35px;margin-left: 25px;\"><script async src=\"\/\/pagead2.googlesyndication.com\/pagead\/js\/adsbygoogle.js?client=ca-pub-8960936133935804\" crossorigin=\"anonymous\"><\/script><ins class=\"adsbygoogle\" style=\"display:block;\" data-ad-client=\"ca-pub-8960936133935804\" \ndata-ad-slot=\"1963584050\" \ndata-ad-format=\"auto\"><\/ins>\n<script> \n(adsbygoogle = window.adsbygoogle || []).push({}); \n<\/script>\n<\/div>\n\n\n<iframe loading=\"lazy\" width=\"1300\" height=\"600\" src=\"https:\/\/embed.windy.com\/embed2.html?lat=42.310&amp;lon=13.491&amp;detailLat=49.516&amp;detailLon=11.000&amp;width=1300&amp;height=600&amp;zoom=6&amp;level=surface&amp;overlay=rain&amp;product=ecmwf&amp;menu=&amp;message=true&amp;marker=&amp;calendar=now&amp;pressure=&amp;type=map&amp;location=coordinates&amp;detail=&amp;metricWind=default&amp;metricTemp=default&amp;radarRange=-1\" frameborder=\"0\"><\/iframe>\n\n\n\n<p class=\"has-text-align-center\"><sup>La nevicata attuale \u00e8 colorata con simboli di fiocchi di neve sulla mappa. La neve viene anche visualizzata a colori sulla mappa. Una colorazione verde o blu significa precipitazioni da deboli a moderate. Una colorazione viola suggerisce di aspettarsi forti nevicate.<\/sup><\/p>\n\n\n<h2 style=\"text-align: left;\"><span style=\"color: #919191;\"><b>Dove sta nevicando in questo momento? Ci sono nevicate nella sua regione? Ecco come si legge il radar neve:<\/b><\/span><\/h2>\n<p><span style=\"font-weight: 400;\"><img loading=\"lazy\" decoding=\"async\" class=\"alignright wp-image-75\" src=\"https:\/\/weather-radar-live.com\/wp-content\/uploads\/2021\/02\/snow-radar-explanation-300x213.png\" alt=\"radar neve spiegazione\" width=\"207\" height=\"147\" srcset=\"https:\/\/weather-radar-live.com\/wp-content\/uploads\/2021\/02\/snow-radar-explanation-300x213.png 300w, https:\/\/weather-radar-live.com\/wp-content\/uploads\/2021\/02\/snow-radar-explanation.png 600w\" sizes=\"auto, (max-width: 207px) 100vw, 207px\" \/>Tutte le aree in cui sono previste <strong><a href=\"https:\/\/meteo.repubblica.it\/tempo_italia\/neve\" target=\"_blank\" rel=\"noopener\">nevicate<\/a><\/strong> sono mostrate a colori sulla mappa. I colori vanno dal blu e verde per nevicate leggere al viola. Nelle aree colorate in viola, ci si pu\u00f2 aspettare una quantit\u00e0 di neve nuova di pi\u00f9 di un metro nelle prossime ore. In alcuni casi, una forte nevicata \u00e8 accompagnata da un <span style=\"color: #f59800;\"><a style=\"color: #f59800;\" href=\"https:\/\/weather-radar-live.com\/it\/tempesta\/\" target=\"_blank\" rel=\"noopener noreferrer\"><strong>temporale<\/strong><\/a><\/span> (il cosiddetto &#8220;blizzard&#8221;). Anche questo temporale \u00e8 indicato da un <span style=\"color: #ffde00;\"><strong><a style=\"color: #ffde00;\" href=\"https:\/\/weather-radar-live.com\/it\/temporali\/\" target=\"_blank\" rel=\"noopener noreferrer\">fulmine<\/a><\/strong><\/span> simbolo sulla mappa. Oltre a questo, la mappa del manto nevoso offre altre funzioni utili:<\/span><\/p>\n<p><span style=\"font-weight: 400;\"><img loading=\"lazy\" decoding=\"async\" class=\"alignleft wp-image-89\" src=\"https:\/\/weather-radar-live.com\/wp-content\/uploads\/2021\/02\/cursor.png\" alt=\"Radar neve cursore\" width=\"83\" height=\"83\" \/>Usando il cursore in basso a sinistra della mappa della copertura nevosa, pu\u00f2 visualizzare l&#8217;andamento futuro della nevicata. Questo le permette di concludere come cambieranno le precipitazioni nelle prossime 36 ore e se deve aspettarsi nevicate nella sua regione nelle prossime ore.<\/span><\/p>\n<p><span style=\"font-weight: 400;\"><img loading=\"lazy\" decoding=\"async\" class=\"alignleft wp-image-76\" src=\"https:\/\/weather-radar-live.com\/wp-content\/uploads\/2021\/02\/snow-radar-marker.png\" alt=\"segno di copertura della neve\" width=\"98\" height=\"98\" \/>Pu\u00f2 semplicemente spostare il marcatore di neve nella posizione desiderata con il mouse (o sul cellulare: tenga premuto il punto bianco del marcatore con il dito). <\/span><\/p>\n<p><span style=\"font-weight: 400;\">Vedr\u00e0 quindi quanta neve pu\u00f2 aspettarsi nelle prossime 12 ore.<\/span><\/p>\n<p>\u00a0<\/p>\n<div id=\"weath-251365180\" style=\"margin-top: 15px;margin-right: auto;margin-bottom: 40px;margin-left: auto;text-align: center;\"><script async src=\"\/\/pagead2.googlesyndication.com\/pagead\/js\/adsbygoogle.js?client=ca-pub-8960936133935804\" crossorigin=\"anonymous\"><\/script><ins class=\"adsbygoogle\" style=\"display:block;\" data-ad-client=\"ca-pub-8960936133935804\" \ndata-ad-slot=\"6172817020\" \ndata-ad-format=\"auto\"><\/ins>\n<script> \n(adsbygoogle = window.adsbygoogle || []).push({}); \n<\/script>\n<\/div>\n<h2 style=\"text-align: center;\"><span style=\"color: #919191;\"><b>Radar neve &#8211; Nevicate attuali nelle Alpi italiane<\/b><\/span><\/h2>\n<p><span style=\"font-weight: 400;\">Ha programmato una vacanza in montagna? Vuole controllare il tempo attuale per lo sci per sapere se avr\u00e0 abbastanza neve per <a href=\"https:\/\/www.neveitalia.it\" target=\"_blank\" rel=\"noopener\"><strong>la sua gita sulle piste da sci?<\/strong><\/a> Allora usi la mappa della copertura nevosa per gli USA e il Canada. Qui pu\u00f2 scoprire a colpo d&#8217;occhio se sono previste nevicate nelle regioni di montagna. Pu\u00f2 anche vedere quanta neve sta cadendo attualmente nella rispettiva regione e quanto \u00e8 alta la profondit\u00e0 della neve:<\/span><\/p>\n<div id=\"weath-2394201499\" style=\"margin-top: 15px;margin-right: auto;margin-bottom: 35px;margin-left: auto;text-align: center;\"><script async src=\"\/\/pagead2.googlesyndication.com\/pagead\/js\/adsbygoogle.js?client=ca-pub-8960936133935804\" crossorigin=\"anonymous\"><\/script><ins class=\"adsbygoogle\" style=\"display:block;\" data-ad-client=\"ca-pub-8960936133935804\" \ndata-ad-slot=\"1963584050\" \ndata-ad-format=\"auto\"><\/ins>\n<script> \n(adsbygoogle = window.adsbygoogle || []).push({}); \n<\/script>\n<\/div>\n\n\n<div class=\"wp-block-columns is-layout-flex wp-container-core-columns-is-layout-9d6595d7 wp-block-columns-is-layout-flex\">\n<div class=\"wp-block-column is-layout-flow wp-block-column-is-layout-flow\">\n<h3 style=\"text-align: center;\"><strong><span style=\"color: #919191;\">Altezza della neve in Italia<\/span><\/strong><\/h3>\n\n\n\n<iframe loading=\"lazy\" width=\"1300\" height=\"600\" src=\"https:\/\/embed.windy.com\/embed2.html?lat=42.310&amp;lon=13.491&amp;detailLat=49.516&amp;detailLon=11.000&amp;width=1300&amp;height=600&amp;zoom=6&amp;level=surface&amp;overlay=snowcover&amp;product=ecmwf&amp;menu=&amp;message=true&amp;marker=&amp;calendar=now&amp;pressure=&amp;type=map&amp;location=coordinates&amp;detail=&amp;metricWind=default&amp;metricTemp=default&amp;radarRange=-1\" frameborder=\"0\"><\/iframe>\n\n\n\n<p class=\"has-text-align-center\"><sub>La nevicata attuale \u00e8 colorata con simboli di fiocchi di neve sulla mappa. La neve viene anche visualizzata a colori sulla mappa. Una colorazione verde o blu significa precipitazioni da deboli a moderate. Una colorazione viola suggerisce che si deve aspettare una forte nevicata.<\/sub><\/p>\n<\/div>\n<\/div>\n\n\n<h2><span style=\"color: #919191;\"><b>Come funziona in pratica una mappa della copertura nevosa?<\/b><\/span><\/h2>\n<p><span style=\"font-weight: 400;\">La funzione di un radar delle precipitazioni (radar neve o pioggia) \u00e8 sempre la stessa. Con l&#8217;aiuto di una stazione radar, vengono inviate microonde nelle nuvole. Questi raggi radar vengono rimandati alla stazione radar dalle goccioline d&#8217;acqua nella nuvola. Pi\u00f9 onde radar colpiscono indietro la stazione di misurazione, pi\u00f9 precipitazioni ci sono nella nuvola. A seconda della temperatura al suolo e nell&#8217;aria, si pu\u00f2 prevedere se cadr\u00e0 pioggia o neve.<\/span><\/p>\n<p><span style=\"font-weight: 400;\">Usando questa tecnica di misurazione, si pu\u00f2 creare un&#8217;immagine accurata dell&#8217;attuale area di precipitazioni e aggiornarla continuamente in pochi secondi. Oltre alla mappa del manto nevoso, <span style=\"color: #919191;\"><strong><a style=\"color: #919191;\" href=\"https:\/\/weather-radar-live.com\/it\/nuvole-radar\/\" target=\"_blank\" rel=\"noopener noreferrer\">il radar delle nuvole<\/a><\/strong><\/span>, <span style=\"color: #f59800;\"><strong><a href=\"https:\/\/weather-radar-live.com\/it\/tornado-en-direct\/\" target=\"_blank\" rel=\"noopener noreferrer\"><span style=\"color: #f59800;\">il radar del tornado<\/span><\/a><span style=\"color: #000000;\">, <\/span><\/strong><\/span><a href=\"https:\/\/weather-radar-live.com\/it\/radar-pioggia\/\"><span style=\"color: #1950fe;\"><strong>radar pioggia<\/strong><\/span><\/a>, <strong><span style=\"color: #ffde00;\"><a style=\"color: #ffde00;\" href=\"https:\/\/weather-radar-live.com\/it\/temporali\/\" target=\"_blank\" rel=\"noopener noreferrer\">mappa dei fulmini<\/a><\/span><\/strong> e <strong><span style=\"color: #f59800;\"><a style=\"color: #f59800;\" href=\"https:\/\/weather-radar-live.com\/it\/tempesta\/\" target=\"_blank\" rel=\"noopener noreferrer\">radar di tempesta<\/a><\/span><\/strong> funzionano anch&#8217;essi allo stesso modo.<\/span><\/p>\n<h2 style=\"text-align: center;\"><span style=\"color: #919191;\"><b>Fatti interessanti sulla neve:<\/b><\/span><\/h2>\n<h3><span style=\"color: #919191;\"><strong>Perch\u00e9 la neve \u00e8 bianca?<\/strong><\/span><\/h3>\n<p><span style=\"font-weight: 400;\">Il colore bianco della neve dipende dalla forma particolare del fiocco di neve. Al microscopio, i fiocchi di neve sembrano trasparenti. Tuttavia, quando la luce del sole cade sui fiocchi di neve, questa luce viene rifratta pi\u00f9 volte dalla forma speciale del fiocco e riflessa attraverso l&#8217;aria intrappolata nel fiocco di neve. Pertanto il fiocco di neve appare bianco all&#8217;occhio umano.<\/span><\/p>\n<h3><strong><span style=\"color: #919191;\">Perch\u00e9 la neve luccica?<\/span><\/strong><\/h3>\n<p><span style=\"font-weight: 400;\">Lo scintillio nella neve pu\u00f2 anche essere ricondotto alla riflessione della luce da parte dei cristalli di ghiaccio. Lo strato superiore del manto nevoso, con i suoi innumerevoli fiocchi di neve, riflette la luce ai nostri occhi direttamente e senza ulteriore rifrazione. Per questo motivo, vediamo diversi punti lampeggiare nella neve mentre ci muoviamo attraverso la moltitudine di cristalli di ghiaccio.<\/span><\/p>\n<h3><strong><span style=\"color: #919191;\">Perch\u00e9 i fiocchi di neve sono esagonali?<\/span><\/strong><\/h3>\n<p><span style=\"font-weight: 400;\">La forma della neve \u00e8 legata alla speciale struttura di una molecola d&#8217;acqua: A causa della carica elettrica dei singoli atomi, queste molecole possono disporsi solo in un esagono o con un angolo di 60 gradi o 120 gradi. Questa forma esagonale permette alle molecole d&#8217;acqua di formare un cristallo in modo molto efficiente.<\/span><\/p>\n<h3><strong><span style=\"color: #919191;\">Perch\u00e9 la neve scricchiola quando ci cammina sopra?<\/span><\/strong><\/h3>\n<p><span style=\"font-weight: 400;\">Da dove viene questo scricchiolio e crepitio quando si cammina nella neve? Fondamentalmente, non si sente altro che la rottura dei singoli cristalli di ghiaccio nella neve. Pi\u00f9 la neve \u00e8 fredda, pi\u00f9 forte si percepisce questo suono.<\/span><\/p>\n<h3><strong><span style=\"color: #919191;\">Perch\u00e9 la neve si scioglie se esposta al sale?<\/span><\/strong><\/h3>\n<p><span style=\"font-weight: 400;\">Il sale fa s\u00ec che il punto di congelamento dell&#8217;acqua non sia pi\u00f9 0 gradi, ma significativamente pi\u00f9 basso. Dopo l&#8217;aggiunta di sale, l&#8217;acqua richiede temperature significativamente pi\u00f9 basse per trasformarsi in neve e ghiaccio. Il sale interferisce con la formazione di cristalli di ghiaccio scindendo la pellicola d&#8217;acqua e sciogliendo le molecole d&#8217;acqua.<\/span><\/p>","protected":false},"excerpt":{"rendered":"<p>Radar neve &#8211; la sua previsione di neve attuale ed affidabile Dove sta nevicando in questo momento? Devo aspettarmi presto una nevicata nella mia regione? Se s\u00ec, quanta neve dovrei prevedere nelle prossime ore? Risponda a queste domande con la nostra ultima mappa della copertura nevosa per l&#8217;Italia, gli Stati Uniti, il Sud America e &#8230; <a title=\"Radar neve\" class=\"read-more\" href=\"https:\/\/weather-radar-live.com\/it\/radar-neve\/\" aria-label=\"Per saperne di pi\u00f9 su Radar neve\">Leggi tutto<\/a><\/p>\n","protected":false},"author":1,"featured_media":2955,"parent":0,"menu_order":0,"comment_status":"closed","ping_status":"closed","template":"","meta":{"footnotes":""},"class_list":["post-694","page","type-page","status-publish","has-post-thumbnail"],"yoast_head":"<!-- This site is optimized with the Yoast SEO plugin v27.5 - https:\/\/yoast.com\/product\/yoast-seo-wordpress\/ -->\n<title>Radar neve LIVE: \u2714\ufe0f Dove sta attualmente nevicando? \u2744\ufe0f<\/title>\n<meta name=\"description\" content=\"Radar neve LIVE: Scopri ora dove sta nevicando in questo momento + previsioni e profondit\u00e0 della neve \u2714\ufe0f aggiornata ogni secondo \u2744\ufe0f\" \/>\n<meta name=\"robots\" content=\"index, follow, max-snippet:-1, max-image-preview:large, max-video-preview:-1\" \/>\n<link rel=\"canonical\" href=\"https:\/\/weather-radar-live.com\/it\/radar-neve\/\" \/>\n<meta property=\"og:locale\" content=\"it_IT\" \/>\n<meta property=\"og:type\" content=\"article\" \/>\n<meta property=\"og:title\" content=\"Radar neve LIVE: \u2714\ufe0f Dove sta attualmente nevicando? \u2744\ufe0f\" \/>\n<meta property=\"og:description\" content=\"Radar neve LIVE: Scopri ora dove sta nevicando in questo momento + previsioni e profondit\u00e0 della neve \u2714\ufe0f aggiornata ogni secondo \u2744\ufe0f\" \/>\n<meta property=\"og:url\" content=\"https:\/\/weather-radar-live.com\/it\/radar-neve\/\" \/>\n<meta property=\"og:site_name\" content=\"weather-radar-live.com\" \/>\n<meta property=\"article:modified_time\" content=\"2022-04-20T14:14:32+00:00\" \/>\n<meta property=\"og:image\" content=\"https:\/\/weather-radar-live.com\/wp-content\/uploads\/2021\/02\/Snow-Cover-Map-1.jpg\" \/>\n\t<meta property=\"og:image:width\" content=\"1897\" \/>\n\t<meta property=\"og:image:height\" content=\"458\" \/>\n\t<meta property=\"og:image:type\" content=\"image\/jpeg\" \/>\n<meta name=\"twitter:card\" content=\"summary_large_image\" \/>\n<meta name=\"twitter:label1\" content=\"Tempo di lettura stimato\" \/>\n\t<meta name=\"twitter:data1\" content=\"5 minuti\" \/>\n<script type=\"application\/ld+json\" class=\"yoast-schema-graph\">{\"@context\":\"https:\\\/\\\/schema.org\",\"@graph\":[{\"@type\":\"WebPage\",\"@id\":\"https:\\\/\\\/weather-radar-live.com\\\/it\\\/radar-neve\\\/\",\"url\":\"https:\\\/\\\/weather-radar-live.com\\\/it\\\/radar-neve\\\/\",\"name\":\"Radar neve LIVE: \u2714\ufe0f Dove sta attualmente nevicando? \u2744\ufe0f\",\"isPartOf\":{\"@id\":\"https:\\\/\\\/weather-radar-live.com\\\/#website\"},\"primaryImageOfPage\":{\"@id\":\"https:\\\/\\\/weather-radar-live.com\\\/it\\\/radar-neve\\\/#primaryimage\"},\"image\":{\"@id\":\"https:\\\/\\\/weather-radar-live.com\\\/it\\\/radar-neve\\\/#primaryimage\"},\"thumbnailUrl\":\"https:\\\/\\\/weather-radar-live.com\\\/wp-content\\\/uploads\\\/2021\\\/02\\\/Snow-Cover-Map-1.jpg\",\"datePublished\":\"2021-06-06T15:28:51+00:00\",\"dateModified\":\"2022-04-20T14:14:32+00:00\",\"description\":\"Radar neve LIVE: Scopri ora dove sta nevicando in questo momento + previsioni e profondit\u00e0 della neve \u2714\ufe0f aggiornata ogni secondo \u2744\ufe0f\",\"breadcrumb\":{\"@id\":\"https:\\\/\\\/weather-radar-live.com\\\/it\\\/radar-neve\\\/#breadcrumb\"},\"inLanguage\":\"it-IT\",\"potentialAction\":[{\"@type\":\"ReadAction\",\"target\":[\"https:\\\/\\\/weather-radar-live.com\\\/it\\\/radar-neve\\\/\"]}]},{\"@type\":\"ImageObject\",\"inLanguage\":\"it-IT\",\"@id\":\"https:\\\/\\\/weather-radar-live.com\\\/it\\\/radar-neve\\\/#primaryimage\",\"url\":\"https:\\\/\\\/weather-radar-live.com\\\/wp-content\\\/uploads\\\/2021\\\/02\\\/Snow-Cover-Map-1.jpg\",\"contentUrl\":\"https:\\\/\\\/weather-radar-live.com\\\/wp-content\\\/uploads\\\/2021\\\/02\\\/Snow-Cover-Map-1.jpg\",\"width\":1897,\"height\":458},{\"@type\":\"BreadcrumbList\",\"@id\":\"https:\\\/\\\/weather-radar-live.com\\\/it\\\/radar-neve\\\/#breadcrumb\",\"itemListElement\":[{\"@type\":\"ListItem\",\"position\":1,\"name\":\"Weather Radar Live\",\"item\":\"https:\\\/\\\/weather-radar-live.com\\\/it\\\/\"},{\"@type\":\"ListItem\",\"position\":2,\"name\":\"Radar neve\"}]},{\"@type\":\"WebSite\",\"@id\":\"https:\\\/\\\/weather-radar-live.com\\\/#website\",\"url\":\"https:\\\/\\\/weather-radar-live.com\\\/\",\"name\":\"weather-radar-live.com\",\"description\":\"Your weather and sky radar.\",\"publisher\":{\"@id\":\"https:\\\/\\\/weather-radar-live.com\\\/#organization\"},\"potentialAction\":[{\"@type\":\"SearchAction\",\"target\":{\"@type\":\"EntryPoint\",\"urlTemplate\":\"https:\\\/\\\/weather-radar-live.com\\\/?s={search_term_string}\"},\"query-input\":{\"@type\":\"PropertyValueSpecification\",\"valueRequired\":true,\"valueName\":\"search_term_string\"}}],\"inLanguage\":\"it-IT\"},{\"@type\":\"Organization\",\"@id\":\"https:\\\/\\\/weather-radar-live.com\\\/#organization\",\"name\":\"weather-radar-live.com\",\"url\":\"https:\\\/\\\/weather-radar-live.com\\\/\",\"logo\":{\"@type\":\"ImageObject\",\"inLanguage\":\"it-IT\",\"@id\":\"https:\\\/\\\/weather-radar-live.com\\\/#\\\/schema\\\/logo\\\/image\\\/\",\"url\":\"https:\\\/\\\/weather-radar-live.com\\\/wp-content\\\/uploads\\\/2022\\\/03\\\/cropped-WRL2503.png\",\"contentUrl\":\"https:\\\/\\\/weather-radar-live.com\\\/wp-content\\\/uploads\\\/2022\\\/03\\\/cropped-WRL2503.png\",\"width\":1920,\"height\":555,\"caption\":\"weather-radar-live.com\"},\"image\":{\"@id\":\"https:\\\/\\\/weather-radar-live.com\\\/#\\\/schema\\\/logo\\\/image\\\/\"}}]}<\/script>\n<!-- \/ Yoast SEO plugin. -->","yoast_head_json":{"title":"Radar neve LIVE: \u2714\ufe0f Dove sta attualmente nevicando? \u2744\ufe0f","description":"Radar neve LIVE: Scopri ora dove sta nevicando in questo momento + previsioni e profondit\u00e0 della neve \u2714\ufe0f aggiornata ogni secondo \u2744\ufe0f","robots":{"index":"index","follow":"follow","max-snippet":"max-snippet:-1","max-image-preview":"max-image-preview:large","max-video-preview":"max-video-preview:-1"},"canonical":"https:\/\/weather-radar-live.com\/it\/radar-neve\/","og_locale":"it_IT","og_type":"article","og_title":"Radar neve LIVE: \u2714\ufe0f Dove sta attualmente nevicando? \u2744\ufe0f","og_description":"Radar neve LIVE: Scopri ora dove sta nevicando in questo momento + previsioni e profondit\u00e0 della neve \u2714\ufe0f aggiornata ogni secondo \u2744\ufe0f","og_url":"https:\/\/weather-radar-live.com\/it\/radar-neve\/","og_site_name":"weather-radar-live.com","article_modified_time":"2022-04-20T14:14:32+00:00","og_image":[{"width":1897,"height":458,"url":"https:\/\/weather-radar-live.com\/wp-content\/uploads\/2021\/02\/Snow-Cover-Map-1.jpg","type":"image\/jpeg"}],"twitter_card":"summary_large_image","twitter_misc":{"Tempo di lettura stimato":"5 minuti"},"schema":{"@context":"https:\/\/schema.org","@graph":[{"@type":"WebPage","@id":"https:\/\/weather-radar-live.com\/it\/radar-neve\/","url":"https:\/\/weather-radar-live.com\/it\/radar-neve\/","name":"Radar neve LIVE: \u2714\ufe0f Dove sta attualmente nevicando? \u2744\ufe0f","isPartOf":{"@id":"https:\/\/weather-radar-live.com\/#website"},"primaryImageOfPage":{"@id":"https:\/\/weather-radar-live.com\/it\/radar-neve\/#primaryimage"},"image":{"@id":"https:\/\/weather-radar-live.com\/it\/radar-neve\/#primaryimage"},"thumbnailUrl":"https:\/\/weather-radar-live.com\/wp-content\/uploads\/2021\/02\/Snow-Cover-Map-1.jpg","datePublished":"2021-06-06T15:28:51+00:00","dateModified":"2022-04-20T14:14:32+00:00","description":"Radar neve LIVE: Scopri ora dove sta nevicando in questo momento + previsioni e profondit\u00e0 della neve \u2714\ufe0f aggiornata ogni secondo \u2744\ufe0f","breadcrumb":{"@id":"https:\/\/weather-radar-live.com\/it\/radar-neve\/#breadcrumb"},"inLanguage":"it-IT","potentialAction":[{"@type":"ReadAction","target":["https:\/\/weather-radar-live.com\/it\/radar-neve\/"]}]},{"@type":"ImageObject","inLanguage":"it-IT","@id":"https:\/\/weather-radar-live.com\/it\/radar-neve\/#primaryimage","url":"https:\/\/weather-radar-live.com\/wp-content\/uploads\/2021\/02\/Snow-Cover-Map-1.jpg","contentUrl":"https:\/\/weather-radar-live.com\/wp-content\/uploads\/2021\/02\/Snow-Cover-Map-1.jpg","width":1897,"height":458},{"@type":"BreadcrumbList","@id":"https:\/\/weather-radar-live.com\/it\/radar-neve\/#breadcrumb","itemListElement":[{"@type":"ListItem","position":1,"name":"Weather Radar Live","item":"https:\/\/weather-radar-live.com\/it\/"},{"@type":"ListItem","position":2,"name":"Radar neve"}]},{"@type":"WebSite","@id":"https:\/\/weather-radar-live.com\/#website","url":"https:\/\/weather-radar-live.com\/","name":"weather-radar-live.com","description":"Your weather and sky radar.","publisher":{"@id":"https:\/\/weather-radar-live.com\/#organization"},"potentialAction":[{"@type":"SearchAction","target":{"@type":"EntryPoint","urlTemplate":"https:\/\/weather-radar-live.com\/?s={search_term_string}"},"query-input":{"@type":"PropertyValueSpecification","valueRequired":true,"valueName":"search_term_string"}}],"inLanguage":"it-IT"},{"@type":"Organization","@id":"https:\/\/weather-radar-live.com\/#organization","name":"weather-radar-live.com","url":"https:\/\/weather-radar-live.com\/","logo":{"@type":"ImageObject","inLanguage":"it-IT","@id":"https:\/\/weather-radar-live.com\/#\/schema\/logo\/image\/","url":"https:\/\/weather-radar-live.com\/wp-content\/uploads\/2022\/03\/cropped-WRL2503.png","contentUrl":"https:\/\/weather-radar-live.com\/wp-content\/uploads\/2022\/03\/cropped-WRL2503.png","width":1920,"height":555,"caption":"weather-radar-live.com"},"image":{"@id":"https:\/\/weather-radar-live.com\/#\/schema\/logo\/image\/"}}]}},"_links":{"self":[{"href":"https:\/\/weather-radar-live.com\/it\/wp-json\/wp\/v2\/pages\/694","targetHints":{"allow":["GET"]}}],"collection":[{"href":"https:\/\/weather-radar-live.com\/it\/wp-json\/wp\/v2\/pages"}],"about":[{"href":"https:\/\/weather-radar-live.com\/it\/wp-json\/wp\/v2\/types\/page"}],"author":[{"embeddable":true,"href":"https:\/\/weather-radar-live.com\/it\/wp-json\/wp\/v2\/users\/1"}],"replies":[{"embeddable":true,"href":"https:\/\/weather-radar-live.com\/it\/wp-json\/wp\/v2\/comments?post=694"}],"version-history":[{"count":10,"href":"https:\/\/weather-radar-live.com\/it\/wp-json\/wp\/v2\/pages\/694\/revisions"}],"predecessor-version":[{"id":3834,"href":"https:\/\/weather-radar-live.com\/it\/wp-json\/wp\/v2\/pages\/694\/revisions\/3834"}],"wp:featuredmedia":[{"embeddable":true,"href":"https:\/\/weather-radar-live.com\/it\/wp-json\/wp\/v2\/media\/2955"}],"wp:attachment":[{"href":"https:\/\/weather-radar-live.com\/it\/wp-json\/wp\/v2\/media?parent=694"}],"curies":[{"name":"wp","href":"https:\/\/api.w.org\/{rel}","templated":true}]}}