{"id":6834,"date":"2022-08-18T11:22:38","date_gmt":"2022-08-18T09:22:38","guid":{"rendered":"https:\/\/weather-radar-live.com\/?page_id=6834"},"modified":"2022-08-18T11:24:03","modified_gmt":"2022-08-18T09:24:03","slug":"webcam-etna","status":"publish","type":"page","link":"https:\/\/weather-radar-live.com\/it\/webcam\/italia\/webcam-etna\/","title":{"rendered":"Webcam Etna"},"content":{"rendered":"<div id=\"weath-3985816227\" class=\"weath-vor-dem-inhalt weath-entity-placement\" style=\"margin-top: 15px;margin-right: 25px;margin-bottom: 40px;margin-left: 25px;\"><script async src=\"\/\/pagead2.googlesyndication.com\/pagead\/js\/adsbygoogle.js?client=ca-pub-8960936133935804\" crossorigin=\"anonymous\"><\/script><ins class=\"adsbygoogle\" style=\"display:block;\" data-ad-client=\"ca-pub-8960936133935804\" \ndata-ad-slot=\"6172817020\" \ndata-ad-format=\"auto\"><\/ins>\n<script> \n(adsbygoogle = window.adsbygoogle || []).push({}); \n<\/script>\n<\/div>\n<div class=\"wp-block-cover alignfull is-light\"><span aria-hidden=\"true\" class=\"wp-block-cover__gradient-background has-background-dim\"><\/span><img decoding=\"async\" class=\"wp-block-cover__image-background wp-image-342\" alt=\"Webcam Etna\" src=\"https:\/\/weather-radar-live.com\/wp-content\/uploads\/2021\/06\/sam-schooler-E9aetBe2w40-unsplash-e1622554814366.jpg\" data-object-fit=\"cover\"\/><div class=\"wp-block-cover__inner-container is-layout-flow wp-block-cover-is-layout-flow\">\n<h2 class=\"has-text-align-center heading wp-block-heading\" id=\"webcam-fort-mahon\" style=\"font-size:40px;text-transform:uppercase\"><strong><mark style=\"background-color:rgba(0, 0, 0, 0)\" class=\"has-inline-color has-base-3-color\">WEBCAM <\/mark><\/strong><br><strong><mark style=\"background-color:rgba(0, 0, 0, 0)\" class=\"has-inline-color has-base-3-color\">Etna<\/mark><\/strong><\/h2>\n<\/div><\/div>\n\n\n<div class=\"yoast-breadcrumbs\"><span><span><a href=\"https:\/\/weather-radar-live.com\/it\/\">Weather Radar Live<\/a><\/span> \u00bb <span><a href=\"https:\/\/weather-radar-live.com\/it\/webcam\/\">Webcam<\/a><\/span> \u00bb <span><a href=\"https:\/\/weather-radar-live.com\/it\/webcam\/italia\/\">Italia<\/a><\/span> \u00bb <span class=\"breadcrumb_last\" aria-current=\"page\"><strong>Webcam Etna<\/strong><\/span><\/span><\/div>\n\n\n<h2 class=\"has-text-align-center wp-block-heading\" id=\"webcam-fort-mahon\"><strong>Webcam Etna<\/strong><\/h2>\n\n\n\n<p>La nostra webcam Etna le offre immagini mozzafiato del vulcano pi\u00f9 alto d&#8217;Europa. Con un&#8217;altezza di 3357 metri, l&#8217;Etna sorge nella parte orientale della Sicilia. Il vulcano, chiamato anche affettuosamente &#8220;Mongibello&#8221;, \u00e8 un Patrimonio Naturale dell&#8217;Umanit\u00e0 ed \u00e8 anche uno dei vulcani pi\u00f9 attivi. L&#8217;Etna ha diversi crateri e occupa un&#8217;area di 1250 chilometri quadrati. La circonferenza misura 250 chilometri.<\/p>\n\n\n\n<p>L&#8217;Etna \u00e8 esposto su tutti i lati e si trova in una zona di maggiore attivit\u00e0 sismica, perch\u00e9 qui la placca africana spinge sotto la placca eurasiatica. Spesso si verificano delle fessure, dalle quali fuoriesce la lava. La lava che fuoriesce ha un carattere relativamente sottile. A differenza del Vesuvio, l&#8217;Etna non appartiene ai vulcani esplosivi, dove durante un&#8217;eruzione l&#8217;intero cono vulcanico a volte vola in aria. Infine, ma non meno importante, l&#8217;Etna, con le citt\u00e0 di Catania e Taormina, costituisce una delle principali destinazioni turistiche della Sicilia.<\/p><div id=\"weath-961695558\" class=\"weath-inhalt_2 weath-entity-placement\" style=\"margin-top: 15px;margin-right: 25px;margin-bottom: 35px;margin-left: 25px;\"><script async src=\"\/\/pagead2.googlesyndication.com\/pagead\/js\/adsbygoogle.js?client=ca-pub-8960936133935804\" crossorigin=\"anonymous\"><\/script><ins class=\"adsbygoogle\" style=\"display:block;\" data-ad-client=\"ca-pub-8960936133935804\" \ndata-ad-slot=\"1963584050\" \ndata-ad-format=\"auto\"><\/ins>\n<script> \n(adsbygoogle = window.adsbygoogle || []).push({}); \n<\/script>\n<\/div>\n\n\n\n<div class=\"wp-block-columns is-layout-flex wp-container-core-columns-is-layout-9d6595d7 wp-block-columns-is-layout-flex\">\n<div class=\"wp-block-column is-layout-flow wp-block-column-is-layout-flow\" style=\"flex-basis:25%\"><\/div>\n\n\n\n<div class=\"wp-block-column webcam-column is-layout-flow wp-block-column-is-layout-flow\">\n<h3 class=\"has-text-align-center wp-block-heading\"> \ud83d\udd34 <strong>Webcam Etna<\/strong> &#8211; Est<\/h3>\n\n\n\n<a name=\"windy-webcam-timelapse-player\" data-id=\"1642712028\" data-play=\"day\" href=\"https:\/\/windy.com\/webcams\/1642712028\" target=\"_blank\" rel=\"noopener\">Milo &#8216; Est: Etna<\/a><script async=\"\" type=\"text\/javascript\" src=\"https:\/\/webcams.windy.com\/webcams\/public\/embed\/script\/player.js\"><\/script>\n<\/div>\n\n\n\n<div class=\"wp-block-column is-layout-flow wp-block-column-is-layout-flow\" style=\"flex-basis:25%\"><\/div>\n<\/div>\n\n\n\n<h2 class=\"wp-block-heading\" id=\"fort-mahon-today\"><strong>Radar meteo Etna &#8211; Meteo sull&#8217;Etna<\/strong><\/h2>\n\n\n\n<p>Con la nostra webcam Etna e il suo radar meteorologico, sapr\u00e0 sempre in tempo reale se l&#8217;Etna sta emettendo cenere e fumo o se \u00e8 tranquillo e pu\u00f2 essere scalato nell&#8217;ambito di una visita guidata. Grazie alla nostra semplice scala di colori, pu\u00f2 vedere immediatamente sulla mappa meteorologica dove e con quale intensit\u00e0 stanno cadendo le precipitazioni e quanto forte sta soffiando il vento. Anche i temporali sono facili da riconoscere grazie al simbolo del fulmine. Nella maggior parte dei casi, tuttavia, il tempo sull&#8217;Etna \u00e8 luminoso e soleggiato.<\/p>\n\n\n\n<div class=\"wp-block-columns is-layout-flex wp-container-core-columns-is-layout-9d6595d7 wp-block-columns-is-layout-flex\">\n<div class=\"wp-block-column is-layout-flow wp-block-column-is-layout-flow\" style=\"flex-basis:75%\">\n<iframe loading=\"lazy\" width=\"1300\" height=\"502\" src=\"https:\/\/embed.windy.com\/embed2.html?lat=37.661&amp;lon=14.718&amp;detailLat=37.751&amp;detailLon=14.274&amp;width=1300&amp;height=502&amp;zoom=9&amp;level=surface&amp;overlay=rain&amp;product=ecmwf&amp;menu=&amp;message=&amp;marker=&amp;calendar=now&amp;pressure=&amp;type=map&amp;location=coordinates&amp;detail=&amp;metricWind=default&amp;metricTemp=default&amp;radarRange=-1\" frameborder=\"0\"><\/iframe>\n<\/div>\n\n\n\n<div class=\"wp-block-column is-layout-flow wp-block-column-is-layout-flow\" style=\"flex-basis:25%\">\n<a class=\"weatherwidget-io\" href=\"https:\/\/forecast7.com\/it\/37d7215d11\/milo\/\" data-label_1=\"MILO\" data-theme=\"original\" >MILO<\/a>\n<script>\n!function(d,s,id){var js,fjs=d.getElementsByTagName(s)[0];if(!d.getElementById(id)){js=d.createElement(s);js.id=id;js.src='https:\/\/weatherwidget.io\/js\/widget.min.js';fjs.parentNode.insertBefore(js,fjs);}}(document,'script','weatherwidget-io-js');\n<\/script>\n<\/div>\n<\/div>\n\n\n\n<h2 class=\"wp-block-heading\" id=\"fort-mahon-weather\"><strong>Il clima intorno all&#8217;Etna<\/strong><\/h2>\n\n\n\n<p>Grazie al fertile suolo vulcanico, i terreni intorno all&#8217;Etna sono molto fertili. Qui si coltivano soprattutto vino e agrumi. In generale, il clima \u00e8 subtropicale, con estati calde e inverni miti. Tuttavia, l&#8217;Etna ha un proprio microclima. A causa della sua notevole altitudine, qui fa pi\u00f9 freddo di circa 10-15 \u00b0C rispetto a Catania, ad esempio. La neve pu\u00f2 essere ancora presente sull&#8217;Etna fino a marzo e aprile. Al di l\u00e0 dell&#8217;Etna, le temperature estive in Sicilia vanno dai 28 ai 40 \u00b0C. Le precipitazioni sono molto scarse in estate e si concentrano nei mesi invernali. La durata del sole al giorno \u00e8 di circa sette ore. L&#8217;umidit\u00e0 dell&#8217;aria assume solitamente valori piacevoli. In media, piove 4,7 giorni al mese, ma a dicembre piove fino a nove giorni.<\/p>\n\n\n\n<h2 class=\"wp-block-heading\"><strong>Attrazioni sull&#8217;Etna<\/strong><\/h2>\n\n\n\n<p>L&#8217;Etna stesso \u00e8 la maggiore attrazione. \u00c8 meglio scalarlo nell&#8217;ambito di un tour guidato e informativo o da soli, tenendo conto delle condizioni meteorologiche prevalenti. Una strada e una funivia rendono l&#8217;Etna relativamente facile da raggiungere per i turisti. Faccia un&#8217;escursione nella Valle del Bove, sul lato est del vulcano, e visiti la Grotta del Gelo, dove si sono formati anche piccoli ghiacciai. Probabilmente la vista pi\u00f9 spettacolare dell&#8217;Etna si pu\u00f2 godere dall&#8217;anfiteatro romano nella graziosa citt\u00e0 di Taormina. Ma anche Catania, con le sue numerose chiese barocche, merita sicuramente una visita.<\/p>\n","protected":false},"excerpt":{"rendered":"<p>Webcam Etna La nostra webcam Etna le offre immagini mozzafiato del vulcano pi\u00f9 alto d&#8217;Europa. Con un&#8217;altezza di 3357 metri, l&#8217;Etna sorge nella parte orientale della Sicilia. Il vulcano, chiamato anche affettuosamente &#8220;Mongibello&#8221;, \u00e8 un Patrimonio Naturale dell&#8217;Umanit\u00e0 ed \u00e8 anche uno dei vulcani pi\u00f9 attivi. L&#8217;Etna ha diversi crateri e occupa un&#8217;area di 1250 &#8230; <a title=\"Webcam Etna\" class=\"read-more\" href=\"https:\/\/weather-radar-live.com\/it\/webcam\/italia\/webcam-etna\/\" aria-label=\"Per saperne di pi\u00f9 su Webcam Etna\">Leggi tutto<\/a><\/p>\n","protected":false},"author":1,"featured_media":6822,"parent":4310,"menu_order":0,"comment_status":"closed","ping_status":"closed","template":"","meta":{"footnotes":""},"class_list":["post-6834","page","type-page","status-publish","has-post-thumbnail"],"yoast_head":"<!-- This site is optimized with the Yoast SEO plugin v27.5 - https:\/\/yoast.com\/product\/yoast-seo-wordpress\/ -->\n<title>Webcam Etna \u2192 Guardate in diretta!<\/title>\n<meta name=\"description\" content=\"Webcam Etna | Livecam dell&#039;Etna! \u2705 Aggiornata per voi in tempo reale! \u2705 Previsioni meteo attuali!\" \/>\n<meta name=\"robots\" content=\"index, follow, max-snippet:-1, max-image-preview:large, max-video-preview:-1\" \/>\n<link rel=\"canonical\" href=\"https:\/\/weather-radar-live.com\/it\/webcam\/italia\/webcam-etna\/\" \/>\n<meta property=\"og:locale\" content=\"it_IT\" \/>\n<meta property=\"og:type\" content=\"article\" \/>\n<meta property=\"og:title\" content=\"Webcam Etna \u2192 Guardate in diretta!\" \/>\n<meta property=\"og:description\" content=\"Webcam Etna | Livecam dell&#039;Etna! \u2705 Aggiornata per voi in tempo reale! \u2705 Previsioni meteo attuali!\" \/>\n<meta property=\"og:url\" content=\"https:\/\/weather-radar-live.com\/it\/webcam\/italia\/webcam-etna\/\" \/>\n<meta property=\"og:site_name\" content=\"weather-radar-live.com\" \/>\n<meta property=\"article:modified_time\" content=\"2022-08-18T09:24:03+00:00\" \/>\n<meta property=\"og:image\" content=\"https:\/\/weather-radar-live.com\/wp-content\/uploads\/2022\/08\/Webcam-Etna-e1660747871677.jpg\" \/>\n\t<meta property=\"og:image:width\" content=\"1896\" \/>\n\t<meta property=\"og:image:height\" content=\"888\" \/>\n\t<meta property=\"og:image:type\" content=\"image\/jpeg\" \/>\n<meta name=\"twitter:card\" content=\"summary_large_image\" \/>\n<meta name=\"twitter:label1\" content=\"Tempo di lettura stimato\" \/>\n\t<meta name=\"twitter:data1\" content=\"3 minuti\" \/>\n<script type=\"application\/ld+json\" class=\"yoast-schema-graph\">{\"@context\":\"https:\\\/\\\/schema.org\",\"@graph\":[{\"@type\":\"WebPage\",\"@id\":\"https:\\\/\\\/weather-radar-live.com\\\/it\\\/webcam\\\/italia\\\/webcam-etna\\\/\",\"url\":\"https:\\\/\\\/weather-radar-live.com\\\/it\\\/webcam\\\/italia\\\/webcam-etna\\\/\",\"name\":\"Webcam Etna \u2192 Guardate in diretta!\",\"isPartOf\":{\"@id\":\"https:\\\/\\\/weather-radar-live.com\\\/#website\"},\"primaryImageOfPage\":{\"@id\":\"https:\\\/\\\/weather-radar-live.com\\\/it\\\/webcam\\\/italia\\\/webcam-etna\\\/#primaryimage\"},\"image\":{\"@id\":\"https:\\\/\\\/weather-radar-live.com\\\/it\\\/webcam\\\/italia\\\/webcam-etna\\\/#primaryimage\"},\"thumbnailUrl\":\"https:\\\/\\\/weather-radar-live.com\\\/wp-content\\\/uploads\\\/2022\\\/08\\\/Webcam-Etna-e1660747871677.jpg\",\"datePublished\":\"2022-08-18T09:22:38+00:00\",\"dateModified\":\"2022-08-18T09:24:03+00:00\",\"description\":\"Webcam Etna | Livecam dell'Etna! \u2705 Aggiornata per voi in tempo reale! \u2705 Previsioni meteo attuali!\",\"breadcrumb\":{\"@id\":\"https:\\\/\\\/weather-radar-live.com\\\/it\\\/webcam\\\/italia\\\/webcam-etna\\\/#breadcrumb\"},\"inLanguage\":\"it-IT\",\"potentialAction\":[{\"@type\":\"ReadAction\",\"target\":[\"https:\\\/\\\/weather-radar-live.com\\\/it\\\/webcam\\\/italia\\\/webcam-etna\\\/\"]}]},{\"@type\":\"ImageObject\",\"inLanguage\":\"it-IT\",\"@id\":\"https:\\\/\\\/weather-radar-live.com\\\/it\\\/webcam\\\/italia\\\/webcam-etna\\\/#primaryimage\",\"url\":\"https:\\\/\\\/weather-radar-live.com\\\/wp-content\\\/uploads\\\/2022\\\/08\\\/Webcam-Etna-e1660747871677.jpg\",\"contentUrl\":\"https:\\\/\\\/weather-radar-live.com\\\/wp-content\\\/uploads\\\/2022\\\/08\\\/Webcam-Etna-e1660747871677.jpg\",\"width\":1896,\"height\":888,\"caption\":\"Webcam Etna\"},{\"@type\":\"BreadcrumbList\",\"@id\":\"https:\\\/\\\/weather-radar-live.com\\\/it\\\/webcam\\\/italia\\\/webcam-etna\\\/#breadcrumb\",\"itemListElement\":[{\"@type\":\"ListItem\",\"position\":1,\"name\":\"Weather Radar Live\",\"item\":\"https:\\\/\\\/weather-radar-live.com\\\/it\\\/\"},{\"@type\":\"ListItem\",\"position\":2,\"name\":\"Webcam\",\"item\":\"https:\\\/\\\/weather-radar-live.com\\\/it\\\/webcam\\\/\"},{\"@type\":\"ListItem\",\"position\":3,\"name\":\"Italia\",\"item\":\"https:\\\/\\\/weather-radar-live.com\\\/it\\\/webcam\\\/italia\\\/\"},{\"@type\":\"ListItem\",\"position\":4,\"name\":\"Webcam Etna\"}]},{\"@type\":\"WebSite\",\"@id\":\"https:\\\/\\\/weather-radar-live.com\\\/#website\",\"url\":\"https:\\\/\\\/weather-radar-live.com\\\/\",\"name\":\"weather-radar-live.com\",\"description\":\"Your weather and sky radar.\",\"publisher\":{\"@id\":\"https:\\\/\\\/weather-radar-live.com\\\/#organization\"},\"potentialAction\":[{\"@type\":\"SearchAction\",\"target\":{\"@type\":\"EntryPoint\",\"urlTemplate\":\"https:\\\/\\\/weather-radar-live.com\\\/?s={search_term_string}\"},\"query-input\":{\"@type\":\"PropertyValueSpecification\",\"valueRequired\":true,\"valueName\":\"search_term_string\"}}],\"inLanguage\":\"it-IT\"},{\"@type\":\"Organization\",\"@id\":\"https:\\\/\\\/weather-radar-live.com\\\/#organization\",\"name\":\"weather-radar-live.com\",\"url\":\"https:\\\/\\\/weather-radar-live.com\\\/\",\"logo\":{\"@type\":\"ImageObject\",\"inLanguage\":\"it-IT\",\"@id\":\"https:\\\/\\\/weather-radar-live.com\\\/#\\\/schema\\\/logo\\\/image\\\/\",\"url\":\"https:\\\/\\\/weather-radar-live.com\\\/wp-content\\\/uploads\\\/2022\\\/03\\\/cropped-WRL2503.png\",\"contentUrl\":\"https:\\\/\\\/weather-radar-live.com\\\/wp-content\\\/uploads\\\/2022\\\/03\\\/cropped-WRL2503.png\",\"width\":1920,\"height\":555,\"caption\":\"weather-radar-live.com\"},\"image\":{\"@id\":\"https:\\\/\\\/weather-radar-live.com\\\/#\\\/schema\\\/logo\\\/image\\\/\"}}]}<\/script>\n<!-- \/ Yoast SEO plugin. -->","yoast_head_json":{"title":"Webcam Etna \u2192 Guardate in diretta!","description":"Webcam Etna | Livecam dell'Etna! \u2705 Aggiornata per voi in tempo reale! \u2705 Previsioni meteo attuali!","robots":{"index":"index","follow":"follow","max-snippet":"max-snippet:-1","max-image-preview":"max-image-preview:large","max-video-preview":"max-video-preview:-1"},"canonical":"https:\/\/weather-radar-live.com\/it\/webcam\/italia\/webcam-etna\/","og_locale":"it_IT","og_type":"article","og_title":"Webcam Etna \u2192 Guardate in diretta!","og_description":"Webcam Etna | Livecam dell'Etna! \u2705 Aggiornata per voi in tempo reale! \u2705 Previsioni meteo attuali!","og_url":"https:\/\/weather-radar-live.com\/it\/webcam\/italia\/webcam-etna\/","og_site_name":"weather-radar-live.com","article_modified_time":"2022-08-18T09:24:03+00:00","og_image":[{"width":1896,"height":888,"url":"https:\/\/weather-radar-live.com\/wp-content\/uploads\/2022\/08\/Webcam-Etna-e1660747871677.jpg","type":"image\/jpeg"}],"twitter_card":"summary_large_image","twitter_misc":{"Tempo di lettura stimato":"3 minuti"},"schema":{"@context":"https:\/\/schema.org","@graph":[{"@type":"WebPage","@id":"https:\/\/weather-radar-live.com\/it\/webcam\/italia\/webcam-etna\/","url":"https:\/\/weather-radar-live.com\/it\/webcam\/italia\/webcam-etna\/","name":"Webcam Etna \u2192 Guardate in diretta!","isPartOf":{"@id":"https:\/\/weather-radar-live.com\/#website"},"primaryImageOfPage":{"@id":"https:\/\/weather-radar-live.com\/it\/webcam\/italia\/webcam-etna\/#primaryimage"},"image":{"@id":"https:\/\/weather-radar-live.com\/it\/webcam\/italia\/webcam-etna\/#primaryimage"},"thumbnailUrl":"https:\/\/weather-radar-live.com\/wp-content\/uploads\/2022\/08\/Webcam-Etna-e1660747871677.jpg","datePublished":"2022-08-18T09:22:38+00:00","dateModified":"2022-08-18T09:24:03+00:00","description":"Webcam Etna | Livecam dell'Etna! \u2705 Aggiornata per voi in tempo reale! \u2705 Previsioni meteo attuali!","breadcrumb":{"@id":"https:\/\/weather-radar-live.com\/it\/webcam\/italia\/webcam-etna\/#breadcrumb"},"inLanguage":"it-IT","potentialAction":[{"@type":"ReadAction","target":["https:\/\/weather-radar-live.com\/it\/webcam\/italia\/webcam-etna\/"]}]},{"@type":"ImageObject","inLanguage":"it-IT","@id":"https:\/\/weather-radar-live.com\/it\/webcam\/italia\/webcam-etna\/#primaryimage","url":"https:\/\/weather-radar-live.com\/wp-content\/uploads\/2022\/08\/Webcam-Etna-e1660747871677.jpg","contentUrl":"https:\/\/weather-radar-live.com\/wp-content\/uploads\/2022\/08\/Webcam-Etna-e1660747871677.jpg","width":1896,"height":888,"caption":"Webcam Etna"},{"@type":"BreadcrumbList","@id":"https:\/\/weather-radar-live.com\/it\/webcam\/italia\/webcam-etna\/#breadcrumb","itemListElement":[{"@type":"ListItem","position":1,"name":"Weather Radar Live","item":"https:\/\/weather-radar-live.com\/it\/"},{"@type":"ListItem","position":2,"name":"Webcam","item":"https:\/\/weather-radar-live.com\/it\/webcam\/"},{"@type":"ListItem","position":3,"name":"Italia","item":"https:\/\/weather-radar-live.com\/it\/webcam\/italia\/"},{"@type":"ListItem","position":4,"name":"Webcam Etna"}]},{"@type":"WebSite","@id":"https:\/\/weather-radar-live.com\/#website","url":"https:\/\/weather-radar-live.com\/","name":"weather-radar-live.com","description":"Your weather and sky radar.","publisher":{"@id":"https:\/\/weather-radar-live.com\/#organization"},"potentialAction":[{"@type":"SearchAction","target":{"@type":"EntryPoint","urlTemplate":"https:\/\/weather-radar-live.com\/?s={search_term_string}"},"query-input":{"@type":"PropertyValueSpecification","valueRequired":true,"valueName":"search_term_string"}}],"inLanguage":"it-IT"},{"@type":"Organization","@id":"https:\/\/weather-radar-live.com\/#organization","name":"weather-radar-live.com","url":"https:\/\/weather-radar-live.com\/","logo":{"@type":"ImageObject","inLanguage":"it-IT","@id":"https:\/\/weather-radar-live.com\/#\/schema\/logo\/image\/","url":"https:\/\/weather-radar-live.com\/wp-content\/uploads\/2022\/03\/cropped-WRL2503.png","contentUrl":"https:\/\/weather-radar-live.com\/wp-content\/uploads\/2022\/03\/cropped-WRL2503.png","width":1920,"height":555,"caption":"weather-radar-live.com"},"image":{"@id":"https:\/\/weather-radar-live.com\/#\/schema\/logo\/image\/"}}]}},"_links":{"self":[{"href":"https:\/\/weather-radar-live.com\/it\/wp-json\/wp\/v2\/pages\/6834","targetHints":{"allow":["GET"]}}],"collection":[{"href":"https:\/\/weather-radar-live.com\/it\/wp-json\/wp\/v2\/pages"}],"about":[{"href":"https:\/\/weather-radar-live.com\/it\/wp-json\/wp\/v2\/types\/page"}],"author":[{"embeddable":true,"href":"https:\/\/weather-radar-live.com\/it\/wp-json\/wp\/v2\/users\/1"}],"replies":[{"embeddable":true,"href":"https:\/\/weather-radar-live.com\/it\/wp-json\/wp\/v2\/comments?post=6834"}],"version-history":[{"count":2,"href":"https:\/\/weather-radar-live.com\/it\/wp-json\/wp\/v2\/pages\/6834\/revisions"}],"predecessor-version":[{"id":6855,"href":"https:\/\/weather-radar-live.com\/it\/wp-json\/wp\/v2\/pages\/6834\/revisions\/6855"}],"up":[{"embeddable":true,"href":"https:\/\/weather-radar-live.com\/it\/wp-json\/wp\/v2\/pages\/4310"}],"wp:featuredmedia":[{"embeddable":true,"href":"https:\/\/weather-radar-live.com\/it\/wp-json\/wp\/v2\/media\/6822"}],"wp:attachment":[{"href":"https:\/\/weather-radar-live.com\/it\/wp-json\/wp\/v2\/media?parent=6834"}],"curies":[{"name":"wp","href":"https:\/\/api.w.org\/{rel}","templated":true}]}}