{"id":6699,"date":"2022-08-15T15:27:09","date_gmt":"2022-08-15T13:27:09","guid":{"rendered":"https:\/\/weather-radar-live.com\/?page_id=6699"},"modified":"2022-08-15T15:28:47","modified_gmt":"2022-08-15T13:28:47","slug":"webcam-sottomarina","status":"publish","type":"page","link":"https:\/\/weather-radar-live.com\/it\/webcam\/italia\/webcam-sottomarina\/","title":{"rendered":"Webcam Sottomarina"},"content":{"rendered":"<div id=\"weath-2874524522\" class=\"weath-vor-dem-inhalt weath-entity-placement\" style=\"margin-top: 15px;margin-right: 25px;margin-bottom: 40px;margin-left: 25px;\"><script async src=\"\/\/pagead2.googlesyndication.com\/pagead\/js\/adsbygoogle.js?client=ca-pub-8960936133935804\" crossorigin=\"anonymous\"><\/script><ins class=\"adsbygoogle\" style=\"display:block;\" data-ad-client=\"ca-pub-8960936133935804\" \ndata-ad-slot=\"6172817020\" \ndata-ad-format=\"auto\"><\/ins>\n<script> \n(adsbygoogle = window.adsbygoogle || []).push({}); \n<\/script>\n<\/div>\n<div class=\"wp-block-cover alignfull is-light\"><span aria-hidden=\"true\" class=\"wp-block-cover__gradient-background has-background-dim\"><\/span><img decoding=\"async\" class=\"wp-block-cover__image-background wp-image-342\" alt=\"Webcam Sottomarina\" src=\"https:\/\/weather-radar-live.com\/wp-content\/uploads\/2021\/06\/sam-schooler-E9aetBe2w40-unsplash-e1622554814366.jpg\" data-object-fit=\"cover\"\/><div class=\"wp-block-cover__inner-container is-layout-flow wp-block-cover-is-layout-flow\">\n<h2 class=\"has-text-align-center heading wp-block-heading\" id=\"webcam-fort-mahon\" style=\"font-size:40px;text-transform:uppercase\"><strong><mark style=\"background-color:rgba(0, 0, 0, 0)\" class=\"has-inline-color has-base-3-color\">WEBCAM <\/mark><\/strong><br><strong><mark style=\"background-color:rgba(0, 0, 0, 0)\" class=\"has-inline-color has-base-3-color\">Sottomarina<\/mark><\/strong><\/h2>\n<\/div><\/div>\n\n\n<div class=\"yoast-breadcrumbs\"><span><span><a href=\"https:\/\/weather-radar-live.com\/it\/\">Weather Radar Live<\/a><\/span> \u00bb <span><a href=\"https:\/\/weather-radar-live.com\/it\/webcam\/\">Webcam<\/a><\/span> \u00bb <span><a href=\"https:\/\/weather-radar-live.com\/it\/webcam\/italia\/\">Italia<\/a><\/span> \u00bb <span class=\"breadcrumb_last\" aria-current=\"page\"><strong>Webcam Sottomarina<\/strong><\/span><\/span><\/div>\n\n\n<h2 class=\"has-text-align-center wp-block-heading\" id=\"webcam-fort-mahon\"><strong>Webcam Sottomarina<\/strong><\/h2>\n\n\n\n<p>Sottomarina confina con una spiaggia sabbiosa con noleggio di lettini e bar dall&#8217;atmosfera rilassante. Ci sono scivoli e piscine presso il parco acquatico Bagni Europa Acquaparco Idrofollie. I ristoranti sul lungomare servono pesce pescato localmente e i locali suonano musica latina dopo il tramonto. Non lontano dal porto turistico di San Felice si trova l&#8217;omonima fortezza medievale a forma di stella. Nella zona si trovano anche alcuni campeggi. Con la nostra webcam Sottomarina pu\u00f2 seguire la vita della popolare localit\u00e0 balneare italiana comodamente da casa sua.<\/p>\n\n\n\n<p>Sottomarina, frazione di Chioggia, \u00e8 una delle localit\u00e0 balneari pi\u00f9 popolari della costa adriatica settentrionale. La spiaggia di Sottomarina si estende a nord dalla Diga di San Felice a sud fino alla Diga sul Brenta. Questa esclusiva localit\u00e0 balneare offre relax e comfort. A Sottomarina pu\u00f2 trascorrere una vacanza all&#8217;insegna del benessere e praticare diverse attivit\u00e0 sportive. Se ha un cane, pu\u00f2 portarlo nella localit\u00e0 balneare, in quanto sono previste zone speciali per gli amici a quattro zampe. Sulla costa atlantica ci sono diversi parchi di divertimento e parchi acquatici che le offrono un ricco programma di svago dalla mattina alla sera. Inoltre, sul lungomare trover\u00e0 numerosi ristoranti che la tenteranno con ogni tipo di cibo.<\/p><div id=\"weath-1134701464\" class=\"weath-inhalt_2 weath-entity-placement\" style=\"margin-top: 15px;margin-right: 25px;margin-bottom: 35px;margin-left: 25px;\"><script async src=\"\/\/pagead2.googlesyndication.com\/pagead\/js\/adsbygoogle.js?client=ca-pub-8960936133935804\" crossorigin=\"anonymous\"><\/script><ins class=\"adsbygoogle\" style=\"display:block;\" data-ad-client=\"ca-pub-8960936133935804\" \ndata-ad-slot=\"1963584050\" \ndata-ad-format=\"auto\"><\/ins>\n<script> \n(adsbygoogle = window.adsbygoogle || []).push({}); \n<\/script>\n<\/div>\n\n\n\n<div class=\"wp-block-columns is-layout-flex wp-container-core-columns-is-layout-9d6595d7 wp-block-columns-is-layout-flex\">\n<div class=\"wp-block-column webcam-column is-layout-flow wp-block-column-is-layout-flow\">\n<h3 class=\"has-text-align-center wp-block-heading\"> \ud83d\udd34 <strong>Webcam<\/strong> <strong><strong><strong>Sottomarina<\/strong><\/strong><\/strong> &#8211; Hotel Park Chioggia<\/h3>\n\n\n\n<figure class=\"wp-block-embed is-type-video is-provider-youtube wp-block-embed-youtube wp-embed-aspect-16-9 wp-has-aspect-ratio\"><div class=\"wp-block-embed__wrapper\">\n<iframe loading=\"lazy\" title=\"\ud83d\udd34 Chioggia Sottomarina Live Webcam - Live Streaming from Hotel Park Chioggia (Venice) - Live HD\" width=\"1200\" height=\"675\" src=\"https:\/\/www.youtube.com\/embed\/1pf1qjYpHlY?feature=oembed\" frameborder=\"0\" allow=\"accelerometer; autoplay; clipboard-write; encrypted-media; gyroscope; picture-in-picture\" allowfullscreen><\/iframe>\n<\/div><\/figure>\n<\/div>\n\n\n\n<div class=\"wp-block-column webcam-column is-layout-flow wp-block-column-is-layout-flow\">\n<h3 class=\"has-text-align-center wp-block-heading\"> \ud83d\udd34 <strong>Webcam <strong><strong>Sottomarina<\/strong><\/strong><\/strong> &#8211; Bagni Miki<\/h3>\n\n\n\n<figure class=\"wp-block-embed is-type-video is-provider-youtube wp-block-embed-youtube wp-embed-aspect-16-9 wp-has-aspect-ratio\"><div class=\"wp-block-embed__wrapper\">\n<iframe loading=\"lazy\" title=\"\ud83d\udd34 Bagni Miki - Chioggia Sottomarina (Venezia) - Live Full HD\" width=\"1200\" height=\"675\" src=\"https:\/\/www.youtube.com\/embed\/hMqdGiuzlP0?feature=oembed\" frameborder=\"0\" allow=\"accelerometer; autoplay; clipboard-write; encrypted-media; gyroscope; picture-in-picture\" allowfullscreen><\/iframe>\n<\/div><\/figure>\n<\/div>\n<\/div>\n\n\n\n<div class=\"wp-block-columns is-layout-flex wp-container-core-columns-is-layout-9d6595d7 wp-block-columns-is-layout-flex\">\n<div class=\"wp-block-column webcam-column is-layout-flow wp-block-column-is-layout-flow\">\n<h3 class=\"has-text-align-center wp-block-heading\"> \ud83d\udd34 <strong>Webcam<\/strong> <strong><strong><strong>Sottomarina<\/strong><\/strong><\/strong> &#8211; Chioggia<\/h3>\n\n\n\n<figure class=\"wp-block-embed is-type-video is-provider-youtube wp-block-embed-youtube wp-embed-aspect-16-9 wp-has-aspect-ratio\"><div class=\"wp-block-embed__wrapper\">\n<iframe loading=\"lazy\" title=\"\ud83d\udd34 Webcam - Live Streaming from Chioggia Sottomarina (Venezia) - Live HD\" width=\"1200\" height=\"675\" src=\"https:\/\/www.youtube.com\/embed\/rcm6kmLUggg?feature=oembed\" frameborder=\"0\" allow=\"accelerometer; autoplay; clipboard-write; encrypted-media; gyroscope; picture-in-picture\" allowfullscreen><\/iframe>\n<\/div><\/figure>\n<\/div>\n\n\n\n<div class=\"wp-block-column webcam-column is-layout-flow wp-block-column-is-layout-flow\">\n<h3 class=\"has-text-align-center wp-block-heading\"> \ud83d\udd34 <strong>Webcam <strong><strong><strong><strong><strong>Sottomarina<\/strong><\/strong><\/strong><\/strong><\/strong><\/strong> &#8211; Spiaggia di Sottomarina<\/h3>\n\n\n\n<a name=\"windy-webcam-timelapse-player\" data-id=\"1462747477\" data-play=\"day\" href=\"https:\/\/windy.com\/webcams\/1462747477\" target=\"_blank\" rel=\"noopener\">Chioggia: Sottomarina &#8211; Spiaggia di Sottomarina<\/a><script async=\"\" type=\"text\/javascript\" src=\"https:\/\/webcams.windy.com\/webcams\/public\/embed\/script\/player.js\"><\/script>\n<\/div>\n<\/div>\n\n\n\n<h2 class=\"wp-block-heading\" id=\"fort-mahon-today\"><strong>Radar meteo Sottomarina &#8211; Il meteo a Sottomarina<\/strong><\/h2>\n\n\n\n<p>La webcam Sottomarina non solo le offre un&#8217;eccellente visione del tempo attraverso le immagini in diretta, ma le fornisce anche uno speciale radar meteo. Con il radar meteorologico \u00e8 sempre aggiornato su come cambier\u00e0 il tempo a Sottomarina nel prossimo futuro. Il radar della webcam mostra le aree in cui le precipitazioni stanno cadendo in diversi colori. I toni del verde e del blu indicano che sono previste solo precipitazioni leggere. Il viola e il rosso, invece, rappresentano quantit\u00e0 molto elevate di precipitazioni. Se si prevede un temporale, il radar meteorologico visualizza un piccolo simbolo di fulmine.<\/p>\n\n\n\n<div class=\"wp-block-columns is-layout-flex wp-container-core-columns-is-layout-9d6595d7 wp-block-columns-is-layout-flex\">\n<div class=\"wp-block-column is-layout-flow wp-block-column-is-layout-flow\" style=\"flex-basis:75%\">\n<iframe loading=\"lazy\" width=\"1300\" height=\"502\" src=\"https:\/\/embed.windy.com\/embed2.html?lat=45.216&amp;lon=12.337&amp;detailLat=49.456&amp;detailLon=11.106&amp;width=1300&amp;height=502&amp;zoom=10&amp;level=surface&amp;overlay=radar&amp;product=radar&amp;menu=&amp;message=&amp;marker=&amp;calendar=now&amp;pressure=&amp;type=map&amp;location=coordinates&amp;detail=&amp;metricWind=default&amp;metricTemp=default&amp;radarRange=-1\" frameborder=\"0\"><\/iframe>\n<\/div>\n\n\n\n<div class=\"wp-block-column is-layout-flow wp-block-column-is-layout-flow\" style=\"flex-basis:25%\">\n<a class=\"weatherwidget-io\" href=\"https:\/\/forecast7.com\/it\/45d2112d29\/sottomarina\/\" data-label_1=\"SOTTOMARINA\" data-theme=\"original\" >SOTTOMARINA<\/a>\n<script>\n!function(d,s,id){var js,fjs=d.getElementsByTagName(s)[0];if(!d.getElementById(id)){js=d.createElement(s);js.id=id;js.src='https:\/\/weatherwidget.io\/js\/widget.min.js';fjs.parentNode.insertBefore(js,fjs);}}(document,'script','weatherwidget-io-js');\n<\/script>\n<\/div>\n<\/div>\n\n\n\n<h2 class=\"wp-block-heading\" id=\"fort-mahon-weather\"><strong>Il clima a Sottomarina<\/strong><\/h2>\n\n\n\n<p>Le condizioni climatiche di Sottomarina possono essere descritte come clima mediterraneo con estate calda. Situata nell&#8217;emisfero settentrionale, la localit\u00e0 balneare ha la sua estate da giugno ad agosto. La temperatura dell&#8217;acqua raggiunge i 26 \u00b0C in estate. Le ore di sole a Sottomarina, Italia, sono circa 3.008 all&#8217;anno. L&#8217;umidit\u00e0 \u00e8 massima a gennaio, con l&#8217;81%. A giugno\/luglio, invece, l&#8217;umidit\u00e0 relativa non supera solitamente il 50 percento. Il mese pi\u00f9 freddo \u00e8 gennaio, con una media di 2 gradi centigradi. A luglio, le temperature si aggirano intorno ai 29\u00b0C.<\/p>\n\n\n\n<h2 class=\"wp-block-heading\"><strong>Attrazioni a Sottomarina<\/strong><\/h2>\n\n\n\n<p>A Sottomarina pu\u00f2 aspettarsi oltre dieci chilometri di spiagge e diverse passeggiate sul lungomare. Se desidera praticare degli sport, il kitesurf e il windsurf sono perfetti per lei. O che ne dice di noleggiare uno yacht nel porto e navigare nel bellissimo Mare Adriatico? Se preferisce rimanere sulla terraferma, le consigliamo di visitare il Mercato del Pesce, un tradizionale mercato del pesce che si tiene regolarmente nel centro della citt\u00e0. Dovrebbe anche prendere in considerazione la visita al Museo dell&#8217;Orologio o al Museo di Zoologia Adriatica, un&#8217;esposizione dove potr\u00e0 immergersi nel mondo del mare.<\/p>\n","protected":false},"excerpt":{"rendered":"<p>Webcam Sottomarina Sottomarina confina con una spiaggia sabbiosa con noleggio di lettini e bar dall&#8217;atmosfera rilassante. Ci sono scivoli e piscine presso il parco acquatico Bagni Europa Acquaparco Idrofollie. I ristoranti sul lungomare servono pesce pescato localmente e i locali suonano musica latina dopo il tramonto. Non lontano dal porto turistico di San Felice si &#8230; <a title=\"Webcam Sottomarina\" class=\"read-more\" href=\"https:\/\/weather-radar-live.com\/it\/webcam\/italia\/webcam-sottomarina\/\" aria-label=\"Per saperne di pi\u00f9 su Webcam Sottomarina\">Leggi tutto<\/a><\/p>\n","protected":false},"author":1,"featured_media":6684,"parent":4310,"menu_order":0,"comment_status":"closed","ping_status":"closed","template":"","meta":{"footnotes":""},"class_list":["post-6699","page","type-page","status-publish","has-post-thumbnail"],"yoast_head":"<!-- This site is optimized with the Yoast SEO plugin v27.4 - https:\/\/yoast.com\/product\/yoast-seo-wordpress\/ -->\n<title>Webcam Sottomarina \u2192 Guardate in diretta!<\/title>\n<meta name=\"description\" content=\"Webcam Sottomarina | Livecam di Sottomarina! \u2705 Aggiornata per voi in tempo reale! \u2705 Previsioni meteo attuali!\" \/>\n<meta name=\"robots\" content=\"index, follow, max-snippet:-1, max-image-preview:large, max-video-preview:-1\" \/>\n<link rel=\"canonical\" href=\"https:\/\/weather-radar-live.com\/it\/webcam\/italia\/webcam-sottomarina\/\" \/>\n<meta property=\"og:locale\" content=\"it_IT\" \/>\n<meta property=\"og:type\" content=\"article\" \/>\n<meta property=\"og:title\" content=\"Webcam Sottomarina \u2192 Guardate in diretta!\" \/>\n<meta property=\"og:description\" content=\"Webcam Sottomarina | Livecam di Sottomarina! \u2705 Aggiornata per voi in tempo reale! \u2705 Previsioni meteo attuali!\" \/>\n<meta property=\"og:url\" content=\"https:\/\/weather-radar-live.com\/it\/webcam\/italia\/webcam-sottomarina\/\" \/>\n<meta property=\"og:site_name\" content=\"weather-radar-live.com\" \/>\n<meta property=\"article:modified_time\" content=\"2022-08-15T13:28:47+00:00\" \/>\n<meta property=\"og:image\" content=\"https:\/\/weather-radar-live.com\/wp-content\/uploads\/2022\/08\/Webcam-Sottomarina-e1660568507794.jpg\" \/>\n\t<meta property=\"og:image:width\" content=\"375\" \/>\n\t<meta property=\"og:image:height\" content=\"246\" \/>\n\t<meta property=\"og:image:type\" content=\"image\/jpeg\" \/>\n<meta name=\"twitter:card\" content=\"summary_large_image\" \/>\n<meta name=\"twitter:label1\" content=\"Tempo di lettura stimato\" \/>\n\t<meta name=\"twitter:data1\" content=\"3 minuti\" \/>\n<script type=\"application\/ld+json\" class=\"yoast-schema-graph\">{\"@context\":\"https:\\\/\\\/schema.org\",\"@graph\":[{\"@type\":\"WebPage\",\"@id\":\"https:\\\/\\\/weather-radar-live.com\\\/it\\\/webcam\\\/italia\\\/webcam-sottomarina\\\/\",\"url\":\"https:\\\/\\\/weather-radar-live.com\\\/it\\\/webcam\\\/italia\\\/webcam-sottomarina\\\/\",\"name\":\"Webcam Sottomarina \u2192 Guardate in diretta!\",\"isPartOf\":{\"@id\":\"https:\\\/\\\/weather-radar-live.com\\\/#website\"},\"primaryImageOfPage\":{\"@id\":\"https:\\\/\\\/weather-radar-live.com\\\/it\\\/webcam\\\/italia\\\/webcam-sottomarina\\\/#primaryimage\"},\"image\":{\"@id\":\"https:\\\/\\\/weather-radar-live.com\\\/it\\\/webcam\\\/italia\\\/webcam-sottomarina\\\/#primaryimage\"},\"thumbnailUrl\":\"https:\\\/\\\/weather-radar-live.com\\\/wp-content\\\/uploads\\\/2022\\\/08\\\/Webcam-Sottomarina-e1660568507794.jpg\",\"datePublished\":\"2022-08-15T13:27:09+00:00\",\"dateModified\":\"2022-08-15T13:28:47+00:00\",\"description\":\"Webcam Sottomarina | Livecam di Sottomarina! \u2705 Aggiornata per voi in tempo reale! \u2705 Previsioni meteo attuali!\",\"breadcrumb\":{\"@id\":\"https:\\\/\\\/weather-radar-live.com\\\/it\\\/webcam\\\/italia\\\/webcam-sottomarina\\\/#breadcrumb\"},\"inLanguage\":\"it-IT\",\"potentialAction\":[{\"@type\":\"ReadAction\",\"target\":[\"https:\\\/\\\/weather-radar-live.com\\\/it\\\/webcam\\\/italia\\\/webcam-sottomarina\\\/\"]}]},{\"@type\":\"ImageObject\",\"inLanguage\":\"it-IT\",\"@id\":\"https:\\\/\\\/weather-radar-live.com\\\/it\\\/webcam\\\/italia\\\/webcam-sottomarina\\\/#primaryimage\",\"url\":\"https:\\\/\\\/weather-radar-live.com\\\/wp-content\\\/uploads\\\/2022\\\/08\\\/Webcam-Sottomarina-e1660568507794.jpg\",\"contentUrl\":\"https:\\\/\\\/weather-radar-live.com\\\/wp-content\\\/uploads\\\/2022\\\/08\\\/Webcam-Sottomarina-e1660568507794.jpg\",\"width\":375,\"height\":246,\"caption\":\"Webcam-Sottomarina\"},{\"@type\":\"BreadcrumbList\",\"@id\":\"https:\\\/\\\/weather-radar-live.com\\\/it\\\/webcam\\\/italia\\\/webcam-sottomarina\\\/#breadcrumb\",\"itemListElement\":[{\"@type\":\"ListItem\",\"position\":1,\"name\":\"Weather Radar Live\",\"item\":\"https:\\\/\\\/weather-radar-live.com\\\/it\\\/\"},{\"@type\":\"ListItem\",\"position\":2,\"name\":\"Webcam\",\"item\":\"https:\\\/\\\/weather-radar-live.com\\\/it\\\/webcam\\\/\"},{\"@type\":\"ListItem\",\"position\":3,\"name\":\"Italia\",\"item\":\"https:\\\/\\\/weather-radar-live.com\\\/it\\\/webcam\\\/italia\\\/\"},{\"@type\":\"ListItem\",\"position\":4,\"name\":\"Webcam Sottomarina\"}]},{\"@type\":\"WebSite\",\"@id\":\"https:\\\/\\\/weather-radar-live.com\\\/#website\",\"url\":\"https:\\\/\\\/weather-radar-live.com\\\/\",\"name\":\"weather-radar-live.com\",\"description\":\"Your weather and sky radar.\",\"publisher\":{\"@id\":\"https:\\\/\\\/weather-radar-live.com\\\/#organization\"},\"potentialAction\":[{\"@type\":\"SearchAction\",\"target\":{\"@type\":\"EntryPoint\",\"urlTemplate\":\"https:\\\/\\\/weather-radar-live.com\\\/?s={search_term_string}\"},\"query-input\":{\"@type\":\"PropertyValueSpecification\",\"valueRequired\":true,\"valueName\":\"search_term_string\"}}],\"inLanguage\":\"it-IT\"},{\"@type\":\"Organization\",\"@id\":\"https:\\\/\\\/weather-radar-live.com\\\/#organization\",\"name\":\"weather-radar-live.com\",\"url\":\"https:\\\/\\\/weather-radar-live.com\\\/\",\"logo\":{\"@type\":\"ImageObject\",\"inLanguage\":\"it-IT\",\"@id\":\"https:\\\/\\\/weather-radar-live.com\\\/#\\\/schema\\\/logo\\\/image\\\/\",\"url\":\"https:\\\/\\\/weather-radar-live.com\\\/wp-content\\\/uploads\\\/2022\\\/03\\\/cropped-WRL2503.png\",\"contentUrl\":\"https:\\\/\\\/weather-radar-live.com\\\/wp-content\\\/uploads\\\/2022\\\/03\\\/cropped-WRL2503.png\",\"width\":1920,\"height\":555,\"caption\":\"weather-radar-live.com\"},\"image\":{\"@id\":\"https:\\\/\\\/weather-radar-live.com\\\/#\\\/schema\\\/logo\\\/image\\\/\"}}]}<\/script>\n<!-- \/ Yoast SEO plugin. -->","yoast_head_json":{"title":"Webcam Sottomarina \u2192 Guardate in diretta!","description":"Webcam Sottomarina | Livecam di Sottomarina! \u2705 Aggiornata per voi in tempo reale! \u2705 Previsioni meteo attuali!","robots":{"index":"index","follow":"follow","max-snippet":"max-snippet:-1","max-image-preview":"max-image-preview:large","max-video-preview":"max-video-preview:-1"},"canonical":"https:\/\/weather-radar-live.com\/it\/webcam\/italia\/webcam-sottomarina\/","og_locale":"it_IT","og_type":"article","og_title":"Webcam Sottomarina \u2192 Guardate in diretta!","og_description":"Webcam Sottomarina | Livecam di Sottomarina! \u2705 Aggiornata per voi in tempo reale! \u2705 Previsioni meteo attuali!","og_url":"https:\/\/weather-radar-live.com\/it\/webcam\/italia\/webcam-sottomarina\/","og_site_name":"weather-radar-live.com","article_modified_time":"2022-08-15T13:28:47+00:00","og_image":[{"width":375,"height":246,"url":"https:\/\/weather-radar-live.com\/wp-content\/uploads\/2022\/08\/Webcam-Sottomarina-e1660568507794.jpg","type":"image\/jpeg"}],"twitter_card":"summary_large_image","twitter_misc":{"Tempo di lettura stimato":"3 minuti"},"schema":{"@context":"https:\/\/schema.org","@graph":[{"@type":"WebPage","@id":"https:\/\/weather-radar-live.com\/it\/webcam\/italia\/webcam-sottomarina\/","url":"https:\/\/weather-radar-live.com\/it\/webcam\/italia\/webcam-sottomarina\/","name":"Webcam Sottomarina \u2192 Guardate in diretta!","isPartOf":{"@id":"https:\/\/weather-radar-live.com\/#website"},"primaryImageOfPage":{"@id":"https:\/\/weather-radar-live.com\/it\/webcam\/italia\/webcam-sottomarina\/#primaryimage"},"image":{"@id":"https:\/\/weather-radar-live.com\/it\/webcam\/italia\/webcam-sottomarina\/#primaryimage"},"thumbnailUrl":"https:\/\/weather-radar-live.com\/wp-content\/uploads\/2022\/08\/Webcam-Sottomarina-e1660568507794.jpg","datePublished":"2022-08-15T13:27:09+00:00","dateModified":"2022-08-15T13:28:47+00:00","description":"Webcam Sottomarina | Livecam di Sottomarina! \u2705 Aggiornata per voi in tempo reale! \u2705 Previsioni meteo attuali!","breadcrumb":{"@id":"https:\/\/weather-radar-live.com\/it\/webcam\/italia\/webcam-sottomarina\/#breadcrumb"},"inLanguage":"it-IT","potentialAction":[{"@type":"ReadAction","target":["https:\/\/weather-radar-live.com\/it\/webcam\/italia\/webcam-sottomarina\/"]}]},{"@type":"ImageObject","inLanguage":"it-IT","@id":"https:\/\/weather-radar-live.com\/it\/webcam\/italia\/webcam-sottomarina\/#primaryimage","url":"https:\/\/weather-radar-live.com\/wp-content\/uploads\/2022\/08\/Webcam-Sottomarina-e1660568507794.jpg","contentUrl":"https:\/\/weather-radar-live.com\/wp-content\/uploads\/2022\/08\/Webcam-Sottomarina-e1660568507794.jpg","width":375,"height":246,"caption":"Webcam-Sottomarina"},{"@type":"BreadcrumbList","@id":"https:\/\/weather-radar-live.com\/it\/webcam\/italia\/webcam-sottomarina\/#breadcrumb","itemListElement":[{"@type":"ListItem","position":1,"name":"Weather Radar Live","item":"https:\/\/weather-radar-live.com\/it\/"},{"@type":"ListItem","position":2,"name":"Webcam","item":"https:\/\/weather-radar-live.com\/it\/webcam\/"},{"@type":"ListItem","position":3,"name":"Italia","item":"https:\/\/weather-radar-live.com\/it\/webcam\/italia\/"},{"@type":"ListItem","position":4,"name":"Webcam Sottomarina"}]},{"@type":"WebSite","@id":"https:\/\/weather-radar-live.com\/#website","url":"https:\/\/weather-radar-live.com\/","name":"weather-radar-live.com","description":"Your weather and sky radar.","publisher":{"@id":"https:\/\/weather-radar-live.com\/#organization"},"potentialAction":[{"@type":"SearchAction","target":{"@type":"EntryPoint","urlTemplate":"https:\/\/weather-radar-live.com\/?s={search_term_string}"},"query-input":{"@type":"PropertyValueSpecification","valueRequired":true,"valueName":"search_term_string"}}],"inLanguage":"it-IT"},{"@type":"Organization","@id":"https:\/\/weather-radar-live.com\/#organization","name":"weather-radar-live.com","url":"https:\/\/weather-radar-live.com\/","logo":{"@type":"ImageObject","inLanguage":"it-IT","@id":"https:\/\/weather-radar-live.com\/#\/schema\/logo\/image\/","url":"https:\/\/weather-radar-live.com\/wp-content\/uploads\/2022\/03\/cropped-WRL2503.png","contentUrl":"https:\/\/weather-radar-live.com\/wp-content\/uploads\/2022\/03\/cropped-WRL2503.png","width":1920,"height":555,"caption":"weather-radar-live.com"},"image":{"@id":"https:\/\/weather-radar-live.com\/#\/schema\/logo\/image\/"}}]}},"_links":{"self":[{"href":"https:\/\/weather-radar-live.com\/it\/wp-json\/wp\/v2\/pages\/6699","targetHints":{"allow":["GET"]}}],"collection":[{"href":"https:\/\/weather-radar-live.com\/it\/wp-json\/wp\/v2\/pages"}],"about":[{"href":"https:\/\/weather-radar-live.com\/it\/wp-json\/wp\/v2\/types\/page"}],"author":[{"embeddable":true,"href":"https:\/\/weather-radar-live.com\/it\/wp-json\/wp\/v2\/users\/1"}],"replies":[{"embeddable":true,"href":"https:\/\/weather-radar-live.com\/it\/wp-json\/wp\/v2\/comments?post=6699"}],"version-history":[{"count":2,"href":"https:\/\/weather-radar-live.com\/it\/wp-json\/wp\/v2\/pages\/6699\/revisions"}],"predecessor-version":[{"id":6748,"href":"https:\/\/weather-radar-live.com\/it\/wp-json\/wp\/v2\/pages\/6699\/revisions\/6748"}],"up":[{"embeddable":true,"href":"https:\/\/weather-radar-live.com\/it\/wp-json\/wp\/v2\/pages\/4310"}],"wp:featuredmedia":[{"embeddable":true,"href":"https:\/\/weather-radar-live.com\/it\/wp-json\/wp\/v2\/media\/6684"}],"wp:attachment":[{"href":"https:\/\/weather-radar-live.com\/it\/wp-json\/wp\/v2\/media?parent=6699"}],"curies":[{"name":"wp","href":"https:\/\/api.w.org\/{rel}","templated":true}]}}