{"id":666,"date":"2021-06-06T16:21:55","date_gmt":"2021-06-06T14:21:55","guid":{"rendered":"https:\/\/weather-radar-live.com\/?page_id=666"},"modified":"2022-07-06T13:08:23","modified_gmt":"2022-07-06T11:08:23","slug":"nuvole-radar","status":"publish","type":"page","link":"https:\/\/weather-radar-live.com\/it\/nuvole-radar\/","title":{"rendered":"Nuvole radar"},"content":{"rendered":"<div id=\"weath-3400330537\" class=\"weath-vor-dem-inhalt weath-entity-placement\" style=\"margin-top: 15px;margin-right: 25px;margin-bottom: 40px;margin-left: 25px;\"><script async src=\"\/\/pagead2.googlesyndication.com\/pagead\/js\/adsbygoogle.js?client=ca-pub-8960936133935804\" crossorigin=\"anonymous\"><\/script><ins class=\"adsbygoogle\" style=\"display:block;\" data-ad-client=\"ca-pub-8960936133935804\" \ndata-ad-slot=\"6172817020\" \ndata-ad-format=\"auto\"><\/ins>\n<script> \n(adsbygoogle = window.adsbygoogle || []).push({}); \n<\/script>\n<\/div>\n<div class=\"wp-block-cover alignfull is-light\"><span aria-hidden=\"true\" class=\"wp-block-cover__gradient-background has-background-dim\"><\/span><img loading=\"lazy\" decoding=\"async\" width=\"1902\" height=\"462\" class=\"wp-block-cover__image-background wp-image-341\" alt=\"\" src=\"https:\/\/weather-radar-live.com\/wp-content\/uploads\/2021\/06\/sam-schooler-E9aetBe2w40-unsplash-e1622554814366.jpg\" data-object-fit=\"cover\" srcset=\"https:\/\/weather-radar-live.com\/wp-content\/uploads\/2021\/06\/sam-schooler-E9aetBe2w40-unsplash-e1622554814366.jpg 1902w, https:\/\/weather-radar-live.com\/wp-content\/uploads\/2021\/06\/sam-schooler-E9aetBe2w40-unsplash-e1622554814366-300x73.jpg 300w, https:\/\/weather-radar-live.com\/wp-content\/uploads\/2021\/06\/sam-schooler-E9aetBe2w40-unsplash-e1622554814366-1024x249.jpg 1024w, https:\/\/weather-radar-live.com\/wp-content\/uploads\/2021\/06\/sam-schooler-E9aetBe2w40-unsplash-e1622554814366-768x187.jpg 768w, https:\/\/weather-radar-live.com\/wp-content\/uploads\/2021\/06\/sam-schooler-E9aetBe2w40-unsplash-e1622554814366-1536x373.jpg 1536w\" sizes=\"auto, (max-width: 1902px) 100vw, 1902px\" \/><div class=\"wp-block-cover__inner-container is-layout-flow wp-block-cover-is-layout-flow\">\n<h2 class=\"has-text-align-center heading has-base-3-color has-text-color wp-block-heading\" style=\"font-size:70px\"><strong><span style=\"color:#919191\" class=\"has-inline-color\">NUVOLE<\/span> RADAR<\/strong><\/h2>\n<\/div><\/div>\n\n\n<h2 style=\"text-align: center;\"><span style=\"color: #919191;\"><b><span style=\"color: #919191;\">Nuvole radar<\/span>&nbsp;&#8211; la sua attuale ed affidabile previsione e previsione delle nuvole<\/b><\/span><\/h2>\n<p><span style=\"font-weight: 400;\">Ha programmato un viaggio in campagna e vuole godersi il sole e il cielo azzurro? Allora dovrebbe prima dare un&#8217;occhiata alla nostro nuvole radar! Usando questa <strong><a href=\"https:\/\/weather-radar-live.com\/it\/\" target=\"_blank\" rel=\"noopener noreferrer\"><span style=\"color: #f59800;\">radar meteorologico<\/span><\/a> <\/strong>pu\u00f2 avere una panoramica della copertura nuvolosa attuale nella sua regione e scoprire rapidamente se pu\u00f2 catturare qualche raggio di sole.<\/span><\/p>\n<p><span style=\"font-weight: 400;\">Con la previsione delle nuvole per le prossime ore, pu\u00f2 vedere come si svilupper\u00e0 la copertura nuvolosa. Soprattutto se sta inseguendo dei raggi di sole, la nostra mappa della copertura nuvolosa \u00e8 quindi molto adatta a fornirle un&#8217;idea dell&#8217;attuale copertura nuvolosa.<\/span><\/p><div id=\"weath-3510388539\" class=\"weath-inhalt_2 weath-entity-placement\" style=\"margin-top: 15px;margin-right: 25px;margin-bottom: 35px;margin-left: 25px;\"><script async src=\"\/\/pagead2.googlesyndication.com\/pagead\/js\/adsbygoogle.js?client=ca-pub-8960936133935804\" crossorigin=\"anonymous\"><\/script><ins class=\"adsbygoogle\" style=\"display:block;\" data-ad-client=\"ca-pub-8960936133935804\" \ndata-ad-slot=\"1963584050\" \ndata-ad-format=\"auto\"><\/ins>\n<script> \n(adsbygoogle = window.adsbygoogle || []).push({}); \n<\/script>\n<\/div>\n\n\n<iframe loading=\"lazy\" width=\"1300\" height=\"600\" src=\"https:\/\/embed.windy.com\/embed2.html?lat=42.310&amp;lon=13.491&amp;detailLat=49.516&amp;detailLon=11.000&amp;width=1300&amp;height=600&amp;zoom=6&amp;level=surface&amp;overlay=clouds&amp;product=ecmwf&amp;menu=&amp;message=true&amp;marker=&amp;calendar=now&amp;pressure=&amp;type=map&amp;location=coordinates&amp;detail=&amp;metricWind=default&amp;metricTemp=default&amp;radarRange=-1\" frameborder=\"0\"><\/iframe>\n\n\n\n<p class=\"has-text-align-center\"><sup>Nelle aree colorate di giallo, il sole splende. Il colore grigio indica una copertura nuvolosa leggera, mentre un colore bianco significa una copertura nuvolosa pesante.<\/sup><\/p>\n\n\n<h2 style=\"text-align: center;\"><span style=\"color: #919191;\"><b>Dove \u00e8 nuvoloso? Dove splende il sole? Ecco come si legge le nuvole radar:<\/b><\/span><\/h2>\n<p style=\"text-align: left;\"><span style=\"font-weight: 400;\"><img loading=\"lazy\" decoding=\"async\" class=\"alignright wp-image-1758\" src=\"https:\/\/da-oben.de\/wp-content\/uploads\/2020\/07\/Wolkenradar-wird-erkl\u00e4rt-e1594796771611.png\" alt=\"Nuvole radar spiegazione\" width=\"161\" height=\"114\">Sulla nostra mappa della <strong><a href=\"https:\/\/www.meteolivevco.it\/meteorologia\/come-si-formano-le-nuvole\/\" target=\"_blank\" rel=\"noopener\">copertura nuvolosa<\/a><\/strong>, le aree di nuvole sono visualizzate visibilmente per lei da una colorazione grigio-bianca. Pi\u00f9 bianca e chiara \u00e8 la colorazione, pi\u00f9 densa \u00e8 la copertura nuvolosa. Le possibilit\u00e0 di intravedere il sole in questa zona sono quindi molto scarse. Al contrario, un&#8217;area grigia indica una copertura nuvolosa relativamente leggera con sole occasionale.<br><\/span><\/p>\n<p><span style=\"font-weight: 400;\"><img loading=\"lazy\" decoding=\"async\" class=\"alignleft wp-image-88\" src=\"https:\/\/weather-radar-live.com\/wp-content\/uploads\/2021\/02\/Clouds-Description.png\" alt=\"Pulsante della mappa della copertura nuvolosa\" width=\"196\" height=\"98\">Usando il pulsante in alto a destra della mappa della copertura nuvolosa, pu\u00f2 selezionare il tipo di copertura nuvolosa. Pu\u00f2 distinguere tra nuvole alte, medie e basse. Per farlo, clicchi semplicemente sul pulsante corrispondente.<\/span><\/p>\n<p><\/p>\n<p><span style=\"font-weight: 400;\"><img loading=\"lazy\" decoding=\"async\" class=\"alignleft wp-image-139\" title=\"wolkenradar cursor\" src=\"https:\/\/da-oben.de\/wp-content\/uploads\/2019\/08\/cursor-e1567148434800.png\" alt=\"Nuvole radar cursore\" width=\"75\" height=\"75\">Con il cursore in basso a sinistra della mappa di copertura nuvolosa, pu\u00f2 visualizzare l&#8217;andamento futuro delle nuvole. Questo le dir\u00e0 come cambier\u00e0 la copertura nuvolosa nelle prossime 36 ore.<\/span><\/p>\n<p><\/p>\n<p><span style=\"font-weight: 400;\"><img loading=\"lazy\" decoding=\"async\" class=\"alignleft wp-image-85\" src=\"https:\/\/weather-radar-live.com\/wp-content\/uploads\/2021\/02\/Cloud_Marker-150x150-1.png\" alt=\"Nuvole radar segnare\" width=\"124\" height=\"124\">Sposti il marcatore di nuvole con il mouse (smartphone: tocchi semplicemente il punto bianco del marcatore con il dito) verso la sua regione di destinazione e scopra quanto \u00e8 probabile che il cielo sar\u00e0 nuvoloso l\u00ec.<\/span><\/p>\n<p><\/p>\n<h2 style=\"text-align: center;\"><span style=\"color: #919191;\"><b>Cos&#8217;altro deve sapere sul nostro nuvole radar:<\/b><\/span><\/h2>\n<p><\/p>\n<h3 style=\"text-align: center;\"><span style=\"color: #919191;\"><strong>Come individuare le nuvole di pioggia:<\/strong><\/span><\/h3>\n<p><span style=\"font-weight: 400;\">Oltre alle informazioni sulla copertura nuvolosa, il nostro radar le dice anche dove si verifica la copertura nuvolosa in combinazione con le precipitazioni. Pu\u00f2 anche riconoscere le precipitazioni da un&#8217;ombreggiatura colorata sulla mappa di copertura nuvolosa. Mentre il blu indica precipitazioni deboli, nelle aree colorate di rosso\/viola si prevedono piogge forti e grandine. <strong><span style=\"color: #1950fe;\"><a style=\"color: #1950fe;\" href=\"https:\/\/weather-radar-live.com\/it\/radar-pioggia\/\" target=\"_blank\" rel=\"noopener noreferrer\">Pu\u00f2 trovare il nostro radar con le previsioni di pioggia qui<\/a><\/span><\/strong>.<\/span><\/p>\n<p><\/p>\n<h3 style=\"text-align: center;\"><span style=\"color: #919191;\"><strong>Tipi di nuvole nella mappa della copertura nuvolosa:<\/strong><\/span><\/h3>\n<p><span style=\"font-weight: 400;\">Oltre alla copertura nuvolosa generale, pu\u00f2 anche filtrare per <a href=\"https:\/\/www.meteocloud.it\/2019\/05\/18\/le-nubi-tipologia-e-classificazione\/\" target=\"_blank\" rel=\"noopener\"><strong>tipo di nuvola<\/strong><\/a> o altezza. Per farlo, clicchi semplicemente sul pulsante &#8220;Nuvole&#8221; in alto a destra della mappa. Pu\u00f2 quindi scegliere se vuole che il radar delle nuvole mostri nuvole basse, medie o alte.<\/span><\/p>\n<p><\/p>\n<h3 style=\"text-align: center;\"><span style=\"color: #919191;\"><b>Fatti interessanti sulle nuvole<\/b><\/span><\/h3>\n<p><span style=\"font-weight: 400;\">L&#8217;altezza delle nuvole dipende sempre dalla forza della radiazione solare e dalla quantit\u00e0 di vapore acqueo. Le nuvole piccole si muovono ad un&#8217;altezza di circa 3 km, mentre le nuvole temporalesche in aree con alta radiazione solare possono raggiungere un&#8217;altezza fino a 14 km.<\/span><\/p>\n<p><span style=\"font-weight: 400;\">Per fare un paragone: quando va in vacanza in aereo, si trova ad un&#8217;altezza di circa 10-11 km.<\/span><\/p>\n<p><span style=\"font-weight: 400;\">In pratica, gli aerei cambiano spesso la loro rotta originale per evitare i temporali e la conseguente turbolenza.<\/span><\/p>\n<p><span style=\"font-weight: 400;\">Quindi la prossima volta che sta andando in vacanza, pu\u00f2 usare il nostro radar per le nuvole<\/span> <span style=\"font-weight: 400;\">per controllare in anticipo se le nuvole alte attraverseranno il suo percorso sul tragitto di viaggio. A proposito, il nostro <strong><span style=\"color: #f59800;\"><a style=\"color: #f59800;\" href=\"https:\/\/weather-radar-live.com\/it\/tempesta\/\" target=\"_blank\" rel=\"noopener noreferrer\">radar dei temporali<\/a><\/span><\/strong> o <a href=\"https:\/\/weather-radar-live.com\/it\/temporali\/\" target=\"_blank\" rel=\"noopener noreferrer\"><strong><span style=\"color: #ffde00;\">mappa dei fulmini<\/span><\/strong><\/a> \u00e8 adatto anche a questo scopo.<\/span><\/p>\n<p><\/p>\n<h3 style=\"text-align: center;\"><span style=\"color: #919191;\"><b>Come si formano le nuvole<\/b><\/span><\/h3>\n<p><span style=\"font-weight: 400;\">Le vediamo fluttuare nel cielo sopra le nostre teste ogni giorno &#8211; eppure molte persone ne sanno molto poco: Le nuvole. Vanno dall&#8217;innocua nuvola di velo che fluttua nel cielo blu intenso dell&#8217;estate alla grande nuvola di tuoni che provoca rapidamente un effetto di raffreddamento.<\/span><\/p>\n<p><span style=\"font-weight: 400;\">Tutte le nuvole hanno una cosa in comune: sono composte da acqua, o pi\u00f9 precisamente da vapore acqueo.<\/span><\/p>\n<p><span style=\"font-weight: 400;\">Questo vapore viene creato dalla radiazione solare, che fa evaporare l&#8217;acqua nei laghi, nei fiumi e in altri corpi d&#8217;acqua intorno a noi. Una volta evaporata, l&#8217;acqua si dirige rapidamente verso l&#8217;alto insieme all&#8217;aria calda. Una volta arrivato, il vapore acqueo comincia a condensarsi. Questo \u00e8 dovuto alla temperatura dell&#8217;aria circostante, che continua a diminuire all&#8217;aumentare dell&#8217;altitudine. La condensazione del vapore acqueo porta poi alla graduale formazione di altre piccole goccioline d&#8217;acqua, permettendo alla nuvola di formarsi.<\/span><\/p>\n<p><\/p>\n<h3 style=\"text-align: center;\"><span style=\"color: #919191;\"><b>La copertura nuvolosa in Italia<\/b><\/span><\/h3>\n<p style=\"text-align: center;\"><strong>7,1 ore&#8230; &#8211; Questo \u00e8 quanto tempo il sole splende in media al giorno in Italia<\/strong><\/p>\n<p>Se cercate molto sole in Italia, lo troverete nel sud. Sulla Costa del Sud in Sardegna, conosciuta anche come i Caraibi del Mediterraneo, il sole splende in media 3042 ore all&#8217;anno. Questo corrisponde a una media di 8,3 ore di sole al giorno! Questo fa della Sardegna uno dei luoghi pi\u00f9 soleggiati d&#8217;Europa, dopo l&#8217;Algarve e le isole greche di Rodi e Creta.<\/p>","protected":false},"excerpt":{"rendered":"<p>Nuvole radar&nbsp;&#8211; la sua attuale ed affidabile previsione e previsione delle nuvole Ha programmato un viaggio in campagna e vuole godersi il sole e il cielo azzurro? Allora dovrebbe prima dare un&#8217;occhiata alla nostro nuvole radar! Usando questa radar meteorologico pu\u00f2 avere una panoramica della copertura nuvolosa attuale nella sua regione e scoprire rapidamente se &#8230; <a title=\"Nuvole radar\" class=\"read-more\" href=\"https:\/\/weather-radar-live.com\/it\/nuvole-radar\/\" aria-label=\"Per saperne di pi\u00f9 su Nuvole radar\">Leggi tutto<\/a><\/p>\n","protected":false},"author":1,"featured_media":343,"parent":0,"menu_order":0,"comment_status":"closed","ping_status":"closed","template":"","meta":{"footnotes":""},"class_list":["post-666","page","type-page","status-publish","has-post-thumbnail"],"yoast_head":"<!-- This site is optimized with the Yoast SEO plugin v27.5 - https:\/\/yoast.com\/product\/yoast-seo-wordpress\/ -->\n<title>Nuvole radar LIVE: \u2714\ufe0f Dove \u00e8 nuvoloso? \u26c5\ufe0f<\/title>\n<meta name=\"description\" content=\"Nuvole radar LIVE: Scopra subito dove aspettarsi le nuvole \u2714\ufe0f Aggiornata ogni secondo \u2714\ufe0f Visualizzazione sulla mappa ! \u26c5\ufe0f\" \/>\n<meta name=\"robots\" content=\"index, follow, max-snippet:-1, max-image-preview:large, max-video-preview:-1\" \/>\n<link rel=\"canonical\" href=\"https:\/\/weather-radar-live.com\/it\/nuvole-radar\/\" \/>\n<meta property=\"og:locale\" content=\"it_IT\" \/>\n<meta property=\"og:type\" content=\"article\" \/>\n<meta property=\"og:title\" content=\"Nuvole radar LIVE: \u2714\ufe0f Dove \u00e8 nuvoloso? \u26c5\ufe0f\" \/>\n<meta property=\"og:description\" content=\"Nuvole radar LIVE: Scopra subito dove aspettarsi le nuvole \u2714\ufe0f Aggiornata ogni secondo \u2714\ufe0f Visualizzazione sulla mappa ! \u26c5\ufe0f\" \/>\n<meta property=\"og:url\" content=\"https:\/\/weather-radar-live.com\/it\/nuvole-radar\/\" \/>\n<meta property=\"og:site_name\" content=\"weather-radar-live.com\" \/>\n<meta property=\"article:modified_time\" content=\"2022-07-06T11:08:23+00:00\" \/>\n<meta property=\"og:image\" content=\"https:\/\/weather-radar-live.com\/wp-content\/uploads\/2021\/06\/sam-schooler-E9aetBe2w40-unsplash-e1622554814366.jpg\" \/>\n\t<meta property=\"og:image:width\" content=\"2400\" \/>\n\t<meta property=\"og:image:height\" content=\"1600\" \/>\n\t<meta property=\"og:image:type\" content=\"image\/jpeg\" \/>\n<meta name=\"twitter:card\" content=\"summary_large_image\" \/>\n<meta name=\"twitter:label1\" content=\"Tempo di lettura stimato\" \/>\n\t<meta name=\"twitter:data1\" content=\"5 minuti\" \/>\n<script type=\"application\/ld+json\" class=\"yoast-schema-graph\">{\"@context\":\"https:\\\/\\\/schema.org\",\"@graph\":[{\"@type\":\"WebPage\",\"@id\":\"https:\\\/\\\/weather-radar-live.com\\\/it\\\/nuvole-radar\\\/\",\"url\":\"https:\\\/\\\/weather-radar-live.com\\\/it\\\/nuvole-radar\\\/\",\"name\":\"Nuvole radar LIVE: \u2714\ufe0f Dove \u00e8 nuvoloso? \u26c5\ufe0f\",\"isPartOf\":{\"@id\":\"https:\\\/\\\/weather-radar-live.com\\\/#website\"},\"primaryImageOfPage\":{\"@id\":\"https:\\\/\\\/weather-radar-live.com\\\/it\\\/nuvole-radar\\\/#primaryimage\"},\"image\":{\"@id\":\"https:\\\/\\\/weather-radar-live.com\\\/it\\\/nuvole-radar\\\/#primaryimage\"},\"thumbnailUrl\":\"https:\\\/\\\/weather-radar-live.com\\\/wp-content\\\/uploads\\\/2021\\\/06\\\/sam-schooler-E9aetBe2w40-unsplash-e1622554814366.jpg\",\"datePublished\":\"2021-06-06T14:21:55+00:00\",\"dateModified\":\"2022-07-06T11:08:23+00:00\",\"description\":\"Nuvole radar LIVE: Scopra subito dove aspettarsi le nuvole \u2714\ufe0f Aggiornata ogni secondo \u2714\ufe0f Visualizzazione sulla mappa ! \u26c5\ufe0f\",\"breadcrumb\":{\"@id\":\"https:\\\/\\\/weather-radar-live.com\\\/it\\\/nuvole-radar\\\/#breadcrumb\"},\"inLanguage\":\"it-IT\",\"potentialAction\":[{\"@type\":\"ReadAction\",\"target\":[\"https:\\\/\\\/weather-radar-live.com\\\/it\\\/nuvole-radar\\\/\"]}]},{\"@type\":\"ImageObject\",\"inLanguage\":\"it-IT\",\"@id\":\"https:\\\/\\\/weather-radar-live.com\\\/it\\\/nuvole-radar\\\/#primaryimage\",\"url\":\"https:\\\/\\\/weather-radar-live.com\\\/wp-content\\\/uploads\\\/2021\\\/06\\\/sam-schooler-E9aetBe2w40-unsplash-e1622554814366.jpg\",\"contentUrl\":\"https:\\\/\\\/weather-radar-live.com\\\/wp-content\\\/uploads\\\/2021\\\/06\\\/sam-schooler-E9aetBe2w40-unsplash-e1622554814366.jpg\",\"width\":2400,\"height\":1600,\"caption\":\"Cloud Cover\"},{\"@type\":\"BreadcrumbList\",\"@id\":\"https:\\\/\\\/weather-radar-live.com\\\/it\\\/nuvole-radar\\\/#breadcrumb\",\"itemListElement\":[{\"@type\":\"ListItem\",\"position\":1,\"name\":\"Weather Radar Live\",\"item\":\"https:\\\/\\\/weather-radar-live.com\\\/it\\\/\"},{\"@type\":\"ListItem\",\"position\":2,\"name\":\"Nuvole radar\"}]},{\"@type\":\"WebSite\",\"@id\":\"https:\\\/\\\/weather-radar-live.com\\\/#website\",\"url\":\"https:\\\/\\\/weather-radar-live.com\\\/\",\"name\":\"weather-radar-live.com\",\"description\":\"Your weather and sky radar.\",\"publisher\":{\"@id\":\"https:\\\/\\\/weather-radar-live.com\\\/#organization\"},\"potentialAction\":[{\"@type\":\"SearchAction\",\"target\":{\"@type\":\"EntryPoint\",\"urlTemplate\":\"https:\\\/\\\/weather-radar-live.com\\\/?s={search_term_string}\"},\"query-input\":{\"@type\":\"PropertyValueSpecification\",\"valueRequired\":true,\"valueName\":\"search_term_string\"}}],\"inLanguage\":\"it-IT\"},{\"@type\":\"Organization\",\"@id\":\"https:\\\/\\\/weather-radar-live.com\\\/#organization\",\"name\":\"weather-radar-live.com\",\"url\":\"https:\\\/\\\/weather-radar-live.com\\\/\",\"logo\":{\"@type\":\"ImageObject\",\"inLanguage\":\"it-IT\",\"@id\":\"https:\\\/\\\/weather-radar-live.com\\\/#\\\/schema\\\/logo\\\/image\\\/\",\"url\":\"https:\\\/\\\/weather-radar-live.com\\\/wp-content\\\/uploads\\\/2022\\\/03\\\/cropped-WRL2503.png\",\"contentUrl\":\"https:\\\/\\\/weather-radar-live.com\\\/wp-content\\\/uploads\\\/2022\\\/03\\\/cropped-WRL2503.png\",\"width\":1920,\"height\":555,\"caption\":\"weather-radar-live.com\"},\"image\":{\"@id\":\"https:\\\/\\\/weather-radar-live.com\\\/#\\\/schema\\\/logo\\\/image\\\/\"}}]}<\/script>\n<!-- \/ Yoast SEO plugin. -->","yoast_head_json":{"title":"Nuvole radar LIVE: \u2714\ufe0f Dove \u00e8 nuvoloso? \u26c5\ufe0f","description":"Nuvole radar LIVE: Scopra subito dove aspettarsi le nuvole \u2714\ufe0f Aggiornata ogni secondo \u2714\ufe0f Visualizzazione sulla mappa ! \u26c5\ufe0f","robots":{"index":"index","follow":"follow","max-snippet":"max-snippet:-1","max-image-preview":"max-image-preview:large","max-video-preview":"max-video-preview:-1"},"canonical":"https:\/\/weather-radar-live.com\/it\/nuvole-radar\/","og_locale":"it_IT","og_type":"article","og_title":"Nuvole radar LIVE: \u2714\ufe0f Dove \u00e8 nuvoloso? \u26c5\ufe0f","og_description":"Nuvole radar LIVE: Scopra subito dove aspettarsi le nuvole \u2714\ufe0f Aggiornata ogni secondo \u2714\ufe0f Visualizzazione sulla mappa ! \u26c5\ufe0f","og_url":"https:\/\/weather-radar-live.com\/it\/nuvole-radar\/","og_site_name":"weather-radar-live.com","article_modified_time":"2022-07-06T11:08:23+00:00","og_image":[{"width":2400,"height":1600,"url":"https:\/\/weather-radar-live.com\/wp-content\/uploads\/2021\/06\/sam-schooler-E9aetBe2w40-unsplash-e1622554814366.jpg","type":"image\/jpeg"}],"twitter_card":"summary_large_image","twitter_misc":{"Tempo di lettura stimato":"5 minuti"},"schema":{"@context":"https:\/\/schema.org","@graph":[{"@type":"WebPage","@id":"https:\/\/weather-radar-live.com\/it\/nuvole-radar\/","url":"https:\/\/weather-radar-live.com\/it\/nuvole-radar\/","name":"Nuvole radar LIVE: \u2714\ufe0f Dove \u00e8 nuvoloso? \u26c5\ufe0f","isPartOf":{"@id":"https:\/\/weather-radar-live.com\/#website"},"primaryImageOfPage":{"@id":"https:\/\/weather-radar-live.com\/it\/nuvole-radar\/#primaryimage"},"image":{"@id":"https:\/\/weather-radar-live.com\/it\/nuvole-radar\/#primaryimage"},"thumbnailUrl":"https:\/\/weather-radar-live.com\/wp-content\/uploads\/2021\/06\/sam-schooler-E9aetBe2w40-unsplash-e1622554814366.jpg","datePublished":"2021-06-06T14:21:55+00:00","dateModified":"2022-07-06T11:08:23+00:00","description":"Nuvole radar LIVE: Scopra subito dove aspettarsi le nuvole \u2714\ufe0f Aggiornata ogni secondo \u2714\ufe0f Visualizzazione sulla mappa ! \u26c5\ufe0f","breadcrumb":{"@id":"https:\/\/weather-radar-live.com\/it\/nuvole-radar\/#breadcrumb"},"inLanguage":"it-IT","potentialAction":[{"@type":"ReadAction","target":["https:\/\/weather-radar-live.com\/it\/nuvole-radar\/"]}]},{"@type":"ImageObject","inLanguage":"it-IT","@id":"https:\/\/weather-radar-live.com\/it\/nuvole-radar\/#primaryimage","url":"https:\/\/weather-radar-live.com\/wp-content\/uploads\/2021\/06\/sam-schooler-E9aetBe2w40-unsplash-e1622554814366.jpg","contentUrl":"https:\/\/weather-radar-live.com\/wp-content\/uploads\/2021\/06\/sam-schooler-E9aetBe2w40-unsplash-e1622554814366.jpg","width":2400,"height":1600,"caption":"Cloud Cover"},{"@type":"BreadcrumbList","@id":"https:\/\/weather-radar-live.com\/it\/nuvole-radar\/#breadcrumb","itemListElement":[{"@type":"ListItem","position":1,"name":"Weather Radar Live","item":"https:\/\/weather-radar-live.com\/it\/"},{"@type":"ListItem","position":2,"name":"Nuvole radar"}]},{"@type":"WebSite","@id":"https:\/\/weather-radar-live.com\/#website","url":"https:\/\/weather-radar-live.com\/","name":"weather-radar-live.com","description":"Your weather and sky radar.","publisher":{"@id":"https:\/\/weather-radar-live.com\/#organization"},"potentialAction":[{"@type":"SearchAction","target":{"@type":"EntryPoint","urlTemplate":"https:\/\/weather-radar-live.com\/?s={search_term_string}"},"query-input":{"@type":"PropertyValueSpecification","valueRequired":true,"valueName":"search_term_string"}}],"inLanguage":"it-IT"},{"@type":"Organization","@id":"https:\/\/weather-radar-live.com\/#organization","name":"weather-radar-live.com","url":"https:\/\/weather-radar-live.com\/","logo":{"@type":"ImageObject","inLanguage":"it-IT","@id":"https:\/\/weather-radar-live.com\/#\/schema\/logo\/image\/","url":"https:\/\/weather-radar-live.com\/wp-content\/uploads\/2022\/03\/cropped-WRL2503.png","contentUrl":"https:\/\/weather-radar-live.com\/wp-content\/uploads\/2022\/03\/cropped-WRL2503.png","width":1920,"height":555,"caption":"weather-radar-live.com"},"image":{"@id":"https:\/\/weather-radar-live.com\/#\/schema\/logo\/image\/"}}]}},"_links":{"self":[{"href":"https:\/\/weather-radar-live.com\/it\/wp-json\/wp\/v2\/pages\/666","targetHints":{"allow":["GET"]}}],"collection":[{"href":"https:\/\/weather-radar-live.com\/it\/wp-json\/wp\/v2\/pages"}],"about":[{"href":"https:\/\/weather-radar-live.com\/it\/wp-json\/wp\/v2\/types\/page"}],"author":[{"embeddable":true,"href":"https:\/\/weather-radar-live.com\/it\/wp-json\/wp\/v2\/users\/1"}],"replies":[{"embeddable":true,"href":"https:\/\/weather-radar-live.com\/it\/wp-json\/wp\/v2\/comments?post=666"}],"version-history":[{"count":10,"href":"https:\/\/weather-radar-live.com\/it\/wp-json\/wp\/v2\/pages\/666\/revisions"}],"predecessor-version":[{"id":4109,"href":"https:\/\/weather-radar-live.com\/it\/wp-json\/wp\/v2\/pages\/666\/revisions\/4109"}],"wp:featuredmedia":[{"embeddable":true,"href":"https:\/\/weather-radar-live.com\/it\/wp-json\/wp\/v2\/media\/343"}],"wp:attachment":[{"href":"https:\/\/weather-radar-live.com\/it\/wp-json\/wp\/v2\/media?parent=666"}],"curies":[{"name":"wp","href":"https:\/\/api.w.org\/{rel}","templated":true}]}}