{"id":661,"date":"2021-06-06T16:05:08","date_gmt":"2021-06-06T14:05:08","guid":{"rendered":"https:\/\/weather-radar-live.com\/?page_id=661"},"modified":"2025-04-10T14:46:05","modified_gmt":"2025-04-10T12:46:05","slug":"imprint","status":"publish","type":"page","link":"https:\/\/weather-radar-live.com\/it\/imprint\/","title":{"rendered":"Impronta"},"content":{"rendered":"<div id=\"weath-1946398786\" class=\"weath-vor-dem-inhalt weath-entity-placement\" style=\"margin-top: 15px;margin-right: 25px;margin-bottom: 40px;margin-left: 25px;\"><script async src=\"\/\/pagead2.googlesyndication.com\/pagead\/js\/adsbygoogle.js?client=ca-pub-8960936133935804\" crossorigin=\"anonymous\"><\/script><ins class=\"adsbygoogle\" style=\"display:block;\" data-ad-client=\"ca-pub-8960936133935804\" \ndata-ad-slot=\"6172817020\" \ndata-ad-format=\"auto\"><\/ins>\n<script> \n(adsbygoogle = window.adsbygoogle || []).push({}); \n<\/script>\n<\/div>\n<p>U&amp;M Online Marketing GbR<br>Sulzbacher Str. 48<br>90489 Norimberga<br>Germania<\/p>\n\n\n\n<p>Telefono: +49 157 3815 8888<br>Email: hey@weather-radar-live.com<\/p><div id=\"weath-3886690826\" class=\"weath-inhalt_2 weath-entity-placement\" style=\"margin-top: 15px;margin-right: 25px;margin-bottom: 35px;margin-left: 25px;\"><script async src=\"\/\/pagead2.googlesyndication.com\/pagead\/js\/adsbygoogle.js?client=ca-pub-8960936133935804\" crossorigin=\"anonymous\"><\/script><ins class=\"adsbygoogle\" style=\"display:block;\" data-ad-client=\"ca-pub-8960936133935804\" \ndata-ad-slot=\"1963584050\" \ndata-ad-format=\"auto\"><\/ins>\n<script> \n(adsbygoogle = window.adsbygoogle || []).push({}); \n<\/script>\n<\/div>\n\n\n\n<p>Rappresentanti autorizzati: Nico M\u00e4rzh\u00e4user, Nikita Umanski-Kellnar<\/p>\n\n\n\n<p>L&#8217;IVA non \u00e8 indicata (regolamento sulle piccole imprese)<\/p>\n\n\n\n<p>Piattaforma della Commissione UE per la risoluzione delle controversie online: https:\/\/ec.europa.eu\/consumers\/odr\/<\/p>\n\n\n\n<p>Non siamo obbligati n\u00e9 disposti a partecipare a una procedura di risoluzione delle controversie davanti a un collegio arbitrale dei consumatori.<\/p>\n","protected":false},"excerpt":{"rendered":"<p>U&amp;M Online Marketing GbRSulzbacher Str. 4890489 NorimbergaGermania Telefono: +49 157 3815 8888Email: hey@weather-radar-live.com Rappresentanti autorizzati: Nico M\u00e4rzh\u00e4user, Nikita Umanski-Kellnar L&#8217;IVA non \u00e8 indicata (regolamento sulle piccole imprese) Piattaforma della Commissione UE per la risoluzione delle controversie online: https:\/\/ec.europa.eu\/consumers\/odr\/ Non siamo obbligati n\u00e9 disposti a partecipare a una procedura di risoluzione delle controversie davanti a un &#8230; <a title=\"Impronta\" class=\"read-more\" href=\"https:\/\/weather-radar-live.com\/it\/imprint\/\" aria-label=\"Per saperne di pi\u00f9 su Impronta\">Leggi tutto<\/a><\/p>\n","protected":false},"author":1,"featured_media":0,"parent":0,"menu_order":0,"comment_status":"closed","ping_status":"closed","template":"","meta":{"footnotes":""},"class_list":["post-661","page","type-page","status-publish"],"yoast_head":"<!-- This site is optimized with the Yoast SEO plugin v27.3 - https:\/\/yoast.com\/product\/yoast-seo-wordpress\/ -->\n<title>Impronta - weather-radar-live.com<\/title>\n<meta name=\"robots\" content=\"noindex, nofollow\" \/>\n<meta property=\"og:locale\" content=\"it_IT\" \/>\n<meta property=\"og:type\" content=\"article\" \/>\n<meta property=\"og:title\" content=\"Impronta - weather-radar-live.com\" \/>\n<meta property=\"og:description\" content=\"U&amp;M Online Marketing GbRSulzbacher Str. 4890489 NorimbergaGermania Telefono: +49 157 3815 8888Email: hey@weather-radar-live.com Rappresentanti autorizzati: Nico M\u00e4rzh\u00e4user, Nikita Umanski-Kellnar L&#8217;IVA non \u00e8 indicata (regolamento sulle piccole imprese) Piattaforma della Commissione UE per la risoluzione delle controversie online: https:\/\/ec.europa.eu\/consumers\/odr\/ Non siamo obbligati n\u00e9 disposti a partecipare a una procedura di risoluzione delle controversie davanti a un ... Leggi tutto\" \/>\n<meta property=\"og:url\" content=\"https:\/\/weather-radar-live.com\/it\/imprint\/\" \/>\n<meta property=\"og:site_name\" content=\"weather-radar-live.com\" \/>\n<meta property=\"article:modified_time\" content=\"2025-04-10T12:46:05+00:00\" \/>\n<meta name=\"twitter:card\" content=\"summary_large_image\" \/>\n<meta name=\"twitter:label1\" content=\"Tempo di lettura stimato\" \/>\n\t<meta name=\"twitter:data1\" content=\"1 minuto\" \/>\n<script type=\"application\/ld+json\" class=\"yoast-schema-graph\">{\"@context\":\"https:\\\/\\\/schema.org\",\"@graph\":[{\"@type\":\"WebPage\",\"@id\":\"https:\\\/\\\/weather-radar-live.com\\\/it\\\/imprint\\\/\",\"url\":\"https:\\\/\\\/weather-radar-live.com\\\/it\\\/imprint\\\/\",\"name\":\"Impronta - weather-radar-live.com\",\"isPartOf\":{\"@id\":\"https:\\\/\\\/weather-radar-live.com\\\/#website\"},\"datePublished\":\"2021-06-06T14:05:08+00:00\",\"dateModified\":\"2025-04-10T12:46:05+00:00\",\"breadcrumb\":{\"@id\":\"https:\\\/\\\/weather-radar-live.com\\\/it\\\/imprint\\\/#breadcrumb\"},\"inLanguage\":\"it-IT\",\"potentialAction\":[{\"@type\":\"ReadAction\",\"target\":[\"https:\\\/\\\/weather-radar-live.com\\\/it\\\/imprint\\\/\"]}]},{\"@type\":\"BreadcrumbList\",\"@id\":\"https:\\\/\\\/weather-radar-live.com\\\/it\\\/imprint\\\/#breadcrumb\",\"itemListElement\":[{\"@type\":\"ListItem\",\"position\":1,\"name\":\"Weather Radar Live\",\"item\":\"https:\\\/\\\/weather-radar-live.com\\\/it\\\/\"},{\"@type\":\"ListItem\",\"position\":2,\"name\":\"Impronta\"}]},{\"@type\":\"WebSite\",\"@id\":\"https:\\\/\\\/weather-radar-live.com\\\/#website\",\"url\":\"https:\\\/\\\/weather-radar-live.com\\\/\",\"name\":\"weather-radar-live.com\",\"description\":\"Your weather and sky radar.\",\"publisher\":{\"@id\":\"https:\\\/\\\/weather-radar-live.com\\\/#organization\"},\"potentialAction\":[{\"@type\":\"SearchAction\",\"target\":{\"@type\":\"EntryPoint\",\"urlTemplate\":\"https:\\\/\\\/weather-radar-live.com\\\/?s={search_term_string}\"},\"query-input\":{\"@type\":\"PropertyValueSpecification\",\"valueRequired\":true,\"valueName\":\"search_term_string\"}}],\"inLanguage\":\"it-IT\"},{\"@type\":\"Organization\",\"@id\":\"https:\\\/\\\/weather-radar-live.com\\\/#organization\",\"name\":\"weather-radar-live.com\",\"url\":\"https:\\\/\\\/weather-radar-live.com\\\/\",\"logo\":{\"@type\":\"ImageObject\",\"inLanguage\":\"it-IT\",\"@id\":\"https:\\\/\\\/weather-radar-live.com\\\/#\\\/schema\\\/logo\\\/image\\\/\",\"url\":\"https:\\\/\\\/weather-radar-live.com\\\/wp-content\\\/uploads\\\/2022\\\/03\\\/cropped-WRL2503.png\",\"contentUrl\":\"https:\\\/\\\/weather-radar-live.com\\\/wp-content\\\/uploads\\\/2022\\\/03\\\/cropped-WRL2503.png\",\"width\":1920,\"height\":555,\"caption\":\"weather-radar-live.com\"},\"image\":{\"@id\":\"https:\\\/\\\/weather-radar-live.com\\\/#\\\/schema\\\/logo\\\/image\\\/\"}}]}<\/script>\n<!-- \/ Yoast SEO plugin. -->","yoast_head_json":{"title":"Impronta - weather-radar-live.com","robots":{"index":"noindex","follow":"nofollow"},"og_locale":"it_IT","og_type":"article","og_title":"Impronta - weather-radar-live.com","og_description":"U&amp;M Online Marketing GbRSulzbacher Str. 4890489 NorimbergaGermania Telefono: +49 157 3815 8888Email: hey@weather-radar-live.com Rappresentanti autorizzati: Nico M\u00e4rzh\u00e4user, Nikita Umanski-Kellnar L&#8217;IVA non \u00e8 indicata (regolamento sulle piccole imprese) Piattaforma della Commissione UE per la risoluzione delle controversie online: https:\/\/ec.europa.eu\/consumers\/odr\/ Non siamo obbligati n\u00e9 disposti a partecipare a una procedura di risoluzione delle controversie davanti a un ... Leggi tutto","og_url":"https:\/\/weather-radar-live.com\/it\/imprint\/","og_site_name":"weather-radar-live.com","article_modified_time":"2025-04-10T12:46:05+00:00","twitter_card":"summary_large_image","twitter_misc":{"Tempo di lettura stimato":"1 minuto"},"schema":{"@context":"https:\/\/schema.org","@graph":[{"@type":"WebPage","@id":"https:\/\/weather-radar-live.com\/it\/imprint\/","url":"https:\/\/weather-radar-live.com\/it\/imprint\/","name":"Impronta - weather-radar-live.com","isPartOf":{"@id":"https:\/\/weather-radar-live.com\/#website"},"datePublished":"2021-06-06T14:05:08+00:00","dateModified":"2025-04-10T12:46:05+00:00","breadcrumb":{"@id":"https:\/\/weather-radar-live.com\/it\/imprint\/#breadcrumb"},"inLanguage":"it-IT","potentialAction":[{"@type":"ReadAction","target":["https:\/\/weather-radar-live.com\/it\/imprint\/"]}]},{"@type":"BreadcrumbList","@id":"https:\/\/weather-radar-live.com\/it\/imprint\/#breadcrumb","itemListElement":[{"@type":"ListItem","position":1,"name":"Weather Radar Live","item":"https:\/\/weather-radar-live.com\/it\/"},{"@type":"ListItem","position":2,"name":"Impronta"}]},{"@type":"WebSite","@id":"https:\/\/weather-radar-live.com\/#website","url":"https:\/\/weather-radar-live.com\/","name":"weather-radar-live.com","description":"Your weather and sky radar.","publisher":{"@id":"https:\/\/weather-radar-live.com\/#organization"},"potentialAction":[{"@type":"SearchAction","target":{"@type":"EntryPoint","urlTemplate":"https:\/\/weather-radar-live.com\/?s={search_term_string}"},"query-input":{"@type":"PropertyValueSpecification","valueRequired":true,"valueName":"search_term_string"}}],"inLanguage":"it-IT"},{"@type":"Organization","@id":"https:\/\/weather-radar-live.com\/#organization","name":"weather-radar-live.com","url":"https:\/\/weather-radar-live.com\/","logo":{"@type":"ImageObject","inLanguage":"it-IT","@id":"https:\/\/weather-radar-live.com\/#\/schema\/logo\/image\/","url":"https:\/\/weather-radar-live.com\/wp-content\/uploads\/2022\/03\/cropped-WRL2503.png","contentUrl":"https:\/\/weather-radar-live.com\/wp-content\/uploads\/2022\/03\/cropped-WRL2503.png","width":1920,"height":555,"caption":"weather-radar-live.com"},"image":{"@id":"https:\/\/weather-radar-live.com\/#\/schema\/logo\/image\/"}}]}},"_links":{"self":[{"href":"https:\/\/weather-radar-live.com\/it\/wp-json\/wp\/v2\/pages\/661","targetHints":{"allow":["GET"]}}],"collection":[{"href":"https:\/\/weather-radar-live.com\/it\/wp-json\/wp\/v2\/pages"}],"about":[{"href":"https:\/\/weather-radar-live.com\/it\/wp-json\/wp\/v2\/types\/page"}],"author":[{"embeddable":true,"href":"https:\/\/weather-radar-live.com\/it\/wp-json\/wp\/v2\/users\/1"}],"replies":[{"embeddable":true,"href":"https:\/\/weather-radar-live.com\/it\/wp-json\/wp\/v2\/comments?post=661"}],"version-history":[{"count":3,"href":"https:\/\/weather-radar-live.com\/it\/wp-json\/wp\/v2\/pages\/661\/revisions"}],"predecessor-version":[{"id":8073,"href":"https:\/\/weather-radar-live.com\/it\/wp-json\/wp\/v2\/pages\/661\/revisions\/8073"}],"wp:attachment":[{"href":"https:\/\/weather-radar-live.com\/it\/wp-json\/wp\/v2\/media?parent=661"}],"curies":[{"name":"wp","href":"https:\/\/api.w.org\/{rel}","templated":true}]}}