{"id":5526,"date":"2022-04-20T12:51:55","date_gmt":"2022-04-20T10:51:55","guid":{"rendered":"https:\/\/weather-radar-live.com\/webcam\/francia\/webcam-semnoz\/"},"modified":"2022-07-20T15:42:50","modified_gmt":"2022-07-20T13:42:50","slug":"webcam-semnoz","status":"publish","type":"page","link":"https:\/\/weather-radar-live.com\/it\/webcam\/francia\/webcam-semnoz\/","title":{"rendered":"Webcam Semnoz"},"content":{"rendered":"<div id=\"weath-3410101348\" class=\"weath-vor-dem-inhalt weath-entity-placement\" style=\"margin-top: 15px;margin-right: 25px;margin-bottom: 40px;margin-left: 25px;\"><script async src=\"\/\/pagead2.googlesyndication.com\/pagead\/js\/adsbygoogle.js?client=ca-pub-8960936133935804\" crossorigin=\"anonymous\"><\/script><ins class=\"adsbygoogle\" style=\"display:block;\" data-ad-client=\"ca-pub-8960936133935804\" \ndata-ad-slot=\"6172817020\" \ndata-ad-format=\"auto\"><\/ins>\n<script> \n(adsbygoogle = window.adsbygoogle || []).push({}); \n<\/script>\n<\/div>\n<div class=\"wp-block-cover alignfull is-light\"><span aria-hidden=\"true\" class=\"wp-block-cover__gradient-background has-background-dim\"><\/span><img decoding=\"async\" class=\"wp-block-cover__image-background wp-image-342\" alt=\"Webcam Semnoz\" src=\"https:\/\/weather-radar-live.com\/wp-content\/uploads\/2021\/06\/sam-schooler-E9aetBe2w40-unsplash-e1622554814366.jpg\" data-object-fit=\"cover\"\/><div class=\"wp-block-cover__inner-container is-layout-flow wp-block-cover-is-layout-flow\">\n<h2 class=\"has-text-align-center heading wp-block-heading\" id=\"webcam-fort-mahon\" style=\"font-size:40px\"><strong><mark style=\"background-color:rgba(0, 0, 0, 0)\" class=\"has-inline-color has-base-3-color\">WEBCAM <\/mark><br><mark style=\"background-color:rgba(0, 0, 0, 0)\" class=\"has-inline-color has-base-3-color\">SEMNOZ<\/mark><\/strong><\/h2>\n<\/div><\/div>\n\n\n<div class=\"yoast-breadcrumbs\"><span><span><a href=\"https:\/\/weather-radar-live.com\/it\/\">Weather Radar Live<\/a><\/span> \u00bb <span><a href=\"https:\/\/weather-radar-live.com\/it\/webcam\/\">Webcam<\/a><\/span> \u00bb <span><a href=\"https:\/\/weather-radar-live.com\/it\/webcam\/francia\/\">Francia<\/a><\/span> \u00bb <span class=\"breadcrumb_last\" aria-current=\"page\"><strong>Webcam Semnoz<\/strong><\/span><\/span><\/div>\n\n\n<h2 class=\"has-text-align-center wp-block-heading\" id=\"webcam-fort-mahon\"><strong>Webcam Semnoz<\/strong><\/h2>\n\n\n\n<p>Semnoz, la montagna pi\u00f9 famosa della catena dei Bauges, si trova in Alvernia-Rodano-Alpi. Il Semnoz si estende da Ch\u00e9ran alle rive del Lago di Annecy. Questa montagna dell&#8217;Alta Savoia va da un&#8217;altitudine di 450 metri a 1.699 metri. Vicino al Lago di Annecy, offre un vasto terreno per attivit\u00e0 come snowboard, sci, escursioni in montagna e passeggiate durante tutto l&#8217;anno.<\/p>\n\n\n\n<p>In generale, l&#8217;estate \u00e8 piacevole e le attivit\u00e0 all&#8217;aperto possono essere praticate in larga misura, anche se occasionalmente possono verificarsi temporali e piogge. Tra i luoghi pi\u00f9 popolari di Semnoz c&#8217;\u00e8 un&#8217;area brulla chiamata Cr\u00eat-du- Chatillon. Oltre alle Alpi perennemente innevate, potr\u00e0 vedere anche il lago turchese e la pittoresca citt\u00e0 di Annecy. Se \u00e8 curioso di conoscere gli aggiornamenti meteo e il clima del Semoz, qui trover\u00e0 tutte le informazioni rilevanti che deve sapere.<\/p><div id=\"weath-763604727\" class=\"weath-inhalt_2 weath-entity-placement\" style=\"margin-top: 15px;margin-right: 25px;margin-bottom: 35px;margin-left: 25px;\"><script async src=\"\/\/pagead2.googlesyndication.com\/pagead\/js\/adsbygoogle.js?client=ca-pub-8960936133935804\" crossorigin=\"anonymous\"><\/script><ins class=\"adsbygoogle\" style=\"display:block;\" data-ad-client=\"ca-pub-8960936133935804\" \ndata-ad-slot=\"1963584050\" \ndata-ad-format=\"auto\"><\/ins>\n<script> \n(adsbygoogle = window.adsbygoogle || []).push({}); \n<\/script>\n<\/div>\n\n\n\n<h3 class=\"has-text-align-center wp-block-heading\">\ud83d\udd34 <strong>Webcam Semnoz<\/strong> (Panorama)<\/h3>\n\n\n\n<iframe src=\"https:\/\/app.webcam-hd.com\/semnoz\/semnoz-ski\" style=\"width: 100%; height: 400px; border: none;\" allowfullscreen=\"\"><\/iframe>\n\n\n\n<p><\/p>\n\n\n\n<h3 class=\"has-text-align-center wp-block-heading\">\ud83d\udd34 <strong>Webcam Semnoz<\/strong> Mountain Peak (Panorama)<\/h3>\n\n\n\n<iframe src=\"https:\/\/app.webcam-hd.com\/semnoz\/sommet_tmx\" style=\"width: 100%; height: 400px; border: none;\" allowfullscreen=\"\"><\/iframe>\n\n\n\n<p class=\"has-text-align-center\"><strong><sup>Con un clic del mouse (smartphone: cambia la vista semplicemente toccando) pu\u00f2 spostare la webcam nella direzione che preferisce. Ruotando la rotella del mouse o zoomando con le dita, pu\u00f2 ingrandire la webcam. In alternativa, pu\u00f2 anche utilizzare i pulsanti a tale scopo.<\/sup><\/strong><\/p>\n\n\n\n<div class=\"wp-block-columns is-layout-flex wp-container-core-columns-is-layout-9d6595d7 wp-block-columns-is-layout-flex\">\n<div class=\"wp-block-column webcam-column is-layout-flow wp-block-column-is-layout-flow\">\n<h3 class=\"has-text-align-center wp-block-heading\"><strong> \ud83d\udd34 Webcam Semnoz<\/strong> &#8211; 1699 m<\/h3>\n\n\n\n<a name=\"windy-webcam-timelapse-player\" data-id=\"1457102334\" data-play=\"day\" href=\"https:\/\/windy.com\/webcams\/1457102334\" target=\"_blank\" rel=\"noopener\">Sevrier: Semnoz &#8211; 1 699 m<\/a><script async=\"\" type=\"text\/javascript\" src=\"https:\/\/webcams.windy.com\/webcams\/public\/embed\/script\/player.js\"><\/script>\n<\/div>\n<\/div>\n\n\n\n<h2 class=\"wp-block-heading\" id=\"fort-mahon-today\"><strong><strong>Radar meteo Semnoz &#8211; Il meteo a Semnoz<\/strong><\/strong><\/h2>\n\n\n\n<p><a href=\"https:\/\/weather-radar-live.com\/it\/\">Weather Radar Live<\/a> riceve informazioni su <a href=\"https:\/\/weather-radar-live.com\/it\/nuvole-radar\/\">copertura nuvolosa<\/a>, <a href=\"https:\/\/weather-radar-live.com\/it\/temporali\/\">temporali<\/a>, <a href=\"https:\/\/weather-radar-live.com\/it\/tornado-en-direct\/\">trombe d&#8217;aria<\/a> e <a href=\"https:\/\/weather-radar-live.com\/it\/radar-pioggia\/\">precipitazioni<\/a> e le visualizza in modo facile da capire. La webcam Semnoz le offre aggiornamenti meteo attuali e previsionali. Quindi, se ha programmato un tour a Semnoz, pu\u00f2 navigare sulla mappa e ottenere una stima delle condizioni meteorologiche. Inoltre, pu\u00f2 visualizzare senza problemi le condizioni meteorologiche e, utilizzando il segno + o -, pu\u00f2 ingrandire o ridurre la posizione esatta.<\/p>\n\n\n\n<div class=\"wp-block-columns is-layout-flex wp-container-core-columns-is-layout-9d6595d7 wp-block-columns-is-layout-flex\">\n<div class=\"wp-block-column is-layout-flow wp-block-column-is-layout-flow\" style=\"flex-basis:75%\">\n<iframe loading=\"lazy\" width=\"1300\" height=\"502\" src=\"https:\/\/embed.windy.com\/embed2.html?lat=45.797&amp;lon=5.900&amp;detailLat=45.797&amp;detailLon=5.900&amp;width=1300&amp;height=502&amp;zoom=11&amp;level=surface&amp;overlay=wind&amp;product=ecmwf&amp;menu=&amp;message=&amp;marker=&amp;calendar=now&amp;pressure=&amp;type=map&amp;location=coordinates&amp;detail=&amp;metricWind=default&amp;metricTemp=default&amp;radarRange=-1\" frameborder=\"0\"><\/iframe>\n<\/div>\n\n\n\n<div class=\"wp-block-column is-layout-flow wp-block-column-is-layout-flow\" style=\"flex-basis:25%\">\n<a class=\"weatherwidget-io\" href=\"https:\/\/forecast7.com\/it\/45d906d13\/annecy\/\" data-label_1=\"ANNECY\" data-font=\"Roboto\" data-theme=\"original\" >ANNECY<\/a>\n<script>\n!function(d,s,id){var js,fjs=d.getElementsByTagName(s)[0];if(!d.getElementById(id)){js=d.createElement(s);js.id=id;js.src='https:\/\/weatherwidget.io\/js\/widget.min.js';fjs.parentNode.insertBefore(js,fjs);}}(document,'script','weatherwidget-io-js');\n<\/script>\n<\/div>\n<\/div>\n\n\n\n<h2 class=\"wp-block-heading\" id=\"fort-mahon-weather\"><strong><strong>Il clima a Semnoz<\/strong><\/strong><\/h2>\n\n\n\n<p>Il clima moderatamente continentale di Semnaz permette agli abitanti e ai visitatori di godere di inverni gelidi ed estati calde. A causa della sua vicinanza alle Alpi, il clima \u00e8 piovoso e le nevicate sono piuttosto frequenti in inverno. Durante i periodi di forti correnti atlantiche, le temperature possono essere miti, ma in altri momenti possono scendere sotto lo zero &#8211; anche a -10 \u00b0C (14 \u00b0F).<\/p>\n\n\n\n<p><strong>Temperatura media<\/strong><\/p>\n\n\n\n<p>Durante il mese di gennaio la temperatura media si aggira intorno ai 36\u00b0F o 2,1\u00b0C. Mentre durante il mese pi\u00f9 caldo dell&#8217;anno, cio\u00e8 luglio, la temperatura media \u00e8 di 69\u00b0F o 20,5\u00b0C.<\/p>\n\n\n\n<p><strong>Precipitazioni<\/strong> <\/p>\n\n\n\n<p>Le precipitazioni medie annuali a Semnoz sono di 49,2 pollici o 1.250 millimetri.<\/p>\n\n\n\n<p><strong>Affidabilit\u00e0 delle nevicate <\/strong><\/p>\n\n\n\n<p>I giorni pi\u00f9 amati di Annecy-LeSemnoz sono i Bluebird Powder days, che sono tipicamente caratterizzati da sole e venti leggeri dopo una nevicata molto recente. I giorni di polvere possono portare condizioni meteorologiche pi\u00f9 sfavorevoli, quando la visibilit\u00e0 \u00e8 limitata, ma la neve \u00e8 fresca e profonda per gli amanti della polvere. Alcuni sciatori apprezzano le giornate bluebird pi\u00f9 delle giornate powder, perch\u00e9 si godono le montagne innevate con venti leggeri e condizioni pi\u00f9 calde.<\/p>\n\n\n\n<h2 class=\"wp-block-heading\"><strong><strong>Il comprensorio sciistico alpino<\/strong><\/strong><\/h2>\n\n\n\n<p>Gli sciatori di tutti i livelli possono godere delle 18 piste di Semnoz. Ci sono 6 piste rosse, 7 verdi e 5 blu. Dieci impianti di risalita servono le piste (7 skilift, 2 seggiovie e una funivia). I fronti di neve di Bauges e Annecy si trovano ad un&#8217;altitudine di 1450 metri. Quando le piste salgono a 1704 metri, passano attraverso abeti e prati alpini. Gli amanti del freestyle possono optare per uno snowpark di tipo slopestyle, con moduli (barre di scorrimento, box, jib, ecc.) o moduli integrati (tavoli, spine, ecc.) per eseguire salti, figure e rotazioni.<\/p>\n","protected":false},"excerpt":{"rendered":"<p>Webcam Semnoz Semnoz, la montagna pi\u00f9 famosa della catena dei Bauges, si trova in Alvernia-Rodano-Alpi. Il Semnoz si estende da Ch\u00e9ran alle rive del Lago di Annecy. Questa montagna dell&#8217;Alta Savoia va da un&#8217;altitudine di 450 metri a 1.699 metri. Vicino al Lago di Annecy, offre un vasto terreno per attivit\u00e0 come snowboard, sci, escursioni &#8230; <a title=\"Webcam Semnoz\" class=\"read-more\" href=\"https:\/\/weather-radar-live.com\/it\/webcam\/francia\/webcam-semnoz\/\" aria-label=\"Per saperne di pi\u00f9 su Webcam Semnoz\">Leggi tutto<\/a><\/p>\n","protected":false},"author":1,"featured_media":3822,"parent":4178,"menu_order":0,"comment_status":"closed","ping_status":"closed","template":"","meta":{"footnotes":""},"class_list":["post-5526","page","type-page","status-publish","has-post-thumbnail"],"yoast_head":"<!-- This site is optimized with the Yoast SEO plugin v27.5 - https:\/\/yoast.com\/product\/yoast-seo-wordpress\/ -->\n<title>Webcam Semnoz \u2192 Guardate in diretta!<\/title>\n<meta name=\"description\" content=\"Webcam Semnoz | Webcam di Semnoz! \u2705 Aggiornata per voi in tempo reale! \u2705 Previsioni meteo attuali!\" \/>\n<meta name=\"robots\" content=\"index, follow, max-snippet:-1, max-image-preview:large, max-video-preview:-1\" \/>\n<link rel=\"canonical\" href=\"https:\/\/weather-radar-live.com\/it\/webcam\/francia\/webcam-semnoz\/\" \/>\n<meta property=\"og:locale\" content=\"it_IT\" \/>\n<meta property=\"og:type\" content=\"article\" \/>\n<meta property=\"og:title\" content=\"Webcam Semnoz \u2192 Guardate in diretta!\" \/>\n<meta property=\"og:description\" content=\"Webcam Semnoz | Webcam di Semnoz! \u2705 Aggiornata per voi in tempo reale! \u2705 Previsioni meteo attuali!\" \/>\n<meta property=\"og:url\" content=\"https:\/\/weather-radar-live.com\/it\/webcam\/francia\/webcam-semnoz\/\" \/>\n<meta property=\"og:site_name\" content=\"weather-radar-live.com\" \/>\n<meta property=\"article:modified_time\" content=\"2022-07-20T13:42:50+00:00\" \/>\n<meta property=\"og:image\" content=\"https:\/\/weather-radar-live.com\/wp-content\/uploads\/2022\/04\/Webcam-Semnoz-e1650462287168.jpg\" \/>\n\t<meta property=\"og:image:width\" content=\"1919\" \/>\n\t<meta property=\"og:image:height\" content=\"911\" \/>\n\t<meta property=\"og:image:type\" content=\"image\/jpeg\" \/>\n<meta name=\"twitter:card\" content=\"summary_large_image\" \/>\n<meta name=\"twitter:label1\" content=\"Tempo di lettura stimato\" \/>\n\t<meta name=\"twitter:data1\" content=\"3 minuti\" \/>\n<script type=\"application\/ld+json\" class=\"yoast-schema-graph\">{\"@context\":\"https:\\\/\\\/schema.org\",\"@graph\":[{\"@type\":\"WebPage\",\"@id\":\"https:\\\/\\\/weather-radar-live.com\\\/it\\\/webcam\\\/francia\\\/webcam-semnoz\\\/\",\"url\":\"https:\\\/\\\/weather-radar-live.com\\\/it\\\/webcam\\\/francia\\\/webcam-semnoz\\\/\",\"name\":\"Webcam Semnoz \u2192 Guardate in diretta!\",\"isPartOf\":{\"@id\":\"https:\\\/\\\/weather-radar-live.com\\\/#website\"},\"primaryImageOfPage\":{\"@id\":\"https:\\\/\\\/weather-radar-live.com\\\/it\\\/webcam\\\/francia\\\/webcam-semnoz\\\/#primaryimage\"},\"image\":{\"@id\":\"https:\\\/\\\/weather-radar-live.com\\\/it\\\/webcam\\\/francia\\\/webcam-semnoz\\\/#primaryimage\"},\"thumbnailUrl\":\"https:\\\/\\\/weather-radar-live.com\\\/wp-content\\\/uploads\\\/2022\\\/04\\\/Webcam-Semnoz-e1650462287168.jpg\",\"datePublished\":\"2022-04-20T10:51:55+00:00\",\"dateModified\":\"2022-07-20T13:42:50+00:00\",\"description\":\"Webcam Semnoz | Webcam di Semnoz! \u2705 Aggiornata per voi in tempo reale! \u2705 Previsioni meteo attuali!\",\"breadcrumb\":{\"@id\":\"https:\\\/\\\/weather-radar-live.com\\\/it\\\/webcam\\\/francia\\\/webcam-semnoz\\\/#breadcrumb\"},\"inLanguage\":\"it-IT\",\"potentialAction\":[{\"@type\":\"ReadAction\",\"target\":[\"https:\\\/\\\/weather-radar-live.com\\\/it\\\/webcam\\\/francia\\\/webcam-semnoz\\\/\"]}]},{\"@type\":\"ImageObject\",\"inLanguage\":\"it-IT\",\"@id\":\"https:\\\/\\\/weather-radar-live.com\\\/it\\\/webcam\\\/francia\\\/webcam-semnoz\\\/#primaryimage\",\"url\":\"https:\\\/\\\/weather-radar-live.com\\\/wp-content\\\/uploads\\\/2022\\\/04\\\/Webcam-Semnoz-e1650462287168.jpg\",\"contentUrl\":\"https:\\\/\\\/weather-radar-live.com\\\/wp-content\\\/uploads\\\/2022\\\/04\\\/Webcam-Semnoz-e1650462287168.jpg\",\"width\":1919,\"height\":911,\"caption\":\"Webcam-Semnoz\"},{\"@type\":\"BreadcrumbList\",\"@id\":\"https:\\\/\\\/weather-radar-live.com\\\/it\\\/webcam\\\/francia\\\/webcam-semnoz\\\/#breadcrumb\",\"itemListElement\":[{\"@type\":\"ListItem\",\"position\":1,\"name\":\"Weather Radar Live\",\"item\":\"https:\\\/\\\/weather-radar-live.com\\\/it\\\/\"},{\"@type\":\"ListItem\",\"position\":2,\"name\":\"Webcam\",\"item\":\"https:\\\/\\\/weather-radar-live.com\\\/it\\\/webcam\\\/\"},{\"@type\":\"ListItem\",\"position\":3,\"name\":\"Francia\",\"item\":\"https:\\\/\\\/weather-radar-live.com\\\/it\\\/webcam\\\/francia\\\/\"},{\"@type\":\"ListItem\",\"position\":4,\"name\":\"Webcam Semnoz\"}]},{\"@type\":\"WebSite\",\"@id\":\"https:\\\/\\\/weather-radar-live.com\\\/#website\",\"url\":\"https:\\\/\\\/weather-radar-live.com\\\/\",\"name\":\"weather-radar-live.com\",\"description\":\"Your weather and sky radar.\",\"publisher\":{\"@id\":\"https:\\\/\\\/weather-radar-live.com\\\/#organization\"},\"potentialAction\":[{\"@type\":\"SearchAction\",\"target\":{\"@type\":\"EntryPoint\",\"urlTemplate\":\"https:\\\/\\\/weather-radar-live.com\\\/?s={search_term_string}\"},\"query-input\":{\"@type\":\"PropertyValueSpecification\",\"valueRequired\":true,\"valueName\":\"search_term_string\"}}],\"inLanguage\":\"it-IT\"},{\"@type\":\"Organization\",\"@id\":\"https:\\\/\\\/weather-radar-live.com\\\/#organization\",\"name\":\"weather-radar-live.com\",\"url\":\"https:\\\/\\\/weather-radar-live.com\\\/\",\"logo\":{\"@type\":\"ImageObject\",\"inLanguage\":\"it-IT\",\"@id\":\"https:\\\/\\\/weather-radar-live.com\\\/#\\\/schema\\\/logo\\\/image\\\/\",\"url\":\"https:\\\/\\\/weather-radar-live.com\\\/wp-content\\\/uploads\\\/2022\\\/03\\\/cropped-WRL2503.png\",\"contentUrl\":\"https:\\\/\\\/weather-radar-live.com\\\/wp-content\\\/uploads\\\/2022\\\/03\\\/cropped-WRL2503.png\",\"width\":1920,\"height\":555,\"caption\":\"weather-radar-live.com\"},\"image\":{\"@id\":\"https:\\\/\\\/weather-radar-live.com\\\/#\\\/schema\\\/logo\\\/image\\\/\"}}]}<\/script>\n<!-- \/ Yoast SEO plugin. -->","yoast_head_json":{"title":"Webcam Semnoz \u2192 Guardate in diretta!","description":"Webcam Semnoz | Webcam di Semnoz! \u2705 Aggiornata per voi in tempo reale! \u2705 Previsioni meteo attuali!","robots":{"index":"index","follow":"follow","max-snippet":"max-snippet:-1","max-image-preview":"max-image-preview:large","max-video-preview":"max-video-preview:-1"},"canonical":"https:\/\/weather-radar-live.com\/it\/webcam\/francia\/webcam-semnoz\/","og_locale":"it_IT","og_type":"article","og_title":"Webcam Semnoz \u2192 Guardate in diretta!","og_description":"Webcam Semnoz | Webcam di Semnoz! \u2705 Aggiornata per voi in tempo reale! \u2705 Previsioni meteo attuali!","og_url":"https:\/\/weather-radar-live.com\/it\/webcam\/francia\/webcam-semnoz\/","og_site_name":"weather-radar-live.com","article_modified_time":"2022-07-20T13:42:50+00:00","og_image":[{"width":1919,"height":911,"url":"https:\/\/weather-radar-live.com\/wp-content\/uploads\/2022\/04\/Webcam-Semnoz-e1650462287168.jpg","type":"image\/jpeg"}],"twitter_card":"summary_large_image","twitter_misc":{"Tempo di lettura stimato":"3 minuti"},"schema":{"@context":"https:\/\/schema.org","@graph":[{"@type":"WebPage","@id":"https:\/\/weather-radar-live.com\/it\/webcam\/francia\/webcam-semnoz\/","url":"https:\/\/weather-radar-live.com\/it\/webcam\/francia\/webcam-semnoz\/","name":"Webcam Semnoz \u2192 Guardate in diretta!","isPartOf":{"@id":"https:\/\/weather-radar-live.com\/#website"},"primaryImageOfPage":{"@id":"https:\/\/weather-radar-live.com\/it\/webcam\/francia\/webcam-semnoz\/#primaryimage"},"image":{"@id":"https:\/\/weather-radar-live.com\/it\/webcam\/francia\/webcam-semnoz\/#primaryimage"},"thumbnailUrl":"https:\/\/weather-radar-live.com\/wp-content\/uploads\/2022\/04\/Webcam-Semnoz-e1650462287168.jpg","datePublished":"2022-04-20T10:51:55+00:00","dateModified":"2022-07-20T13:42:50+00:00","description":"Webcam Semnoz | Webcam di Semnoz! \u2705 Aggiornata per voi in tempo reale! \u2705 Previsioni meteo attuali!","breadcrumb":{"@id":"https:\/\/weather-radar-live.com\/it\/webcam\/francia\/webcam-semnoz\/#breadcrumb"},"inLanguage":"it-IT","potentialAction":[{"@type":"ReadAction","target":["https:\/\/weather-radar-live.com\/it\/webcam\/francia\/webcam-semnoz\/"]}]},{"@type":"ImageObject","inLanguage":"it-IT","@id":"https:\/\/weather-radar-live.com\/it\/webcam\/francia\/webcam-semnoz\/#primaryimage","url":"https:\/\/weather-radar-live.com\/wp-content\/uploads\/2022\/04\/Webcam-Semnoz-e1650462287168.jpg","contentUrl":"https:\/\/weather-radar-live.com\/wp-content\/uploads\/2022\/04\/Webcam-Semnoz-e1650462287168.jpg","width":1919,"height":911,"caption":"Webcam-Semnoz"},{"@type":"BreadcrumbList","@id":"https:\/\/weather-radar-live.com\/it\/webcam\/francia\/webcam-semnoz\/#breadcrumb","itemListElement":[{"@type":"ListItem","position":1,"name":"Weather Radar Live","item":"https:\/\/weather-radar-live.com\/it\/"},{"@type":"ListItem","position":2,"name":"Webcam","item":"https:\/\/weather-radar-live.com\/it\/webcam\/"},{"@type":"ListItem","position":3,"name":"Francia","item":"https:\/\/weather-radar-live.com\/it\/webcam\/francia\/"},{"@type":"ListItem","position":4,"name":"Webcam Semnoz"}]},{"@type":"WebSite","@id":"https:\/\/weather-radar-live.com\/#website","url":"https:\/\/weather-radar-live.com\/","name":"weather-radar-live.com","description":"Your weather and sky radar.","publisher":{"@id":"https:\/\/weather-radar-live.com\/#organization"},"potentialAction":[{"@type":"SearchAction","target":{"@type":"EntryPoint","urlTemplate":"https:\/\/weather-radar-live.com\/?s={search_term_string}"},"query-input":{"@type":"PropertyValueSpecification","valueRequired":true,"valueName":"search_term_string"}}],"inLanguage":"it-IT"},{"@type":"Organization","@id":"https:\/\/weather-radar-live.com\/#organization","name":"weather-radar-live.com","url":"https:\/\/weather-radar-live.com\/","logo":{"@type":"ImageObject","inLanguage":"it-IT","@id":"https:\/\/weather-radar-live.com\/#\/schema\/logo\/image\/","url":"https:\/\/weather-radar-live.com\/wp-content\/uploads\/2022\/03\/cropped-WRL2503.png","contentUrl":"https:\/\/weather-radar-live.com\/wp-content\/uploads\/2022\/03\/cropped-WRL2503.png","width":1920,"height":555,"caption":"weather-radar-live.com"},"image":{"@id":"https:\/\/weather-radar-live.com\/#\/schema\/logo\/image\/"}}]}},"_links":{"self":[{"href":"https:\/\/weather-radar-live.com\/it\/wp-json\/wp\/v2\/pages\/5526","targetHints":{"allow":["GET"]}}],"collection":[{"href":"https:\/\/weather-radar-live.com\/it\/wp-json\/wp\/v2\/pages"}],"about":[{"href":"https:\/\/weather-radar-live.com\/it\/wp-json\/wp\/v2\/types\/page"}],"author":[{"embeddable":true,"href":"https:\/\/weather-radar-live.com\/it\/wp-json\/wp\/v2\/users\/1"}],"replies":[{"embeddable":true,"href":"https:\/\/weather-radar-live.com\/it\/wp-json\/wp\/v2\/comments?post=5526"}],"version-history":[{"count":5,"href":"https:\/\/weather-radar-live.com\/it\/wp-json\/wp\/v2\/pages\/5526\/revisions"}],"predecessor-version":[{"id":5567,"href":"https:\/\/weather-radar-live.com\/it\/wp-json\/wp\/v2\/pages\/5526\/revisions\/5567"}],"up":[{"embeddable":true,"href":"https:\/\/weather-radar-live.com\/it\/wp-json\/wp\/v2\/pages\/4178"}],"wp:featuredmedia":[{"embeddable":true,"href":"https:\/\/weather-radar-live.com\/it\/wp-json\/wp\/v2\/media\/3822"}],"wp:attachment":[{"href":"https:\/\/weather-radar-live.com\/it\/wp-json\/wp\/v2\/media?parent=5526"}],"curies":[{"name":"wp","href":"https:\/\/api.w.org\/{rel}","templated":true}]}}