{"id":5419,"date":"2022-04-20T08:23:01","date_gmt":"2022-04-20T06:23:01","guid":{"rendered":"https:\/\/weather-radar-live.com\/webcam\/francia\/webcam-sancy\/"},"modified":"2022-07-20T14:38:35","modified_gmt":"2022-07-20T12:38:35","slug":"webcam-sancy","status":"publish","type":"page","link":"https:\/\/weather-radar-live.com\/it\/webcam\/francia\/webcam-sancy\/","title":{"rendered":"Webcam Sancy"},"content":{"rendered":"<div id=\"weath-2692319192\" class=\"weath-vor-dem-inhalt weath-entity-placement\" style=\"margin-top: 15px;margin-right: 25px;margin-bottom: 40px;margin-left: 25px;\"><script async src=\"\/\/pagead2.googlesyndication.com\/pagead\/js\/adsbygoogle.js?client=ca-pub-8960936133935804\" crossorigin=\"anonymous\"><\/script><ins class=\"adsbygoogle\" style=\"display:block;\" data-ad-client=\"ca-pub-8960936133935804\" \ndata-ad-slot=\"6172817020\" \ndata-ad-format=\"auto\"><\/ins>\n<script> \n(adsbygoogle = window.adsbygoogle || []).push({}); \n<\/script>\n<\/div>\n<div class=\"wp-block-cover alignfull is-light\"><span aria-hidden=\"true\" class=\"wp-block-cover__gradient-background has-background-dim\"><\/span><img decoding=\"async\" class=\"wp-block-cover__image-background wp-image-342\" alt=\"Webcam Sancy\" src=\"https:\/\/weather-radar-live.com\/wp-content\/uploads\/2021\/06\/sam-schooler-E9aetBe2w40-unsplash-e1622554814366.jpg\" data-object-fit=\"cover\"\/><div class=\"wp-block-cover__inner-container is-layout-flow wp-block-cover-is-layout-flow\">\n<h2 class=\"has-text-align-center heading wp-block-heading\" id=\"webcam-fort-mahon\" style=\"font-size:40px\"><strong><mark style=\"background-color:rgba(0, 0, 0, 0)\" class=\"has-inline-color has-base-3-color\">WEBCAM <\/mark><br><mark style=\"background-color:rgba(0, 0, 0, 0)\" class=\"has-inline-color has-base-3-color\">SANCY<\/mark><\/strong><\/h2>\n<\/div><\/div>\n\n\n<div class=\"yoast-breadcrumbs\"><span><span><a href=\"https:\/\/weather-radar-live.com\/it\/\">Weather Radar Live<\/a><\/span> \u00bb <span><a href=\"https:\/\/weather-radar-live.com\/it\/webcam\/\">Webcam<\/a><\/span> \u00bb <span><a href=\"https:\/\/weather-radar-live.com\/it\/webcam\/francia\/\">Francia<\/a><\/span> \u00bb <span class=\"breadcrumb_last\" aria-current=\"page\"><strong>Webcam Sancy<\/strong><\/span><\/span><\/div>\n\n\n<h2 class=\"has-text-align-center wp-block-heading\" id=\"webcam-fort-mahon\"><strong>Webcam Sancy<\/strong><\/h2>\n\n\n\n<p>Sancy \u00e8 una piccola localit\u00e0 della Francia situata nella regione Grand-Est e nel dipartimento Meurthe-et-Moselle. Si trova nella regione della Borgogna e il capoluogo della Borgogna \u00e8 Digione. Quest&#8217;ultima dista circa 121 miglia o 195 km da Sancy. Sancy dista circa 117 miglia o 188 km dalla capitale della Francia, Parigi. Il Puy de Sancy \u00e8 la vetta pi\u00f9 alta del Massiccio Centrale. Conosciuto come il &#8220;Monte della Croce&#8221;, Sancy era uno stratovulcano che ha cessato di essere attivo 220.000 anni fa. Diamo un&#8217;occhiata alla webcam Sancy!<\/p>\n\n\n\n<p>Il risultato delle eruzioni vulcaniche, delle colate laviche, dei ghiacciai e dell&#8217;erosione ha portato a questo incredibile rilievo, che lo rende un luogo da visitare. Il Puy de Sancy \u00e8 lungo 1.885 metri. Nel 1936 sono state costruite delle funivie per collegare Mont-Dore e uno degli aghi in fondo alla vetta. Dal Puy de Sancy si diramano quattro valli: Chaudefour, Biche, Fontaine Sal\u00e9e e Dordogne. Nella parte settentrionale della valle, due torrenti chiamati Dore e Dogne si uniscono per formare la Dordogna, che scorre attraverso il Mont-Dore e sfocia nell&#8217;estuario della Gironda. Se desidera visitare Sancy, il periodo migliore \u00e8 da giugno a settembre. Per ulteriori informazioni relative al tempo e al clima, dia un&#8217;occhiata alle sezioni seguenti che riguardano il Radar meteorologico e il clima di Sancy.<\/p><div id=\"weath-219650488\" class=\"weath-inhalt_2 weath-entity-placement\" style=\"margin-top: 15px;margin-right: 25px;margin-bottom: 35px;margin-left: 25px;\"><script async src=\"\/\/pagead2.googlesyndication.com\/pagead\/js\/adsbygoogle.js?client=ca-pub-8960936133935804\" crossorigin=\"anonymous\"><\/script><ins class=\"adsbygoogle\" style=\"display:block;\" data-ad-client=\"ca-pub-8960936133935804\" \ndata-ad-slot=\"1963584050\" \ndata-ad-format=\"auto\"><\/ins>\n<script> \n(adsbygoogle = window.adsbygoogle || []).push({}); \n<\/script>\n<\/div>\n\n\n\n<h3 class=\"has-text-align-center wp-block-heading\">\ud83d\udd34 <strong>Webcam Sancy<\/strong> Mountain Peak (Panorama)<\/h3>\n\n\n\n<iframe src=\"https:\/\/app.webcam-hd.com\/mont-dore\/sommet\" style=\"width: 100%; height: 400px; border: none;\" allowfullscreen=\"\"><\/iframe>\n\n\n\n<p><\/p>\n\n\n\n<h3 class=\"has-text-align-center wp-block-heading\">\ud83d\udd34 <strong>Webcam Sancy<\/strong> Valley (Panorama)<\/h3>\n\n\n\n<iframe src=\"https:\/\/app.webcam-hd.com\/superbesse\/superbesse_ecole\" style=\"width: 100%; height: 400px; border: none;\" allowfullscreen=\"\"><\/iframe>\n\n\n\n<p class=\"has-text-align-center\"><strong><sup>Con un clic del mouse (smartphone: cambi la visuale semplicemente toccando) pu\u00f2 spostare la webcam nella direzione che preferisce. Ruotando la rotella del mouse o zoomando con le dita, pu\u00f2 ingrandire la webcam. In alternativa, pu\u00f2 anche utilizzare i pulsanti a tale scopo.<\/sup><\/strong><\/p>\n\n\n\n<div class=\"wp-block-columns is-layout-flex wp-container-core-columns-is-layout-9d6595d7 wp-block-columns-is-layout-flex\">\n<div class=\"wp-block-column webcam-column is-layout-flow wp-block-column-is-layout-flow\">\n<h3 class=\"has-text-align-center wp-block-heading\"><strong> \ud83d\udd34 Webcam Sancy<\/strong> Super Bresse<\/h3>\n\n\n\n<a name=\"windy-webcam-timelapse-player\" data-id=\"1484135784\" data-play=\"day\" href=\"https:\/\/windy.com\/webcams\/1484135784\" target=\"_blank\" rel=\"noopener\">Super Besse: Panoramique<\/a><script async=\"\" type=\"text\/javascript\" src=\"https:\/\/webcams.windy.com\/webcams\/public\/embed\/script\/player.js\"><\/script>\n<\/div>\n\n\n\n<div class=\"wp-block-column webcam-column is-layout-flow wp-block-column-is-layout-flow\">\n<h3 class=\"has-text-align-center live-emoji wp-block-heading\"><strong> \ud83d\udd34 Webcam Sancy<\/strong> Mont Dore<\/h3>\n\n\n\n<figure class=\"wp-block-embed is-type-video is-provider-youtube wp-block-embed-youtube wp-embed-aspect-16-9 wp-has-aspect-ratio\"><div class=\"wp-block-embed__wrapper\">\n<iframe loading=\"lazy\" title=\"Mont-Dore : Live\" width=\"1200\" height=\"675\" src=\"https:\/\/www.youtube.com\/embed\/cOXPs4cRbgA?feature=oembed\" frameborder=\"0\" allow=\"accelerometer; autoplay; clipboard-write; encrypted-media; gyroscope; picture-in-picture\" allowfullscreen><\/iframe>\n<\/div><\/figure>\n<\/div>\n<\/div>\n\n\n\n<h2 class=\"wp-block-heading\" id=\"fort-mahon-today\"><strong><strong>Radar meteo Sancy &#8211; Il tempo a Sancy<\/strong><\/strong><\/h2>\n\n\n\n<p>La posizione e i <a href=\"https:\/\/weather-radar-live.com\/it\/tempesta\/\">venti<\/a> prevalenti che arrivano verso la Sancy sono responsabili del maltempo da gennaio ad aprile e da ottobre a dicembre. Potrebbe voler esplorare questo luogo quando il clima \u00e8 piacevole. <a href=\"https:\/\/weather-radar-live.com\/it\/\">Weather Radar Live<\/a> l&#8217;aiuta a navigare nel suo tempo. Dalla <a href=\"https:\/\/weather-radar-live.com\/it\/nuvole-radar\/\">copertura nuvolosa<\/a> ai <a href=\"https:\/\/weather-radar-live.com\/it\/temporali\/\">temporali<\/a>, dalle precipitazioni ai <a href=\"https:\/\/weather-radar-live.com\/it\/tornado-en-direct\/\">tornado<\/a>, analizza tutti i dettagli per offrirle informazioni accurate. Pu\u00f2 ingrandire o rimpicciolire per raggiungere il punto esatto o per conoscere i cambiamenti meteorologici in dettaglio. Quindi, si tenga aggiornato sul tempo e riceva subito le previsioni del tempo.<\/p>\n\n\n\n<div class=\"wp-block-columns is-layout-flex wp-container-core-columns-is-layout-9d6595d7 wp-block-columns-is-layout-flex\">\n<div class=\"wp-block-column is-layout-flow wp-block-column-is-layout-flow\" style=\"flex-basis:75%\">\n<iframe loading=\"lazy\" width=\"1300\" height=\"502\" src=\"https:\/\/embed.windy.com\/embed2.html?lat=45.542&amp;lon=2.802&amp;detailLat=49.476&amp;detailLon=11.048&amp;width=1300&amp;height=502&amp;zoom=11&amp;level=surface&amp;overlay=radar&amp;product=radar&amp;menu=&amp;message=&amp;marker=&amp;calendar=now&amp;pressure=&amp;type=map&amp;location=coordinates&amp;detail=&amp;metricWind=default&amp;metricTemp=default&amp;radarRange=-1\" frameborder=\"0\"><\/iframe>\n<\/div>\n\n\n\n<div class=\"wp-block-column is-layout-flow wp-block-column-is-layout-flow\" style=\"flex-basis:25%\">\n<a class=\"weatherwidget-io\" href=\"https:\/\/forecast7.com\/it\/48d892d96\/sancy\/\" data-label_1=\"SANCY\" data-font=\"Roboto\" data-theme=\"original\" >SANCY<\/a>\n<script>\n!function(d,s,id){var js,fjs=d.getElementsByTagName(s)[0];if(!d.getElementById(id)){js=d.createElement(s);js.id=id;js.src='https:\/\/weatherwidget.io\/js\/widget.min.js';fjs.parentNode.insertBefore(js,fjs);}}(document,'script','weatherwidget-io-js');\n<\/script>\n<\/div>\n<\/div>\n\n\n\n<h2 class=\"wp-block-heading\" id=\"fort-mahon-weather\"><strong><strong>Il clima a Sancy<\/strong><\/strong><\/h2>\n\n\n\n<p>Secondo la classificazione K\u00f6ppen-Geiger, Puy de Sancy ha un clima estivo caldo e oceanico temperato. Esploriamo i cambiamenti climatici a Sancy.<\/p>\n\n\n\n<p><strong>La temperatura <\/strong><\/p>\n\n\n\n<p>A Puy de Sancy, la temperatura massima varia da 4\u00b0C a gennaio a 23\u00b0C ad agosto (massima media 14\u00b0C).<\/p>\n\n\n\n<p><strong>Precipitazioni <\/strong><\/p>\n\n\n\n<p>Un minimo di 73 mm cade a settembre e un massimo di 152 mm a maggio, con un totale annuale di 1290 mm di precipitazioni.<\/p>\n\n\n\n<p><strong>Umidit\u00e0 <\/strong><\/p>\n\n\n\n<p>L&#8217;umidit\u00e0 media rimane di circa il 91% durante tutto l&#8217;anno.<\/p>\n\n\n\n<h2 class=\"wp-block-heading\"><strong>Stazione sciistica di Super-Besse<\/strong><\/h2>\n\n\n\n<p>Sul versante sud-ovest del Sancy si trova un&#8217;altra stazione sciistica, Super-Besse, che offre 125 km di sci di fondo e 43 km di pista di discesa. \u00c8 il luogo perfetto per le attivit\u00e0 avventurose all&#8217;aperto, come l&#8217;escursionismo e l&#8217;alpinismo. Diversi impianti di risalita e funivie salgono sui versanti settentrionale e meridionale della montagna, rendendo i suoi pendii perfetti per lo sci.<\/p>\n\n\n\n<p>Attraverso 120 km di piste, gli sciatori di fondo possono navigare tra gli scintillanti laghi di montagna. L&#8217;area sciistica gode di molto sole grazie al suo orientamento verso sud, che \u00e8 particolarmente apprezzato per evitare gli inverni freddi e i venti rigidi della regione. Super Besse offre lo sci notturno su piste illuminate, oltre a ciaspolate, slittate e persino corsi di biathlon.<\/p>\n","protected":false},"excerpt":{"rendered":"<p>Webcam Sancy Sancy \u00e8 una piccola localit\u00e0 della Francia situata nella regione Grand-Est e nel dipartimento Meurthe-et-Moselle. Si trova nella regione della Borgogna e il capoluogo della Borgogna \u00e8 Digione. Quest&#8217;ultima dista circa 121 miglia o 195 km da Sancy. Sancy dista circa 117 miglia o 188 km dalla capitale della Francia, Parigi. Il Puy &#8230; <a title=\"Webcam Sancy\" class=\"read-more\" href=\"https:\/\/weather-radar-live.com\/it\/webcam\/francia\/webcam-sancy\/\" aria-label=\"Per saperne di pi\u00f9 su Webcam Sancy\">Leggi tutto<\/a><\/p>\n","protected":false},"author":1,"featured_media":3736,"parent":4178,"menu_order":0,"comment_status":"closed","ping_status":"closed","template":"","meta":{"footnotes":""},"class_list":["post-5419","page","type-page","status-publish","has-post-thumbnail"],"yoast_head":"<!-- This site is optimized with the Yoast SEO plugin v27.5 - https:\/\/yoast.com\/product\/yoast-seo-wordpress\/ -->\n<title>Webcam Sancy \u2192 Guardate in diretta!<\/title>\n<meta name=\"description\" content=\"Webcam Sancy | Webcam di Sancy! \u2705 Aggiornata per voi in tempo reale! \u2705 Previsioni meteo attuali!\" \/>\n<meta name=\"robots\" content=\"index, follow, max-snippet:-1, max-image-preview:large, max-video-preview:-1\" \/>\n<link rel=\"canonical\" href=\"https:\/\/weather-radar-live.com\/it\/webcam\/francia\/webcam-sancy\/\" \/>\n<meta property=\"og:locale\" content=\"it_IT\" \/>\n<meta property=\"og:type\" content=\"article\" \/>\n<meta property=\"og:title\" content=\"Webcam Sancy \u2192 Guardate in diretta!\" \/>\n<meta property=\"og:description\" content=\"Webcam Sancy | Webcam di Sancy! \u2705 Aggiornata per voi in tempo reale! \u2705 Previsioni meteo attuali!\" \/>\n<meta property=\"og:url\" content=\"https:\/\/weather-radar-live.com\/it\/webcam\/francia\/webcam-sancy\/\" \/>\n<meta property=\"og:site_name\" content=\"weather-radar-live.com\" \/>\n<meta property=\"article:modified_time\" content=\"2022-07-20T12:38:35+00:00\" \/>\n<meta property=\"og:image\" content=\"https:\/\/weather-radar-live.com\/wp-content\/uploads\/2022\/04\/Webcam-Sancy-e1650441653692.png\" \/>\n\t<meta property=\"og:image:width\" content=\"1366\" \/>\n\t<meta property=\"og:image:height\" content=\"768\" \/>\n\t<meta property=\"og:image:type\" content=\"image\/png\" \/>\n<meta name=\"twitter:card\" content=\"summary_large_image\" \/>\n<meta name=\"twitter:label1\" content=\"Tempo di lettura stimato\" \/>\n\t<meta name=\"twitter:data1\" content=\"3 minuti\" \/>\n<script type=\"application\/ld+json\" class=\"yoast-schema-graph\">{\"@context\":\"https:\\\/\\\/schema.org\",\"@graph\":[{\"@type\":\"WebPage\",\"@id\":\"https:\\\/\\\/weather-radar-live.com\\\/it\\\/webcam\\\/francia\\\/webcam-sancy\\\/\",\"url\":\"https:\\\/\\\/weather-radar-live.com\\\/it\\\/webcam\\\/francia\\\/webcam-sancy\\\/\",\"name\":\"Webcam Sancy \u2192 Guardate in diretta!\",\"isPartOf\":{\"@id\":\"https:\\\/\\\/weather-radar-live.com\\\/#website\"},\"primaryImageOfPage\":{\"@id\":\"https:\\\/\\\/weather-radar-live.com\\\/it\\\/webcam\\\/francia\\\/webcam-sancy\\\/#primaryimage\"},\"image\":{\"@id\":\"https:\\\/\\\/weather-radar-live.com\\\/it\\\/webcam\\\/francia\\\/webcam-sancy\\\/#primaryimage\"},\"thumbnailUrl\":\"https:\\\/\\\/weather-radar-live.com\\\/wp-content\\\/uploads\\\/2022\\\/04\\\/Webcam-Sancy-e1650441653692.png\",\"datePublished\":\"2022-04-20T06:23:01+00:00\",\"dateModified\":\"2022-07-20T12:38:35+00:00\",\"description\":\"Webcam Sancy | Webcam di Sancy! \u2705 Aggiornata per voi in tempo reale! \u2705 Previsioni meteo attuali!\",\"breadcrumb\":{\"@id\":\"https:\\\/\\\/weather-radar-live.com\\\/it\\\/webcam\\\/francia\\\/webcam-sancy\\\/#breadcrumb\"},\"inLanguage\":\"it-IT\",\"potentialAction\":[{\"@type\":\"ReadAction\",\"target\":[\"https:\\\/\\\/weather-radar-live.com\\\/it\\\/webcam\\\/francia\\\/webcam-sancy\\\/\"]}]},{\"@type\":\"ImageObject\",\"inLanguage\":\"it-IT\",\"@id\":\"https:\\\/\\\/weather-radar-live.com\\\/it\\\/webcam\\\/francia\\\/webcam-sancy\\\/#primaryimage\",\"url\":\"https:\\\/\\\/weather-radar-live.com\\\/wp-content\\\/uploads\\\/2022\\\/04\\\/Webcam-Sancy-e1650441653692.png\",\"contentUrl\":\"https:\\\/\\\/weather-radar-live.com\\\/wp-content\\\/uploads\\\/2022\\\/04\\\/Webcam-Sancy-e1650441653692.png\",\"width\":1366,\"height\":768,\"caption\":\"Webcam Sancy\"},{\"@type\":\"BreadcrumbList\",\"@id\":\"https:\\\/\\\/weather-radar-live.com\\\/it\\\/webcam\\\/francia\\\/webcam-sancy\\\/#breadcrumb\",\"itemListElement\":[{\"@type\":\"ListItem\",\"position\":1,\"name\":\"Weather Radar Live\",\"item\":\"https:\\\/\\\/weather-radar-live.com\\\/it\\\/\"},{\"@type\":\"ListItem\",\"position\":2,\"name\":\"Webcam\",\"item\":\"https:\\\/\\\/weather-radar-live.com\\\/it\\\/webcam\\\/\"},{\"@type\":\"ListItem\",\"position\":3,\"name\":\"Francia\",\"item\":\"https:\\\/\\\/weather-radar-live.com\\\/it\\\/webcam\\\/francia\\\/\"},{\"@type\":\"ListItem\",\"position\":4,\"name\":\"Webcam Sancy\"}]},{\"@type\":\"WebSite\",\"@id\":\"https:\\\/\\\/weather-radar-live.com\\\/#website\",\"url\":\"https:\\\/\\\/weather-radar-live.com\\\/\",\"name\":\"weather-radar-live.com\",\"description\":\"Your weather and sky radar.\",\"publisher\":{\"@id\":\"https:\\\/\\\/weather-radar-live.com\\\/#organization\"},\"potentialAction\":[{\"@type\":\"SearchAction\",\"target\":{\"@type\":\"EntryPoint\",\"urlTemplate\":\"https:\\\/\\\/weather-radar-live.com\\\/?s={search_term_string}\"},\"query-input\":{\"@type\":\"PropertyValueSpecification\",\"valueRequired\":true,\"valueName\":\"search_term_string\"}}],\"inLanguage\":\"it-IT\"},{\"@type\":\"Organization\",\"@id\":\"https:\\\/\\\/weather-radar-live.com\\\/#organization\",\"name\":\"weather-radar-live.com\",\"url\":\"https:\\\/\\\/weather-radar-live.com\\\/\",\"logo\":{\"@type\":\"ImageObject\",\"inLanguage\":\"it-IT\",\"@id\":\"https:\\\/\\\/weather-radar-live.com\\\/#\\\/schema\\\/logo\\\/image\\\/\",\"url\":\"https:\\\/\\\/weather-radar-live.com\\\/wp-content\\\/uploads\\\/2022\\\/03\\\/cropped-WRL2503.png\",\"contentUrl\":\"https:\\\/\\\/weather-radar-live.com\\\/wp-content\\\/uploads\\\/2022\\\/03\\\/cropped-WRL2503.png\",\"width\":1920,\"height\":555,\"caption\":\"weather-radar-live.com\"},\"image\":{\"@id\":\"https:\\\/\\\/weather-radar-live.com\\\/#\\\/schema\\\/logo\\\/image\\\/\"}}]}<\/script>\n<!-- \/ Yoast SEO plugin. -->","yoast_head_json":{"title":"Webcam Sancy \u2192 Guardate in diretta!","description":"Webcam Sancy | Webcam di Sancy! \u2705 Aggiornata per voi in tempo reale! \u2705 Previsioni meteo attuali!","robots":{"index":"index","follow":"follow","max-snippet":"max-snippet:-1","max-image-preview":"max-image-preview:large","max-video-preview":"max-video-preview:-1"},"canonical":"https:\/\/weather-radar-live.com\/it\/webcam\/francia\/webcam-sancy\/","og_locale":"it_IT","og_type":"article","og_title":"Webcam Sancy \u2192 Guardate in diretta!","og_description":"Webcam Sancy | Webcam di Sancy! \u2705 Aggiornata per voi in tempo reale! \u2705 Previsioni meteo attuali!","og_url":"https:\/\/weather-radar-live.com\/it\/webcam\/francia\/webcam-sancy\/","og_site_name":"weather-radar-live.com","article_modified_time":"2022-07-20T12:38:35+00:00","og_image":[{"width":1366,"height":768,"url":"https:\/\/weather-radar-live.com\/wp-content\/uploads\/2022\/04\/Webcam-Sancy-e1650441653692.png","type":"image\/png"}],"twitter_card":"summary_large_image","twitter_misc":{"Tempo di lettura stimato":"3 minuti"},"schema":{"@context":"https:\/\/schema.org","@graph":[{"@type":"WebPage","@id":"https:\/\/weather-radar-live.com\/it\/webcam\/francia\/webcam-sancy\/","url":"https:\/\/weather-radar-live.com\/it\/webcam\/francia\/webcam-sancy\/","name":"Webcam Sancy \u2192 Guardate in diretta!","isPartOf":{"@id":"https:\/\/weather-radar-live.com\/#website"},"primaryImageOfPage":{"@id":"https:\/\/weather-radar-live.com\/it\/webcam\/francia\/webcam-sancy\/#primaryimage"},"image":{"@id":"https:\/\/weather-radar-live.com\/it\/webcam\/francia\/webcam-sancy\/#primaryimage"},"thumbnailUrl":"https:\/\/weather-radar-live.com\/wp-content\/uploads\/2022\/04\/Webcam-Sancy-e1650441653692.png","datePublished":"2022-04-20T06:23:01+00:00","dateModified":"2022-07-20T12:38:35+00:00","description":"Webcam Sancy | Webcam di Sancy! \u2705 Aggiornata per voi in tempo reale! \u2705 Previsioni meteo attuali!","breadcrumb":{"@id":"https:\/\/weather-radar-live.com\/it\/webcam\/francia\/webcam-sancy\/#breadcrumb"},"inLanguage":"it-IT","potentialAction":[{"@type":"ReadAction","target":["https:\/\/weather-radar-live.com\/it\/webcam\/francia\/webcam-sancy\/"]}]},{"@type":"ImageObject","inLanguage":"it-IT","@id":"https:\/\/weather-radar-live.com\/it\/webcam\/francia\/webcam-sancy\/#primaryimage","url":"https:\/\/weather-radar-live.com\/wp-content\/uploads\/2022\/04\/Webcam-Sancy-e1650441653692.png","contentUrl":"https:\/\/weather-radar-live.com\/wp-content\/uploads\/2022\/04\/Webcam-Sancy-e1650441653692.png","width":1366,"height":768,"caption":"Webcam Sancy"},{"@type":"BreadcrumbList","@id":"https:\/\/weather-radar-live.com\/it\/webcam\/francia\/webcam-sancy\/#breadcrumb","itemListElement":[{"@type":"ListItem","position":1,"name":"Weather Radar Live","item":"https:\/\/weather-radar-live.com\/it\/"},{"@type":"ListItem","position":2,"name":"Webcam","item":"https:\/\/weather-radar-live.com\/it\/webcam\/"},{"@type":"ListItem","position":3,"name":"Francia","item":"https:\/\/weather-radar-live.com\/it\/webcam\/francia\/"},{"@type":"ListItem","position":4,"name":"Webcam Sancy"}]},{"@type":"WebSite","@id":"https:\/\/weather-radar-live.com\/#website","url":"https:\/\/weather-radar-live.com\/","name":"weather-radar-live.com","description":"Your weather and sky radar.","publisher":{"@id":"https:\/\/weather-radar-live.com\/#organization"},"potentialAction":[{"@type":"SearchAction","target":{"@type":"EntryPoint","urlTemplate":"https:\/\/weather-radar-live.com\/?s={search_term_string}"},"query-input":{"@type":"PropertyValueSpecification","valueRequired":true,"valueName":"search_term_string"}}],"inLanguage":"it-IT"},{"@type":"Organization","@id":"https:\/\/weather-radar-live.com\/#organization","name":"weather-radar-live.com","url":"https:\/\/weather-radar-live.com\/","logo":{"@type":"ImageObject","inLanguage":"it-IT","@id":"https:\/\/weather-radar-live.com\/#\/schema\/logo\/image\/","url":"https:\/\/weather-radar-live.com\/wp-content\/uploads\/2022\/03\/cropped-WRL2503.png","contentUrl":"https:\/\/weather-radar-live.com\/wp-content\/uploads\/2022\/03\/cropped-WRL2503.png","width":1920,"height":555,"caption":"weather-radar-live.com"},"image":{"@id":"https:\/\/weather-radar-live.com\/#\/schema\/logo\/image\/"}}]}},"_links":{"self":[{"href":"https:\/\/weather-radar-live.com\/it\/wp-json\/wp\/v2\/pages\/5419","targetHints":{"allow":["GET"]}}],"collection":[{"href":"https:\/\/weather-radar-live.com\/it\/wp-json\/wp\/v2\/pages"}],"about":[{"href":"https:\/\/weather-radar-live.com\/it\/wp-json\/wp\/v2\/types\/page"}],"author":[{"embeddable":true,"href":"https:\/\/weather-radar-live.com\/it\/wp-json\/wp\/v2\/users\/1"}],"replies":[{"embeddable":true,"href":"https:\/\/weather-radar-live.com\/it\/wp-json\/wp\/v2\/comments?post=5419"}],"version-history":[{"count":1,"href":"https:\/\/weather-radar-live.com\/it\/wp-json\/wp\/v2\/pages\/5419\/revisions"}],"predecessor-version":[{"id":5440,"href":"https:\/\/weather-radar-live.com\/it\/wp-json\/wp\/v2\/pages\/5419\/revisions\/5440"}],"up":[{"embeddable":true,"href":"https:\/\/weather-radar-live.com\/it\/wp-json\/wp\/v2\/pages\/4178"}],"wp:featuredmedia":[{"embeddable":true,"href":"https:\/\/weather-radar-live.com\/it\/wp-json\/wp\/v2\/media\/3736"}],"wp:attachment":[{"href":"https:\/\/weather-radar-live.com\/it\/wp-json\/wp\/v2\/media?parent=5419"}],"curies":[{"name":"wp","href":"https:\/\/api.w.org\/{rel}","templated":true}]}}