{"id":5302,"date":"2022-04-21T12:13:22","date_gmt":"2022-04-21T10:13:22","guid":{"rendered":"https:\/\/weather-radar-live.com\/webcam\/francia\/webcam-les-gets\/"},"modified":"2022-07-20T12:18:00","modified_gmt":"2022-07-20T10:18:00","slug":"webcam-les-gets","status":"publish","type":"page","link":"https:\/\/weather-radar-live.com\/it\/webcam\/francia\/webcam-les-gets\/","title":{"rendered":"Webcam Les Gets"},"content":{"rendered":"<div id=\"weath-562790402\" class=\"weath-vor-dem-inhalt weath-entity-placement\" style=\"margin-top: 15px;margin-right: 25px;margin-bottom: 40px;margin-left: 25px;\"><script async src=\"\/\/pagead2.googlesyndication.com\/pagead\/js\/adsbygoogle.js?client=ca-pub-8960936133935804\" crossorigin=\"anonymous\"><\/script><ins class=\"adsbygoogle\" style=\"display:block;\" data-ad-client=\"ca-pub-8960936133935804\" \ndata-ad-slot=\"6172817020\" \ndata-ad-format=\"auto\"><\/ins>\n<script> \n(adsbygoogle = window.adsbygoogle || []).push({}); \n<\/script>\n<\/div>\n<div class=\"wp-block-cover alignfull is-light\"><span aria-hidden=\"true\" class=\"wp-block-cover__gradient-background has-background-dim\"><\/span><img decoding=\"async\" class=\"wp-block-cover__image-background wp-image-342\" alt=\"Webcam Les Gets \" src=\"https:\/\/weather-radar-live.com\/wp-content\/uploads\/2021\/06\/sam-schooler-E9aetBe2w40-unsplash-e1622554814366.jpg\" data-object-fit=\"cover\"\/><div class=\"wp-block-cover__inner-container is-layout-flow wp-block-cover-is-layout-flow\">\n<h2 class=\"has-text-align-center heading wp-block-heading\" id=\"webcam-fort-mahon\" style=\"font-size:40px\"><strong><mark style=\"background-color:rgba(0, 0, 0, 0)\" class=\"has-inline-color has-base-3-color\">WEBCAM <\/mark><\/strong><br><strong><mark style=\"background-color:rgba(0, 0, 0, 0)\" class=\"has-inline-color has-base-3-color\">LES GETS<\/mark><\/strong><\/h2>\n<\/div><\/div>\n\n\n<div class=\"yoast-breadcrumbs\"><span><span><a href=\"https:\/\/weather-radar-live.com\/it\/\">Weather Radar Live<\/a><\/span> \u00bb <span><a href=\"https:\/\/weather-radar-live.com\/it\/webcam\/\">Webcam<\/a><\/span> \u00bb <span><a href=\"https:\/\/weather-radar-live.com\/it\/webcam\/francia\/\">Francia<\/a><\/span> \u00bb <span class=\"breadcrumb_last\" aria-current=\"page\"><strong>Webcam Les Gets<\/strong><\/span><\/span><\/div>\n\n\n<h2 class=\"has-text-align-center wp-block-heading\" id=\"webcam-fort-mahon\"><strong>Webcam <strong>Les Gets<\/strong><\/strong><\/h2>\n\n\n\n<p>Nella regione Auvergne-Rh\u00f4ne-Alpes, Les Gets \u00e8 un comune situato nel sud-est della Francia, nella provincia francese dell&#8217;Alta Savoia. Si tratta essenzialmente di un villaggio di montagna francese che si \u00e8 sviluppato in una popolare localit\u00e0 turistica. Questa grande area collega molti villaggi e zone vicine con impianti di risalita e piste. Inoltre, le salumerie, le fromagerie e le pasticcerie locali, che conferiscono alla zona un&#8217;atmosfera autentica e artigianale, rendono questo villaggio una destinazione da non perdere.<\/p>\n\n\n\n<p>Le famiglie troveranno la localit\u00e0 accogliente grazie al calore generale, alla facilit\u00e0 di navigazione e alla manciata di piste da sci facili. Se \u00e8 interessato a conoscere il tempo, il clima e la famosa localit\u00e0 di Les Gets, in questo articolo le forniremo tutte le informazioni pertinenti.<\/p><div id=\"weath-3278853520\" class=\"weath-inhalt_2 weath-entity-placement\" style=\"margin-top: 15px;margin-right: 25px;margin-bottom: 35px;margin-left: 25px;\"><script async src=\"\/\/pagead2.googlesyndication.com\/pagead\/js\/adsbygoogle.js?client=ca-pub-8960936133935804\" crossorigin=\"anonymous\"><\/script><ins class=\"adsbygoogle\" style=\"display:block;\" data-ad-client=\"ca-pub-8960936133935804\" \ndata-ad-slot=\"1963584050\" \ndata-ad-format=\"auto\"><\/ins>\n<script> \n(adsbygoogle = window.adsbygoogle || []).push({}); \n<\/script>\n<\/div>\n\n\n\n<div class=\"wp-block-columns is-layout-flex wp-container-core-columns-is-layout-9d6595d7 wp-block-columns-is-layout-flex\">\n<div class=\"wp-block-column webcam-column is-layout-flow wp-block-column-is-layout-flow\">\n<h3 class=\"has-text-align-center live-emoji wp-block-heading\"> \ud83d\udd34 <strong>Webcam <strong><strong>Les Gets<\/strong><\/strong><\/strong> Sommet Ch\u00e9ry (Panorama)<\/h3>\n\n\n\n<iframe src=\"https:\/\/app.webcam-hd.com\/lesgets\/les_gets_sommet-chery\" style=\"width: 100%; height: 400px; border: none;\" allowfullscreen=\"\"><\/iframe>\n\n\n\n<p><\/p>\n\n\n\n<h3 class=\"has-text-align-center wp-block-heading\">\ud83d\udd34 <strong>Webcam <strong><strong>Les Gets<\/strong><\/strong><\/strong> Picco di montagna (Panorama)<\/h3>\n\n\n\n<iframe src=\"https:\/\/app.webcam-hd.com\/lesgets\/lesgets_chavannes\" style=\"width: 100%; height: 400px; border: none;\" allowfullscreen=\"\"><\/iframe>\n\n\n\n<p class=\"has-text-align-center\"><strong><sup>Con un clic del mouse (smartphone: cambi la visuale semplicemente toccando) pu\u00f2 spostare la webcam nella direzione che preferisce. Ruotando la rotella del mouse o zoomando con le dita, pu\u00f2 ingrandire la webcam. In alternativa, pu\u00f2 anche utilizzare i pulsanti a questo scopo.<\/sup><\/strong><\/p>\n\n\n\n<h3 class=\"has-text-align-center wp-block-heading\">\ud83d\udd34 <strong>Webcam <strong><strong>Les Gets<\/strong><\/strong><\/strong> Village centro <\/h3>\n\n\n\n<iframe src=\"https:\/\/app.webcam-hd.com\/lesgets\/les_gets_centre-village\" style=\"width: 100%; height: 400px; border: none;\" allowfullscreen=\"\"><\/iframe>\n\n\n\n<p><\/p>\n\n\n\n<div class=\"wp-block-columns is-layout-flex wp-container-core-columns-is-layout-9d6595d7 wp-block-columns-is-layout-flex\">\n<div class=\"wp-block-column is-layout-flow wp-block-column-is-layout-flow\">\n<h3 class=\"has-text-align-center wp-block-heading\"><strong>\ud83d\udd34 Webcam<\/strong> Les<strong> <strong><strong><strong>Gets<\/strong><\/strong><\/strong><\/strong> Front (Panorama)<\/h3>\n\n\n\n<iframe src=\"https:\/\/app.webcam-hd.com\/lesgets\/front-de-neige-panoramique\" style=\"width: 100%; height: 400px; border: none;\" allowfullscreen=\"\"><\/iframe>\n<\/div>\n\n\n\n<div class=\"wp-block-column is-layout-flow wp-block-column-is-layout-flow\">\n<h3 class=\"has-text-align-center wp-block-heading\"><strong> \ud83d\udd34 Webcam<\/strong> Les<strong> <strong><strong><strong>Gets<\/strong><\/strong><\/strong><\/strong> Ranfoilly<\/h3>\n\n\n\n<figure class=\"wp-block-embed is-type-video is-provider-youtube wp-block-embed-youtube wp-embed-aspect-16-9 wp-has-aspect-ratio\"><div class=\"wp-block-embed__wrapper\">\n<iframe loading=\"lazy\" title=\"Les Gets - D\u00e9part Ranfoilly\" width=\"1200\" height=\"675\" src=\"https:\/\/www.youtube.com\/embed\/Q54SkOueJNk?feature=oembed\" frameborder=\"0\" allow=\"accelerometer; autoplay; clipboard-write; encrypted-media; gyroscope; picture-in-picture\" allowfullscreen><\/iframe>\n<\/div><\/figure>\n<\/div>\n<\/div>\n\n\n\n<div class=\"wp-block-columns webcam-spalte is-layout-flex wp-container-core-columns-is-layout-9d6595d7 wp-block-columns-is-layout-flex\">\n<div class=\"wp-block-column is-layout-flow wp-block-column-is-layout-flow\">\n<h3 class=\"has-text-align-center wp-block-heading\"><strong> \ud83d\udd34 <strong>Webcam<\/strong> <\/strong>Les<strong> <strong> <strong><strong><strong>Gets<\/strong><\/strong><\/strong><\/strong> <\/strong>Chavannes<\/h3>\n\n\n\n<figure class=\"wp-block-embed is-type-video is-provider-youtube wp-block-embed-youtube wp-embed-aspect-16-9 wp-has-aspect-ratio\"><div class=\"wp-block-embed__wrapper\">\n<iframe loading=\"lazy\" title=\"Les Gets - Chavannes\" width=\"1200\" height=\"675\" src=\"https:\/\/www.youtube.com\/embed\/lBoKvilf9sU?feature=oembed\" frameborder=\"0\" allow=\"accelerometer; autoplay; clipboard-write; encrypted-media; gyroscope; picture-in-picture\" allowfullscreen><\/iframe>\n<\/div><\/figure>\n<\/div>\n\n\n\n<div class=\"wp-block-column is-layout-flow wp-block-column-is-layout-flow\">\n<h3 class=\"has-text-align-center wp-block-heading\"><strong><strong> \ud83d\udd34 Webcam <strong><strong><strong><strong><strong>Les Gets<\/strong><\/strong><\/strong><\/strong><\/strong><\/strong><\/strong> Villaggio Nord Est<\/h3>\n\n\n\n<a name=\"windy-webcam-timelapse-player\" data-id=\"1513169372\" data-play=\"day\" href=\"https:\/\/windy.com\/webcams\/1513169372\" target=\"_blank\" rel=\"noopener\">Les Gets &#8216; Nord-Ost: Villaggio di Les Gets<\/a><script async=\"\" type=\"text\/javascript\" src=\"https:\/\/webcams.windy.com\/webcams\/public\/embed\/script\/player.js\"><\/script>\n<\/div>\n<\/div>\n<\/div>\n<\/div>\n\n\n\n<h2 class=\"wp-block-heading\" id=\"fort-mahon-today\"><strong>Radar meteo Les Gets<\/strong> &#8211; <strong>Il meteo a Les Gets<\/strong><\/h2>\n\n\n\n<p>Se desidera ottenere informazioni relative a <strong><a href=\"https:\/\/weather-radar-live.com\/it\/radar-neve\/\">condizioni della neve<\/a><\/strong>, <strong><a href=\"https:\/\/weather-radar-live.com\/it\/temporali\/\">temporali<\/a><\/strong>, <strong><a href=\"https:\/\/weather-radar-live.com\/it\/radar-pioggia\/\">precipitazioni<\/a><\/strong>, <strong><a href=\"https:\/\/weather-radar-live.com\/it\/tornado-en-direct\/\">tornado<\/a><\/strong>, e <strong><a href=\"https:\/\/weather-radar-live.com\/it\/nuvole-radar\/\">copertura nuvolosa<\/a><\/strong>, <strong><a href=\"https:\/\/weather-radar-live.com\/it\/\">Radar meteo in diretta<\/a><\/strong> l&#8217;hanno coperta. In questa sezione, ricever\u00e0 un aggiornamento e previsioni meteo dettagliate di Les Gets, Francia. Fortunatamente, i pendii fortemente boscosi di Les Gets offrono una buona protezione meteorologica. Se desidera rimanere aggiornato sul tempo, i nostri modelli di previsioni meteo le offriranno aggiornamenti meteo accurati.<\/p>\n\n\n\n<div class=\"wp-block-columns is-layout-flex wp-container-core-columns-is-layout-9d6595d7 wp-block-columns-is-layout-flex\">\n<div class=\"wp-block-column is-layout-flow wp-block-column-is-layout-flow\" style=\"flex-basis:75%\">\n<iframe loading=\"lazy\" width=\"1300\" height=\"502\" src=\"https:\/\/embed.windy.com\/embed2.html?lat=46.153&amp;lon=5.015&amp;detailLat=46.153&amp;detailLon=5.015&amp;width=1300&amp;height=502&amp;zoom=8&amp;level=surface&amp;overlay=wind&amp;product=ecmwf&amp;menu=&amp;message=&amp;marker=&amp;calendar=now&amp;pressure=&amp;type=map&amp;location=coordinates&amp;detail=&amp;metricWind=default&amp;metricTemp=default&amp;radarRange=-1\" frameborder=\"0\"><\/iframe>\n<\/div>\n\n\n\n<div class=\"wp-block-column is-layout-flow wp-block-column-is-layout-flow\" style=\"flex-basis:25%\">\n<a class=\"weatherwidget-io\" href=\"https:\/\/forecast7.com\/it\/46d166d67\/les-gets\/\" data-label_1=\"LES GETS\" data-font=\"Roboto\" data-theme=\"original\">LES GETS<\/a>\n<script>\n!function(d,s,id){var js,fjs=d.getElementsByTagName(s)[0];if(!d.getElementById(id)){js=d.createElement(s);js.id=id;js.src='https:\/\/weatherwidget.io\/js\/widget.min.js';fjs.parentNode.insertBefore(js,fjs);}}(document,'script','weatherwidget-io-js');\n<\/script>\n<\/div>\n<\/div>\n\n\n\n<h2 class=\"wp-block-heading\" id=\"fort-mahon-weather\"><strong>Il clima a Les Gets<\/strong><\/h2>\n\n\n\n<p>Les Gets ha un clima freddo e temperato. Con il 95% delle piste al di sotto dei 2000 metri a Les Gets, le precipitazioni non sono un problema, ma lo \u00e8 l&#8217;altitudine. La regione pu\u00f2 ricevere molta neve, ma l&#8217;area pu\u00f2 anche soffrire di un clima caldo &#8211; e la copertura nevosa pu\u00f2 essere discontinua in basso.<\/p>\n\n\n\n<p>Copertura nevosa generale: 3\/5<\/p>\n\n\n\n<p>Potenziale di neve fresca: 2.5\/5<\/p>\n\n\n\n<p>Nella zona superiore, la qualit\u00e0 della neve \u00e8 3\/5<\/p>\n\n\n\n<p>Qualit\u00e0 della neve (in basso): 2\/5<\/p>\n\n\n\n<p>Neve a livello del resort: 2\/5<\/p>\n\n\n\n<p><strong>La temperatura <\/strong><\/p>\n\n\n\n<p>La temperatura media annuale di Les Gets \u00e8 di 3,7 \u00b0C.<\/p>\n\n\n\n<p><strong>Precipitazioni <\/strong> <\/p>\n\n\n\n<p>Qui cadono circa 1802 mm di precipitazioni all&#8217;anno.<\/p>\n\n\n\n<p><strong>Precipitazioni <\/strong><\/p>\n\n\n\n<p>Le precipitazioni nel mese pi\u00f9 secco (febbraio) sono di 4,6 pollici o 117 mm. Le precipitazioni maggiori registrate nel mese di luglio sono di 7,8 pollici o 198 mm.<\/p>\n\n\n\n<h2 class=\"wp-block-heading\"><strong><strong>Stazione sciistica di Les Gets<\/strong> <\/strong><\/h2>\n\n\n\n<p>Si tratta di una stazione sciistica eco-consapevole, molto rinomata, estremamente conveniente e adatta alle famiglie. L&#8217;altezza della stazione di Les Gets \u00e8 di 1170 metri e ha piste di 950-2275 metri Portes du Soleil. Inoltre, le sue piste sono 650 km di Portes du Soleil. La stazione sciistica di Les Gets offre una variet\u00e0 di ottimi ristoranti, una vivace vita notturna e una pista di pattinaggio sul ghiaccio nel centro del resort. L&#8217;altezza della stazione di Les Gets \u00e8 di 1170 metri e ha piste di 950-2275 metri Portes du Soleil. Inoltre, le sue piste sono 650 km di Portes du Soleil. Lo trover\u00e0 un luogo perfetto per rilassarsi tra la Chatel savoiarda e la vivace citt\u00e0 festaiola di Morzine. Le foreste di pini sono intervallate da piste per tutti i livelli di abilit\u00e0 in questa deliziosa stazione sciistica.<\/p>\n\n\n\n<p>La stagione sciistica a Les Gets va da dicembre ad aprile. Quest&#8217;area \u00e8 perfetta per gli sciatori di tutti i livelli. Snowboarder e sciatori possono utilizzare gli impianti di risalita di Chavannes per accedere alle piste di Nyon e Le Pleney, nonch\u00e9 ad altre piste condivise con la vicina Morzine. Inoltre, consente di accedere alla regione di Portes du Soleil e oltre con gli sci. La gondola consente di accedere a terreni intermedi e avanzati al di sopra della linea degli alberi, offrendo fantastiche viste sul Monte Bianco.<\/p>\n","protected":false},"excerpt":{"rendered":"<p>Webcam Les Gets Nella regione Auvergne-Rh\u00f4ne-Alpes, Les Gets \u00e8 un comune situato nel sud-est della Francia, nella provincia francese dell&#8217;Alta Savoia. Si tratta essenzialmente di un villaggio di montagna francese che si \u00e8 sviluppato in una popolare localit\u00e0 turistica. Questa grande area collega molti villaggi e zone vicine con impianti di risalita e piste. Inoltre, &#8230; <a title=\"Webcam Les Gets\" class=\"read-more\" href=\"https:\/\/weather-radar-live.com\/it\/webcam\/francia\/webcam-les-gets\/\" aria-label=\"Per saperne di pi\u00f9 su Webcam Les Gets\">Leggi tutto<\/a><\/p>\n","protected":false},"author":1,"featured_media":3856,"parent":4178,"menu_order":0,"comment_status":"closed","ping_status":"closed","template":"","meta":{"footnotes":""},"class_list":["post-5302","page","type-page","status-publish","has-post-thumbnail"],"yoast_head":"<!-- This site is optimized with the Yoast SEO plugin v27.5 - https:\/\/yoast.com\/product\/yoast-seo-wordpress\/ -->\n<title>Webcam Les Gets \u2192 Guardate in diretta!<\/title>\n<meta name=\"description\" content=\"Webcam Les Gets | Webcam di Les Gets! \u2705 Aggiornata per voi in tempo reale! \u2705 Previsioni meteo attuali!\" \/>\n<meta name=\"robots\" content=\"index, follow, max-snippet:-1, max-image-preview:large, max-video-preview:-1\" \/>\n<link rel=\"canonical\" href=\"https:\/\/weather-radar-live.com\/it\/webcam\/francia\/webcam-les-gets\/\" \/>\n<meta property=\"og:locale\" content=\"it_IT\" \/>\n<meta property=\"og:type\" content=\"article\" \/>\n<meta property=\"og:title\" content=\"Webcam Les Gets \u2192 Guardate in diretta!\" \/>\n<meta property=\"og:description\" content=\"Webcam Les Gets | Webcam di Les Gets! \u2705 Aggiornata per voi in tempo reale! \u2705 Previsioni meteo attuali!\" \/>\n<meta property=\"og:url\" content=\"https:\/\/weather-radar-live.com\/it\/webcam\/francia\/webcam-les-gets\/\" \/>\n<meta property=\"og:site_name\" content=\"weather-radar-live.com\" \/>\n<meta property=\"article:modified_time\" content=\"2022-07-20T10:18:00+00:00\" \/>\n<meta property=\"og:image\" content=\"https:\/\/weather-radar-live.com\/wp-content\/uploads\/2022\/04\/Webcam-Les-Gets-e1650536387683.jpg\" \/>\n\t<meta property=\"og:image:width\" content=\"1920\" \/>\n\t<meta property=\"og:image:height\" content=\"622\" \/>\n\t<meta property=\"og:image:type\" content=\"image\/jpeg\" \/>\n<meta name=\"twitter:card\" content=\"summary_large_image\" \/>\n<meta name=\"twitter:label1\" content=\"Tempo di lettura stimato\" \/>\n\t<meta name=\"twitter:data1\" content=\"4 minuti\" \/>\n<script type=\"application\/ld+json\" class=\"yoast-schema-graph\">{\"@context\":\"https:\\\/\\\/schema.org\",\"@graph\":[{\"@type\":\"WebPage\",\"@id\":\"https:\\\/\\\/weather-radar-live.com\\\/it\\\/webcam\\\/francia\\\/webcam-les-gets\\\/\",\"url\":\"https:\\\/\\\/weather-radar-live.com\\\/it\\\/webcam\\\/francia\\\/webcam-les-gets\\\/\",\"name\":\"Webcam Les Gets \u2192 Guardate in diretta!\",\"isPartOf\":{\"@id\":\"https:\\\/\\\/weather-radar-live.com\\\/#website\"},\"primaryImageOfPage\":{\"@id\":\"https:\\\/\\\/weather-radar-live.com\\\/it\\\/webcam\\\/francia\\\/webcam-les-gets\\\/#primaryimage\"},\"image\":{\"@id\":\"https:\\\/\\\/weather-radar-live.com\\\/it\\\/webcam\\\/francia\\\/webcam-les-gets\\\/#primaryimage\"},\"thumbnailUrl\":\"https:\\\/\\\/weather-radar-live.com\\\/wp-content\\\/uploads\\\/2022\\\/04\\\/Webcam-Les-Gets-e1650536387683.jpg\",\"datePublished\":\"2022-04-21T10:13:22+00:00\",\"dateModified\":\"2022-07-20T10:18:00+00:00\",\"description\":\"Webcam Les Gets | Webcam di Les Gets! \u2705 Aggiornata per voi in tempo reale! \u2705 Previsioni meteo attuali!\",\"breadcrumb\":{\"@id\":\"https:\\\/\\\/weather-radar-live.com\\\/it\\\/webcam\\\/francia\\\/webcam-les-gets\\\/#breadcrumb\"},\"inLanguage\":\"it-IT\",\"potentialAction\":[{\"@type\":\"ReadAction\",\"target\":[\"https:\\\/\\\/weather-radar-live.com\\\/it\\\/webcam\\\/francia\\\/webcam-les-gets\\\/\"]}]},{\"@type\":\"ImageObject\",\"inLanguage\":\"it-IT\",\"@id\":\"https:\\\/\\\/weather-radar-live.com\\\/it\\\/webcam\\\/francia\\\/webcam-les-gets\\\/#primaryimage\",\"url\":\"https:\\\/\\\/weather-radar-live.com\\\/wp-content\\\/uploads\\\/2022\\\/04\\\/Webcam-Les-Gets-e1650536387683.jpg\",\"contentUrl\":\"https:\\\/\\\/weather-radar-live.com\\\/wp-content\\\/uploads\\\/2022\\\/04\\\/Webcam-Les-Gets-e1650536387683.jpg\",\"width\":1920,\"height\":622,\"caption\":\"Webcam Les Gets\"},{\"@type\":\"BreadcrumbList\",\"@id\":\"https:\\\/\\\/weather-radar-live.com\\\/it\\\/webcam\\\/francia\\\/webcam-les-gets\\\/#breadcrumb\",\"itemListElement\":[{\"@type\":\"ListItem\",\"position\":1,\"name\":\"Weather Radar Live\",\"item\":\"https:\\\/\\\/weather-radar-live.com\\\/it\\\/\"},{\"@type\":\"ListItem\",\"position\":2,\"name\":\"Webcam\",\"item\":\"https:\\\/\\\/weather-radar-live.com\\\/it\\\/webcam\\\/\"},{\"@type\":\"ListItem\",\"position\":3,\"name\":\"Francia\",\"item\":\"https:\\\/\\\/weather-radar-live.com\\\/it\\\/webcam\\\/francia\\\/\"},{\"@type\":\"ListItem\",\"position\":4,\"name\":\"Webcam Les Gets\"}]},{\"@type\":\"WebSite\",\"@id\":\"https:\\\/\\\/weather-radar-live.com\\\/#website\",\"url\":\"https:\\\/\\\/weather-radar-live.com\\\/\",\"name\":\"weather-radar-live.com\",\"description\":\"Your weather and sky radar.\",\"publisher\":{\"@id\":\"https:\\\/\\\/weather-radar-live.com\\\/#organization\"},\"potentialAction\":[{\"@type\":\"SearchAction\",\"target\":{\"@type\":\"EntryPoint\",\"urlTemplate\":\"https:\\\/\\\/weather-radar-live.com\\\/?s={search_term_string}\"},\"query-input\":{\"@type\":\"PropertyValueSpecification\",\"valueRequired\":true,\"valueName\":\"search_term_string\"}}],\"inLanguage\":\"it-IT\"},{\"@type\":\"Organization\",\"@id\":\"https:\\\/\\\/weather-radar-live.com\\\/#organization\",\"name\":\"weather-radar-live.com\",\"url\":\"https:\\\/\\\/weather-radar-live.com\\\/\",\"logo\":{\"@type\":\"ImageObject\",\"inLanguage\":\"it-IT\",\"@id\":\"https:\\\/\\\/weather-radar-live.com\\\/#\\\/schema\\\/logo\\\/image\\\/\",\"url\":\"https:\\\/\\\/weather-radar-live.com\\\/wp-content\\\/uploads\\\/2022\\\/03\\\/cropped-WRL2503.png\",\"contentUrl\":\"https:\\\/\\\/weather-radar-live.com\\\/wp-content\\\/uploads\\\/2022\\\/03\\\/cropped-WRL2503.png\",\"width\":1920,\"height\":555,\"caption\":\"weather-radar-live.com\"},\"image\":{\"@id\":\"https:\\\/\\\/weather-radar-live.com\\\/#\\\/schema\\\/logo\\\/image\\\/\"}}]}<\/script>\n<!-- \/ Yoast SEO plugin. -->","yoast_head_json":{"title":"Webcam Les Gets \u2192 Guardate in diretta!","description":"Webcam Les Gets | Webcam di Les Gets! \u2705 Aggiornata per voi in tempo reale! \u2705 Previsioni meteo attuali!","robots":{"index":"index","follow":"follow","max-snippet":"max-snippet:-1","max-image-preview":"max-image-preview:large","max-video-preview":"max-video-preview:-1"},"canonical":"https:\/\/weather-radar-live.com\/it\/webcam\/francia\/webcam-les-gets\/","og_locale":"it_IT","og_type":"article","og_title":"Webcam Les Gets \u2192 Guardate in diretta!","og_description":"Webcam Les Gets | Webcam di Les Gets! \u2705 Aggiornata per voi in tempo reale! \u2705 Previsioni meteo attuali!","og_url":"https:\/\/weather-radar-live.com\/it\/webcam\/francia\/webcam-les-gets\/","og_site_name":"weather-radar-live.com","article_modified_time":"2022-07-20T10:18:00+00:00","og_image":[{"width":1920,"height":622,"url":"https:\/\/weather-radar-live.com\/wp-content\/uploads\/2022\/04\/Webcam-Les-Gets-e1650536387683.jpg","type":"image\/jpeg"}],"twitter_card":"summary_large_image","twitter_misc":{"Tempo di lettura stimato":"4 minuti"},"schema":{"@context":"https:\/\/schema.org","@graph":[{"@type":"WebPage","@id":"https:\/\/weather-radar-live.com\/it\/webcam\/francia\/webcam-les-gets\/","url":"https:\/\/weather-radar-live.com\/it\/webcam\/francia\/webcam-les-gets\/","name":"Webcam Les Gets \u2192 Guardate in diretta!","isPartOf":{"@id":"https:\/\/weather-radar-live.com\/#website"},"primaryImageOfPage":{"@id":"https:\/\/weather-radar-live.com\/it\/webcam\/francia\/webcam-les-gets\/#primaryimage"},"image":{"@id":"https:\/\/weather-radar-live.com\/it\/webcam\/francia\/webcam-les-gets\/#primaryimage"},"thumbnailUrl":"https:\/\/weather-radar-live.com\/wp-content\/uploads\/2022\/04\/Webcam-Les-Gets-e1650536387683.jpg","datePublished":"2022-04-21T10:13:22+00:00","dateModified":"2022-07-20T10:18:00+00:00","description":"Webcam Les Gets | Webcam di Les Gets! \u2705 Aggiornata per voi in tempo reale! \u2705 Previsioni meteo attuali!","breadcrumb":{"@id":"https:\/\/weather-radar-live.com\/it\/webcam\/francia\/webcam-les-gets\/#breadcrumb"},"inLanguage":"it-IT","potentialAction":[{"@type":"ReadAction","target":["https:\/\/weather-radar-live.com\/it\/webcam\/francia\/webcam-les-gets\/"]}]},{"@type":"ImageObject","inLanguage":"it-IT","@id":"https:\/\/weather-radar-live.com\/it\/webcam\/francia\/webcam-les-gets\/#primaryimage","url":"https:\/\/weather-radar-live.com\/wp-content\/uploads\/2022\/04\/Webcam-Les-Gets-e1650536387683.jpg","contentUrl":"https:\/\/weather-radar-live.com\/wp-content\/uploads\/2022\/04\/Webcam-Les-Gets-e1650536387683.jpg","width":1920,"height":622,"caption":"Webcam Les Gets"},{"@type":"BreadcrumbList","@id":"https:\/\/weather-radar-live.com\/it\/webcam\/francia\/webcam-les-gets\/#breadcrumb","itemListElement":[{"@type":"ListItem","position":1,"name":"Weather Radar Live","item":"https:\/\/weather-radar-live.com\/it\/"},{"@type":"ListItem","position":2,"name":"Webcam","item":"https:\/\/weather-radar-live.com\/it\/webcam\/"},{"@type":"ListItem","position":3,"name":"Francia","item":"https:\/\/weather-radar-live.com\/it\/webcam\/francia\/"},{"@type":"ListItem","position":4,"name":"Webcam Les Gets"}]},{"@type":"WebSite","@id":"https:\/\/weather-radar-live.com\/#website","url":"https:\/\/weather-radar-live.com\/","name":"weather-radar-live.com","description":"Your weather and sky radar.","publisher":{"@id":"https:\/\/weather-radar-live.com\/#organization"},"potentialAction":[{"@type":"SearchAction","target":{"@type":"EntryPoint","urlTemplate":"https:\/\/weather-radar-live.com\/?s={search_term_string}"},"query-input":{"@type":"PropertyValueSpecification","valueRequired":true,"valueName":"search_term_string"}}],"inLanguage":"it-IT"},{"@type":"Organization","@id":"https:\/\/weather-radar-live.com\/#organization","name":"weather-radar-live.com","url":"https:\/\/weather-radar-live.com\/","logo":{"@type":"ImageObject","inLanguage":"it-IT","@id":"https:\/\/weather-radar-live.com\/#\/schema\/logo\/image\/","url":"https:\/\/weather-radar-live.com\/wp-content\/uploads\/2022\/03\/cropped-WRL2503.png","contentUrl":"https:\/\/weather-radar-live.com\/wp-content\/uploads\/2022\/03\/cropped-WRL2503.png","width":1920,"height":555,"caption":"weather-radar-live.com"},"image":{"@id":"https:\/\/weather-radar-live.com\/#\/schema\/logo\/image\/"}}]}},"_links":{"self":[{"href":"https:\/\/weather-radar-live.com\/it\/wp-json\/wp\/v2\/pages\/5302","targetHints":{"allow":["GET"]}}],"collection":[{"href":"https:\/\/weather-radar-live.com\/it\/wp-json\/wp\/v2\/pages"}],"about":[{"href":"https:\/\/weather-radar-live.com\/it\/wp-json\/wp\/v2\/types\/page"}],"author":[{"embeddable":true,"href":"https:\/\/weather-radar-live.com\/it\/wp-json\/wp\/v2\/users\/1"}],"replies":[{"embeddable":true,"href":"https:\/\/weather-radar-live.com\/it\/wp-json\/wp\/v2\/comments?post=5302"}],"version-history":[{"count":1,"href":"https:\/\/weather-radar-live.com\/it\/wp-json\/wp\/v2\/pages\/5302\/revisions"}],"predecessor-version":[{"id":5324,"href":"https:\/\/weather-radar-live.com\/it\/wp-json\/wp\/v2\/pages\/5302\/revisions\/5324"}],"up":[{"embeddable":true,"href":"https:\/\/weather-radar-live.com\/it\/wp-json\/wp\/v2\/pages\/4178"}],"wp:featuredmedia":[{"embeddable":true,"href":"https:\/\/weather-radar-live.com\/it\/wp-json\/wp\/v2\/media\/3856"}],"wp:attachment":[{"href":"https:\/\/weather-radar-live.com\/it\/wp-json\/wp\/v2\/media?parent=5302"}],"curies":[{"name":"wp","href":"https:\/\/api.w.org\/{rel}","templated":true}]}}