{"id":5270,"date":"2022-04-21T13:15:24","date_gmt":"2022-04-21T11:15:24","guid":{"rendered":"https:\/\/weather-radar-live.com\/webcam\/francia\/webcam-le-touquet\/"},"modified":"2022-07-20T11:57:10","modified_gmt":"2022-07-20T09:57:10","slug":"webcam-le-touquet","status":"publish","type":"page","link":"https:\/\/weather-radar-live.com\/it\/webcam\/francia\/webcam-le-touquet\/","title":{"rendered":"Webcam Le Touquet"},"content":{"rendered":"<div id=\"weath-1336055718\" class=\"weath-vor-dem-inhalt weath-entity-placement\" style=\"margin-top: 15px;margin-right: 25px;margin-bottom: 40px;margin-left: 25px;\"><script async src=\"\/\/pagead2.googlesyndication.com\/pagead\/js\/adsbygoogle.js?client=ca-pub-8960936133935804\" crossorigin=\"anonymous\"><\/script><ins class=\"adsbygoogle\" style=\"display:block;\" data-ad-client=\"ca-pub-8960936133935804\" \ndata-ad-slot=\"6172817020\" \ndata-ad-format=\"auto\"><\/ins>\n<script> \n(adsbygoogle = window.adsbygoogle || []).push({}); \n<\/script>\n<\/div>\n<div class=\"wp-block-cover alignfull is-light\"><span aria-hidden=\"true\" class=\"wp-block-cover__gradient-background has-background-dim\"><\/span><img decoding=\"async\" class=\"wp-block-cover__image-background wp-image-342\" alt=\"Webcam Le Touquet \" src=\"https:\/\/weather-radar-live.com\/wp-content\/uploads\/2021\/06\/sam-schooler-E9aetBe2w40-unsplash-e1622554814366.jpg\" data-object-fit=\"cover\"\/><div class=\"wp-block-cover__inner-container is-layout-flow wp-block-cover-is-layout-flow\">\n<h2 class=\"has-text-align-center heading wp-block-heading\" id=\"webcam-fort-mahon\" style=\"font-size:40px\"><strong><mark style=\"background-color:rgba(0, 0, 0, 0)\" class=\"has-inline-color has-base-3-color\">WEBCAM <\/mark><\/strong><br><strong><mark style=\"background-color:rgba(0, 0, 0, 0)\" class=\"has-inline-color has-base-3-color\"><strong>LE TOUQUET<\/strong><\/mark><\/strong><\/h2>\n<\/div><\/div>\n\n\n<div class=\"yoast-breadcrumbs\"><span><span><a href=\"https:\/\/weather-radar-live.com\/it\/\">Weather Radar Live<\/a><\/span> \u00bb <span><a href=\"https:\/\/weather-radar-live.com\/it\/webcam\/\">Webcam<\/a><\/span> \u00bb <span><a href=\"https:\/\/weather-radar-live.com\/it\/webcam\/francia\/\">Francia<\/a><\/span> \u00bb <span class=\"breadcrumb_last\" aria-current=\"page\"><strong>Webcam Le Touquet<\/strong><\/span><\/span><\/div>\n\n\n<h2 class=\"has-text-align-center wp-block-heading\" id=\"webcam-fort-mahon\"><strong>Webcam <strong><strong>Le Touquet <\/strong><\/strong><\/strong><\/h2>\n\n\n\n<p>Nel nord della Francia, sulla Costa d&#8217;Opale, si trova la localit\u00e0 balneare di Le Touquet Paris-Plage. Questo luogo maestoso \u00e8 stato costruito con un mix di stili francesi Belle Epoque e britannici Edwardiani. Il luogo ospita negozi di lusso, bar e ristoranti di alto livello, oltre a una vita all&#8217;aria aperta. Ci sono molte attivit\u00e0 per tenerla occupata, dagli sport acquatici ai campi da golf storici, dalle passeggiate a cavallo tra le dune di sabbia al tennis. Touquet-Paris-Plage \u00e8 un paradiso per gli amanti dello shopping che offre la fantastica esperienza di fare acquisti con sconti incredibili. Si goda il viaggio in treno per ammirare gli splendidi edifici turriti e la foresta. Per conoscere il suo tempo, il clima e i luoghi famosi, dia un&#8217;occhiata qui sotto.<\/p>\n\n\n\n<div class=\"wp-block-columns is-layout-flex wp-container-core-columns-is-layout-9d6595d7 wp-block-columns-is-layout-flex\">\n<div class=\"wp-block-column webcam-column is-layout-flow wp-block-column-is-layout-flow\">\n<div class=\"wp-block-columns is-layout-flex wp-container-core-columns-is-layout-9d6595d7 wp-block-columns-is-layout-flex\">\n<div class=\"wp-block-column is-layout-flow wp-block-column-is-layout-flow\">\n<h3 class=\"has-text-align-center wp-block-heading\">\ud83d\udd34 <strong>Webcam <strong><strong><strong><strong><strong>Le Touquet<\/strong><\/strong><\/strong><\/strong><\/strong><\/strong> Vista mare<\/h3>\n\n\n\n<iframe src=\"https:\/\/www.skaping.com\/le-touquet\/poste-central\/vue-mer\" style=\"width: 100%; height: 400px; border: none;\" allowfullscreen=\"\"><\/iframe>\n<\/div>\n\n\n\n<div class=\"wp-block-column is-layout-flow wp-block-column-is-layout-flow\">\n<h3 class=\"has-text-align-center wp-block-heading\"><strong>\ud83d\udd34 <strong>Webcam <strong><strong><strong><strong><strong>Le Touquet<\/strong><\/strong><\/strong><\/strong><\/strong><\/strong> <\/strong>Vista Nord<\/h3>\n\n\n\n<iframe src=\"https:\/\/www.skaping.com\/le-touquet\/poste-central\/vue-nord\" style=\"width: 100%; height: 400px; border: none;\" allowfullscreen=\"\"><\/iframe>\n<\/div>\n<\/div>\n\n\n\n<div class=\"wp-block-columns is-layout-flex wp-container-core-columns-is-layout-9d6595d7 wp-block-columns-is-layout-flex\">\n<div class=\"wp-block-column is-layout-flow wp-block-column-is-layout-flow\">\n<h3 class=\"has-text-align-center wp-block-heading\"><strong>\ud83d\udd34 <strong>Webcam <strong><strong><strong><strong><strong>Le Touquet<\/strong><\/strong><\/strong><\/strong><\/strong><\/strong> <\/strong>Riding Park<\/h3>\n\n\n\n<iframe src=\"https:\/\/www.skaping.com\/le-touquet\/centre-equestre\" style=\"width: 100%; height: 400px; border: none;\" allowfullscreen=\"\"><\/iframe>\n<\/div>\n\n\n\n<div class=\"wp-block-column is-layout-flow wp-block-column-is-layout-flow\">\n<h3 class=\"has-text-align-center wp-block-heading\"><strong><strong>\ud83d\udd34 <strong>Webcam <strong><strong><strong><strong><strong>Le Touquet<\/strong><\/strong><\/strong><\/strong><\/strong><\/strong> <\/strong><\/strong>Vista sud<\/h3>\n\n\n\n<iframe src=\"https:\/\/www.skaping.com\/le-touquet\/poste-central\/vue-sud\" style=\"width: 100%; height: 400px; border: none;\" allowfullscreen=\"\"><\/iframe>\n<\/div>\n<\/div>\n\n\n\n<div class=\"wp-block-columns is-layout-flex wp-container-core-columns-is-layout-9d6595d7 wp-block-columns-is-layout-flex\">\n<div class=\"wp-block-column is-layout-flow wp-block-column-is-layout-flow\">\n<h3 class=\"has-text-align-center wp-block-heading\"><strong><strong>\ud83d\udd34 <strong>Webcam<\/strong> Le <strong> <strong><strong><strong><strong><strong>Touquet<\/strong><\/strong><\/strong><\/strong><\/strong><\/strong> <\/strong><\/strong>Giardini del Palais des Congr\u00e8s<\/h3>\n\n\n\n<iframe src=\"https:\/\/www.skaping.com\/le-touquet\/lycee-hotelier\" style=\"width: 100%; height: 400px; border: none;\" allowfullscreen=\"\"><\/iframe>\n<\/div>\n\n\n\n<div class=\"wp-block-column is-layout-flow wp-block-column-is-layout-flow\">\n<h3 class=\"has-text-align-center wp-block-heading\"><strong><strong><strong>\ud83d\udd34 <strong>Webcam <strong><strong><strong><strong><strong>Le Touquet<\/strong><\/strong><\/strong><\/strong><\/strong><\/strong> <\/strong><\/strong><\/strong>Parigi-Plage<\/h3>\n\n\n\n<a name=\"windy-webcam-timelapse-player\" data-id=\"1340349687\" data-play=\"day\" href=\"https:\/\/windy.com\/webcams\/1340349687\" target=\"_blank\" rel=\"noopener\">Le Touquet-Paris-Plage: Le Touquet Paris-Plage<\/a><script async=\"\" type=\"text\/javascript\" src=\"https:\/\/webcams.windy.com\/webcams\/public\/embed\/script\/player.js\"><\/script>\n<\/div>\n<\/div>\n<\/div>\n<\/div>\n\n\n\n<h2 class=\"wp-block-heading\" id=\"fort-mahon-today\"><strong>Radar meteo <strong><strong><strong>Le Touquet &#8211; <\/strong><\/strong><\/strong><\/strong> <strong>Il meteo a <strong><strong><strong>Le Touquet <\/strong><\/strong><\/strong><\/strong><\/h2>\n\n\n\n<p>Fortunatamente, ottenere aggiornamenti meteo in tempo reale \u00e8 facile con il Weather Radar Le Touquet. Raccoglie i segnali e li presenta sotto forma di dati di facile comprensione. La webcam Le Touquet copre le condizioni meteorologiche e fornisce informazioni relative a <a href=\"https:\/\/weather-radar-live.com\/it\/nuvole-radar\/\">copertura nuvolosa<\/a>, <a href=\"https:\/\/weather-radar-live.com\/it\/temporali\/\">temporali<\/a>, <a href=\"https:\/\/weather-radar-live.com\/it\/tempesta\/\">tempeste<\/a>, <a href=\"https:\/\/weather-radar-live.com\/it\/radar-pioggia\/\">piogge<\/a>, precipitazioni e <a href=\"https:\/\/weather-radar-live.com\/it\/tornado-en-direct\/\">tornado<\/a>. Inoltre, visualizza i dati in mappe e immagini. Pu\u00f2 facilmente scorrere per visualizzare il meteo in un determinato momento. Se desidera ottenere informazioni pi\u00f9 dettagliate, utilizzi i simboli + o &#8211; nell&#8217;angolo superiore destro dello schermo.<\/p><div id=\"weath-841885129\" class=\"weath-inhalt_2 weath-entity-placement\" style=\"margin-top: 15px;margin-right: 25px;margin-bottom: 35px;margin-left: 25px;\"><script async src=\"\/\/pagead2.googlesyndication.com\/pagead\/js\/adsbygoogle.js?client=ca-pub-8960936133935804\" crossorigin=\"anonymous\"><\/script><ins class=\"adsbygoogle\" style=\"display:block;\" data-ad-client=\"ca-pub-8960936133935804\" \ndata-ad-slot=\"1963584050\" \ndata-ad-format=\"auto\"><\/ins>\n<script> \n(adsbygoogle = window.adsbygoogle || []).push({}); \n<\/script>\n<\/div>\n\n\n\n<div class=\"wp-block-columns is-layout-flex wp-container-core-columns-is-layout-9d6595d7 wp-block-columns-is-layout-flex\">\n<div class=\"wp-block-column is-layout-flow wp-block-column-is-layout-flow\" style=\"flex-basis:75%\">\n<iframe loading=\"lazy\" width=\"1300\" height=\"502\" src=\"https:\/\/embed.windy.com\/embed2.html?lat=50.519&amp;lon=1.709&amp;detailLat=50.515&amp;detailLon=1.516&amp;width=1300&amp;height=502&amp;zoom=11&amp;level=surface&amp;overlay=wind&amp;product=ecmwf&amp;menu=&amp;message=&amp;marker=&amp;calendar=now&amp;pressure=&amp;type=map&amp;location=coordinates&amp;detail=&amp;metricWind=default&amp;metricTemp=default&amp;radarRange=-1\" frameborder=\"0\"><\/iframe>\n<\/div>\n\n\n\n<div class=\"wp-block-column is-layout-flow wp-block-column-is-layout-flow\" style=\"flex-basis:25%\">\n<a class=\"weatherwidget-io\" href=\"https:\/\/forecast7.com\/it\/50d521d59\/le-touquet\/\" data-label_1=\"LE TOUQUET-PARIS-PLAGE\" data-font=\"Roboto\" data-theme=\"original\" >LE TOUQUET-PARIS-PLAGE<\/a>\n<script>\n!function(d,s,id){var js,fjs=d.getElementsByTagName(s)[0];if(!d.getElementById(id)){js=d.createElement(s);js.id=id;js.src='https:\/\/weatherwidget.io\/js\/widget.min.js';fjs.parentNode.insertBefore(js,fjs);}}(document,'script','weatherwidget-io-js');\n<\/script>\n<\/div>\n<\/div>\n\n\n\n<h2 class=\"wp-block-heading\" id=\"fort-mahon-weather\"><strong>Il clima a <strong><strong><strong>Le Touquet <\/strong><\/strong><\/strong><\/strong><\/h2>\n\n\n\n<p>K\u00f6ppen e Geiger classificano il clima di questa regione come Cfb. In generale, il clima di Le Touquet \u00e8 mite e temperato. Le piogge sono significative durante tutto l&#8217;anno, anche nei mesi pi\u00f9 secchi.<\/p>\n\n\n\n<p><strong>La temperatura <\/strong><\/p>\n\n\n\n<p>A Le Touquet-Paris-Plage, la temperatura media annua \u00e8 di 11,3 \u00b0C o 52,3 \u00b0F.<\/p>\n\n\n\n<p>La temperatura massima nel mese pi\u00f9 caldo (agosto) \u00e8 di 17,9 \u00b0C o 64,2 \u00b0F.<\/p>\n\n\n\n<p>La temperatura pi\u00f9 bassa a gennaio \u00e8 di 5,2 \u00b0C o 41,4 \u00b0F.<\/p>\n\n\n\n<p><strong>Precipitazioni <\/strong><\/p>\n\n\n\n<p>Le precipitazioni medie annue sono di circa 38,8 pollici o 974 mm.<\/p>\n\n\n\n<p><strong>Umidit\u00e0 <\/strong><\/p>\n\n\n\n<p>L&#8217;umidit\u00e0 relativa massima \u00e8 dell&#8217;84,19% a novembre. A luglio, l&#8217;umidit\u00e0 relativa pi\u00f9 bassa \u00e8 del 74,68%.<\/p>\n\n\n\n<p><strong>Nuvole <\/strong><\/p>\n\n\n\n<p>A luglio la copertura nuvolosa \u00e8 del 59% e rimane il mese pi\u00f9 limpido dell&#8217;anno. La copertura nuvolosa massima si registra a dicembre, quando il cielo \u00e8 prevalentemente nuvoloso per il 65% del tempo.<\/p>\n\n\n\n<p><strong>Piogge <\/strong><\/p>\n\n\n\n<p>Il mese pi\u00f9 piovoso \u00e8 novembre, con una media di 2,6 pollici di pioggia, mentre \u00e8 di 1,4 pollici nel mese meno piovoso, aprile.<\/p>\n\n\n\n<h2 class=\"wp-block-heading\"><strong>Spiaggia di Le Touquet<\/strong><\/h2>\n\n\n\n<p>La spiaggia \u00e8 una delle attrazioni pi\u00f9 popolari di Le Touquet. La spiaggia \u00e8 ampia, con la sabbia pi\u00f9 pura e morbida. Si trova a soli 20 chilometri da Boulogne, sul Canale della Manica, con un ippodromo, sabbia fine e uno sfondo boscoso. Provi a fare una passeggiata nella zona, a fermarsi in uno dei caff\u00e8 o a prendere un gelato mentre \u00e8 l\u00ec. Ci sono luoghi ideali per rilassarsi al sole, con tanto spazio a disposizione. Per una vista mozzafiato sulla campagna e sulla costa, salga i 274 gradini del faro. Pu\u00f2 passeggiare lungo il litorale e i sentieri sabbiosi circondati da una vegetazione lussureggiante.<\/p>\n","protected":false},"excerpt":{"rendered":"<p>Webcam Le Touquet Nel nord della Francia, sulla Costa d&#8217;Opale, si trova la localit\u00e0 balneare di Le Touquet Paris-Plage. Questo luogo maestoso \u00e8 stato costruito con un mix di stili francesi Belle Epoque e britannici Edwardiani. Il luogo ospita negozi di lusso, bar e ristoranti di alto livello, oltre a una vita all&#8217;aria aperta. Ci &#8230; <a title=\"Webcam Le Touquet\" class=\"read-more\" href=\"https:\/\/weather-radar-live.com\/it\/webcam\/francia\/webcam-le-touquet\/\" aria-label=\"Per saperne di pi\u00f9 su Webcam Le Touquet\">Leggi tutto<\/a><\/p>\n","protected":false},"author":1,"featured_media":3890,"parent":4178,"menu_order":0,"comment_status":"closed","ping_status":"closed","template":"","meta":{"footnotes":""},"class_list":["post-5270","page","type-page","status-publish","has-post-thumbnail"],"yoast_head":"<!-- This site is optimized with the Yoast SEO plugin v27.5 - https:\/\/yoast.com\/product\/yoast-seo-wordpress\/ -->\n<title>Webcam Le Touquet \u2192 Guardate in diretta!<\/title>\n<meta name=\"description\" content=\"Webcam Le Touquet | Webcam di Le Touquet! \u2705 Aggiornata per voi in tempo reale! \u2705 Previsioni meteo attuali!\" \/>\n<meta name=\"robots\" content=\"index, follow, max-snippet:-1, max-image-preview:large, max-video-preview:-1\" \/>\n<link rel=\"canonical\" href=\"https:\/\/weather-radar-live.com\/it\/webcam\/francia\/webcam-le-touquet\/\" \/>\n<meta property=\"og:locale\" content=\"it_IT\" \/>\n<meta property=\"og:type\" content=\"article\" \/>\n<meta property=\"og:title\" content=\"Webcam Le Touquet \u2192 Guardate in diretta!\" \/>\n<meta property=\"og:description\" content=\"Webcam Le Touquet | Webcam di Le Touquet! \u2705 Aggiornata per voi in tempo reale! \u2705 Previsioni meteo attuali!\" \/>\n<meta property=\"og:url\" content=\"https:\/\/weather-radar-live.com\/it\/webcam\/francia\/webcam-le-touquet\/\" \/>\n<meta property=\"og:site_name\" content=\"weather-radar-live.com\" \/>\n<meta property=\"article:modified_time\" content=\"2022-07-20T09:57:10+00:00\" \/>\n<meta property=\"og:image\" content=\"https:\/\/weather-radar-live.com\/wp-content\/uploads\/2022\/04\/Webcam-Le-Touquet-e1650541692890.jpg\" \/>\n\t<meta property=\"og:image:width\" content=\"1920\" \/>\n\t<meta property=\"og:image:height\" content=\"934\" \/>\n\t<meta property=\"og:image:type\" content=\"image\/jpeg\" \/>\n<meta name=\"twitter:card\" content=\"summary_large_image\" \/>\n<meta name=\"twitter:label1\" content=\"Tempo di lettura stimato\" \/>\n\t<meta name=\"twitter:data1\" content=\"3 minuti\" \/>\n<script type=\"application\/ld+json\" class=\"yoast-schema-graph\">{\"@context\":\"https:\\\/\\\/schema.org\",\"@graph\":[{\"@type\":\"WebPage\",\"@id\":\"https:\\\/\\\/weather-radar-live.com\\\/it\\\/webcam\\\/francia\\\/webcam-le-touquet\\\/\",\"url\":\"https:\\\/\\\/weather-radar-live.com\\\/it\\\/webcam\\\/francia\\\/webcam-le-touquet\\\/\",\"name\":\"Webcam Le Touquet \u2192 Guardate in diretta!\",\"isPartOf\":{\"@id\":\"https:\\\/\\\/weather-radar-live.com\\\/#website\"},\"primaryImageOfPage\":{\"@id\":\"https:\\\/\\\/weather-radar-live.com\\\/it\\\/webcam\\\/francia\\\/webcam-le-touquet\\\/#primaryimage\"},\"image\":{\"@id\":\"https:\\\/\\\/weather-radar-live.com\\\/it\\\/webcam\\\/francia\\\/webcam-le-touquet\\\/#primaryimage\"},\"thumbnailUrl\":\"https:\\\/\\\/weather-radar-live.com\\\/wp-content\\\/uploads\\\/2022\\\/04\\\/Webcam-Le-Touquet-e1650541692890.jpg\",\"datePublished\":\"2022-04-21T11:15:24+00:00\",\"dateModified\":\"2022-07-20T09:57:10+00:00\",\"description\":\"Webcam Le Touquet | Webcam di Le Touquet! \u2705 Aggiornata per voi in tempo reale! \u2705 Previsioni meteo attuali!\",\"breadcrumb\":{\"@id\":\"https:\\\/\\\/weather-radar-live.com\\\/it\\\/webcam\\\/francia\\\/webcam-le-touquet\\\/#breadcrumb\"},\"inLanguage\":\"it-IT\",\"potentialAction\":[{\"@type\":\"ReadAction\",\"target\":[\"https:\\\/\\\/weather-radar-live.com\\\/it\\\/webcam\\\/francia\\\/webcam-le-touquet\\\/\"]}]},{\"@type\":\"ImageObject\",\"inLanguage\":\"it-IT\",\"@id\":\"https:\\\/\\\/weather-radar-live.com\\\/it\\\/webcam\\\/francia\\\/webcam-le-touquet\\\/#primaryimage\",\"url\":\"https:\\\/\\\/weather-radar-live.com\\\/wp-content\\\/uploads\\\/2022\\\/04\\\/Webcam-Le-Touquet-e1650541692890.jpg\",\"contentUrl\":\"https:\\\/\\\/weather-radar-live.com\\\/wp-content\\\/uploads\\\/2022\\\/04\\\/Webcam-Le-Touquet-e1650541692890.jpg\",\"width\":1920,\"height\":934,\"caption\":\"Webcam Le Touquet\"},{\"@type\":\"BreadcrumbList\",\"@id\":\"https:\\\/\\\/weather-radar-live.com\\\/it\\\/webcam\\\/francia\\\/webcam-le-touquet\\\/#breadcrumb\",\"itemListElement\":[{\"@type\":\"ListItem\",\"position\":1,\"name\":\"Weather Radar Live\",\"item\":\"https:\\\/\\\/weather-radar-live.com\\\/it\\\/\"},{\"@type\":\"ListItem\",\"position\":2,\"name\":\"Webcam\",\"item\":\"https:\\\/\\\/weather-radar-live.com\\\/it\\\/webcam\\\/\"},{\"@type\":\"ListItem\",\"position\":3,\"name\":\"Francia\",\"item\":\"https:\\\/\\\/weather-radar-live.com\\\/it\\\/webcam\\\/francia\\\/\"},{\"@type\":\"ListItem\",\"position\":4,\"name\":\"Webcam Le Touquet\"}]},{\"@type\":\"WebSite\",\"@id\":\"https:\\\/\\\/weather-radar-live.com\\\/#website\",\"url\":\"https:\\\/\\\/weather-radar-live.com\\\/\",\"name\":\"weather-radar-live.com\",\"description\":\"Your weather and sky radar.\",\"publisher\":{\"@id\":\"https:\\\/\\\/weather-radar-live.com\\\/#organization\"},\"potentialAction\":[{\"@type\":\"SearchAction\",\"target\":{\"@type\":\"EntryPoint\",\"urlTemplate\":\"https:\\\/\\\/weather-radar-live.com\\\/?s={search_term_string}\"},\"query-input\":{\"@type\":\"PropertyValueSpecification\",\"valueRequired\":true,\"valueName\":\"search_term_string\"}}],\"inLanguage\":\"it-IT\"},{\"@type\":\"Organization\",\"@id\":\"https:\\\/\\\/weather-radar-live.com\\\/#organization\",\"name\":\"weather-radar-live.com\",\"url\":\"https:\\\/\\\/weather-radar-live.com\\\/\",\"logo\":{\"@type\":\"ImageObject\",\"inLanguage\":\"it-IT\",\"@id\":\"https:\\\/\\\/weather-radar-live.com\\\/#\\\/schema\\\/logo\\\/image\\\/\",\"url\":\"https:\\\/\\\/weather-radar-live.com\\\/wp-content\\\/uploads\\\/2022\\\/03\\\/cropped-WRL2503.png\",\"contentUrl\":\"https:\\\/\\\/weather-radar-live.com\\\/wp-content\\\/uploads\\\/2022\\\/03\\\/cropped-WRL2503.png\",\"width\":1920,\"height\":555,\"caption\":\"weather-radar-live.com\"},\"image\":{\"@id\":\"https:\\\/\\\/weather-radar-live.com\\\/#\\\/schema\\\/logo\\\/image\\\/\"}}]}<\/script>\n<!-- \/ Yoast SEO plugin. -->","yoast_head_json":{"title":"Webcam Le Touquet \u2192 Guardate in diretta!","description":"Webcam Le Touquet | Webcam di Le Touquet! \u2705 Aggiornata per voi in tempo reale! \u2705 Previsioni meteo attuali!","robots":{"index":"index","follow":"follow","max-snippet":"max-snippet:-1","max-image-preview":"max-image-preview:large","max-video-preview":"max-video-preview:-1"},"canonical":"https:\/\/weather-radar-live.com\/it\/webcam\/francia\/webcam-le-touquet\/","og_locale":"it_IT","og_type":"article","og_title":"Webcam Le Touquet \u2192 Guardate in diretta!","og_description":"Webcam Le Touquet | Webcam di Le Touquet! \u2705 Aggiornata per voi in tempo reale! \u2705 Previsioni meteo attuali!","og_url":"https:\/\/weather-radar-live.com\/it\/webcam\/francia\/webcam-le-touquet\/","og_site_name":"weather-radar-live.com","article_modified_time":"2022-07-20T09:57:10+00:00","og_image":[{"width":1920,"height":934,"url":"https:\/\/weather-radar-live.com\/wp-content\/uploads\/2022\/04\/Webcam-Le-Touquet-e1650541692890.jpg","type":"image\/jpeg"}],"twitter_card":"summary_large_image","twitter_misc":{"Tempo di lettura stimato":"3 minuti"},"schema":{"@context":"https:\/\/schema.org","@graph":[{"@type":"WebPage","@id":"https:\/\/weather-radar-live.com\/it\/webcam\/francia\/webcam-le-touquet\/","url":"https:\/\/weather-radar-live.com\/it\/webcam\/francia\/webcam-le-touquet\/","name":"Webcam Le Touquet \u2192 Guardate in diretta!","isPartOf":{"@id":"https:\/\/weather-radar-live.com\/#website"},"primaryImageOfPage":{"@id":"https:\/\/weather-radar-live.com\/it\/webcam\/francia\/webcam-le-touquet\/#primaryimage"},"image":{"@id":"https:\/\/weather-radar-live.com\/it\/webcam\/francia\/webcam-le-touquet\/#primaryimage"},"thumbnailUrl":"https:\/\/weather-radar-live.com\/wp-content\/uploads\/2022\/04\/Webcam-Le-Touquet-e1650541692890.jpg","datePublished":"2022-04-21T11:15:24+00:00","dateModified":"2022-07-20T09:57:10+00:00","description":"Webcam Le Touquet | Webcam di Le Touquet! \u2705 Aggiornata per voi in tempo reale! \u2705 Previsioni meteo attuali!","breadcrumb":{"@id":"https:\/\/weather-radar-live.com\/it\/webcam\/francia\/webcam-le-touquet\/#breadcrumb"},"inLanguage":"it-IT","potentialAction":[{"@type":"ReadAction","target":["https:\/\/weather-radar-live.com\/it\/webcam\/francia\/webcam-le-touquet\/"]}]},{"@type":"ImageObject","inLanguage":"it-IT","@id":"https:\/\/weather-radar-live.com\/it\/webcam\/francia\/webcam-le-touquet\/#primaryimage","url":"https:\/\/weather-radar-live.com\/wp-content\/uploads\/2022\/04\/Webcam-Le-Touquet-e1650541692890.jpg","contentUrl":"https:\/\/weather-radar-live.com\/wp-content\/uploads\/2022\/04\/Webcam-Le-Touquet-e1650541692890.jpg","width":1920,"height":934,"caption":"Webcam Le Touquet"},{"@type":"BreadcrumbList","@id":"https:\/\/weather-radar-live.com\/it\/webcam\/francia\/webcam-le-touquet\/#breadcrumb","itemListElement":[{"@type":"ListItem","position":1,"name":"Weather Radar Live","item":"https:\/\/weather-radar-live.com\/it\/"},{"@type":"ListItem","position":2,"name":"Webcam","item":"https:\/\/weather-radar-live.com\/it\/webcam\/"},{"@type":"ListItem","position":3,"name":"Francia","item":"https:\/\/weather-radar-live.com\/it\/webcam\/francia\/"},{"@type":"ListItem","position":4,"name":"Webcam Le Touquet"}]},{"@type":"WebSite","@id":"https:\/\/weather-radar-live.com\/#website","url":"https:\/\/weather-radar-live.com\/","name":"weather-radar-live.com","description":"Your weather and sky radar.","publisher":{"@id":"https:\/\/weather-radar-live.com\/#organization"},"potentialAction":[{"@type":"SearchAction","target":{"@type":"EntryPoint","urlTemplate":"https:\/\/weather-radar-live.com\/?s={search_term_string}"},"query-input":{"@type":"PropertyValueSpecification","valueRequired":true,"valueName":"search_term_string"}}],"inLanguage":"it-IT"},{"@type":"Organization","@id":"https:\/\/weather-radar-live.com\/#organization","name":"weather-radar-live.com","url":"https:\/\/weather-radar-live.com\/","logo":{"@type":"ImageObject","inLanguage":"it-IT","@id":"https:\/\/weather-radar-live.com\/#\/schema\/logo\/image\/","url":"https:\/\/weather-radar-live.com\/wp-content\/uploads\/2022\/03\/cropped-WRL2503.png","contentUrl":"https:\/\/weather-radar-live.com\/wp-content\/uploads\/2022\/03\/cropped-WRL2503.png","width":1920,"height":555,"caption":"weather-radar-live.com"},"image":{"@id":"https:\/\/weather-radar-live.com\/#\/schema\/logo\/image\/"}}]}},"_links":{"self":[{"href":"https:\/\/weather-radar-live.com\/it\/wp-json\/wp\/v2\/pages\/5270","targetHints":{"allow":["GET"]}}],"collection":[{"href":"https:\/\/weather-radar-live.com\/it\/wp-json\/wp\/v2\/pages"}],"about":[{"href":"https:\/\/weather-radar-live.com\/it\/wp-json\/wp\/v2\/types\/page"}],"author":[{"embeddable":true,"href":"https:\/\/weather-radar-live.com\/it\/wp-json\/wp\/v2\/users\/1"}],"replies":[{"embeddable":true,"href":"https:\/\/weather-radar-live.com\/it\/wp-json\/wp\/v2\/comments?post=5270"}],"version-history":[{"count":3,"href":"https:\/\/weather-radar-live.com\/it\/wp-json\/wp\/v2\/pages\/5270\/revisions"}],"predecessor-version":[{"id":5290,"href":"https:\/\/weather-radar-live.com\/it\/wp-json\/wp\/v2\/pages\/5270\/revisions\/5290"}],"up":[{"embeddable":true,"href":"https:\/\/weather-radar-live.com\/it\/wp-json\/wp\/v2\/pages\/4178"}],"wp:featuredmedia":[{"embeddable":true,"href":"https:\/\/weather-radar-live.com\/it\/wp-json\/wp\/v2\/media\/3890"}],"wp:attachment":[{"href":"https:\/\/weather-radar-live.com\/it\/wp-json\/wp\/v2\/media?parent=5270"}],"curies":[{"name":"wp","href":"https:\/\/api.w.org\/{rel}","templated":true}]}}