{"id":5124,"date":"2022-07-19T16:14:48","date_gmt":"2022-07-19T14:14:48","guid":{"rendered":"https:\/\/weather-radar-live.com\/?page_id=5124"},"modified":"2022-07-19T16:38:17","modified_gmt":"2022-07-19T14:38:17","slug":"webcam-salinas","status":"publish","type":"page","link":"https:\/\/weather-radar-live.com\/it\/webcam\/spagna\/webcam-salinas\/","title":{"rendered":"Webcam Salinas"},"content":{"rendered":"<div id=\"weath-1475088818\" class=\"weath-vor-dem-inhalt weath-entity-placement\" style=\"margin-top: 15px;margin-right: 25px;margin-bottom: 40px;margin-left: 25px;\"><script async src=\"\/\/pagead2.googlesyndication.com\/pagead\/js\/adsbygoogle.js?client=ca-pub-8960936133935804\" crossorigin=\"anonymous\"><\/script><ins class=\"adsbygoogle\" style=\"display:block;\" data-ad-client=\"ca-pub-8960936133935804\" \ndata-ad-slot=\"6172817020\" \ndata-ad-format=\"auto\"><\/ins>\n<script> \n(adsbygoogle = window.adsbygoogle || []).push({}); \n<\/script>\n<\/div>\n<div class=\"wp-block-cover alignfull is-light\"><span aria-hidden=\"true\" class=\"wp-block-cover__gradient-background has-background-dim\"><\/span><img decoding=\"async\" class=\"wp-block-cover__image-background wp-image-342\" alt=\"Webcam Salinas\" src=\"https:\/\/weather-radar-live.com\/wp-content\/uploads\/2021\/06\/sam-schooler-E9aetBe2w40-unsplash-e1622554814366.jpg\" data-object-fit=\"cover\"\/><div class=\"wp-block-cover__inner-container is-layout-flow wp-block-cover-is-layout-flow\">\n<h2 class=\"has-text-align-center heading wp-block-heading\" id=\"webcam-fort-mahon\" style=\"font-size:40px\"><strong><mark style=\"background-color:rgba(0, 0, 0, 0)\" class=\"has-inline-color has-base-3-color\">WEBCAM <\/mark><\/strong><br><strong><mark style=\"background-color:rgba(0, 0, 0, 0)\" class=\"has-inline-color has-base-3-color\">SALINAS<\/mark><\/strong><\/h2>\n<\/div><\/div>\n\n\n<div class=\"yoast-breadcrumbs\"><span><span><a href=\"https:\/\/weather-radar-live.com\/it\/\">Weather Radar Live<\/a><\/span> \u00bb <span><a href=\"https:\/\/weather-radar-live.com\/it\/webcam\/\">Webcam<\/a><\/span> \u00bb <span><a href=\"https:\/\/weather-radar-live.com\/it\/webcam\/spagna\/\">Spagna<\/a><\/span> \u00bb <span class=\"breadcrumb_last\" aria-current=\"page\"><strong>Webcam Salinas<\/strong><\/span><\/span><\/div>\n\n\n<h2 class=\"has-text-align-center wp-block-heading\" id=\"webcam-fort-mahon\"><strong>Webcam Salinas<\/strong><\/h2>\n\n\n\n<p>Playa de Salinas \u00e8 una delle spiagge pi\u00f9 belle e pi\u00f9 grandi delle Asturie, nel nord della Spagna. La zona costiera \u00e8 divisa in tre regioni balneari, Salinas, Espartal e San Juan. L&#8217;area ha una superficie sabbiosa che si estende per 2.500 metri. La posizione favorevole e quella dell&#8217;area circostante offrono le migliori condizioni per il surf, la vela e altri sport divertenti. Per prendere il sole e nuotare, c&#8217;\u00e8 un&#8217;ulteriore area balneare protetta dal vento di nord-est. Inoltre, la spiaggia sabbiosa offre tutti i servizi per far sentire gli ospiti a proprio agio, come servizi igienici, docce e noleggio di sedie a sdraio, oltre a chioschi di snack e molto altro. Con la webcam di Salinas, pu\u00f2 seguire gli eventi, il tempo e l&#8217;atmosfera sulla spiaggia dalla comodit\u00e0 di casa sua.<\/p>\n\n\n\n<p>Una delle attrazioni della zona \u00e8 il vivace lungomare, che termina su un promontorio roccioso. Ogni anno, centinaia di turisti e locali sono attratti dagli eventi che si tengono nelle immediate vicinanze, animati da spettacoli e concerti.<\/p><div id=\"weath-699100653\" class=\"weath-inhalt_2 weath-entity-placement\" style=\"margin-top: 15px;margin-right: 25px;margin-bottom: 35px;margin-left: 25px;\"><script async src=\"\/\/pagead2.googlesyndication.com\/pagead\/js\/adsbygoogle.js?client=ca-pub-8960936133935804\" crossorigin=\"anonymous\"><\/script><ins class=\"adsbygoogle\" style=\"display:block;\" data-ad-client=\"ca-pub-8960936133935804\" \ndata-ad-slot=\"1963584050\" \ndata-ad-format=\"auto\"><\/ins>\n<script> \n(adsbygoogle = window.adsbygoogle || []).push({}); \n<\/script>\n<\/div>\n\n\n\n<div class=\"wp-block-columns is-layout-flex wp-container-core-columns-is-layout-9d6595d7 wp-block-columns-is-layout-flex\">\n<div class=\"wp-block-column webcam-column is-layout-flow wp-block-column-is-layout-flow\">\n<h3 class=\"has-text-align-center live-emoji wp-block-heading\">\ud83d\udd34 <strong>Webcam Salinas<\/strong> Beach <\/h3>\n\n\n\n<a name=\"windy-webcam-timelapse-player\" data-id=\"1622893121\" data-play=\"day\" href=\"https:\/\/windy.com\/webcams\/1622893121\" target=\"_blank\" rel=\"noopener\">Castrillon &#8216; Ovest: Spiaggia di Salinas &#8211; Playa de Salinas Web<\/a><script async=\"\" type=\"text\/javascript\" src=\"https:\/\/webcams.windy.com\/webcams\/public\/embed\/script\/player.js\"><\/script>\n<\/div>\n<\/div>\n\n\n\n<div class=\"wp-block-columns is-layout-flex wp-container-core-columns-is-layout-9d6595d7 wp-block-columns-is-layout-flex\">\n<div class=\"wp-block-column webcam-column is-layout-flow wp-block-column-is-layout-flow\">\n<h3 class=\"has-text-align-center wp-block-heading\"><strong> \ud83d\udd34 Webcam Salinas<\/strong> Castrillon<\/h3>\n\n\n\n<a name=\"windy-webcam-timelapse-player\" data-id=\"1625318103\" data-play=\"day\" href=\"https:\/\/windy.com\/webcams\/1625318103\" target=\"_blank\" rel=\"noopener\">Castrillon<\/a><script async=\"\" type=\"text\/javascript\" src=\"https:\/\/webcams.windy.com\/webcams\/public\/embed\/script\/player.js\"><\/script>\n<\/div>\n\n\n\n<div class=\"wp-block-column webcam-column is-layout-flow wp-block-column-is-layout-flow\">\n<h3 class=\"has-text-align-center live-emoji wp-block-heading\"><strong> \ud83d\udd34 Webcam Salinas<\/strong> Est<\/h3>\n\n\n\n<figure class=\"wp-block-embed is-type-video is-provider-youtube wp-block-embed-youtube wp-embed-aspect-16-9 wp-has-aspect-ratio\"><div class=\"wp-block-embed__wrapper\">\n<iframe loading=\"lazy\" title=\"Webcam Nautico Salinas Este\" width=\"1200\" height=\"675\" src=\"https:\/\/www.youtube.com\/embed\/doNsXrJHErU?feature=oembed\" frameborder=\"0\" allow=\"accelerometer; autoplay; clipboard-write; encrypted-media; gyroscope; picture-in-picture\" allowfullscreen><\/iframe>\n<\/div><\/figure>\n<\/div>\n<\/div>\n\n\n\n<h2 class=\"wp-block-heading\" id=\"fort-mahon-today\"><strong>Radar meteo Salinas &#8211; Meteo a Salinas<\/strong><\/h2>\n\n\n\n<p>La nostra webcam Salinas non solo le offre un interessante panorama delle condizioni meteorologiche in loco, ma pu\u00f2 anche avere una panoramica esatta delle condizioni climatiche grazie al radar meteorologico integrato. Ulteriori informazioni, come le precipitazioni, la densit\u00e0 delle nuvole e molto altro, sono indicate da vari simboli e colori. In questo caso, il verde e il blu indicano piogge leggere, mentre un piccolo fulmine indica un temporale.<\/p>\n\n\n\n<div class=\"wp-block-columns is-layout-flex wp-container-core-columns-is-layout-9d6595d7 wp-block-columns-is-layout-flex\">\n<div class=\"wp-block-column is-layout-flow wp-block-column-is-layout-flow\" style=\"flex-basis:75%\">\n<iframe loading=\"lazy\" width=\"1300\" height=\"503\" src=\"https:\/\/embed.windy.com\/embed2.html?lat=43.575&amp;lon=-6.018&amp;detailLat=43.577&amp;detailLon=-5.976&amp;width=1300&amp;height=503&amp;zoom=11&amp;level=surface&amp;overlay=rain&amp;product=ecmwf&amp;menu=&amp;message=&amp;marker=&amp;calendar=now&amp;pressure=&amp;type=map&amp;location=coordinates&amp;detail=&amp;metricWind=default&amp;metricTemp=default&amp;radarRange=-1\" frameborder=\"0\"><\/iframe>\n<\/div>\n\n\n\n<div class=\"wp-block-column is-layout-flow wp-block-column-is-layout-flow\" style=\"flex-basis:25%\">\n<a class=\"weatherwidget-io\" href=\"https:\/\/forecast7.com\/it\/42d580d22\/salinas\/\" data-label_1=\"SALINAS\" data-theme=\"original\">SALINAS<\/a>\n<script>\n!function(d,s,id){var js,fjs=d.getElementsByTagName(s)[0];if(!d.getElementById(id)){js=d.createElement(s);js.id=id;js.src='https:\/\/weatherwidget.io\/js\/widget.min.js';fjs.parentNode.insertBefore(js,fjs);}}(document,'script','weatherwidget-io-js');\n<\/script>\n<\/div>\n<\/div>\n\n\n\n<h2 class=\"wp-block-heading\" id=\"fort-mahon-weather\"><strong>Il clima a Salinas<\/strong><\/h2>\n\n\n\n<p>Grazie alla sua posizione geografica sull&#8217;Oceano Atlantico, la costa settentrionale della Spagna \u00e8 spesso influenzata dalle pianure. Il clima nella zona delle Asturie \u00e8 per lo pi\u00f9 molto equilibrato durante l&#8217;anno, ma sempre un po&#8217; umido. L&#8217;estate e l&#8217;inverno sono relativamente miti. Le temperature superiori a 30 gradi Celsius nei caldi mesi estivi e inferiori a zero gradi Celsius in inverno si verificano solo in casi eccezionali e molto raramente. In autunno, nel cielo si formano spesso strutture nuvolose dense. Le precipitazioni medie sono di 1.200 mm. I mesi migliori per godersi la vita da spiaggia sono luglio e agosto. La temperatura media annuale \u00e8 di circa 15 gradi.<\/p>\n\n\n\n<h2 class=\"wp-block-heading\"><strong>Attrazioni a Salinas<\/strong><\/h2>\n\n\n\n<p>Che si tratti di nuotare nel mare o di fare escursioni in montagna, i dintorni contrastanti di Playa de Salinas offrono molte attrazioni e destinazioni escursionistiche. Per gli amanti della cultura e della storia, il Museo dell&#8217;Ancora Phillippe Cousteau e il Museo de la Mina de Arnao tengono aperte le loro porte tutti i giorni. Il Parque de Ferrera la invoglia a fare una lunga passeggiata o semplicemente a sedersi su una delle panchine del parco per rilassarsi. La Plaza de Espana El Parche e la Chiesa di Santo Tomas de Canterbury sono caratterizzate da un&#8217;architettura particolarmente bella. I nottambuli hanno l&#8217;opportunit\u00e0 di trascorrere ore divertenti nei locali gastronomici Cerveceria el Cabanon Enoteca e La Reserva. El Rastro de Salinas \u00e8 un mercato di strada molto conosciuto e popolare. Qui trover\u00e0 bancarelle colorate con tutti i tipi di piccolo artigianato.<\/p>\n","protected":false},"excerpt":{"rendered":"<p>Webcam Salinas Playa de Salinas \u00e8 una delle spiagge pi\u00f9 belle e pi\u00f9 grandi delle Asturie, nel nord della Spagna. La zona costiera \u00e8 divisa in tre regioni balneari, Salinas, Espartal e San Juan. L&#8217;area ha una superficie sabbiosa che si estende per 2.500 metri. La posizione favorevole e quella dell&#8217;area circostante offrono le migliori &#8230; <a title=\"Webcam Salinas\" class=\"read-more\" href=\"https:\/\/weather-radar-live.com\/it\/webcam\/spagna\/webcam-salinas\/\" aria-label=\"Per saperne di pi\u00f9 su Webcam Salinas\">Leggi tutto<\/a><\/p>\n","protected":false},"author":1,"featured_media":5021,"parent":4349,"menu_order":0,"comment_status":"closed","ping_status":"closed","template":"","meta":{"footnotes":""},"class_list":["post-5124","page","type-page","status-publish","has-post-thumbnail"],"yoast_head":"<!-- This site is optimized with the Yoast SEO plugin v27.5 - https:\/\/yoast.com\/product\/yoast-seo-wordpress\/ -->\n<title>Webcam Salinas \u2192 Guarda in diretta!<\/title>\n<meta name=\"description\" content=\"Webcam Salinas | Livecam di Salinas! \u2705 Aggiornata per voi in tempo reale! \u2705 Previsioni meteo attuali!\" \/>\n<meta name=\"robots\" content=\"index, follow, max-snippet:-1, max-image-preview:large, max-video-preview:-1\" \/>\n<link rel=\"canonical\" href=\"https:\/\/weather-radar-live.com\/it\/webcam\/spagna\/webcam-salinas\/\" \/>\n<meta property=\"og:locale\" content=\"it_IT\" \/>\n<meta property=\"og:type\" content=\"article\" \/>\n<meta property=\"og:title\" content=\"Webcam Salinas \u2192 Guarda in diretta!\" \/>\n<meta property=\"og:description\" content=\"Webcam Salinas | Livecam di Salinas! \u2705 Aggiornata per voi in tempo reale! \u2705 Previsioni meteo attuali!\" \/>\n<meta property=\"og:url\" content=\"https:\/\/weather-radar-live.com\/it\/webcam\/spagna\/webcam-salinas\/\" \/>\n<meta property=\"og:site_name\" content=\"weather-radar-live.com\" \/>\n<meta property=\"article:modified_time\" content=\"2022-07-19T14:38:17+00:00\" \/>\n<meta property=\"og:image\" content=\"https:\/\/weather-radar-live.com\/wp-content\/uploads\/2022\/07\/Webcam-Salinas-e1658218363621.png\" \/>\n\t<meta property=\"og:image:width\" content=\"945\" \/>\n\t<meta property=\"og:image:height\" content=\"512\" \/>\n\t<meta property=\"og:image:type\" content=\"image\/png\" \/>\n<meta name=\"twitter:card\" content=\"summary_large_image\" \/>\n<meta name=\"twitter:label1\" content=\"Tempo di lettura stimato\" \/>\n\t<meta name=\"twitter:data1\" content=\"3 minuti\" \/>\n<script type=\"application\/ld+json\" class=\"yoast-schema-graph\">{\"@context\":\"https:\\\/\\\/schema.org\",\"@graph\":[{\"@type\":\"WebPage\",\"@id\":\"https:\\\/\\\/weather-radar-live.com\\\/it\\\/webcam\\\/spagna\\\/webcam-salinas\\\/\",\"url\":\"https:\\\/\\\/weather-radar-live.com\\\/it\\\/webcam\\\/spagna\\\/webcam-salinas\\\/\",\"name\":\"Webcam Salinas \u2192 Guarda in diretta!\",\"isPartOf\":{\"@id\":\"https:\\\/\\\/weather-radar-live.com\\\/#website\"},\"primaryImageOfPage\":{\"@id\":\"https:\\\/\\\/weather-radar-live.com\\\/it\\\/webcam\\\/spagna\\\/webcam-salinas\\\/#primaryimage\"},\"image\":{\"@id\":\"https:\\\/\\\/weather-radar-live.com\\\/it\\\/webcam\\\/spagna\\\/webcam-salinas\\\/#primaryimage\"},\"thumbnailUrl\":\"https:\\\/\\\/weather-radar-live.com\\\/wp-content\\\/uploads\\\/2022\\\/07\\\/Webcam-Salinas-e1658218363621.png\",\"datePublished\":\"2022-07-19T14:14:48+00:00\",\"dateModified\":\"2022-07-19T14:38:17+00:00\",\"description\":\"Webcam Salinas | Livecam di Salinas! \u2705 Aggiornata per voi in tempo reale! \u2705 Previsioni meteo attuali!\",\"breadcrumb\":{\"@id\":\"https:\\\/\\\/weather-radar-live.com\\\/it\\\/webcam\\\/spagna\\\/webcam-salinas\\\/#breadcrumb\"},\"inLanguage\":\"it-IT\",\"potentialAction\":[{\"@type\":\"ReadAction\",\"target\":[\"https:\\\/\\\/weather-radar-live.com\\\/it\\\/webcam\\\/spagna\\\/webcam-salinas\\\/\"]}]},{\"@type\":\"ImageObject\",\"inLanguage\":\"it-IT\",\"@id\":\"https:\\\/\\\/weather-radar-live.com\\\/it\\\/webcam\\\/spagna\\\/webcam-salinas\\\/#primaryimage\",\"url\":\"https:\\\/\\\/weather-radar-live.com\\\/wp-content\\\/uploads\\\/2022\\\/07\\\/Webcam-Salinas-e1658218363621.png\",\"contentUrl\":\"https:\\\/\\\/weather-radar-live.com\\\/wp-content\\\/uploads\\\/2022\\\/07\\\/Webcam-Salinas-e1658218363621.png\",\"width\":945,\"height\":512,\"caption\":\"Webcam Salinas\"},{\"@type\":\"BreadcrumbList\",\"@id\":\"https:\\\/\\\/weather-radar-live.com\\\/it\\\/webcam\\\/spagna\\\/webcam-salinas\\\/#breadcrumb\",\"itemListElement\":[{\"@type\":\"ListItem\",\"position\":1,\"name\":\"Weather Radar Live\",\"item\":\"https:\\\/\\\/weather-radar-live.com\\\/it\\\/\"},{\"@type\":\"ListItem\",\"position\":2,\"name\":\"Webcam\",\"item\":\"https:\\\/\\\/weather-radar-live.com\\\/it\\\/webcam\\\/\"},{\"@type\":\"ListItem\",\"position\":3,\"name\":\"Spagna\",\"item\":\"https:\\\/\\\/weather-radar-live.com\\\/it\\\/webcam\\\/spagna\\\/\"},{\"@type\":\"ListItem\",\"position\":4,\"name\":\"Webcam Salinas\"}]},{\"@type\":\"WebSite\",\"@id\":\"https:\\\/\\\/weather-radar-live.com\\\/#website\",\"url\":\"https:\\\/\\\/weather-radar-live.com\\\/\",\"name\":\"weather-radar-live.com\",\"description\":\"Your weather and sky radar.\",\"publisher\":{\"@id\":\"https:\\\/\\\/weather-radar-live.com\\\/#organization\"},\"potentialAction\":[{\"@type\":\"SearchAction\",\"target\":{\"@type\":\"EntryPoint\",\"urlTemplate\":\"https:\\\/\\\/weather-radar-live.com\\\/?s={search_term_string}\"},\"query-input\":{\"@type\":\"PropertyValueSpecification\",\"valueRequired\":true,\"valueName\":\"search_term_string\"}}],\"inLanguage\":\"it-IT\"},{\"@type\":\"Organization\",\"@id\":\"https:\\\/\\\/weather-radar-live.com\\\/#organization\",\"name\":\"weather-radar-live.com\",\"url\":\"https:\\\/\\\/weather-radar-live.com\\\/\",\"logo\":{\"@type\":\"ImageObject\",\"inLanguage\":\"it-IT\",\"@id\":\"https:\\\/\\\/weather-radar-live.com\\\/#\\\/schema\\\/logo\\\/image\\\/\",\"url\":\"https:\\\/\\\/weather-radar-live.com\\\/wp-content\\\/uploads\\\/2022\\\/03\\\/cropped-WRL2503.png\",\"contentUrl\":\"https:\\\/\\\/weather-radar-live.com\\\/wp-content\\\/uploads\\\/2022\\\/03\\\/cropped-WRL2503.png\",\"width\":1920,\"height\":555,\"caption\":\"weather-radar-live.com\"},\"image\":{\"@id\":\"https:\\\/\\\/weather-radar-live.com\\\/#\\\/schema\\\/logo\\\/image\\\/\"}}]}<\/script>\n<!-- \/ Yoast SEO plugin. -->","yoast_head_json":{"title":"Webcam Salinas \u2192 Guarda in diretta!","description":"Webcam Salinas | Livecam di Salinas! \u2705 Aggiornata per voi in tempo reale! \u2705 Previsioni meteo attuali!","robots":{"index":"index","follow":"follow","max-snippet":"max-snippet:-1","max-image-preview":"max-image-preview:large","max-video-preview":"max-video-preview:-1"},"canonical":"https:\/\/weather-radar-live.com\/it\/webcam\/spagna\/webcam-salinas\/","og_locale":"it_IT","og_type":"article","og_title":"Webcam Salinas \u2192 Guarda in diretta!","og_description":"Webcam Salinas | Livecam di Salinas! \u2705 Aggiornata per voi in tempo reale! \u2705 Previsioni meteo attuali!","og_url":"https:\/\/weather-radar-live.com\/it\/webcam\/spagna\/webcam-salinas\/","og_site_name":"weather-radar-live.com","article_modified_time":"2022-07-19T14:38:17+00:00","og_image":[{"width":945,"height":512,"url":"https:\/\/weather-radar-live.com\/wp-content\/uploads\/2022\/07\/Webcam-Salinas-e1658218363621.png","type":"image\/png"}],"twitter_card":"summary_large_image","twitter_misc":{"Tempo di lettura stimato":"3 minuti"},"schema":{"@context":"https:\/\/schema.org","@graph":[{"@type":"WebPage","@id":"https:\/\/weather-radar-live.com\/it\/webcam\/spagna\/webcam-salinas\/","url":"https:\/\/weather-radar-live.com\/it\/webcam\/spagna\/webcam-salinas\/","name":"Webcam Salinas \u2192 Guarda in diretta!","isPartOf":{"@id":"https:\/\/weather-radar-live.com\/#website"},"primaryImageOfPage":{"@id":"https:\/\/weather-radar-live.com\/it\/webcam\/spagna\/webcam-salinas\/#primaryimage"},"image":{"@id":"https:\/\/weather-radar-live.com\/it\/webcam\/spagna\/webcam-salinas\/#primaryimage"},"thumbnailUrl":"https:\/\/weather-radar-live.com\/wp-content\/uploads\/2022\/07\/Webcam-Salinas-e1658218363621.png","datePublished":"2022-07-19T14:14:48+00:00","dateModified":"2022-07-19T14:38:17+00:00","description":"Webcam Salinas | Livecam di Salinas! \u2705 Aggiornata per voi in tempo reale! \u2705 Previsioni meteo attuali!","breadcrumb":{"@id":"https:\/\/weather-radar-live.com\/it\/webcam\/spagna\/webcam-salinas\/#breadcrumb"},"inLanguage":"it-IT","potentialAction":[{"@type":"ReadAction","target":["https:\/\/weather-radar-live.com\/it\/webcam\/spagna\/webcam-salinas\/"]}]},{"@type":"ImageObject","inLanguage":"it-IT","@id":"https:\/\/weather-radar-live.com\/it\/webcam\/spagna\/webcam-salinas\/#primaryimage","url":"https:\/\/weather-radar-live.com\/wp-content\/uploads\/2022\/07\/Webcam-Salinas-e1658218363621.png","contentUrl":"https:\/\/weather-radar-live.com\/wp-content\/uploads\/2022\/07\/Webcam-Salinas-e1658218363621.png","width":945,"height":512,"caption":"Webcam Salinas"},{"@type":"BreadcrumbList","@id":"https:\/\/weather-radar-live.com\/it\/webcam\/spagna\/webcam-salinas\/#breadcrumb","itemListElement":[{"@type":"ListItem","position":1,"name":"Weather Radar Live","item":"https:\/\/weather-radar-live.com\/it\/"},{"@type":"ListItem","position":2,"name":"Webcam","item":"https:\/\/weather-radar-live.com\/it\/webcam\/"},{"@type":"ListItem","position":3,"name":"Spagna","item":"https:\/\/weather-radar-live.com\/it\/webcam\/spagna\/"},{"@type":"ListItem","position":4,"name":"Webcam Salinas"}]},{"@type":"WebSite","@id":"https:\/\/weather-radar-live.com\/#website","url":"https:\/\/weather-radar-live.com\/","name":"weather-radar-live.com","description":"Your weather and sky radar.","publisher":{"@id":"https:\/\/weather-radar-live.com\/#organization"},"potentialAction":[{"@type":"SearchAction","target":{"@type":"EntryPoint","urlTemplate":"https:\/\/weather-radar-live.com\/?s={search_term_string}"},"query-input":{"@type":"PropertyValueSpecification","valueRequired":true,"valueName":"search_term_string"}}],"inLanguage":"it-IT"},{"@type":"Organization","@id":"https:\/\/weather-radar-live.com\/#organization","name":"weather-radar-live.com","url":"https:\/\/weather-radar-live.com\/","logo":{"@type":"ImageObject","inLanguage":"it-IT","@id":"https:\/\/weather-radar-live.com\/#\/schema\/logo\/image\/","url":"https:\/\/weather-radar-live.com\/wp-content\/uploads\/2022\/03\/cropped-WRL2503.png","contentUrl":"https:\/\/weather-radar-live.com\/wp-content\/uploads\/2022\/03\/cropped-WRL2503.png","width":1920,"height":555,"caption":"weather-radar-live.com"},"image":{"@id":"https:\/\/weather-radar-live.com\/#\/schema\/logo\/image\/"}}]}},"_links":{"self":[{"href":"https:\/\/weather-radar-live.com\/it\/wp-json\/wp\/v2\/pages\/5124","targetHints":{"allow":["GET"]}}],"collection":[{"href":"https:\/\/weather-radar-live.com\/it\/wp-json\/wp\/v2\/pages"}],"about":[{"href":"https:\/\/weather-radar-live.com\/it\/wp-json\/wp\/v2\/types\/page"}],"author":[{"embeddable":true,"href":"https:\/\/weather-radar-live.com\/it\/wp-json\/wp\/v2\/users\/1"}],"replies":[{"embeddable":true,"href":"https:\/\/weather-radar-live.com\/it\/wp-json\/wp\/v2\/comments?post=5124"}],"version-history":[{"count":3,"href":"https:\/\/weather-radar-live.com\/it\/wp-json\/wp\/v2\/pages\/5124\/revisions"}],"predecessor-version":[{"id":5163,"href":"https:\/\/weather-radar-live.com\/it\/wp-json\/wp\/v2\/pages\/5124\/revisions\/5163"}],"up":[{"embeddable":true,"href":"https:\/\/weather-radar-live.com\/it\/wp-json\/wp\/v2\/pages\/4349"}],"wp:featuredmedia":[{"embeddable":true,"href":"https:\/\/weather-radar-live.com\/it\/wp-json\/wp\/v2\/media\/5021"}],"wp:attachment":[{"href":"https:\/\/weather-radar-live.com\/it\/wp-json\/wp\/v2\/media?parent=5124"}],"curies":[{"name":"wp","href":"https:\/\/api.w.org\/{rel}","templated":true}]}}