{"id":5043,"date":"2022-04-21T14:54:36","date_gmt":"2022-04-21T12:54:36","guid":{"rendered":"https:\/\/weather-radar-live.com\/webcam\/francia\/webcam-la-grande-motte\/"},"modified":"2022-07-19T11:10:11","modified_gmt":"2022-07-19T09:10:11","slug":"webcam-la-grande-motte","status":"publish","type":"page","link":"https:\/\/weather-radar-live.com\/it\/webcam\/francia\/webcam-la-grande-motte\/","title":{"rendered":"Webcam La Grande Motte"},"content":{"rendered":"<div id=\"weath-1352746700\" class=\"weath-vor-dem-inhalt weath-entity-placement\" style=\"margin-top: 15px;margin-right: 25px;margin-bottom: 40px;margin-left: 25px;\"><script async src=\"\/\/pagead2.googlesyndication.com\/pagead\/js\/adsbygoogle.js?client=ca-pub-8960936133935804\" crossorigin=\"anonymous\"><\/script><ins class=\"adsbygoogle\" style=\"display:block;\" data-ad-client=\"ca-pub-8960936133935804\" \ndata-ad-slot=\"6172817020\" \ndata-ad-format=\"auto\"><\/ins>\n<script> \n(adsbygoogle = window.adsbygoogle || []).push({}); \n<\/script>\n<\/div>\n<div class=\"wp-block-cover alignfull is-light\"><span aria-hidden=\"true\" class=\"wp-block-cover__gradient-background has-background-dim\"><\/span><img decoding=\"async\" class=\"wp-block-cover__image-background wp-image-342\" alt=\"Webcam La Grande Motte\" src=\"https:\/\/weather-radar-live.com\/wp-content\/uploads\/2021\/06\/sam-schooler-E9aetBe2w40-unsplash-e1622554814366.jpg\" data-object-fit=\"cover\"\/><div class=\"wp-block-cover__inner-container is-layout-flow wp-block-cover-is-layout-flow\">\n<h2 class=\"has-text-align-center heading wp-block-heading\" id=\"webcam-fort-mahon\" style=\"font-size:40px\"><strong><mark style=\"background-color:rgba(0, 0, 0, 0)\" class=\"has-inline-color has-base-3-color\">WEBCAM <\/mark><\/strong><br><strong><mark style=\"background-color:rgba(0, 0, 0, 0)\" class=\"has-inline-color has-base-3-color\"><strong>LA GRANDE MOTTE<\/strong><\/mark><\/strong><\/h2>\n<\/div><\/div>\n\n\n<div class=\"yoast-breadcrumbs\"><span><span><a href=\"https:\/\/weather-radar-live.com\/it\/\">Weather Radar Live<\/a><\/span> \u00bb <span><a href=\"https:\/\/weather-radar-live.com\/it\/webcam\/\">Webcam<\/a><\/span> \u00bb <span><a href=\"https:\/\/weather-radar-live.com\/it\/webcam\/francia\/\">Francia<\/a><\/span> \u00bb <span class=\"breadcrumb_last\" aria-current=\"page\"><strong>Webcam La Grande Motte<\/strong><\/span><\/span><\/div>\n\n\n<h2 class=\"has-text-align-center wp-block-heading\" id=\"webcam-fort-mahon\"><strong>Webcam La Grande Motte<\/strong><\/h2>\n\n\n\n<p>La Grande-Motte, un comune del dipartimento dell&#8217;H\u00e9rault, \u00e8 una famosa localit\u00e0 balneare della regione Linguadoca-Rossiglione, nel sud della Francia. Con una bella spiaggia e un porto, spicca tra gli altri sviluppi lungo questa costa. Gran parte della Grande-Motte \u00e8 costituita da hotel ed edifici risalenti agli anni &#8217;70. Dispone di una spiaggia sabbiosa lunga sette miglia e di una serie di alloggi.<\/p>\n\n\n\n<p>La Grande Motte si concentra sugli sport acquatici e sull&#8217;architettura. Oltre ad essere uno dei luoghi preferiti dagli amanti della spiaggia, \u00e8 anche popolare tra coloro che amano il tempo libero e il design. Dalla vela al canottaggio e allo sci nautico, offre molte attivit\u00e0. Si trova nel cuore della costa mediterranea e ha un clima adeguato grazie ai suoi 300 giorni di sole in media all&#8217;anno.<\/p><div id=\"weath-3160233135\" class=\"weath-inhalt_2 weath-entity-placement\" style=\"margin-top: 15px;margin-right: 25px;margin-bottom: 35px;margin-left: 25px;\"><script async src=\"\/\/pagead2.googlesyndication.com\/pagead\/js\/adsbygoogle.js?client=ca-pub-8960936133935804\" crossorigin=\"anonymous\"><\/script><ins class=\"adsbygoogle\" style=\"display:block;\" data-ad-client=\"ca-pub-8960936133935804\" \ndata-ad-slot=\"1963584050\" \ndata-ad-format=\"auto\"><\/ins>\n<script> \n(adsbygoogle = window.adsbygoogle || []).push({}); \n<\/script>\n<\/div>\n\n\n\n<div class=\"wp-block-columns is-layout-flex wp-container-core-columns-is-layout-9d6595d7 wp-block-columns-is-layout-flex\">\n<div class=\"wp-block-column webcam-column is-layout-flow wp-block-column-is-layout-flow\">\n<h3 class=\"has-text-align-center live-emoji wp-block-heading\"> \ud83d\udd34 <strong>Webcam <strong><strong>La Grande Motte<\/strong><\/strong><\/strong> Port de plaisance (Panorama)<\/h3>\n\n\n\n<iframe src=\"https:\/\/grandemotte.roundshot.co\/portdeplaisance\/#\/\" style=\"width: 100%; height: 400px; border: none;\" allowfullscreen=\"\"><\/iframe>\n\n\n\n<p class=\"has-text-align-center\"><strong><sup>Con un clic del mouse (smartphone: cambia la vista semplicemente toccando) pu\u00f2 spostare la webcam nella direzione che preferisce. Ruotando la rotella del mouse o zoomando con le dita, pu\u00f2 ingrandire la webcam. In alternativa, pu\u00f2 anche utilizzare i pulsanti a questo scopo.<\/sup><\/strong><\/p>\n\n\n\n<div class=\"wp-block-columns is-layout-flex wp-container-core-columns-is-layout-9d6595d7 wp-block-columns-is-layout-flex\">\n<div class=\"wp-block-column is-layout-flow wp-block-column-is-layout-flow\">\n<h3 class=\"has-text-align-center wp-block-heading\"><strong>\ud83d\udd34 <strong><strong><strong>Webcam<\/strong><\/strong><\/strong><\/strong> <strong><strong><strong><strong>La Grande Motte<\/strong><\/strong><\/strong><\/strong> Tignes<\/h3>\n\n\n\n<iframe src=\"https:\/\/tignes.roundshot.com\/grande-motte\/\" style=\"width: 100%; height: 400px; border: none;\" allowfullscreen=\"\"><\/iframe>\n<\/div>\n\n\n\n<div class=\"wp-block-column is-layout-flow wp-block-column-is-layout-flow\">\n<h3 class=\"has-text-align-center wp-block-heading\"><strong> <strong><strong>\ud83d\udd34 Webcam <strong><strong><strong><strong><strong><strong><strong><strong>La Grande Motte<\/strong><\/strong><\/strong><\/strong><\/strong><\/strong><\/strong><\/strong><\/strong><\/strong> <\/strong>Porto<\/h3>\n\n\n\n<a name=\"windy-webcam-timelapse-player\" data-id=\"1581840806\" data-play=\"day\" href=\"https:\/\/windy.com\/webcams\/1581840806\" target=\"_blank\" rel=\"noopener\">La Grande-Motte<\/a><script async=\"\" type=\"text\/javascript\" src=\"https:\/\/webcams.windy.com\/webcams\/public\/embed\/script\/player.js\"><\/script>\n<\/div>\n<\/div>\n<\/div>\n<\/div>\n\n\n\n<h2 class=\"wp-block-heading\" id=\"fort-mahon-today\"><strong>Radar meteo <strong><strong><strong><strong>La Grande Motte<\/strong><\/strong><\/strong><\/strong><\/strong> &#8211; <strong>Il meteo a <strong><strong><strong><strong><strong><strong><strong><strong>La Grande Motte<\/strong><\/strong><\/strong><\/strong><\/strong><\/strong><\/strong><\/strong><\/strong><\/h2>\n\n\n\n<p>Vuole conoscere le previsioni meteo dettagliate per La Grande Motte? Il radar meteo La Grande Motte le offre i dettagli relativi a precipitazioni, copertura nuvolosa, tornado e piogge in tempo reale. I grafici e le mappe qui riportati coprono gli aggiornamenti meteo dettagliati. Pu\u00f2 semplicemente utilizzare i segni + o &#8211; nell&#8217;angolo in alto a destra per visualizzare il meteo di La Grande Motte.<\/p>\n\n\n\n<div class=\"wp-block-columns is-layout-flex wp-container-core-columns-is-layout-9d6595d7 wp-block-columns-is-layout-flex\">\n<div class=\"wp-block-column is-layout-flow wp-block-column-is-layout-flow\" style=\"flex-basis:75%\">\n<iframe loading=\"lazy\" width=\"1300\" height=\"502\" src=\"https:\/\/embed.windy.com\/embed2.html?lat=43.526&amp;lon=4.076&amp;detailLat=43.526&amp;detailLon=4.076&amp;width=1300&amp;height=502&amp;zoom=11&amp;level=surface&amp;overlay=wind&amp;product=ecmwf&amp;menu=&amp;message=&amp;marker=&amp;calendar=now&amp;pressure=&amp;type=map&amp;location=coordinates&amp;detail=&amp;metricWind=default&amp;metricTemp=default&amp;radarRange=-1\" frameborder=\"0\"><\/iframe>\n<\/div>\n\n\n\n<div class=\"wp-block-column is-layout-flow wp-block-column-is-layout-flow\" style=\"flex-basis:25%\">\n<a class=\"weatherwidget-io\" href=\"https:\/\/forecast7.com\/it\/43d564d09\/la-grande-motte\/\" data-label_1=\"LA GRANDE-MOTTE\" data-theme=\"original\" >LA GRANDE-MOTTE<\/a>\n<script>\n!function(d,s,id){var js,fjs=d.getElementsByTagName(s)[0];if(!d.getElementById(id)){js=d.createElement(s);js.id=id;js.src='https:\/\/weatherwidget.io\/js\/widget.min.js';fjs.parentNode.insertBefore(js,fjs);}}(document,'script','weatherwidget-io-js');\n<\/script><script>\nfunction(d,s,id){var js,fjs=d.getElementsByTagName(s)[0];if(!d.getElementById(id)){js=d.createElement(s);js.id=id;js.src='https:\/\/weatherwidget.io\/js\/widget.min.js';fjs.parentNode.insertBefore(js,fjs);}}(document,'script','weatherwidget-io-js');\n<\/script>\n<\/div>\n<\/div>\n\n\n\n<h2 class=\"wp-block-heading\" id=\"fort-mahon-weather\"><strong>Il clima di La Grande Motte<\/strong><\/h2>\n\n\n\n<p>Il clima di La Grande Motte \u00e8 mediterraneo. La Grande-Motte vive inverni freddi, lunghi e parzialmente nuvolosi ed estati calde e secche.<\/p>\n\n\n\n<p><strong>Temperatura <\/strong><\/p>\n\n\n\n<p>Una temperatura media compresa tra 38\u00b0F e 84\u00b0F \u00e8 tipica della regione durante tutto l&#8217;anno, e raramente scende sotto i 29\u00b0F o sale sopra i 90\u00b0F.<\/p>\n\n\n\n<p><strong>Nuvole <\/strong><\/p>\n\n\n\n<p>Luglio \u00e8 il mese pi\u00f9 limpido a La Grande-Motte, con una media dell&#8217;80% di giorni parzialmente nuvolosi, prevalentemente limpidi o limpidi.<\/p>\n\n\n\n<p>La Grande-Motte registra la maggiore copertura nuvolosa a novembre, con il 46% dei giorni nuvolosi.<\/p>\n\n\n\n<p><strong>Le precipitazioni <\/strong><\/p>\n\n\n\n<p>Le precipitazioni a La Grande-Motte variano in modo significativo a seconda della stagione. A La Grande-Motte, ottobre registra i giorni pi\u00f9 piovosi, con una media di 7,1 giorni al mese. Le precipitazioni nel mese di ottobre sono di 0,6 pollici.<\/p>\n\n\n\n<p><strong>Umidit\u00e0 <\/strong><\/p>\n\n\n\n<p>Ci sono 9,6 giorni al mese a La Grande-Motte che sono afosi o peggio in agosto.<\/p>\n\n\n\n<p><strong>Vento <\/strong><\/p>\n\n\n\n<p>La Grande-Motte registra il maggior numero di venti a febbraio, quando la velocit\u00e0 del vento \u00e8 in media di 12,50 miglia all&#8217;ora. La velocit\u00e0 del vento a La Grande-Motte \u00e8 in media di 9,5 miglia orarie in agosto, il che lo rende uno dei mesi pi\u00f9 calmi dell&#8217;anno.<\/p>\n\n\n\n<h2 class=\"wp-block-heading\"><strong>Parco Nazionale Regionale della Camargue &#8211; La Grande Motte <\/strong><\/h2>\n\n\n\n<p>Il Parco Nazionale Regionale della Camargue \u00e8 un parco vasto e selvaggio in Europa, situato vicino alla foce del Rodano. Poich\u00e9 ospita fauna e flora, attira molti uccelli. In tutto il parco ornitologico, i visitatori possono osservare e fotografare questi uccelli da vicino. Un totale di 85.000 ettari \u00e8 occupato da questo parco naturale regionale. Questa regione \u00e8 nota per la pastorizia di cavalli e bovini. Potr\u00e0 vivere un&#8217;indimenticabile esperienza di equitazione nel Parco Nazionale Regionale della Camargue. Inoltre, se \u00e8 un appassionato di frutti di mare, amer\u00e0 gustare qui i frutti di mare freschi.<\/p>\n","protected":false},"excerpt":{"rendered":"<p>Webcam La Grande Motte La Grande-Motte, un comune del dipartimento dell&#8217;H\u00e9rault, \u00e8 una famosa localit\u00e0 balneare della regione Linguadoca-Rossiglione, nel sud della Francia. Con una bella spiaggia e un porto, spicca tra gli altri sviluppi lungo questa costa. Gran parte della Grande-Motte \u00e8 costituita da hotel ed edifici risalenti agli anni &#8217;70. Dispone di una &#8230; <a title=\"Webcam La Grande Motte\" class=\"read-more\" href=\"https:\/\/weather-radar-live.com\/it\/webcam\/francia\/webcam-la-grande-motte\/\" aria-label=\"Per saperne di pi\u00f9 su Webcam La Grande Motte\">Leggi tutto<\/a><\/p>\n","protected":false},"author":1,"featured_media":3959,"parent":4178,"menu_order":0,"comment_status":"closed","ping_status":"closed","template":"","meta":{"footnotes":""},"class_list":["post-5043","page","type-page","status-publish","has-post-thumbnail"],"yoast_head":"<!-- This site is optimized with the Yoast SEO plugin v27.5 - https:\/\/yoast.com\/product\/yoast-seo-wordpress\/ -->\n<title>Webcam La Grande Motte \u2192 Guardate in diretta!<\/title>\n<meta name=\"description\" content=\"Webcam La Grande Motte | Webcam di La Grande Motte! Aggiornata per voi in tempo reale! \u2705 Previsioni meteo attuali!\" \/>\n<meta name=\"robots\" content=\"index, follow, max-snippet:-1, max-image-preview:large, max-video-preview:-1\" \/>\n<link rel=\"canonical\" href=\"https:\/\/weather-radar-live.com\/it\/webcam\/francia\/webcam-la-grande-motte\/\" \/>\n<meta property=\"og:locale\" content=\"it_IT\" \/>\n<meta property=\"og:type\" content=\"article\" \/>\n<meta property=\"og:title\" content=\"Webcam La Grande Motte \u2192 Guardate in diretta!\" \/>\n<meta property=\"og:description\" content=\"Webcam La Grande Motte | Webcam di La Grande Motte! Aggiornata per voi in tempo reale! \u2705 Previsioni meteo attuali!\" \/>\n<meta property=\"og:url\" content=\"https:\/\/weather-radar-live.com\/it\/webcam\/francia\/webcam-la-grande-motte\/\" \/>\n<meta property=\"og:site_name\" content=\"weather-radar-live.com\" \/>\n<meta property=\"article:modified_time\" content=\"2022-07-19T09:10:11+00:00\" \/>\n<meta property=\"og:image\" content=\"https:\/\/weather-radar-live.com\/wp-content\/uploads\/2022\/04\/Webcam-La-Grande-Motte-e1650549301372.jpg\" \/>\n\t<meta property=\"og:image:width\" content=\"1918\" \/>\n\t<meta property=\"og:image:height\" content=\"1014\" \/>\n\t<meta property=\"og:image:type\" content=\"image\/jpeg\" \/>\n<meta name=\"twitter:card\" content=\"summary_large_image\" \/>\n<meta name=\"twitter:label1\" content=\"Tempo di lettura stimato\" \/>\n\t<meta name=\"twitter:data1\" content=\"3 minuti\" \/>\n<script type=\"application\/ld+json\" class=\"yoast-schema-graph\">{\"@context\":\"https:\\\/\\\/schema.org\",\"@graph\":[{\"@type\":\"WebPage\",\"@id\":\"https:\\\/\\\/weather-radar-live.com\\\/it\\\/webcam\\\/francia\\\/webcam-la-grande-motte\\\/\",\"url\":\"https:\\\/\\\/weather-radar-live.com\\\/it\\\/webcam\\\/francia\\\/webcam-la-grande-motte\\\/\",\"name\":\"Webcam La Grande Motte \u2192 Guardate in diretta!\",\"isPartOf\":{\"@id\":\"https:\\\/\\\/weather-radar-live.com\\\/#website\"},\"primaryImageOfPage\":{\"@id\":\"https:\\\/\\\/weather-radar-live.com\\\/it\\\/webcam\\\/francia\\\/webcam-la-grande-motte\\\/#primaryimage\"},\"image\":{\"@id\":\"https:\\\/\\\/weather-radar-live.com\\\/it\\\/webcam\\\/francia\\\/webcam-la-grande-motte\\\/#primaryimage\"},\"thumbnailUrl\":\"https:\\\/\\\/weather-radar-live.com\\\/wp-content\\\/uploads\\\/2022\\\/04\\\/Webcam-La-Grande-Motte-e1650549301372.jpg\",\"datePublished\":\"2022-04-21T12:54:36+00:00\",\"dateModified\":\"2022-07-19T09:10:11+00:00\",\"description\":\"Webcam La Grande Motte | Webcam di La Grande Motte! Aggiornata per voi in tempo reale! \u2705 Previsioni meteo attuali!\",\"breadcrumb\":{\"@id\":\"https:\\\/\\\/weather-radar-live.com\\\/it\\\/webcam\\\/francia\\\/webcam-la-grande-motte\\\/#breadcrumb\"},\"inLanguage\":\"it-IT\",\"potentialAction\":[{\"@type\":\"ReadAction\",\"target\":[\"https:\\\/\\\/weather-radar-live.com\\\/it\\\/webcam\\\/francia\\\/webcam-la-grande-motte\\\/\"]}]},{\"@type\":\"ImageObject\",\"inLanguage\":\"it-IT\",\"@id\":\"https:\\\/\\\/weather-radar-live.com\\\/it\\\/webcam\\\/francia\\\/webcam-la-grande-motte\\\/#primaryimage\",\"url\":\"https:\\\/\\\/weather-radar-live.com\\\/wp-content\\\/uploads\\\/2022\\\/04\\\/Webcam-La-Grande-Motte-e1650549301372.jpg\",\"contentUrl\":\"https:\\\/\\\/weather-radar-live.com\\\/wp-content\\\/uploads\\\/2022\\\/04\\\/Webcam-La-Grande-Motte-e1650549301372.jpg\",\"width\":1918,\"height\":1014,\"caption\":\"Webcam La Grande Motte\"},{\"@type\":\"BreadcrumbList\",\"@id\":\"https:\\\/\\\/weather-radar-live.com\\\/it\\\/webcam\\\/francia\\\/webcam-la-grande-motte\\\/#breadcrumb\",\"itemListElement\":[{\"@type\":\"ListItem\",\"position\":1,\"name\":\"Weather Radar Live\",\"item\":\"https:\\\/\\\/weather-radar-live.com\\\/it\\\/\"},{\"@type\":\"ListItem\",\"position\":2,\"name\":\"Webcam\",\"item\":\"https:\\\/\\\/weather-radar-live.com\\\/it\\\/webcam\\\/\"},{\"@type\":\"ListItem\",\"position\":3,\"name\":\"Francia\",\"item\":\"https:\\\/\\\/weather-radar-live.com\\\/it\\\/webcam\\\/francia\\\/\"},{\"@type\":\"ListItem\",\"position\":4,\"name\":\"Webcam La Grande Motte\"}]},{\"@type\":\"WebSite\",\"@id\":\"https:\\\/\\\/weather-radar-live.com\\\/#website\",\"url\":\"https:\\\/\\\/weather-radar-live.com\\\/\",\"name\":\"weather-radar-live.com\",\"description\":\"Your weather and sky radar.\",\"publisher\":{\"@id\":\"https:\\\/\\\/weather-radar-live.com\\\/#organization\"},\"potentialAction\":[{\"@type\":\"SearchAction\",\"target\":{\"@type\":\"EntryPoint\",\"urlTemplate\":\"https:\\\/\\\/weather-radar-live.com\\\/?s={search_term_string}\"},\"query-input\":{\"@type\":\"PropertyValueSpecification\",\"valueRequired\":true,\"valueName\":\"search_term_string\"}}],\"inLanguage\":\"it-IT\"},{\"@type\":\"Organization\",\"@id\":\"https:\\\/\\\/weather-radar-live.com\\\/#organization\",\"name\":\"weather-radar-live.com\",\"url\":\"https:\\\/\\\/weather-radar-live.com\\\/\",\"logo\":{\"@type\":\"ImageObject\",\"inLanguage\":\"it-IT\",\"@id\":\"https:\\\/\\\/weather-radar-live.com\\\/#\\\/schema\\\/logo\\\/image\\\/\",\"url\":\"https:\\\/\\\/weather-radar-live.com\\\/wp-content\\\/uploads\\\/2022\\\/03\\\/cropped-WRL2503.png\",\"contentUrl\":\"https:\\\/\\\/weather-radar-live.com\\\/wp-content\\\/uploads\\\/2022\\\/03\\\/cropped-WRL2503.png\",\"width\":1920,\"height\":555,\"caption\":\"weather-radar-live.com\"},\"image\":{\"@id\":\"https:\\\/\\\/weather-radar-live.com\\\/#\\\/schema\\\/logo\\\/image\\\/\"}}]}<\/script>\n<!-- \/ Yoast SEO plugin. -->","yoast_head_json":{"title":"Webcam La Grande Motte \u2192 Guardate in diretta!","description":"Webcam La Grande Motte | Webcam di La Grande Motte! Aggiornata per voi in tempo reale! \u2705 Previsioni meteo attuali!","robots":{"index":"index","follow":"follow","max-snippet":"max-snippet:-1","max-image-preview":"max-image-preview:large","max-video-preview":"max-video-preview:-1"},"canonical":"https:\/\/weather-radar-live.com\/it\/webcam\/francia\/webcam-la-grande-motte\/","og_locale":"it_IT","og_type":"article","og_title":"Webcam La Grande Motte \u2192 Guardate in diretta!","og_description":"Webcam La Grande Motte | Webcam di La Grande Motte! Aggiornata per voi in tempo reale! \u2705 Previsioni meteo attuali!","og_url":"https:\/\/weather-radar-live.com\/it\/webcam\/francia\/webcam-la-grande-motte\/","og_site_name":"weather-radar-live.com","article_modified_time":"2022-07-19T09:10:11+00:00","og_image":[{"width":1918,"height":1014,"url":"https:\/\/weather-radar-live.com\/wp-content\/uploads\/2022\/04\/Webcam-La-Grande-Motte-e1650549301372.jpg","type":"image\/jpeg"}],"twitter_card":"summary_large_image","twitter_misc":{"Tempo di lettura stimato":"3 minuti"},"schema":{"@context":"https:\/\/schema.org","@graph":[{"@type":"WebPage","@id":"https:\/\/weather-radar-live.com\/it\/webcam\/francia\/webcam-la-grande-motte\/","url":"https:\/\/weather-radar-live.com\/it\/webcam\/francia\/webcam-la-grande-motte\/","name":"Webcam La Grande Motte \u2192 Guardate in diretta!","isPartOf":{"@id":"https:\/\/weather-radar-live.com\/#website"},"primaryImageOfPage":{"@id":"https:\/\/weather-radar-live.com\/it\/webcam\/francia\/webcam-la-grande-motte\/#primaryimage"},"image":{"@id":"https:\/\/weather-radar-live.com\/it\/webcam\/francia\/webcam-la-grande-motte\/#primaryimage"},"thumbnailUrl":"https:\/\/weather-radar-live.com\/wp-content\/uploads\/2022\/04\/Webcam-La-Grande-Motte-e1650549301372.jpg","datePublished":"2022-04-21T12:54:36+00:00","dateModified":"2022-07-19T09:10:11+00:00","description":"Webcam La Grande Motte | Webcam di La Grande Motte! Aggiornata per voi in tempo reale! \u2705 Previsioni meteo attuali!","breadcrumb":{"@id":"https:\/\/weather-radar-live.com\/it\/webcam\/francia\/webcam-la-grande-motte\/#breadcrumb"},"inLanguage":"it-IT","potentialAction":[{"@type":"ReadAction","target":["https:\/\/weather-radar-live.com\/it\/webcam\/francia\/webcam-la-grande-motte\/"]}]},{"@type":"ImageObject","inLanguage":"it-IT","@id":"https:\/\/weather-radar-live.com\/it\/webcam\/francia\/webcam-la-grande-motte\/#primaryimage","url":"https:\/\/weather-radar-live.com\/wp-content\/uploads\/2022\/04\/Webcam-La-Grande-Motte-e1650549301372.jpg","contentUrl":"https:\/\/weather-radar-live.com\/wp-content\/uploads\/2022\/04\/Webcam-La-Grande-Motte-e1650549301372.jpg","width":1918,"height":1014,"caption":"Webcam La Grande Motte"},{"@type":"BreadcrumbList","@id":"https:\/\/weather-radar-live.com\/it\/webcam\/francia\/webcam-la-grande-motte\/#breadcrumb","itemListElement":[{"@type":"ListItem","position":1,"name":"Weather Radar Live","item":"https:\/\/weather-radar-live.com\/it\/"},{"@type":"ListItem","position":2,"name":"Webcam","item":"https:\/\/weather-radar-live.com\/it\/webcam\/"},{"@type":"ListItem","position":3,"name":"Francia","item":"https:\/\/weather-radar-live.com\/it\/webcam\/francia\/"},{"@type":"ListItem","position":4,"name":"Webcam La Grande Motte"}]},{"@type":"WebSite","@id":"https:\/\/weather-radar-live.com\/#website","url":"https:\/\/weather-radar-live.com\/","name":"weather-radar-live.com","description":"Your weather and sky radar.","publisher":{"@id":"https:\/\/weather-radar-live.com\/#organization"},"potentialAction":[{"@type":"SearchAction","target":{"@type":"EntryPoint","urlTemplate":"https:\/\/weather-radar-live.com\/?s={search_term_string}"},"query-input":{"@type":"PropertyValueSpecification","valueRequired":true,"valueName":"search_term_string"}}],"inLanguage":"it-IT"},{"@type":"Organization","@id":"https:\/\/weather-radar-live.com\/#organization","name":"weather-radar-live.com","url":"https:\/\/weather-radar-live.com\/","logo":{"@type":"ImageObject","inLanguage":"it-IT","@id":"https:\/\/weather-radar-live.com\/#\/schema\/logo\/image\/","url":"https:\/\/weather-radar-live.com\/wp-content\/uploads\/2022\/03\/cropped-WRL2503.png","contentUrl":"https:\/\/weather-radar-live.com\/wp-content\/uploads\/2022\/03\/cropped-WRL2503.png","width":1920,"height":555,"caption":"weather-radar-live.com"},"image":{"@id":"https:\/\/weather-radar-live.com\/#\/schema\/logo\/image\/"}}]}},"_links":{"self":[{"href":"https:\/\/weather-radar-live.com\/it\/wp-json\/wp\/v2\/pages\/5043","targetHints":{"allow":["GET"]}}],"collection":[{"href":"https:\/\/weather-radar-live.com\/it\/wp-json\/wp\/v2\/pages"}],"about":[{"href":"https:\/\/weather-radar-live.com\/it\/wp-json\/wp\/v2\/types\/page"}],"author":[{"embeddable":true,"href":"https:\/\/weather-radar-live.com\/it\/wp-json\/wp\/v2\/users\/1"}],"replies":[{"embeddable":true,"href":"https:\/\/weather-radar-live.com\/it\/wp-json\/wp\/v2\/comments?post=5043"}],"version-history":[{"count":3,"href":"https:\/\/weather-radar-live.com\/it\/wp-json\/wp\/v2\/pages\/5043\/revisions"}],"predecessor-version":[{"id":5072,"href":"https:\/\/weather-radar-live.com\/it\/wp-json\/wp\/v2\/pages\/5043\/revisions\/5072"}],"up":[{"embeddable":true,"href":"https:\/\/weather-radar-live.com\/it\/wp-json\/wp\/v2\/pages\/4178"}],"wp:featuredmedia":[{"embeddable":true,"href":"https:\/\/weather-radar-live.com\/it\/wp-json\/wp\/v2\/media\/3959"}],"wp:attachment":[{"href":"https:\/\/weather-radar-live.com\/it\/wp-json\/wp\/v2\/media?parent=5043"}],"curies":[{"name":"wp","href":"https:\/\/api.w.org\/{rel}","templated":true}]}}