{"id":4943,"date":"2022-04-21T15:34:26","date_gmt":"2022-04-21T13:34:26","guid":{"rendered":"https:\/\/weather-radar-live.com\/webcam\/francia\/webcam-la-baule\/"},"modified":"2022-07-19T09:06:49","modified_gmt":"2022-07-19T07:06:49","slug":"webcam-la-baule","status":"publish","type":"page","link":"https:\/\/weather-radar-live.com\/it\/webcam\/francia\/webcam-la-baule\/","title":{"rendered":"Webcam La Baule"},"content":{"rendered":"<div id=\"weath-1182986137\" class=\"weath-vor-dem-inhalt weath-entity-placement\" style=\"margin-top: 15px;margin-right: 25px;margin-bottom: 40px;margin-left: 25px;\"><script async src=\"\/\/pagead2.googlesyndication.com\/pagead\/js\/adsbygoogle.js?client=ca-pub-8960936133935804\" crossorigin=\"anonymous\"><\/script><ins class=\"adsbygoogle\" style=\"display:block;\" data-ad-client=\"ca-pub-8960936133935804\" \ndata-ad-slot=\"6172817020\" \ndata-ad-format=\"auto\"><\/ins>\n<script> \n(adsbygoogle = window.adsbygoogle || []).push({}); \n<\/script>\n<\/div>\n<div class=\"wp-block-cover alignfull is-light\"><span aria-hidden=\"true\" class=\"wp-block-cover__gradient-background has-background-dim\"><\/span><img decoding=\"async\" class=\"wp-block-cover__image-background wp-image-342\" alt=\"Webcam La Baule\" src=\"https:\/\/weather-radar-live.com\/wp-content\/uploads\/2021\/06\/sam-schooler-E9aetBe2w40-unsplash-e1622554814366.jpg\" data-object-fit=\"cover\"\/><div class=\"wp-block-cover__inner-container is-layout-flow wp-block-cover-is-layout-flow\">\n<h2 class=\"has-text-align-center heading wp-block-heading\" id=\"webcam-fort-mahon\" style=\"font-size:40px\"><strong><mark style=\"background-color:rgba(0, 0, 0, 0)\" class=\"has-inline-color has-base-3-color\">WEBCAM <\/mark><\/strong><br><strong><mark style=\"background-color:rgba(0, 0, 0, 0)\" class=\"has-inline-color has-base-3-color\">LA BAULE<\/mark><\/strong><\/h2>\n<\/div><\/div>\n\n\n<div class=\"yoast-breadcrumbs\"><span><span><a href=\"https:\/\/weather-radar-live.com\/it\/\">Weather Radar Live<\/a><\/span> \u00bb <span><a href=\"https:\/\/weather-radar-live.com\/it\/webcam\/\">Webcam<\/a><\/span> \u00bb <span><a href=\"https:\/\/weather-radar-live.com\/it\/webcam\/francia\/\">Francia<\/a><\/span> \u00bb <span class=\"breadcrumb_last\" aria-current=\"page\"><strong>Webcam La Baule<\/strong><\/span><\/span><\/div>\n\n\n<h2 class=\"has-text-align-center wp-block-heading\" id=\"webcam-fort-mahon\"><strong>Webcam <strong><strong>La Baule<\/strong><\/strong><\/strong><\/h2>\n\n\n\n<p>La Baule, conosciuta anche come La Baule-Escoublac, \u00e8 un comune del dipartimento Loire-Atlantique che si trova nell&#8217;emisfero nord. I pini marittimi stabilizzatori di dune di 1.000 acri (400 ettari) proteggono la spiaggia dai venti che soffiano da nord. Si trova in una baia a forma di mezzaluna su una spiaggia di sabbia lunga otto chilometri nella Francia occidentale.<\/p>\n\n\n\n<div class=\"wp-block-columns is-layout-flex wp-container-core-columns-is-layout-9d6595d7 wp-block-columns-is-layout-flex\">\n<div class=\"wp-block-column webcam-column is-layout-flow wp-block-column-is-layout-flow\">\n<h3 class=\"has-text-align-center live-emoji wp-block-heading\">\ud83d\udd34 <strong>Webcam <strong><strong><strong><strong><strong>La Baule<\/strong><\/strong><\/strong><\/strong><\/strong><\/strong> <\/h3>\n\n\n\n<iframe src=\"https:\/\/www.skaping.com\/la-baule\/plage\/video\" style=\"width: 100%; height: 400px; border: none;\" allowfullscreen=\"\"><\/iframe>\n<\/div>\n<\/div>\n\n\n\n<div class=\"wp-block-columns is-layout-flex wp-container-core-columns-is-layout-9d6595d7 wp-block-columns-is-layout-flex\">\n<div class=\"wp-block-column webcam-column is-layout-flow wp-block-column-is-layout-flow\">\n<h3 class=\"has-text-align-center wp-block-heading\">\ud83d\udd34 <strong>Webcam <strong><strong><strong><strong><strong><strong><strong><strong>La Baule<\/strong><\/strong><\/strong><\/strong><\/strong><\/strong><\/strong><\/strong><\/strong> Beach (Panorama)<\/h3>\n\n\n\n<iframe src=\"https:\/\/www.skaping.com\/la-baule\/plage\" style=\"width: 100%; height: 400px; border: none;\" allowfullscreen=\"\"><\/iframe>\n\n\n\n<p class=\"has-text-align-center\"><strong><sup>Con un clic del mouse (smartphone: cambi la visuale semplicemente toccando) pu\u00f2 spostare la webcam nella direzione che preferisce. Ruotando la rotella del mouse o zoomando con le dita, pu\u00f2 ingrandire la webcam. In alternativa, pu\u00f2 anche utilizzare i pulsanti a tale scopo.<\/sup><\/strong><\/p>\n\n\n\n<div class=\"wp-block-columns is-layout-flex wp-container-core-columns-is-layout-9d6595d7 wp-block-columns-is-layout-flex\">\n<div class=\"wp-block-column is-layout-flow wp-block-column-is-layout-flow\">\n<h3 class=\"has-text-align-center wp-block-heading\"><strong>\ud83d\udd34 Webcam <strong><strong><strong><strong><strong><strong><strong><strong><strong><strong><strong><strong>La Baule<\/strong><\/strong><\/strong><\/strong><\/strong><\/strong><\/strong><\/strong><\/strong><\/strong><\/strong><\/strong><\/strong> Porto Sud-Ovest<\/h3>\n\n\n\n<a name=\"windy-webcam-timelapse-player\" data-id=\"1463324065\" data-play=\"day\" href=\"https:\/\/windy.com\/webcams\/1463324065\" target=\"_blank\" rel=\"noopener\">La Baule-Escoublac &#8216; S\u00fcd-West: Porto<\/a><script async=\"\" type=\"text\/javascript\" src=\"https:\/\/webcams.windy.com\/webcams\/public\/embed\/script\/player.js\"><\/script>\n<\/div>\n\n\n\n<div class=\"wp-block-column is-layout-flow wp-block-column-is-layout-flow\">\n<h3 class=\"has-text-align-center wp-block-heading\"><strong> \ud83d\udd34 Webcam <strong><strong><strong>La Baule<\/strong><\/strong><\/strong><\/strong><\/h3>\n\n\n\n<figure class=\"wp-block-embed is-type-video is-provider-youtube wp-block-embed-youtube wp-embed-aspect-16-9 wp-has-aspect-ratio\"><div class=\"wp-block-embed__wrapper\">\n<iframe loading=\"lazy\" title=\"Webcam Pornichet - La Baule - La maison R\u00e9gent &amp; Grain de Folie\" width=\"1200\" height=\"675\" src=\"https:\/\/www.youtube.com\/embed\/qHXA6mUtj2I?feature=oembed\" frameborder=\"0\" allow=\"accelerometer; autoplay; clipboard-write; encrypted-media; gyroscope; picture-in-picture\" allowfullscreen><\/iframe>\n<\/div><\/figure>\n<\/div>\n<\/div>\n<\/div>\n<\/div>\n\n\n\n<h2 class=\"wp-block-heading\" id=\"fort-mahon-today\"><strong>Radar meteo <strong><strong><strong><strong><strong><strong><strong><strong><strong><strong><strong><strong><strong>La Baule<\/strong><\/strong><\/strong><\/strong><\/strong><\/strong><\/strong><\/strong><\/strong><\/strong><\/strong><\/strong><\/strong><\/strong> &#8211; <strong>Il meteo a <strong><strong><strong><strong><strong><strong><strong><strong><strong><strong><strong><strong><strong>La Baule<\/strong><\/strong><\/strong><\/strong><\/strong><\/strong><\/strong><\/strong><\/strong><\/strong><\/strong><\/strong><\/strong><\/strong><\/h2>\n\n\n\n<p>Weather Radar Live raccoglie dati su <a href=\"https:\/\/weather-radar-live.com\/it\/tempesta\/\"><strong>temporali<\/strong><\/a>, <strong><a href=\"https:\/\/weather-radar-live.com\/it\/temporali\/\">temporali<\/a><\/strong>, <strong><a href=\"https:\/\/weather-radar-live.com\/it\/tornado-en-direct\/\">tornado<\/a><\/strong>, <strong><a href=\"https:\/\/weather-radar-live.com\/it\/radar-neve\/\">neve<\/a><\/strong>, <strong><a href=\"https:\/\/weather-radar-live.com\/it\/radar-pioggia\/\">pioggia<\/a><\/strong>, e <strong><a href=\"https:\/\/weather-radar-live.com\/it\/nuvole-radar\/\">copertura nuvolosa<\/a><\/strong>. Pu\u00f2 ricevere informazioni in diretta sulle condizioni meteorologiche a La Baule. Il nostro radar in diretta \u00e8 facile da navigare.<\/p><div id=\"weath-1963065531\" class=\"weath-inhalt_2 weath-entity-placement\" style=\"margin-top: 15px;margin-right: 25px;margin-bottom: 35px;margin-left: 25px;\"><script async src=\"\/\/pagead2.googlesyndication.com\/pagead\/js\/adsbygoogle.js?client=ca-pub-8960936133935804\" crossorigin=\"anonymous\"><\/script><ins class=\"adsbygoogle\" style=\"display:block;\" data-ad-client=\"ca-pub-8960936133935804\" \ndata-ad-slot=\"1963584050\" \ndata-ad-format=\"auto\"><\/ins>\n<script> \n(adsbygoogle = window.adsbygoogle || []).push({}); \n<\/script>\n<\/div>\n\n\n\n<p>Se ha programmato un viaggio a La Baule o \u00e8 curioso di conoscere le previsioni del tempo, pu\u00f2 ottenere informazioni accurate qui. Di seguito \u00e8 riportata la mappa di La Baule. Clicchi sul simbolo + o &#8211; nell&#8217;angolo in alto a destra per navigare nella posizione esatta. Inoltre, le verranno mostrati tutti i dettagli relativi al meteo attuale e alle previsioni del tempo.<\/p>\n\n\n\n<div class=\"wp-block-columns is-layout-flex wp-container-core-columns-is-layout-9d6595d7 wp-block-columns-is-layout-flex\">\n<div class=\"wp-block-column is-layout-flow wp-block-column-is-layout-flow\" style=\"flex-basis:75%\">\n<iframe loading=\"lazy\" width=\"1300\" height=\"502\" src=\"https:\/\/embed.windy.com\/embed2.html?lat=47.388&amp;lon=-2.156&amp;detailLat=47.272&amp;detailLon=-4.065&amp;width=1300&amp;height=502&amp;zoom=8&amp;level=surface&amp;overlay=wind&amp;product=ecmwf&amp;menu=&amp;message=&amp;marker=&amp;calendar=now&amp;pressure=&amp;type=map&amp;location=coordinates&amp;detail=&amp;metricWind=default&amp;metricTemp=default&amp;radarRange=-1\" frameborder=\"0\"><\/iframe>\n<\/div>\n\n\n\n<div class=\"wp-block-column is-layout-flow wp-block-column-is-layout-flow\" style=\"flex-basis:25%\">\n<a class=\"weatherwidget-io\" href=\"https:\/\/forecast7.com\/it\/47d29n2d39\/la-baule-escoublac\/\" data-label_1=\"LA BAULE\" data-theme=\"original\">LA BAULE<\/a>\n<script>\n!function(d,s,id){var js,fjs=d.getElementsByTagName(s)[0];if(!d.getElementById(id)){js=d.createElement(s);js.id=id;js.src='https:\/\/weatherwidget.io\/js\/widget.min.js';fjs.parentNode.insertBefore(js,fjs);}}(document,'script','weatherwidget-io-js');\n<\/script>\n<\/div>\n<\/div>\n\n\n\n<h2 class=\"wp-block-heading\" id=\"fort-mahon-weather\"><strong>Il clima in <strong><strong><strong><strong><strong><strong><strong><strong><strong><strong><strong><strong><strong>La Baule<\/strong><\/strong><\/strong><\/strong><\/strong><\/strong><\/strong><\/strong><\/strong><\/strong><\/strong><\/strong><\/strong><\/strong><\/h2>\n\n\n\n<p>La Baule si trova lungo la costa atlantica, a ovest di Saint-Nazaire, alla foce del fiume Loira. Ha un clima temperato e caldo. La Baule-Escoublac ha estati piacevoli; ha inverni lunghi, freddi e ventosi.<\/p>\n\n\n\n<p> Durante la maggior parte dell&#8217;anno, c&#8217;\u00e8 una parziale copertura nuvolosa. A La Baule-Escoublac si verificano precipitazioni significative anche nei mesi pi\u00f9 secchi. Questa zona riceve circa 757 millimetri di pioggia all&#8217;anno.<\/p>\n\n\n\n<p><strong>La temperatura <\/strong><\/p>\n\n\n\n<p>Durante l&#8217;anno, la temperatura varia tipicamente da 39\u00b0F a 74\u00b0F e raramente \u00e8 inferiore a 29\u00b0F o superiore a 84\u00b0F.<\/p>\n\n\n\n<p><strong>Umidit\u00e0 <\/strong><\/p>\n\n\n\n<p>Gennaio ha l&#8217;umidit\u00e0 relativa pi\u00f9 alta (83,94%). Mentre giugno \u00e8 il mese con l&#8217;umidit\u00e0 relativa pi\u00f9 bassa (72,41%).<\/p>\n\n\n\n<p><strong>Piogge <\/strong><\/p>\n\n\n\n<p>Le piogge pi\u00f9 intense si verificano a novembre e durano 13,20 giorni. Agosto ha il minor numero di giorni di pioggia (8,03).<\/p>\n\n\n\n<p><strong>Nuvole <\/strong><\/p>\n\n\n\n<p>C&#8217;\u00e8 una variazione stagionale significativa nella percentuale media del cielo coperto da nuvole a La Baule-Escoublac.<\/p>\n\n\n\n<p>In media, il 65% del tempo a La Baule-Escoublac, il cielo \u00e8 sereno a luglio.<\/p>\n\n\n\n<p>La Baule-Escoublac sperimenta il tempo pi\u00f9 nuvoloso a gennaio, quando il cielo \u00e8 prevalentemente nuvoloso per il 63% del tempo.<\/p>\n\n\n\n<p><strong>Il vento <\/strong><\/p>\n\n\n\n<p>La topografia locale e altri fattori influenzano fortemente l&#8217;esperienza del vento in questa localit\u00e0.<\/p>\n\n\n\n<p>A dicembre (il mese pi\u00f9 ventoso), la velocit\u00e0 media oraria del vento \u00e8 di 14,2 miglia all&#8217;ora. Mentre si registrano 10,1 miglia orarie nel mese pi\u00f9 calmo, ossia agosto.<\/p>\n\n\n\n<h2 class=\"wp-block-heading\"><strong>Stazione balneare di La Baule <\/strong><\/h2>\n\n\n\n<p>Nella Bretagna meridionale, il resort di La Baule \u00e8 un rifugio balneare popolare per l&#8217;\u00e9lite francese. Creato nel 1879, questo resort centenario \u00e8 il pi\u00f9 noto resort sull&#8217;Atlantico. Questo resort dispone di ville incantevoli, di un casin\u00f2 e di eccellenti sistemazioni.<\/p>\n\n\n\n<p>Inoltre, un mix unico di cultura bretone e cultura balneare, con una spiaggia sabbiosa di 9 km, un porto per yacht e le vicine saline, la rendono un sito attraente per i turisti.<\/p>\n\n\n\n<p>Ogni anno, La Baule registra un forte aumento della popolazione nei mesi di luglio e agosto, grazie ai parigini che si fermano per settimane e ai visitatori di Nantes che vengono per gite di un giorno. Dalla stazione di Parigi Montparnasse, ci vogliono circa 3 ore per raggiungere La Baule.<\/p>\n","protected":false},"excerpt":{"rendered":"<p>Webcam La Baule La Baule, conosciuta anche come La Baule-Escoublac, \u00e8 un comune del dipartimento Loire-Atlantique che si trova nell&#8217;emisfero nord. I pini marittimi stabilizzatori di dune di 1.000 acri (400 ettari) proteggono la spiaggia dai venti che soffiano da nord. Si trova in una baia a forma di mezzaluna su una spiaggia di sabbia &#8230; <a title=\"Webcam La Baule\" class=\"read-more\" href=\"https:\/\/weather-radar-live.com\/it\/webcam\/francia\/webcam-la-baule\/\" aria-label=\"Per saperne di pi\u00f9 su Webcam La Baule\">Leggi tutto<\/a><\/p>\n","protected":false},"author":1,"featured_media":3937,"parent":4178,"menu_order":0,"comment_status":"closed","ping_status":"closed","template":"","meta":{"footnotes":""},"class_list":["post-4943","page","type-page","status-publish","has-post-thumbnail"],"yoast_head":"<!-- This site is optimized with the Yoast SEO plugin v27.5 - https:\/\/yoast.com\/product\/yoast-seo-wordpress\/ -->\n<title>Webcam La Baule \u2192 Guardate in diretta!<\/title>\n<meta name=\"description\" content=\"Webcam La Baule | Livecam di La Baule! \u2705 Aggiornata per voi in tempo reale! \u2705 Previsioni meteo attuali!\" \/>\n<meta name=\"robots\" content=\"index, follow, max-snippet:-1, max-image-preview:large, max-video-preview:-1\" \/>\n<link rel=\"canonical\" href=\"https:\/\/weather-radar-live.com\/it\/webcam\/francia\/webcam-la-baule\/\" \/>\n<meta property=\"og:locale\" content=\"it_IT\" \/>\n<meta property=\"og:type\" content=\"article\" \/>\n<meta property=\"og:title\" content=\"Webcam La Baule \u2192 Guardate in diretta!\" \/>\n<meta property=\"og:description\" content=\"Webcam La Baule | Livecam di La Baule! \u2705 Aggiornata per voi in tempo reale! \u2705 Previsioni meteo attuali!\" \/>\n<meta property=\"og:url\" content=\"https:\/\/weather-radar-live.com\/it\/webcam\/francia\/webcam-la-baule\/\" \/>\n<meta property=\"og:site_name\" content=\"weather-radar-live.com\" \/>\n<meta property=\"article:modified_time\" content=\"2022-07-19T07:06:49+00:00\" \/>\n<meta property=\"og:image\" content=\"https:\/\/weather-radar-live.com\/wp-content\/uploads\/2021\/06\/sam-schooler-E9aetBe2w40-unsplash-e1622554814366.jpg\" \/>\n<meta name=\"twitter:card\" content=\"summary_large_image\" \/>\n<meta name=\"twitter:label1\" content=\"Tempo di lettura stimato\" \/>\n\t<meta name=\"twitter:data1\" content=\"3 minuti\" \/>\n<script type=\"application\/ld+json\" class=\"yoast-schema-graph\">{\"@context\":\"https:\\\/\\\/schema.org\",\"@graph\":[{\"@type\":\"WebPage\",\"@id\":\"https:\\\/\\\/weather-radar-live.com\\\/it\\\/webcam\\\/francia\\\/webcam-la-baule\\\/\",\"url\":\"https:\\\/\\\/weather-radar-live.com\\\/it\\\/webcam\\\/francia\\\/webcam-la-baule\\\/\",\"name\":\"Webcam La Baule \u2192 Guardate in diretta!\",\"isPartOf\":{\"@id\":\"https:\\\/\\\/weather-radar-live.com\\\/#website\"},\"primaryImageOfPage\":{\"@id\":\"https:\\\/\\\/weather-radar-live.com\\\/it\\\/webcam\\\/francia\\\/webcam-la-baule\\\/#primaryimage\"},\"image\":{\"@id\":\"https:\\\/\\\/weather-radar-live.com\\\/it\\\/webcam\\\/francia\\\/webcam-la-baule\\\/#primaryimage\"},\"thumbnailUrl\":\"https:\\\/\\\/weather-radar-live.com\\\/wp-content\\\/uploads\\\/2022\\\/04\\\/Webcam-La-Baule-e1650548711664.jpg\",\"datePublished\":\"2022-04-21T13:34:26+00:00\",\"dateModified\":\"2022-07-19T07:06:49+00:00\",\"description\":\"Webcam La Baule | Livecam di La Baule! \u2705 Aggiornata per voi in tempo reale! \u2705 Previsioni meteo attuali!\",\"breadcrumb\":{\"@id\":\"https:\\\/\\\/weather-radar-live.com\\\/it\\\/webcam\\\/francia\\\/webcam-la-baule\\\/#breadcrumb\"},\"inLanguage\":\"it-IT\",\"potentialAction\":[{\"@type\":\"ReadAction\",\"target\":[\"https:\\\/\\\/weather-radar-live.com\\\/it\\\/webcam\\\/francia\\\/webcam-la-baule\\\/\"]}]},{\"@type\":\"ImageObject\",\"inLanguage\":\"it-IT\",\"@id\":\"https:\\\/\\\/weather-radar-live.com\\\/it\\\/webcam\\\/francia\\\/webcam-la-baule\\\/#primaryimage\",\"url\":\"https:\\\/\\\/weather-radar-live.com\\\/wp-content\\\/uploads\\\/2022\\\/04\\\/Webcam-La-Baule-e1650548711664.jpg\",\"contentUrl\":\"https:\\\/\\\/weather-radar-live.com\\\/wp-content\\\/uploads\\\/2022\\\/04\\\/Webcam-La-Baule-e1650548711664.jpg\",\"width\":1918,\"height\":1014,\"caption\":\"Webcam La Baule\"},{\"@type\":\"BreadcrumbList\",\"@id\":\"https:\\\/\\\/weather-radar-live.com\\\/it\\\/webcam\\\/francia\\\/webcam-la-baule\\\/#breadcrumb\",\"itemListElement\":[{\"@type\":\"ListItem\",\"position\":1,\"name\":\"Weather Radar Live\",\"item\":\"https:\\\/\\\/weather-radar-live.com\\\/it\\\/\"},{\"@type\":\"ListItem\",\"position\":2,\"name\":\"Webcam\",\"item\":\"https:\\\/\\\/weather-radar-live.com\\\/it\\\/webcam\\\/\"},{\"@type\":\"ListItem\",\"position\":3,\"name\":\"Francia\",\"item\":\"https:\\\/\\\/weather-radar-live.com\\\/it\\\/webcam\\\/francia\\\/\"},{\"@type\":\"ListItem\",\"position\":4,\"name\":\"Webcam La Baule\"}]},{\"@type\":\"WebSite\",\"@id\":\"https:\\\/\\\/weather-radar-live.com\\\/#website\",\"url\":\"https:\\\/\\\/weather-radar-live.com\\\/\",\"name\":\"weather-radar-live.com\",\"description\":\"Your weather and sky radar.\",\"publisher\":{\"@id\":\"https:\\\/\\\/weather-radar-live.com\\\/#organization\"},\"potentialAction\":[{\"@type\":\"SearchAction\",\"target\":{\"@type\":\"EntryPoint\",\"urlTemplate\":\"https:\\\/\\\/weather-radar-live.com\\\/?s={search_term_string}\"},\"query-input\":{\"@type\":\"PropertyValueSpecification\",\"valueRequired\":true,\"valueName\":\"search_term_string\"}}],\"inLanguage\":\"it-IT\"},{\"@type\":\"Organization\",\"@id\":\"https:\\\/\\\/weather-radar-live.com\\\/#organization\",\"name\":\"weather-radar-live.com\",\"url\":\"https:\\\/\\\/weather-radar-live.com\\\/\",\"logo\":{\"@type\":\"ImageObject\",\"inLanguage\":\"it-IT\",\"@id\":\"https:\\\/\\\/weather-radar-live.com\\\/#\\\/schema\\\/logo\\\/image\\\/\",\"url\":\"https:\\\/\\\/weather-radar-live.com\\\/wp-content\\\/uploads\\\/2022\\\/03\\\/cropped-WRL2503.png\",\"contentUrl\":\"https:\\\/\\\/weather-radar-live.com\\\/wp-content\\\/uploads\\\/2022\\\/03\\\/cropped-WRL2503.png\",\"width\":1920,\"height\":555,\"caption\":\"weather-radar-live.com\"},\"image\":{\"@id\":\"https:\\\/\\\/weather-radar-live.com\\\/#\\\/schema\\\/logo\\\/image\\\/\"}}]}<\/script>\n<!-- \/ Yoast SEO plugin. -->","yoast_head_json":{"title":"Webcam La Baule \u2192 Guardate in diretta!","description":"Webcam La Baule | Livecam di La Baule! \u2705 Aggiornata per voi in tempo reale! \u2705 Previsioni meteo attuali!","robots":{"index":"index","follow":"follow","max-snippet":"max-snippet:-1","max-image-preview":"max-image-preview:large","max-video-preview":"max-video-preview:-1"},"canonical":"https:\/\/weather-radar-live.com\/it\/webcam\/francia\/webcam-la-baule\/","og_locale":"it_IT","og_type":"article","og_title":"Webcam La Baule \u2192 Guardate in diretta!","og_description":"Webcam La Baule | Livecam di La Baule! \u2705 Aggiornata per voi in tempo reale! \u2705 Previsioni meteo attuali!","og_url":"https:\/\/weather-radar-live.com\/it\/webcam\/francia\/webcam-la-baule\/","og_site_name":"weather-radar-live.com","article_modified_time":"2022-07-19T07:06:49+00:00","og_image":[{"url":"https:\/\/weather-radar-live.com\/wp-content\/uploads\/2021\/06\/sam-schooler-E9aetBe2w40-unsplash-e1622554814366.jpg","type":"","width":"","height":""}],"twitter_card":"summary_large_image","twitter_misc":{"Tempo di lettura stimato":"3 minuti"},"schema":{"@context":"https:\/\/schema.org","@graph":[{"@type":"WebPage","@id":"https:\/\/weather-radar-live.com\/it\/webcam\/francia\/webcam-la-baule\/","url":"https:\/\/weather-radar-live.com\/it\/webcam\/francia\/webcam-la-baule\/","name":"Webcam La Baule \u2192 Guardate in diretta!","isPartOf":{"@id":"https:\/\/weather-radar-live.com\/#website"},"primaryImageOfPage":{"@id":"https:\/\/weather-radar-live.com\/it\/webcam\/francia\/webcam-la-baule\/#primaryimage"},"image":{"@id":"https:\/\/weather-radar-live.com\/it\/webcam\/francia\/webcam-la-baule\/#primaryimage"},"thumbnailUrl":"https:\/\/weather-radar-live.com\/wp-content\/uploads\/2022\/04\/Webcam-La-Baule-e1650548711664.jpg","datePublished":"2022-04-21T13:34:26+00:00","dateModified":"2022-07-19T07:06:49+00:00","description":"Webcam La Baule | Livecam di La Baule! \u2705 Aggiornata per voi in tempo reale! \u2705 Previsioni meteo attuali!","breadcrumb":{"@id":"https:\/\/weather-radar-live.com\/it\/webcam\/francia\/webcam-la-baule\/#breadcrumb"},"inLanguage":"it-IT","potentialAction":[{"@type":"ReadAction","target":["https:\/\/weather-radar-live.com\/it\/webcam\/francia\/webcam-la-baule\/"]}]},{"@type":"ImageObject","inLanguage":"it-IT","@id":"https:\/\/weather-radar-live.com\/it\/webcam\/francia\/webcam-la-baule\/#primaryimage","url":"https:\/\/weather-radar-live.com\/wp-content\/uploads\/2022\/04\/Webcam-La-Baule-e1650548711664.jpg","contentUrl":"https:\/\/weather-radar-live.com\/wp-content\/uploads\/2022\/04\/Webcam-La-Baule-e1650548711664.jpg","width":1918,"height":1014,"caption":"Webcam La Baule"},{"@type":"BreadcrumbList","@id":"https:\/\/weather-radar-live.com\/it\/webcam\/francia\/webcam-la-baule\/#breadcrumb","itemListElement":[{"@type":"ListItem","position":1,"name":"Weather Radar Live","item":"https:\/\/weather-radar-live.com\/it\/"},{"@type":"ListItem","position":2,"name":"Webcam","item":"https:\/\/weather-radar-live.com\/it\/webcam\/"},{"@type":"ListItem","position":3,"name":"Francia","item":"https:\/\/weather-radar-live.com\/it\/webcam\/francia\/"},{"@type":"ListItem","position":4,"name":"Webcam La Baule"}]},{"@type":"WebSite","@id":"https:\/\/weather-radar-live.com\/#website","url":"https:\/\/weather-radar-live.com\/","name":"weather-radar-live.com","description":"Your weather and sky radar.","publisher":{"@id":"https:\/\/weather-radar-live.com\/#organization"},"potentialAction":[{"@type":"SearchAction","target":{"@type":"EntryPoint","urlTemplate":"https:\/\/weather-radar-live.com\/?s={search_term_string}"},"query-input":{"@type":"PropertyValueSpecification","valueRequired":true,"valueName":"search_term_string"}}],"inLanguage":"it-IT"},{"@type":"Organization","@id":"https:\/\/weather-radar-live.com\/#organization","name":"weather-radar-live.com","url":"https:\/\/weather-radar-live.com\/","logo":{"@type":"ImageObject","inLanguage":"it-IT","@id":"https:\/\/weather-radar-live.com\/#\/schema\/logo\/image\/","url":"https:\/\/weather-radar-live.com\/wp-content\/uploads\/2022\/03\/cropped-WRL2503.png","contentUrl":"https:\/\/weather-radar-live.com\/wp-content\/uploads\/2022\/03\/cropped-WRL2503.png","width":1920,"height":555,"caption":"weather-radar-live.com"},"image":{"@id":"https:\/\/weather-radar-live.com\/#\/schema\/logo\/image\/"}}]}},"_links":{"self":[{"href":"https:\/\/weather-radar-live.com\/it\/wp-json\/wp\/v2\/pages\/4943","targetHints":{"allow":["GET"]}}],"collection":[{"href":"https:\/\/weather-radar-live.com\/it\/wp-json\/wp\/v2\/pages"}],"about":[{"href":"https:\/\/weather-radar-live.com\/it\/wp-json\/wp\/v2\/types\/page"}],"author":[{"embeddable":true,"href":"https:\/\/weather-radar-live.com\/it\/wp-json\/wp\/v2\/users\/1"}],"replies":[{"embeddable":true,"href":"https:\/\/weather-radar-live.com\/it\/wp-json\/wp\/v2\/comments?post=4943"}],"version-history":[{"count":3,"href":"https:\/\/weather-radar-live.com\/it\/wp-json\/wp\/v2\/pages\/4943\/revisions"}],"predecessor-version":[{"id":4980,"href":"https:\/\/weather-radar-live.com\/it\/wp-json\/wp\/v2\/pages\/4943\/revisions\/4980"}],"up":[{"embeddable":true,"href":"https:\/\/weather-radar-live.com\/it\/wp-json\/wp\/v2\/pages\/4178"}],"wp:featuredmedia":[{"embeddable":true,"href":"https:\/\/weather-radar-live.com\/it\/wp-json\/wp\/v2\/media\/3937"}],"wp:attachment":[{"href":"https:\/\/weather-radar-live.com\/it\/wp-json\/wp\/v2\/media?parent=4943"}],"curies":[{"name":"wp","href":"https:\/\/api.w.org\/{rel}","templated":true}]}}