{"id":4700,"date":"2022-07-18T17:15:49","date_gmt":"2022-07-18T15:15:49","guid":{"rendered":"https:\/\/weather-radar-live.com\/?page_id=4700"},"modified":"2022-07-19T07:40:10","modified_gmt":"2022-07-19T05:40:10","slug":"webcam-peniscola","status":"publish","type":"page","link":"https:\/\/weather-radar-live.com\/it\/webcam\/spagna\/webcam-peniscola\/","title":{"rendered":"Webcam Pe\u00f1iscola"},"content":{"rendered":"<div id=\"weath-465685070\" class=\"weath-vor-dem-inhalt weath-entity-placement\" style=\"margin-top: 15px;margin-right: 25px;margin-bottom: 40px;margin-left: 25px;\"><script async src=\"\/\/pagead2.googlesyndication.com\/pagead\/js\/adsbygoogle.js?client=ca-pub-8960936133935804\" crossorigin=\"anonymous\"><\/script><ins class=\"adsbygoogle\" style=\"display:block;\" data-ad-client=\"ca-pub-8960936133935804\" \ndata-ad-slot=\"6172817020\" \ndata-ad-format=\"auto\"><\/ins>\n<script> \n(adsbygoogle = window.adsbygoogle || []).push({}); \n<\/script>\n<\/div>\n<div class=\"wp-block-cover alignfull is-light\"><span aria-hidden=\"true\" class=\"wp-block-cover__gradient-background has-background-dim\"><\/span><img decoding=\"async\" class=\"wp-block-cover__image-background wp-image-342\" alt=\"Webcam Pe\u00f1iscola\" src=\"https:\/\/weather-radar-live.com\/wp-content\/uploads\/2021\/06\/sam-schooler-E9aetBe2w40-unsplash-e1622554814366.jpg\" data-object-fit=\"cover\"\/><div class=\"wp-block-cover__inner-container is-layout-flow wp-block-cover-is-layout-flow\">\n<h2 class=\"has-text-align-center heading wp-block-heading\" id=\"webcam-fort-mahon\" style=\"font-size:40px\"><strong><mark style=\"background-color:rgba(0, 0, 0, 0)\" class=\"has-inline-color has-base-3-color\">WEBCAM <\/mark><\/strong><br><strong><mark style=\"background-color:rgba(0, 0, 0, 0)\" class=\"has-inline-color has-base-3-color\">PE\u00d1ISCOLA<\/mark><\/strong><\/h2>\n<\/div><\/div>\n\n\n<div class=\"yoast-breadcrumbs\"><span><span><a href=\"https:\/\/weather-radar-live.com\/it\/\">Weather Radar Live<\/a><\/span> \u00bb <span><a href=\"https:\/\/weather-radar-live.com\/it\/webcam\/\">Webcam<\/a><\/span> \u00bb <span><a href=\"https:\/\/weather-radar-live.com\/it\/webcam\/spagna\/\">Spagna<\/a><\/span> \u00bb <span class=\"breadcrumb_last\" aria-current=\"page\"><strong>Webcam Pe\u00f1iscola<\/strong><\/span><\/span><\/div>\n\n\n<h2 class=\"has-text-align-center wp-block-heading\" id=\"webcam-fort-mahon\"><strong>Webcam Pe\u00f1iscola<\/strong><\/h2>\n\n\n\n<p>La citt\u00e0 costiera spagnola di Pe\u00f1iscola, con i suoi 8.000 abitanti, si trova nella provincia di Castell\u00f3n, nel nord di Valencia. Il centro storico del villaggio si trova in modo pittoresco su una roccia alta 64 metri nel mare, sulla cui cima si trova un antico castello. Fu costruito tra il 1294 e il 1307 dall&#8217;Ordine dei Cavalieri Templari. Si lasci impressionare dal fascino unico del centro storico con la nostra webcam Pe\u00f1iscola e faccia un emozionante tour alla scoperta delle stradine della citt\u00e0.<\/p>\n\n\n\n<p>Sotto il castello, alte case bianche si annidano intorno alla roccia, formando il centro storico di Pe\u00f1iscola, racchiuso da una spessa cinta muraria. In contrasto con i viali e le strade di nuova costruzione del quartiere turistico.<\/p><div id=\"weath-370199407\" class=\"weath-inhalt_2 weath-entity-placement\" style=\"margin-top: 15px;margin-right: 25px;margin-bottom: 35px;margin-left: 25px;\"><script async src=\"\/\/pagead2.googlesyndication.com\/pagead\/js\/adsbygoogle.js?client=ca-pub-8960936133935804\" crossorigin=\"anonymous\"><\/script><ins class=\"adsbygoogle\" style=\"display:block;\" data-ad-client=\"ca-pub-8960936133935804\" \ndata-ad-slot=\"1963584050\" \ndata-ad-format=\"auto\"><\/ins>\n<script> \n(adsbygoogle = window.adsbygoogle || []).push({}); \n<\/script>\n<\/div>\n\n\n\n<div class=\"wp-block-columns is-layout-flex wp-container-core-columns-is-layout-9d6595d7 wp-block-columns-is-layout-flex\">\n<div class=\"wp-block-column webcam-column is-layout-flow wp-block-column-is-layout-flow\">\n<h3 class=\"has-text-align-center live-emoji wp-block-heading\">\ud83d\udd34 <strong>Webcam<\/strong> Spiaggia di <strong>Pe\u00f1iscola<\/strong> <\/h3>\n\n\n\n<a name=\"windy-webcam-timelapse-player\" data-id=\"1206064909\" data-play=\"day\" href=\"https:\/\/windy.com\/webcams\/1206064909\" target=\"_blank\" rel=\"noopener\">Peniscola<\/a><script async=\"\" type=\"text\/javascript\" src=\"https:\/\/webcams.windy.com\/webcams\/public\/embed\/script\/player.js\"><\/script>\n<\/div>\n<\/div>\n\n\n\n<h3 class=\"has-text-align-center live-emoji wp-block-heading\"> \ud83d\udd34 <strong>Webcam<\/strong> Castello di <strong> <strong>Pe\u00f1iscola<\/strong><\/strong> <\/h3>\n\n\n\n<a name=\"windy-webcam-timelapse-player\" data-id=\"1629234914\" data-play=\"day\" href=\"https:\/\/windy.com\/webcams\/1629234914\" target=\"_blank\" rel=\"noopener\">Peniscola: Castello di Peniscola<\/a><script async=\"\" type=\"text\/javascript\" src=\"https:\/\/webcams.windy.com\/webcams\/public\/embed\/script\/player.js\"><\/script>\n\n\n\n<h2 class=\"wp-block-heading\" id=\"fort-mahon-today\"><strong>Radar meteo Pe\u00f1iscola &#8211; Il tempo a Pe\u00f1iscola<\/strong><\/h2>\n\n\n\n<p>Segua il meteo in tempo reale di questa citt\u00e0 costiera con la nostra webcam Pe\u00f1iscola. Ulteriori informazioni importanti sul tempo a Pe\u00f1iscola si trovano nel nostro radar meteorologico. Questo non solo contiene le previsioni meteo attuali per la citt\u00e0, ma la informa anche sulle aree di precipitazione. A seconda dell&#8217;intensit\u00e0, le aree di precipitazione sono contrassegnate da colori diversi. Le aree blu e verdi rappresentano le aree con basse quantit\u00e0 di precipitazioni. Le aree viola e rosse, invece, indicano precipitazioni abbondanti con il potenziale di gravi fenomeni atmosferici. Inoltre, i temporali le vengono mostrati con piccoli simboli di fulmini nel radar meteo. Cos\u00ec potr\u00e0 sempre conoscere le condizioni meteo attuali di Pe\u00f1iscola grazie alla nostra webcam e al radar meteorologico.<\/p>\n\n\n\n<div class=\"wp-block-columns is-layout-flex wp-container-core-columns-is-layout-9d6595d7 wp-block-columns-is-layout-flex\">\n<div class=\"wp-block-column is-layout-flow wp-block-column-is-layout-flow\" style=\"flex-basis:75%\">\n<iframe loading=\"lazy\" width=\"1300\" height=\"502\" src=\"https:\/\/embed.windy.com\/embed2.html?lat=40.365&amp;lon=0.378&amp;detailLat=40.365&amp;detailLon=0.378&amp;width=1300&amp;height=502&amp;zoom=11&amp;level=surface&amp;overlay=rain&amp;product=ecmwf&amp;menu=&amp;message=&amp;marker=&amp;calendar=now&amp;pressure=&amp;type=map&amp;location=coordinates&amp;detail=&amp;metricWind=default&amp;metricTemp=default&amp;radarRange=-1\" frameborder=\"0\"><\/iframe>\n<\/div>\n\n\n\n<div class=\"wp-block-column is-layout-flow wp-block-column-is-layout-flow\" style=\"flex-basis:25%\">\n<a class=\"weatherwidget-io\" href=\"https:\/\/forecast7.com\/it\/40d370d39\/peniscola\/\" data-label_1=\"PENISCOLA\" data-theme=\"original\">PENISCOLA<\/a>\n<script>\n!function(d,s,id){var js,fjs=d.getElementsByTagName(s)[0];if(!d.getElementById(id)){js=d.createElement(s);js.id=id;js.src='https:\/\/weatherwidget.io\/js\/widget.min.js';fjs.parentNode.insertBefore(js,fjs);}}(document,'script','weatherwidget-io-js');\n<\/script>\n<\/div>\n<\/div>\n\n\n\n<h2 class=\"wp-block-heading\" id=\"fort-mahon-weather\"><strong>Il clima a Pe\u00f1iscola<\/strong><\/h2>\n\n\n\n<p>Il clima della citt\u00e0 spagnola di Pe\u00f1iscola \u00e8 determinato dal clima mediterraneo. La temperatura media annuale qui \u00e8 di 20 \u00b0C, con estati calde e secche e inverni miti. Le temperature pi\u00f9 alte sono in media di 28 \u00b0C a luglio e scendono a una media di 13 \u00b0C a gennaio, in inverno. In generale, Pe\u00f1iscola \u00e8 molto soleggiata e secca, con circa 300 giorni di sole, che si traducono in una piovosit\u00e0 media annua di 219 mm.<\/p>\n\n\n\n<h2 class=\"wp-block-heading\"><strong>Attrazioni a Pe\u00f1iscola<\/strong><\/h2>\n\n\n\n<p>Partecipi a un emozionante tour alla scoperta del centro storico di Pe\u00f1iscola. Qui, oltre alla chiesa parrocchiale di Santa Maria e alla cappella della Virgen de la Ermitana, numerosi ristoranti e negozi di souvenir la attendono nelle strette vie. Le lunghe spiagge sabbiose intorno alla citt\u00e0 offrono un tuffo rinfrescante nel Mar Mediterraneo. Un cambiamento di scenario rispetto alla citt\u00e0 costiera densamente edificata si trova a sud di Pe\u00f1iscola, nel Parco Naturale della Sierra de Irta. Questo \u00e8 uno dei pochi tratti di costa della zona ancora incontaminati. Le consigliamo anche l&#8217;entroterra montuoso di El Maestrat, che la aspetta con una natura meravigliosa e piccoli villaggi in un&#8217;atmosfera rurale.<\/p>\n","protected":false},"excerpt":{"rendered":"<p>Webcam Pe\u00f1iscola La citt\u00e0 costiera spagnola di Pe\u00f1iscola, con i suoi 8.000 abitanti, si trova nella provincia di Castell\u00f3n, nel nord di Valencia. Il centro storico del villaggio si trova in modo pittoresco su una roccia alta 64 metri nel mare, sulla cui cima si trova un antico castello. Fu costruito tra il 1294 e &#8230; <a title=\"Webcam Pe\u00f1iscola\" class=\"read-more\" href=\"https:\/\/weather-radar-live.com\/it\/webcam\/spagna\/webcam-peniscola\/\" aria-label=\"Per saperne di pi\u00f9 su Webcam Pe\u00f1iscola\">Leggi tutto<\/a><\/p>\n","protected":false},"author":1,"featured_media":4998,"parent":4349,"menu_order":0,"comment_status":"closed","ping_status":"closed","template":"","meta":{"footnotes":""},"class_list":["post-4700","page","type-page","status-publish","has-post-thumbnail"],"yoast_head":"<!-- This site is optimized with the Yoast SEO plugin v27.5 - https:\/\/yoast.com\/product\/yoast-seo-wordpress\/ -->\n<title>Webcam Pe\u00f1iscola \u2192 Guarda in diretta!<\/title>\n<meta name=\"description\" content=\"Webcam Pe\u00f1iscola | Livecam di Pe\u00f1iscola! \u2705 Aggiornata per voi in tempo reale! \u2705 Previsioni meteo attuali!\" \/>\n<meta name=\"robots\" content=\"index, follow, max-snippet:-1, max-image-preview:large, max-video-preview:-1\" \/>\n<link rel=\"canonical\" href=\"https:\/\/weather-radar-live.com\/it\/webcam\/spagna\/webcam-peniscola\/\" \/>\n<meta property=\"og:locale\" content=\"it_IT\" \/>\n<meta property=\"og:type\" content=\"article\" \/>\n<meta property=\"og:title\" content=\"Webcam Pe\u00f1iscola \u2192 Guarda in diretta!\" \/>\n<meta property=\"og:description\" content=\"Webcam Pe\u00f1iscola | Livecam di Pe\u00f1iscola! \u2705 Aggiornata per voi in tempo reale! \u2705 Previsioni meteo attuali!\" \/>\n<meta property=\"og:url\" content=\"https:\/\/weather-radar-live.com\/it\/webcam\/spagna\/webcam-peniscola\/\" \/>\n<meta property=\"og:site_name\" content=\"weather-radar-live.com\" \/>\n<meta property=\"article:modified_time\" content=\"2022-07-19T05:40:10+00:00\" \/>\n<meta property=\"og:image\" content=\"https:\/\/weather-radar-live.com\/wp-content\/uploads\/2021\/06\/sam-schooler-E9aetBe2w40-unsplash-e1622554814366.jpg\" \/>\n<meta name=\"twitter:card\" content=\"summary_large_image\" \/>\n<meta name=\"twitter:label1\" content=\"Tempo di lettura stimato\" \/>\n\t<meta name=\"twitter:data1\" content=\"3 minuti\" \/>\n<script type=\"application\/ld+json\" class=\"yoast-schema-graph\">{\"@context\":\"https:\\\/\\\/schema.org\",\"@graph\":[{\"@type\":\"WebPage\",\"@id\":\"https:\\\/\\\/weather-radar-live.com\\\/it\\\/webcam\\\/spagna\\\/webcam-peniscola\\\/\",\"url\":\"https:\\\/\\\/weather-radar-live.com\\\/it\\\/webcam\\\/spagna\\\/webcam-peniscola\\\/\",\"name\":\"Webcam Pe\u00f1iscola \u2192 Guarda in diretta!\",\"isPartOf\":{\"@id\":\"https:\\\/\\\/weather-radar-live.com\\\/#website\"},\"primaryImageOfPage\":{\"@id\":\"https:\\\/\\\/weather-radar-live.com\\\/it\\\/webcam\\\/spagna\\\/webcam-peniscola\\\/#primaryimage\"},\"image\":{\"@id\":\"https:\\\/\\\/weather-radar-live.com\\\/it\\\/webcam\\\/spagna\\\/webcam-peniscola\\\/#primaryimage\"},\"thumbnailUrl\":\"https:\\\/\\\/weather-radar-live.com\\\/wp-content\\\/uploads\\\/2022\\\/07\\\/Webcam-Peniscola-e1658218266492.png\",\"datePublished\":\"2022-07-18T15:15:49+00:00\",\"dateModified\":\"2022-07-19T05:40:10+00:00\",\"description\":\"Webcam Pe\u00f1iscola | Livecam di Pe\u00f1iscola! \u2705 Aggiornata per voi in tempo reale! \u2705 Previsioni meteo attuali!\",\"breadcrumb\":{\"@id\":\"https:\\\/\\\/weather-radar-live.com\\\/it\\\/webcam\\\/spagna\\\/webcam-peniscola\\\/#breadcrumb\"},\"inLanguage\":\"it-IT\",\"potentialAction\":[{\"@type\":\"ReadAction\",\"target\":[\"https:\\\/\\\/weather-radar-live.com\\\/it\\\/webcam\\\/spagna\\\/webcam-peniscola\\\/\"]}]},{\"@type\":\"ImageObject\",\"inLanguage\":\"it-IT\",\"@id\":\"https:\\\/\\\/weather-radar-live.com\\\/it\\\/webcam\\\/spagna\\\/webcam-peniscola\\\/#primaryimage\",\"url\":\"https:\\\/\\\/weather-radar-live.com\\\/wp-content\\\/uploads\\\/2022\\\/07\\\/Webcam-Peniscola-e1658218266492.png\",\"contentUrl\":\"https:\\\/\\\/weather-radar-live.com\\\/wp-content\\\/uploads\\\/2022\\\/07\\\/Webcam-Peniscola-e1658218266492.png\",\"width\":838,\"height\":527,\"caption\":\"Webcam Peniscola\"},{\"@type\":\"BreadcrumbList\",\"@id\":\"https:\\\/\\\/weather-radar-live.com\\\/it\\\/webcam\\\/spagna\\\/webcam-peniscola\\\/#breadcrumb\",\"itemListElement\":[{\"@type\":\"ListItem\",\"position\":1,\"name\":\"Weather Radar Live\",\"item\":\"https:\\\/\\\/weather-radar-live.com\\\/it\\\/\"},{\"@type\":\"ListItem\",\"position\":2,\"name\":\"Webcam\",\"item\":\"https:\\\/\\\/weather-radar-live.com\\\/it\\\/webcam\\\/\"},{\"@type\":\"ListItem\",\"position\":3,\"name\":\"Spagna\",\"item\":\"https:\\\/\\\/weather-radar-live.com\\\/it\\\/webcam\\\/spagna\\\/\"},{\"@type\":\"ListItem\",\"position\":4,\"name\":\"Webcam Pe\u00f1iscola\"}]},{\"@type\":\"WebSite\",\"@id\":\"https:\\\/\\\/weather-radar-live.com\\\/#website\",\"url\":\"https:\\\/\\\/weather-radar-live.com\\\/\",\"name\":\"weather-radar-live.com\",\"description\":\"Your weather and sky radar.\",\"publisher\":{\"@id\":\"https:\\\/\\\/weather-radar-live.com\\\/#organization\"},\"potentialAction\":[{\"@type\":\"SearchAction\",\"target\":{\"@type\":\"EntryPoint\",\"urlTemplate\":\"https:\\\/\\\/weather-radar-live.com\\\/?s={search_term_string}\"},\"query-input\":{\"@type\":\"PropertyValueSpecification\",\"valueRequired\":true,\"valueName\":\"search_term_string\"}}],\"inLanguage\":\"it-IT\"},{\"@type\":\"Organization\",\"@id\":\"https:\\\/\\\/weather-radar-live.com\\\/#organization\",\"name\":\"weather-radar-live.com\",\"url\":\"https:\\\/\\\/weather-radar-live.com\\\/\",\"logo\":{\"@type\":\"ImageObject\",\"inLanguage\":\"it-IT\",\"@id\":\"https:\\\/\\\/weather-radar-live.com\\\/#\\\/schema\\\/logo\\\/image\\\/\",\"url\":\"https:\\\/\\\/weather-radar-live.com\\\/wp-content\\\/uploads\\\/2022\\\/03\\\/cropped-WRL2503.png\",\"contentUrl\":\"https:\\\/\\\/weather-radar-live.com\\\/wp-content\\\/uploads\\\/2022\\\/03\\\/cropped-WRL2503.png\",\"width\":1920,\"height\":555,\"caption\":\"weather-radar-live.com\"},\"image\":{\"@id\":\"https:\\\/\\\/weather-radar-live.com\\\/#\\\/schema\\\/logo\\\/image\\\/\"}}]}<\/script>\n<!-- \/ Yoast SEO plugin. -->","yoast_head_json":{"title":"Webcam Pe\u00f1iscola \u2192 Guarda in diretta!","description":"Webcam Pe\u00f1iscola | Livecam di Pe\u00f1iscola! \u2705 Aggiornata per voi in tempo reale! \u2705 Previsioni meteo attuali!","robots":{"index":"index","follow":"follow","max-snippet":"max-snippet:-1","max-image-preview":"max-image-preview:large","max-video-preview":"max-video-preview:-1"},"canonical":"https:\/\/weather-radar-live.com\/it\/webcam\/spagna\/webcam-peniscola\/","og_locale":"it_IT","og_type":"article","og_title":"Webcam Pe\u00f1iscola \u2192 Guarda in diretta!","og_description":"Webcam Pe\u00f1iscola | Livecam di Pe\u00f1iscola! \u2705 Aggiornata per voi in tempo reale! \u2705 Previsioni meteo attuali!","og_url":"https:\/\/weather-radar-live.com\/it\/webcam\/spagna\/webcam-peniscola\/","og_site_name":"weather-radar-live.com","article_modified_time":"2022-07-19T05:40:10+00:00","og_image":[{"url":"https:\/\/weather-radar-live.com\/wp-content\/uploads\/2021\/06\/sam-schooler-E9aetBe2w40-unsplash-e1622554814366.jpg","type":"","width":"","height":""}],"twitter_card":"summary_large_image","twitter_misc":{"Tempo di lettura stimato":"3 minuti"},"schema":{"@context":"https:\/\/schema.org","@graph":[{"@type":"WebPage","@id":"https:\/\/weather-radar-live.com\/it\/webcam\/spagna\/webcam-peniscola\/","url":"https:\/\/weather-radar-live.com\/it\/webcam\/spagna\/webcam-peniscola\/","name":"Webcam Pe\u00f1iscola \u2192 Guarda in diretta!","isPartOf":{"@id":"https:\/\/weather-radar-live.com\/#website"},"primaryImageOfPage":{"@id":"https:\/\/weather-radar-live.com\/it\/webcam\/spagna\/webcam-peniscola\/#primaryimage"},"image":{"@id":"https:\/\/weather-radar-live.com\/it\/webcam\/spagna\/webcam-peniscola\/#primaryimage"},"thumbnailUrl":"https:\/\/weather-radar-live.com\/wp-content\/uploads\/2022\/07\/Webcam-Peniscola-e1658218266492.png","datePublished":"2022-07-18T15:15:49+00:00","dateModified":"2022-07-19T05:40:10+00:00","description":"Webcam Pe\u00f1iscola | Livecam di Pe\u00f1iscola! \u2705 Aggiornata per voi in tempo reale! \u2705 Previsioni meteo attuali!","breadcrumb":{"@id":"https:\/\/weather-radar-live.com\/it\/webcam\/spagna\/webcam-peniscola\/#breadcrumb"},"inLanguage":"it-IT","potentialAction":[{"@type":"ReadAction","target":["https:\/\/weather-radar-live.com\/it\/webcam\/spagna\/webcam-peniscola\/"]}]},{"@type":"ImageObject","inLanguage":"it-IT","@id":"https:\/\/weather-radar-live.com\/it\/webcam\/spagna\/webcam-peniscola\/#primaryimage","url":"https:\/\/weather-radar-live.com\/wp-content\/uploads\/2022\/07\/Webcam-Peniscola-e1658218266492.png","contentUrl":"https:\/\/weather-radar-live.com\/wp-content\/uploads\/2022\/07\/Webcam-Peniscola-e1658218266492.png","width":838,"height":527,"caption":"Webcam Peniscola"},{"@type":"BreadcrumbList","@id":"https:\/\/weather-radar-live.com\/it\/webcam\/spagna\/webcam-peniscola\/#breadcrumb","itemListElement":[{"@type":"ListItem","position":1,"name":"Weather Radar Live","item":"https:\/\/weather-radar-live.com\/it\/"},{"@type":"ListItem","position":2,"name":"Webcam","item":"https:\/\/weather-radar-live.com\/it\/webcam\/"},{"@type":"ListItem","position":3,"name":"Spagna","item":"https:\/\/weather-radar-live.com\/it\/webcam\/spagna\/"},{"@type":"ListItem","position":4,"name":"Webcam Pe\u00f1iscola"}]},{"@type":"WebSite","@id":"https:\/\/weather-radar-live.com\/#website","url":"https:\/\/weather-radar-live.com\/","name":"weather-radar-live.com","description":"Your weather and sky radar.","publisher":{"@id":"https:\/\/weather-radar-live.com\/#organization"},"potentialAction":[{"@type":"SearchAction","target":{"@type":"EntryPoint","urlTemplate":"https:\/\/weather-radar-live.com\/?s={search_term_string}"},"query-input":{"@type":"PropertyValueSpecification","valueRequired":true,"valueName":"search_term_string"}}],"inLanguage":"it-IT"},{"@type":"Organization","@id":"https:\/\/weather-radar-live.com\/#organization","name":"weather-radar-live.com","url":"https:\/\/weather-radar-live.com\/","logo":{"@type":"ImageObject","inLanguage":"it-IT","@id":"https:\/\/weather-radar-live.com\/#\/schema\/logo\/image\/","url":"https:\/\/weather-radar-live.com\/wp-content\/uploads\/2022\/03\/cropped-WRL2503.png","contentUrl":"https:\/\/weather-radar-live.com\/wp-content\/uploads\/2022\/03\/cropped-WRL2503.png","width":1920,"height":555,"caption":"weather-radar-live.com"},"image":{"@id":"https:\/\/weather-radar-live.com\/#\/schema\/logo\/image\/"}}]}},"_links":{"self":[{"href":"https:\/\/weather-radar-live.com\/it\/wp-json\/wp\/v2\/pages\/4700","targetHints":{"allow":["GET"]}}],"collection":[{"href":"https:\/\/weather-radar-live.com\/it\/wp-json\/wp\/v2\/pages"}],"about":[{"href":"https:\/\/weather-radar-live.com\/it\/wp-json\/wp\/v2\/types\/page"}],"author":[{"embeddable":true,"href":"https:\/\/weather-radar-live.com\/it\/wp-json\/wp\/v2\/users\/1"}],"replies":[{"embeddable":true,"href":"https:\/\/weather-radar-live.com\/it\/wp-json\/wp\/v2\/comments?post=4700"}],"version-history":[{"count":3,"href":"https:\/\/weather-radar-live.com\/it\/wp-json\/wp\/v2\/pages\/4700\/revisions"}],"predecessor-version":[{"id":4879,"href":"https:\/\/weather-radar-live.com\/it\/wp-json\/wp\/v2\/pages\/4700\/revisions\/4879"}],"up":[{"embeddable":true,"href":"https:\/\/weather-radar-live.com\/it\/wp-json\/wp\/v2\/pages\/4349"}],"wp:featuredmedia":[{"embeddable":true,"href":"https:\/\/weather-radar-live.com\/it\/wp-json\/wp\/v2\/media\/4998"}],"wp:attachment":[{"href":"https:\/\/weather-radar-live.com\/it\/wp-json\/wp\/v2\/media?parent=4700"}],"curies":[{"name":"wp","href":"https:\/\/api.w.org\/{rel}","templated":true}]}}