{"id":3700,"date":"2022-04-19T14:04:52","date_gmt":"2022-04-19T12:04:52","guid":{"rendered":"https:\/\/weather-radar-live.com\/webcam-la-bresse\/"},"modified":"2022-07-15T13:43:25","modified_gmt":"2022-07-15T11:43:25","slug":"webcam-la-bresse","status":"publish","type":"page","link":"https:\/\/weather-radar-live.com\/it\/webcam\/francia\/webcam-la-bresse\/","title":{"rendered":"Webcam La Bresse"},"content":{"rendered":"<div id=\"weath-556312309\" class=\"weath-vor-dem-inhalt weath-entity-placement\" style=\"margin-top: 15px;margin-right: 25px;margin-bottom: 40px;margin-left: 25px;\"><script async src=\"\/\/pagead2.googlesyndication.com\/pagead\/js\/adsbygoogle.js?client=ca-pub-8960936133935804\" crossorigin=\"anonymous\"><\/script><ins class=\"adsbygoogle\" style=\"display:block;\" data-ad-client=\"ca-pub-8960936133935804\" \ndata-ad-slot=\"6172817020\" \ndata-ad-format=\"auto\"><\/ins>\n<script> \n(adsbygoogle = window.adsbygoogle || []).push({}); \n<\/script>\n<\/div>\n<div class=\"wp-block-cover alignfull is-light\"><span aria-hidden=\"true\" class=\"wp-block-cover__gradient-background has-background-dim\"><\/span><img decoding=\"async\" class=\"wp-block-cover__image-background wp-image-342\" alt=\"Webcam La Bresse\" src=\"https:\/\/weather-radar-live.com\/wp-content\/uploads\/2021\/06\/sam-schooler-E9aetBe2w40-unsplash-e1622554814366.jpg\" data-object-fit=\"cover\"\/><div class=\"wp-block-cover__inner-container is-layout-flow wp-block-cover-is-layout-flow\">\n<h2 class=\"has-text-align-center heading wp-block-heading\" id=\"webcam-fort-mahon\" style=\"font-size:40px\"><strong><mark style=\"background-color:rgba(0, 0, 0, 0)\" class=\"has-inline-color has-base-3-color\">WEBCAM <\/mark><br><mark style=\"background-color:rgba(0, 0, 0, 0)\" class=\"has-inline-color has-base-3-color\">LA BRESSE<\/mark><\/strong><\/h2>\n<\/div><\/div>\n\n\n<div class=\"yoast-breadcrumbs\"><span><span><a href=\"https:\/\/weather-radar-live.com\/it\/\">Weather Radar Live<\/a><\/span> \u00bb <span><a href=\"https:\/\/weather-radar-live.com\/it\/webcam\/\">Webcam<\/a><\/span> \u00bb <span><a href=\"https:\/\/weather-radar-live.com\/it\/webcam\/francia\/\">Francia<\/a><\/span> \u00bb <span class=\"breadcrumb_last\" aria-current=\"page\"><strong>Webcam La Bresse<\/strong><\/span><\/span><\/div>\n\n\n<h2 class=\"has-text-align-center wp-block-heading\" id=\"webcam-fort-mahon\"><strong>Webcam La Bresse<\/strong><\/h2>\n\n\n\n<p>La Bresse \u00e8 un comune e un piccolo villaggio di montagna che si trova sul monte Vosges, nel Grand Est, nel nord-est della Francia. La zona attrae molti visitatori ed \u00e8 diventata un luogo per le stazioni sciistiche e molte attivit\u00e0 all&#8217;aperto. Si trova nella valle del fiume Moselotte nel parco regionale dei Vosgi a circa 45 chilometri ad ovest di Colmar e 55 chilometri a nord-ovest di Mulhouse.<\/p>\n\n\n\n<p>Per gli amanti della natura e della natura selvaggia, La Bresse \u00e8 uno dei luoghi pi\u00f9 famosi d&#8217;Europa. Quando pianifica un viaggio a La Bresse, potrebbe essere interessato a vedere le condizioni dello sci in diretta. La Webcam La Bresse le fornir\u00e0 le ultime informazioni. Nella prossima sezione parleremo del tempo a La Bresse, del suo clima e di alcune informazioni relative a La Bresse Hohneck Resort.<\/p><div id=\"weath-3086645437\" class=\"weath-inhalt_2 weath-entity-placement\" style=\"margin-top: 15px;margin-right: 25px;margin-bottom: 35px;margin-left: 25px;\"><script async src=\"\/\/pagead2.googlesyndication.com\/pagead\/js\/adsbygoogle.js?client=ca-pub-8960936133935804\" crossorigin=\"anonymous\"><\/script><ins class=\"adsbygoogle\" style=\"display:block;\" data-ad-client=\"ca-pub-8960936133935804\" \ndata-ad-slot=\"1963584050\" \ndata-ad-format=\"auto\"><\/ins>\n<script> \n(adsbygoogle = window.adsbygoogle || []).push({}); \n<\/script>\n<\/div>\n\n\n\n<div class=\"wp-block-columns is-layout-flex wp-container-core-columns-is-layout-9d6595d7 wp-block-columns-is-layout-flex\">\n<div class=\"wp-block-column webcam-column is-layout-flow wp-block-column-is-layout-flow\">\n<h3 class=\"has-text-align-center wp-block-heading\"><strong> \ud83d\udd34 Webcam La Bresse<\/strong> Front de Neige<\/h3>\n\n\n\n<a name=\"windy-webcam-timelapse-player\" data-id=\"1582614103\" data-play=\"day\" href=\"https:\/\/windy.com\/webcams\/1582614103\" target=\"_blank\" rel=\"noopener\">Woll<\/a><script async=\"\" type=\"text\/javascript\" src=\"https:\/\/webcams.windy.com\/webcams\/public\/embed\/script\/player.js\"><\/script>\n<\/div>\n\n\n\n<div class=\"wp-block-column webcam-column is-layout-flow wp-block-column-is-layout-flow\">\n<h3 class=\"has-text-align-center live-emoji wp-block-heading\"><strong> \ud83d\udd34 Webcam La Bresse<\/strong> Petit Artimont<\/h3>\n\n\n\n<a name=\"windy-webcam-timelapse-player\" data-id=\"1582613209\" data-play=\"day\" href=\"https:\/\/windy.com\/webcams\/1582613209\" target=\"_blank\" rel=\"noopener\">Woll &#8216; S\u00fcd: Petit Artimont<\/a><script async=\"\" type=\"text\/javascript\" src=\"https:\/\/webcams.windy.com\/webcams\/public\/embed\/script\/player.js\"><\/script>\n<\/div>\n<\/div>\n\n\n\n<h2 class=\"wp-block-heading\" id=\"fort-mahon-today\"><strong><strong>Radar meteo La Bresse &#8211; Il tempo a La Bresse<\/strong><\/strong><\/h2>\n\n\n\n<p>Ottenere informazioni in tempo reale relative ad aggiornamenti meteo, <a href=\"https:\/\/weather-radar-live.com\/it\/radar-neve\/\">totali di neve<\/a>, <a href=\"https:\/\/weather-radar-live.com\/it\/radar-pioggia\/\">precipitazioni<\/a> e <a href=\"https:\/\/weather-radar-live.com\/it\/tempesta\/\">temporali<\/a> \u00e8 piuttosto semplice con <a href=\"https:\/\/weather-radar-live.com\/it\/\">Weather Radar<\/a> La Bresse. Le webcam di La Bresse possono essere viste da diverse posizioni, cos\u00ec pu\u00f2 dare un&#8217;occhiata pi\u00f9 da vicino al luogo desiderato. Visualizzi le webcam di La Bresse a diversi intervalli di tempo cliccando su una vista webcam e scorrendo le immagini. Inoltre, usando le opzioni di zoom in e zoom out, \u00e8 facile visualizzare il punto esatto che le interessa.<\/p>\n\n\n\n<div class=\"wp-block-columns is-layout-flex wp-container-core-columns-is-layout-9d6595d7 wp-block-columns-is-layout-flex\">\n<div class=\"wp-block-column is-layout-flow wp-block-column-is-layout-flow\" style=\"flex-basis:75%\">\n<iframe loading=\"lazy\" width=\"1300\" height=\"502\" src=\"https:\/\/embed.windy.com\/embed2.html?lat=48.026&amp;lon=6.989&amp;detailLat=49.476&amp;detailLon=11.048&amp;width=1300&amp;height=508&amp;zoom=11&amp;level=surface&amp;overlay=radar&amp;product=radar&amp;menu=&amp;message=&amp;marker=&amp;calendar=now&amp;pressure=&amp;type=map&amp;location=coordinates&amp;detail=&amp;metricWind=default&amp;metricTemp=default&amp;radarRange=-1\" frameborder=\"0\"><\/iframe>\n<\/div>\n\n\n\n<div class=\"wp-block-column is-layout-flow wp-block-column-is-layout-flow\" style=\"flex-basis:25%\">\n<div align=\"center\"><a class=\"weatherwidget-io\" href=\"https:\/\/forecast7.com\/it\/48d006d87\/la-bresse\/\" data-label_1=\"LA BRESSE\" data-theme=\"original\">LA BRESSE<\/a>\n<script>\n!function(d,s,id){var js,fjs=d.getElementsByTagName(s)[0];if(!d.getElementById(id)){js=d.createElement(s);js.id=id;js.src='https:\/\/weatherwidget.io\/js\/widget.min.js';fjs.parentNode.insertBefore(js,fjs);}}(document,'script','weatherwidget-io-js');\n<\/script><\/div>\n<\/div>\n<\/div>\n\n\n\n<h2 class=\"wp-block-heading\" id=\"fort-mahon-weather\"><strong><strong>Il clima di La Bresse<\/strong><\/strong><\/h2>\n\n\n\n<p>Il clima di La Bresse \u00e8 temperato e caldo. Si trova nell&#8217;emisfero nord. Questa citt\u00e0 gode di notevoli precipitazioni. Maggio ha il maggior numero di giorni di pioggia (15,70), mentre settembre ha il minor numero di giorni di pioggia (12,27). Qui l&#8217;indice UV \u00e8 3.<\/p>\n\n\n\n<p><strong>Temperatura <\/strong><\/p>\n\n\n\n<p>La Bresse ha una temperatura media di 8.0 \u00b0C o 46.4 \u00b0F <\/p>\n\n\n\n<p><strong>Precipitazioni <\/strong><\/p>\n\n\n\n<p>Ogni anno cade un totale di 1256 mm o 49,4 pollici di precipitazioni.<\/p>\n\n\n\n<p><strong>Umidit\u00e0 <\/strong><\/p>\n\n\n\n<p>In novembre c&#8217;\u00e8 l&#8217;umidit\u00e0 relativa pi\u00f9 alta, ovvero 86,55%. L&#8217;umidit\u00e0 relativa a luglio \u00e8 la pi\u00f9 bassa e misura il 69,65%.<\/p>\n\n\n\n<h2 class=\"wp-block-heading\"><strong><strong>Stazione La Bresse Hohneck<\/strong><\/strong><\/h2>\n\n\n\n<p>La stazione sciistica di La Bresse Hohneck, situata nel comune di La Bresse, \u00e8 la pi\u00f9 grande del nord-est della Francia, nonch\u00e9 delle montagne Vosges. Questa stazione sciistica si trova in Lorena nel cuore del Parco Naturale Regionale di Ballons des Vosges. Ci sono 34 piste, 17 impianti di risalita e uno stadio di slalom. Questa area sciistica comprende 220 ettari e si trova nel centro delle foreste dei Vosgi, nel settore Kastelberg.<\/p>\n\n\n\n<p>C&#8217;\u00e8 molto da fare al di fuori dello sci a La Bresse Hohneck, incluso lo slittino in tutte e quattro le stagioni, un complesso di piscine per il tempo libero e una pista di pattinaggio su ghiaccio. Gli amanti della pietra antica e della cultura si divertiranno ad esplorare i villaggi vicini per vedere la vecchia miniera di rame, la chiesa del 18\u00b0 secolo e vari laboratori d&#8217;arte.<\/p>\n\n\n\n<p>Come area sciistica illuminata pi\u00f9 grande d&#8217;Europa, La Bresse Hohneck si distingue per il fatto che offre sessioni di sci notturno ai suoi visitatori. Questo resort offre 50 chilometri di piste, un&#8217;arena di biathlon, 40 chilometri di piste, salti con gli sci e anche un&#8217;area di divertimento per la famiglia.<\/p>\n","protected":false},"excerpt":{"rendered":"<p>Webcam La Bresse La Bresse \u00e8 un comune e un piccolo villaggio di montagna che si trova sul monte Vosges, nel Grand Est, nel nord-est della Francia. La zona attrae molti visitatori ed \u00e8 diventata un luogo per le stazioni sciistiche e molte attivit\u00e0 all&#8217;aperto. Si trova nella valle del fiume Moselotte nel parco regionale &#8230; <a title=\"Webcam La Bresse\" class=\"read-more\" href=\"https:\/\/weather-radar-live.com\/it\/webcam\/francia\/webcam-la-bresse\/\" aria-label=\"Per saperne di pi\u00f9 su Webcam La Bresse\">Leggi tutto<\/a><\/p>\n","protected":false},"author":1,"featured_media":3661,"parent":4178,"menu_order":0,"comment_status":"closed","ping_status":"closed","template":"","meta":{"footnotes":""},"class_list":["post-3700","page","type-page","status-publish","has-post-thumbnail"],"yoast_head":"<!-- This site is optimized with the Yoast SEO plugin v27.5 - https:\/\/yoast.com\/product\/yoast-seo-wordpress\/ -->\n<title>Webcam La Bresse \u2192 Guardalo dal vivo!<\/title>\n<meta name=\"description\" content=\"Webcam La Bresse | Livecam di La Bresse! \u2705 Aggiornato per voi in tempo reale! \u2705 Previsioni del tempo attuali!\" \/>\n<meta name=\"robots\" content=\"index, follow, max-snippet:-1, max-image-preview:large, max-video-preview:-1\" \/>\n<link rel=\"canonical\" href=\"https:\/\/weather-radar-live.com\/it\/webcam\/francia\/webcam-la-bresse\/\" \/>\n<meta property=\"og:locale\" content=\"it_IT\" \/>\n<meta property=\"og:type\" content=\"article\" \/>\n<meta property=\"og:title\" content=\"Webcam La Bresse \u2192 Guardalo dal vivo!\" \/>\n<meta property=\"og:description\" content=\"Webcam La Bresse | Livecam di La Bresse! \u2705 Aggiornato per voi in tempo reale! \u2705 Previsioni del tempo attuali!\" \/>\n<meta property=\"og:url\" content=\"https:\/\/weather-radar-live.com\/it\/webcam\/francia\/webcam-la-bresse\/\" \/>\n<meta property=\"og:site_name\" content=\"weather-radar-live.com\" \/>\n<meta property=\"article:modified_time\" content=\"2022-07-15T11:43:25+00:00\" \/>\n<meta property=\"og:image\" content=\"https:\/\/weather-radar-live.com\/wp-content\/uploads\/2021\/06\/sam-schooler-E9aetBe2w40-unsplash-e1622554814366.jpg\" \/>\n<meta name=\"twitter:card\" content=\"summary_large_image\" \/>\n<meta name=\"twitter:label1\" content=\"Tempo di lettura stimato\" \/>\n\t<meta name=\"twitter:data1\" content=\"3 minuti\" \/>\n<script type=\"application\/ld+json\" class=\"yoast-schema-graph\">{\"@context\":\"https:\\\/\\\/schema.org\",\"@graph\":[{\"@type\":\"WebPage\",\"@id\":\"https:\\\/\\\/weather-radar-live.com\\\/it\\\/webcam\\\/francia\\\/webcam-la-bresse\\\/\",\"url\":\"https:\\\/\\\/weather-radar-live.com\\\/it\\\/webcam\\\/francia\\\/webcam-la-bresse\\\/\",\"name\":\"Webcam La Bresse \u2192 Guardalo dal vivo!\",\"isPartOf\":{\"@id\":\"https:\\\/\\\/weather-radar-live.com\\\/#website\"},\"primaryImageOfPage\":{\"@id\":\"https:\\\/\\\/weather-radar-live.com\\\/it\\\/webcam\\\/francia\\\/webcam-la-bresse\\\/#primaryimage\"},\"image\":{\"@id\":\"https:\\\/\\\/weather-radar-live.com\\\/it\\\/webcam\\\/francia\\\/webcam-la-bresse\\\/#primaryimage\"},\"thumbnailUrl\":\"https:\\\/\\\/weather-radar-live.com\\\/wp-content\\\/uploads\\\/2022\\\/04\\\/Webcam-La-Bresse.png\",\"datePublished\":\"2022-04-19T12:04:52+00:00\",\"dateModified\":\"2022-07-15T11:43:25+00:00\",\"description\":\"Webcam La Bresse | Livecam di La Bresse! \u2705 Aggiornato per voi in tempo reale! \u2705 Previsioni del tempo attuali!\",\"breadcrumb\":{\"@id\":\"https:\\\/\\\/weather-radar-live.com\\\/it\\\/webcam\\\/francia\\\/webcam-la-bresse\\\/#breadcrumb\"},\"inLanguage\":\"it-IT\",\"potentialAction\":[{\"@type\":\"ReadAction\",\"target\":[\"https:\\\/\\\/weather-radar-live.com\\\/it\\\/webcam\\\/francia\\\/webcam-la-bresse\\\/\"]}]},{\"@type\":\"ImageObject\",\"inLanguage\":\"it-IT\",\"@id\":\"https:\\\/\\\/weather-radar-live.com\\\/it\\\/webcam\\\/francia\\\/webcam-la-bresse\\\/#primaryimage\",\"url\":\"https:\\\/\\\/weather-radar-live.com\\\/wp-content\\\/uploads\\\/2022\\\/04\\\/Webcam-La-Bresse.png\",\"contentUrl\":\"https:\\\/\\\/weather-radar-live.com\\\/wp-content\\\/uploads\\\/2022\\\/04\\\/Webcam-La-Bresse.png\",\"width\":299,\"height\":199,\"caption\":\"Webcam-La-Bresse\"},{\"@type\":\"BreadcrumbList\",\"@id\":\"https:\\\/\\\/weather-radar-live.com\\\/it\\\/webcam\\\/francia\\\/webcam-la-bresse\\\/#breadcrumb\",\"itemListElement\":[{\"@type\":\"ListItem\",\"position\":1,\"name\":\"Weather Radar Live\",\"item\":\"https:\\\/\\\/weather-radar-live.com\\\/it\\\/\"},{\"@type\":\"ListItem\",\"position\":2,\"name\":\"Webcam\",\"item\":\"https:\\\/\\\/weather-radar-live.com\\\/it\\\/webcam\\\/\"},{\"@type\":\"ListItem\",\"position\":3,\"name\":\"Francia\",\"item\":\"https:\\\/\\\/weather-radar-live.com\\\/it\\\/webcam\\\/francia\\\/\"},{\"@type\":\"ListItem\",\"position\":4,\"name\":\"Webcam La Bresse\"}]},{\"@type\":\"WebSite\",\"@id\":\"https:\\\/\\\/weather-radar-live.com\\\/#website\",\"url\":\"https:\\\/\\\/weather-radar-live.com\\\/\",\"name\":\"weather-radar-live.com\",\"description\":\"Your weather and sky radar.\",\"publisher\":{\"@id\":\"https:\\\/\\\/weather-radar-live.com\\\/#organization\"},\"potentialAction\":[{\"@type\":\"SearchAction\",\"target\":{\"@type\":\"EntryPoint\",\"urlTemplate\":\"https:\\\/\\\/weather-radar-live.com\\\/?s={search_term_string}\"},\"query-input\":{\"@type\":\"PropertyValueSpecification\",\"valueRequired\":true,\"valueName\":\"search_term_string\"}}],\"inLanguage\":\"it-IT\"},{\"@type\":\"Organization\",\"@id\":\"https:\\\/\\\/weather-radar-live.com\\\/#organization\",\"name\":\"weather-radar-live.com\",\"url\":\"https:\\\/\\\/weather-radar-live.com\\\/\",\"logo\":{\"@type\":\"ImageObject\",\"inLanguage\":\"it-IT\",\"@id\":\"https:\\\/\\\/weather-radar-live.com\\\/#\\\/schema\\\/logo\\\/image\\\/\",\"url\":\"https:\\\/\\\/weather-radar-live.com\\\/wp-content\\\/uploads\\\/2022\\\/03\\\/cropped-WRL2503.png\",\"contentUrl\":\"https:\\\/\\\/weather-radar-live.com\\\/wp-content\\\/uploads\\\/2022\\\/03\\\/cropped-WRL2503.png\",\"width\":1920,\"height\":555,\"caption\":\"weather-radar-live.com\"},\"image\":{\"@id\":\"https:\\\/\\\/weather-radar-live.com\\\/#\\\/schema\\\/logo\\\/image\\\/\"}}]}<\/script>\n<!-- \/ Yoast SEO plugin. -->","yoast_head_json":{"title":"Webcam La Bresse \u2192 Guardalo dal vivo!","description":"Webcam La Bresse | Livecam di La Bresse! \u2705 Aggiornato per voi in tempo reale! \u2705 Previsioni del tempo attuali!","robots":{"index":"index","follow":"follow","max-snippet":"max-snippet:-1","max-image-preview":"max-image-preview:large","max-video-preview":"max-video-preview:-1"},"canonical":"https:\/\/weather-radar-live.com\/it\/webcam\/francia\/webcam-la-bresse\/","og_locale":"it_IT","og_type":"article","og_title":"Webcam La Bresse \u2192 Guardalo dal vivo!","og_description":"Webcam La Bresse | Livecam di La Bresse! \u2705 Aggiornato per voi in tempo reale! \u2705 Previsioni del tempo attuali!","og_url":"https:\/\/weather-radar-live.com\/it\/webcam\/francia\/webcam-la-bresse\/","og_site_name":"weather-radar-live.com","article_modified_time":"2022-07-15T11:43:25+00:00","og_image":[{"url":"https:\/\/weather-radar-live.com\/wp-content\/uploads\/2021\/06\/sam-schooler-E9aetBe2w40-unsplash-e1622554814366.jpg","type":"","width":"","height":""}],"twitter_card":"summary_large_image","twitter_misc":{"Tempo di lettura stimato":"3 minuti"},"schema":{"@context":"https:\/\/schema.org","@graph":[{"@type":"WebPage","@id":"https:\/\/weather-radar-live.com\/it\/webcam\/francia\/webcam-la-bresse\/","url":"https:\/\/weather-radar-live.com\/it\/webcam\/francia\/webcam-la-bresse\/","name":"Webcam La Bresse \u2192 Guardalo dal vivo!","isPartOf":{"@id":"https:\/\/weather-radar-live.com\/#website"},"primaryImageOfPage":{"@id":"https:\/\/weather-radar-live.com\/it\/webcam\/francia\/webcam-la-bresse\/#primaryimage"},"image":{"@id":"https:\/\/weather-radar-live.com\/it\/webcam\/francia\/webcam-la-bresse\/#primaryimage"},"thumbnailUrl":"https:\/\/weather-radar-live.com\/wp-content\/uploads\/2022\/04\/Webcam-La-Bresse.png","datePublished":"2022-04-19T12:04:52+00:00","dateModified":"2022-07-15T11:43:25+00:00","description":"Webcam La Bresse | Livecam di La Bresse! \u2705 Aggiornato per voi in tempo reale! \u2705 Previsioni del tempo attuali!","breadcrumb":{"@id":"https:\/\/weather-radar-live.com\/it\/webcam\/francia\/webcam-la-bresse\/#breadcrumb"},"inLanguage":"it-IT","potentialAction":[{"@type":"ReadAction","target":["https:\/\/weather-radar-live.com\/it\/webcam\/francia\/webcam-la-bresse\/"]}]},{"@type":"ImageObject","inLanguage":"it-IT","@id":"https:\/\/weather-radar-live.com\/it\/webcam\/francia\/webcam-la-bresse\/#primaryimage","url":"https:\/\/weather-radar-live.com\/wp-content\/uploads\/2022\/04\/Webcam-La-Bresse.png","contentUrl":"https:\/\/weather-radar-live.com\/wp-content\/uploads\/2022\/04\/Webcam-La-Bresse.png","width":299,"height":199,"caption":"Webcam-La-Bresse"},{"@type":"BreadcrumbList","@id":"https:\/\/weather-radar-live.com\/it\/webcam\/francia\/webcam-la-bresse\/#breadcrumb","itemListElement":[{"@type":"ListItem","position":1,"name":"Weather Radar Live","item":"https:\/\/weather-radar-live.com\/it\/"},{"@type":"ListItem","position":2,"name":"Webcam","item":"https:\/\/weather-radar-live.com\/it\/webcam\/"},{"@type":"ListItem","position":3,"name":"Francia","item":"https:\/\/weather-radar-live.com\/it\/webcam\/francia\/"},{"@type":"ListItem","position":4,"name":"Webcam La Bresse"}]},{"@type":"WebSite","@id":"https:\/\/weather-radar-live.com\/#website","url":"https:\/\/weather-radar-live.com\/","name":"weather-radar-live.com","description":"Your weather and sky radar.","publisher":{"@id":"https:\/\/weather-radar-live.com\/#organization"},"potentialAction":[{"@type":"SearchAction","target":{"@type":"EntryPoint","urlTemplate":"https:\/\/weather-radar-live.com\/?s={search_term_string}"},"query-input":{"@type":"PropertyValueSpecification","valueRequired":true,"valueName":"search_term_string"}}],"inLanguage":"it-IT"},{"@type":"Organization","@id":"https:\/\/weather-radar-live.com\/#organization","name":"weather-radar-live.com","url":"https:\/\/weather-radar-live.com\/","logo":{"@type":"ImageObject","inLanguage":"it-IT","@id":"https:\/\/weather-radar-live.com\/#\/schema\/logo\/image\/","url":"https:\/\/weather-radar-live.com\/wp-content\/uploads\/2022\/03\/cropped-WRL2503.png","contentUrl":"https:\/\/weather-radar-live.com\/wp-content\/uploads\/2022\/03\/cropped-WRL2503.png","width":1920,"height":555,"caption":"weather-radar-live.com"},"image":{"@id":"https:\/\/weather-radar-live.com\/#\/schema\/logo\/image\/"}}]}},"_links":{"self":[{"href":"https:\/\/weather-radar-live.com\/it\/wp-json\/wp\/v2\/pages\/3700","targetHints":{"allow":["GET"]}}],"collection":[{"href":"https:\/\/weather-radar-live.com\/it\/wp-json\/wp\/v2\/pages"}],"about":[{"href":"https:\/\/weather-radar-live.com\/it\/wp-json\/wp\/v2\/types\/page"}],"author":[{"embeddable":true,"href":"https:\/\/weather-radar-live.com\/it\/wp-json\/wp\/v2\/users\/1"}],"replies":[{"embeddable":true,"href":"https:\/\/weather-radar-live.com\/it\/wp-json\/wp\/v2\/comments?post=3700"}],"version-history":[{"count":3,"href":"https:\/\/weather-radar-live.com\/it\/wp-json\/wp\/v2\/pages\/3700\/revisions"}],"predecessor-version":[{"id":4564,"href":"https:\/\/weather-radar-live.com\/it\/wp-json\/wp\/v2\/pages\/3700\/revisions\/4564"}],"up":[{"embeddable":true,"href":"https:\/\/weather-radar-live.com\/it\/wp-json\/wp\/v2\/pages\/4178"}],"wp:featuredmedia":[{"embeddable":true,"href":"https:\/\/weather-radar-live.com\/it\/wp-json\/wp\/v2\/media\/3661"}],"wp:attachment":[{"href":"https:\/\/weather-radar-live.com\/it\/wp-json\/wp\/v2\/media?parent=3700"}],"curies":[{"name":"wp","href":"https:\/\/api.w.org\/{rel}","templated":true}]}}