{"id":1823,"date":"2021-11-17T13:43:42","date_gmt":"2021-11-17T12:43:42","guid":{"rendered":"https:\/\/weather-radar-live.com\/?page_id=1823"},"modified":"2022-07-06T13:09:01","modified_gmt":"2022-07-06T11:09:01","slug":"incendio-boschivo","status":"publish","type":"page","link":"https:\/\/weather-radar-live.com\/it\/incendio-boschivo\/","title":{"rendered":"Incendio boschivo"},"content":{"rendered":"<div id=\"weath-950339927\" class=\"weath-vor-dem-inhalt weath-entity-placement\" style=\"margin-top: 15px;margin-right: 25px;margin-bottom: 40px;margin-left: 25px;\"><script async src=\"\/\/pagead2.googlesyndication.com\/pagead\/js\/adsbygoogle.js?client=ca-pub-8960936133935804\" crossorigin=\"anonymous\"><\/script><ins class=\"adsbygoogle\" style=\"display:block;\" data-ad-client=\"ca-pub-8960936133935804\" \ndata-ad-slot=\"6172817020\" \ndata-ad-format=\"auto\"><\/ins>\n<script> \n(adsbygoogle = window.adsbygoogle || []).push({}); \n<\/script>\n<\/div>\n<div class=\"wp-block-cover alignfull\"><span aria-hidden=\"true\" class=\"wp-block-cover__gradient-background has-background-dim\"><\/span><img loading=\"lazy\" decoding=\"async\" width=\"1920\" height=\"1239\" class=\"wp-block-cover__image-background wp-image-1491\" alt=\"\" src=\"https:\/\/weather-radar-live.com\/wp-content\/uploads\/2021\/11\/forest-fire-gc4325768a_1920.jpg\" data-object-fit=\"cover\" srcset=\"https:\/\/weather-radar-live.com\/wp-content\/uploads\/2021\/11\/forest-fire-gc4325768a_1920.jpg 1920w, https:\/\/weather-radar-live.com\/wp-content\/uploads\/2021\/11\/forest-fire-gc4325768a_1920-300x194.jpg 300w, https:\/\/weather-radar-live.com\/wp-content\/uploads\/2021\/11\/forest-fire-gc4325768a_1920-1024x661.jpg 1024w, https:\/\/weather-radar-live.com\/wp-content\/uploads\/2021\/11\/forest-fire-gc4325768a_1920-768x496.jpg 768w, https:\/\/weather-radar-live.com\/wp-content\/uploads\/2021\/11\/forest-fire-gc4325768a_1920-1536x991.jpg 1536w\" sizes=\"auto, (max-width: 1920px) 100vw, 1920px\" \/><div class=\"wp-block-cover__inner-container is-layout-flow wp-block-cover-is-layout-flow\">\n<h2 class=\"has-text-align-center heading wp-block-heading\" style=\"font-size:40px\"><strong><span style=\"color:#f59800\" class=\"has-inline-color\">INCENDIO BOSCHIVO<\/span><\/strong><\/h2>\n<\/div><\/div>\n\n\n<h2 style=\"text-align: center;\"><span style=\"color: #f59800;\"><b>Incendi boschivi attuali &#8211; Veda dove c&#8217;\u00e8 un incendio boschivo in questo momento!<\/b><\/span><\/h2>\n<p>I disastri naturali hanno sempre rappresentato un grande pericolo per le persone e gli animali. Gli incendi boschivi sono probabilmente una delle minacce pi\u00f9 frequenti e pi\u00f9 pericolose per la vita sul nostro pianeta. Ma non \u00e8 solo la natura ad essere responsabile dell&#8217;enorme distruzione di foreste e terreni. Qui pu\u00f2 scoprire tutto sugli incendi boschivi.<\/p>\n<p>Vuole sapere dove \u00e8 attivo un incendio boschivo in questo momento? Poi dia un&#8217;occhiata alla nostra mappa dal vivo nella panoramica. Qui pu\u00f2 vedere a colpo d&#8217;occhio gli attuali incendi boschivi e i punti caldi del fuoco!<\/p><div id=\"weath-1925160541\" class=\"weath-inhalt_2 weath-entity-placement\" style=\"margin-top: 15px;margin-right: 25px;margin-bottom: 35px;margin-left: 25px;\"><script async src=\"\/\/pagead2.googlesyndication.com\/pagead\/js\/adsbygoogle.js?client=ca-pub-8960936133935804\" crossorigin=\"anonymous\"><\/script><ins class=\"adsbygoogle\" style=\"display:block;\" data-ad-client=\"ca-pub-8960936133935804\" \ndata-ad-slot=\"1963584050\" \ndata-ad-format=\"auto\"><\/ins>\n<script> \n(adsbygoogle = window.adsbygoogle || []).push({}); \n<\/script>\n<\/div>\n\n\n<iframe loading=\"lazy\" id=\"VW_iframe\" width=\"1300px\" height=\"600\" scrolling=\"no\" frameborder=\"0\" marginwidth=\"0\" marginheight=\"0\" src=\"https:\/\/www.arcgis.com\/home\/webmap\/viewer.html?webmap=df8bcc10430f48878b01c96e907a1fc3\"><\/iframe>\n\n\n\n<p class=\"has-text-align-center\"><sup>Le aree colpite dagli incendi boschivi sono indicate con i simboli corrispondenti. Clicchi con il mouse sul simbolo del fuoco (tocchi con il dito se ha aperto la vista tramite smartphone) per ottenere maggiori informazioni.<\/sup> <\/p>\n\n\n\n<div style=\"height:40px\" aria-hidden=\"true\" class=\"wp-block-spacer\"><\/div>\n\n\n<h2 style=\"text-align: center;\"><span style=\"color: #f59800;\"><b>Dove sono gli incendi boschivi? C&#8217;\u00e8 un incendio nella foresta in questo momento? La mappa degli incendi boschivi spiega:<\/b><\/span><\/h2>\n<p>Con la mappa degli <strong><a href=\"https:\/\/rischi.protezionecivile.gov.it\/it\/incendi-boschivi\/incendio-boschivo\" target=\"_blank\" rel=\"noopener\">incendi boschivi<\/a> <\/strong>pu\u00f2 vedere tutti gli incendi boschivi del passato prossimo e quelli attuali in una panoramica. Sul lato sinistro della mappa trover\u00e0 la legenda che spiega i diversi simboli. La mappa le mostra le attivit\u00e0 del fuoco registrate dai satelliti e gli hotspot termici. Il significato dei simboli mostrati sulla mappa si trova nella legenda. Pu\u00f2 anche trovare una breve panoramica qui:<\/p>\n<p><img loading=\"lazy\" decoding=\"async\" class=\"wp-image-1461 alignleft\" src=\"https:\/\/weather-radar-live.com\/wp-content\/uploads\/2021\/11\/Fire-Symb.jpg\" alt=\"\" width=\"25\" height=\"25\"><span style=\"font-size: inherit;\">Il simbolo rosso del fuoco le mostra la dimensione delle aree bruciate (in ettari) negli USA. Pi\u00f9 grande \u00e8 il simbolo del fuoco, pi\u00f9 grande \u00e8 l&#8217;area bruciata. Attualmente non ci sono incendi boschivi attivi qui.<\/span><\/p>\n<p><img loading=\"lazy\" decoding=\"async\" class=\"wp-image-1467 alignleft\" src=\"https:\/\/weather-radar-live.com\/wp-content\/uploads\/2021\/11\/Gold-Fire.jpg\" alt=\"\" width=\"23\" height=\"23\"><span style=\"font-size: inherit;\">Il simbolo del fuoco dorato mostra dove si trova un fuoco limitato.<\/span><\/p>\n<p><img loading=\"lazy\" decoding=\"async\" class=\"wp-image-1473 alignleft\" src=\"https:\/\/weather-radar-live.com\/wp-content\/uploads\/2021\/11\/Lst24hrs.jpg\" alt=\"\" width=\"23\" height=\"23\">I punti con il simbolo del fuoco giallo-rosso mostrano gli incendi boschivi attivi nelle ultime 24 ore.<\/p>\n<p><img loading=\"lazy\" decoding=\"async\" class=\" wp-image-1479 alignleft\" src=\"https:\/\/weather-radar-live.com\/wp-content\/uploads\/2021\/11\/Prpl-Fire.jpg\" alt=\"\" width=\"23\" height=\"23\">Diversi incendi boschivi sulla stessa area sono indicati con il simbolo del fuoco viola.<\/p>\n<p><img loading=\"lazy\" decoding=\"async\" class=\"wp-image-1485 alignleft\" src=\"https:\/\/weather-radar-live.com\/wp-content\/uploads\/2021\/11\/red-circle.jpg\" alt=\"\" width=\"18\" height=\"18\"> I punti rossi con un bordo giallo le mostrano attivit\u00e0 termiche registrate di recente dal satellite.<\/p>\n<p><\/p>\n<h2 style=\"text-align: center;\"><span style=\"color: #f59800;\"><b>Cosa dovrebbe sapere sugli incendi boschivi:<\/b><\/span><\/h2>\n<h3><span style=\"color: #f59800;\"><strong>Cos&#8217;\u00e8 un incendio boschivo?<br><\/strong><\/span><\/h3>\n<p>Un incendio boschivo \u00e8 un incendio in un&#8217;area boschiva. Soprattutto nelle regioni in cui ci sono grandi aree di foresta, sono stati registrati numerosi incendi boschivi sia in passato che in tempi attuali. Gli incendi selvaggi che si verificano in regioni dove non ci sono foreste (ad esempio in Australia o in Africa) sono chiamati anche bushfires.<\/p>\n<h3><span style=\"color: #f59800;\"><strong>Cosa causa gli incendi boschivi?<br><\/strong><\/span><\/h3>\n<p>Come abbiamo gi\u00e0 indicato, un incendio boschivo non pu\u00f2 iniziare solo a causa di un fenomeno naturale come un fulmine o la combinazione di siccit\u00e0 e forte luce solare. Infatti, poco meno del 5% degli incendi boschivi registrati in tutto il mondo (misurati per numero, non per area bruciata) sono dovuti a cause di origine naturale. Gli esseri umani sono responsabili della maggior parte degli incendi boschivi del pianeta. Le cause possono avere diversi motivi:<\/p>\n<p>Per esempio, le foreste possono essere abbattute per creare pi\u00f9 terra da coltivare. Nel processo, il fuoco pu\u00f2 andare fuori controllo e diffondersi in un&#8217;area pi\u00f9 grande.<\/p>\n<p>Anche l&#8217;incendio doloso intenzionale \u00e8 spesso una delle ragioni addotte per gli incendi boschivi.<\/p>\n<p>Anche la negligenza \u00e8 una causa comune di incendi boschivi. Qui giocano un ruolo le sigarette scartate o i convertitori catalitici caldi dei veicoli in zone asciutte.<\/p>\n<h3><span style=\"color: #f59800;\"><strong>Dove sono gli incendi boschivi?<\/strong><\/span><\/h3>\n<p>Pu\u00f2 scoprire in quale parte del mondo ci sono incendi in questo momento sulla nostra mappa. Le attivit\u00e0 termiche le dicono dove si \u00e8 appena registrato un aumento di calore. Noti la legenda nella panoramica.<\/p>\n<h3><span style=\"color: #f59800;\"><strong>Dove ci sono pi\u00f9 incendi boschivi?<\/strong><\/span><\/h3>\n<p>La maggior parte degli incendi boschivi si verifica nei continenti di Australia, Nord e Sud America. Grandi incendi selvaggi vengono segnalati regolarmente anche in parti dell&#8217;Asia e dell&#8217;Africa.<\/p>\n\n\n<div class=\"wp-block-cover alignfull\"><span aria-hidden=\"true\" class=\"has-background-dim-70 wp-block-cover__gradient-background has-background-dim\"><\/span><img loading=\"lazy\" decoding=\"async\" width=\"1920\" height=\"1440\" class=\"wp-block-cover__image-background wp-image-1261\" alt=\"\" src=\"https:\/\/weather-radar-live.com\/wp-content\/uploads\/2021\/10\/Volcano-erupting.jpg\" data-object-fit=\"cover\" srcset=\"https:\/\/weather-radar-live.com\/wp-content\/uploads\/2021\/10\/Volcano-erupting.jpg 1920w, https:\/\/weather-radar-live.com\/wp-content\/uploads\/2021\/10\/Volcano-erupting-300x225.jpg 300w, https:\/\/weather-radar-live.com\/wp-content\/uploads\/2021\/10\/Volcano-erupting-1024x768.jpg 1024w, https:\/\/weather-radar-live.com\/wp-content\/uploads\/2021\/10\/Volcano-erupting-768x576.jpg 768w, https:\/\/weather-radar-live.com\/wp-content\/uploads\/2021\/10\/Volcano-erupting-1536x1152.jpg 1536w\" sizes=\"auto, (max-width: 1920px) 100vw, 1920px\" \/><div class=\"wp-block-cover__inner-container is-layout-flow wp-block-cover-is-layout-flow\">\n<p><\/p>\n\n\n\n<p class=\"has-text-align-center\" id=\"Teppichklopfen\" style=\"font-size:35px\"><strong><strong>VIDEO di incendi boschivi attivi!<\/strong><\/strong><\/p>\n\n\n\n<div class=\"wp-block-columns is-layout-flex wp-container-core-columns-is-layout-9d6595d7 wp-block-columns-is-layout-flex\">\n<div class=\"wp-block-column is-layout-flow wp-block-column-is-layout-flow\" style=\"flex-basis:25%\"><\/div>\n\n\n\n<div class=\"wp-block-column is-layout-flow wp-block-column-is-layout-flow\" style=\"flex-basis:50%\"><\/div>\n\n\n\n<div class=\"wp-block-column is-layout-flow wp-block-column-is-layout-flow\" style=\"flex-basis:25%\"><\/div>\n<\/div>\n\n\n\n<div class=\"wp-block-columns is-layout-flex wp-container-core-columns-is-layout-9d6595d7 wp-block-columns-is-layout-flex\">\n<div class=\"wp-block-column is-layout-flow wp-block-column-is-layout-flow\">\n<figure class=\"wp-block-embed is-type-video is-provider-youtube wp-block-embed-youtube wp-embed-aspect-16-9 wp-has-aspect-ratio\"><div class=\"wp-block-embed__wrapper\">\n<iframe loading=\"lazy\" title=\"Wildfires 101 | National Geographic\" width=\"1200\" height=\"675\" src=\"https:\/\/www.youtube.com\/embed\/5hghT1W33cY?feature=oembed\" frameborder=\"0\" allow=\"accelerometer; autoplay; clipboard-write; encrypted-media; gyroscope; picture-in-picture\" allowfullscreen><\/iframe>\n<\/div><\/figure>\n<\/div>\n\n\n\n<div class=\"wp-block-column is-layout-flow wp-block-column-is-layout-flow\">\n<figure class=\"wp-block-embed is-type-video is-provider-youtube wp-block-embed-youtube wp-embed-aspect-16-9 wp-has-aspect-ratio\"><div class=\"wp-block-embed__wrapper\">\n<iframe loading=\"lazy\" title=\"Filming a Raging Forest Fire | North America\" width=\"1200\" height=\"675\" src=\"https:\/\/www.youtube.com\/embed\/R9tQXY2GNxI?feature=oembed\" frameborder=\"0\" allow=\"accelerometer; autoplay; clipboard-write; encrypted-media; gyroscope; picture-in-picture\" allowfullscreen><\/iframe>\n<\/div><\/figure>\n<\/div>\n<\/div>\n<\/div><\/div>\n\n\n<h3>&nbsp;<\/h3>\n<h3><span style=\"color: #f59800;\"><strong>Gli incendi boschivi sono buoni?<\/strong><\/span><\/h3>\n<p>Gli incendi boschivi di solito rappresentano un grande pericolo per l&#8217;ambiente. L&#8217;habitat degli animali che ci vivono viene distrutto e anche le persone si trovano regolarmente in situazioni pericolose a causa di ci\u00f2. Anche gli incendi boschivi degli ultimi anni hanno avuto un enorme impatto sul cambiamento climatico. Le alte quantit\u00e0 di Co2 che vengono rilasciate contribuiscono significativamente al riscaldamento globale. Ma un incendio boschivo non ha solo lati oscuri: Le aree bruciate possono agire come una cura di ringiovanimento per la foresta, dato che gli alberi malati vengono rimossi e si crea nuovo spazio per la vita. Alcune specie di piante e animali usano l&#8217;ambiente bruciato come opportunit\u00e0 per crescere e prosperare. Le piante piccole in particolare, che altrimenti hanno poche possibilit\u00e0 di raggiungere la luce del sole all&#8217;ombra delle grandi chiome degli alberi, ne approfittano.<\/p>\n<h3><span style=\"color: #f59800;\"><strong>Quanto velocemente si riprende una foresta dopo un incendio?<\/strong><\/span><\/h3>\n<p>Come abbiamo appena detto, non tutto \u00e8 perduto per la natura dopo un incendio boschivo. Varie piccole piante, arbusti, muschio e molte altre prosperano nel primo anno dopo l&#8217;incendio della foresta. Alcune specie di insetti amano anche stabilirsi nel terreno appena bruciato e nutrirsi del legno bruciato. Tuttavia, anche se la natura riporta la vita nell&#8217;area di un incendio boschivo estinto dopo poco tempo, possono volerci circa cento anni perch\u00e9 gli alberi vi ricrescano.<\/p>\n<h3><strong><span style=\"color: #f59800;\">Cosa si pu\u00f2 fare contro gli incendi boschivi?<br><\/span><\/strong><\/h3>\n<p>La cosa migliore che pu\u00f2 fare contro gli incendi boschivi \u00e8 mantenere un comportamento consapevole nella foresta. Pu\u00f2 prestare attenzione alle seguenti cose per <a href=\"https:\/\/www.regione.piemonte.it\/web\/temi\/protezione-civile-difesa-suolo-opere-pubbliche\/protezione-civile\/incendi-boschivi\/che-cose-un-incendio-boschivo\" target=\"_blank\" rel=\"noopener\"><strong>prevenire un incendio boschivo:<\/strong><\/a><\/p>\n<p>\u2757 Faccia attenzione ai messaggi di avvertimento per un possibile pericolo di incendio boschivo nella sua zona. Eviti di camminare nella foresta se il pericolo \u00e8 troppo alto.<\/p>\n<p>\u2757 Si astenga dal fumare e dal gettare sigarette nella foresta. Allo stesso modo, fiammiferi e altre cose che bruciano rappresentano un grande rischio di incendio boschivo. Anche i fal\u00f2 e i barbecue possono infiammare rapidamente la foresta con la caduta di scintille.<\/p>\n<p>\u2757 Non butti via i rifiuti nella foresta. Bottiglie di vetro e altri oggetti possono concentrare la luce del sole e questo potrebbe portare a un incendio.<\/p>\n<p>\u2757 Non parcheggi la sua auto o la sua moto sui sentieri della foresta. I convertitori catalitici caldi possono infiammare facilmente il sottobosco secco.<\/p>\n<p>\u2757 Non parcheggi il suo veicolo nel bosco quando \u00e8 asciutto. Spesso si sono verificati incendi a causa di convertitori catalitici caldi che entravano in contatto con il terreno asciutto.<\/p>","protected":false},"excerpt":{"rendered":"<p>Incendi boschivi attuali &#8211; Veda dove c&#8217;\u00e8 un incendio boschivo in questo momento! I disastri naturali hanno sempre rappresentato un grande pericolo per le persone e gli animali. Gli incendi boschivi sono probabilmente una delle minacce pi\u00f9 frequenti e pi\u00f9 pericolose per la vita sul nostro pianeta. Ma non \u00e8 solo la natura ad essere &#8230; <a title=\"Incendio boschivo\" class=\"read-more\" href=\"https:\/\/weather-radar-live.com\/it\/incendio-boschivo\/\" aria-label=\"Per saperne di pi\u00f9 su Incendio boschivo\">Leggi tutto<\/a><\/p>\n","protected":false},"author":1,"featured_media":0,"parent":0,"menu_order":0,"comment_status":"closed","ping_status":"closed","template":"","meta":{"footnotes":""},"class_list":["post-1823","page","type-page","status-publish"],"yoast_head":"<!-- This site is optimized with the Yoast SEO plugin v27.5 - https:\/\/yoast.com\/product\/yoast-seo-wordpress\/ -->\n<title>Incendi boschivi LIVE: \ud83d\udd25 Dove sono gli incendi boschivi attivi?<\/title>\n<meta name=\"description\" content=\"Guarda gli incendi sulla mappa degli incendi boschivi \u2714\ufe0f Scopri ora dove ci sono stati incendi boschivi e dove stanno bruciando! \ud83d\udd25\" \/>\n<meta name=\"robots\" content=\"index, follow, max-snippet:-1, max-image-preview:large, max-video-preview:-1\" \/>\n<link rel=\"canonical\" href=\"https:\/\/weather-radar-live.com\/it\/incendio-boschivo\/\" \/>\n<meta property=\"og:locale\" content=\"it_IT\" \/>\n<meta property=\"og:type\" content=\"article\" \/>\n<meta property=\"og:title\" content=\"Incendi boschivi LIVE: \ud83d\udd25 Dove sono gli incendi boschivi attivi?\" \/>\n<meta property=\"og:description\" content=\"Guarda gli incendi sulla mappa degli incendi boschivi \u2714\ufe0f Scopri ora dove ci sono stati incendi boschivi e dove stanno bruciando! \ud83d\udd25\" \/>\n<meta property=\"og:url\" content=\"https:\/\/weather-radar-live.com\/it\/incendio-boschivo\/\" \/>\n<meta property=\"og:site_name\" content=\"weather-radar-live.com\" \/>\n<meta property=\"article:modified_time\" content=\"2022-07-06T11:09:01+00:00\" \/>\n<meta property=\"og:image\" content=\"https:\/\/weather-radar-live.com\/wp-content\/uploads\/2021\/11\/forest-fire-gc4325768a_1920.jpg\" \/>\n<meta name=\"twitter:card\" content=\"summary_large_image\" \/>\n<meta name=\"twitter:label1\" content=\"Tempo di lettura stimato\" \/>\n\t<meta name=\"twitter:data1\" content=\"6 minuti\" \/>\n<script type=\"application\/ld+json\" class=\"yoast-schema-graph\">{\"@context\":\"https:\\\/\\\/schema.org\",\"@graph\":[{\"@type\":\"WebPage\",\"@id\":\"https:\\\/\\\/weather-radar-live.com\\\/it\\\/incendio-boschivo\\\/\",\"url\":\"https:\\\/\\\/weather-radar-live.com\\\/it\\\/incendio-boschivo\\\/\",\"name\":\"Incendi boschivi LIVE: \ud83d\udd25 Dove sono gli incendi boschivi attivi?\",\"isPartOf\":{\"@id\":\"https:\\\/\\\/weather-radar-live.com\\\/#website\"},\"primaryImageOfPage\":{\"@id\":\"https:\\\/\\\/weather-radar-live.com\\\/it\\\/incendio-boschivo\\\/#primaryimage\"},\"image\":{\"@id\":\"https:\\\/\\\/weather-radar-live.com\\\/it\\\/incendio-boschivo\\\/#primaryimage\"},\"thumbnailUrl\":\"https:\\\/\\\/weather-radar-live.com\\\/wp-content\\\/uploads\\\/2021\\\/11\\\/forest-fire-gc4325768a_1920.jpg\",\"datePublished\":\"2021-11-17T12:43:42+00:00\",\"dateModified\":\"2022-07-06T11:09:01+00:00\",\"description\":\"Guarda gli incendi sulla mappa degli incendi boschivi \u2714\ufe0f Scopri ora dove ci sono stati incendi boschivi e dove stanno bruciando! \ud83d\udd25\",\"breadcrumb\":{\"@id\":\"https:\\\/\\\/weather-radar-live.com\\\/it\\\/incendio-boschivo\\\/#breadcrumb\"},\"inLanguage\":\"it-IT\",\"potentialAction\":[{\"@type\":\"ReadAction\",\"target\":[\"https:\\\/\\\/weather-radar-live.com\\\/it\\\/incendio-boschivo\\\/\"]}]},{\"@type\":\"ImageObject\",\"inLanguage\":\"it-IT\",\"@id\":\"https:\\\/\\\/weather-radar-live.com\\\/it\\\/incendio-boschivo\\\/#primaryimage\",\"url\":\"https:\\\/\\\/weather-radar-live.com\\\/wp-content\\\/uploads\\\/2021\\\/11\\\/forest-fire-gc4325768a_1920.jpg\",\"contentUrl\":\"https:\\\/\\\/weather-radar-live.com\\\/wp-content\\\/uploads\\\/2021\\\/11\\\/forest-fire-gc4325768a_1920.jpg\"},{\"@type\":\"BreadcrumbList\",\"@id\":\"https:\\\/\\\/weather-radar-live.com\\\/it\\\/incendio-boschivo\\\/#breadcrumb\",\"itemListElement\":[{\"@type\":\"ListItem\",\"position\":1,\"name\":\"Weather Radar Live\",\"item\":\"https:\\\/\\\/weather-radar-live.com\\\/it\\\/\"},{\"@type\":\"ListItem\",\"position\":2,\"name\":\"Incendio boschivo\"}]},{\"@type\":\"WebSite\",\"@id\":\"https:\\\/\\\/weather-radar-live.com\\\/#website\",\"url\":\"https:\\\/\\\/weather-radar-live.com\\\/\",\"name\":\"weather-radar-live.com\",\"description\":\"Your weather and sky radar.\",\"publisher\":{\"@id\":\"https:\\\/\\\/weather-radar-live.com\\\/#organization\"},\"potentialAction\":[{\"@type\":\"SearchAction\",\"target\":{\"@type\":\"EntryPoint\",\"urlTemplate\":\"https:\\\/\\\/weather-radar-live.com\\\/?s={search_term_string}\"},\"query-input\":{\"@type\":\"PropertyValueSpecification\",\"valueRequired\":true,\"valueName\":\"search_term_string\"}}],\"inLanguage\":\"it-IT\"},{\"@type\":\"Organization\",\"@id\":\"https:\\\/\\\/weather-radar-live.com\\\/#organization\",\"name\":\"weather-radar-live.com\",\"url\":\"https:\\\/\\\/weather-radar-live.com\\\/\",\"logo\":{\"@type\":\"ImageObject\",\"inLanguage\":\"it-IT\",\"@id\":\"https:\\\/\\\/weather-radar-live.com\\\/#\\\/schema\\\/logo\\\/image\\\/\",\"url\":\"https:\\\/\\\/weather-radar-live.com\\\/wp-content\\\/uploads\\\/2022\\\/03\\\/cropped-WRL2503.png\",\"contentUrl\":\"https:\\\/\\\/weather-radar-live.com\\\/wp-content\\\/uploads\\\/2022\\\/03\\\/cropped-WRL2503.png\",\"width\":1920,\"height\":555,\"caption\":\"weather-radar-live.com\"},\"image\":{\"@id\":\"https:\\\/\\\/weather-radar-live.com\\\/#\\\/schema\\\/logo\\\/image\\\/\"}}]}<\/script>\n<!-- \/ Yoast SEO plugin. -->","yoast_head_json":{"title":"Incendi boschivi LIVE: \ud83d\udd25 Dove sono gli incendi boschivi attivi?","description":"Guarda gli incendi sulla mappa degli incendi boschivi \u2714\ufe0f Scopri ora dove ci sono stati incendi boschivi e dove stanno bruciando! \ud83d\udd25","robots":{"index":"index","follow":"follow","max-snippet":"max-snippet:-1","max-image-preview":"max-image-preview:large","max-video-preview":"max-video-preview:-1"},"canonical":"https:\/\/weather-radar-live.com\/it\/incendio-boschivo\/","og_locale":"it_IT","og_type":"article","og_title":"Incendi boschivi LIVE: \ud83d\udd25 Dove sono gli incendi boschivi attivi?","og_description":"Guarda gli incendi sulla mappa degli incendi boschivi \u2714\ufe0f Scopri ora dove ci sono stati incendi boschivi e dove stanno bruciando! \ud83d\udd25","og_url":"https:\/\/weather-radar-live.com\/it\/incendio-boschivo\/","og_site_name":"weather-radar-live.com","article_modified_time":"2022-07-06T11:09:01+00:00","og_image":[{"url":"https:\/\/weather-radar-live.com\/wp-content\/uploads\/2021\/11\/forest-fire-gc4325768a_1920.jpg","type":"","width":"","height":""}],"twitter_card":"summary_large_image","twitter_misc":{"Tempo di lettura stimato":"6 minuti"},"schema":{"@context":"https:\/\/schema.org","@graph":[{"@type":"WebPage","@id":"https:\/\/weather-radar-live.com\/it\/incendio-boschivo\/","url":"https:\/\/weather-radar-live.com\/it\/incendio-boschivo\/","name":"Incendi boschivi LIVE: \ud83d\udd25 Dove sono gli incendi boschivi attivi?","isPartOf":{"@id":"https:\/\/weather-radar-live.com\/#website"},"primaryImageOfPage":{"@id":"https:\/\/weather-radar-live.com\/it\/incendio-boschivo\/#primaryimage"},"image":{"@id":"https:\/\/weather-radar-live.com\/it\/incendio-boschivo\/#primaryimage"},"thumbnailUrl":"https:\/\/weather-radar-live.com\/wp-content\/uploads\/2021\/11\/forest-fire-gc4325768a_1920.jpg","datePublished":"2021-11-17T12:43:42+00:00","dateModified":"2022-07-06T11:09:01+00:00","description":"Guarda gli incendi sulla mappa degli incendi boschivi \u2714\ufe0f Scopri ora dove ci sono stati incendi boschivi e dove stanno bruciando! \ud83d\udd25","breadcrumb":{"@id":"https:\/\/weather-radar-live.com\/it\/incendio-boschivo\/#breadcrumb"},"inLanguage":"it-IT","potentialAction":[{"@type":"ReadAction","target":["https:\/\/weather-radar-live.com\/it\/incendio-boschivo\/"]}]},{"@type":"ImageObject","inLanguage":"it-IT","@id":"https:\/\/weather-radar-live.com\/it\/incendio-boschivo\/#primaryimage","url":"https:\/\/weather-radar-live.com\/wp-content\/uploads\/2021\/11\/forest-fire-gc4325768a_1920.jpg","contentUrl":"https:\/\/weather-radar-live.com\/wp-content\/uploads\/2021\/11\/forest-fire-gc4325768a_1920.jpg"},{"@type":"BreadcrumbList","@id":"https:\/\/weather-radar-live.com\/it\/incendio-boschivo\/#breadcrumb","itemListElement":[{"@type":"ListItem","position":1,"name":"Weather Radar Live","item":"https:\/\/weather-radar-live.com\/it\/"},{"@type":"ListItem","position":2,"name":"Incendio boschivo"}]},{"@type":"WebSite","@id":"https:\/\/weather-radar-live.com\/#website","url":"https:\/\/weather-radar-live.com\/","name":"weather-radar-live.com","description":"Your weather and sky radar.","publisher":{"@id":"https:\/\/weather-radar-live.com\/#organization"},"potentialAction":[{"@type":"SearchAction","target":{"@type":"EntryPoint","urlTemplate":"https:\/\/weather-radar-live.com\/?s={search_term_string}"},"query-input":{"@type":"PropertyValueSpecification","valueRequired":true,"valueName":"search_term_string"}}],"inLanguage":"it-IT"},{"@type":"Organization","@id":"https:\/\/weather-radar-live.com\/#organization","name":"weather-radar-live.com","url":"https:\/\/weather-radar-live.com\/","logo":{"@type":"ImageObject","inLanguage":"it-IT","@id":"https:\/\/weather-radar-live.com\/#\/schema\/logo\/image\/","url":"https:\/\/weather-radar-live.com\/wp-content\/uploads\/2022\/03\/cropped-WRL2503.png","contentUrl":"https:\/\/weather-radar-live.com\/wp-content\/uploads\/2022\/03\/cropped-WRL2503.png","width":1920,"height":555,"caption":"weather-radar-live.com"},"image":{"@id":"https:\/\/weather-radar-live.com\/#\/schema\/logo\/image\/"}}]}},"_links":{"self":[{"href":"https:\/\/weather-radar-live.com\/it\/wp-json\/wp\/v2\/pages\/1823","targetHints":{"allow":["GET"]}}],"collection":[{"href":"https:\/\/weather-radar-live.com\/it\/wp-json\/wp\/v2\/pages"}],"about":[{"href":"https:\/\/weather-radar-live.com\/it\/wp-json\/wp\/v2\/types\/page"}],"author":[{"embeddable":true,"href":"https:\/\/weather-radar-live.com\/it\/wp-json\/wp\/v2\/users\/1"}],"replies":[{"embeddable":true,"href":"https:\/\/weather-radar-live.com\/it\/wp-json\/wp\/v2\/comments?post=1823"}],"version-history":[{"count":7,"href":"https:\/\/weather-radar-live.com\/it\/wp-json\/wp\/v2\/pages\/1823\/revisions"}],"predecessor-version":[{"id":4122,"href":"https:\/\/weather-radar-live.com\/it\/wp-json\/wp\/v2\/pages\/1823\/revisions\/4122"}],"wp:attachment":[{"href":"https:\/\/weather-radar-live.com\/it\/wp-json\/wp\/v2\/media?parent=1823"}],"curies":[{"name":"wp","href":"https:\/\/api.w.org\/{rel}","templated":true}]}}