{"id":8005,"date":"2024-11-30T19:14:31","date_gmt":"2024-11-30T18:14:31","guid":{"rendered":"https:\/\/weather-radar-live.com\/starry-sky\/"},"modified":"2024-11-30T19:32:08","modified_gmt":"2024-11-30T18:32:08","slug":"ciel-etoile","status":"publish","type":"page","link":"https:\/\/weather-radar-live.com\/fr\/ciel-etoile\/","title":{"rendered":"Ciel \u00e9toil\u00e9"},"content":{"rendered":"<div id=\"weath-2390371154\" class=\"weath-vor-dem-inhalt weath-entity-placement\" style=\"margin-top: 15px;margin-right: 25px;margin-bottom: 40px;margin-left: 25px;\"><script async src=\"\/\/pagead2.googlesyndication.com\/pagead\/js\/adsbygoogle.js?client=ca-pub-8960936133935804\" crossorigin=\"anonymous\"><\/script><ins class=\"adsbygoogle\" style=\"display:block;\" data-ad-client=\"ca-pub-8960936133935804\" \ndata-ad-slot=\"6172817020\" \ndata-ad-format=\"auto\"><\/ins>\n<script> \n(adsbygoogle = window.adsbygoogle || []).push({}); \n<\/script>\n<\/div>\n<div class=\"wp-block-cover alignfull\"><span aria-hidden=\"true\" class=\"wp-block-cover__background has-black-background-color has-background-dim-60 has-background-dim\"><\/span><video class=\"wp-block-cover__video-background intrinsic-ignore\" autoplay muted loop playsinline src=\"https:\/\/weather-radar-live.com\/wp-content\/uploads\/2024\/11\/Starry-sky-header-background.mp4\" data-object-fit=\"cover\"><\/video><div class=\"wp-block-cover__inner-container is-layout-flow wp-block-cover-is-layout-flow\">\n<h2 class=\"wp-block-heading has-text-align-center heading has-text-color has-link-color wp-elements-3b6ce49c81bce387aa2b9b0437d580f2\" style=\"color:#00ffbb;font-size:50px\"><span class=\"has-inline-color has-white-color\"><strong>CIEL<\/strong><\/span><br><strong>\u00c9TOIL\u00c9<\/strong><\/h2>\n<\/div><\/div>\n\n\n\n<h1 class=\"wp-block-heading has-text-align-center has-text-color has-link-color wp-elements-63939be602d8a1296b59b370ff66ea98\" style=\"color:#00ffbb\"><strong>Le ciel \u00e9toil\u00e9<\/strong><\/h1>\n\n\n\n<p>Le ciel \u00e9toil\u00e9 fascine les hommes depuis des milliers d&rsquo;ann\u00e9es. La clart\u00e9 du ciel nocturne offre non seulement des vues impressionnantes sur les \u00e9toiles, les plan\u00e8tes et les galaxies, mais \u00e9veille \u00e9galement la curiosit\u00e9 sur les secrets de l&rsquo;univers. Mais \u00e0 quoi ressemble le ciel \u00e9toil\u00e9 aujourd&rsquo;hui et que peut-on y d\u00e9couvrir ?<\/p>\n\n\n\n<p>Chaque soir, lorsque le soleil dispara\u00eet sous l&rsquo;horizon, le ciel \u00e9toil\u00e9 r\u00e9v\u00e8le toute sa beaut\u00e9. Des \u00e9toiles situ\u00e9es \u00e0 des millions d&rsquo;ann\u00e9es-lumi\u00e8re se mettent \u00e0 briller et forment un d\u00e9cor impressionnant qui invite \u00e0 la r\u00eaverie et \u00e0 l&rsquo;\u00e9merveillement. C&rsquo;est surtout lors des soir\u00e9es claires, loin des lumi\u00e8res distrayantes de la ville, que la v\u00e9ritable splendeur du ciel se r\u00e9v\u00e8le. Jetez un coup d&rsquo;\u0153il aux photos du ciel d\u00e8s maintenant !<\/p><div id=\"weath-765035899\" class=\"weath-inhalt_2 weath-entity-placement\" style=\"margin-top: 15px;margin-right: 25px;margin-bottom: 35px;margin-left: 25px;\"><script async src=\"\/\/pagead2.googlesyndication.com\/pagead\/js\/adsbygoogle.js?client=ca-pub-8960936133935804\" crossorigin=\"anonymous\"><\/script><ins class=\"adsbygoogle\" style=\"display:block;\" data-ad-client=\"ca-pub-8960936133935804\" \ndata-ad-slot=\"1963584050\" \ndata-ad-format=\"auto\"><\/ins>\n<script> \n(adsbygoogle = window.adsbygoogle || []).push({}); \n<\/script>\n<\/div>\n\n\n\n<div class=\"wp-block-columns is-layout-flex wp-container-core-columns-is-layout-9d6595d7 wp-block-columns-is-layout-flex\">\n<div class=\"wp-block-column is-layout-flow wp-block-column-is-layout-flow\" style=\"flex-basis:75%\">\n<!--- D\u00e9but du code source --->\n\t\t\n\t<!--- Conditions d utilisation : Les liens et les textes contenus dans le code source\n\tne peuvent \u00eatre retir\u00e9s, sinon le droit d utilisation expire. \n\tEn cas de d\u00e9rogations souhait\u00e9es, veuillez nous contacter par courrier. \n\tAdresse postale sur la page d accueil.\n\t\t\n\tUn service gratuit de https:\/\/www.Der-Mond.de\/ --->\n\n\n\t<img decoding=\"async\" border=0 src=\"https:\/\/www.der-mond.de\/feature\/sternenhimmel.php?version=1&#038;karten=3&#038;ueberschrift=Ciel+etoile+aujourdhui+en+France&#038;schriftschnitt=0&#038;beschriftung_sternkarte=1&#038;schriftart=Roboto&#038;schriftgroesse=12&#038;groesse=1980&#038;spalten=1&#038;trans=1&#038;grafikformat=1&#038;scro=0&#038;scgr=0&#038;scbl=0&#038;hiro=255&#038;higr=255&#038;hibl=255&#038;lang=fr&#038;grafik=1\" alt=\"La lune - myst\u00e9rieuse compagne de notre terre\" style=\"max-width: 100%\">\n\n\n<br>\n\nUn service de <a href=\"https:\/\/www.der-mond.de\/\" target=\"_blank\">www.Der-Mond.de<\/a>\n\n<!--- Fin du code source --->\n<\/div>\n\n\n\n<div class=\"wp-block-column is-layout-flow wp-block-column-is-layout-flow\" style=\"flex-basis:25%\">\n<p>Sur la carte stellaire int\u00e9gr\u00e9e, vous pouvez voir une repr\u00e9sentation d\u00e9taill\u00e9e du ciel nocturne tel qu&rsquo;il vous appara\u00eet ce soir. Ce type de carte montre les corps c\u00e9lestes dans une projection circulaire, qui repr\u00e9sente le ciel comme si vous regardiez directement vers le haut.<\/p>\n\n\n\n<h3 class=\"wp-block-heading\"><strong>Orientation dans le ciel \u00e9toil\u00e9<\/strong><\/h3>\n\n\n\n<p>Les points cardinaux tels que le nord (N), l&rsquo;est (E), le sud (S) et l&rsquo;ouest (W) sont indiqu\u00e9s sur les bords de la carte, ce qui vous permet de vous orienter plus facilement dans le ciel. Vous pouvez ainsi d\u00e9terminer rapidement o\u00f9 se trouvent certaines constellations ou plan\u00e8tes en utilisant ces directions comme guide.<\/p>\n\n\n\n<p>Sur la carte du ciel, vous pouvez d\u00e9couvrir les constellations, dont la disposition peut varier au cours de l&rsquo;ann\u00e9e. Elle vous indique \u00e9galement la trajectoire de la lune dans le ciel nocturne et les plan\u00e8tes actuellement visibles dans notre syst\u00e8me solaire. <\/p>\n\n\n\n<p><strong>Avec cette carte dans vos bagages, vous savez d\u00e9sormais o\u00f9 se trouve chaque constellation et pouvez surprendre vos proches !<\/strong><\/p>\n<\/div>\n<\/div>\n\n\n\n<div style=\"height:30px\" aria-hidden=\"true\" class=\"wp-block-spacer\"><\/div>\n\n\n\n<h2 class=\"wp-block-heading\"><strong>La magie du ciel \u00e9toil\u00e9<\/strong><\/h2>\n\n\n\n<div class=\"wp-block-columns is-layout-flex wp-container-core-columns-is-layout-9d6595d7 wp-block-columns-is-layout-flex\">\n<div class=\"wp-block-column is-layout-flow wp-block-column-is-layout-flow\">\n<p>Chaque nuit, nos \u00e9toiles brillent d&rsquo;une nouvelle splendeur. Mais, surtout dans les zones urbaines, la vue des \u00e9toiles est souvent perturb\u00e9e par un ph\u00e9nom\u00e8ne d\u00e9sagr\u00e9able : la <strong><a href=\"https:\/\/weather-radar-live.com\/fr\/pollution-lumineuse\/\">pollution lumineuse<\/a><\/strong>. Les sources lumineuses provenant des lampadaires, des voitures et des b\u00e2timents obscurcissent les d\u00e9tails du ciel nocturne. Si vous voulez d\u00e9couvrir le ciel \u00e9toil\u00e9 dans toute sa splendeur aujourd&rsquo;hui, vous devez donc vous rendre dans des endroits \u00e9loign\u00e9s de la lumi\u00e8re urbaine. Certaines r\u00e9gions proposent m\u00eame des <a href=\"https:\/\/darksky.org\/what-we-do\/international-dark-sky-places\/all-places\/\"><strong> parcs<\/strong><\/a> sp\u00e9ciaux <a href=\"https:\/\/darksky.org\/what-we-do\/international-dark-sky-places\/all-places\/\"><strong>\u00ab\u00a0dark sky\u00a0\u00bb<\/strong><\/a> o\u00f9 vous pouvez observer les \u00e9toiles presque sans \u00eatre d\u00e9rang\u00e9.<\/p>\n\n\n\n<h3 class=\"wp-block-heading\"><strong>Le ciel \u00e9toil\u00e9 aujourd&rsquo;hui : que peut-on voir ?<\/strong><\/h3>\n\n\n\n<p>La disposition des constellations varie selon les saisons. Le ciel d&rsquo;\u00e9t\u00e9, par exemple, pr\u00e9sente l&rsquo;\u00e9tonnante constellation du Scorpion, tandis que le ciel d&rsquo;hiver est domin\u00e9 par Orion et le Grand Chien. <\/p>\n\n\n\n<p>Mais quelle que soit la p\u00e9riode de l&rsquo;ann\u00e9e, il vaut toujours la peine d&rsquo;observer le ciel : m\u00eame \u00e0 l&rsquo;\u0153il nu, vous pouvez voir de nombreuses \u00e9toiles et plan\u00e8tes !<\/p>\n\n\n\n<p>Outre les constellations classiques, des \u00e9v\u00e9nements particuliers tels que les pluies de m\u00e9t\u00e9ores ou la visibilit\u00e9 des plan\u00e8tes offrent des possibilit\u00e9s d&rsquo;observation fascinantes. Les phases de la lune jouent \u00e9galement un r\u00f4le important. Un <strong><a href=\"https:\/\/weather-radar-live.com\/fr\/calendrier-lunaire\/\">calendrier lunaire<\/a><\/strong> vous aidera \u00e0 trouver le moment id\u00e9al pour vos observations du ciel.<\/p>\n\n\n\n<p>Les conditions sont optimales lors de la nouvelle lune, car la lumi\u00e8re de la lune est minimale pendant cette phase et ne g\u00eane donc pas la vision des \u00e9toiles.<\/p>\n<\/div>\n\n\n\n<div class=\"wp-block-column is-layout-flow wp-block-column-is-layout-flow\">\n<figure class=\"wp-block-image size-large shadow-box\"><img loading=\"lazy\" decoding=\"async\" width=\"771\" height=\"1024\" src=\"https:\/\/weather-radar-live.com\/wp-content\/uploads\/2024\/11\/The-starry-sky-over-the-city-with-light-pollution-771x1024.png\" alt=\"Le ciel \u00e9toil\u00e9 au-dessus de la ville avec la pollution lumineuse.\" class=\"wp-image-7813\" srcset=\"https:\/\/weather-radar-live.com\/wp-content\/uploads\/2024\/11\/The-starry-sky-over-the-city-with-light-pollution-771x1024.png 771w, https:\/\/weather-radar-live.com\/wp-content\/uploads\/2024\/11\/The-starry-sky-over-the-city-with-light-pollution-226x300.png 226w, https:\/\/weather-radar-live.com\/wp-content\/uploads\/2024\/11\/The-starry-sky-over-the-city-with-light-pollution-768x1020.png 768w, https:\/\/weather-radar-live.com\/wp-content\/uploads\/2024\/11\/The-starry-sky-over-the-city-with-light-pollution.png 928w\" sizes=\"auto, (max-width: 771px) 100vw, 771px\" \/><\/figure>\n\n\n\n<p class=\"has-small-font-size\">Malheureusement, il ne reste plus grand-chose de notre ciel \u00e9toil\u00e9 dans les zones urbaines ! Mais un petit tour \u00e0 la campagne n&rsquo;a jamais fait de mal \u00e0 personne, n&rsquo;est-ce pas ?<\/p>\n<\/div>\n<\/div>\n\n\n\n<h2 class=\"wp-block-heading\"><strong>Le ciel nocturne entre vos quatre murs : les projecteurs de ciel \u00e9toil\u00e9<\/strong><\/h2>\n\n\n\n<p>Si vous souhaitez profiter du ciel \u00e9toil\u00e9 ind\u00e9pendamment des conditions m\u00e9t\u00e9orologiques ou de la pollution lumineuse, il existe une alternative moderne : les <strong>projecteurs de ciel \u00e9toil\u00e9<\/strong>. Ces appareils pratiques font entrer le ciel nocturne directement dans votre salon. Que vous souhaitiez fasciner les enfants ou vous d\u00e9tendre, un projecteur fait appara\u00eetre le ciel \u00e9toil\u00e9 avec une clart\u00e9 impressionnante.<\/p>\n\n\n\n<p>Les projecteurs de ciel \u00e9toil\u00e9 modernes offrent un niveau de d\u00e9tail \u00e9tonnant. Ils ne se contentent pas de projeter de simples constellations, mais simulent m\u00eame le scintillement des \u00e9toiles ou le mouvement des corps c\u00e9lestes. Certains mod\u00e8les sont si pr\u00e9cis qu&rsquo;ils peuvent afficher la constellation actuelle, ce qui vous permet de d\u00e9couvrir le <strong>ciel \u00e9toil\u00e9<\/strong> chez vous <strong>d\u00e8s aujourd&rsquo;hui<\/strong>.<\/p>\n\n\n\n<p>L&rsquo;utilisation d&rsquo;un projecteur de ciel \u00e9toil\u00e9 n&rsquo;offre pas seulement une d\u00e9tente, mais aussi une composante \u00e9ducative. Pour les enfants en particulier, c&rsquo;est un excellent moyen d&rsquo;en apprendre davantage sur l&rsquo;univers et les diff\u00e9rentes constellations sans avoir \u00e0 attendre la nuit parfaite.<\/p>\n\n\n\n<h2 class=\"wp-block-heading\"><strong>Conseils pour l&rsquo;observation des \u00e9toiles<\/strong><\/h2>\n\n\n\n<p>Pour tirer le meilleur parti de l&rsquo;<strong>observation des \u00e9toiles aujourd&rsquo;hui<\/strong>, vous devez suivre quelques r\u00e8gles de base simples. Tout d&rsquo;abord, il est important de v\u00e9rifier la m\u00e9t\u00e9o : une nuit claire et sans nuages est le meilleur moment pour admirer le ciel dans toute sa splendeur. Si vous vivez dans une grande ville, cherchez un endroit o\u00f9 la pollution lumineuse est la plus faible possible, par exemple un parc proche ou une zone rurale.<\/p>\n\n\n\n<p>Il peut \u00e9galement \u00eatre utile de se renseigner \u00e0 l&rsquo;avance sur les \u00e9v\u00e9nements sp\u00e9ciaux concernant le ciel nocturne. Des outils et des applications en ligne, tels que les calendriers lunaires ou les applications d&rsquo;observation des \u00e9toiles, vous offrent une vue en temps r\u00e9el du ciel et vous indiquent quelles \u00e9toiles, plan\u00e8tes ou satellites sont actuellement visibles. Les cartes stellaires, analogiques ou num\u00e9riques, vous aident \u00e9galement \u00e0 garder une vue d&rsquo;ensemble et \u00e0 rechercher de mani\u00e8re cibl\u00e9e des corps c\u00e9lestes particuliers.<\/p>\n","protected":false},"excerpt":{"rendered":"<p>Le ciel \u00e9toil\u00e9 Le ciel \u00e9toil\u00e9 fascine les hommes depuis des milliers d&rsquo;ann\u00e9es. La clart\u00e9 du ciel nocturne offre non seulement des vues impressionnantes sur les \u00e9toiles, les plan\u00e8tes et les galaxies, mais \u00e9veille \u00e9galement la curiosit\u00e9 sur les secrets de l&rsquo;univers. Mais \u00e0 quoi ressemble le ciel \u00e9toil\u00e9 aujourd&rsquo;hui et que peut-on y d\u00e9couvrir &#8230; <a title=\"Ciel \u00e9toil\u00e9\" class=\"read-more\" href=\"https:\/\/weather-radar-live.com\/fr\/ciel-etoile\/\" aria-label=\"En savoir plus sur Ciel \u00e9toil\u00e9\">Lire la suite<\/a><\/p>\n","protected":false},"author":1,"featured_media":0,"parent":0,"menu_order":0,"comment_status":"closed","ping_status":"closed","template":"","meta":{"footnotes":""},"class_list":["post-8005","page","type-page","status-publish"],"yoast_head":"<!-- This site is optimized with the Yoast SEO plugin v27.4 - https:\/\/yoast.com\/product\/yoast-seo-wordpress\/ -->\n<title>D\u00e9couvrir le ciel \u00e9toil\u00e9 aujourd&#039;hui ! \u2728<\/title>\n<meta name=\"description\" content=\"D\u00e9couvre avec nous le ciel \u00e9toil\u00e9 d&#039;aujourd&#039;hui ? Quelles constellations sont visibles aujourd&#039;hui et o\u00f9 ? \ud83e\udd81\ud83e\udddc\u200d\u2642\ufe0f\ud83e\udd80\" \/>\n<meta name=\"robots\" content=\"index, follow, max-snippet:-1, max-image-preview:large, max-video-preview:-1\" \/>\n<link rel=\"canonical\" href=\"https:\/\/weather-radar-live.com\/fr\/ciel-etoile\/\" \/>\n<meta property=\"og:locale\" content=\"fr_FR\" \/>\n<meta property=\"og:type\" content=\"article\" \/>\n<meta property=\"og:title\" content=\"D\u00e9couvrir le ciel \u00e9toil\u00e9 aujourd&#039;hui ! \u2728\" \/>\n<meta property=\"og:description\" content=\"D\u00e9couvre avec nous le ciel \u00e9toil\u00e9 d&#039;aujourd&#039;hui ? Quelles constellations sont visibles aujourd&#039;hui et o\u00f9 ? \ud83e\udd81\ud83e\udddc\u200d\u2642\ufe0f\ud83e\udd80\" \/>\n<meta property=\"og:url\" content=\"https:\/\/weather-radar-live.com\/fr\/ciel-etoile\/\" \/>\n<meta property=\"og:site_name\" content=\"weather-radar-live.com\" \/>\n<meta property=\"article:modified_time\" content=\"2024-11-30T18:32:08+00:00\" \/>\n<meta property=\"og:image\" content=\"https:\/\/www.der-mond.de\/feature\/sternenhimmel.php?version=1&karten=3&ueberschrift=Ciel+etoile+aujourdhui+en+France&schriftschnitt=0&beschriftung_sternkarte=1&schriftart=Roboto&schriftgroesse=12&groesse=1980&spalten=1&trans=1&grafikformat=1&scro=0&scgr=0&scbl=0&hiro=255&higr=255&hibl=255&lang=fr&grafik=1\" \/>\n<meta name=\"twitter:card\" content=\"summary_large_image\" \/>\n<meta name=\"twitter:label1\" content=\"Dur\u00e9e de lecture estim\u00e9e\" \/>\n\t<meta name=\"twitter:data1\" content=\"5 minutes\" \/>\n<script type=\"application\/ld+json\" class=\"yoast-schema-graph\">{\"@context\":\"https:\\\/\\\/schema.org\",\"@graph\":[{\"@type\":\"WebPage\",\"@id\":\"https:\\\/\\\/weather-radar-live.com\\\/fr\\\/ciel-etoile\\\/\",\"url\":\"https:\\\/\\\/weather-radar-live.com\\\/fr\\\/ciel-etoile\\\/\",\"name\":\"D\u00e9couvrir le ciel \u00e9toil\u00e9 aujourd'hui ! \u2728\",\"isPartOf\":{\"@id\":\"https:\\\/\\\/weather-radar-live.com\\\/#website\"},\"primaryImageOfPage\":{\"@id\":\"https:\\\/\\\/weather-radar-live.com\\\/fr\\\/ciel-etoile\\\/#primaryimage\"},\"image\":{\"@id\":\"https:\\\/\\\/weather-radar-live.com\\\/fr\\\/ciel-etoile\\\/#primaryimage\"},\"thumbnailUrl\":\"https:\\\/\\\/www.der-mond.de\\\/feature\\\/sternenhimmel.php?version=1&karten=3&ueberschrift=Ciel+etoile+aujourdhui+en+France&schriftschnitt=0&beschriftung_sternkarte=1&schriftart=Roboto&schriftgroesse=12&groesse=1980&spalten=1&trans=1&grafikformat=1&scro=0&scgr=0&scbl=0&hiro=255&higr=255&hibl=255&lang=fr&grafik=1\",\"datePublished\":\"2024-11-30T18:14:31+00:00\",\"dateModified\":\"2024-11-30T18:32:08+00:00\",\"description\":\"D\u00e9couvre avec nous le ciel \u00e9toil\u00e9 d'aujourd'hui ? Quelles constellations sont visibles aujourd'hui et o\u00f9 ? \ud83e\udd81\ud83e\udddc\u200d\u2642\ufe0f\ud83e\udd80\",\"breadcrumb\":{\"@id\":\"https:\\\/\\\/weather-radar-live.com\\\/fr\\\/ciel-etoile\\\/#breadcrumb\"},\"inLanguage\":\"fr-FR\",\"potentialAction\":[{\"@type\":\"ReadAction\",\"target\":[\"https:\\\/\\\/weather-radar-live.com\\\/fr\\\/ciel-etoile\\\/\"]}]},{\"@type\":\"ImageObject\",\"inLanguage\":\"fr-FR\",\"@id\":\"https:\\\/\\\/weather-radar-live.com\\\/fr\\\/ciel-etoile\\\/#primaryimage\",\"url\":\"https:\\\/\\\/www.der-mond.de\\\/feature\\\/sternenhimmel.php?version=1&karten=3&ueberschrift=Ciel+etoile+aujourdhui+en+France&schriftschnitt=0&beschriftung_sternkarte=1&schriftart=Roboto&schriftgroesse=12&groesse=1980&spalten=1&trans=1&grafikformat=1&scro=0&scgr=0&scbl=0&hiro=255&higr=255&hibl=255&lang=fr&grafik=1\",\"contentUrl\":\"https:\\\/\\\/www.der-mond.de\\\/feature\\\/sternenhimmel.php?version=1&karten=3&ueberschrift=Ciel+etoile+aujourdhui+en+France&schriftschnitt=0&beschriftung_sternkarte=1&schriftart=Roboto&schriftgroesse=12&groesse=1980&spalten=1&trans=1&grafikformat=1&scro=0&scgr=0&scbl=0&hiro=255&higr=255&hibl=255&lang=fr&grafik=1\"},{\"@type\":\"BreadcrumbList\",\"@id\":\"https:\\\/\\\/weather-radar-live.com\\\/fr\\\/ciel-etoile\\\/#breadcrumb\",\"itemListElement\":[{\"@type\":\"ListItem\",\"position\":1,\"name\":\"Weather Radar Live\",\"item\":\"https:\\\/\\\/weather-radar-live.com\\\/fr\\\/\"},{\"@type\":\"ListItem\",\"position\":2,\"name\":\"Ciel \u00e9toil\u00e9\"}]},{\"@type\":\"WebSite\",\"@id\":\"https:\\\/\\\/weather-radar-live.com\\\/#website\",\"url\":\"https:\\\/\\\/weather-radar-live.com\\\/\",\"name\":\"weather-radar-live.com\",\"description\":\"Your weather and sky radar.\",\"publisher\":{\"@id\":\"https:\\\/\\\/weather-radar-live.com\\\/#organization\"},\"potentialAction\":[{\"@type\":\"SearchAction\",\"target\":{\"@type\":\"EntryPoint\",\"urlTemplate\":\"https:\\\/\\\/weather-radar-live.com\\\/?s={search_term_string}\"},\"query-input\":{\"@type\":\"PropertyValueSpecification\",\"valueRequired\":true,\"valueName\":\"search_term_string\"}}],\"inLanguage\":\"fr-FR\"},{\"@type\":\"Organization\",\"@id\":\"https:\\\/\\\/weather-radar-live.com\\\/#organization\",\"name\":\"weather-radar-live.com\",\"url\":\"https:\\\/\\\/weather-radar-live.com\\\/\",\"logo\":{\"@type\":\"ImageObject\",\"inLanguage\":\"fr-FR\",\"@id\":\"https:\\\/\\\/weather-radar-live.com\\\/#\\\/schema\\\/logo\\\/image\\\/\",\"url\":\"https:\\\/\\\/weather-radar-live.com\\\/wp-content\\\/uploads\\\/2022\\\/03\\\/cropped-WRL2503.png\",\"contentUrl\":\"https:\\\/\\\/weather-radar-live.com\\\/wp-content\\\/uploads\\\/2022\\\/03\\\/cropped-WRL2503.png\",\"width\":1920,\"height\":555,\"caption\":\"weather-radar-live.com\"},\"image\":{\"@id\":\"https:\\\/\\\/weather-radar-live.com\\\/#\\\/schema\\\/logo\\\/image\\\/\"}}]}<\/script>\n<!-- \/ Yoast SEO plugin. -->","yoast_head_json":{"title":"D\u00e9couvrir le ciel \u00e9toil\u00e9 aujourd'hui ! \u2728","description":"D\u00e9couvre avec nous le ciel \u00e9toil\u00e9 d'aujourd'hui ? Quelles constellations sont visibles aujourd'hui et o\u00f9 ? \ud83e\udd81\ud83e\udddc\u200d\u2642\ufe0f\ud83e\udd80","robots":{"index":"index","follow":"follow","max-snippet":"max-snippet:-1","max-image-preview":"max-image-preview:large","max-video-preview":"max-video-preview:-1"},"canonical":"https:\/\/weather-radar-live.com\/fr\/ciel-etoile\/","og_locale":"fr_FR","og_type":"article","og_title":"D\u00e9couvrir le ciel \u00e9toil\u00e9 aujourd'hui ! \u2728","og_description":"D\u00e9couvre avec nous le ciel \u00e9toil\u00e9 d'aujourd'hui ? Quelles constellations sont visibles aujourd'hui et o\u00f9 ? \ud83e\udd81\ud83e\udddc\u200d\u2642\ufe0f\ud83e\udd80","og_url":"https:\/\/weather-radar-live.com\/fr\/ciel-etoile\/","og_site_name":"weather-radar-live.com","article_modified_time":"2024-11-30T18:32:08+00:00","og_image":[{"url":"https:\/\/www.der-mond.de\/feature\/sternenhimmel.php?version=1&karten=3&ueberschrift=Ciel+etoile+aujourdhui+en+France&schriftschnitt=0&beschriftung_sternkarte=1&schriftart=Roboto&schriftgroesse=12&groesse=1980&spalten=1&trans=1&grafikformat=1&scro=0&scgr=0&scbl=0&hiro=255&higr=255&hibl=255&lang=fr&grafik=1","type":"","width":"","height":""}],"twitter_card":"summary_large_image","twitter_misc":{"Dur\u00e9e de lecture estim\u00e9e":"5 minutes"},"schema":{"@context":"https:\/\/schema.org","@graph":[{"@type":"WebPage","@id":"https:\/\/weather-radar-live.com\/fr\/ciel-etoile\/","url":"https:\/\/weather-radar-live.com\/fr\/ciel-etoile\/","name":"D\u00e9couvrir le ciel \u00e9toil\u00e9 aujourd'hui ! \u2728","isPartOf":{"@id":"https:\/\/weather-radar-live.com\/#website"},"primaryImageOfPage":{"@id":"https:\/\/weather-radar-live.com\/fr\/ciel-etoile\/#primaryimage"},"image":{"@id":"https:\/\/weather-radar-live.com\/fr\/ciel-etoile\/#primaryimage"},"thumbnailUrl":"https:\/\/www.der-mond.de\/feature\/sternenhimmel.php?version=1&karten=3&ueberschrift=Ciel+etoile+aujourdhui+en+France&schriftschnitt=0&beschriftung_sternkarte=1&schriftart=Roboto&schriftgroesse=12&groesse=1980&spalten=1&trans=1&grafikformat=1&scro=0&scgr=0&scbl=0&hiro=255&higr=255&hibl=255&lang=fr&grafik=1","datePublished":"2024-11-30T18:14:31+00:00","dateModified":"2024-11-30T18:32:08+00:00","description":"D\u00e9couvre avec nous le ciel \u00e9toil\u00e9 d'aujourd'hui ? Quelles constellations sont visibles aujourd'hui et o\u00f9 ? \ud83e\udd81\ud83e\udddc\u200d\u2642\ufe0f\ud83e\udd80","breadcrumb":{"@id":"https:\/\/weather-radar-live.com\/fr\/ciel-etoile\/#breadcrumb"},"inLanguage":"fr-FR","potentialAction":[{"@type":"ReadAction","target":["https:\/\/weather-radar-live.com\/fr\/ciel-etoile\/"]}]},{"@type":"ImageObject","inLanguage":"fr-FR","@id":"https:\/\/weather-radar-live.com\/fr\/ciel-etoile\/#primaryimage","url":"https:\/\/www.der-mond.de\/feature\/sternenhimmel.php?version=1&karten=3&ueberschrift=Ciel+etoile+aujourdhui+en+France&schriftschnitt=0&beschriftung_sternkarte=1&schriftart=Roboto&schriftgroesse=12&groesse=1980&spalten=1&trans=1&grafikformat=1&scro=0&scgr=0&scbl=0&hiro=255&higr=255&hibl=255&lang=fr&grafik=1","contentUrl":"https:\/\/www.der-mond.de\/feature\/sternenhimmel.php?version=1&karten=3&ueberschrift=Ciel+etoile+aujourdhui+en+France&schriftschnitt=0&beschriftung_sternkarte=1&schriftart=Roboto&schriftgroesse=12&groesse=1980&spalten=1&trans=1&grafikformat=1&scro=0&scgr=0&scbl=0&hiro=255&higr=255&hibl=255&lang=fr&grafik=1"},{"@type":"BreadcrumbList","@id":"https:\/\/weather-radar-live.com\/fr\/ciel-etoile\/#breadcrumb","itemListElement":[{"@type":"ListItem","position":1,"name":"Weather Radar Live","item":"https:\/\/weather-radar-live.com\/fr\/"},{"@type":"ListItem","position":2,"name":"Ciel \u00e9toil\u00e9"}]},{"@type":"WebSite","@id":"https:\/\/weather-radar-live.com\/#website","url":"https:\/\/weather-radar-live.com\/","name":"weather-radar-live.com","description":"Your weather and sky radar.","publisher":{"@id":"https:\/\/weather-radar-live.com\/#organization"},"potentialAction":[{"@type":"SearchAction","target":{"@type":"EntryPoint","urlTemplate":"https:\/\/weather-radar-live.com\/?s={search_term_string}"},"query-input":{"@type":"PropertyValueSpecification","valueRequired":true,"valueName":"search_term_string"}}],"inLanguage":"fr-FR"},{"@type":"Organization","@id":"https:\/\/weather-radar-live.com\/#organization","name":"weather-radar-live.com","url":"https:\/\/weather-radar-live.com\/","logo":{"@type":"ImageObject","inLanguage":"fr-FR","@id":"https:\/\/weather-radar-live.com\/#\/schema\/logo\/image\/","url":"https:\/\/weather-radar-live.com\/wp-content\/uploads\/2022\/03\/cropped-WRL2503.png","contentUrl":"https:\/\/weather-radar-live.com\/wp-content\/uploads\/2022\/03\/cropped-WRL2503.png","width":1920,"height":555,"caption":"weather-radar-live.com"},"image":{"@id":"https:\/\/weather-radar-live.com\/#\/schema\/logo\/image\/"}}]}},"_links":{"self":[{"href":"https:\/\/weather-radar-live.com\/fr\/wp-json\/wp\/v2\/pages\/8005","targetHints":{"allow":["GET"]}}],"collection":[{"href":"https:\/\/weather-radar-live.com\/fr\/wp-json\/wp\/v2\/pages"}],"about":[{"href":"https:\/\/weather-radar-live.com\/fr\/wp-json\/wp\/v2\/types\/page"}],"author":[{"embeddable":true,"href":"https:\/\/weather-radar-live.com\/fr\/wp-json\/wp\/v2\/users\/1"}],"replies":[{"embeddable":true,"href":"https:\/\/weather-radar-live.com\/fr\/wp-json\/wp\/v2\/comments?post=8005"}],"version-history":[{"count":3,"href":"https:\/\/weather-radar-live.com\/fr\/wp-json\/wp\/v2\/pages\/8005\/revisions"}],"predecessor-version":[{"id":8024,"href":"https:\/\/weather-radar-live.com\/fr\/wp-json\/wp\/v2\/pages\/8005\/revisions\/8024"}],"wp:attachment":[{"href":"https:\/\/weather-radar-live.com\/fr\/wp-json\/wp\/v2\/media?parent=8005"}],"curies":[{"name":"wp","href":"https:\/\/api.w.org\/{rel}","templated":true}]}}