{"id":7318,"date":"2022-08-25T22:31:50","date_gmt":"2022-08-25T20:31:50","guid":{"rendered":"https:\/\/weather-radar-live.com\/?page_id=7318"},"modified":"2022-08-25T22:33:01","modified_gmt":"2022-08-25T20:33:01","slug":"webcam-arabba","status":"publish","type":"page","link":"https:\/\/weather-radar-live.com\/fr\/webcam\/italie\/webcam-arabba\/","title":{"rendered":"Webcam Arabba"},"content":{"rendered":"<div id=\"weath-3535004297\" class=\"weath-vor-dem-inhalt weath-entity-placement\" style=\"margin-top: 15px;margin-right: 25px;margin-bottom: 40px;margin-left: 25px;\"><script async src=\"\/\/pagead2.googlesyndication.com\/pagead\/js\/adsbygoogle.js?client=ca-pub-8960936133935804\" crossorigin=\"anonymous\"><\/script><ins class=\"adsbygoogle\" style=\"display:block;\" data-ad-client=\"ca-pub-8960936133935804\" \ndata-ad-slot=\"6172817020\" \ndata-ad-format=\"auto\"><\/ins>\n<script> \n(adsbygoogle = window.adsbygoogle || []).push({}); \n<\/script>\n<\/div>\n<div class=\"wp-block-cover alignfull is-light\"><span aria-hidden=\"true\" class=\"wp-block-cover__gradient-background has-background-dim\"><\/span><img decoding=\"async\" class=\"wp-block-cover__image-background wp-image-342\" alt=\"Webcam Arabba\" src=\"https:\/\/weather-radar-live.com\/wp-content\/uploads\/2021\/06\/sam-schooler-E9aetBe2w40-unsplash-e1622554814366.jpg\" data-object-fit=\"cover\"\/><div class=\"wp-block-cover__inner-container is-layout-flow wp-block-cover-is-layout-flow\">\n<h2 class=\"has-text-align-center heading wp-block-heading\" id=\"webcam-fort-mahon\" style=\"font-size:40px;text-transform:uppercase\"><strong><mark style=\"background-color:rgba(0, 0, 0, 0)\" class=\"has-inline-color has-base-3-color\">WEBCAM <\/mark><\/strong><br><strong><mark style=\"background-color:rgba(0, 0, 0, 0)\" class=\"has-inline-color has-base-3-color\">ARABBA<\/mark><\/strong><\/h2>\n<\/div><\/div>\n\n\n<div class=\"yoast-breadcrumbs\"><span><span><a href=\"https:\/\/weather-radar-live.com\/fr\/\">Weather Radar Live<\/a><\/span> \u00bb <span><a href=\"https:\/\/weather-radar-live.com\/fr\/webcam\/\">Webcam<\/a><\/span> \u00bb <span><a href=\"https:\/\/weather-radar-live.com\/fr\/webcam\/italie\/\">Italie<\/a><\/span> \u00bb <span class=\"breadcrumb_last\" aria-current=\"page\"><strong>Webcam Arabba<\/strong><\/span><\/span><\/div>\n\n\n<h2 class=\"has-text-align-center wp-block-heading\" id=\"webcam-fort-mahon\"><strong>Webcam Arabba<\/strong><\/h2>\n\n\n\n<p>Entour\u00e9 des sommets du paysage montagneux d\u00e9sign\u00e9 par l&rsquo;UNESCO comme patrimoine mondial, Arabba, un village de montagne dans la vall\u00e9e de Fodom au milieu des Dolomites, offre des paysages \u00e0 couper le souffle. Des formations rocheuses abruptes, des prairies fleuries, des for\u00eats ombrag\u00e9es et des sommets enneig\u00e9s caract\u00e9risent le paysage alpin. Au pied du massif du Sella et du Col di Lana, une montagne de pr\u00e8s de 2500 m\u00e8tres, Arabba d\u00e9fie le vent et le temps. De l\u00e0, vous pouvez admirer en toute tranquillit\u00e9 la flore et la faune sp\u00e9cifiques de la r\u00e9gion alpine. Vous pouvez suivre la m\u00e9t\u00e9o gr\u00e2ce \u00e0 la webcam Arabba.<\/p>\n\n\n\n<p>Diff\u00e9rents chemins m\u00e8nent \u00e0 travers les for\u00eats, le long des prairies et des ruisseaux ou par des cols vers les sommets. Vous pourrez \u00e9galement rencontrer des marmottes et des cerfs, que l&rsquo;on peut voir ici dans leur habitat naturel. La petite ville de V\u00e9n\u00e9tie et ses environs sont consid\u00e9r\u00e9s comme un paradis pour les amateurs de sport. Que ce soit \u00e0 pied ou \u00e0 v\u00e9lo, Arabba offre de nombreuses occasions de respirer l&rsquo;air des montagnes italiennes. Les Dolomites ne sont pas seulement belles, elles sont un morceau de nature unique.<\/p><div id=\"weath-1789822641\" class=\"weath-inhalt_2 weath-entity-placement\" style=\"margin-top: 15px;margin-right: 25px;margin-bottom: 35px;margin-left: 25px;\"><script async src=\"\/\/pagead2.googlesyndication.com\/pagead\/js\/adsbygoogle.js?client=ca-pub-8960936133935804\" crossorigin=\"anonymous\"><\/script><ins class=\"adsbygoogle\" style=\"display:block;\" data-ad-client=\"ca-pub-8960936133935804\" \ndata-ad-slot=\"1963584050\" \ndata-ad-format=\"auto\"><\/ins>\n<script> \n(adsbygoogle = window.adsbygoogle || []).push({}); \n<\/script>\n<\/div>\n\n\n\n<div class=\"wp-block-columns is-layout-flex wp-container-core-columns-is-layout-9d6595d7 wp-block-columns-is-layout-flex\">\n<div class=\"wp-block-column webcam-column is-layout-flow wp-block-column-is-layout-flow\">\n<h3 class=\"has-text-align-center wp-block-heading\"> \ud83d\udd34 <strong>Webcam<\/strong> <strong><strong><strong>Arabba<\/strong><\/strong><\/strong> &#8211; Marmolada<\/h3>\n\n\n\n<a name=\"windy-webcam-timelapse-player\" data-id=\"1642636249\" data-play=\"day\" href=\"https:\/\/windy.com\/webcams\/1642636249\" target=\"_blank\" rel=\"noopener\">Arabba : Marmolada &#8211; Rifugio Burz<\/a><script async=\"\" type=\"text\/javascript\" src=\"https:\/\/webcams.windy.com\/webcams\/public\/embed\/script\/player.js\"><\/script>\n<\/div>\n\n\n\n<div class=\"wp-block-column webcam-column is-layout-flow wp-block-column-is-layout-flow\">\n<h3 class=\"has-text-align-center wp-block-heading\"> \ud83d\udd34 <strong>Webcam <strong><strong>Arabba<\/strong><\/strong><\/strong> &#8211; Marmolada II<\/h3>\n\n\n\n<a name=\"windy-webcam-timelapse-player\" data-id=\"1642636262\" data-play=\"day\" href=\"https:\/\/windy.com\/webcams\/1642636262\" target=\"_blank\" rel=\"noopener\">Arabba : Marmolada &#8211; Rifugio Burz<\/a><script async=\"\" type=\"text\/javascript\" src=\"https:\/\/webcams.windy.com\/webcams\/public\/embed\/script\/player.js\"><\/script>\n<\/div>\n<\/div>\n\n\n\n<div class=\"wp-block-columns is-layout-flex wp-container-core-columns-is-layout-9d6595d7 wp-block-columns-is-layout-flex\">\n<div class=\"wp-block-column webcam-column is-layout-flow wp-block-column-is-layout-flow\">\n<h3 class=\"has-text-align-center wp-block-heading\"> \ud83d\udd34 <strong>Webcam<\/strong> <strong>Arabba<\/strong> &#8211; Marmolada III<\/h3>\n\n\n\n<a name=\"windy-webcam-timelapse-player\" data-id=\"1642636309\" data-play=\"day\" href=\"https:\/\/windy.com\/webcams\/1642636309\" target=\"_blank\" rel=\"noopener\">Arabba : Marmolada &#8211; Rifugio Burz<\/a><script async=\"\" type=\"text\/javascript\" src=\"https:\/\/webcams.windy.com\/webcams\/public\/embed\/script\/player.js\"><\/script>\n<\/div>\n\n\n\n<div class=\"wp-block-column webcam-column is-layout-flow wp-block-column-is-layout-flow\">\n<h3 class=\"has-text-align-center wp-block-heading\"> \ud83d\udd34 <strong>Webcam<\/strong> <strong>Arabba<\/strong> &#8211; Marmolada IV<\/h3>\n\n\n\n<a name=\"windy-webcam-timelapse-player\" data-id=\"1642636256\" data-play=\"day\" href=\"https:\/\/windy.com\/webcams\/1642636256\" target=\"_blank\" rel=\"noopener\">Arabba : Marmolada &#8211; Rifugio Burz<\/a><script async=\"\" type=\"text\/javascript\" src=\"https:\/\/webcams.windy.com\/webcams\/public\/embed\/script\/player.js\"><\/script>\n<\/div>\n<\/div>\n\n\n\n<div class=\"wp-block-columns is-layout-flex wp-container-core-columns-is-layout-9d6595d7 wp-block-columns-is-layout-flex\">\n<div class=\"wp-block-column webcam-column is-layout-flow wp-block-column-is-layout-flow\">\n<h3 class=\"has-text-align-center wp-block-heading\"> \ud83d\udd34 <strong>Webcam<\/strong> <strong>Arabba<\/strong> &#8211; Livinallongo del Col di Lana<\/h3>\n\n\n\n<a name=\"windy-webcam-timelapse-player\" data-id=\"1649951262\" data-play=\"day\" href=\"https:\/\/windy.com\/webcams\/1649951262\" target=\"_blank\" rel=\"noopener\">Livinallongo del Col di Lana<\/a><script async=\"\" type=\"text\/javascript\" src=\"https:\/\/webcams.windy.com\/webcams\/public\/embed\/script\/player.js\"><\/script>\n<\/div>\n\n\n\n<div class=\"wp-block-column webcam-column is-layout-flow wp-block-column-is-layout-flow\">\n<h3 class=\"has-text-align-center wp-block-heading\"> \ud83d\udd34 <strong>Webcam <strong><strong>Arabba<\/strong><\/strong><\/strong> <strong> <\/strong> &#8211; Porta Vescovo<\/h3>\n\n\n\n<a name=\"windy-webcam-timelapse-player\" data-id=\"1592498036\" data-play=\"day\" href=\"https:\/\/windy.com\/webcams\/1592498036\" target=\"_blank\" rel=\"noopener\">Snowboard : Arabba &#8211; Porta Vescovo<\/a><script async=\"\" type=\"text\/javascript\" src=\"https:\/\/webcams.windy.com\/webcams\/public\/embed\/script\/player.js\"><\/script>\n<\/div>\n<\/div>\n\n\n\n<h2 class=\"wp-block-heading\" id=\"fort-mahon-today\"><strong>Radar m\u00e9t\u00e9o Arabba &#8211; Le temps \u00e0 Arabba<\/strong><\/h2>\n\n\n\n<p>Une visite dans les Dolomites peut heureusement \u00eatre accompagn\u00e9e d&rsquo;un temps instable. Pour vous assurer que vous pouvez voyager en toute s\u00e9curit\u00e9 pendant votre s\u00e9jour, consultez \u00e0 tout moment la webcam d&rsquo;Arabba et le radar m\u00e9t\u00e9o correspondant pour conna\u00eetre les conditions m\u00e9t\u00e9orologiques actuelles dans le village de montagne. Vous pouvez voir sur la coloration o\u00f9 le soleil brille en ce moment m\u00eame ou bien o\u00f9 des pr\u00e9cipitations sont \u00e0 pr\u00e9voir dans l&rsquo;heure ou les deux prochaines heures. Le rouge et le violet indiquent de fortes pr\u00e9cipitations, tandis que les teintes bleues et jaunes repr\u00e9sentent de faibles quantit\u00e9s de pluie.<\/p>\n\n\n\n<div class=\"wp-block-columns is-layout-flex wp-container-core-columns-is-layout-9d6595d7 wp-block-columns-is-layout-flex\">\n<div class=\"wp-block-column is-layout-flow wp-block-column-is-layout-flow\" style=\"flex-basis:75%\">\n<iframe loading=\"lazy\" width=\"1300\" height=\"502\" src=\"https:\/\/embed.windy.com\/embed2.html?lat=46.497&amp;lon=11.824&amp;detailLat=46.497&amp;detailLon=11.824&amp;width=1300&amp;height=502&amp;zoom=11&amp;level=surface&amp;overlay=rain&amp;product=ecmwf&amp;menu=&amp;message=&amp;marker=&amp;calendar=now&amp;pressure=&amp;type=map&amp;location=coordinates&amp;detail=&amp;metricWind=default&amp;metricTemp=default&amp;radarRange=-1\" frameborder=\"0\"><\/iframe>\n<\/div>\n\n\n\n<div class=\"wp-block-column is-layout-flow wp-block-column-is-layout-flow\" style=\"flex-basis:25%\">\n<a class=\"weatherwidget-io\" href=\"https:\/\/forecast7.com\/fr\/46d5011d87\/arabba\/\" data-label_1=\"ARABBA\" data-theme=\"original\" >ARABBA<\/a>\n<script>\n!function(d,s,id){var js,fjs=d.getElementsByTagName(s)[0];if(!d.getElementById(id)){js=d.createElement(s);js.id=id;js.src='https:\/\/weatherwidget.io\/js\/widget.min.js';fjs.parentNode.insertBefore(js,fjs);}}(document,'script','weatherwidget-io-js');\n<\/script>\n<\/div>\n<\/div>\n\n\n\n<h2 class=\"wp-block-heading\" id=\"fort-mahon-weather\"><strong>Le climat \u00e0 Arabba<\/strong><\/h2>\n\n\n\n<p>Arabba est situ\u00e9e dans le nord de l&rsquo;Italie et appartient \u00e0 la zone climatique des Latitudes moyennes. Le mois le plus chaud est juillet, o\u00f9 les temp\u00e9ratures diurnes atteignent 29 \u00b0Celsius. Le mois le plus froid est janvier, avec des temp\u00e9ratures journali\u00e8res d&rsquo;environ 6 \u00b0Celsius. La temp\u00e9rature annuelle moyenne est de 18 \u00b0Celsius. La v\u00e9g\u00e9tation de cette zone climatique est semi-annuelle, avec des for\u00eats \u00e0 feuilles caduques et mixtes. Au printemps, les plantes poussent fra\u00eechement. En automne, une d\u00e9coloration typique du feuillage et la chute des feuilles apparaissent.<\/p>\n\n\n\n<h2 class=\"wp-block-heading\"><strong>Attractions \u00e0 Arabba<\/strong><\/h2>\n\n\n\n<p>Arabba vaut la peine d&rsquo;\u00eatre visit\u00e9e \u00e0 tout moment de l&rsquo;ann\u00e9e. En \u00e9t\u00e9, les activit\u00e9s telles que la randonn\u00e9e, l&rsquo;escalade, la course en montagne ou les excursions en VTT dans les Dolomites sont invitantes. Des visites guid\u00e9es sont propos\u00e9es, notamment dans les zones difficiles. En hiver, vous pouvez faire du ski et du snowboard, faire des raquettes ou de l&rsquo;escalade sur glace. Des \u00e9v\u00e9nements ont \u00e9galement lieu tout au long de l&rsquo;ann\u00e9e. Planifiez votre visite avec une vue sur la m\u00e9t\u00e9o via la webcam d&rsquo;Arabba. Le ch\u00e2teau d&rsquo;Andraz, le mus\u00e9e Ladin, les m\u00e9moriaux, les \u00e9glises et les chapelles, le vieux moulin, le mus\u00e9e et le m\u00e9morial du col de Pordoi sont des curiosit\u00e9s tr\u00e8s particuli\u00e8res de la r\u00e9gion.<\/p>\n","protected":false},"excerpt":{"rendered":"<p>Webcam Arabba Entour\u00e9 des sommets du paysage montagneux d\u00e9sign\u00e9 par l&rsquo;UNESCO comme patrimoine mondial, Arabba, un village de montagne dans la vall\u00e9e de Fodom au milieu des Dolomites, offre des paysages \u00e0 couper le souffle. Des formations rocheuses abruptes, des prairies fleuries, des for\u00eats ombrag\u00e9es et des sommets enneig\u00e9s caract\u00e9risent le paysage alpin. Au pied &#8230; <a title=\"Webcam Arabba\" class=\"read-more\" href=\"https:\/\/weather-radar-live.com\/fr\/webcam\/italie\/webcam-arabba\/\" aria-label=\"En savoir plus sur Webcam Arabba\">Lire la suite<\/a><\/p>\n","protected":false},"author":1,"featured_media":7267,"parent":4309,"menu_order":0,"comment_status":"closed","ping_status":"closed","template":"","meta":{"footnotes":""},"class_list":["post-7318","page","type-page","status-publish","has-post-thumbnail"],"yoast_head":"<!-- This site is optimized with the Yoast SEO plugin v27.3 - https:\/\/yoast.com\/product\/yoast-seo-wordpress\/ -->\n<title>Webcam Arabba \u2192 Regardez-le en direct !<\/title>\n<meta name=\"description\" content=\"Webcam Arabba | Livecam de Arabba ! \u2705 Mis \u00e0 jour pour vous en temps r\u00e9el ! \u2705 Pr\u00e9visions m\u00e9t\u00e9orologiques actuelles !\" \/>\n<meta name=\"robots\" content=\"index, follow, max-snippet:-1, max-image-preview:large, max-video-preview:-1\" \/>\n<link rel=\"canonical\" href=\"https:\/\/weather-radar-live.com\/fr\/webcam\/italie\/webcam-arabba\/\" \/>\n<meta property=\"og:locale\" content=\"fr_FR\" \/>\n<meta property=\"og:type\" content=\"article\" \/>\n<meta property=\"og:title\" content=\"Webcam Arabba \u2192 Regardez-le en direct !\" \/>\n<meta property=\"og:description\" content=\"Webcam Arabba | Livecam de Arabba ! \u2705 Mis \u00e0 jour pour vous en temps r\u00e9el ! \u2705 Pr\u00e9visions m\u00e9t\u00e9orologiques actuelles !\" \/>\n<meta property=\"og:url\" content=\"https:\/\/weather-radar-live.com\/fr\/webcam\/italie\/webcam-arabba\/\" \/>\n<meta property=\"og:site_name\" content=\"weather-radar-live.com\" \/>\n<meta property=\"article:modified_time\" content=\"2022-08-25T20:33:01+00:00\" \/>\n<meta property=\"og:image\" content=\"https:\/\/weather-radar-live.com\/wp-content\/uploads\/2022\/08\/Webcam-Arabba-e1661450448547.jpg\" \/>\n\t<meta property=\"og:image:width\" content=\"1910\" \/>\n\t<meta property=\"og:image:height\" content=\"844\" \/>\n\t<meta property=\"og:image:type\" content=\"image\/jpeg\" \/>\n<meta name=\"twitter:card\" content=\"summary_large_image\" \/>\n<meta name=\"twitter:label1\" content=\"Dur\u00e9e de lecture estim\u00e9e\" \/>\n\t<meta name=\"twitter:data1\" content=\"3 minutes\" \/>\n<script type=\"application\/ld+json\" class=\"yoast-schema-graph\">{\"@context\":\"https:\\\/\\\/schema.org\",\"@graph\":[{\"@type\":\"WebPage\",\"@id\":\"https:\\\/\\\/weather-radar-live.com\\\/fr\\\/webcam\\\/italie\\\/webcam-arabba\\\/\",\"url\":\"https:\\\/\\\/weather-radar-live.com\\\/fr\\\/webcam\\\/italie\\\/webcam-arabba\\\/\",\"name\":\"Webcam Arabba \u2192 Regardez-le en direct !\",\"isPartOf\":{\"@id\":\"https:\\\/\\\/weather-radar-live.com\\\/#website\"},\"primaryImageOfPage\":{\"@id\":\"https:\\\/\\\/weather-radar-live.com\\\/fr\\\/webcam\\\/italie\\\/webcam-arabba\\\/#primaryimage\"},\"image\":{\"@id\":\"https:\\\/\\\/weather-radar-live.com\\\/fr\\\/webcam\\\/italie\\\/webcam-arabba\\\/#primaryimage\"},\"thumbnailUrl\":\"https:\\\/\\\/weather-radar-live.com\\\/wp-content\\\/uploads\\\/2022\\\/08\\\/Webcam-Arabba-e1661450448547.jpg\",\"datePublished\":\"2022-08-25T20:31:50+00:00\",\"dateModified\":\"2022-08-25T20:33:01+00:00\",\"description\":\"Webcam Arabba | Livecam de Arabba ! \u2705 Mis \u00e0 jour pour vous en temps r\u00e9el ! \u2705 Pr\u00e9visions m\u00e9t\u00e9orologiques actuelles !\",\"breadcrumb\":{\"@id\":\"https:\\\/\\\/weather-radar-live.com\\\/fr\\\/webcam\\\/italie\\\/webcam-arabba\\\/#breadcrumb\"},\"inLanguage\":\"fr-FR\",\"potentialAction\":[{\"@type\":\"ReadAction\",\"target\":[\"https:\\\/\\\/weather-radar-live.com\\\/fr\\\/webcam\\\/italie\\\/webcam-arabba\\\/\"]}]},{\"@type\":\"ImageObject\",\"inLanguage\":\"fr-FR\",\"@id\":\"https:\\\/\\\/weather-radar-live.com\\\/fr\\\/webcam\\\/italie\\\/webcam-arabba\\\/#primaryimage\",\"url\":\"https:\\\/\\\/weather-radar-live.com\\\/wp-content\\\/uploads\\\/2022\\\/08\\\/Webcam-Arabba-e1661450448547.jpg\",\"contentUrl\":\"https:\\\/\\\/weather-radar-live.com\\\/wp-content\\\/uploads\\\/2022\\\/08\\\/Webcam-Arabba-e1661450448547.jpg\",\"width\":1910,\"height\":844,\"caption\":\"Webcam Arabba\"},{\"@type\":\"BreadcrumbList\",\"@id\":\"https:\\\/\\\/weather-radar-live.com\\\/fr\\\/webcam\\\/italie\\\/webcam-arabba\\\/#breadcrumb\",\"itemListElement\":[{\"@type\":\"ListItem\",\"position\":1,\"name\":\"Weather Radar Live\",\"item\":\"https:\\\/\\\/weather-radar-live.com\\\/fr\\\/\"},{\"@type\":\"ListItem\",\"position\":2,\"name\":\"Webcam\",\"item\":\"https:\\\/\\\/weather-radar-live.com\\\/fr\\\/webcam\\\/\"},{\"@type\":\"ListItem\",\"position\":3,\"name\":\"Italie\",\"item\":\"https:\\\/\\\/weather-radar-live.com\\\/fr\\\/webcam\\\/italie\\\/\"},{\"@type\":\"ListItem\",\"position\":4,\"name\":\"Webcam Arabba\"}]},{\"@type\":\"WebSite\",\"@id\":\"https:\\\/\\\/weather-radar-live.com\\\/#website\",\"url\":\"https:\\\/\\\/weather-radar-live.com\\\/\",\"name\":\"weather-radar-live.com\",\"description\":\"Your weather and sky radar.\",\"publisher\":{\"@id\":\"https:\\\/\\\/weather-radar-live.com\\\/#organization\"},\"potentialAction\":[{\"@type\":\"SearchAction\",\"target\":{\"@type\":\"EntryPoint\",\"urlTemplate\":\"https:\\\/\\\/weather-radar-live.com\\\/?s={search_term_string}\"},\"query-input\":{\"@type\":\"PropertyValueSpecification\",\"valueRequired\":true,\"valueName\":\"search_term_string\"}}],\"inLanguage\":\"fr-FR\"},{\"@type\":\"Organization\",\"@id\":\"https:\\\/\\\/weather-radar-live.com\\\/#organization\",\"name\":\"weather-radar-live.com\",\"url\":\"https:\\\/\\\/weather-radar-live.com\\\/\",\"logo\":{\"@type\":\"ImageObject\",\"inLanguage\":\"fr-FR\",\"@id\":\"https:\\\/\\\/weather-radar-live.com\\\/#\\\/schema\\\/logo\\\/image\\\/\",\"url\":\"https:\\\/\\\/weather-radar-live.com\\\/wp-content\\\/uploads\\\/2022\\\/03\\\/cropped-WRL2503.png\",\"contentUrl\":\"https:\\\/\\\/weather-radar-live.com\\\/wp-content\\\/uploads\\\/2022\\\/03\\\/cropped-WRL2503.png\",\"width\":1920,\"height\":555,\"caption\":\"weather-radar-live.com\"},\"image\":{\"@id\":\"https:\\\/\\\/weather-radar-live.com\\\/#\\\/schema\\\/logo\\\/image\\\/\"}}]}<\/script>\n<!-- \/ Yoast SEO plugin. -->","yoast_head_json":{"title":"Webcam Arabba \u2192 Regardez-le en direct !","description":"Webcam Arabba | Livecam de Arabba ! \u2705 Mis \u00e0 jour pour vous en temps r\u00e9el ! \u2705 Pr\u00e9visions m\u00e9t\u00e9orologiques actuelles !","robots":{"index":"index","follow":"follow","max-snippet":"max-snippet:-1","max-image-preview":"max-image-preview:large","max-video-preview":"max-video-preview:-1"},"canonical":"https:\/\/weather-radar-live.com\/fr\/webcam\/italie\/webcam-arabba\/","og_locale":"fr_FR","og_type":"article","og_title":"Webcam Arabba \u2192 Regardez-le en direct !","og_description":"Webcam Arabba | Livecam de Arabba ! \u2705 Mis \u00e0 jour pour vous en temps r\u00e9el ! \u2705 Pr\u00e9visions m\u00e9t\u00e9orologiques actuelles !","og_url":"https:\/\/weather-radar-live.com\/fr\/webcam\/italie\/webcam-arabba\/","og_site_name":"weather-radar-live.com","article_modified_time":"2022-08-25T20:33:01+00:00","og_image":[{"width":1910,"height":844,"url":"https:\/\/weather-radar-live.com\/wp-content\/uploads\/2022\/08\/Webcam-Arabba-e1661450448547.jpg","type":"image\/jpeg"}],"twitter_card":"summary_large_image","twitter_misc":{"Dur\u00e9e de lecture estim\u00e9e":"3 minutes"},"schema":{"@context":"https:\/\/schema.org","@graph":[{"@type":"WebPage","@id":"https:\/\/weather-radar-live.com\/fr\/webcam\/italie\/webcam-arabba\/","url":"https:\/\/weather-radar-live.com\/fr\/webcam\/italie\/webcam-arabba\/","name":"Webcam Arabba \u2192 Regardez-le en direct !","isPartOf":{"@id":"https:\/\/weather-radar-live.com\/#website"},"primaryImageOfPage":{"@id":"https:\/\/weather-radar-live.com\/fr\/webcam\/italie\/webcam-arabba\/#primaryimage"},"image":{"@id":"https:\/\/weather-radar-live.com\/fr\/webcam\/italie\/webcam-arabba\/#primaryimage"},"thumbnailUrl":"https:\/\/weather-radar-live.com\/wp-content\/uploads\/2022\/08\/Webcam-Arabba-e1661450448547.jpg","datePublished":"2022-08-25T20:31:50+00:00","dateModified":"2022-08-25T20:33:01+00:00","description":"Webcam Arabba | Livecam de Arabba ! \u2705 Mis \u00e0 jour pour vous en temps r\u00e9el ! \u2705 Pr\u00e9visions m\u00e9t\u00e9orologiques actuelles !","breadcrumb":{"@id":"https:\/\/weather-radar-live.com\/fr\/webcam\/italie\/webcam-arabba\/#breadcrumb"},"inLanguage":"fr-FR","potentialAction":[{"@type":"ReadAction","target":["https:\/\/weather-radar-live.com\/fr\/webcam\/italie\/webcam-arabba\/"]}]},{"@type":"ImageObject","inLanguage":"fr-FR","@id":"https:\/\/weather-radar-live.com\/fr\/webcam\/italie\/webcam-arabba\/#primaryimage","url":"https:\/\/weather-radar-live.com\/wp-content\/uploads\/2022\/08\/Webcam-Arabba-e1661450448547.jpg","contentUrl":"https:\/\/weather-radar-live.com\/wp-content\/uploads\/2022\/08\/Webcam-Arabba-e1661450448547.jpg","width":1910,"height":844,"caption":"Webcam Arabba"},{"@type":"BreadcrumbList","@id":"https:\/\/weather-radar-live.com\/fr\/webcam\/italie\/webcam-arabba\/#breadcrumb","itemListElement":[{"@type":"ListItem","position":1,"name":"Weather Radar Live","item":"https:\/\/weather-radar-live.com\/fr\/"},{"@type":"ListItem","position":2,"name":"Webcam","item":"https:\/\/weather-radar-live.com\/fr\/webcam\/"},{"@type":"ListItem","position":3,"name":"Italie","item":"https:\/\/weather-radar-live.com\/fr\/webcam\/italie\/"},{"@type":"ListItem","position":4,"name":"Webcam Arabba"}]},{"@type":"WebSite","@id":"https:\/\/weather-radar-live.com\/#website","url":"https:\/\/weather-radar-live.com\/","name":"weather-radar-live.com","description":"Your weather and sky radar.","publisher":{"@id":"https:\/\/weather-radar-live.com\/#organization"},"potentialAction":[{"@type":"SearchAction","target":{"@type":"EntryPoint","urlTemplate":"https:\/\/weather-radar-live.com\/?s={search_term_string}"},"query-input":{"@type":"PropertyValueSpecification","valueRequired":true,"valueName":"search_term_string"}}],"inLanguage":"fr-FR"},{"@type":"Organization","@id":"https:\/\/weather-radar-live.com\/#organization","name":"weather-radar-live.com","url":"https:\/\/weather-radar-live.com\/","logo":{"@type":"ImageObject","inLanguage":"fr-FR","@id":"https:\/\/weather-radar-live.com\/#\/schema\/logo\/image\/","url":"https:\/\/weather-radar-live.com\/wp-content\/uploads\/2022\/03\/cropped-WRL2503.png","contentUrl":"https:\/\/weather-radar-live.com\/wp-content\/uploads\/2022\/03\/cropped-WRL2503.png","width":1920,"height":555,"caption":"weather-radar-live.com"},"image":{"@id":"https:\/\/weather-radar-live.com\/#\/schema\/logo\/image\/"}}]}},"_links":{"self":[{"href":"https:\/\/weather-radar-live.com\/fr\/wp-json\/wp\/v2\/pages\/7318","targetHints":{"allow":["GET"]}}],"collection":[{"href":"https:\/\/weather-radar-live.com\/fr\/wp-json\/wp\/v2\/pages"}],"about":[{"href":"https:\/\/weather-radar-live.com\/fr\/wp-json\/wp\/v2\/types\/page"}],"author":[{"embeddable":true,"href":"https:\/\/weather-radar-live.com\/fr\/wp-json\/wp\/v2\/users\/1"}],"replies":[{"embeddable":true,"href":"https:\/\/weather-radar-live.com\/fr\/wp-json\/wp\/v2\/comments?post=7318"}],"version-history":[{"count":2,"href":"https:\/\/weather-radar-live.com\/fr\/wp-json\/wp\/v2\/pages\/7318\/revisions"}],"predecessor-version":[{"id":7341,"href":"https:\/\/weather-radar-live.com\/fr\/wp-json\/wp\/v2\/pages\/7318\/revisions\/7341"}],"up":[{"embeddable":true,"href":"https:\/\/weather-radar-live.com\/fr\/wp-json\/wp\/v2\/pages\/4309"}],"wp:featuredmedia":[{"embeddable":true,"href":"https:\/\/weather-radar-live.com\/fr\/wp-json\/wp\/v2\/media\/7267"}],"wp:attachment":[{"href":"https:\/\/weather-radar-live.com\/fr\/wp-json\/wp\/v2\/media?parent=7318"}],"curies":[{"name":"wp","href":"https:\/\/api.w.org\/{rel}","templated":true}]}}