{"id":7043,"date":"2022-08-24T20:40:50","date_gmt":"2022-08-24T18:40:50","guid":{"rendered":"https:\/\/weather-radar-live.com\/?page_id=7043"},"modified":"2022-08-24T20:43:48","modified_gmt":"2022-08-24T18:43:48","slug":"webcam-cerreto-laghi","status":"publish","type":"page","link":"https:\/\/weather-radar-live.com\/fr\/webcam\/italie\/webcam-cerreto-laghi\/","title":{"rendered":"Webcam Cerreto Laghi"},"content":{"rendered":"<div id=\"weath-4149110349\" class=\"weath-vor-dem-inhalt weath-entity-placement\" style=\"margin-top: 15px;margin-right: 25px;margin-bottom: 40px;margin-left: 25px;\"><script async src=\"\/\/pagead2.googlesyndication.com\/pagead\/js\/adsbygoogle.js?client=ca-pub-8960936133935804\" crossorigin=\"anonymous\"><\/script><ins class=\"adsbygoogle\" style=\"display:block;\" data-ad-client=\"ca-pub-8960936133935804\" \ndata-ad-slot=\"6172817020\" \ndata-ad-format=\"auto\"><\/ins>\n<script> \n(adsbygoogle = window.adsbygoogle || []).push({}); \n<\/script>\n<\/div>\n<div class=\"wp-block-cover alignfull is-light\"><span aria-hidden=\"true\" class=\"wp-block-cover__gradient-background has-background-dim\"><\/span><img decoding=\"async\" class=\"wp-block-cover__image-background wp-image-342\" alt=\"Webcam Cerreto Laghi\" src=\"https:\/\/weather-radar-live.com\/wp-content\/uploads\/2021\/06\/sam-schooler-E9aetBe2w40-unsplash-e1622554814366.jpg\" data-object-fit=\"cover\"\/><div class=\"wp-block-cover__inner-container is-layout-flow wp-block-cover-is-layout-flow\">\n<h2 class=\"has-text-align-center heading wp-block-heading\" id=\"webcam-fort-mahon\" style=\"font-size:40px;text-transform:uppercase\"><strong><mark style=\"background-color:rgba(0, 0, 0, 0)\" class=\"has-inline-color has-base-3-color\">WEBCAM <\/mark><\/strong><br><strong><mark style=\"background-color:rgba(0, 0, 0, 0)\" class=\"has-inline-color has-base-3-color\">CERRETO LAGHI<\/mark><\/strong><\/h2>\n<\/div><\/div>\n\n\n<div class=\"yoast-breadcrumbs\"><span><span><a href=\"https:\/\/weather-radar-live.com\/fr\/\">Weather Radar Live<\/a><\/span> \u00bb <span><a href=\"https:\/\/weather-radar-live.com\/fr\/webcam\/\">Webcam<\/a><\/span> \u00bb <span><a href=\"https:\/\/weather-radar-live.com\/fr\/webcam\/italie\/\">Italie<\/a><\/span> \u00bb <span class=\"breadcrumb_last\" aria-current=\"page\"><strong>Webcam Cerreto Laghi<\/strong><\/span><\/span><\/div>\n\n\n<h2 class=\"has-text-align-center wp-block-heading\" id=\"webcam-fort-mahon\"><strong>Webcam Cerreto Laghi<\/strong><\/h2>\n\n\n\n<p>La webcam Cerreto Laghi vous donne la possibilit\u00e9 d&rsquo;observer \u00e0 tout moment cette station de ski \u00e0 couper le souffle dans la province italienne de Reggio Emilia. Le domaine de sports d&rsquo;hiver, qui se trouve \u00e0 une altitude de 1 350 \u00e0 1 831 m\u00e8tres au-dessus du niveau de la mer, est \u00e9quip\u00e9 d&rsquo;un total de cinq t\u00e9l\u00e9skis, t\u00e9l\u00e9si\u00e8ges et t\u00e9l\u00e9skis de surface. Un total de 9,2 kilom\u00e8tres de pistes sont disponibles pour le ski et le snowboard. Gr\u00e2ce \u00e0 la webcam de Cerreto Laghi, vous pouvez observer les amateurs de sports d&rsquo;hiver dans la rafale de neige et vous inspirer pour vos propres vacances au ski.<\/p>\n\n\n\n<p>Situ\u00e9e dans le nord de l&rsquo;Italie, la province de Reggio Emilia, dont la capitale est Reggio nell&rsquo;Emilia, est d\u00e9limit\u00e9e par le fleuve P\u00f4 au nord et la cr\u00eate d&rsquo;une cha\u00eene de montagnes, les Apennins, au sud. Reggio Emilia est limitrophe de Parme \u00e0 l&rsquo;est et de Mod\u00e8ne \u00e0 l&rsquo;ouest. A Reggio Emilia, il y a plusieurs stations de ski, ainsi que Cerreto Laghi, qui est difficile \u00e0 battre pour sa beaut\u00e9. Les mois o\u00f9 il y a toujours de la neige \u00e0 Cerreto Laghi sont de novembre \u00e0 mars. Les autres mois, des alpages ensoleill\u00e9s et des massifs rocheux \u00e0 couper le souffle vous attendent. Cerreto Laghi compte un total de 10 pistes de ski. Parmi celles-ci, 10 pour cent chacune sont des pistes vertes et bleues, 50 pour cent des rouges et 30 pour cent des noires. La piste la plus longue est de sept kilom\u00e8tres et le domaine skiable total est de 15 kilom\u00e8tres. En outre, plus de quatre kilom\u00e8tres de canons \u00e0 ski sont install\u00e9s.<\/p><div id=\"weath-2460694948\" class=\"weath-inhalt_2 weath-entity-placement\" style=\"margin-top: 15px;margin-right: 25px;margin-bottom: 35px;margin-left: 25px;\"><script async src=\"\/\/pagead2.googlesyndication.com\/pagead\/js\/adsbygoogle.js?client=ca-pub-8960936133935804\" crossorigin=\"anonymous\"><\/script><ins class=\"adsbygoogle\" style=\"display:block;\" data-ad-client=\"ca-pub-8960936133935804\" \ndata-ad-slot=\"1963584050\" \ndata-ad-format=\"auto\"><\/ins>\n<script> \n(adsbygoogle = window.adsbygoogle || []).push({}); \n<\/script>\n<\/div>\n\n\n\n<div class=\"wp-block-columns is-layout-flex wp-container-core-columns-is-layout-9d6595d7 wp-block-columns-is-layout-flex\">\n<div class=\"wp-block-column webcam-column is-layout-flow wp-block-column-is-layout-flow\">\n<h3 class=\"has-text-align-center wp-block-heading\"> \ud83d\udd34 <strong>Webcam<\/strong> <strong><strong><strong>Cerreto Laghi<\/strong><\/strong><\/strong> &#8211; Lac de Cerretano<\/h3>\n\n\n\n<a name=\"windy-webcam-timelapse-player\" data-id=\"1330696185\" data-play=\"day\" href=\"https:\/\/windy.com\/webcams\/1330696185\" target=\"_blank\" rel=\"noopener\">Ventasso : Cerreto Laghi<\/a><script async=\"\" type=\"text\/javascript\" src=\"https:\/\/webcams.windy.com\/webcams\/public\/embed\/script\/player.js\"><\/script>\n<\/div>\n\n\n\n<div class=\"wp-block-column webcam-column is-layout-flow wp-block-column-is-layout-flow\">\n<h3 class=\"has-text-align-center wp-block-heading\"> \ud83d\udd34 <strong>Webcam <strong><strong>Cerreto Laghi<\/strong><\/strong><\/strong> &#8211; Monte La Nuda<\/h3>\n\n\n\n<a name=\"windy-webcam-timelapse-player\" data-id=\"1327598511\" data-play=\"day\" href=\"https:\/\/windy.com\/webcams\/1327598511\" target=\"_blank\" rel=\"noopener\">Ventasso : Passo del Cerreto &#8211; monte La Nuda<\/a><script async=\"\" type=\"text\/javascript\" src=\"https:\/\/webcams.windy.com\/webcams\/public\/embed\/script\/player.js\"><\/script>\n<\/div>\n<\/div>\n\n\n\n<div class=\"wp-block-columns is-layout-flex wp-container-core-columns-is-layout-9d6595d7 wp-block-columns-is-layout-flex\">\n<div class=\"wp-block-column is-layout-flow wp-block-column-is-layout-flow\" style=\"flex-basis:25%\"><\/div>\n\n\n\n<div class=\"wp-block-column webcam-column is-layout-flow wp-block-column-is-layout-flow\">\n<h3 class=\"has-text-align-center wp-block-heading\"> \ud83d\udd34 <strong>Webcam Cerreto Laghi<\/strong> &#8211; Centre<\/h3>\n\n\n\n<a name=\"windy-webcam-timelapse-player\" data-id=\"1330517451\" data-play=\"day\" href=\"https:\/\/windy.com\/webcams\/1330517451\" target=\"_blank\" rel=\"noopener\">Ventasso : Cerreto Laghi Centro &#8211; 1.350 mslm<\/a><script async=\"\" type=\"text\/javascript\" src=\"https:\/\/webcams.windy.com\/webcams\/public\/embed\/script\/player.js\"><\/script>\n<\/div>\n\n\n\n<div class=\"wp-block-column is-layout-flow wp-block-column-is-layout-flow\" style=\"flex-basis:25%\"><\/div>\n<\/div>\n\n\n\n<h2 class=\"wp-block-heading\" id=\"fort-mahon-today\"><strong>Radar m\u00e9t\u00e9o Cerreto Laghi &#8211; Le temps qu&rsquo;il fait \u00e0 Cerreto Laghi<\/strong><\/h2>\n\n\n\n<p>Notre webcam Cerreto Laghi vous donne une impression des conditions m\u00e9t\u00e9orologiques dans la station de ski. Vous pouvez voir en temps r\u00e9el s&rsquo;il pleut, s&rsquo;il neige ou si le soleil brille. Mais nous vous offrons encore plus avec notre radar m\u00e9t\u00e9o. Le radar m\u00e9t\u00e9o vous donne un aper\u00e7u des pr\u00e9cipitations ainsi que des pr\u00e9visions m\u00e9t\u00e9o et des conditions de vent autour de Cerreto Laghi. Selon la couleur, vous pouvez voir l&rsquo;intensit\u00e9 des pr\u00e9cipitations. Le vert et le bleu indiquent de faibles pr\u00e9cipitations &#8211; le rouge et le violet indiquent une forte quantit\u00e9 de pr\u00e9cipitations.<\/p>\n\n\n\n<div class=\"wp-block-columns is-layout-flex wp-container-core-columns-is-layout-9d6595d7 wp-block-columns-is-layout-flex\">\n<div class=\"wp-block-column is-layout-flow wp-block-column-is-layout-flow\" style=\"flex-basis:75%\">\n<iframe loading=\"lazy\" width=\"1300\" height=\"502\" src=\"https:\/\/embed.windy.com\/embed2.html?lat=44.298&amp;lon=10.238&amp;detailLat=44.298&amp;detailLon=10.238&amp;width=1300&amp;height=502&amp;zoom=11&amp;level=surface&amp;overlay=rain&amp;product=ecmwf&amp;menu=&amp;message=&amp;marker=&amp;calendar=now&amp;pressure=&amp;type=map&amp;location=coordinates&amp;detail=&amp;metricWind=default&amp;metricTemp=default&amp;radarRange=-1\" frameborder=\"0\"><\/iframe>\n<\/div>\n\n\n\n<div class=\"wp-block-column is-layout-flow wp-block-column-is-layout-flow\" style=\"flex-basis:25%\">\n<a class=\"weatherwidget-io\" href=\"https:\/\/forecast7.com\/fr\/44d3010d24\/cerreto-laghi\/\" data-label_1=\"CERRETO LAGHI\" data-theme=\"original\" >CERRETO LAGHI<\/a>\n<script>\n!function(d,s,id){var js,fjs=d.getElementsByTagName(s)[0];if(!d.getElementById(id)){js=d.createElement(s);js.id=id;js.src='https:\/\/weatherwidget.io\/js\/widget.min.js';fjs.parentNode.insertBefore(js,fjs);}}(document,'script','weatherwidget-io-js');\n<\/script>\n<\/div>\n<\/div>\n\n\n\n<h2 class=\"wp-block-heading\" id=\"fort-mahon-weather\"><strong>Le climat \u00e0 Cerreto Laghi<\/strong><\/h2>\n\n\n\n<p>Les temp\u00e9ratures dans la station de ski de Cerreto Laghi varient de -4 \u00e0 2 \u00b0C en janvier et de 12 \u00e0 21 \u00b0C en juillet\/ao\u00fbt. La vitesse des vents dominants \u00e0 Cerreto Laghi, malgr\u00e9 l&rsquo;altitude, est minime et ne d\u00e9passe normalement pas 19 km\/h. En raison de sa position expos\u00e9e, le vent souffle exclusivement des directions nord-est et sud-ouest. Les jours ensoleill\u00e9s et les jours de pr\u00e9cipitations (neige) s&rsquo;\u00e9quilibrent pendant la saison de ski.<\/p>\n\n\n\n<h2 class=\"wp-block-heading\"><strong>Attractions \u00e0 Cerreto Laghi<\/strong><\/h2>\n\n\n\n<p>Bien s\u00fbr, Cerreto Laghi est pr\u00e9destin\u00e9 aux vacances de ski et est principalement orient\u00e9 vers celles-ci. Si vous visitez la r\u00e9gion pendant les mois d&rsquo;\u00e9t\u00e9, vous devriez faire une visite au Percorso arancio. Ce sentier est parfait pour le v\u00e9lo de montagne et propose des parcours faciles et difficiles. Vous pouvez \u00e9galement profiter du romantique Lago Calamone, un lac que vous n&rsquo;oublierez pas. Ou peut-\u00eatre avez-vous envie de vous d\u00e9fouler dans un parc d&rsquo;escalade ? Pour cela aussi, vous trouverez l&rsquo;endroit id\u00e9al pr\u00e8s de Cerreto Laghi. Le Parco Avventura Cerwood est un fabuleux parcours de cordes en hauteur qui ravit petits et grands.<\/p>\n","protected":false},"excerpt":{"rendered":"<p>Webcam Cerreto Laghi La webcam Cerreto Laghi vous donne la possibilit\u00e9 d&rsquo;observer \u00e0 tout moment cette station de ski \u00e0 couper le souffle dans la province italienne de Reggio Emilia. Le domaine de sports d&rsquo;hiver, qui se trouve \u00e0 une altitude de 1 350 \u00e0 1 831 m\u00e8tres au-dessus du niveau de la mer, est &#8230; <a title=\"Webcam Cerreto Laghi\" class=\"read-more\" href=\"https:\/\/weather-radar-live.com\/fr\/webcam\/italie\/webcam-cerreto-laghi\/\" aria-label=\"En savoir plus sur Webcam Cerreto Laghi\">Lire la suite<\/a><\/p>\n","protected":false},"author":1,"featured_media":6960,"parent":4309,"menu_order":0,"comment_status":"closed","ping_status":"closed","template":"","meta":{"footnotes":""},"class_list":["post-7043","page","type-page","status-publish","has-post-thumbnail"],"yoast_head":"<!-- This site is optimized with the Yoast SEO plugin v27.5 - https:\/\/yoast.com\/product\/yoast-seo-wordpress\/ -->\n<title>Webcam Cerreto Laghi \u2192 Regardez-le en direct !<\/title>\n<meta name=\"description\" content=\"Webcam Cerreto Laghi | Livecam de Cerreto Laghi ! \u2705 Mis \u00e0 jour pour vous en temps r\u00e9el ! \u2705 Pr\u00e9visions m\u00e9t\u00e9orologiques actuelles !\" \/>\n<meta name=\"robots\" content=\"index, follow, max-snippet:-1, max-image-preview:large, max-video-preview:-1\" \/>\n<link rel=\"canonical\" href=\"https:\/\/weather-radar-live.com\/fr\/webcam\/italie\/webcam-cerreto-laghi\/\" \/>\n<meta property=\"og:locale\" content=\"fr_FR\" \/>\n<meta property=\"og:type\" content=\"article\" \/>\n<meta property=\"og:title\" content=\"Webcam Cerreto Laghi \u2192 Regardez-le en direct !\" \/>\n<meta property=\"og:description\" content=\"Webcam Cerreto Laghi | Livecam de Cerreto Laghi ! \u2705 Mis \u00e0 jour pour vous en temps r\u00e9el ! \u2705 Pr\u00e9visions m\u00e9t\u00e9orologiques actuelles !\" \/>\n<meta property=\"og:url\" content=\"https:\/\/weather-radar-live.com\/fr\/webcam\/italie\/webcam-cerreto-laghi\/\" \/>\n<meta property=\"og:site_name\" content=\"weather-radar-live.com\" \/>\n<meta property=\"article:modified_time\" content=\"2022-08-24T18:43:48+00:00\" \/>\n<meta property=\"og:image\" content=\"https:\/\/weather-radar-live.com\/wp-content\/uploads\/2022\/08\/Webcam-Cerreto-Laghi-e1661336154284.jpg\" \/>\n\t<meta property=\"og:image:width\" content=\"1896\" \/>\n\t<meta property=\"og:image:height\" content=\"847\" \/>\n\t<meta property=\"og:image:type\" content=\"image\/jpeg\" \/>\n<meta name=\"twitter:card\" content=\"summary_large_image\" \/>\n<meta name=\"twitter:label1\" content=\"Dur\u00e9e de lecture estim\u00e9e\" \/>\n\t<meta name=\"twitter:data1\" content=\"3 minutes\" \/>\n<script type=\"application\/ld+json\" class=\"yoast-schema-graph\">{\"@context\":\"https:\\\/\\\/schema.org\",\"@graph\":[{\"@type\":\"WebPage\",\"@id\":\"https:\\\/\\\/weather-radar-live.com\\\/fr\\\/webcam\\\/italie\\\/webcam-cerreto-laghi\\\/\",\"url\":\"https:\\\/\\\/weather-radar-live.com\\\/fr\\\/webcam\\\/italie\\\/webcam-cerreto-laghi\\\/\",\"name\":\"Webcam Cerreto Laghi \u2192 Regardez-le en direct !\",\"isPartOf\":{\"@id\":\"https:\\\/\\\/weather-radar-live.com\\\/#website\"},\"primaryImageOfPage\":{\"@id\":\"https:\\\/\\\/weather-radar-live.com\\\/fr\\\/webcam\\\/italie\\\/webcam-cerreto-laghi\\\/#primaryimage\"},\"image\":{\"@id\":\"https:\\\/\\\/weather-radar-live.com\\\/fr\\\/webcam\\\/italie\\\/webcam-cerreto-laghi\\\/#primaryimage\"},\"thumbnailUrl\":\"https:\\\/\\\/weather-radar-live.com\\\/wp-content\\\/uploads\\\/2022\\\/08\\\/Webcam-Cerreto-Laghi-e1661336154284.jpg\",\"datePublished\":\"2022-08-24T18:40:50+00:00\",\"dateModified\":\"2022-08-24T18:43:48+00:00\",\"description\":\"Webcam Cerreto Laghi | Livecam de Cerreto Laghi ! \u2705 Mis \u00e0 jour pour vous en temps r\u00e9el ! \u2705 Pr\u00e9visions m\u00e9t\u00e9orologiques actuelles !\",\"breadcrumb\":{\"@id\":\"https:\\\/\\\/weather-radar-live.com\\\/fr\\\/webcam\\\/italie\\\/webcam-cerreto-laghi\\\/#breadcrumb\"},\"inLanguage\":\"fr-FR\",\"potentialAction\":[{\"@type\":\"ReadAction\",\"target\":[\"https:\\\/\\\/weather-radar-live.com\\\/fr\\\/webcam\\\/italie\\\/webcam-cerreto-laghi\\\/\"]}]},{\"@type\":\"ImageObject\",\"inLanguage\":\"fr-FR\",\"@id\":\"https:\\\/\\\/weather-radar-live.com\\\/fr\\\/webcam\\\/italie\\\/webcam-cerreto-laghi\\\/#primaryimage\",\"url\":\"https:\\\/\\\/weather-radar-live.com\\\/wp-content\\\/uploads\\\/2022\\\/08\\\/Webcam-Cerreto-Laghi-e1661336154284.jpg\",\"contentUrl\":\"https:\\\/\\\/weather-radar-live.com\\\/wp-content\\\/uploads\\\/2022\\\/08\\\/Webcam-Cerreto-Laghi-e1661336154284.jpg\",\"width\":1896,\"height\":847,\"caption\":\"Webcam Cerreto Laghi\"},{\"@type\":\"BreadcrumbList\",\"@id\":\"https:\\\/\\\/weather-radar-live.com\\\/fr\\\/webcam\\\/italie\\\/webcam-cerreto-laghi\\\/#breadcrumb\",\"itemListElement\":[{\"@type\":\"ListItem\",\"position\":1,\"name\":\"Weather Radar Live\",\"item\":\"https:\\\/\\\/weather-radar-live.com\\\/fr\\\/\"},{\"@type\":\"ListItem\",\"position\":2,\"name\":\"Webcam\",\"item\":\"https:\\\/\\\/weather-radar-live.com\\\/fr\\\/webcam\\\/\"},{\"@type\":\"ListItem\",\"position\":3,\"name\":\"Italie\",\"item\":\"https:\\\/\\\/weather-radar-live.com\\\/fr\\\/webcam\\\/italie\\\/\"},{\"@type\":\"ListItem\",\"position\":4,\"name\":\"Webcam Cerreto Laghi\"}]},{\"@type\":\"WebSite\",\"@id\":\"https:\\\/\\\/weather-radar-live.com\\\/#website\",\"url\":\"https:\\\/\\\/weather-radar-live.com\\\/\",\"name\":\"weather-radar-live.com\",\"description\":\"Your weather and sky radar.\",\"publisher\":{\"@id\":\"https:\\\/\\\/weather-radar-live.com\\\/#organization\"},\"potentialAction\":[{\"@type\":\"SearchAction\",\"target\":{\"@type\":\"EntryPoint\",\"urlTemplate\":\"https:\\\/\\\/weather-radar-live.com\\\/?s={search_term_string}\"},\"query-input\":{\"@type\":\"PropertyValueSpecification\",\"valueRequired\":true,\"valueName\":\"search_term_string\"}}],\"inLanguage\":\"fr-FR\"},{\"@type\":\"Organization\",\"@id\":\"https:\\\/\\\/weather-radar-live.com\\\/#organization\",\"name\":\"weather-radar-live.com\",\"url\":\"https:\\\/\\\/weather-radar-live.com\\\/\",\"logo\":{\"@type\":\"ImageObject\",\"inLanguage\":\"fr-FR\",\"@id\":\"https:\\\/\\\/weather-radar-live.com\\\/#\\\/schema\\\/logo\\\/image\\\/\",\"url\":\"https:\\\/\\\/weather-radar-live.com\\\/wp-content\\\/uploads\\\/2022\\\/03\\\/cropped-WRL2503.png\",\"contentUrl\":\"https:\\\/\\\/weather-radar-live.com\\\/wp-content\\\/uploads\\\/2022\\\/03\\\/cropped-WRL2503.png\",\"width\":1920,\"height\":555,\"caption\":\"weather-radar-live.com\"},\"image\":{\"@id\":\"https:\\\/\\\/weather-radar-live.com\\\/#\\\/schema\\\/logo\\\/image\\\/\"}}]}<\/script>\n<!-- \/ Yoast SEO plugin. -->","yoast_head_json":{"title":"Webcam Cerreto Laghi \u2192 Regardez-le en direct !","description":"Webcam Cerreto Laghi | Livecam de Cerreto Laghi ! \u2705 Mis \u00e0 jour pour vous en temps r\u00e9el ! \u2705 Pr\u00e9visions m\u00e9t\u00e9orologiques actuelles !","robots":{"index":"index","follow":"follow","max-snippet":"max-snippet:-1","max-image-preview":"max-image-preview:large","max-video-preview":"max-video-preview:-1"},"canonical":"https:\/\/weather-radar-live.com\/fr\/webcam\/italie\/webcam-cerreto-laghi\/","og_locale":"fr_FR","og_type":"article","og_title":"Webcam Cerreto Laghi \u2192 Regardez-le en direct !","og_description":"Webcam Cerreto Laghi | Livecam de Cerreto Laghi ! \u2705 Mis \u00e0 jour pour vous en temps r\u00e9el ! \u2705 Pr\u00e9visions m\u00e9t\u00e9orologiques actuelles !","og_url":"https:\/\/weather-radar-live.com\/fr\/webcam\/italie\/webcam-cerreto-laghi\/","og_site_name":"weather-radar-live.com","article_modified_time":"2022-08-24T18:43:48+00:00","og_image":[{"width":1896,"height":847,"url":"https:\/\/weather-radar-live.com\/wp-content\/uploads\/2022\/08\/Webcam-Cerreto-Laghi-e1661336154284.jpg","type":"image\/jpeg"}],"twitter_card":"summary_large_image","twitter_misc":{"Dur\u00e9e de lecture estim\u00e9e":"3 minutes"},"schema":{"@context":"https:\/\/schema.org","@graph":[{"@type":"WebPage","@id":"https:\/\/weather-radar-live.com\/fr\/webcam\/italie\/webcam-cerreto-laghi\/","url":"https:\/\/weather-radar-live.com\/fr\/webcam\/italie\/webcam-cerreto-laghi\/","name":"Webcam Cerreto Laghi \u2192 Regardez-le en direct !","isPartOf":{"@id":"https:\/\/weather-radar-live.com\/#website"},"primaryImageOfPage":{"@id":"https:\/\/weather-radar-live.com\/fr\/webcam\/italie\/webcam-cerreto-laghi\/#primaryimage"},"image":{"@id":"https:\/\/weather-radar-live.com\/fr\/webcam\/italie\/webcam-cerreto-laghi\/#primaryimage"},"thumbnailUrl":"https:\/\/weather-radar-live.com\/wp-content\/uploads\/2022\/08\/Webcam-Cerreto-Laghi-e1661336154284.jpg","datePublished":"2022-08-24T18:40:50+00:00","dateModified":"2022-08-24T18:43:48+00:00","description":"Webcam Cerreto Laghi | Livecam de Cerreto Laghi ! \u2705 Mis \u00e0 jour pour vous en temps r\u00e9el ! \u2705 Pr\u00e9visions m\u00e9t\u00e9orologiques actuelles !","breadcrumb":{"@id":"https:\/\/weather-radar-live.com\/fr\/webcam\/italie\/webcam-cerreto-laghi\/#breadcrumb"},"inLanguage":"fr-FR","potentialAction":[{"@type":"ReadAction","target":["https:\/\/weather-radar-live.com\/fr\/webcam\/italie\/webcam-cerreto-laghi\/"]}]},{"@type":"ImageObject","inLanguage":"fr-FR","@id":"https:\/\/weather-radar-live.com\/fr\/webcam\/italie\/webcam-cerreto-laghi\/#primaryimage","url":"https:\/\/weather-radar-live.com\/wp-content\/uploads\/2022\/08\/Webcam-Cerreto-Laghi-e1661336154284.jpg","contentUrl":"https:\/\/weather-radar-live.com\/wp-content\/uploads\/2022\/08\/Webcam-Cerreto-Laghi-e1661336154284.jpg","width":1896,"height":847,"caption":"Webcam Cerreto Laghi"},{"@type":"BreadcrumbList","@id":"https:\/\/weather-radar-live.com\/fr\/webcam\/italie\/webcam-cerreto-laghi\/#breadcrumb","itemListElement":[{"@type":"ListItem","position":1,"name":"Weather Radar Live","item":"https:\/\/weather-radar-live.com\/fr\/"},{"@type":"ListItem","position":2,"name":"Webcam","item":"https:\/\/weather-radar-live.com\/fr\/webcam\/"},{"@type":"ListItem","position":3,"name":"Italie","item":"https:\/\/weather-radar-live.com\/fr\/webcam\/italie\/"},{"@type":"ListItem","position":4,"name":"Webcam Cerreto Laghi"}]},{"@type":"WebSite","@id":"https:\/\/weather-radar-live.com\/#website","url":"https:\/\/weather-radar-live.com\/","name":"weather-radar-live.com","description":"Your weather and sky radar.","publisher":{"@id":"https:\/\/weather-radar-live.com\/#organization"},"potentialAction":[{"@type":"SearchAction","target":{"@type":"EntryPoint","urlTemplate":"https:\/\/weather-radar-live.com\/?s={search_term_string}"},"query-input":{"@type":"PropertyValueSpecification","valueRequired":true,"valueName":"search_term_string"}}],"inLanguage":"fr-FR"},{"@type":"Organization","@id":"https:\/\/weather-radar-live.com\/#organization","name":"weather-radar-live.com","url":"https:\/\/weather-radar-live.com\/","logo":{"@type":"ImageObject","inLanguage":"fr-FR","@id":"https:\/\/weather-radar-live.com\/#\/schema\/logo\/image\/","url":"https:\/\/weather-radar-live.com\/wp-content\/uploads\/2022\/03\/cropped-WRL2503.png","contentUrl":"https:\/\/weather-radar-live.com\/wp-content\/uploads\/2022\/03\/cropped-WRL2503.png","width":1920,"height":555,"caption":"weather-radar-live.com"},"image":{"@id":"https:\/\/weather-radar-live.com\/#\/schema\/logo\/image\/"}}]}},"_links":{"self":[{"href":"https:\/\/weather-radar-live.com\/fr\/wp-json\/wp\/v2\/pages\/7043","targetHints":{"allow":["GET"]}}],"collection":[{"href":"https:\/\/weather-radar-live.com\/fr\/wp-json\/wp\/v2\/pages"}],"about":[{"href":"https:\/\/weather-radar-live.com\/fr\/wp-json\/wp\/v2\/types\/page"}],"author":[{"embeddable":true,"href":"https:\/\/weather-radar-live.com\/fr\/wp-json\/wp\/v2\/users\/1"}],"replies":[{"embeddable":true,"href":"https:\/\/weather-radar-live.com\/fr\/wp-json\/wp\/v2\/comments?post=7043"}],"version-history":[{"count":2,"href":"https:\/\/weather-radar-live.com\/fr\/wp-json\/wp\/v2\/pages\/7043\/revisions"}],"predecessor-version":[{"id":7062,"href":"https:\/\/weather-radar-live.com\/fr\/wp-json\/wp\/v2\/pages\/7043\/revisions\/7062"}],"up":[{"embeddable":true,"href":"https:\/\/weather-radar-live.com\/fr\/wp-json\/wp\/v2\/pages\/4309"}],"wp:featuredmedia":[{"embeddable":true,"href":"https:\/\/weather-radar-live.com\/fr\/wp-json\/wp\/v2\/media\/6960"}],"wp:attachment":[{"href":"https:\/\/weather-radar-live.com\/fr\/wp-json\/wp\/v2\/media?parent=7043"}],"curies":[{"name":"wp","href":"https:\/\/api.w.org\/{rel}","templated":true}]}}