{"id":6833,"date":"2022-08-18T11:20:17","date_gmt":"2022-08-18T09:20:17","guid":{"rendered":"https:\/\/weather-radar-live.com\/?page_id=6833"},"modified":"2022-08-18T11:22:17","modified_gmt":"2022-08-18T09:22:17","slug":"webcam-etna","status":"publish","type":"page","link":"https:\/\/weather-radar-live.com\/fr\/webcam\/italie\/webcam-etna\/","title":{"rendered":"Webcam Etna"},"content":{"rendered":"<div id=\"weath-84777581\" class=\"weath-vor-dem-inhalt weath-entity-placement\" style=\"margin-top: 15px;margin-right: 25px;margin-bottom: 40px;margin-left: 25px;\"><script async src=\"\/\/pagead2.googlesyndication.com\/pagead\/js\/adsbygoogle.js?client=ca-pub-8960936133935804\" crossorigin=\"anonymous\"><\/script><ins class=\"adsbygoogle\" style=\"display:block;\" data-ad-client=\"ca-pub-8960936133935804\" \ndata-ad-slot=\"6172817020\" \ndata-ad-format=\"auto\"><\/ins>\n<script> \n(adsbygoogle = window.adsbygoogle || []).push({}); \n<\/script>\n<\/div>\n<div class=\"wp-block-cover alignfull is-light\"><span aria-hidden=\"true\" class=\"wp-block-cover__gradient-background has-background-dim\"><\/span><img decoding=\"async\" class=\"wp-block-cover__image-background wp-image-342\" alt=\"Webcam Etna\" src=\"https:\/\/weather-radar-live.com\/wp-content\/uploads\/2021\/06\/sam-schooler-E9aetBe2w40-unsplash-e1622554814366.jpg\" data-object-fit=\"cover\"\/><div class=\"wp-block-cover__inner-container is-layout-flow wp-block-cover-is-layout-flow\">\n<h2 class=\"has-text-align-center heading wp-block-heading\" id=\"webcam-fort-mahon\" style=\"font-size:40px;text-transform:uppercase\"><strong><mark style=\"background-color:rgba(0, 0, 0, 0)\" class=\"has-inline-color has-base-3-color\">WEBCAM <\/mark><\/strong><br><strong><mark style=\"background-color:rgba(0, 0, 0, 0)\" class=\"has-inline-color has-base-3-color\">Etna<\/mark><\/strong><\/h2>\n<\/div><\/div>\n\n\n<div class=\"yoast-breadcrumbs\"><span><span><a href=\"https:\/\/weather-radar-live.com\/fr\/\">Weather Radar Live<\/a><\/span> \u00bb <span><a href=\"https:\/\/weather-radar-live.com\/fr\/webcam\/\">Webcam<\/a><\/span> \u00bb <span><a href=\"https:\/\/weather-radar-live.com\/fr\/webcam\/italie\/\">Italie<\/a><\/span> \u00bb <span class=\"breadcrumb_last\" aria-current=\"page\"><strong>Webcam Etna<\/strong><\/span><\/span><\/div>\n\n\n<h2 class=\"has-text-align-center wp-block-heading\" id=\"webcam-fort-mahon\"><strong>Webcam Etna<\/strong><\/h2>\n\n\n\n<p>Notre webcam Etna vous offre des images \u00e0 couper le souffle du plus haut volcan d&rsquo;Europe. Avec une hauteur de 3357 m\u00e8tres, l&rsquo;Etna s&rsquo;\u00e9l\u00e8ve \u00e0 l&rsquo;est de la Sicile. Le volcan, aussi appel\u00e9 affectueusement \u00ab\u00a0Mongibello\u00a0\u00bb, est un site du patrimoine naturel mondial et est \u00e9galement l&rsquo;un des volcans les plus actifs. L&rsquo;Etna poss\u00e8de plusieurs crat\u00e8res et occupe une superficie de 1250 kilom\u00e8tres carr\u00e9s. Sa circonf\u00e9rence mesure 250 kilom\u00e8tres.<\/p>\n\n\n\n<p>L&rsquo;Etna est expos\u00e9 de tous c\u00f4t\u00e9s et se trouve dans une zone d&rsquo;activit\u00e9 sismique accrue, car ici la plaque africaine pousse sous la plaque eurasienne. Fr\u00e9quemment, des fissures se rompent, d&rsquo;o\u00f9 s&rsquo;\u00e9chappe la lave. La lave qui s&rsquo;\u00e9chappe a un caract\u00e8re relativement mince. Contrairement au V\u00e9suve, l&rsquo;Etna ne fait pas partie des volcans explosifs, o\u00f9 lors d&rsquo;une \u00e9ruption, le c\u00f4ne volcanique entier s&rsquo;envole parfois dans les airs. Enfin, l&rsquo;Etna forme, avec les villes de Catane et Taormina, l&rsquo;une des principales destinations touristiques de la Sicile.<\/p><div id=\"weath-3840432663\" class=\"weath-inhalt_2 weath-entity-placement\" style=\"margin-top: 15px;margin-right: 25px;margin-bottom: 35px;margin-left: 25px;\"><script async src=\"\/\/pagead2.googlesyndication.com\/pagead\/js\/adsbygoogle.js?client=ca-pub-8960936133935804\" crossorigin=\"anonymous\"><\/script><ins class=\"adsbygoogle\" style=\"display:block;\" data-ad-client=\"ca-pub-8960936133935804\" \ndata-ad-slot=\"1963584050\" \ndata-ad-format=\"auto\"><\/ins>\n<script> \n(adsbygoogle = window.adsbygoogle || []).push({}); \n<\/script>\n<\/div>\n\n\n\n<div class=\"wp-block-columns is-layout-flex wp-container-core-columns-is-layout-9d6595d7 wp-block-columns-is-layout-flex\">\n<div class=\"wp-block-column is-layout-flow wp-block-column-is-layout-flow\" style=\"flex-basis:25%\"><\/div>\n\n\n\n<div class=\"wp-block-column webcam-column is-layout-flow wp-block-column-is-layout-flow\">\n<h3 class=\"has-text-align-center wp-block-heading\"> \ud83d\udd34 <strong>Webcam Etna<\/strong> &#8211; Est<\/h3>\n\n\n\n<a name=\"windy-webcam-timelapse-player\" data-id=\"1642712028\" data-play=\"day\" href=\"https:\/\/windy.com\/webcams\/1642712028\" target=\"_blank\" rel=\"noopener\">Milo &lsquo; Est : Etna<\/a><script async=\"\" type=\"text\/javascript\" src=\"https:\/\/webcams.windy.com\/webcams\/public\/embed\/script\/player.js\"><\/script>\n<\/div>\n\n\n\n<div class=\"wp-block-column is-layout-flow wp-block-column-is-layout-flow\" style=\"flex-basis:25%\"><\/div>\n<\/div>\n\n\n\n<h2 class=\"wp-block-heading\" id=\"fort-mahon-today\"><strong>Radar m\u00e9t\u00e9o Etna &#8211; M\u00e9t\u00e9o sur l&rsquo;Etna<\/strong><\/h2>\n\n\n\n<p>Avec notre webcam Etna et son radar m\u00e9t\u00e9o, vous saurez toujours en temps r\u00e9el si l&rsquo;Etna \u00e9met actuellement des cendres et de la fum\u00e9e ou s&rsquo;il est calme et peut \u00eatre escalad\u00e9 dans le cadre d&rsquo;une visite guid\u00e9e. Gr\u00e2ce \u00e0 notre \u00e9chelle de couleurs simple, vous pouvez imm\u00e9diatement voir sur la carte m\u00e9t\u00e9o o\u00f9 et avec quelle intensit\u00e9 les pr\u00e9cipitations tombent et quelle est la force du vent. Les orages sont \u00e9galement faciles \u00e0 reconna\u00eetre gr\u00e2ce au symbole de l&rsquo;\u00e9clair. La plupart du temps, cependant, le temps sur l&rsquo;Etna est clair et ensoleill\u00e9.<\/p>\n\n\n\n<div class=\"wp-block-columns is-layout-flex wp-container-core-columns-is-layout-9d6595d7 wp-block-columns-is-layout-flex\">\n<div class=\"wp-block-column is-layout-flow wp-block-column-is-layout-flow\" style=\"flex-basis:75%\">\n<iframe loading=\"lazy\" width=\"1300\" height=\"502\" src=\"https:\/\/embed.windy.com\/embed2.html?lat=37.661&amp;lon=14.718&amp;detailLat=37.751&amp;detailLon=14.274&amp;width=1300&amp;height=502&amp;zoom=9&amp;level=surface&amp;overlay=rain&amp;product=ecmwf&amp;menu=&amp;message=&amp;marker=&amp;calendar=now&amp;pressure=&amp;type=map&amp;location=coordinates&amp;detail=&amp;metricWind=default&amp;metricTemp=default&amp;radarRange=-1\" frameborder=\"0\"><\/iframe>\n<\/div>\n\n\n\n<div class=\"wp-block-column is-layout-flow wp-block-column-is-layout-flow\" style=\"flex-basis:25%\">\n<a class=\"weatherwidget-io\" href=\"https:\/\/forecast7.com\/fr\/37d7215d11\/milo\/\" data-label_1=\"MILO\" data-theme=\"original\" >MILO<\/a>\n<script>\n!function(d,s,id){var js,fjs=d.getElementsByTagName(s)[0];if(!d.getElementById(id)){js=d.createElement(s);js.id=id;js.src='https:\/\/weatherwidget.io\/js\/widget.min.js';fjs.parentNode.insertBefore(js,fjs);}}(document,'script','weatherwidget-io-js');\n<\/script>\n<\/div>\n<\/div>\n\n\n\n<h2 class=\"wp-block-heading\" id=\"fort-mahon-weather\"><strong>Le climat autour de l&rsquo;Etna<\/strong><\/h2>\n\n\n\n<p>Gr\u00e2ce au sol volcanique fertile, les sols autour de l&rsquo;Etna sont tr\u00e8s fertiles. On y cultive notamment du vin et des agrumes. Globalement, le climat est subtropical avec des \u00e9t\u00e9s chauds et des hivers doux. Toutefois, l&rsquo;Etna poss\u00e8de son propre microclimat. En raison de son altitude consid\u00e9rable, il y fait environ 10 \u00e0 15 \u00b0C plus froid qu&rsquo;\u00e0 Catane, par exemple. La neige peut encore \u00eatre pr\u00e9sente sur l&rsquo;Etna jusqu&rsquo;en mars et avril. Au-del\u00e0 de l&rsquo;Etna, les temp\u00e9ratures estivales en Sicile varient entre 28 et 40 \u00b0C. Les pr\u00e9cipitations sont tr\u00e8s rares en \u00e9t\u00e9 et se concentrent pendant les mois d&rsquo;hiver. La dur\u00e9e d&rsquo;ensoleillement par jour est d&rsquo;environ sept heures. L&rsquo;humidit\u00e9 de l&rsquo;air prend g\u00e9n\u00e9ralement des valeurs agr\u00e9ables. En moyenne, il pleut 4,7 jours par mois, mais en d\u00e9cembre, il pleut jusqu&rsquo;\u00e0 neuf jours.<\/p>\n\n\n\n<h2 class=\"wp-block-heading\"><strong>Attractions de l&rsquo;Etna<\/strong><\/h2>\n\n\n\n<p>L&rsquo;Etna lui-m\u00eame est la plus grande attraction. Il est pr\u00e9f\u00e9rable de le gravir dans le cadre d&rsquo;une visite guid\u00e9e et informative ou par ses propres moyens, en tenant compte des conditions m\u00e9t\u00e9orologiques du moment. Une route et un t\u00e9l\u00e9ph\u00e9rique rendent l&rsquo;Etna relativement facile d&rsquo;acc\u00e8s pour les touristes. Faites une randonn\u00e9e dans la Valle del Bove sur le c\u00f4t\u00e9 est du volcan et visitez la Grotta del Gelo, o\u00f9 de petits glaciers se sont form\u00e9s. La vue la plus spectaculaire sur l&rsquo;Etna peut probablement \u00eatre appr\u00e9ci\u00e9e depuis l&rsquo;amphith\u00e9\u00e2tre romain de la jolie ville de Taormina. Mais Catane aussi, avec ses nombreuses \u00e9glises baroques, vaut vraiment le d\u00e9tour.<\/p>\n","protected":false},"excerpt":{"rendered":"<p>Webcam Etna Notre webcam Etna vous offre des images \u00e0 couper le souffle du plus haut volcan d&rsquo;Europe. Avec une hauteur de 3357 m\u00e8tres, l&rsquo;Etna s&rsquo;\u00e9l\u00e8ve \u00e0 l&rsquo;est de la Sicile. Le volcan, aussi appel\u00e9 affectueusement \u00ab\u00a0Mongibello\u00a0\u00bb, est un site du patrimoine naturel mondial et est \u00e9galement l&rsquo;un des volcans les plus actifs. L&rsquo;Etna poss\u00e8de &#8230; <a title=\"Webcam Etna\" class=\"read-more\" href=\"https:\/\/weather-radar-live.com\/fr\/webcam\/italie\/webcam-etna\/\" aria-label=\"En savoir plus sur Webcam Etna\">Lire la suite<\/a><\/p>\n","protected":false},"author":1,"featured_media":6821,"parent":4309,"menu_order":0,"comment_status":"closed","ping_status":"closed","template":"","meta":{"footnotes":""},"class_list":["post-6833","page","type-page","status-publish","has-post-thumbnail"],"yoast_head":"<!-- This site is optimized with the Yoast SEO plugin v27.5 - https:\/\/yoast.com\/product\/yoast-seo-wordpress\/ -->\n<title>Webcam Etna \u2192 Regardez-le en direct !<\/title>\n<meta name=\"description\" content=\"Webcam Etna | Livecam de l&#039;Etna ! \u2705 Mis \u00e0 jour pour vous en temps r\u00e9el ! \u2705 Pr\u00e9visions m\u00e9t\u00e9orologiques actuelles !\" \/>\n<meta name=\"robots\" content=\"index, follow, max-snippet:-1, max-image-preview:large, max-video-preview:-1\" \/>\n<link rel=\"canonical\" href=\"https:\/\/weather-radar-live.com\/fr\/webcam\/italie\/webcam-etna\/\" \/>\n<meta property=\"og:locale\" content=\"fr_FR\" \/>\n<meta property=\"og:type\" content=\"article\" \/>\n<meta property=\"og:title\" content=\"Webcam Etna \u2192 Regardez-le en direct !\" \/>\n<meta property=\"og:description\" content=\"Webcam Etna | Livecam de l&#039;Etna ! \u2705 Mis \u00e0 jour pour vous en temps r\u00e9el ! \u2705 Pr\u00e9visions m\u00e9t\u00e9orologiques actuelles !\" \/>\n<meta property=\"og:url\" content=\"https:\/\/weather-radar-live.com\/fr\/webcam\/italie\/webcam-etna\/\" \/>\n<meta property=\"og:site_name\" content=\"weather-radar-live.com\" \/>\n<meta property=\"article:modified_time\" content=\"2022-08-18T09:22:17+00:00\" \/>\n<meta property=\"og:image\" content=\"https:\/\/weather-radar-live.com\/wp-content\/uploads\/2022\/08\/Webcam-Etna-e1660747871677.jpg\" \/>\n\t<meta property=\"og:image:width\" content=\"1896\" \/>\n\t<meta property=\"og:image:height\" content=\"888\" \/>\n\t<meta property=\"og:image:type\" content=\"image\/jpeg\" \/>\n<meta name=\"twitter:card\" content=\"summary_large_image\" \/>\n<meta name=\"twitter:label1\" content=\"Dur\u00e9e de lecture estim\u00e9e\" \/>\n\t<meta name=\"twitter:data1\" content=\"3 minutes\" \/>\n<script type=\"application\/ld+json\" class=\"yoast-schema-graph\">{\"@context\":\"https:\\\/\\\/schema.org\",\"@graph\":[{\"@type\":\"WebPage\",\"@id\":\"https:\\\/\\\/weather-radar-live.com\\\/fr\\\/webcam\\\/italie\\\/webcam-etna\\\/\",\"url\":\"https:\\\/\\\/weather-radar-live.com\\\/fr\\\/webcam\\\/italie\\\/webcam-etna\\\/\",\"name\":\"Webcam Etna \u2192 Regardez-le en direct !\",\"isPartOf\":{\"@id\":\"https:\\\/\\\/weather-radar-live.com\\\/#website\"},\"primaryImageOfPage\":{\"@id\":\"https:\\\/\\\/weather-radar-live.com\\\/fr\\\/webcam\\\/italie\\\/webcam-etna\\\/#primaryimage\"},\"image\":{\"@id\":\"https:\\\/\\\/weather-radar-live.com\\\/fr\\\/webcam\\\/italie\\\/webcam-etna\\\/#primaryimage\"},\"thumbnailUrl\":\"https:\\\/\\\/weather-radar-live.com\\\/wp-content\\\/uploads\\\/2022\\\/08\\\/Webcam-Etna-e1660747871677.jpg\",\"datePublished\":\"2022-08-18T09:20:17+00:00\",\"dateModified\":\"2022-08-18T09:22:17+00:00\",\"description\":\"Webcam Etna | Livecam de l'Etna ! \u2705 Mis \u00e0 jour pour vous en temps r\u00e9el ! \u2705 Pr\u00e9visions m\u00e9t\u00e9orologiques actuelles !\",\"breadcrumb\":{\"@id\":\"https:\\\/\\\/weather-radar-live.com\\\/fr\\\/webcam\\\/italie\\\/webcam-etna\\\/#breadcrumb\"},\"inLanguage\":\"fr-FR\",\"potentialAction\":[{\"@type\":\"ReadAction\",\"target\":[\"https:\\\/\\\/weather-radar-live.com\\\/fr\\\/webcam\\\/italie\\\/webcam-etna\\\/\"]}]},{\"@type\":\"ImageObject\",\"inLanguage\":\"fr-FR\",\"@id\":\"https:\\\/\\\/weather-radar-live.com\\\/fr\\\/webcam\\\/italie\\\/webcam-etna\\\/#primaryimage\",\"url\":\"https:\\\/\\\/weather-radar-live.com\\\/wp-content\\\/uploads\\\/2022\\\/08\\\/Webcam-Etna-e1660747871677.jpg\",\"contentUrl\":\"https:\\\/\\\/weather-radar-live.com\\\/wp-content\\\/uploads\\\/2022\\\/08\\\/Webcam-Etna-e1660747871677.jpg\",\"width\":1896,\"height\":888,\"caption\":\"Webcam Etna\"},{\"@type\":\"BreadcrumbList\",\"@id\":\"https:\\\/\\\/weather-radar-live.com\\\/fr\\\/webcam\\\/italie\\\/webcam-etna\\\/#breadcrumb\",\"itemListElement\":[{\"@type\":\"ListItem\",\"position\":1,\"name\":\"Weather Radar Live\",\"item\":\"https:\\\/\\\/weather-radar-live.com\\\/fr\\\/\"},{\"@type\":\"ListItem\",\"position\":2,\"name\":\"Webcam\",\"item\":\"https:\\\/\\\/weather-radar-live.com\\\/fr\\\/webcam\\\/\"},{\"@type\":\"ListItem\",\"position\":3,\"name\":\"Italie\",\"item\":\"https:\\\/\\\/weather-radar-live.com\\\/fr\\\/webcam\\\/italie\\\/\"},{\"@type\":\"ListItem\",\"position\":4,\"name\":\"Webcam Etna\"}]},{\"@type\":\"WebSite\",\"@id\":\"https:\\\/\\\/weather-radar-live.com\\\/#website\",\"url\":\"https:\\\/\\\/weather-radar-live.com\\\/\",\"name\":\"weather-radar-live.com\",\"description\":\"Your weather and sky radar.\",\"publisher\":{\"@id\":\"https:\\\/\\\/weather-radar-live.com\\\/#organization\"},\"potentialAction\":[{\"@type\":\"SearchAction\",\"target\":{\"@type\":\"EntryPoint\",\"urlTemplate\":\"https:\\\/\\\/weather-radar-live.com\\\/?s={search_term_string}\"},\"query-input\":{\"@type\":\"PropertyValueSpecification\",\"valueRequired\":true,\"valueName\":\"search_term_string\"}}],\"inLanguage\":\"fr-FR\"},{\"@type\":\"Organization\",\"@id\":\"https:\\\/\\\/weather-radar-live.com\\\/#organization\",\"name\":\"weather-radar-live.com\",\"url\":\"https:\\\/\\\/weather-radar-live.com\\\/\",\"logo\":{\"@type\":\"ImageObject\",\"inLanguage\":\"fr-FR\",\"@id\":\"https:\\\/\\\/weather-radar-live.com\\\/#\\\/schema\\\/logo\\\/image\\\/\",\"url\":\"https:\\\/\\\/weather-radar-live.com\\\/wp-content\\\/uploads\\\/2022\\\/03\\\/cropped-WRL2503.png\",\"contentUrl\":\"https:\\\/\\\/weather-radar-live.com\\\/wp-content\\\/uploads\\\/2022\\\/03\\\/cropped-WRL2503.png\",\"width\":1920,\"height\":555,\"caption\":\"weather-radar-live.com\"},\"image\":{\"@id\":\"https:\\\/\\\/weather-radar-live.com\\\/#\\\/schema\\\/logo\\\/image\\\/\"}}]}<\/script>\n<!-- \/ Yoast SEO plugin. -->","yoast_head_json":{"title":"Webcam Etna \u2192 Regardez-le en direct !","description":"Webcam Etna | Livecam de l'Etna ! \u2705 Mis \u00e0 jour pour vous en temps r\u00e9el ! \u2705 Pr\u00e9visions m\u00e9t\u00e9orologiques actuelles !","robots":{"index":"index","follow":"follow","max-snippet":"max-snippet:-1","max-image-preview":"max-image-preview:large","max-video-preview":"max-video-preview:-1"},"canonical":"https:\/\/weather-radar-live.com\/fr\/webcam\/italie\/webcam-etna\/","og_locale":"fr_FR","og_type":"article","og_title":"Webcam Etna \u2192 Regardez-le en direct !","og_description":"Webcam Etna | Livecam de l'Etna ! \u2705 Mis \u00e0 jour pour vous en temps r\u00e9el ! \u2705 Pr\u00e9visions m\u00e9t\u00e9orologiques actuelles !","og_url":"https:\/\/weather-radar-live.com\/fr\/webcam\/italie\/webcam-etna\/","og_site_name":"weather-radar-live.com","article_modified_time":"2022-08-18T09:22:17+00:00","og_image":[{"width":1896,"height":888,"url":"https:\/\/weather-radar-live.com\/wp-content\/uploads\/2022\/08\/Webcam-Etna-e1660747871677.jpg","type":"image\/jpeg"}],"twitter_card":"summary_large_image","twitter_misc":{"Dur\u00e9e de lecture estim\u00e9e":"3 minutes"},"schema":{"@context":"https:\/\/schema.org","@graph":[{"@type":"WebPage","@id":"https:\/\/weather-radar-live.com\/fr\/webcam\/italie\/webcam-etna\/","url":"https:\/\/weather-radar-live.com\/fr\/webcam\/italie\/webcam-etna\/","name":"Webcam Etna \u2192 Regardez-le en direct !","isPartOf":{"@id":"https:\/\/weather-radar-live.com\/#website"},"primaryImageOfPage":{"@id":"https:\/\/weather-radar-live.com\/fr\/webcam\/italie\/webcam-etna\/#primaryimage"},"image":{"@id":"https:\/\/weather-radar-live.com\/fr\/webcam\/italie\/webcam-etna\/#primaryimage"},"thumbnailUrl":"https:\/\/weather-radar-live.com\/wp-content\/uploads\/2022\/08\/Webcam-Etna-e1660747871677.jpg","datePublished":"2022-08-18T09:20:17+00:00","dateModified":"2022-08-18T09:22:17+00:00","description":"Webcam Etna | Livecam de l'Etna ! \u2705 Mis \u00e0 jour pour vous en temps r\u00e9el ! \u2705 Pr\u00e9visions m\u00e9t\u00e9orologiques actuelles !","breadcrumb":{"@id":"https:\/\/weather-radar-live.com\/fr\/webcam\/italie\/webcam-etna\/#breadcrumb"},"inLanguage":"fr-FR","potentialAction":[{"@type":"ReadAction","target":["https:\/\/weather-radar-live.com\/fr\/webcam\/italie\/webcam-etna\/"]}]},{"@type":"ImageObject","inLanguage":"fr-FR","@id":"https:\/\/weather-radar-live.com\/fr\/webcam\/italie\/webcam-etna\/#primaryimage","url":"https:\/\/weather-radar-live.com\/wp-content\/uploads\/2022\/08\/Webcam-Etna-e1660747871677.jpg","contentUrl":"https:\/\/weather-radar-live.com\/wp-content\/uploads\/2022\/08\/Webcam-Etna-e1660747871677.jpg","width":1896,"height":888,"caption":"Webcam Etna"},{"@type":"BreadcrumbList","@id":"https:\/\/weather-radar-live.com\/fr\/webcam\/italie\/webcam-etna\/#breadcrumb","itemListElement":[{"@type":"ListItem","position":1,"name":"Weather Radar Live","item":"https:\/\/weather-radar-live.com\/fr\/"},{"@type":"ListItem","position":2,"name":"Webcam","item":"https:\/\/weather-radar-live.com\/fr\/webcam\/"},{"@type":"ListItem","position":3,"name":"Italie","item":"https:\/\/weather-radar-live.com\/fr\/webcam\/italie\/"},{"@type":"ListItem","position":4,"name":"Webcam Etna"}]},{"@type":"WebSite","@id":"https:\/\/weather-radar-live.com\/#website","url":"https:\/\/weather-radar-live.com\/","name":"weather-radar-live.com","description":"Your weather and sky radar.","publisher":{"@id":"https:\/\/weather-radar-live.com\/#organization"},"potentialAction":[{"@type":"SearchAction","target":{"@type":"EntryPoint","urlTemplate":"https:\/\/weather-radar-live.com\/?s={search_term_string}"},"query-input":{"@type":"PropertyValueSpecification","valueRequired":true,"valueName":"search_term_string"}}],"inLanguage":"fr-FR"},{"@type":"Organization","@id":"https:\/\/weather-radar-live.com\/#organization","name":"weather-radar-live.com","url":"https:\/\/weather-radar-live.com\/","logo":{"@type":"ImageObject","inLanguage":"fr-FR","@id":"https:\/\/weather-radar-live.com\/#\/schema\/logo\/image\/","url":"https:\/\/weather-radar-live.com\/wp-content\/uploads\/2022\/03\/cropped-WRL2503.png","contentUrl":"https:\/\/weather-radar-live.com\/wp-content\/uploads\/2022\/03\/cropped-WRL2503.png","width":1920,"height":555,"caption":"weather-radar-live.com"},"image":{"@id":"https:\/\/weather-radar-live.com\/#\/schema\/logo\/image\/"}}]}},"_links":{"self":[{"href":"https:\/\/weather-radar-live.com\/fr\/wp-json\/wp\/v2\/pages\/6833","targetHints":{"allow":["GET"]}}],"collection":[{"href":"https:\/\/weather-radar-live.com\/fr\/wp-json\/wp\/v2\/pages"}],"about":[{"href":"https:\/\/weather-radar-live.com\/fr\/wp-json\/wp\/v2\/types\/page"}],"author":[{"embeddable":true,"href":"https:\/\/weather-radar-live.com\/fr\/wp-json\/wp\/v2\/users\/1"}],"replies":[{"embeddable":true,"href":"https:\/\/weather-radar-live.com\/fr\/wp-json\/wp\/v2\/comments?post=6833"}],"version-history":[{"count":2,"href":"https:\/\/weather-radar-live.com\/fr\/wp-json\/wp\/v2\/pages\/6833\/revisions"}],"predecessor-version":[{"id":6852,"href":"https:\/\/weather-radar-live.com\/fr\/wp-json\/wp\/v2\/pages\/6833\/revisions\/6852"}],"up":[{"embeddable":true,"href":"https:\/\/weather-radar-live.com\/fr\/wp-json\/wp\/v2\/pages\/4309"}],"wp:featuredmedia":[{"embeddable":true,"href":"https:\/\/weather-radar-live.com\/fr\/wp-json\/wp\/v2\/media\/6821"}],"wp:attachment":[{"href":"https:\/\/weather-radar-live.com\/fr\/wp-json\/wp\/v2\/media?parent=6833"}],"curies":[{"name":"wp","href":"https:\/\/api.w.org\/{rel}","templated":true}]}}