{"id":6698,"date":"2022-08-15T15:23:39","date_gmt":"2022-08-15T13:23:39","guid":{"rendered":"https:\/\/weather-radar-live.com\/?page_id=6698"},"modified":"2022-08-15T15:27:01","modified_gmt":"2022-08-15T13:27:01","slug":"webcam-sottomarina","status":"publish","type":"page","link":"https:\/\/weather-radar-live.com\/fr\/webcam\/italie\/webcam-sottomarina\/","title":{"rendered":"Webcam Sottomarina"},"content":{"rendered":"<div id=\"weath-3431371050\" class=\"weath-vor-dem-inhalt weath-entity-placement\" style=\"margin-top: 15px;margin-right: 25px;margin-bottom: 40px;margin-left: 25px;\"><script async src=\"\/\/pagead2.googlesyndication.com\/pagead\/js\/adsbygoogle.js?client=ca-pub-8960936133935804\" crossorigin=\"anonymous\"><\/script><ins class=\"adsbygoogle\" style=\"display:block;\" data-ad-client=\"ca-pub-8960936133935804\" \ndata-ad-slot=\"6172817020\" \ndata-ad-format=\"auto\"><\/ins>\n<script> \n(adsbygoogle = window.adsbygoogle || []).push({}); \n<\/script>\n<\/div>\n<div class=\"wp-block-cover alignfull is-light\"><span aria-hidden=\"true\" class=\"wp-block-cover__gradient-background has-background-dim\"><\/span><img decoding=\"async\" class=\"wp-block-cover__image-background wp-image-342\" alt=\"Webcam Sottomarina\" src=\"https:\/\/weather-radar-live.com\/wp-content\/uploads\/2021\/06\/sam-schooler-E9aetBe2w40-unsplash-e1622554814366.jpg\" data-object-fit=\"cover\"\/><div class=\"wp-block-cover__inner-container is-layout-flow wp-block-cover-is-layout-flow\">\n<h2 class=\"has-text-align-center heading wp-block-heading\" id=\"webcam-fort-mahon\" style=\"font-size:40px;text-transform:uppercase\"><strong><mark style=\"background-color:rgba(0, 0, 0, 0)\" class=\"has-inline-color has-base-3-color\">WEBCAM <\/mark><\/strong><br><strong><mark style=\"background-color:rgba(0, 0, 0, 0)\" class=\"has-inline-color has-base-3-color\">Sottomarina<\/mark><\/strong><\/h2>\n<\/div><\/div>\n\n\n<div class=\"yoast-breadcrumbs\"><span><span><a href=\"https:\/\/weather-radar-live.com\/fr\/\">Weather Radar Live<\/a><\/span> \u00bb <span><a href=\"https:\/\/weather-radar-live.com\/fr\/webcam\/\">Webcam<\/a><\/span> \u00bb <span><a href=\"https:\/\/weather-radar-live.com\/fr\/webcam\/italie\/\">Italie<\/a><\/span> \u00bb <span class=\"breadcrumb_last\" aria-current=\"page\"><strong>Webcam Sottomarina<\/strong><\/span><\/span><\/div>\n\n\n<h2 class=\"has-text-align-center wp-block-heading\" id=\"webcam-fort-mahon\"><strong>Webcam Sottomarina<\/strong><\/h2>\n\n\n\n<p>Sottomarina borde une plage de sable avec location de chaises longues et des bars \u00e0 l&rsquo;ambiance relaxante. Il y a des toboggans et des piscines au parc aquatique Bagni Europa Acquaparco Idrofollie. Les restaurants du front de mer servent du poisson p\u00each\u00e9 localement et les clubs jouent de la musique latine apr\u00e8s le coucher du soleil. Non loin de la marina de San Felice se trouve la forteresse m\u00e9di\u00e9vale en forme d&rsquo;\u00e9toile du m\u00eame nom. Il y a \u00e9galement quelques campings dans la r\u00e9gion. Avec notre webcam Sottomarina, vous pouvez suivre la vie de cette station baln\u00e9aire italienne populaire depuis le confort de votre maison.<\/p>\n\n\n\n<p>Sottomarina, un district de Chioggia, est l&rsquo;une des stations baln\u00e9aires les plus populaires de la c\u00f4te nord de l&rsquo;Adriatique. La plage de Sottomarina s&rsquo;\u00e9tend au nord de la Diga de San Felice au sud jusqu&rsquo;\u00e0 la Diga sur la Brenta. Cette station baln\u00e9aire exclusive offre d\u00e9tente et confort. \u00c0 Sottomarina, vous pouvez passer des vacances de bien-\u00eatre et \u00e9galement pratiquer diverses activit\u00e9s sportives. Si vous avez un chien, vous pouvez l&rsquo;amener dans la station baln\u00e9aire, car des zones sp\u00e9ciales sont pr\u00e9vues pour les amis \u00e0 quatre pattes. Sur la c\u00f4te atlantique se trouvent divers parcs d&rsquo;attractions et parcs aquatiques qui vous offrent un riche programme de loisirs du matin au soir. En outre, le long du front de mer, vous trouverez un certain nombre de restaurants qui vous tenteront avec toutes sortes de nourriture.<\/p><div id=\"weath-3520845793\" class=\"weath-inhalt_2 weath-entity-placement\" style=\"margin-top: 15px;margin-right: 25px;margin-bottom: 35px;margin-left: 25px;\"><script async src=\"\/\/pagead2.googlesyndication.com\/pagead\/js\/adsbygoogle.js?client=ca-pub-8960936133935804\" crossorigin=\"anonymous\"><\/script><ins class=\"adsbygoogle\" style=\"display:block;\" data-ad-client=\"ca-pub-8960936133935804\" \ndata-ad-slot=\"1963584050\" \ndata-ad-format=\"auto\"><\/ins>\n<script> \n(adsbygoogle = window.adsbygoogle || []).push({}); \n<\/script>\n<\/div>\n\n\n\n<div class=\"wp-block-columns is-layout-flex wp-container-core-columns-is-layout-9d6595d7 wp-block-columns-is-layout-flex\">\n<div class=\"wp-block-column webcam-column is-layout-flow wp-block-column-is-layout-flow\">\n<h3 class=\"has-text-align-center wp-block-heading\"> \ud83d\udd34 <strong>Webcam<\/strong> <strong><strong><strong>Sottomarina<\/strong><\/strong><\/strong> &#8211; H\u00f4tel Park Chioggia<\/h3>\n\n\n\n<figure class=\"wp-block-embed is-type-video is-provider-youtube wp-block-embed-youtube wp-embed-aspect-16-9 wp-has-aspect-ratio\"><div class=\"wp-block-embed__wrapper\">\n<iframe loading=\"lazy\" title=\"\ud83d\udd34 Chioggia Sottomarina Live Webcam - Live Streaming from Hotel Park Chioggia (Venice) - Live HD\" width=\"1200\" height=\"675\" src=\"https:\/\/www.youtube.com\/embed\/1pf1qjYpHlY?feature=oembed\" frameborder=\"0\" allow=\"accelerometer; autoplay; clipboard-write; encrypted-media; gyroscope; picture-in-picture\" allowfullscreen><\/iframe>\n<\/div><\/figure>\n<\/div>\n\n\n\n<div class=\"wp-block-column webcam-column is-layout-flow wp-block-column-is-layout-flow\">\n<h3 class=\"has-text-align-center wp-block-heading\"> \ud83d\udd34 <strong>Webcam <strong><strong>Sottomarina<\/strong><\/strong><\/strong> &#8211; Bagni Miki<\/h3>\n\n\n\n<figure class=\"wp-block-embed is-type-video is-provider-youtube wp-block-embed-youtube wp-embed-aspect-16-9 wp-has-aspect-ratio\"><div class=\"wp-block-embed__wrapper\">\n<iframe loading=\"lazy\" title=\"\ud83d\udd34 Bagni Miki - Chioggia Sottomarina (Venezia) - Live Full HD\" width=\"1200\" height=\"675\" src=\"https:\/\/www.youtube.com\/embed\/hMqdGiuzlP0?feature=oembed\" frameborder=\"0\" allow=\"accelerometer; autoplay; clipboard-write; encrypted-media; gyroscope; picture-in-picture\" allowfullscreen><\/iframe>\n<\/div><\/figure>\n<\/div>\n<\/div>\n\n\n\n<div class=\"wp-block-columns is-layout-flex wp-container-core-columns-is-layout-9d6595d7 wp-block-columns-is-layout-flex\">\n<div class=\"wp-block-column webcam-column is-layout-flow wp-block-column-is-layout-flow\">\n<h3 class=\"has-text-align-center wp-block-heading\"> \ud83d\udd34 <strong>Webcam<\/strong> <strong><strong><strong>Sottomarina<\/strong><\/strong><\/strong> &#8211; Chioggia<\/h3>\n\n\n\n<figure class=\"wp-block-embed is-type-video is-provider-youtube wp-block-embed-youtube wp-embed-aspect-16-9 wp-has-aspect-ratio\"><div class=\"wp-block-embed__wrapper\">\n<iframe loading=\"lazy\" title=\"\ud83d\udd34 Webcam - Live Streaming from Chioggia Sottomarina (Venezia) - Live HD\" width=\"1200\" height=\"675\" src=\"https:\/\/www.youtube.com\/embed\/rcm6kmLUggg?feature=oembed\" frameborder=\"0\" allow=\"accelerometer; autoplay; clipboard-write; encrypted-media; gyroscope; picture-in-picture\" allowfullscreen><\/iframe>\n<\/div><\/figure>\n<\/div>\n\n\n\n<div class=\"wp-block-column webcam-column is-layout-flow wp-block-column-is-layout-flow\">\n<h3 class=\"has-text-align-center wp-block-heading\"> \ud83d\udd34 <strong>Webcam <strong><strong><strong><strong><strong>Sottomarina<\/strong><\/strong><\/strong><\/strong><\/strong><\/strong> &#8211; Spiaggia di Sottomarina<\/h3>\n\n\n\n<a name=\"windy-webcam-timelapse-player\" data-id=\"1462747477\" data-play=\"day\" href=\"https:\/\/windy.com\/webcams\/1462747477\" target=\"_blank\" rel=\"noopener\">Chioggia : Sottomarina &#8211; Spiaggia di Sottomarina<\/a><script async=\"\" type=\"text\/javascript\" src=\"https:\/\/webcams.windy.com\/webcams\/public\/embed\/script\/player.js\"><\/script>\n<\/div>\n<\/div>\n\n\n\n<h2 class=\"wp-block-heading\" id=\"fort-mahon-today\"><strong>Radar m\u00e9t\u00e9o Sottomarina &#8211; Le temps qu&rsquo;il fait \u00e0 Sottomarina<\/strong><\/h2>\n\n\n\n<p>La webcam Sottomarina vous offre non seulement une excellente vue du temps qu&rsquo;il fait gr\u00e2ce \u00e0 des images en direct, mais elle vous fournit \u00e9galement un radar m\u00e9t\u00e9o sp\u00e9cial. Avec le radar m\u00e9t\u00e9o, vous \u00eates toujours au courant de l&rsquo;\u00e9volution du temps \u00e0 Sottomarina dans un futur proche. Le radar de la webcam montre les zones o\u00f9 les pr\u00e9cipitations tombent en diff\u00e9rentes couleurs. Les nuances de vert et de bleu indiquent que seules de l\u00e9g\u00e8res pr\u00e9cipitations sont attendues. Le violet et le rouge, en revanche, repr\u00e9sentent des quantit\u00e9s tr\u00e8s \u00e9lev\u00e9es de pr\u00e9cipitations. Si un orage est attendu, le radar m\u00e9t\u00e9orologique affiche un petit symbole d&rsquo;\u00e9clair.<\/p>\n\n\n\n<div class=\"wp-block-columns is-layout-flex wp-container-core-columns-is-layout-9d6595d7 wp-block-columns-is-layout-flex\">\n<div class=\"wp-block-column is-layout-flow wp-block-column-is-layout-flow\" style=\"flex-basis:75%\">\n<iframe loading=\"lazy\" width=\"1300\" height=\"502\" src=\"https:\/\/embed.windy.com\/embed2.html?lat=45.216&amp;lon=12.337&amp;detailLat=49.456&amp;detailLon=11.106&amp;width=1300&amp;height=502&amp;zoom=10&amp;level=surface&amp;overlay=radar&amp;product=radar&amp;menu=&amp;message=&amp;marker=&amp;calendar=now&amp;pressure=&amp;type=map&amp;location=coordinates&amp;detail=&amp;metricWind=default&amp;metricTemp=default&amp;radarRange=-1\" frameborder=\"0\"><\/iframe>\n<\/div>\n\n\n\n<div class=\"wp-block-column is-layout-flow wp-block-column-is-layout-flow\" style=\"flex-basis:25%\">\n<a class=\"weatherwidget-io\" href=\"https:\/\/forecast7.com\/fr\/45d2112d29\/sottomarina\/\" data-label_1=\"SOTTOMARINA\" data-theme=\"original\" >SOTTOMARINA<\/a>\n<script>\n!function(d,s,id){var js,fjs=d.getElementsByTagName(s)[0];if(!d.getElementById(id)){js=d.createElement(s);js.id=id;js.src='https:\/\/weatherwidget.io\/js\/widget.min.js';fjs.parentNode.insertBefore(js,fjs);}}(document,'script','weatherwidget-io-js');\n<\/script>\n<\/div>\n<\/div>\n\n\n\n<h2 class=\"wp-block-heading\" id=\"fort-mahon-weather\"><strong>Le climat en Sottomarina<\/strong><\/h2>\n\n\n\n<p>Les conditions climatiques de Sottomarina peuvent \u00eatre d\u00e9crites comme un climat m\u00e9diterran\u00e9en avec un \u00e9t\u00e9 chaud. Situ\u00e9e dans l&rsquo;h\u00e9misph\u00e8re nord, la station baln\u00e9aire conna\u00eet son \u00e9t\u00e9 de juin \u00e0 ao\u00fbt. La temp\u00e9rature de l&rsquo;eau atteint jusqu&rsquo;\u00e0 26 \u00b0C en \u00e9t\u00e9. Les heures d&rsquo;ensoleillement \u00e0 Sottomarina, Italie, sont d&rsquo;environ 3 008 par an. Le taux d&rsquo;humidit\u00e9 est le plus \u00e9lev\u00e9 en janvier, avec 81 %. En juin\/juillet, cependant, l&rsquo;humidit\u00e9 relative ne d\u00e9passe g\u00e9n\u00e9ralement pas 50 pour cent. Le mois le plus froid est janvier avec une moyenne de 2 \u00b0C. En juillet, les temp\u00e9ratures sont mesur\u00e9es autour de 29 \u00b0C.<\/p>\n\n\n\n<h2 class=\"wp-block-heading\"><strong>Attractions \u00e0 Sottomarina<\/strong><\/h2>\n\n\n\n<p>\u00c0 Sottomarina, vous pouvez vous attendre \u00e0 plus de dix kilom\u00e8tres de plages et \u00e0 plusieurs promenades en front de mer. Si vous voulez faire du sport, le kitesurf et la planche \u00e0 voile sont parfaits pour vous. Ou que diriez-vous de louer un yacht dans le port et de naviguer sur la magnifique mer Adriatique ? Si vous pr\u00e9f\u00e9rez rester sur la terre ferme, nous vous recommandons de visiter le Mercato del Pesce, un march\u00e9 aux poissons traditionnel qui se tient r\u00e9guli\u00e8rement dans le centre de la ville. Pensez \u00e9galement \u00e0 visiter le Museo dell&rsquo;Orologio (mus\u00e9e de l&rsquo;horloge) ou le Museo di Zoologia Adriatica, une exposition o\u00f9 vous pourrez vous plonger dans le monde de la mer.<\/p>\n","protected":false},"excerpt":{"rendered":"<p>Webcam Sottomarina Sottomarina borde une plage de sable avec location de chaises longues et des bars \u00e0 l&rsquo;ambiance relaxante. Il y a des toboggans et des piscines au parc aquatique Bagni Europa Acquaparco Idrofollie. Les restaurants du front de mer servent du poisson p\u00each\u00e9 localement et les clubs jouent de la musique latine apr\u00e8s le &#8230; <a title=\"Webcam Sottomarina\" class=\"read-more\" href=\"https:\/\/weather-radar-live.com\/fr\/webcam\/italie\/webcam-sottomarina\/\" aria-label=\"En savoir plus sur Webcam Sottomarina\">Lire la suite<\/a><\/p>\n","protected":false},"author":1,"featured_media":6683,"parent":4309,"menu_order":0,"comment_status":"closed","ping_status":"closed","template":"","meta":{"footnotes":""},"class_list":["post-6698","page","type-page","status-publish","has-post-thumbnail"],"yoast_head":"<!-- This site is optimized with the Yoast SEO plugin v27.4 - https:\/\/yoast.com\/product\/yoast-seo-wordpress\/ -->\n<title>Webcam Sottomarina \u2192 Regardez-le en direct !<\/title>\n<meta name=\"description\" content=\"Webcam Sottomarina | Livecam de Sottomarina ! \u2705 Mis \u00e0 jour pour vous en temps r\u00e9el ! \u2705 Pr\u00e9visions m\u00e9t\u00e9orologiques actuelles !\" \/>\n<meta name=\"robots\" content=\"index, follow, max-snippet:-1, max-image-preview:large, max-video-preview:-1\" \/>\n<link rel=\"canonical\" href=\"https:\/\/weather-radar-live.com\/fr\/webcam\/italie\/webcam-sottomarina\/\" \/>\n<meta property=\"og:locale\" content=\"fr_FR\" \/>\n<meta property=\"og:type\" content=\"article\" \/>\n<meta property=\"og:title\" content=\"Webcam Sottomarina \u2192 Regardez-le en direct !\" \/>\n<meta property=\"og:description\" content=\"Webcam Sottomarina | Livecam de Sottomarina ! \u2705 Mis \u00e0 jour pour vous en temps r\u00e9el ! \u2705 Pr\u00e9visions m\u00e9t\u00e9orologiques actuelles !\" \/>\n<meta property=\"og:url\" content=\"https:\/\/weather-radar-live.com\/fr\/webcam\/italie\/webcam-sottomarina\/\" \/>\n<meta property=\"og:site_name\" content=\"weather-radar-live.com\" \/>\n<meta property=\"article:modified_time\" content=\"2022-08-15T13:27:01+00:00\" \/>\n<meta property=\"og:image\" content=\"https:\/\/weather-radar-live.com\/wp-content\/uploads\/2022\/08\/Webcam-Sottomarina-e1660568507794.jpg\" \/>\n\t<meta property=\"og:image:width\" content=\"375\" \/>\n\t<meta property=\"og:image:height\" content=\"246\" \/>\n\t<meta property=\"og:image:type\" content=\"image\/jpeg\" \/>\n<meta name=\"twitter:card\" content=\"summary_large_image\" \/>\n<meta name=\"twitter:label1\" content=\"Dur\u00e9e de lecture estim\u00e9e\" \/>\n\t<meta name=\"twitter:data1\" content=\"3 minutes\" \/>\n<script type=\"application\/ld+json\" class=\"yoast-schema-graph\">{\"@context\":\"https:\\\/\\\/schema.org\",\"@graph\":[{\"@type\":\"WebPage\",\"@id\":\"https:\\\/\\\/weather-radar-live.com\\\/fr\\\/webcam\\\/italie\\\/webcam-sottomarina\\\/\",\"url\":\"https:\\\/\\\/weather-radar-live.com\\\/fr\\\/webcam\\\/italie\\\/webcam-sottomarina\\\/\",\"name\":\"Webcam Sottomarina \u2192 Regardez-le en direct !\",\"isPartOf\":{\"@id\":\"https:\\\/\\\/weather-radar-live.com\\\/#website\"},\"primaryImageOfPage\":{\"@id\":\"https:\\\/\\\/weather-radar-live.com\\\/fr\\\/webcam\\\/italie\\\/webcam-sottomarina\\\/#primaryimage\"},\"image\":{\"@id\":\"https:\\\/\\\/weather-radar-live.com\\\/fr\\\/webcam\\\/italie\\\/webcam-sottomarina\\\/#primaryimage\"},\"thumbnailUrl\":\"https:\\\/\\\/weather-radar-live.com\\\/wp-content\\\/uploads\\\/2022\\\/08\\\/Webcam-Sottomarina-e1660568507794.jpg\",\"datePublished\":\"2022-08-15T13:23:39+00:00\",\"dateModified\":\"2022-08-15T13:27:01+00:00\",\"description\":\"Webcam Sottomarina | Livecam de Sottomarina ! \u2705 Mis \u00e0 jour pour vous en temps r\u00e9el ! \u2705 Pr\u00e9visions m\u00e9t\u00e9orologiques actuelles !\",\"breadcrumb\":{\"@id\":\"https:\\\/\\\/weather-radar-live.com\\\/fr\\\/webcam\\\/italie\\\/webcam-sottomarina\\\/#breadcrumb\"},\"inLanguage\":\"fr-FR\",\"potentialAction\":[{\"@type\":\"ReadAction\",\"target\":[\"https:\\\/\\\/weather-radar-live.com\\\/fr\\\/webcam\\\/italie\\\/webcam-sottomarina\\\/\"]}]},{\"@type\":\"ImageObject\",\"inLanguage\":\"fr-FR\",\"@id\":\"https:\\\/\\\/weather-radar-live.com\\\/fr\\\/webcam\\\/italie\\\/webcam-sottomarina\\\/#primaryimage\",\"url\":\"https:\\\/\\\/weather-radar-live.com\\\/wp-content\\\/uploads\\\/2022\\\/08\\\/Webcam-Sottomarina-e1660568507794.jpg\",\"contentUrl\":\"https:\\\/\\\/weather-radar-live.com\\\/wp-content\\\/uploads\\\/2022\\\/08\\\/Webcam-Sottomarina-e1660568507794.jpg\",\"width\":375,\"height\":246,\"caption\":\"Webcam-Sottomarina\"},{\"@type\":\"BreadcrumbList\",\"@id\":\"https:\\\/\\\/weather-radar-live.com\\\/fr\\\/webcam\\\/italie\\\/webcam-sottomarina\\\/#breadcrumb\",\"itemListElement\":[{\"@type\":\"ListItem\",\"position\":1,\"name\":\"Weather Radar Live\",\"item\":\"https:\\\/\\\/weather-radar-live.com\\\/fr\\\/\"},{\"@type\":\"ListItem\",\"position\":2,\"name\":\"Webcam\",\"item\":\"https:\\\/\\\/weather-radar-live.com\\\/fr\\\/webcam\\\/\"},{\"@type\":\"ListItem\",\"position\":3,\"name\":\"Italie\",\"item\":\"https:\\\/\\\/weather-radar-live.com\\\/fr\\\/webcam\\\/italie\\\/\"},{\"@type\":\"ListItem\",\"position\":4,\"name\":\"Webcam Sottomarina\"}]},{\"@type\":\"WebSite\",\"@id\":\"https:\\\/\\\/weather-radar-live.com\\\/#website\",\"url\":\"https:\\\/\\\/weather-radar-live.com\\\/\",\"name\":\"weather-radar-live.com\",\"description\":\"Your weather and sky radar.\",\"publisher\":{\"@id\":\"https:\\\/\\\/weather-radar-live.com\\\/#organization\"},\"potentialAction\":[{\"@type\":\"SearchAction\",\"target\":{\"@type\":\"EntryPoint\",\"urlTemplate\":\"https:\\\/\\\/weather-radar-live.com\\\/?s={search_term_string}\"},\"query-input\":{\"@type\":\"PropertyValueSpecification\",\"valueRequired\":true,\"valueName\":\"search_term_string\"}}],\"inLanguage\":\"fr-FR\"},{\"@type\":\"Organization\",\"@id\":\"https:\\\/\\\/weather-radar-live.com\\\/#organization\",\"name\":\"weather-radar-live.com\",\"url\":\"https:\\\/\\\/weather-radar-live.com\\\/\",\"logo\":{\"@type\":\"ImageObject\",\"inLanguage\":\"fr-FR\",\"@id\":\"https:\\\/\\\/weather-radar-live.com\\\/#\\\/schema\\\/logo\\\/image\\\/\",\"url\":\"https:\\\/\\\/weather-radar-live.com\\\/wp-content\\\/uploads\\\/2022\\\/03\\\/cropped-WRL2503.png\",\"contentUrl\":\"https:\\\/\\\/weather-radar-live.com\\\/wp-content\\\/uploads\\\/2022\\\/03\\\/cropped-WRL2503.png\",\"width\":1920,\"height\":555,\"caption\":\"weather-radar-live.com\"},\"image\":{\"@id\":\"https:\\\/\\\/weather-radar-live.com\\\/#\\\/schema\\\/logo\\\/image\\\/\"}}]}<\/script>\n<!-- \/ Yoast SEO plugin. -->","yoast_head_json":{"title":"Webcam Sottomarina \u2192 Regardez-le en direct !","description":"Webcam Sottomarina | Livecam de Sottomarina ! \u2705 Mis \u00e0 jour pour vous en temps r\u00e9el ! \u2705 Pr\u00e9visions m\u00e9t\u00e9orologiques actuelles !","robots":{"index":"index","follow":"follow","max-snippet":"max-snippet:-1","max-image-preview":"max-image-preview:large","max-video-preview":"max-video-preview:-1"},"canonical":"https:\/\/weather-radar-live.com\/fr\/webcam\/italie\/webcam-sottomarina\/","og_locale":"fr_FR","og_type":"article","og_title":"Webcam Sottomarina \u2192 Regardez-le en direct !","og_description":"Webcam Sottomarina | Livecam de Sottomarina ! \u2705 Mis \u00e0 jour pour vous en temps r\u00e9el ! \u2705 Pr\u00e9visions m\u00e9t\u00e9orologiques actuelles !","og_url":"https:\/\/weather-radar-live.com\/fr\/webcam\/italie\/webcam-sottomarina\/","og_site_name":"weather-radar-live.com","article_modified_time":"2022-08-15T13:27:01+00:00","og_image":[{"width":375,"height":246,"url":"https:\/\/weather-radar-live.com\/wp-content\/uploads\/2022\/08\/Webcam-Sottomarina-e1660568507794.jpg","type":"image\/jpeg"}],"twitter_card":"summary_large_image","twitter_misc":{"Dur\u00e9e de lecture estim\u00e9e":"3 minutes"},"schema":{"@context":"https:\/\/schema.org","@graph":[{"@type":"WebPage","@id":"https:\/\/weather-radar-live.com\/fr\/webcam\/italie\/webcam-sottomarina\/","url":"https:\/\/weather-radar-live.com\/fr\/webcam\/italie\/webcam-sottomarina\/","name":"Webcam Sottomarina \u2192 Regardez-le en direct !","isPartOf":{"@id":"https:\/\/weather-radar-live.com\/#website"},"primaryImageOfPage":{"@id":"https:\/\/weather-radar-live.com\/fr\/webcam\/italie\/webcam-sottomarina\/#primaryimage"},"image":{"@id":"https:\/\/weather-radar-live.com\/fr\/webcam\/italie\/webcam-sottomarina\/#primaryimage"},"thumbnailUrl":"https:\/\/weather-radar-live.com\/wp-content\/uploads\/2022\/08\/Webcam-Sottomarina-e1660568507794.jpg","datePublished":"2022-08-15T13:23:39+00:00","dateModified":"2022-08-15T13:27:01+00:00","description":"Webcam Sottomarina | Livecam de Sottomarina ! \u2705 Mis \u00e0 jour pour vous en temps r\u00e9el ! \u2705 Pr\u00e9visions m\u00e9t\u00e9orologiques actuelles !","breadcrumb":{"@id":"https:\/\/weather-radar-live.com\/fr\/webcam\/italie\/webcam-sottomarina\/#breadcrumb"},"inLanguage":"fr-FR","potentialAction":[{"@type":"ReadAction","target":["https:\/\/weather-radar-live.com\/fr\/webcam\/italie\/webcam-sottomarina\/"]}]},{"@type":"ImageObject","inLanguage":"fr-FR","@id":"https:\/\/weather-radar-live.com\/fr\/webcam\/italie\/webcam-sottomarina\/#primaryimage","url":"https:\/\/weather-radar-live.com\/wp-content\/uploads\/2022\/08\/Webcam-Sottomarina-e1660568507794.jpg","contentUrl":"https:\/\/weather-radar-live.com\/wp-content\/uploads\/2022\/08\/Webcam-Sottomarina-e1660568507794.jpg","width":375,"height":246,"caption":"Webcam-Sottomarina"},{"@type":"BreadcrumbList","@id":"https:\/\/weather-radar-live.com\/fr\/webcam\/italie\/webcam-sottomarina\/#breadcrumb","itemListElement":[{"@type":"ListItem","position":1,"name":"Weather Radar Live","item":"https:\/\/weather-radar-live.com\/fr\/"},{"@type":"ListItem","position":2,"name":"Webcam","item":"https:\/\/weather-radar-live.com\/fr\/webcam\/"},{"@type":"ListItem","position":3,"name":"Italie","item":"https:\/\/weather-radar-live.com\/fr\/webcam\/italie\/"},{"@type":"ListItem","position":4,"name":"Webcam Sottomarina"}]},{"@type":"WebSite","@id":"https:\/\/weather-radar-live.com\/#website","url":"https:\/\/weather-radar-live.com\/","name":"weather-radar-live.com","description":"Your weather and sky radar.","publisher":{"@id":"https:\/\/weather-radar-live.com\/#organization"},"potentialAction":[{"@type":"SearchAction","target":{"@type":"EntryPoint","urlTemplate":"https:\/\/weather-radar-live.com\/?s={search_term_string}"},"query-input":{"@type":"PropertyValueSpecification","valueRequired":true,"valueName":"search_term_string"}}],"inLanguage":"fr-FR"},{"@type":"Organization","@id":"https:\/\/weather-radar-live.com\/#organization","name":"weather-radar-live.com","url":"https:\/\/weather-radar-live.com\/","logo":{"@type":"ImageObject","inLanguage":"fr-FR","@id":"https:\/\/weather-radar-live.com\/#\/schema\/logo\/image\/","url":"https:\/\/weather-radar-live.com\/wp-content\/uploads\/2022\/03\/cropped-WRL2503.png","contentUrl":"https:\/\/weather-radar-live.com\/wp-content\/uploads\/2022\/03\/cropped-WRL2503.png","width":1920,"height":555,"caption":"weather-radar-live.com"},"image":{"@id":"https:\/\/weather-radar-live.com\/#\/schema\/logo\/image\/"}}]}},"_links":{"self":[{"href":"https:\/\/weather-radar-live.com\/fr\/wp-json\/wp\/v2\/pages\/6698","targetHints":{"allow":["GET"]}}],"collection":[{"href":"https:\/\/weather-radar-live.com\/fr\/wp-json\/wp\/v2\/pages"}],"about":[{"href":"https:\/\/weather-radar-live.com\/fr\/wp-json\/wp\/v2\/types\/page"}],"author":[{"embeddable":true,"href":"https:\/\/weather-radar-live.com\/fr\/wp-json\/wp\/v2\/users\/1"}],"replies":[{"embeddable":true,"href":"https:\/\/weather-radar-live.com\/fr\/wp-json\/wp\/v2\/comments?post=6698"}],"version-history":[{"count":2,"href":"https:\/\/weather-radar-live.com\/fr\/wp-json\/wp\/v2\/pages\/6698\/revisions"}],"predecessor-version":[{"id":6745,"href":"https:\/\/weather-radar-live.com\/fr\/wp-json\/wp\/v2\/pages\/6698\/revisions\/6745"}],"up":[{"embeddable":true,"href":"https:\/\/weather-radar-live.com\/fr\/wp-json\/wp\/v2\/pages\/4309"}],"wp:featuredmedia":[{"embeddable":true,"href":"https:\/\/weather-radar-live.com\/fr\/wp-json\/wp\/v2\/media\/6683"}],"wp:attachment":[{"href":"https:\/\/weather-radar-live.com\/fr\/wp-json\/wp\/v2\/media?parent=6698"}],"curies":[{"name":"wp","href":"https:\/\/api.w.org\/{rel}","templated":true}]}}