{"id":6631,"date":"2022-08-13T13:39:18","date_gmt":"2022-08-13T11:39:18","guid":{"rendered":"https:\/\/weather-radar-live.com\/?page_id=6631"},"modified":"2022-08-13T13:41:29","modified_gmt":"2022-08-13T11:41:29","slug":"webcam-castelluccio","status":"publish","type":"page","link":"https:\/\/weather-radar-live.com\/fr\/webcam\/italie\/webcam-castelluccio\/","title":{"rendered":"Webcam Castelluccio"},"content":{"rendered":"<div id=\"weath-2034456855\" class=\"weath-vor-dem-inhalt weath-entity-placement\" style=\"margin-top: 15px;margin-right: 25px;margin-bottom: 40px;margin-left: 25px;\"><script async src=\"\/\/pagead2.googlesyndication.com\/pagead\/js\/adsbygoogle.js?client=ca-pub-8960936133935804\" crossorigin=\"anonymous\"><\/script><ins class=\"adsbygoogle\" style=\"display:block;\" data-ad-client=\"ca-pub-8960936133935804\" \ndata-ad-slot=\"6172817020\" \ndata-ad-format=\"auto\"><\/ins>\n<script> \n(adsbygoogle = window.adsbygoogle || []).push({}); \n<\/script>\n<\/div>\n<div class=\"wp-block-cover alignfull is-light\"><span aria-hidden=\"true\" class=\"wp-block-cover__gradient-background has-background-dim\"><\/span><img decoding=\"async\" class=\"wp-block-cover__image-background wp-image-342\" alt=\"Webcam Castelluccio\n\" src=\"https:\/\/weather-radar-live.com\/wp-content\/uploads\/2021\/06\/sam-schooler-E9aetBe2w40-unsplash-e1622554814366.jpg\" data-object-fit=\"cover\"\/><div class=\"wp-block-cover__inner-container is-layout-flow wp-block-cover-is-layout-flow\">\n<h2 class=\"has-text-align-center heading wp-block-heading\" id=\"webcam-fort-mahon\" style=\"font-size:40px\"><strong><mark style=\"background-color:rgba(0, 0, 0, 0)\" class=\"has-inline-color has-base-3-color\">WEBCAM <\/mark><\/strong><br><strong><mark style=\"background-color:rgba(0, 0, 0, 0)\" class=\"has-inline-color has-base-3-color\">CASTELLUCCIO<\/mark><\/strong><\/h2>\n<\/div><\/div>\n\n\n<div class=\"yoast-breadcrumbs\"><span><span><a href=\"https:\/\/weather-radar-live.com\/fr\/\">Weather Radar Live<\/a><\/span> \u00bb <span><a href=\"https:\/\/weather-radar-live.com\/fr\/webcam\/\">Webcam<\/a><\/span> \u00bb <span><a href=\"https:\/\/weather-radar-live.com\/fr\/webcam\/italie\/\">Italie<\/a><\/span> \u00bb <span class=\"breadcrumb_last\" aria-current=\"page\"><strong>Webcam Castelluccio<\/strong><\/span><\/span><\/div>\n\n\n<h2 class=\"has-text-align-center wp-block-heading\" id=\"webcam-fort-mahon\"><strong>Webcam Castelluccio<\/strong><\/h2>\n\n\n\n<p>Le village italien de Castelluccio est situ\u00e9 entre les Marches et l&rsquo;Ombrie \u00e0 une altitude de 1450 m\u00e8tres sur un plateau karstique qui a \u00e9merg\u00e9 d&rsquo;un lac de l&rsquo;\u00e8re glaciaire. Tel un paysage lunaire, le village s&rsquo;\u00e9tend au milieu de montagnes d\u00e9nud\u00e9es, de vastes prairies et de nombreux champs. Plongez dans le paysage pittoresque du hameau avec notre webcam Castelluccio.<\/p>\n\n\n\n<p>L&rsquo;agriculture traditionnelle avec la culture et l&rsquo;\u00e9levage de moutons caract\u00e9rise le village de Castellucio, qui est particuli\u00e8rement connu pour ses lentilles. Celles-ci ont une peau tr\u00e8s fine, c&rsquo;est pourquoi elles n&rsquo;ont pas besoin d&rsquo;\u00eatre tremp\u00e9es et ont un temps de cuisson court. Mais non seulement les lentilles r\u00e9colt\u00e9es, mais aussi les fleurs des plants de lentilles offrent un spectacle de couleurs unique autour du village. Car chaque ann\u00e9e, entre mai et juin, les plants de lentilles commencent \u00e0 fleurir avec d&rsquo;autres fleurs sauvages et transforment le paysage autrement aride en une mer de fleurs \u00e0 couper le souffle.<\/p><div id=\"weath-1023093822\" class=\"weath-inhalt_2 weath-entity-placement\" style=\"margin-top: 15px;margin-right: 25px;margin-bottom: 35px;margin-left: 25px;\"><script async src=\"\/\/pagead2.googlesyndication.com\/pagead\/js\/adsbygoogle.js?client=ca-pub-8960936133935804\" crossorigin=\"anonymous\"><\/script><ins class=\"adsbygoogle\" style=\"display:block;\" data-ad-client=\"ca-pub-8960936133935804\" \ndata-ad-slot=\"1963584050\" \ndata-ad-format=\"auto\"><\/ins>\n<script> \n(adsbygoogle = window.adsbygoogle || []).push({}); \n<\/script>\n<\/div>\n\n\n\n<div class=\"wp-block-columns is-layout-flex wp-container-core-columns-is-layout-9d6595d7 wp-block-columns-is-layout-flex\">\n<div class=\"wp-block-column webcam-column is-layout-flow wp-block-column-is-layout-flow\">\n<h3 class=\"has-text-align-center wp-block-heading\"> \ud83d\udd34 <strong>Webcam<\/strong> <strong>Castelluccio<\/strong> &#8211; Monte Vettore<\/h3>\n\n\n\n<a name=\"windy-webcam-timelapse-player\" data-id=\"1452601876\" data-play=\"day\" href=\"https:\/\/windy.com\/webcams\/1452601876\" target=\"_blank\" rel=\"noopener\">Capolona : Castelluccio &#8211; Monte Vettore<\/a><script async=\"\" type=\"text\/javascript\" src=\"https:\/\/webcams.windy.com\/webcams\/public\/embed\/script\/player.js\"><\/script>\n<\/div>\n\n\n\n<div class=\"wp-block-column webcam-column is-layout-flow wp-block-column-is-layout-flow\">\n<h3 class=\"has-text-align-center wp-block-heading\"> \ud83d\udd34 <strong>Webcam Castelluccio<\/strong> &#8211; Norcia<\/h3>\n\n\n\n<a name=\"windy-webcam-timelapse-player\" data-id=\"1646395320\" data-play=\"day\" href=\"https:\/\/windy.com\/webcams\/1646395320\" target=\"_blank\" rel=\"noopener\">Norcia<\/a><script async=\"\" type=\"text\/javascript\" src=\"https:\/\/webcams.windy.com\/webcams\/public\/embed\/script\/player.js\"><\/script>\n<\/div>\n<\/div>\n\n\n\n<div class=\"wp-block-columns is-layout-flex wp-container-core-columns-is-layout-9d6595d7 wp-block-columns-is-layout-flex\">\n<div class=\"wp-block-column webcam-column is-layout-flow wp-block-column-is-layout-flow\">\n<h3 class=\"has-text-align-center wp-block-heading\"> \ud83d\udd34 <strong>Webcam<\/strong> <strong><strong>Castelluccio<\/strong><\/strong> &#8211; Via delle Fate<\/h3>\n\n\n\n<a name=\"windy-webcam-timelapse-player\" data-id=\"1646395411\" data-play=\"day\" href=\"https:\/\/windy.com\/webcams\/1646395411\" target=\"_blank\" rel=\"noopener\">Norcia<\/a><script async=\"\" type=\"text\/javascript\" src=\"https:\/\/webcams.windy.com\/webcams\/public\/embed\/script\/player.js\"><\/script>\n<\/div>\n\n\n\n<div class=\"wp-block-column webcam-column is-layout-flow wp-block-column-is-layout-flow\">\n<h3 class=\"has-text-align-center wp-block-heading\"> \ud83d\udd34 <strong>Webcam <strong>Castelluccio<\/strong><\/strong> &#8211; Norcia Est<\/h3>\n\n\n\n<a name=\"windy-webcam-timelapse-player\" data-id=\"1646395099\" data-play=\"day\" href=\"https:\/\/windy.com\/webcams\/1646395099\" target=\"_blank\" rel=\"noopener\">Norcia<\/a><script async=\"\" type=\"text\/javascript\" src=\"https:\/\/webcams.windy.com\/webcams\/public\/embed\/script\/player.js\"><\/script>\n<\/div>\n<\/div>\n\n\n\n<h2 class=\"wp-block-heading\" id=\"fort-mahon-today\"><strong>Radar m\u00e9t\u00e9o Castelluccio &#8211; M\u00e9t\u00e9o \u00e0 Castelluccio<\/strong><\/h2>\n\n\n\n<p>Avec notre webcam Castelluccio, vous serez inform\u00e9 en temps r\u00e9el des conditions m\u00e9t\u00e9orologiques actuelles dans le village. Pour plus d&rsquo;informations utiles sur les conditions m\u00e9t\u00e9orologiques actuelles \u00e0 Castelluccio, veuillez consulter notre radar m\u00e9t\u00e9orologique. Celui-ci comprend non seulement les pr\u00e9visions m\u00e9t\u00e9orologiques actuelles mais aussi toutes les zones de pr\u00e9cipitations, qui sont cod\u00e9es en couleur en fonction de leur intensit\u00e9. Les zones surlign\u00e9es en bleu et vert correspondent \u00e0 de faibles pr\u00e9cipitations, tandis que les zones rouges et violettes correspondent \u00e0 des pr\u00e9cipitations plus importantes avec un potentiel de temps violent. En outre, notre radar m\u00e9t\u00e9o vous montre \u00e9galement tous les orages sous la forme de petits symboles d&rsquo;\u00e9clairs. Ainsi, gr\u00e2ce \u00e0 notre radar m\u00e9t\u00e9o et \u00e0 nos webcams, vous \u00eates toujours au courant des conditions m\u00e9t\u00e9orologiques qui pr\u00e9valent actuellement \u00e0 Castelluccio.<\/p>\n\n\n\n<div class=\"wp-block-columns is-layout-flex wp-container-core-columns-is-layout-9d6595d7 wp-block-columns-is-layout-flex\">\n<div class=\"wp-block-column is-layout-flow wp-block-column-is-layout-flow\" style=\"flex-basis:75%\">\n<iframe loading=\"lazy\" width=\"1300\" height=\"502\" src=\"https:\/\/embed.windy.com\/embed2.html?lat=42.829&amp;lon=13.206&amp;detailLat=42.829&amp;detailLon=13.206&amp;width=1300&amp;height=502&amp;zoom=11&amp;level=surface&amp;overlay=rain&amp;product=ecmwf&amp;menu=&amp;message=&amp;marker=&amp;calendar=now&amp;pressure=&amp;type=map&amp;location=coordinates&amp;detail=&amp;metricWind=default&amp;metricTemp=default&amp;radarRange=-1\" frameborder=\"0\"><\/iframe>\n<\/div>\n\n\n\n<div class=\"wp-block-column is-layout-flow wp-block-column-is-layout-flow\" style=\"flex-basis:25%\">\n<a class=\"weatherwidget-io\" href=\"https:\/\/forecast7.com\/fr\/42d8313d21\/castelluccio\/\" data-label_1=\"CASTELLUCCIO\" data-theme=\"original\" >CASTELLUCCIO<\/a>\n<script>\n!function(d,s,id){var js,fjs=d.getElementsByTagName(s)[0];if(!d.getElementById(id)){js=d.createElement(s);js.id=id;js.src='https:\/\/weatherwidget.io\/js\/widget.min.js';fjs.parentNode.insertBefore(js,fjs);}}(document,'script','weatherwidget-io-js');\n<\/script>\n<\/div>\n<\/div>\n\n\n\n<h2 class=\"wp-block-heading\" id=\"fort-mahon-weather\"><strong>Le climat \u00e0 Castelluccio<\/strong><\/h2>\n\n\n\n<p>Castelluccio se caract\u00e9rise par son climat m\u00e9diterran\u00e9en, avec des mois d&rsquo;\u00e9t\u00e9 mod\u00e9r\u00e9ment chauds et des mois d&rsquo;hiver froids. La temp\u00e9rature annuelle moyenne ici est de 15 \u00b0C. Le mois le plus chaud et le plus ensoleill\u00e9 est juillet, avec des temp\u00e9ratures avoisinant les 25 \u00b0C et 12,4 heures d&rsquo;ensoleillement. En revanche, pendant les mois d&rsquo;hiver, il fait nettement plus froid, si bien qu&rsquo;au mois de janvier, le plus froid, on atteint une moyenne de 3,9 \u00b0C. En un an, Castelluccio re\u00e7oit environ 909 mm de pr\u00e9cipitations, le mois de juillet \u00e9tant le moins pluvieux et le mois de novembre le plus pluvieux.<\/p>\n\n\n\n<h2 class=\"wp-block-heading\"><strong>Attractions \u00e0 Castelluccio<\/strong><\/h2>\n\n\n\n<p>Le plateau de Castelluccio est connu pour sa p\u00e9riode de floraison unique entre mai et juin. Pendant cette p\u00e9riode, le plateau autrement monotone se transforme en une mosa\u00efque color\u00e9e de coquelicots, marguerites, bleuets et lentilles en fleurs. De plus, gr\u00e2ce \u00e0 sa position unique, Castelluccio est un endroit de r\u00eave pour tous les amoureux de la montagne. De nombreuses activit\u00e9s de loisirs vous attendent ici. D\u00e9couvrez le paysage karstique unique avec sa nature intacte en faisant de la randonn\u00e9e, du v\u00e9lo ou de l&rsquo;\u00e9quitation ou jetez un coup d&rsquo;\u0153il \u00e0 la r\u00e9gion depuis les airs en faisant du parapente ou du vol \u00e0 voile.<\/p>\n","protected":false},"excerpt":{"rendered":"<p>Webcam Castelluccio Le village italien de Castelluccio est situ\u00e9 entre les Marches et l&rsquo;Ombrie \u00e0 une altitude de 1450 m\u00e8tres sur un plateau karstique qui a \u00e9merg\u00e9 d&rsquo;un lac de l&rsquo;\u00e8re glaciaire. Tel un paysage lunaire, le village s&rsquo;\u00e9tend au milieu de montagnes d\u00e9nud\u00e9es, de vastes prairies et de nombreux champs. Plongez dans le paysage &#8230; <a title=\"Webcam Castelluccio\" class=\"read-more\" href=\"https:\/\/weather-radar-live.com\/fr\/webcam\/italie\/webcam-castelluccio\/\" aria-label=\"En savoir plus sur Webcam Castelluccio\">Lire la suite<\/a><\/p>\n","protected":false},"author":1,"featured_media":6526,"parent":4309,"menu_order":0,"comment_status":"closed","ping_status":"closed","template":"","meta":{"footnotes":""},"class_list":["post-6631","page","type-page","status-publish","has-post-thumbnail"],"yoast_head":"<!-- This site is optimized with the Yoast SEO plugin v27.6 - https:\/\/yoast.com\/product\/yoast-seo-wordpress\/ -->\n<title>Webcam Castelluccio \u2192 Regardez-le en direct !<\/title>\n<meta name=\"description\" content=\"Webcam Castelluccio | Livecam de Castelluccio ! \u2705 Mise \u00e0 jour pour vous en temps r\u00e9el ! \u2705 Pr\u00e9visions m\u00e9t\u00e9orologiques actuelles !\" \/>\n<meta name=\"robots\" content=\"index, follow, max-snippet:-1, max-image-preview:large, max-video-preview:-1\" \/>\n<link rel=\"canonical\" href=\"https:\/\/weather-radar-live.com\/fr\/webcam\/italie\/webcam-castelluccio\/\" \/>\n<meta property=\"og:locale\" content=\"fr_FR\" \/>\n<meta property=\"og:type\" content=\"article\" \/>\n<meta property=\"og:title\" content=\"Webcam Castelluccio \u2192 Regardez-le en direct !\" \/>\n<meta property=\"og:description\" content=\"Webcam Castelluccio | Livecam de Castelluccio ! \u2705 Mise \u00e0 jour pour vous en temps r\u00e9el ! \u2705 Pr\u00e9visions m\u00e9t\u00e9orologiques actuelles !\" \/>\n<meta property=\"og:url\" content=\"https:\/\/weather-radar-live.com\/fr\/webcam\/italie\/webcam-castelluccio\/\" \/>\n<meta property=\"og:site_name\" content=\"weather-radar-live.com\" \/>\n<meta property=\"article:modified_time\" content=\"2022-08-13T11:41:29+00:00\" \/>\n<meta property=\"og:image\" content=\"https:\/\/weather-radar-live.com\/wp-content\/uploads\/2022\/08\/Webcam-Castelluccio.jpg\" \/>\n\t<meta property=\"og:image:width\" content=\"1905\" \/>\n\t<meta property=\"og:image:height\" content=\"903\" \/>\n\t<meta property=\"og:image:type\" content=\"image\/jpeg\" \/>\n<meta name=\"twitter:card\" content=\"summary_large_image\" \/>\n<meta name=\"twitter:label1\" content=\"Dur\u00e9e de lecture estim\u00e9e\" \/>\n\t<meta name=\"twitter:data1\" content=\"3 minutes\" \/>\n<script type=\"application\/ld+json\" class=\"yoast-schema-graph\">{\"@context\":\"https:\\\/\\\/schema.org\",\"@graph\":[{\"@type\":\"WebPage\",\"@id\":\"https:\\\/\\\/weather-radar-live.com\\\/fr\\\/webcam\\\/italie\\\/webcam-castelluccio\\\/\",\"url\":\"https:\\\/\\\/weather-radar-live.com\\\/fr\\\/webcam\\\/italie\\\/webcam-castelluccio\\\/\",\"name\":\"Webcam Castelluccio \u2192 Regardez-le en direct !\",\"isPartOf\":{\"@id\":\"https:\\\/\\\/weather-radar-live.com\\\/#website\"},\"primaryImageOfPage\":{\"@id\":\"https:\\\/\\\/weather-radar-live.com\\\/fr\\\/webcam\\\/italie\\\/webcam-castelluccio\\\/#primaryimage\"},\"image\":{\"@id\":\"https:\\\/\\\/weather-radar-live.com\\\/fr\\\/webcam\\\/italie\\\/webcam-castelluccio\\\/#primaryimage\"},\"thumbnailUrl\":\"https:\\\/\\\/weather-radar-live.com\\\/wp-content\\\/uploads\\\/2022\\\/08\\\/Webcam-Castelluccio.jpg\",\"datePublished\":\"2022-08-13T11:39:18+00:00\",\"dateModified\":\"2022-08-13T11:41:29+00:00\",\"description\":\"Webcam Castelluccio | Livecam de Castelluccio ! \u2705 Mise \u00e0 jour pour vous en temps r\u00e9el ! \u2705 Pr\u00e9visions m\u00e9t\u00e9orologiques actuelles !\",\"breadcrumb\":{\"@id\":\"https:\\\/\\\/weather-radar-live.com\\\/fr\\\/webcam\\\/italie\\\/webcam-castelluccio\\\/#breadcrumb\"},\"inLanguage\":\"fr-FR\",\"potentialAction\":[{\"@type\":\"ReadAction\",\"target\":[\"https:\\\/\\\/weather-radar-live.com\\\/fr\\\/webcam\\\/italie\\\/webcam-castelluccio\\\/\"]}]},{\"@type\":\"ImageObject\",\"inLanguage\":\"fr-FR\",\"@id\":\"https:\\\/\\\/weather-radar-live.com\\\/fr\\\/webcam\\\/italie\\\/webcam-castelluccio\\\/#primaryimage\",\"url\":\"https:\\\/\\\/weather-radar-live.com\\\/wp-content\\\/uploads\\\/2022\\\/08\\\/Webcam-Castelluccio.jpg\",\"contentUrl\":\"https:\\\/\\\/weather-radar-live.com\\\/wp-content\\\/uploads\\\/2022\\\/08\\\/Webcam-Castelluccio.jpg\",\"width\":1905,\"height\":903,\"caption\":\"Webcam Castelluccio\"},{\"@type\":\"BreadcrumbList\",\"@id\":\"https:\\\/\\\/weather-radar-live.com\\\/fr\\\/webcam\\\/italie\\\/webcam-castelluccio\\\/#breadcrumb\",\"itemListElement\":[{\"@type\":\"ListItem\",\"position\":1,\"name\":\"Weather Radar Live\",\"item\":\"https:\\\/\\\/weather-radar-live.com\\\/fr\\\/\"},{\"@type\":\"ListItem\",\"position\":2,\"name\":\"Webcam\",\"item\":\"https:\\\/\\\/weather-radar-live.com\\\/fr\\\/webcam\\\/\"},{\"@type\":\"ListItem\",\"position\":3,\"name\":\"Italie\",\"item\":\"https:\\\/\\\/weather-radar-live.com\\\/fr\\\/webcam\\\/italie\\\/\"},{\"@type\":\"ListItem\",\"position\":4,\"name\":\"Webcam Castelluccio\"}]},{\"@type\":\"WebSite\",\"@id\":\"https:\\\/\\\/weather-radar-live.com\\\/#website\",\"url\":\"https:\\\/\\\/weather-radar-live.com\\\/\",\"name\":\"weather-radar-live.com\",\"description\":\"Your weather and sky radar.\",\"publisher\":{\"@id\":\"https:\\\/\\\/weather-radar-live.com\\\/#organization\"},\"potentialAction\":[{\"@type\":\"SearchAction\",\"target\":{\"@type\":\"EntryPoint\",\"urlTemplate\":\"https:\\\/\\\/weather-radar-live.com\\\/?s={search_term_string}\"},\"query-input\":{\"@type\":\"PropertyValueSpecification\",\"valueRequired\":true,\"valueName\":\"search_term_string\"}}],\"inLanguage\":\"fr-FR\"},{\"@type\":\"Organization\",\"@id\":\"https:\\\/\\\/weather-radar-live.com\\\/#organization\",\"name\":\"weather-radar-live.com\",\"url\":\"https:\\\/\\\/weather-radar-live.com\\\/\",\"logo\":{\"@type\":\"ImageObject\",\"inLanguage\":\"fr-FR\",\"@id\":\"https:\\\/\\\/weather-radar-live.com\\\/#\\\/schema\\\/logo\\\/image\\\/\",\"url\":\"https:\\\/\\\/weather-radar-live.com\\\/wp-content\\\/uploads\\\/2022\\\/03\\\/cropped-WRL2503.png\",\"contentUrl\":\"https:\\\/\\\/weather-radar-live.com\\\/wp-content\\\/uploads\\\/2022\\\/03\\\/cropped-WRL2503.png\",\"width\":1920,\"height\":555,\"caption\":\"weather-radar-live.com\"},\"image\":{\"@id\":\"https:\\\/\\\/weather-radar-live.com\\\/#\\\/schema\\\/logo\\\/image\\\/\"}}]}<\/script>\n<!-- \/ Yoast SEO plugin. -->","yoast_head_json":{"title":"Webcam Castelluccio \u2192 Regardez-le en direct !","description":"Webcam Castelluccio | Livecam de Castelluccio ! \u2705 Mise \u00e0 jour pour vous en temps r\u00e9el ! \u2705 Pr\u00e9visions m\u00e9t\u00e9orologiques actuelles !","robots":{"index":"index","follow":"follow","max-snippet":"max-snippet:-1","max-image-preview":"max-image-preview:large","max-video-preview":"max-video-preview:-1"},"canonical":"https:\/\/weather-radar-live.com\/fr\/webcam\/italie\/webcam-castelluccio\/","og_locale":"fr_FR","og_type":"article","og_title":"Webcam Castelluccio \u2192 Regardez-le en direct !","og_description":"Webcam Castelluccio | Livecam de Castelluccio ! \u2705 Mise \u00e0 jour pour vous en temps r\u00e9el ! \u2705 Pr\u00e9visions m\u00e9t\u00e9orologiques actuelles !","og_url":"https:\/\/weather-radar-live.com\/fr\/webcam\/italie\/webcam-castelluccio\/","og_site_name":"weather-radar-live.com","article_modified_time":"2022-08-13T11:41:29+00:00","og_image":[{"width":1905,"height":903,"url":"https:\/\/weather-radar-live.com\/wp-content\/uploads\/2022\/08\/Webcam-Castelluccio.jpg","type":"image\/jpeg"}],"twitter_card":"summary_large_image","twitter_misc":{"Dur\u00e9e de lecture estim\u00e9e":"3 minutes"},"schema":{"@context":"https:\/\/schema.org","@graph":[{"@type":"WebPage","@id":"https:\/\/weather-radar-live.com\/fr\/webcam\/italie\/webcam-castelluccio\/","url":"https:\/\/weather-radar-live.com\/fr\/webcam\/italie\/webcam-castelluccio\/","name":"Webcam Castelluccio \u2192 Regardez-le en direct !","isPartOf":{"@id":"https:\/\/weather-radar-live.com\/#website"},"primaryImageOfPage":{"@id":"https:\/\/weather-radar-live.com\/fr\/webcam\/italie\/webcam-castelluccio\/#primaryimage"},"image":{"@id":"https:\/\/weather-radar-live.com\/fr\/webcam\/italie\/webcam-castelluccio\/#primaryimage"},"thumbnailUrl":"https:\/\/weather-radar-live.com\/wp-content\/uploads\/2022\/08\/Webcam-Castelluccio.jpg","datePublished":"2022-08-13T11:39:18+00:00","dateModified":"2022-08-13T11:41:29+00:00","description":"Webcam Castelluccio | Livecam de Castelluccio ! \u2705 Mise \u00e0 jour pour vous en temps r\u00e9el ! \u2705 Pr\u00e9visions m\u00e9t\u00e9orologiques actuelles !","breadcrumb":{"@id":"https:\/\/weather-radar-live.com\/fr\/webcam\/italie\/webcam-castelluccio\/#breadcrumb"},"inLanguage":"fr-FR","potentialAction":[{"@type":"ReadAction","target":["https:\/\/weather-radar-live.com\/fr\/webcam\/italie\/webcam-castelluccio\/"]}]},{"@type":"ImageObject","inLanguage":"fr-FR","@id":"https:\/\/weather-radar-live.com\/fr\/webcam\/italie\/webcam-castelluccio\/#primaryimage","url":"https:\/\/weather-radar-live.com\/wp-content\/uploads\/2022\/08\/Webcam-Castelluccio.jpg","contentUrl":"https:\/\/weather-radar-live.com\/wp-content\/uploads\/2022\/08\/Webcam-Castelluccio.jpg","width":1905,"height":903,"caption":"Webcam Castelluccio"},{"@type":"BreadcrumbList","@id":"https:\/\/weather-radar-live.com\/fr\/webcam\/italie\/webcam-castelluccio\/#breadcrumb","itemListElement":[{"@type":"ListItem","position":1,"name":"Weather Radar Live","item":"https:\/\/weather-radar-live.com\/fr\/"},{"@type":"ListItem","position":2,"name":"Webcam","item":"https:\/\/weather-radar-live.com\/fr\/webcam\/"},{"@type":"ListItem","position":3,"name":"Italie","item":"https:\/\/weather-radar-live.com\/fr\/webcam\/italie\/"},{"@type":"ListItem","position":4,"name":"Webcam Castelluccio"}]},{"@type":"WebSite","@id":"https:\/\/weather-radar-live.com\/#website","url":"https:\/\/weather-radar-live.com\/","name":"weather-radar-live.com","description":"Your weather and sky radar.","publisher":{"@id":"https:\/\/weather-radar-live.com\/#organization"},"potentialAction":[{"@type":"SearchAction","target":{"@type":"EntryPoint","urlTemplate":"https:\/\/weather-radar-live.com\/?s={search_term_string}"},"query-input":{"@type":"PropertyValueSpecification","valueRequired":true,"valueName":"search_term_string"}}],"inLanguage":"fr-FR"},{"@type":"Organization","@id":"https:\/\/weather-radar-live.com\/#organization","name":"weather-radar-live.com","url":"https:\/\/weather-radar-live.com\/","logo":{"@type":"ImageObject","inLanguage":"fr-FR","@id":"https:\/\/weather-radar-live.com\/#\/schema\/logo\/image\/","url":"https:\/\/weather-radar-live.com\/wp-content\/uploads\/2022\/03\/cropped-WRL2503.png","contentUrl":"https:\/\/weather-radar-live.com\/wp-content\/uploads\/2022\/03\/cropped-WRL2503.png","width":1920,"height":555,"caption":"weather-radar-live.com"},"image":{"@id":"https:\/\/weather-radar-live.com\/#\/schema\/logo\/image\/"}}]}},"_links":{"self":[{"href":"https:\/\/weather-radar-live.com\/fr\/wp-json\/wp\/v2\/pages\/6631","targetHints":{"allow":["GET"]}}],"collection":[{"href":"https:\/\/weather-radar-live.com\/fr\/wp-json\/wp\/v2\/pages"}],"about":[{"href":"https:\/\/weather-radar-live.com\/fr\/wp-json\/wp\/v2\/types\/page"}],"author":[{"embeddable":true,"href":"https:\/\/weather-radar-live.com\/fr\/wp-json\/wp\/v2\/users\/1"}],"replies":[{"embeddable":true,"href":"https:\/\/weather-radar-live.com\/fr\/wp-json\/wp\/v2\/comments?post=6631"}],"version-history":[{"count":2,"href":"https:\/\/weather-radar-live.com\/fr\/wp-json\/wp\/v2\/pages\/6631\/revisions"}],"predecessor-version":[{"id":6634,"href":"https:\/\/weather-radar-live.com\/fr\/wp-json\/wp\/v2\/pages\/6631\/revisions\/6634"}],"up":[{"embeddable":true,"href":"https:\/\/weather-radar-live.com\/fr\/wp-json\/wp\/v2\/pages\/4309"}],"wp:featuredmedia":[{"embeddable":true,"href":"https:\/\/weather-radar-live.com\/fr\/wp-json\/wp\/v2\/media\/6526"}],"wp:attachment":[{"href":"https:\/\/weather-radar-live.com\/fr\/wp-json\/wp\/v2\/media?parent=6631"}],"curies":[{"name":"wp","href":"https:\/\/api.w.org\/{rel}","templated":true}]}}