{"id":6394,"date":"2022-08-09T16:11:12","date_gmt":"2022-08-09T14:11:12","guid":{"rendered":"https:\/\/weather-radar-live.com\/?page_id=6394"},"modified":"2022-08-09T16:13:46","modified_gmt":"2022-08-09T14:13:46","slug":"webcam-campo-felice","status":"publish","type":"page","link":"https:\/\/weather-radar-live.com\/fr\/webcam\/italie\/webcam-campo-felice\/","title":{"rendered":"Webcam Campo Felice"},"content":{"rendered":"<div id=\"weath-599860192\" class=\"weath-vor-dem-inhalt weath-entity-placement\" style=\"margin-top: 15px;margin-right: 25px;margin-bottom: 40px;margin-left: 25px;\"><script async src=\"\/\/pagead2.googlesyndication.com\/pagead\/js\/adsbygoogle.js?client=ca-pub-8960936133935804\" crossorigin=\"anonymous\"><\/script><ins class=\"adsbygoogle\" style=\"display:block;\" data-ad-client=\"ca-pub-8960936133935804\" \ndata-ad-slot=\"6172817020\" \ndata-ad-format=\"auto\"><\/ins>\n<script> \n(adsbygoogle = window.adsbygoogle || []).push({}); \n<\/script>\n<\/div>\n<div class=\"wp-block-cover alignfull is-light\"><span aria-hidden=\"true\" class=\"wp-block-cover__gradient-background has-background-dim\"><\/span><img decoding=\"async\" class=\"wp-block-cover__image-background wp-image-342\" alt=\"Webcam Campo Felice\" src=\"https:\/\/weather-radar-live.com\/wp-content\/uploads\/2021\/06\/sam-schooler-E9aetBe2w40-unsplash-e1622554814366.jpg\" data-object-fit=\"cover\"\/><div class=\"wp-block-cover__inner-container is-layout-flow wp-block-cover-is-layout-flow\">\n<h2 class=\"has-text-align-center heading wp-block-heading\" id=\"webcam-fort-mahon\" style=\"font-size:40px\"><strong><mark style=\"background-color:rgba(0, 0, 0, 0)\" class=\"has-inline-color has-base-3-color\">WEBCAM <\/mark><\/strong><br><strong><mark style=\"background-color:rgba(0, 0, 0, 0)\" class=\"has-inline-color has-base-3-color\">CAMPO FELICE<\/mark><\/strong><\/h2>\n<\/div><\/div>\n\n\n<div class=\"yoast-breadcrumbs\"><span><span><a href=\"https:\/\/weather-radar-live.com\/fr\/\">Weather Radar Live<\/a><\/span> \u00bb <span><a href=\"https:\/\/weather-radar-live.com\/fr\/webcam\/\">Webcam<\/a><\/span> \u00bb <span><a href=\"https:\/\/weather-radar-live.com\/fr\/webcam\/italie\/\">Italie<\/a><\/span> \u00bb <span class=\"breadcrumb_last\" aria-current=\"page\"><strong>Webcam Campo Felice<\/strong><\/span><\/span><\/div>\n\n\n<h2 class=\"has-text-align-center wp-block-heading\" id=\"webcam-fort-mahon\"><strong>Webcam Campo Felice<\/strong><\/h2>\n\n\n\n<p>Notre webcam Campo Felice capture pour vous l&rsquo;effervescence du village de camping du m\u00eame nom. Le parc de vacances Campo Felice est situ\u00e9 \u00e0 Tenero, sur la rive suisse du paradisiaque Lac Majeur. Le parc, qui s&rsquo;\u00e9tend sur environ 15 hectares, dispose d&rsquo;une plage priv\u00e9e de 400 m\u00e8tres et offre une structure extr\u00eamement confortable avec un service de garde d&rsquo;enfants et bien plus encore. La ville de Tenero, dans le canton du Tessin, n&rsquo;est qu&rsquo;\u00e0 quelques minutes en voiture du centre culturel de Locarno et d&rsquo;Ascona, la \u00ab\u00a0perle du lac Majeur\u00a0\u00bb. Au-dessus de Tenero dans le Tessin se trouve la vall\u00e9e sauvage et romantique de Verzasca, domin\u00e9e par le Lago di Vogorno et la Verzasca, une rivi\u00e8re sauvage. Tenero et Campo Felice sont \u00e9galement facilement accessibles par les transports publics.<\/p>\n\n\n\n<p>Le parc de vacances de Campo Felice est situ\u00e9 \u00e0 environ 209 m\u00e8tres au-dessus du niveau de la mer. Le massif montagneux adjacent autour de Tenero couvre une gamme d&rsquo;altitude allant jusqu&rsquo;\u00e0 1 044 m\u00e8tres. Sur une superficie de seulement 3,69 m\u00e8tres carr\u00e9s, la municipalit\u00e9 de Tenero offre de nombreuses curiosit\u00e9s et une nature pure. Le canton du Tessin, o\u00f9 la langue officielle est l&rsquo;italien, a son point le plus bas au Lac Majeur, directement \u00e0 Campo Felice. Situ\u00e9 sur le c\u00f4t\u00e9 sud des Alpes, le Tessin forme la plus grande partie de la Suisse italienne. \u00c0 Campo Felice, vous pouvez appr\u00e9cier le flair italien dans sa culture pure.<\/p><div id=\"weath-2386966123\" class=\"weath-inhalt_2 weath-entity-placement\" style=\"margin-top: 15px;margin-right: 25px;margin-bottom: 35px;margin-left: 25px;\"><script async src=\"\/\/pagead2.googlesyndication.com\/pagead\/js\/adsbygoogle.js?client=ca-pub-8960936133935804\" crossorigin=\"anonymous\"><\/script><ins class=\"adsbygoogle\" style=\"display:block;\" data-ad-client=\"ca-pub-8960936133935804\" \ndata-ad-slot=\"1963584050\" \ndata-ad-format=\"auto\"><\/ins>\n<script> \n(adsbygoogle = window.adsbygoogle || []).push({}); \n<\/script>\n<\/div>\n\n\n\n<div class=\"wp-block-columns is-layout-flex wp-container-core-columns-is-layout-9d6595d7 wp-block-columns-is-layout-flex\">\n<div class=\"wp-block-column is-layout-flow wp-block-column-is-layout-flow\" style=\"flex-basis:25%\"><\/div>\n\n\n\n<div class=\"wp-block-column webcam-column is-layout-flow wp-block-column-is-layout-flow\">\n<h3 class=\"has-text-align-center wp-block-heading\"> \ud83d\udd34 <strong>Webcam Campo Felice<\/strong> &#8211; Camping Village<\/h3>\n\n\n\n<a name=\"windy-webcam-timelapse-player\" data-id=\"1292513058\" data-play=\"day\" href=\"https:\/\/windy.com\/webcams\/1292513058\" target=\"_blank\" rel=\"noopener\">Tenero : Campo Felice Camping Village<\/a><script async=\"\" type=\"text\/javascript\" src=\"https:\/\/webcams.windy.com\/webcams\/public\/embed\/script\/player.js\"><\/script>\n<\/div>\n\n\n\n<div class=\"wp-block-column is-layout-flow wp-block-column-is-layout-flow\" style=\"flex-basis:25%\"><\/div>\n<\/div>\n\n\n\n<h2 class=\"wp-block-heading\" id=\"fort-mahon-today\"><strong>Radar m\u00e9t\u00e9orologique Campo Felice &#8211; Le temps qu&rsquo;il fait \u00e0 Campo Felice<\/strong><\/h2>\n\n\n\n<p>En plus d&rsquo;une excellente vue du Camping Village, la webcam de Campo Felice vous offre \u00e9galement un radar m\u00e9t\u00e9o, afin que vous soyez toujours bien inform\u00e9. Le radar m\u00e9t\u00e9o vous indique \u00e0 la fois les heures d&rsquo;ensoleillement pr\u00e9vues et la quantit\u00e9 de pr\u00e9cipitations en diff\u00e9rentes couleurs et vous avertit \u00e9galement des orages. Les diff\u00e9rentes couleurs indiquent l&rsquo;intensit\u00e9 des pr\u00e9cipitations. Le bleu et le vert correspondent \u00e0 des pluies l\u00e9g\u00e8res &#8211; le violet et le rouge indiquent des quantit\u00e9s \u00e9lev\u00e9es de pr\u00e9cipitations. Le petit symbole d&rsquo;\u00e9clair indique si un orage est en approche.<\/p>\n\n\n\n<div class=\"wp-block-columns is-layout-flex wp-container-core-columns-is-layout-9d6595d7 wp-block-columns-is-layout-flex\">\n<div class=\"wp-block-column is-layout-flow wp-block-column-is-layout-flow\" style=\"flex-basis:75%\">\n<iframe loading=\"lazy\" width=\"1300\" height=\"502\" src=\"https:\/\/embed.windy.com\/embed2.html?lat=46.127&amp;lon=8.845&amp;detailLat=46.166&amp;detailLon=8.841&amp;width=1300&amp;height=502&amp;zoom=11&amp;level=surface&amp;overlay=rain&amp;product=ecmwf&amp;menu=&amp;message=&amp;marker=&amp;calendar=now&amp;pressure=&amp;type=map&amp;location=coordinates&amp;detail=&amp;metricWind=default&amp;metricTemp=default&amp;radarRange=-1\" frameborder=\"0\"><\/iframe>\n<\/div>\n\n\n\n<div class=\"wp-block-column is-layout-flow wp-block-column-is-layout-flow\" style=\"flex-basis:25%\">\n<a class=\"weatherwidget-io\" href=\"https:\/\/forecast7.com\/fr\/45d788d26\/locarno\/\" data-label_1=\"LOCARNO\" data-theme=\"original\" >LOCARNO<\/a>\n<script>\n!function(d,s,id){var js,fjs=d.getElementsByTagName(s)[0];if(!d.getElementById(id)){js=d.createElement(s);js.id=id;js.src='https:\/\/weatherwidget.io\/js\/widget.min.js';fjs.parentNode.insertBefore(js,fjs);}}(document,'script','weatherwidget-io-js');\n<\/script>\n<\/div>\n<\/div>\n\n\n\n<h2 class=\"wp-block-heading\" id=\"fort-mahon-weather\"><strong>Le climat \u00e0 Campo Felice<\/strong><\/h2>\n\n\n\n<p>Campo Felice appartient aux r\u00e9gions de climat continental. Pendant les mois d&rsquo;hiver, les temp\u00e9ratures sont en moyenne de 4-5 \u00b0C. Pendant les mois d&rsquo;\u00e9t\u00e9, le thermom\u00e8tre monte \u00e0 environ 25 \u00b0C. Le mois avec les plus fortes pr\u00e9cipitations \u00e0 Campo Felice est novembre, avec jusqu&rsquo;\u00e0 37-49 litres par m\u00e8tre carr\u00e9. Les autres mois de l&rsquo;ann\u00e9e sont secs et doux. Campo Felice est l&rsquo;une des r\u00e9gions les plus ensoleill\u00e9es de Suisse, avec environ 2 170 heures d&rsquo;ensoleillement annuel, ce qui est bien sup\u00e9rieur \u00e0 la moyenne.<\/p>\n\n\n\n<h2 class=\"wp-block-heading\"><strong>Attractions \u00e0 Campo Felice<\/strong><\/h2>\n\n\n\n<p>Le parc de vacances de Campo Felice est le point de d\u00e9part id\u00e9al pour des excursions \u00e0 v\u00e9lo et des randonn\u00e9es \u00e0 travers le magnifique Tessin. Les \u00e9glises paroissiales de Santi Pietro et Vincenzo et de San Bernardo \u00e0 Tenero m\u00e9ritent d&rsquo;\u00eatre vues. L&rsquo;oratoire Beata Vergine della Fraccia, datant du 17\u00e8me si\u00e8cle, m\u00e9rite \u00e9galement une visite. Bien entendu, vous devez \u00e9galement visiter le ch\u00e2teau de Tenero sur la Piazza Canevascini. Le point fort par excellence sera le Lac Majeur avec ses plus de 212 kilom\u00e8tres carr\u00e9s de surface et ses deux \u00eeles. Le lac Majeur ensoleill\u00e9 vous invite \u00e0 vous baigner presque toute l&rsquo;ann\u00e9e.<\/p>\n","protected":false},"excerpt":{"rendered":"<p>Webcam Campo Felice Notre webcam Campo Felice capture pour vous l&rsquo;effervescence du village de camping du m\u00eame nom. Le parc de vacances Campo Felice est situ\u00e9 \u00e0 Tenero, sur la rive suisse du paradisiaque Lac Majeur. Le parc, qui s&rsquo;\u00e9tend sur environ 15 hectares, dispose d&rsquo;une plage priv\u00e9e de 400 m\u00e8tres et offre une structure &#8230; <a title=\"Webcam Campo Felice\" class=\"read-more\" href=\"https:\/\/weather-radar-live.com\/fr\/webcam\/italie\/webcam-campo-felice\/\" aria-label=\"En savoir plus sur Webcam Campo Felice\">Lire la suite<\/a><\/p>\n","protected":false},"author":1,"featured_media":5031,"parent":4309,"menu_order":0,"comment_status":"closed","ping_status":"closed","template":"","meta":{"footnotes":""},"class_list":["post-6394","page","type-page","status-publish","has-post-thumbnail"],"yoast_head":"<!-- This site is optimized with the Yoast SEO plugin v27.4 - https:\/\/yoast.com\/product\/yoast-seo-wordpress\/ -->\n<title>Webcam Campo Felice \u2192 Regardez-le en direct !<\/title>\n<meta name=\"description\" content=\"Webcam Campo Felice | Livecam de Campo Felice ! \u2705 Mis \u00e0 jour pour vous en temps r\u00e9el ! \u2705 Pr\u00e9visions m\u00e9t\u00e9orologiques actuelles !\" \/>\n<meta name=\"robots\" content=\"index, follow, max-snippet:-1, max-image-preview:large, max-video-preview:-1\" \/>\n<link rel=\"canonical\" href=\"https:\/\/weather-radar-live.com\/fr\/webcam\/italie\/webcam-campo-felice\/\" \/>\n<meta property=\"og:locale\" content=\"fr_FR\" \/>\n<meta property=\"og:type\" content=\"article\" \/>\n<meta property=\"og:title\" content=\"Webcam Campo Felice \u2192 Regardez-le en direct !\" \/>\n<meta property=\"og:description\" content=\"Webcam Campo Felice | Livecam de Campo Felice ! \u2705 Mis \u00e0 jour pour vous en temps r\u00e9el ! \u2705 Pr\u00e9visions m\u00e9t\u00e9orologiques actuelles !\" \/>\n<meta property=\"og:url\" content=\"https:\/\/weather-radar-live.com\/fr\/webcam\/italie\/webcam-campo-felice\/\" \/>\n<meta property=\"og:site_name\" content=\"weather-radar-live.com\" \/>\n<meta property=\"article:modified_time\" content=\"2022-08-09T14:13:46+00:00\" \/>\n<meta property=\"og:image\" content=\"https:\/\/weather-radar-live.com\/wp-content\/uploads\/2022\/07\/Webcam-Sierra-Nevada-e1658218397839.png\" \/>\n\t<meta property=\"og:image:width\" content=\"397\" \/>\n\t<meta property=\"og:image:height\" content=\"206\" \/>\n\t<meta property=\"og:image:type\" content=\"image\/png\" \/>\n<meta name=\"twitter:card\" content=\"summary_large_image\" \/>\n<meta name=\"twitter:label1\" content=\"Dur\u00e9e de lecture estim\u00e9e\" \/>\n\t<meta name=\"twitter:data1\" content=\"3 minutes\" \/>\n<script type=\"application\/ld+json\" class=\"yoast-schema-graph\">{\"@context\":\"https:\\\/\\\/schema.org\",\"@graph\":[{\"@type\":\"WebPage\",\"@id\":\"https:\\\/\\\/weather-radar-live.com\\\/fr\\\/webcam\\\/italie\\\/webcam-campo-felice\\\/\",\"url\":\"https:\\\/\\\/weather-radar-live.com\\\/fr\\\/webcam\\\/italie\\\/webcam-campo-felice\\\/\",\"name\":\"Webcam Campo Felice \u2192 Regardez-le en direct !\",\"isPartOf\":{\"@id\":\"https:\\\/\\\/weather-radar-live.com\\\/#website\"},\"primaryImageOfPage\":{\"@id\":\"https:\\\/\\\/weather-radar-live.com\\\/fr\\\/webcam\\\/italie\\\/webcam-campo-felice\\\/#primaryimage\"},\"image\":{\"@id\":\"https:\\\/\\\/weather-radar-live.com\\\/fr\\\/webcam\\\/italie\\\/webcam-campo-felice\\\/#primaryimage\"},\"thumbnailUrl\":\"https:\\\/\\\/weather-radar-live.com\\\/wp-content\\\/uploads\\\/2022\\\/07\\\/Webcam-Sierra-Nevada-e1658218397839.png\",\"datePublished\":\"2022-08-09T14:11:12+00:00\",\"dateModified\":\"2022-08-09T14:13:46+00:00\",\"description\":\"Webcam Campo Felice | Livecam de Campo Felice ! \u2705 Mis \u00e0 jour pour vous en temps r\u00e9el ! \u2705 Pr\u00e9visions m\u00e9t\u00e9orologiques actuelles !\",\"breadcrumb\":{\"@id\":\"https:\\\/\\\/weather-radar-live.com\\\/fr\\\/webcam\\\/italie\\\/webcam-campo-felice\\\/#breadcrumb\"},\"inLanguage\":\"fr-FR\",\"potentialAction\":[{\"@type\":\"ReadAction\",\"target\":[\"https:\\\/\\\/weather-radar-live.com\\\/fr\\\/webcam\\\/italie\\\/webcam-campo-felice\\\/\"]}]},{\"@type\":\"ImageObject\",\"inLanguage\":\"fr-FR\",\"@id\":\"https:\\\/\\\/weather-radar-live.com\\\/fr\\\/webcam\\\/italie\\\/webcam-campo-felice\\\/#primaryimage\",\"url\":\"https:\\\/\\\/weather-radar-live.com\\\/wp-content\\\/uploads\\\/2022\\\/07\\\/Webcam-Sierra-Nevada-e1658218397839.png\",\"contentUrl\":\"https:\\\/\\\/weather-radar-live.com\\\/wp-content\\\/uploads\\\/2022\\\/07\\\/Webcam-Sierra-Nevada-e1658218397839.png\",\"width\":397,\"height\":206,\"caption\":\"Webcam Sierra Nevada\"},{\"@type\":\"BreadcrumbList\",\"@id\":\"https:\\\/\\\/weather-radar-live.com\\\/fr\\\/webcam\\\/italie\\\/webcam-campo-felice\\\/#breadcrumb\",\"itemListElement\":[{\"@type\":\"ListItem\",\"position\":1,\"name\":\"Weather Radar Live\",\"item\":\"https:\\\/\\\/weather-radar-live.com\\\/fr\\\/\"},{\"@type\":\"ListItem\",\"position\":2,\"name\":\"Webcam\",\"item\":\"https:\\\/\\\/weather-radar-live.com\\\/fr\\\/webcam\\\/\"},{\"@type\":\"ListItem\",\"position\":3,\"name\":\"Italie\",\"item\":\"https:\\\/\\\/weather-radar-live.com\\\/fr\\\/webcam\\\/italie\\\/\"},{\"@type\":\"ListItem\",\"position\":4,\"name\":\"Webcam Campo Felice\"}]},{\"@type\":\"WebSite\",\"@id\":\"https:\\\/\\\/weather-radar-live.com\\\/#website\",\"url\":\"https:\\\/\\\/weather-radar-live.com\\\/\",\"name\":\"weather-radar-live.com\",\"description\":\"Your weather and sky radar.\",\"publisher\":{\"@id\":\"https:\\\/\\\/weather-radar-live.com\\\/#organization\"},\"potentialAction\":[{\"@type\":\"SearchAction\",\"target\":{\"@type\":\"EntryPoint\",\"urlTemplate\":\"https:\\\/\\\/weather-radar-live.com\\\/?s={search_term_string}\"},\"query-input\":{\"@type\":\"PropertyValueSpecification\",\"valueRequired\":true,\"valueName\":\"search_term_string\"}}],\"inLanguage\":\"fr-FR\"},{\"@type\":\"Organization\",\"@id\":\"https:\\\/\\\/weather-radar-live.com\\\/#organization\",\"name\":\"weather-radar-live.com\",\"url\":\"https:\\\/\\\/weather-radar-live.com\\\/\",\"logo\":{\"@type\":\"ImageObject\",\"inLanguage\":\"fr-FR\",\"@id\":\"https:\\\/\\\/weather-radar-live.com\\\/#\\\/schema\\\/logo\\\/image\\\/\",\"url\":\"https:\\\/\\\/weather-radar-live.com\\\/wp-content\\\/uploads\\\/2022\\\/03\\\/cropped-WRL2503.png\",\"contentUrl\":\"https:\\\/\\\/weather-radar-live.com\\\/wp-content\\\/uploads\\\/2022\\\/03\\\/cropped-WRL2503.png\",\"width\":1920,\"height\":555,\"caption\":\"weather-radar-live.com\"},\"image\":{\"@id\":\"https:\\\/\\\/weather-radar-live.com\\\/#\\\/schema\\\/logo\\\/image\\\/\"}}]}<\/script>\n<!-- \/ Yoast SEO plugin. -->","yoast_head_json":{"title":"Webcam Campo Felice \u2192 Regardez-le en direct !","description":"Webcam Campo Felice | Livecam de Campo Felice ! \u2705 Mis \u00e0 jour pour vous en temps r\u00e9el ! \u2705 Pr\u00e9visions m\u00e9t\u00e9orologiques actuelles !","robots":{"index":"index","follow":"follow","max-snippet":"max-snippet:-1","max-image-preview":"max-image-preview:large","max-video-preview":"max-video-preview:-1"},"canonical":"https:\/\/weather-radar-live.com\/fr\/webcam\/italie\/webcam-campo-felice\/","og_locale":"fr_FR","og_type":"article","og_title":"Webcam Campo Felice \u2192 Regardez-le en direct !","og_description":"Webcam Campo Felice | Livecam de Campo Felice ! \u2705 Mis \u00e0 jour pour vous en temps r\u00e9el ! \u2705 Pr\u00e9visions m\u00e9t\u00e9orologiques actuelles !","og_url":"https:\/\/weather-radar-live.com\/fr\/webcam\/italie\/webcam-campo-felice\/","og_site_name":"weather-radar-live.com","article_modified_time":"2022-08-09T14:13:46+00:00","og_image":[{"width":397,"height":206,"url":"https:\/\/weather-radar-live.com\/wp-content\/uploads\/2022\/07\/Webcam-Sierra-Nevada-e1658218397839.png","type":"image\/png"}],"twitter_card":"summary_large_image","twitter_misc":{"Dur\u00e9e de lecture estim\u00e9e":"3 minutes"},"schema":{"@context":"https:\/\/schema.org","@graph":[{"@type":"WebPage","@id":"https:\/\/weather-radar-live.com\/fr\/webcam\/italie\/webcam-campo-felice\/","url":"https:\/\/weather-radar-live.com\/fr\/webcam\/italie\/webcam-campo-felice\/","name":"Webcam Campo Felice \u2192 Regardez-le en direct !","isPartOf":{"@id":"https:\/\/weather-radar-live.com\/#website"},"primaryImageOfPage":{"@id":"https:\/\/weather-radar-live.com\/fr\/webcam\/italie\/webcam-campo-felice\/#primaryimage"},"image":{"@id":"https:\/\/weather-radar-live.com\/fr\/webcam\/italie\/webcam-campo-felice\/#primaryimage"},"thumbnailUrl":"https:\/\/weather-radar-live.com\/wp-content\/uploads\/2022\/07\/Webcam-Sierra-Nevada-e1658218397839.png","datePublished":"2022-08-09T14:11:12+00:00","dateModified":"2022-08-09T14:13:46+00:00","description":"Webcam Campo Felice | Livecam de Campo Felice ! \u2705 Mis \u00e0 jour pour vous en temps r\u00e9el ! \u2705 Pr\u00e9visions m\u00e9t\u00e9orologiques actuelles !","breadcrumb":{"@id":"https:\/\/weather-radar-live.com\/fr\/webcam\/italie\/webcam-campo-felice\/#breadcrumb"},"inLanguage":"fr-FR","potentialAction":[{"@type":"ReadAction","target":["https:\/\/weather-radar-live.com\/fr\/webcam\/italie\/webcam-campo-felice\/"]}]},{"@type":"ImageObject","inLanguage":"fr-FR","@id":"https:\/\/weather-radar-live.com\/fr\/webcam\/italie\/webcam-campo-felice\/#primaryimage","url":"https:\/\/weather-radar-live.com\/wp-content\/uploads\/2022\/07\/Webcam-Sierra-Nevada-e1658218397839.png","contentUrl":"https:\/\/weather-radar-live.com\/wp-content\/uploads\/2022\/07\/Webcam-Sierra-Nevada-e1658218397839.png","width":397,"height":206,"caption":"Webcam Sierra Nevada"},{"@type":"BreadcrumbList","@id":"https:\/\/weather-radar-live.com\/fr\/webcam\/italie\/webcam-campo-felice\/#breadcrumb","itemListElement":[{"@type":"ListItem","position":1,"name":"Weather Radar Live","item":"https:\/\/weather-radar-live.com\/fr\/"},{"@type":"ListItem","position":2,"name":"Webcam","item":"https:\/\/weather-radar-live.com\/fr\/webcam\/"},{"@type":"ListItem","position":3,"name":"Italie","item":"https:\/\/weather-radar-live.com\/fr\/webcam\/italie\/"},{"@type":"ListItem","position":4,"name":"Webcam Campo Felice"}]},{"@type":"WebSite","@id":"https:\/\/weather-radar-live.com\/#website","url":"https:\/\/weather-radar-live.com\/","name":"weather-radar-live.com","description":"Your weather and sky radar.","publisher":{"@id":"https:\/\/weather-radar-live.com\/#organization"},"potentialAction":[{"@type":"SearchAction","target":{"@type":"EntryPoint","urlTemplate":"https:\/\/weather-radar-live.com\/?s={search_term_string}"},"query-input":{"@type":"PropertyValueSpecification","valueRequired":true,"valueName":"search_term_string"}}],"inLanguage":"fr-FR"},{"@type":"Organization","@id":"https:\/\/weather-radar-live.com\/#organization","name":"weather-radar-live.com","url":"https:\/\/weather-radar-live.com\/","logo":{"@type":"ImageObject","inLanguage":"fr-FR","@id":"https:\/\/weather-radar-live.com\/#\/schema\/logo\/image\/","url":"https:\/\/weather-radar-live.com\/wp-content\/uploads\/2022\/03\/cropped-WRL2503.png","contentUrl":"https:\/\/weather-radar-live.com\/wp-content\/uploads\/2022\/03\/cropped-WRL2503.png","width":1920,"height":555,"caption":"weather-radar-live.com"},"image":{"@id":"https:\/\/weather-radar-live.com\/#\/schema\/logo\/image\/"}}]}},"_links":{"self":[{"href":"https:\/\/weather-radar-live.com\/fr\/wp-json\/wp\/v2\/pages\/6394","targetHints":{"allow":["GET"]}}],"collection":[{"href":"https:\/\/weather-radar-live.com\/fr\/wp-json\/wp\/v2\/pages"}],"about":[{"href":"https:\/\/weather-radar-live.com\/fr\/wp-json\/wp\/v2\/types\/page"}],"author":[{"embeddable":true,"href":"https:\/\/weather-radar-live.com\/fr\/wp-json\/wp\/v2\/users\/1"}],"replies":[{"embeddable":true,"href":"https:\/\/weather-radar-live.com\/fr\/wp-json\/wp\/v2\/comments?post=6394"}],"version-history":[{"count":2,"href":"https:\/\/weather-radar-live.com\/fr\/wp-json\/wp\/v2\/pages\/6394\/revisions"}],"predecessor-version":[{"id":6415,"href":"https:\/\/weather-radar-live.com\/fr\/wp-json\/wp\/v2\/pages\/6394\/revisions\/6415"}],"up":[{"embeddable":true,"href":"https:\/\/weather-radar-live.com\/fr\/wp-json\/wp\/v2\/pages\/4309"}],"wp:featuredmedia":[{"embeddable":true,"href":"https:\/\/weather-radar-live.com\/fr\/wp-json\/wp\/v2\/media\/5031"}],"wp:attachment":[{"href":"https:\/\/weather-radar-live.com\/fr\/wp-json\/wp\/v2\/media?parent=6394"}],"curies":[{"name":"wp","href":"https:\/\/api.w.org\/{rel}","templated":true}]}}