{"id":6278,"date":"2022-08-04T21:05:47","date_gmt":"2022-08-04T19:05:47","guid":{"rendered":"https:\/\/weather-radar-live.com\/?page_id=6278"},"modified":"2022-08-04T21:11:45","modified_gmt":"2022-08-04T19:11:45","slug":"webcam-abetone","status":"publish","type":"page","link":"https:\/\/weather-radar-live.com\/fr\/webcam\/italie\/webcam-abetone\/","title":{"rendered":"Webcam Abetone"},"content":{"rendered":"<div id=\"weath-3284919787\" class=\"weath-vor-dem-inhalt weath-entity-placement\" style=\"margin-top: 15px;margin-right: 25px;margin-bottom: 40px;margin-left: 25px;\"><script async src=\"\/\/pagead2.googlesyndication.com\/pagead\/js\/adsbygoogle.js?client=ca-pub-8960936133935804\" crossorigin=\"anonymous\"><\/script><ins class=\"adsbygoogle\" style=\"display:block;\" data-ad-client=\"ca-pub-8960936133935804\" \ndata-ad-slot=\"6172817020\" \ndata-ad-format=\"auto\"><\/ins>\n<script> \n(adsbygoogle = window.adsbygoogle || []).push({}); \n<\/script>\n<\/div>\n<div class=\"wp-block-cover alignfull is-light\"><span aria-hidden=\"true\" class=\"wp-block-cover__gradient-background has-background-dim\"><\/span><img decoding=\"async\" class=\"wp-block-cover__image-background wp-image-342\" alt=\"Webcam Abetone\n\" src=\"https:\/\/weather-radar-live.com\/wp-content\/uploads\/2021\/06\/sam-schooler-E9aetBe2w40-unsplash-e1622554814366.jpg\" data-object-fit=\"cover\"\/><div class=\"wp-block-cover__inner-container is-layout-flow wp-block-cover-is-layout-flow\">\n<h2 class=\"has-text-align-center heading wp-block-heading\" id=\"webcam-fort-mahon\" style=\"font-size:40px\"><strong><mark style=\"background-color:rgba(0, 0, 0, 0)\" class=\"has-inline-color has-base-3-color\">WEBCAM <\/mark><\/strong><br><strong><mark style=\"background-color:rgba(0, 0, 0, 0)\" class=\"has-inline-color has-base-3-color\">ABETONE<\/mark><\/strong><\/h2>\n<\/div><\/div>\n\n\n<div class=\"yoast-breadcrumbs\"><span><span><a href=\"https:\/\/weather-radar-live.com\/fr\/\">Weather Radar Live<\/a><\/span> \u00bb <span><a href=\"https:\/\/weather-radar-live.com\/fr\/webcam\/\">Webcam<\/a><\/span> \u00bb <span><a href=\"https:\/\/weather-radar-live.com\/fr\/webcam\/italie\/\">Italie<\/a><\/span> \u00bb <span class=\"breadcrumb_last\" aria-current=\"page\"><strong>Webcam Abetone<\/strong><\/span><\/span><\/div>\n\n\n<h2 class=\"has-text-align-center wp-block-heading\" id=\"webcam-fort-mahon\"><strong>Webcam Abetone<\/strong><\/h2>\n\n\n\n<p>Le village d&rsquo;Abetone, qui compte 700 habitants, est situ\u00e9 \u00e0 la fronti\u00e8re nord de la Toscane. Mais la ville a bien plus \u00e0 offrir que le soleil, la plage et la mer. Car Abetone poss\u00e8de un grand domaine de sports d&rsquo;hiver, qui accueille ses visiteurs avec de nombreuses pistes de ski de fond et des remont\u00e9es m\u00e9caniques. Faites-vous une premi\u00e8re impression de la ville polyvalente avec la webcam Abetone et laissez-vous inspirer par les nombreuses possibilit\u00e9s de sports.<\/p>\n\n\n\n<p>D\u00e9couvrez la plus grande station de ski d&rsquo;Italie centrale, situ\u00e9e au c\u0153ur de la Montagna Pistoiese, un paradis pour les amateurs de sports d&rsquo;hiver et les vacanciers actifs. Au milieu de paysages grandioses et de nombreux parcs naturels, vous d\u00e9couvrirez ici un panorama de montagne \u00e0 couper le souffle qui vous invite \u00e0 vous d\u00e9tendre et \u00e0 faire du sport en hiver comme en \u00e9t\u00e9.<\/p><div id=\"weath-697139138\" class=\"weath-inhalt_2 weath-entity-placement\" style=\"margin-top: 15px;margin-right: 25px;margin-bottom: 35px;margin-left: 25px;\"><script async src=\"\/\/pagead2.googlesyndication.com\/pagead\/js\/adsbygoogle.js?client=ca-pub-8960936133935804\" crossorigin=\"anonymous\"><\/script><ins class=\"adsbygoogle\" style=\"display:block;\" data-ad-client=\"ca-pub-8960936133935804\" \ndata-ad-slot=\"1963584050\" \ndata-ad-format=\"auto\"><\/ins>\n<script> \n(adsbygoogle = window.adsbygoogle || []).push({}); \n<\/script>\n<\/div>\n\n\n\n<div class=\"wp-block-columns is-layout-flex wp-container-core-columns-is-layout-9d6595d7 wp-block-columns-is-layout-flex\">\n<div class=\"wp-block-column webcam-column is-layout-flow wp-block-column-is-layout-flow\">\n<h3 class=\"has-text-align-center wp-block-heading\"> \ud83d\udd34 <strong>Webcam<\/strong> <strong>Abetone<\/strong> &#8211; Nord-Est<\/h3>\n\n\n\n<a name=\"windy-webcam-timelapse-player\" data-id=\"1609329335\" data-play=\"day\" href=\"https:\/\/windy.com\/webcams\/1609329335\" target=\"_blank\" rel=\"noopener\">Abetone Cutigliano &lsquo; Nord-Est<\/a><script async=\"\" type=\"text\/javascript\" src=\"https:\/\/webcams.windy.com\/webcams\/public\/embed\/script\/player.js\"><\/script>\n<\/div>\n\n\n\n<div class=\"wp-block-column webcam-column is-layout-flow wp-block-column-is-layout-flow\">\n<h3 class=\"has-text-align-center wp-block-heading\"> \ud83d\udd34 <strong>Webcam Abetone<\/strong> &#8211; Via Val di Luce<\/h3>\n\n\n\n<a name=\"windy-webcam-timelapse-player\" data-id=\"1582187405\" data-play=\"day\" href=\"https:\/\/windy.com\/webcams\/1582187405\" target=\"_blank\" rel=\"noopener\">Abetone Cutigliano : Via Val di Luce &#8211; Abetone<\/a><script async=\"\" type=\"text\/javascript\" src=\"https:\/\/webcams.windy.com\/webcams\/public\/embed\/script\/player.js\"><\/script>\n<\/div>\n<\/div>\n\n\n\n<div class=\"wp-block-columns is-layout-flex wp-container-core-columns-is-layout-9d6595d7 wp-block-columns-is-layout-flex\">\n<div class=\"wp-block-column webcam-column is-layout-flow wp-block-column-is-layout-flow\">\n<h3 class=\"has-text-align-center wp-block-heading\"> \ud83d\udd34 <strong>Webcam<\/strong> <strong>Abetone<\/strong> &#8211; Via Val di Luce (Nord)<\/h3>\n\n\n\n<a name=\"windy-webcam-timelapse-player\" data-id=\"1638158265\" data-play=\"day\" href=\"https:\/\/windy.com\/webcams\/1638158265\" target=\"_blank\" rel=\"noopener\">Abetone Cutigliano &lsquo; Nord : Via Val di Luce<\/a><script async=\"\" type=\"text\/javascript\" src=\"https:\/\/webcams.windy.com\/webcams\/public\/embed\/script\/player.js\"><\/script>\n<\/div>\n\n\n\n<div class=\"wp-block-column webcam-column is-layout-flow wp-block-column-is-layout-flow\">\n<h3 class=\"has-text-align-center wp-block-heading\"> \ud83d\udd34 <strong>Webcam <strong><strong><strong>Abetone<\/strong><\/strong><\/strong><\/strong> &#8211; Via Val di Luce (Sud) <\/h3>\n\n\n\n<a name=\"windy-webcam-timelapse-player\" data-id=\"1651049363\" data-play=\"day\" href=\"https:\/\/windy.com\/webcams\/1651049363\" target=\"_blank\" rel=\"noopener\">Abetone Cutigliano &lsquo; Sud : Via Val di Luce<\/a><script async=\"\" type=\"text\/javascript\" src=\"https:\/\/webcams.windy.com\/webcams\/public\/embed\/script\/player.js\"><\/script>\n<\/div>\n<\/div>\n\n\n\n<div class=\"wp-block-columns is-layout-flex wp-container-core-columns-is-layout-9d6595d7 wp-block-columns-is-layout-flex\">\n<div class=\"wp-block-column webcam-column is-layout-flow wp-block-column-is-layout-flow\">\n<h3 class=\"has-text-align-center wp-block-heading\"> \ud83d\udd34 <strong>Webcam<strong> Abetone &#8211;<\/strong><\/strong> Via Val di Luce (Sud-Est)<\/h3>\n\n\n\n<a name=\"windy-webcam-timelapse-player\" data-id=\"1633083125\" data-play=\"day\" href=\"https:\/\/windy.com\/webcams\/1633083125\" target=\"_blank\" rel=\"noopener\">Abetone Cutigliano &lsquo; Sud-Est : Monte Gomito &#8211; Via Val di Luce<\/a><script async=\"\" type=\"text\/javascript\" src=\"https:\/\/webcams.windy.com\/webcams\/public\/embed\/script\/player.js\"><\/script>\n<\/div>\n\n\n\n<div class=\"wp-block-column webcam-column is-layout-flow wp-block-column-is-layout-flow\">\n<h3 class=\"has-text-align-center wp-block-heading\"> \ud83d\udd34 <strong>Webcam <strong><strong><strong>Abetone<\/strong><\/strong><\/strong><\/strong> &#8211; (Nord-Est)<\/h3>\n\n\n\n<a name=\"windy-webcam-timelapse-player\" data-id=\"1638976612\" data-play=\"day\" href=\"https:\/\/windy.com\/webcams\/1638976612\" target=\"_blank\" rel=\"noopener\">Abetone Cutigliano &lsquo; Nord-Est<\/a><script async=\"\" type=\"text\/javascript\" src=\"https:\/\/webcams.windy.com\/webcams\/public\/embed\/script\/player.js\"><\/script>\n<\/div>\n<\/div>\n\n\n\n<div class=\"wp-block-columns is-layout-flex wp-container-core-columns-is-layout-9d6595d7 wp-block-columns-is-layout-flex\">\n<div class=\"wp-block-column webcam-column is-layout-flow wp-block-column-is-layout-flow\">\n<h3 class=\"has-text-align-center wp-block-heading\"> \ud83d\udd34 <strong>Webcam <strong><strong><strong>Abetone<\/strong><\/strong><\/strong><\/strong> &#8211; Passo di Annibale<\/h3>\n\n\n\n<a name=\"windy-webcam-timelapse-player\" data-id=\"1654407814\" data-play=\"day\" href=\"https:\/\/windy.com\/webcams\/1654407814\" target=\"_blank\" rel=\"noopener\">Abetone Cutigliano &lsquo; Sud : Passo di Annibale<\/a><script async=\"\" type=\"text\/javascript\" src=\"https:\/\/webcams.windy.com\/webcams\/public\/embed\/script\/player.js\"><\/script>\n<\/div>\n\n\n\n<div class=\"wp-block-column webcam-column is-layout-flow wp-block-column-is-layout-flow\">\n<h3 class=\"has-text-align-center wp-block-heading\"> \ud83d\udd34 <strong>Webcam Abetone<\/strong> &#8211; Val di Luce (Piazza Centrale)<\/h3>\n\n\n\n<iframe loading=\"lazy\" width=\"560\" height=\"315\" src=\"https:\/\/www.youtube.com\/embed\/8ySM57gHETU\" title=\"YouTube video player\" frameborder=\"0\" allow=\"accelerometer; autoplay; clipboard-write; encrypted-media; gyroscope; picture-in-picture\" allowfullscreen=\"\"><\/iframe>\n<\/div>\n<\/div>\n\n\n\n<h2 class=\"wp-block-heading\" id=\"fort-mahon-today\"><strong>Radar m\u00e9t\u00e9o Abetone &#8211; Le temps qu&rsquo;il fait \u00e0 Abetone<\/strong><\/h2>\n\n\n\n<p>Avec notre webcam Abetone, vous pouvez suivre en temps r\u00e9el les conditions m\u00e9t\u00e9orologiques actuelles de la ville. De plus, nous vous proposons un radar m\u00e9t\u00e9o pour vous tenir inform\u00e9 des pr\u00e9visions m\u00e9t\u00e9orologiques actuelles ainsi que des zones de pr\u00e9cipitations. En fonction de l&rsquo;intensit\u00e9 des pr\u00e9cipitations, celles-ci sont marqu\u00e9es d&rsquo;une couleur diff\u00e9rente sur la carte. Les zones bleues et vertes indiquent de faibles niveaux de pr\u00e9cipitations. Les zones violettes et rouges, en revanche, correspondent \u00e0 de fortes pr\u00e9cipitations avec un potentiel de temps violent. En outre, les orages sont indiqu\u00e9s par de petits symboles d&rsquo;\u00e9clairs dans le radar m\u00e9t\u00e9orologique. Gr\u00e2ce \u00e0 ces informations de fond compl\u00e8tes fournies par notre webcam et notre radar m\u00e9t\u00e9orologique, vous \u00eates toujours bien inform\u00e9 des conditions m\u00e9t\u00e9orologiques actuelles \u00e0 Abetone.<\/p>\n\n\n\n<div class=\"wp-block-columns is-layout-flex wp-container-core-columns-is-layout-9d6595d7 wp-block-columns-is-layout-flex\">\n<div class=\"wp-block-column is-layout-flow wp-block-column-is-layout-flow\" style=\"flex-basis:75%\">\n<iframe loading=\"lazy\" width=\"1300\" height=\"502\" src=\"https:\/\/embed.windy.com\/embed2.html?lat=44.144&amp;lon=10.639&amp;detailLat=44.144&amp;detailLon=10.639&amp;width=1300&amp;height=502&amp;zoom=11&amp;level=surface&amp;overlay=rain&amp;product=ecmwf&amp;menu=&amp;message=&amp;marker=&amp;calendar=now&amp;pressure=&amp;type=map&amp;location=coordinates&amp;detail=&amp;metricWind=default&amp;metricTemp=default&amp;radarRange=-1\" frameborder=\"0\"><\/iframe>\n<\/div>\n\n\n\n<div class=\"wp-block-column is-layout-flow wp-block-column-is-layout-flow\" style=\"flex-basis:25%\">\n<a class=\"weatherwidget-io\" href=\"https:\/\/forecast7.com\/fr\/44d1410d66\/abetone\/\" data-label_1=\"ABETONE\" data-theme=\"original\" >ABETONE<\/a>\n<script>\n!function(d,s,id){var js,fjs=d.getElementsByTagName(s)[0];if(!d.getElementById(id)){js=d.createElement(s);js.id=id;js.src='https:\/\/weatherwidget.io\/js\/widget.min.js';fjs.parentNode.insertBefore(js,fjs);}}(document,'script','weatherwidget-io-js');\n<\/script>\n<\/div>\n<\/div>\n\n\n\n<h2 class=\"wp-block-heading\" id=\"fort-mahon-weather\"><strong>Le climat \u00e0 Abetone<\/strong><\/h2>\n\n\n\n<p>L&rsquo;Abetone est caract\u00e9ris\u00e9e par un climat chaud et temp\u00e9r\u00e9. La temp\u00e9rature annuelle moyenne est de 9,6 \u00b0C, juillet \u00e9tant le mois le plus chaud avec une temp\u00e9rature moyenne de 18,9 \u00b0C. Le mois le plus froid est janvier, avec des temp\u00e9ratures moyennes de 1,1 \u00b0C. En g\u00e9n\u00e9ral, la ville a beaucoup de pr\u00e9cipitations, de sorte qu&rsquo;il y a une moyenne annuelle d&rsquo;environ 1318 mm de pr\u00e9cipitations. Novembre est le mois avec le plus de pr\u00e9cipitations, avec une moyenne de 153 mm, et ao\u00fbt est le mois avec le moins de pr\u00e9cipitations, avec environ 81 mm.<\/p>\n\n\n\n<h2 class=\"wp-block-heading\"><strong>Attractions \u00e0 Abetone<\/strong><\/h2>\n\n\n\n<p>Au cours du si\u00e8cle dernier, la popularit\u00e9 d&rsquo;Abetone en tant que destination de sports d&rsquo;hiver et d&rsquo;\u00e9t\u00e9 a consid\u00e9rablement augment\u00e9. En hiver, un grand domaine skiable vous attend ici, avec environ 30 pistes qui ont une longueur totale de 50 km. Les pistes historiquement c\u00e9l\u00e8bres telles que Selletta, Riva et Fivizzani sont \u00e9galement incluses dans le domaine skiable d&rsquo;Abetone. Mais la ville ne m\u00e9rite pas seulement une visite pendant les mois d&rsquo;hiver. Gr\u00e2ce \u00e0 son altitude d&rsquo;environ 1 400 m\u00e8tres, les temp\u00e9ratures sont agr\u00e9ablement douces pendant les mois d&rsquo;\u00e9t\u00e9, lorsque les vacanciers actifs peuvent profiter de l&rsquo;air frais de la montagne et du fantastique panorama montagneux lors d&rsquo;une grande randonn\u00e9e. Ainsi, vous serez r\u00e9compens\u00e9 par une vue \u00e0 couper le souffle lors d&rsquo;une mont\u00e9e au Monte Cimone, Monte Gomito ou Libro Aperto. En outre, les v\u00e9t\u00e9tistes et les cyclistes en auront pour leur argent lors d&rsquo;une exub\u00e9rante randonn\u00e9e \u00e0 v\u00e9lo \u00e0 travers le paysage fascinant du nord de la Toscane. Une fin r\u00e9ussie \u00e0 une journ\u00e9e pleine de sports peut \u00eatre trouv\u00e9e dans les innombrables restaurants de la ville, qui vous g\u00e2teront avec des sp\u00e9cialit\u00e9s locales typiques.<\/p>\n","protected":false},"excerpt":{"rendered":"<p>Webcam Abetone Le village d&rsquo;Abetone, qui compte 700 habitants, est situ\u00e9 \u00e0 la fronti\u00e8re nord de la Toscane. Mais la ville a bien plus \u00e0 offrir que le soleil, la plage et la mer. Car Abetone poss\u00e8de un grand domaine de sports d&rsquo;hiver, qui accueille ses visiteurs avec de nombreuses pistes de ski de fond &#8230; <a title=\"Webcam Abetone\" class=\"read-more\" href=\"https:\/\/weather-radar-live.com\/fr\/webcam\/italie\/webcam-abetone\/\" aria-label=\"En savoir plus sur Webcam Abetone\">Lire la suite<\/a><\/p>\n","protected":false},"author":1,"featured_media":6057,"parent":4309,"menu_order":0,"comment_status":"closed","ping_status":"closed","template":"","meta":{"footnotes":""},"class_list":["post-6278","page","type-page","status-publish","has-post-thumbnail"],"yoast_head":"<!-- This site is optimized with the Yoast SEO plugin v27.5 - https:\/\/yoast.com\/product\/yoast-seo-wordpress\/ -->\n<title>Webcam Abetone \u2192 Regardez-le en direct !<\/title>\n<meta name=\"description\" content=\"Webcam Abetone | Livecam de Abetone ! \u2705 Mis \u00e0 jour pour vous en temps r\u00e9el ! \u2705 Pr\u00e9visions m\u00e9t\u00e9orologiques actuelles !\" \/>\n<meta name=\"robots\" content=\"index, follow, max-snippet:-1, max-image-preview:large, max-video-preview:-1\" \/>\n<link rel=\"canonical\" href=\"https:\/\/weather-radar-live.com\/fr\/webcam\/italie\/webcam-abetone\/\" \/>\n<meta property=\"og:locale\" content=\"fr_FR\" \/>\n<meta property=\"og:type\" content=\"article\" \/>\n<meta property=\"og:title\" content=\"Webcam Abetone \u2192 Regardez-le en direct !\" \/>\n<meta property=\"og:description\" content=\"Webcam Abetone | Livecam de Abetone ! \u2705 Mis \u00e0 jour pour vous en temps r\u00e9el ! \u2705 Pr\u00e9visions m\u00e9t\u00e9orologiques actuelles !\" \/>\n<meta property=\"og:url\" content=\"https:\/\/weather-radar-live.com\/fr\/webcam\/italie\/webcam-abetone\/\" \/>\n<meta property=\"og:site_name\" content=\"weather-radar-live.com\" \/>\n<meta property=\"article:modified_time\" content=\"2022-08-04T19:11:45+00:00\" \/>\n<meta property=\"og:image\" content=\"https:\/\/weather-radar-live.com\/wp-content\/uploads\/2022\/08\/Webcam-Abetone-e1659464523391.jpg\" \/>\n\t<meta property=\"og:image:width\" content=\"1912\" \/>\n\t<meta property=\"og:image:height\" content=\"931\" \/>\n\t<meta property=\"og:image:type\" content=\"image\/jpeg\" \/>\n<meta name=\"twitter:card\" content=\"summary_large_image\" \/>\n<meta name=\"twitter:label1\" content=\"Dur\u00e9e de lecture estim\u00e9e\" \/>\n\t<meta name=\"twitter:data1\" content=\"4 minutes\" \/>\n<script type=\"application\/ld+json\" class=\"yoast-schema-graph\">{\"@context\":\"https:\\\/\\\/schema.org\",\"@graph\":[{\"@type\":\"WebPage\",\"@id\":\"https:\\\/\\\/weather-radar-live.com\\\/fr\\\/webcam\\\/italie\\\/webcam-abetone\\\/\",\"url\":\"https:\\\/\\\/weather-radar-live.com\\\/fr\\\/webcam\\\/italie\\\/webcam-abetone\\\/\",\"name\":\"Webcam Abetone \u2192 Regardez-le en direct !\",\"isPartOf\":{\"@id\":\"https:\\\/\\\/weather-radar-live.com\\\/#website\"},\"primaryImageOfPage\":{\"@id\":\"https:\\\/\\\/weather-radar-live.com\\\/fr\\\/webcam\\\/italie\\\/webcam-abetone\\\/#primaryimage\"},\"image\":{\"@id\":\"https:\\\/\\\/weather-radar-live.com\\\/fr\\\/webcam\\\/italie\\\/webcam-abetone\\\/#primaryimage\"},\"thumbnailUrl\":\"https:\\\/\\\/weather-radar-live.com\\\/wp-content\\\/uploads\\\/2022\\\/08\\\/Webcam-Abetone-e1659464523391.jpg\",\"datePublished\":\"2022-08-04T19:05:47+00:00\",\"dateModified\":\"2022-08-04T19:11:45+00:00\",\"description\":\"Webcam Abetone | Livecam de Abetone ! \u2705 Mis \u00e0 jour pour vous en temps r\u00e9el ! \u2705 Pr\u00e9visions m\u00e9t\u00e9orologiques actuelles !\",\"breadcrumb\":{\"@id\":\"https:\\\/\\\/weather-radar-live.com\\\/fr\\\/webcam\\\/italie\\\/webcam-abetone\\\/#breadcrumb\"},\"inLanguage\":\"fr-FR\",\"potentialAction\":[{\"@type\":\"ReadAction\",\"target\":[\"https:\\\/\\\/weather-radar-live.com\\\/fr\\\/webcam\\\/italie\\\/webcam-abetone\\\/\"]}]},{\"@type\":\"ImageObject\",\"inLanguage\":\"fr-FR\",\"@id\":\"https:\\\/\\\/weather-radar-live.com\\\/fr\\\/webcam\\\/italie\\\/webcam-abetone\\\/#primaryimage\",\"url\":\"https:\\\/\\\/weather-radar-live.com\\\/wp-content\\\/uploads\\\/2022\\\/08\\\/Webcam-Abetone-e1659464523391.jpg\",\"contentUrl\":\"https:\\\/\\\/weather-radar-live.com\\\/wp-content\\\/uploads\\\/2022\\\/08\\\/Webcam-Abetone-e1659464523391.jpg\",\"width\":1912,\"height\":931,\"caption\":\"Webcam Abetone\"},{\"@type\":\"BreadcrumbList\",\"@id\":\"https:\\\/\\\/weather-radar-live.com\\\/fr\\\/webcam\\\/italie\\\/webcam-abetone\\\/#breadcrumb\",\"itemListElement\":[{\"@type\":\"ListItem\",\"position\":1,\"name\":\"Weather Radar Live\",\"item\":\"https:\\\/\\\/weather-radar-live.com\\\/fr\\\/\"},{\"@type\":\"ListItem\",\"position\":2,\"name\":\"Webcam\",\"item\":\"https:\\\/\\\/weather-radar-live.com\\\/fr\\\/webcam\\\/\"},{\"@type\":\"ListItem\",\"position\":3,\"name\":\"Italie\",\"item\":\"https:\\\/\\\/weather-radar-live.com\\\/fr\\\/webcam\\\/italie\\\/\"},{\"@type\":\"ListItem\",\"position\":4,\"name\":\"Webcam Abetone\"}]},{\"@type\":\"WebSite\",\"@id\":\"https:\\\/\\\/weather-radar-live.com\\\/#website\",\"url\":\"https:\\\/\\\/weather-radar-live.com\\\/\",\"name\":\"weather-radar-live.com\",\"description\":\"Your weather and sky radar.\",\"publisher\":{\"@id\":\"https:\\\/\\\/weather-radar-live.com\\\/#organization\"},\"potentialAction\":[{\"@type\":\"SearchAction\",\"target\":{\"@type\":\"EntryPoint\",\"urlTemplate\":\"https:\\\/\\\/weather-radar-live.com\\\/?s={search_term_string}\"},\"query-input\":{\"@type\":\"PropertyValueSpecification\",\"valueRequired\":true,\"valueName\":\"search_term_string\"}}],\"inLanguage\":\"fr-FR\"},{\"@type\":\"Organization\",\"@id\":\"https:\\\/\\\/weather-radar-live.com\\\/#organization\",\"name\":\"weather-radar-live.com\",\"url\":\"https:\\\/\\\/weather-radar-live.com\\\/\",\"logo\":{\"@type\":\"ImageObject\",\"inLanguage\":\"fr-FR\",\"@id\":\"https:\\\/\\\/weather-radar-live.com\\\/#\\\/schema\\\/logo\\\/image\\\/\",\"url\":\"https:\\\/\\\/weather-radar-live.com\\\/wp-content\\\/uploads\\\/2022\\\/03\\\/cropped-WRL2503.png\",\"contentUrl\":\"https:\\\/\\\/weather-radar-live.com\\\/wp-content\\\/uploads\\\/2022\\\/03\\\/cropped-WRL2503.png\",\"width\":1920,\"height\":555,\"caption\":\"weather-radar-live.com\"},\"image\":{\"@id\":\"https:\\\/\\\/weather-radar-live.com\\\/#\\\/schema\\\/logo\\\/image\\\/\"}}]}<\/script>\n<!-- \/ Yoast SEO plugin. -->","yoast_head_json":{"title":"Webcam Abetone \u2192 Regardez-le en direct !","description":"Webcam Abetone | Livecam de Abetone ! \u2705 Mis \u00e0 jour pour vous en temps r\u00e9el ! \u2705 Pr\u00e9visions m\u00e9t\u00e9orologiques actuelles !","robots":{"index":"index","follow":"follow","max-snippet":"max-snippet:-1","max-image-preview":"max-image-preview:large","max-video-preview":"max-video-preview:-1"},"canonical":"https:\/\/weather-radar-live.com\/fr\/webcam\/italie\/webcam-abetone\/","og_locale":"fr_FR","og_type":"article","og_title":"Webcam Abetone \u2192 Regardez-le en direct !","og_description":"Webcam Abetone | Livecam de Abetone ! \u2705 Mis \u00e0 jour pour vous en temps r\u00e9el ! \u2705 Pr\u00e9visions m\u00e9t\u00e9orologiques actuelles !","og_url":"https:\/\/weather-radar-live.com\/fr\/webcam\/italie\/webcam-abetone\/","og_site_name":"weather-radar-live.com","article_modified_time":"2022-08-04T19:11:45+00:00","og_image":[{"width":1912,"height":931,"url":"https:\/\/weather-radar-live.com\/wp-content\/uploads\/2022\/08\/Webcam-Abetone-e1659464523391.jpg","type":"image\/jpeg"}],"twitter_card":"summary_large_image","twitter_misc":{"Dur\u00e9e de lecture estim\u00e9e":"4 minutes"},"schema":{"@context":"https:\/\/schema.org","@graph":[{"@type":"WebPage","@id":"https:\/\/weather-radar-live.com\/fr\/webcam\/italie\/webcam-abetone\/","url":"https:\/\/weather-radar-live.com\/fr\/webcam\/italie\/webcam-abetone\/","name":"Webcam Abetone \u2192 Regardez-le en direct !","isPartOf":{"@id":"https:\/\/weather-radar-live.com\/#website"},"primaryImageOfPage":{"@id":"https:\/\/weather-radar-live.com\/fr\/webcam\/italie\/webcam-abetone\/#primaryimage"},"image":{"@id":"https:\/\/weather-radar-live.com\/fr\/webcam\/italie\/webcam-abetone\/#primaryimage"},"thumbnailUrl":"https:\/\/weather-radar-live.com\/wp-content\/uploads\/2022\/08\/Webcam-Abetone-e1659464523391.jpg","datePublished":"2022-08-04T19:05:47+00:00","dateModified":"2022-08-04T19:11:45+00:00","description":"Webcam Abetone | Livecam de Abetone ! \u2705 Mis \u00e0 jour pour vous en temps r\u00e9el ! \u2705 Pr\u00e9visions m\u00e9t\u00e9orologiques actuelles !","breadcrumb":{"@id":"https:\/\/weather-radar-live.com\/fr\/webcam\/italie\/webcam-abetone\/#breadcrumb"},"inLanguage":"fr-FR","potentialAction":[{"@type":"ReadAction","target":["https:\/\/weather-radar-live.com\/fr\/webcam\/italie\/webcam-abetone\/"]}]},{"@type":"ImageObject","inLanguage":"fr-FR","@id":"https:\/\/weather-radar-live.com\/fr\/webcam\/italie\/webcam-abetone\/#primaryimage","url":"https:\/\/weather-radar-live.com\/wp-content\/uploads\/2022\/08\/Webcam-Abetone-e1659464523391.jpg","contentUrl":"https:\/\/weather-radar-live.com\/wp-content\/uploads\/2022\/08\/Webcam-Abetone-e1659464523391.jpg","width":1912,"height":931,"caption":"Webcam Abetone"},{"@type":"BreadcrumbList","@id":"https:\/\/weather-radar-live.com\/fr\/webcam\/italie\/webcam-abetone\/#breadcrumb","itemListElement":[{"@type":"ListItem","position":1,"name":"Weather Radar Live","item":"https:\/\/weather-radar-live.com\/fr\/"},{"@type":"ListItem","position":2,"name":"Webcam","item":"https:\/\/weather-radar-live.com\/fr\/webcam\/"},{"@type":"ListItem","position":3,"name":"Italie","item":"https:\/\/weather-radar-live.com\/fr\/webcam\/italie\/"},{"@type":"ListItem","position":4,"name":"Webcam Abetone"}]},{"@type":"WebSite","@id":"https:\/\/weather-radar-live.com\/#website","url":"https:\/\/weather-radar-live.com\/","name":"weather-radar-live.com","description":"Your weather and sky radar.","publisher":{"@id":"https:\/\/weather-radar-live.com\/#organization"},"potentialAction":[{"@type":"SearchAction","target":{"@type":"EntryPoint","urlTemplate":"https:\/\/weather-radar-live.com\/?s={search_term_string}"},"query-input":{"@type":"PropertyValueSpecification","valueRequired":true,"valueName":"search_term_string"}}],"inLanguage":"fr-FR"},{"@type":"Organization","@id":"https:\/\/weather-radar-live.com\/#organization","name":"weather-radar-live.com","url":"https:\/\/weather-radar-live.com\/","logo":{"@type":"ImageObject","inLanguage":"fr-FR","@id":"https:\/\/weather-radar-live.com\/#\/schema\/logo\/image\/","url":"https:\/\/weather-radar-live.com\/wp-content\/uploads\/2022\/03\/cropped-WRL2503.png","contentUrl":"https:\/\/weather-radar-live.com\/wp-content\/uploads\/2022\/03\/cropped-WRL2503.png","width":1920,"height":555,"caption":"weather-radar-live.com"},"image":{"@id":"https:\/\/weather-radar-live.com\/#\/schema\/logo\/image\/"}}]}},"_links":{"self":[{"href":"https:\/\/weather-radar-live.com\/fr\/wp-json\/wp\/v2\/pages\/6278","targetHints":{"allow":["GET"]}}],"collection":[{"href":"https:\/\/weather-radar-live.com\/fr\/wp-json\/wp\/v2\/pages"}],"about":[{"href":"https:\/\/weather-radar-live.com\/fr\/wp-json\/wp\/v2\/types\/page"}],"author":[{"embeddable":true,"href":"https:\/\/weather-radar-live.com\/fr\/wp-json\/wp\/v2\/users\/1"}],"replies":[{"embeddable":true,"href":"https:\/\/weather-radar-live.com\/fr\/wp-json\/wp\/v2\/comments?post=6278"}],"version-history":[{"count":2,"href":"https:\/\/weather-radar-live.com\/fr\/wp-json\/wp\/v2\/pages\/6278\/revisions"}],"predecessor-version":[{"id":6305,"href":"https:\/\/weather-radar-live.com\/fr\/wp-json\/wp\/v2\/pages\/6278\/revisions\/6305"}],"up":[{"embeddable":true,"href":"https:\/\/weather-radar-live.com\/fr\/wp-json\/wp\/v2\/pages\/4309"}],"wp:featuredmedia":[{"embeddable":true,"href":"https:\/\/weather-radar-live.com\/fr\/wp-json\/wp\/v2\/media\/6057"}],"wp:attachment":[{"href":"https:\/\/weather-radar-live.com\/fr\/wp-json\/wp\/v2\/media?parent=6278"}],"curies":[{"name":"wp","href":"https:\/\/api.w.org\/{rel}","templated":true}]}}