{"id":619,"date":"2021-06-06T13:14:31","date_gmt":"2021-06-06T11:14:31","guid":{"rendered":"https:\/\/weather-radar-live.com\/?page_id=619"},"modified":"2022-07-06T13:14:49","modified_gmt":"2022-07-06T11:14:49","slug":"tornades-en-direct","status":"publish","type":"page","link":"https:\/\/weather-radar-live.com\/fr\/tornades-en-direct\/","title":{"rendered":"Tornades en direct"},"content":{"rendered":"<div id=\"weath-582975440\" class=\"weath-vor-dem-inhalt weath-entity-placement\" style=\"margin-top: 15px;margin-right: 25px;margin-bottom: 40px;margin-left: 25px;\"><script async src=\"\/\/pagead2.googlesyndication.com\/pagead\/js\/adsbygoogle.js?client=ca-pub-8960936133935804\" crossorigin=\"anonymous\"><\/script><ins class=\"adsbygoogle\" style=\"display:block;\" data-ad-client=\"ca-pub-8960936133935804\" \ndata-ad-slot=\"6172817020\" \ndata-ad-format=\"auto\"><\/ins>\n<script> \n(adsbygoogle = window.adsbygoogle || []).push({}); \n<\/script>\n<\/div>\n<div class=\"wp-block-cover alignfull is-light\"><span aria-hidden=\"true\" class=\"wp-block-cover__gradient-background has-background-dim\"><\/span><img loading=\"lazy\" decoding=\"async\" width=\"1900\" height=\"460\" class=\"wp-block-cover__image-background wp-image-299\" alt=\"\" src=\"https:\/\/weather-radar-live.com\/wp-content\/uploads\/2021\/06\/espen-bierud-W43gm6TD118-unsplash-e1622556005525.jpg\" data-object-fit=\"cover\" srcset=\"https:\/\/weather-radar-live.com\/wp-content\/uploads\/2021\/06\/espen-bierud-W43gm6TD118-unsplash-e1622556005525.jpg 1900w, https:\/\/weather-radar-live.com\/wp-content\/uploads\/2021\/06\/espen-bierud-W43gm6TD118-unsplash-e1622556005525-300x73.jpg 300w, https:\/\/weather-radar-live.com\/wp-content\/uploads\/2021\/06\/espen-bierud-W43gm6TD118-unsplash-e1622556005525-1024x248.jpg 1024w, https:\/\/weather-radar-live.com\/wp-content\/uploads\/2021\/06\/espen-bierud-W43gm6TD118-unsplash-e1622556005525-768x186.jpg 768w, https:\/\/weather-radar-live.com\/wp-content\/uploads\/2021\/06\/espen-bierud-W43gm6TD118-unsplash-e1622556005525-1536x372.jpg 1536w\" sizes=\"auto, (max-width: 1900px) 100vw, 1900px\" \/><div class=\"wp-block-cover__inner-container is-layout-flow wp-block-cover-is-layout-flow\">\n<h2 class=\"has-text-align-center heading wp-block-heading\" style=\"font-size:40px\"><mark style=\"background-color:rgba(0, 0, 0, 0);color:#f59800\" class=\"has-inline-color\"><strong>TORNADES<\/strong><\/mark><mark style=\"background-color:rgba(0, 0, 0, 0);color:#ffde00\" class=\"has-inline-color\"><strong> <\/strong><\/mark><mark style=\"background-color:rgba(0, 0, 0, 0)\" class=\"has-inline-color has-white-color\"><strong>EN DIRECT<\/strong><\/mark><\/h2>\n<\/div><\/div>\n\n\n<h2 style=\"text-align: center;\"><span style=\"color: #f59800;\"><b>Tornades en direct &#8211; o\u00f9 se trouve la tornade ?<\/b><\/span><\/h2>\n<p><span style=\"font-weight: 400;\">Gr\u00e2ce \u00e0 notre tracker de tornades, vous pouvez voir sur la carte o\u00f9 se trouvent actuellement les tornades dans le <span style=\"color: #f59800;\"><strong><a style=\"color: #f59800;\" href=\"https:\/\/weather-radar-live.com\/fr\/\" target=\"_blank\" rel=\"noopener noreferrer\">r\u00e9gion<\/a><\/strong><\/span>. \u00ab\u00a0Tornades en direct\u00a0\u00bb couvre la France et d&rsquo;autres pays \u00e9galement. La force du vent est affich\u00e9e sur la carte en couleur et mesur\u00e9e en n\u0153uds. De m\u00eame, la direction du vent vous est indiqu\u00e9e par des lignes de vent blanches.<\/span><\/p>\n<p><span style=\"font-weight: 400;\">En fonction de leur force, les tornades peuvent causer de gros d\u00e9g\u00e2ts au sol. \u00c0 partir de maintenant, consultez r\u00e9guli\u00e8rement notre tracker de tornades et d\u00e9couvrez si des tornades se produisent actuellement dans votre r\u00e9gion. Dans ce qui suit, nous allons entrer dans le d\u00e9tail du radar et des tornades en g\u00e9n\u00e9ral.<\/span><\/p><div id=\"weath-4123557318\" class=\"weath-inhalt_2 weath-entity-placement\" style=\"margin-top: 15px;margin-right: 25px;margin-bottom: 35px;margin-left: 25px;\"><script async src=\"\/\/pagead2.googlesyndication.com\/pagead\/js\/adsbygoogle.js?client=ca-pub-8960936133935804\" crossorigin=\"anonymous\"><\/script><ins class=\"adsbygoogle\" style=\"display:block;\" data-ad-client=\"ca-pub-8960936133935804\" \ndata-ad-slot=\"1963584050\" \ndata-ad-format=\"auto\"><\/ins>\n<script> \n(adsbygoogle = window.adsbygoogle || []).push({}); \n<\/script>\n<\/div>\n\n\n<iframe loading=\"lazy\" width=\"1300\" height=\"600\" src=\"https:\/\/embed.windy.com\/embed2.html?lat=46.905&amp;lon=2.505&amp;detailLat=49.516&amp;detailLon=11.000&amp;width=1300&amp;height=600&amp;zoom=6&amp;level=surface&amp;overlay=gust&amp;product=radar&amp;menu=&amp;message=&amp;marker=&amp;calendar=now&amp;pressure=&amp;type=map&amp;location=coordinates&amp;detail=&amp;metricWind=default&amp;metricTemp=default&amp;radarRange=-1\" frameborder=\"0\"><\/iframe>\n\n\n\n<p><\/p>\n\n\n\n<div class=\"wp-block-columns is-layout-flex wp-container-core-columns-is-layout-9d6595d7 wp-block-columns-is-layout-flex\">\n<div class=\"wp-block-column is-layout-flow wp-block-column-is-layout-flow\">\n<img decoding=\"async\" src=\"https:\/\/www.spc.noaa.gov\/products\/outlook\/day1probotlk_torn.gif\" class=\"tornadoradar-noaa\">\n\n\n\n<p><\/p>\n<\/div>\n\n\n\n<div class=\"wp-block-column is-layout-flow wp-block-column-is-layout-flow\">\n<img decoding=\"async\" src=\"https:\/\/www.spc.noaa.gov\/products\/watch\/validww.png\" class=\"tornadoradar-noaa-2\">\n<\/div>\n<\/div>\n\n\n\n<div style=\"height:30px\" aria-hidden=\"true\" class=\"wp-block-spacer\"><\/div>\n\n\n<h2 style=\"text-align: center;\"><span style=\"color: #f59800;\"><b>Comment lire le radar \u00e0 tornades<\/b><\/span><\/h2>\n<p><span style=\"font-weight: 400;\">Le <a href=\"https:\/\/www.futura-sciences.com\/planete\/definitions\/climatologie-vent-14560\/\" target=\"_blank\" rel=\"noopener\"><strong>vent<\/strong><\/a> vous est indiqu\u00e9 par des lignes blanches qui se d\u00e9placent sur la carte. Si ces lignes de vent pr\u00e9sentent un mouvement de rotation ainsi qu&rsquo;une coloration orange, rouge ou violette, vous devez vous attendre \u00e0 une tornade.<\/span><\/p>\n<p><\/p>\n<h2 style=\"text-align: center;\"><span style=\"color: #f59800;\"><b>Qu&rsquo;est-ce qu&rsquo;une tornade ?<\/b><\/span><\/h2>\n<p><span style=\"font-weight: 400;\">Une <a href=\"https:\/\/www.futura-sciences.com\/planete\/definitions\/climatologie-tornade-1459\/\" target=\"_blank\" rel=\"noopener\"><strong>tornade<\/strong><\/a> est le r\u00e9sultat de masses d&rsquo;air en rotation. Ces masses d&rsquo;air peuvent tourner si fortement pendant leur formation qu&rsquo;une colonne d&rsquo;air se forme. Cette colonne d&rsquo;air visible s&rsquo;appelle une tornade.<\/span><\/p>\n<p><span style=\"font-weight: 400;\">Pendant longtemps, on a suppos\u00e9 que les tornades se formaient du ciel vers le sol. Cette hypoth\u00e8se a toutefois \u00e9t\u00e9 r\u00e9fut\u00e9e par des recherches approfondies men\u00e9es par l&rsquo;American Geophysical Union. On a d\u00e9couvert que la tornade se forme d\u00e9j\u00e0 pr\u00e8s du sol avant de commencer \u00e0 tourner.<\/span><\/p>\n<p><\/p>\n<h2 style=\"text-align: center;\"><span style=\"color: #f59800;\"><b>Quand la saison des tornades commence-t-elle ?<\/b><\/span><\/h2>\n<p><span style=\"font-weight: 400;\">La saison des tornades commence en mars et dure jusqu&rsquo;\u00e0 la fin du mois de juillet. La plupart des tornades se produisent au mois de mai. Pendant la saison des tornades, le centre de gravit\u00e9 des zones de tornades se d\u00e9place du sud-est (Grandes Plaines en Oklahoma) de plus en plus vers le nord (Illinois et Indiana).<\/span><\/p>\n<p><\/p>\n<h2 style=\"text-align: center;\"><span style=\"color: #f59800;\"><b>Y a-t-il une tornade pr\u00e8s de chez moi ?<\/b><\/span><\/h2>\n<p><span style=\"font-weight: 400;\">En particulier pendant la saison des tornades, vous devez \u00eatre tr\u00e8s attentif et surveiller r\u00e9guli\u00e8rement la situation m\u00e9t\u00e9orologique. Les tornades peuvent causer de graves dommages le long de leur parcours et peuvent survenir de mani\u00e8re tr\u00e8s inattendue. D\u00e8s qu&rsquo;il y a les premiers signes d&rsquo;une <span style=\"color: #f59800;\"><strong><a style=\"color: #f59800;\" href=\"https:\/\/weather-radar-live.com\/fr\/tempete\/\" target=\"_blank\" rel=\"noopener noreferrer\">orage<\/a> <\/strong><\/span>de gr\u00eale, de vents violents et <span style=\"color: #1950fe;\"><strong><a style=\"color: #1950fe;\" href=\"https:\/\/weather-radar-live.com\/fr\/radar-pluie\/\" target=\"_blank\" rel=\"noopener noreferrer\">pluie<\/a> <\/strong><\/span>vous ne devez pas quitter des yeux le traceur de tornades.<\/span><\/p>\n<p><span style=\"font-weight: 400;\">Observez \u00e9galement le ciel et scrutez-le \u00e0 la recherche de nuages en rotation et de colonnes de nuages. Recherchez les tourbillons de poussi\u00e8re sur le sol. Ceux-ci sont \u00e9galement un indicateur de la formation d&rsquo;une tornade. Au plus tard lorsque les sir\u00e8nes de tornade retentissent, vous devez rapidement vous mettre \u00e0 l&rsquo;abri.<\/span><\/p>\n<p><\/p>\n<h2 style=\"text-align: center;\"><span style=\"color: #f59800;\"><b>Comment se forment les tornades ?<\/b><\/span><\/h2>\n<p><span style=\"font-weight: 400;\">Avec les ouragans, les tornades font partie des temp\u00eates les plus puissantes au monde et peuvent atteindre des vitesses de vent allant jusqu&rsquo;\u00e0 450 km\/heure. Jusqu&rsquo;\u00e0 aujourd&rsquo;hui, la formation des tornades n&rsquo;a pas fait l&rsquo;objet de recherches approfondies. Il existe deux fa\u00e7ons dont les tornades peuvent se former.<\/span><\/p>\n<p><span style=\"font-weight: 400;\">Les tornades peuvent se produire en m\u00eame temps qu&rsquo;une supercellule. Il s&rsquo;agit d&rsquo;un nuage d&rsquo;orage particuli\u00e8rement grand et haut. En raison des diff\u00e9rences de temp\u00e9rature au sein de la <span style=\"color: #919191;\"><strong><a style=\"color: #919191;\" href=\"https:\/\/weather-radar-live.com\/fr\/radar-nuages\/\" target=\"_blank\" rel=\"noopener noreferrer\">le nuage<\/a> <\/strong><\/span>de forts courants ascendants et descendants se d\u00e9veloppent, ce qui entra\u00eene une tornade et de fortes pr\u00e9cipitations. Des tornades particuli\u00e8rement fortes se forment de cette mani\u00e8re.<\/span><\/p>\n<p><span style=\"font-weight: 400;\">Cependant, les tornades peuvent \u00e9galement se former lorsque deux masses d&rsquo;air diff\u00e9rentes entrent en collision. Cela oblige l&rsquo;air \u00e0 se d\u00e9placer vers le haut et peut le faire tourner sous l&rsquo;effet du vent au sol.<\/span><\/p>\n<p><\/p>\n<h2 style=\"text-align: center;\"><span style=\"color: #f59800;\"><b>Les classes de tornades<\/b><\/span><\/h2>\n<p><span style=\"font-weight: 400;\">La force des tornades est mesur\u00e9e par l&rsquo;\u00e9chelle de Fujita. Elle couvre des vitesses de vent allant de moins de 117 km\/h \u00e0 plus de 419 km\/h. La classification est la suivante :<\/span><\/p>\n<p><strong>F0 (&lt;=117 km\/h)<\/strong><\/p>\n<p><span style=\"font-weight: 400;\">Des arbres fragiles sont d\u00e9racin\u00e9s, des branches sont endommag\u00e9es et des panneaux publicitaires peuvent \u00eatre renvers\u00e9s.<\/span><\/p>\n<p><strong>F1 (117-180 km\/h)<\/strong><\/p>\n<p><span style=\"font-weight: 400;\">Les tuiles des toits peuvent \u00eatre soulev\u00e9es, les voitures en mouvement peuvent \u00eatre d\u00e9plac\u00e9es et les caravanes\/mobiles peuvent \u00eatre renvers\u00e9es.<\/span><\/p>\n<p><strong>F2 (180-252 km\/h)<\/strong><\/p>\n<p><span style=\"font-weight: 400;\">Dans le cas d&rsquo;une tornade F2, les toits peuvent \u00eatre d\u00e9couverts, les arbres, m\u00eame les plus grands, peuvent \u00eatre d\u00e9racin\u00e9s et les mobil-homes peuvent \u00eatre d\u00e9truits. Les objets petits et l\u00e9gers peuvent devenir des projectiles dangereux.<\/span><\/p>\n<p><strong>F3 (252-333 km\/h)<\/strong><\/p>\n<p><span style=\"font-weight: 400;\">Des toits plus grands peuvent \u00eatre d\u00e9truits, et les trains peuvent \u00eatre soulev\u00e9s de leurs rails. Les camions peuvent \u00eatre d\u00e9plac\u00e9s ou m\u00eame renvers\u00e9s, et les for\u00eats peuvent \u00eatre en grande partie d\u00e9racin\u00e9es.<\/span><\/p>\n<p><strong>F4 (333-419 km\/h)<\/strong><\/p>\n<p><span style=\"font-weight: 400;\">Dans la classe F4, les maisons en bois avec un faible ancrage peuvent \u00eatre d\u00e9plac\u00e9es. Les voitures peuvent \u00eatre renvers\u00e9es, et les objets plus lourds peuvent devenir des projectiles causant de graves dommages.<\/span><\/p>\n<p><strong>F5 (&gt;419 km\/h)<\/strong><\/p>\n<p><span style=\"font-weight: 400;\">Les maisons en bois sont compl\u00e8tement arrach\u00e9es de leurs fondations et d\u00e9truites. Les maisons en b\u00e9ton peuvent \u00e9galement \u00eatre gravement endommag\u00e9es.<\/span><\/p>\n<p><\/p>\n<h2 style=\"text-align: center;\"><span style=\"color: #f59800;\"><b>\u00c0 quoi ressemble une tornade ?<\/b><\/span><\/h2>\n<p><span style=\"font-weight: 400;\">Les tornades apparaissent avec un tube d&rsquo;air en forme d&rsquo;entonnoir. L&rsquo;\u00e9paisseur de ce tube d&rsquo;air peut varier en fonction de l&rsquo;intensit\u00e9. \u00c0 propos, le terme tornade vient de l&rsquo;espagnol et signifie quelque chose comme \u00ab\u00a0se tortiller\u00a0\u00bb.<\/span><\/p>","protected":false},"excerpt":{"rendered":"<p>Tornades en direct &#8211; o\u00f9 se trouve la tornade ? Gr\u00e2ce \u00e0 notre tracker de tornades, vous pouvez voir sur la carte o\u00f9 se trouvent actuellement les tornades dans le r\u00e9gion. \u00ab\u00a0Tornades en direct\u00a0\u00bb couvre la France et d&rsquo;autres pays \u00e9galement. La force du vent est affich\u00e9e sur la carte en couleur et mesur\u00e9e en &#8230; <a title=\"Tornades en direct\" class=\"read-more\" href=\"https:\/\/weather-radar-live.com\/fr\/tornades-en-direct\/\" aria-label=\"En savoir plus sur Tornades en direct\">Lire la suite<\/a><\/p>\n","protected":false},"author":1,"featured_media":2964,"parent":0,"menu_order":0,"comment_status":"closed","ping_status":"closed","template":"","meta":{"footnotes":""},"class_list":["post-619","page","type-page","status-publish","has-post-thumbnail"],"yoast_head":"<!-- This site is optimized with the Yoast SEO plugin v27.5 - https:\/\/yoast.com\/product\/yoast-seo-wordpress\/ -->\n<title>Tornades EN DIRECT : \u2714\ufe0f O\u00f9 y a-t-il des tornades ? \ud83c\udf2a\ufe0f<\/title>\n<meta name=\"description\" content=\"Tornades LIVE : s\u00e9lectionnez votre ville ou votre r\u00e9gion maintenant et visualisez le dernier radar tornades \u2714\ufe0f Mis \u00e0 jour toutes les secondes ! \ud83c\udf2a\ufe0f\" \/>\n<meta name=\"robots\" content=\"index, follow, max-snippet:-1, max-image-preview:large, max-video-preview:-1\" \/>\n<link rel=\"canonical\" href=\"https:\/\/weather-radar-live.com\/fr\/tornades-en-direct\/\" \/>\n<meta property=\"og:locale\" content=\"fr_FR\" \/>\n<meta property=\"og:type\" content=\"article\" \/>\n<meta property=\"og:title\" content=\"Tornades EN DIRECT : \u2714\ufe0f O\u00f9 y a-t-il des tornades ? \ud83c\udf2a\ufe0f\" \/>\n<meta property=\"og:description\" content=\"Tornades LIVE : s\u00e9lectionnez votre ville ou votre r\u00e9gion maintenant et visualisez le dernier radar tornades \u2714\ufe0f Mis \u00e0 jour toutes les secondes ! \ud83c\udf2a\ufe0f\" \/>\n<meta property=\"og:url\" content=\"https:\/\/weather-radar-live.com\/fr\/tornades-en-direct\/\" \/>\n<meta property=\"og:site_name\" content=\"weather-radar-live.com\" \/>\n<meta property=\"article:modified_time\" content=\"2022-07-06T11:14:49+00:00\" \/>\n<meta property=\"og:image\" content=\"https:\/\/weather-radar-live.com\/wp-content\/uploads\/2021\/02\/Tornado-Radar.jpg\" \/>\n\t<meta property=\"og:image:width\" content=\"1897\" \/>\n\t<meta property=\"og:image:height\" content=\"458\" \/>\n\t<meta property=\"og:image:type\" content=\"image\/jpeg\" \/>\n<meta name=\"twitter:card\" content=\"summary_large_image\" \/>\n<meta name=\"twitter:label1\" content=\"Dur\u00e9e de lecture estim\u00e9e\" \/>\n\t<meta name=\"twitter:data1\" content=\"5 minutes\" \/>\n<script type=\"application\/ld+json\" class=\"yoast-schema-graph\">{\"@context\":\"https:\\\/\\\/schema.org\",\"@graph\":[{\"@type\":\"WebPage\",\"@id\":\"https:\\\/\\\/weather-radar-live.com\\\/fr\\\/tornades-en-direct\\\/\",\"url\":\"https:\\\/\\\/weather-radar-live.com\\\/fr\\\/tornades-en-direct\\\/\",\"name\":\"Tornades EN DIRECT : \u2714\ufe0f O\u00f9 y a-t-il des tornades ? \ud83c\udf2a\ufe0f\",\"isPartOf\":{\"@id\":\"https:\\\/\\\/weather-radar-live.com\\\/#website\"},\"primaryImageOfPage\":{\"@id\":\"https:\\\/\\\/weather-radar-live.com\\\/fr\\\/tornades-en-direct\\\/#primaryimage\"},\"image\":{\"@id\":\"https:\\\/\\\/weather-radar-live.com\\\/fr\\\/tornades-en-direct\\\/#primaryimage\"},\"thumbnailUrl\":\"https:\\\/\\\/weather-radar-live.com\\\/wp-content\\\/uploads\\\/2021\\\/02\\\/Tornado-Radar.jpg\",\"datePublished\":\"2021-06-06T11:14:31+00:00\",\"dateModified\":\"2022-07-06T11:14:49+00:00\",\"description\":\"Tornades LIVE : s\u00e9lectionnez votre ville ou votre r\u00e9gion maintenant et visualisez le dernier radar tornades \u2714\ufe0f Mis \u00e0 jour toutes les secondes ! \ud83c\udf2a\ufe0f\",\"breadcrumb\":{\"@id\":\"https:\\\/\\\/weather-radar-live.com\\\/fr\\\/tornades-en-direct\\\/#breadcrumb\"},\"inLanguage\":\"fr-FR\",\"potentialAction\":[{\"@type\":\"ReadAction\",\"target\":[\"https:\\\/\\\/weather-radar-live.com\\\/fr\\\/tornades-en-direct\\\/\"]}]},{\"@type\":\"ImageObject\",\"inLanguage\":\"fr-FR\",\"@id\":\"https:\\\/\\\/weather-radar-live.com\\\/fr\\\/tornades-en-direct\\\/#primaryimage\",\"url\":\"https:\\\/\\\/weather-radar-live.com\\\/wp-content\\\/uploads\\\/2021\\\/02\\\/Tornado-Radar.jpg\",\"contentUrl\":\"https:\\\/\\\/weather-radar-live.com\\\/wp-content\\\/uploads\\\/2021\\\/02\\\/Tornado-Radar.jpg\",\"width\":1897,\"height\":458},{\"@type\":\"BreadcrumbList\",\"@id\":\"https:\\\/\\\/weather-radar-live.com\\\/fr\\\/tornades-en-direct\\\/#breadcrumb\",\"itemListElement\":[{\"@type\":\"ListItem\",\"position\":1,\"name\":\"Weather Radar Live\",\"item\":\"https:\\\/\\\/weather-radar-live.com\\\/fr\\\/\"},{\"@type\":\"ListItem\",\"position\":2,\"name\":\"Tornades en direct\"}]},{\"@type\":\"WebSite\",\"@id\":\"https:\\\/\\\/weather-radar-live.com\\\/#website\",\"url\":\"https:\\\/\\\/weather-radar-live.com\\\/\",\"name\":\"weather-radar-live.com\",\"description\":\"Your weather and sky radar.\",\"publisher\":{\"@id\":\"https:\\\/\\\/weather-radar-live.com\\\/#organization\"},\"potentialAction\":[{\"@type\":\"SearchAction\",\"target\":{\"@type\":\"EntryPoint\",\"urlTemplate\":\"https:\\\/\\\/weather-radar-live.com\\\/?s={search_term_string}\"},\"query-input\":{\"@type\":\"PropertyValueSpecification\",\"valueRequired\":true,\"valueName\":\"search_term_string\"}}],\"inLanguage\":\"fr-FR\"},{\"@type\":\"Organization\",\"@id\":\"https:\\\/\\\/weather-radar-live.com\\\/#organization\",\"name\":\"weather-radar-live.com\",\"url\":\"https:\\\/\\\/weather-radar-live.com\\\/\",\"logo\":{\"@type\":\"ImageObject\",\"inLanguage\":\"fr-FR\",\"@id\":\"https:\\\/\\\/weather-radar-live.com\\\/#\\\/schema\\\/logo\\\/image\\\/\",\"url\":\"https:\\\/\\\/weather-radar-live.com\\\/wp-content\\\/uploads\\\/2022\\\/03\\\/cropped-WRL2503.png\",\"contentUrl\":\"https:\\\/\\\/weather-radar-live.com\\\/wp-content\\\/uploads\\\/2022\\\/03\\\/cropped-WRL2503.png\",\"width\":1920,\"height\":555,\"caption\":\"weather-radar-live.com\"},\"image\":{\"@id\":\"https:\\\/\\\/weather-radar-live.com\\\/#\\\/schema\\\/logo\\\/image\\\/\"}}]}<\/script>\n<!-- \/ Yoast SEO plugin. -->","yoast_head_json":{"title":"Tornades EN DIRECT : \u2714\ufe0f O\u00f9 y a-t-il des tornades ? \ud83c\udf2a\ufe0f","description":"Tornades LIVE : s\u00e9lectionnez votre ville ou votre r\u00e9gion maintenant et visualisez le dernier radar tornades \u2714\ufe0f Mis \u00e0 jour toutes les secondes ! \ud83c\udf2a\ufe0f","robots":{"index":"index","follow":"follow","max-snippet":"max-snippet:-1","max-image-preview":"max-image-preview:large","max-video-preview":"max-video-preview:-1"},"canonical":"https:\/\/weather-radar-live.com\/fr\/tornades-en-direct\/","og_locale":"fr_FR","og_type":"article","og_title":"Tornades EN DIRECT : \u2714\ufe0f O\u00f9 y a-t-il des tornades ? \ud83c\udf2a\ufe0f","og_description":"Tornades LIVE : s\u00e9lectionnez votre ville ou votre r\u00e9gion maintenant et visualisez le dernier radar tornades \u2714\ufe0f Mis \u00e0 jour toutes les secondes ! \ud83c\udf2a\ufe0f","og_url":"https:\/\/weather-radar-live.com\/fr\/tornades-en-direct\/","og_site_name":"weather-radar-live.com","article_modified_time":"2022-07-06T11:14:49+00:00","og_image":[{"width":1897,"height":458,"url":"https:\/\/weather-radar-live.com\/wp-content\/uploads\/2021\/02\/Tornado-Radar.jpg","type":"image\/jpeg"}],"twitter_card":"summary_large_image","twitter_misc":{"Dur\u00e9e de lecture estim\u00e9e":"5 minutes"},"schema":{"@context":"https:\/\/schema.org","@graph":[{"@type":"WebPage","@id":"https:\/\/weather-radar-live.com\/fr\/tornades-en-direct\/","url":"https:\/\/weather-radar-live.com\/fr\/tornades-en-direct\/","name":"Tornades EN DIRECT : \u2714\ufe0f O\u00f9 y a-t-il des tornades ? \ud83c\udf2a\ufe0f","isPartOf":{"@id":"https:\/\/weather-radar-live.com\/#website"},"primaryImageOfPage":{"@id":"https:\/\/weather-radar-live.com\/fr\/tornades-en-direct\/#primaryimage"},"image":{"@id":"https:\/\/weather-radar-live.com\/fr\/tornades-en-direct\/#primaryimage"},"thumbnailUrl":"https:\/\/weather-radar-live.com\/wp-content\/uploads\/2021\/02\/Tornado-Radar.jpg","datePublished":"2021-06-06T11:14:31+00:00","dateModified":"2022-07-06T11:14:49+00:00","description":"Tornades LIVE : s\u00e9lectionnez votre ville ou votre r\u00e9gion maintenant et visualisez le dernier radar tornades \u2714\ufe0f Mis \u00e0 jour toutes les secondes ! \ud83c\udf2a\ufe0f","breadcrumb":{"@id":"https:\/\/weather-radar-live.com\/fr\/tornades-en-direct\/#breadcrumb"},"inLanguage":"fr-FR","potentialAction":[{"@type":"ReadAction","target":["https:\/\/weather-radar-live.com\/fr\/tornades-en-direct\/"]}]},{"@type":"ImageObject","inLanguage":"fr-FR","@id":"https:\/\/weather-radar-live.com\/fr\/tornades-en-direct\/#primaryimage","url":"https:\/\/weather-radar-live.com\/wp-content\/uploads\/2021\/02\/Tornado-Radar.jpg","contentUrl":"https:\/\/weather-radar-live.com\/wp-content\/uploads\/2021\/02\/Tornado-Radar.jpg","width":1897,"height":458},{"@type":"BreadcrumbList","@id":"https:\/\/weather-radar-live.com\/fr\/tornades-en-direct\/#breadcrumb","itemListElement":[{"@type":"ListItem","position":1,"name":"Weather Radar Live","item":"https:\/\/weather-radar-live.com\/fr\/"},{"@type":"ListItem","position":2,"name":"Tornades en direct"}]},{"@type":"WebSite","@id":"https:\/\/weather-radar-live.com\/#website","url":"https:\/\/weather-radar-live.com\/","name":"weather-radar-live.com","description":"Your weather and sky radar.","publisher":{"@id":"https:\/\/weather-radar-live.com\/#organization"},"potentialAction":[{"@type":"SearchAction","target":{"@type":"EntryPoint","urlTemplate":"https:\/\/weather-radar-live.com\/?s={search_term_string}"},"query-input":{"@type":"PropertyValueSpecification","valueRequired":true,"valueName":"search_term_string"}}],"inLanguage":"fr-FR"},{"@type":"Organization","@id":"https:\/\/weather-radar-live.com\/#organization","name":"weather-radar-live.com","url":"https:\/\/weather-radar-live.com\/","logo":{"@type":"ImageObject","inLanguage":"fr-FR","@id":"https:\/\/weather-radar-live.com\/#\/schema\/logo\/image\/","url":"https:\/\/weather-radar-live.com\/wp-content\/uploads\/2022\/03\/cropped-WRL2503.png","contentUrl":"https:\/\/weather-radar-live.com\/wp-content\/uploads\/2022\/03\/cropped-WRL2503.png","width":1920,"height":555,"caption":"weather-radar-live.com"},"image":{"@id":"https:\/\/weather-radar-live.com\/#\/schema\/logo\/image\/"}}]}},"_links":{"self":[{"href":"https:\/\/weather-radar-live.com\/fr\/wp-json\/wp\/v2\/pages\/619","targetHints":{"allow":["GET"]}}],"collection":[{"href":"https:\/\/weather-radar-live.com\/fr\/wp-json\/wp\/v2\/pages"}],"about":[{"href":"https:\/\/weather-radar-live.com\/fr\/wp-json\/wp\/v2\/types\/page"}],"author":[{"embeddable":true,"href":"https:\/\/weather-radar-live.com\/fr\/wp-json\/wp\/v2\/users\/1"}],"replies":[{"embeddable":true,"href":"https:\/\/weather-radar-live.com\/fr\/wp-json\/wp\/v2\/comments?post=619"}],"version-history":[{"count":10,"href":"https:\/\/weather-radar-live.com\/fr\/wp-json\/wp\/v2\/pages\/619\/revisions"}],"predecessor-version":[{"id":4162,"href":"https:\/\/weather-radar-live.com\/fr\/wp-json\/wp\/v2\/pages\/619\/revisions\/4162"}],"wp:featuredmedia":[{"embeddable":true,"href":"https:\/\/weather-radar-live.com\/fr\/wp-json\/wp\/v2\/media\/2964"}],"wp:attachment":[{"href":"https:\/\/weather-radar-live.com\/fr\/wp-json\/wp\/v2\/media?parent=619"}],"curies":[{"name":"wp","href":"https:\/\/api.w.org\/{rel}","templated":true}]}}