{"id":598,"date":"2021-06-04T16:08:37","date_gmt":"2021-06-04T14:08:37","guid":{"rendered":"https:\/\/weather-radar-live.com\/?page_id=598"},"modified":"2022-07-06T13:13:06","modified_gmt":"2022-07-06T11:13:06","slug":"tempete","status":"publish","type":"page","link":"https:\/\/weather-radar-live.com\/fr\/tempete\/","title":{"rendered":"Temp\u00eate"},"content":{"rendered":"<div id=\"weath-563747680\" class=\"weath-vor-dem-inhalt weath-entity-placement\" style=\"margin-top: 15px;margin-right: 25px;margin-bottom: 40px;margin-left: 25px;\"><script async src=\"\/\/pagead2.googlesyndication.com\/pagead\/js\/adsbygoogle.js?client=ca-pub-8960936133935804\" crossorigin=\"anonymous\"><\/script><ins class=\"adsbygoogle\" style=\"display:block;\" data-ad-client=\"ca-pub-8960936133935804\" \ndata-ad-slot=\"6172817020\" \ndata-ad-format=\"auto\"><\/ins>\n<script> \n(adsbygoogle = window.adsbygoogle || []).push({}); \n<\/script>\n<\/div>\n<div class=\"wp-block-cover alignfull is-light\"><span aria-hidden=\"true\" class=\"wp-block-cover__gradient-background has-background-dim\"><\/span><img loading=\"lazy\" decoding=\"async\" width=\"1920\" height=\"460\" class=\"wp-block-cover__image-background wp-image-323\" alt=\"\" src=\"https:\/\/weather-radar-live.com\/wp-content\/uploads\/2021\/06\/raychel-sanner-MnnXMvs4cQo-unsplash-scaled-e1622556126284.jpg\" data-object-fit=\"cover\" srcset=\"https:\/\/weather-radar-live.com\/wp-content\/uploads\/2021\/06\/raychel-sanner-MnnXMvs4cQo-unsplash-scaled-e1622556126284.jpg 1920w, https:\/\/weather-radar-live.com\/wp-content\/uploads\/2021\/06\/raychel-sanner-MnnXMvs4cQo-unsplash-scaled-e1622556126284-300x72.jpg 300w, https:\/\/weather-radar-live.com\/wp-content\/uploads\/2021\/06\/raychel-sanner-MnnXMvs4cQo-unsplash-scaled-e1622556126284-1024x245.jpg 1024w, https:\/\/weather-radar-live.com\/wp-content\/uploads\/2021\/06\/raychel-sanner-MnnXMvs4cQo-unsplash-scaled-e1622556126284-768x184.jpg 768w, https:\/\/weather-radar-live.com\/wp-content\/uploads\/2021\/06\/raychel-sanner-MnnXMvs4cQo-unsplash-scaled-e1622556126284-1536x368.jpg 1536w\" sizes=\"auto, (max-width: 1920px) 100vw, 1920px\" \/><div class=\"wp-block-cover__inner-container is-layout-flow wp-block-cover-is-layout-flow\">\n<h2 class=\"has-text-align-center heading wp-block-heading\" style=\"font-size:40px\"><mark style=\"background-color:rgba(0, 0, 0, 0);color:#f59800\" class=\"has-inline-color\"><strong>TEMPETE<\/strong><\/mark><mark style=\"background-color:rgba(0, 0, 0, 0)\" class=\"has-inline-color has-white-color\"><strong> &#8211; RADAR<\/strong><\/mark><\/h2>\n<\/div><\/div>\n\n\n<h2 style=\"text-align: center;\"><span style=\"color: #f59800;\"><b> <span style=\"color: #f59800;\">Radar de<\/span> temp\u00eate &#8211; votre pr\u00e9vision actuelle et fiable de temps violent<\/b><\/span><\/h2>\n<p><span style=\"font-weight: 400;\">Avec notre radar des temp\u00eates, vous pouvez rapidement voir si vous devez vous attendre \u00e0 du temps violent dans votre r\u00e9gion. Que ce soit en France, aux \u00c9tats-Unis, au Canada ou dans d&rsquo;autres pays europ\u00e9ens : Avec nos pr\u00e9visions de temp\u00eates et notre carte des temp\u00eates, vous obtenez des informations sur la <strong><span style=\"color: #f59800;\"><a style=\"color: #f59800;\" href=\"https:\/\/weather-radar-live.com\/fr\/\" target=\"_blank\" rel=\"noopener noreferrer\">intensit\u00e9 de la temp\u00eate<\/a><\/span><\/strong> (mesur\u00e9e par <span style=\"color: #1950fe;\"><strong><a style=\"color: #1950fe;\" href=\"https:\/\/weather-radar-live.com\/fr\/radar-pluie\/\" target=\"_blank\" rel=\"noopener noreferrer\">intensit\u00e9 de la pluie<\/a><\/strong><\/span>), la taille, le nombre d&rsquo;occurrences <span style=\"color: #ffde00;\"><strong><a style=\"color: #ffde00;\" href=\"https:\/\/weather-radar-live.com\/fr\/orage-en-direct\/\" target=\"_blank\" rel=\"noopener noreferrer\">\u00e9clairs<\/a><\/strong><\/span>et la direction du front de la temp\u00eate.<\/span><\/p>\n<p><span style=\"font-weight: 400;\">Ainsi, vous pouvez reconna\u00eetre \u00e0 temps si vous serez touch\u00e9 par une temp\u00eate imminente et vous prot\u00e9ger \u00e0 temps. Les situations m\u00e9t\u00e9orologiques extr\u00eames se produisent \u00e9galement de plus en plus fr\u00e9quemment dans la r\u00e9gion am\u00e9ricaine. Ces <span style=\"color: #f59800;\"><strong><a style=\"color: #f59800;\" href=\"https:\/\/weather-radar-live.com\/fr\/tornades-en-direct\/\" target=\"_blank\" rel=\"noopener noreferrer\">conditions m\u00e9t\u00e9orologiques extr\u00eames<\/a><\/strong><\/span> peuvent \u00eatre tr\u00e8s dangereuses pour vous et les autres. C&rsquo;est pourquoi les pr\u00e9visions actuelles de temp\u00eates suivent maintenant :<\/span><\/p><div id=\"weath-1346094454\" class=\"weath-inhalt_2 weath-entity-placement\" style=\"margin-top: 15px;margin-right: 25px;margin-bottom: 35px;margin-left: 25px;\"><script async src=\"\/\/pagead2.googlesyndication.com\/pagead\/js\/adsbygoogle.js?client=ca-pub-8960936133935804\" crossorigin=\"anonymous\"><\/script><ins class=\"adsbygoogle\" style=\"display:block;\" data-ad-client=\"ca-pub-8960936133935804\" \ndata-ad-slot=\"1963584050\" \ndata-ad-format=\"auto\"><\/ins>\n<script> \n(adsbygoogle = window.adsbygoogle || []).push({}); \n<\/script>\n<\/div>\n\n\n<iframe loading=\"lazy\" width=\"1300\" height=\"600\" src=\"https:\/\/embed.windy.com\/embed2.html?lat=46.905&amp;lon=2.505&amp;detailLat=49.516&amp;detailLon=11.000&amp;width=1300&amp;height=600&amp;zoom=6&amp;level=surface&amp;overlay=capAlerts&amp;product=radar&amp;menu=&amp;message=&amp;marker=&amp;calendar=now&amp;pressure=&amp;type=map&amp;location=coordinates&amp;detail=&amp;metricWind=default&amp;metricTemp=default&amp;radarRange=-1\" frameborder=\"0\"><\/iframe>\n\n\n\n<p class=\"has-text-align-center\"><sup>Les avertissements de temp\u00eate sont affich\u00e9s en fonction de leur gravit\u00e9 avec une couleur jaune, orange ou rouge.<\/sup><\/p>\n\n\n<h2 style=\"text-align: center;\"><span style=\"color: #f59800;\"><b>O\u00f9 y a-t-il un risque de temps violent ? &#8211; Comment lire le radar des temp\u00eates :<\/b><\/span><\/h2>\n<p style=\"text-align: left;\"><span style=\"font-weight: 400;\"><img loading=\"lazy\" decoding=\"async\" class=\"alignright wp-image-78\" src=\"https:\/\/weather-radar-live.com\/wp-content\/uploads\/2021\/02\/Storm-radar-explanation-300x213.png\" alt=\"temp\u00eate explication\" width=\"175\" height=\"124\" srcset=\"https:\/\/weather-radar-live.com\/wp-content\/uploads\/2021\/02\/Storm-radar-explanation-300x213.png 300w, https:\/\/weather-radar-live.com\/wp-content\/uploads\/2021\/02\/Storm-radar-explanation.png 600w\" sizes=\"auto, (max-width: 175px) 100vw, 175px\" \/>L&rsquo;intensit\u00e9 de la <a href=\"https:\/\/www.futura-sciences.com\/planete\/definitions\/climatologie-tempete-14551\/\" target=\"_blank\" rel=\"noopener\"><strong>temp\u00eate<\/strong><\/a> est indiqu\u00e9e sur la carte avec des couleurs diff\u00e9rentes en fonction des alertes de temps violent actuelles. Sur notre carte des temp\u00eates, les zones actuelles de temps violent sont cod\u00e9es en couleur. Le spectre de couleurs va du jaune (avertissement de temps violent faible ou avertissement de temps violent avanc\u00e9) au rouge fonc\u00e9 (temps violent tr\u00e8s fort). Il convient donc de faire preuve de prudence dans les zones rouge fonc\u00e9. Si vous ne voyez aucune coloration sur la carte, vous ne devez normalement pas vous attendre \u00e0 du temps violent.<\/span><\/p>\n<p style=\"text-align: left;\"><span style=\"font-weight: 400;\"><span style=\"font-size: inherit; background-color: initial;\"><img loading=\"lazy\" decoding=\"async\" class=\"alignleft wp-image-139\" src=\"https:\/\/da-oben.de\/wp-content\/uploads\/2019\/08\/cursor-e1567148434800.png\" alt=\"Radar de temp\u00eate curseur\" width=\"80\" height=\"80\"><\/span><\/span><\/p>\n<p style=\"text-align: left;\"><span style=\"font-weight: 400;\"><span style=\"font-size: inherit; background-color: initial;\">Cliquez sur le symbole du curseur sur la carte pour suivre l&rsquo;\u00e9volution de la temp\u00eate dans le radar des temp\u00eates. De cette fa\u00e7on, vous pouvez voir exactement comment la temp\u00eate s&rsquo;est <\/span><span style=\"font-size: inherit; background-color: initial;\">d\u00e9plac\u00e9e au cours des derni\u00e8res heures et si vous vous trouvez dans la direction de la trajectoire de la temp\u00eate.<\/span><\/span><\/p>\n<p><\/p>\n<h2 style=\"text-align: center;\"><span style=\"color: #f59800;\"><b>Temp\u00eate ce soir ? &#8211; Dormez tranquillement \u00e0 partir de maintenant !<\/b><\/span><\/h2>\n<p><span style=\"font-weight: 400;\">Vous avez certainement d\u00e9j\u00e0 v\u00e9cu une situation similaire : Vous vous endormez le soir et vous avez du mal \u00e0 en croire vos yeux le lendemain matin. Une temp\u00eate a fait rage pendant la nuit et a laiss\u00e9 des traces de d\u00e9vastation dans votre jardin ou sur votre balcon. En raison de votre sommeil profond, vous n&rsquo;avez cependant rien remarqu\u00e9 de tout cela. Gr\u00e2ce \u00e0 notre site Web, de telles surprises d\u00e9sagr\u00e9ables ne sont plus un probl\u00e8me.<\/span><\/p>\n<div id=\"weath-3189151798\" style=\"margin-top: 15px;margin-right: auto;margin-bottom: 35px;margin-left: auto;text-align: center;\"><script async src=\"\/\/pagead2.googlesyndication.com\/pagead\/js\/adsbygoogle.js?client=ca-pub-8960936133935804\" crossorigin=\"anonymous\"><\/script><ins class=\"adsbygoogle\" style=\"display:block;\" data-ad-client=\"ca-pub-8960936133935804\" \ndata-ad-slot=\"1963584050\" \ndata-ad-format=\"auto\"><\/ins>\n<script> \n(adsbygoogle = window.adsbygoogle || []).push({}); \n<\/script>\n<\/div>\n<h2 style=\"text-align: center;\"><span style=\"color: #f59800;\"><b>O\u00f9 les temp\u00eates menacent-elles ? &#8211; Comment lire la carte des temp\u00eates et interpr\u00e9ter les pr\u00e9visions de temp\u00eate :<\/b><\/span><\/h2>\n<p><span style=\"font-weight: 400;\">Le radar des temp\u00eates vous informe de l&rsquo;imminence de ph\u00e9nom\u00e8nes m\u00e9t\u00e9orologiques violents dans votre r\u00e9gion jusqu&rsquo;\u00e0 48 heures \u00e0 l&rsquo;avance. Ces avertissements (marqu\u00e9s en jaune) signalent un risque accru de temps violent, mais l&rsquo;intensit\u00e9 et la propagation des temp\u00eates ne sont pas encore exactement pr\u00e9visibles. Ce n&rsquo;est que lorsqu&rsquo;une zone devient orange, rouge ou violette (violet) qu&rsquo;il y a un risque aigu de temps violent. Dans ce cas, il faut agir : trouvez imm\u00e9diatement un abri s\u00fbr et mettez en s\u00e9curit\u00e9 vos biens qui se trouvent \u00e0 l&rsquo;ext\u00e9rieur. Ainsi, \u00e0 partir de maintenant, vous ne serez pas mal surpris par un orage la nuit.<\/span><\/p>\n<p><span style=\"font-weight: 400;\">Au fait : Si vous souhaitez obtenir une vue d\u00e9taill\u00e9e des diff\u00e9rentes r\u00e9gions, il vous suffit de cliquer sur les cartes du centre de m\u00e9t\u00e9orologie extr\u00eame. Vous serez alors imm\u00e9diatement redirig\u00e9 vers la page d&rsquo;accueil du centre de m\u00e9t\u00e9orologie grave. Pour les pr\u00e9visions relatives \u00e0 la <span style=\"color: #000000;\">couverture nuageuse et aux pr\u00e9cipitations<\/span>, il vous suffit d&rsquo;utiliser nos pages <span style=\"color: #919191;\"><strong>carte de la couverture nuageuse<\/strong><\/span> et <span style=\"color: #1950fe;\"><strong><a style=\"color: #1950fe;\" href=\"https:\/\/weather-radar-live.com\/fr\/radar-pluie\/\">radar de pluie<\/a><\/strong><\/span>.<\/span><\/p>\n<div id=\"weath-3196345371\" style=\"margin-top: 15px;margin-right: auto;margin-bottom: 40px;margin-left: auto;text-align: center;\"><script async src=\"\/\/pagead2.googlesyndication.com\/pagead\/js\/adsbygoogle.js?client=ca-pub-8960936133935804\" crossorigin=\"anonymous\"><\/script><ins class=\"adsbygoogle\" style=\"display:block;\" data-ad-client=\"ca-pub-8960936133935804\" \ndata-ad-slot=\"6172817020\" \ndata-ad-format=\"auto\"><\/ins>\n<script> \n(adsbygoogle = window.adsbygoogle || []).push({}); \n<\/script>\n<\/div>\n<h2 style=\"text-align: center;\"><span style=\"color: #f59800;\"><b>Radar de temp\u00eate &#8211; Il n&rsquo;y a pas que le temps violent qui peut \u00eatre dangereux !<\/b><\/span><\/h2>\n\n\n<p>En plus d&rsquo;une temp\u00eate, un <strong><a href=\"https:\/\/www.rmets.org\/resource\/beaufort-scale\" target=\"_blank\" rel=\"noreferrer noopener\">vent fort<\/a><\/strong>, ou une d\u00e9pression orageuse sans pr\u00e9cipitation annonc\u00e9e peuvent rapidement devenir un danger pour vous et votre entourage. Pour \u00eatre pr\u00eat d\u00e8s \u00e0 pr\u00e9sent \u00e0 affronter une temp\u00eate imminente, nous vous offrons un aper\u00e7u de la force et de la direction actuelles du vent gr\u00e2ce \u00e0 notre radar des temp\u00eates.<\/p>\n\n\n\n<iframe loading=\"lazy\" width=\"1300\" height=\"600\" src=\"https:\/\/embed.windy.com\/embed2.html?lat=46.905&amp;lon=2.505&amp;detailLat=49.516&amp;detailLon=11.000&amp;width=1300&amp;height=600&amp;zoom=6&amp;level=surface&amp;overlay=wind&amp;product=radar&amp;menu=&amp;message=true&amp;marker=&amp;calendar=now&amp;pressure=&amp;type=map&amp;location=coordinates&amp;detail=&amp;metricWind=default&amp;metricTemp=default&amp;radarRange=-1\" frameborder=\"0\"><\/iframe>\n\n\n<h2> <\/h2>\n<h2 style=\"text-align: center;\"><span style=\"color: #f59800;\"><b>O\u00f9 y aura-t-il du vent ? &#8211; C&rsquo;est ainsi que vous lisez le radar des temp\u00eates :<\/b><\/span><\/h2>\n<p><span style=\"font-weight: 400;\">La carte des temp\u00eates affiche la force du vent en km\/h et la direction du vent \u00e0 l&rsquo;aide de lignes de courant d&rsquo;air blanches dynamiques. La longueur et la vitesse de ces lignes de tirage indiquent la force du vent. Vous pouvez \u00e9galement lire la force du vent en utilisant la coloration de la carte : Les zones de couleur bleu-vert couvrent les vitesses jusqu&rsquo;\u00e0 35 km\/h, tandis que les zones de couleur rouge-violet indiquent les vitesses de <a href=\"https:\/\/weather-radar-live.com\/fr\/tornades-en-direct\/\"><strong><span style=\"color: #f59800;\">des vitesses de vent \u00e9lev\u00e9es<\/span><\/strong><\/a> (40 km\/h et plus). De cette fa\u00e7on, notre radar des temp\u00eates vous donne \u00e0 tout moment un aper\u00e7u des vitesses de vent actuelles dans diff\u00e9rentes r\u00e9gions.<\/span><\/p>","protected":false},"excerpt":{"rendered":"<p>Radar de temp\u00eate &#8211; votre pr\u00e9vision actuelle et fiable de temps violent Avec notre radar des temp\u00eates, vous pouvez rapidement voir si vous devez vous attendre \u00e0 du temps violent dans votre r\u00e9gion. Que ce soit en France, aux \u00c9tats-Unis, au Canada ou dans d&rsquo;autres pays europ\u00e9ens : Avec nos pr\u00e9visions de temp\u00eates et notre &#8230; <a title=\"Temp\u00eate\" class=\"read-more\" href=\"https:\/\/weather-radar-live.com\/fr\/tempete\/\" aria-label=\"En savoir plus sur Temp\u00eate\">Lire la suite<\/a><\/p>\n","protected":false},"author":1,"featured_media":2754,"parent":0,"menu_order":0,"comment_status":"closed","ping_status":"closed","template":"","meta":{"footnotes":""},"class_list":["post-598","page","type-page","status-publish","has-post-thumbnail"],"yoast_head":"<!-- This site is optimized with the Yoast SEO plugin v27.5 - https:\/\/yoast.com\/product\/yoast-seo-wordpress\/ -->\n<title>Temp\u00eate radar \u26a1 pr\u00e9visions en direct<\/title>\n<meta name=\"description\" content=\"Radar des temp\u00eates + pr\u00e9visions des temp\u00eates EN DIRECT : d\u00e9couvrez si vous \u00eates touch\u00e9 par une temp\u00eate \u2714\ufe0f carte des temp\u00eates actuelles ! \u26a1\" \/>\n<meta name=\"robots\" content=\"index, follow, max-snippet:-1, max-image-preview:large, max-video-preview:-1\" \/>\n<link rel=\"canonical\" href=\"https:\/\/weather-radar-live.com\/fr\/tempete\/\" \/>\n<meta property=\"og:locale\" content=\"fr_FR\" \/>\n<meta property=\"og:type\" content=\"article\" \/>\n<meta property=\"og:title\" content=\"Temp\u00eate radar \u26a1 pr\u00e9visions en direct\" \/>\n<meta property=\"og:description\" content=\"Radar des temp\u00eates + pr\u00e9visions des temp\u00eates EN DIRECT : d\u00e9couvrez si vous \u00eates touch\u00e9 par une temp\u00eate \u2714\ufe0f carte des temp\u00eates actuelles ! \u26a1\" \/>\n<meta property=\"og:url\" content=\"https:\/\/weather-radar-live.com\/fr\/tempete\/\" \/>\n<meta property=\"og:site_name\" content=\"weather-radar-live.com\" \/>\n<meta property=\"article:modified_time\" content=\"2022-07-06T11:13:06+00:00\" \/>\n<meta property=\"og:image\" content=\"https:\/\/weather-radar-live.com\/wp-content\/uploads\/2021\/02\/Storm-radar.jpg\" \/>\n\t<meta property=\"og:image:width\" content=\"1897\" \/>\n\t<meta property=\"og:image:height\" content=\"458\" \/>\n\t<meta property=\"og:image:type\" content=\"image\/jpeg\" \/>\n<meta name=\"twitter:card\" content=\"summary_large_image\" \/>\n<meta name=\"twitter:label1\" content=\"Dur\u00e9e de lecture estim\u00e9e\" \/>\n\t<meta name=\"twitter:data1\" content=\"5 minutes\" \/>\n<script type=\"application\/ld+json\" class=\"yoast-schema-graph\">{\"@context\":\"https:\\\/\\\/schema.org\",\"@graph\":[{\"@type\":\"WebPage\",\"@id\":\"https:\\\/\\\/weather-radar-live.com\\\/fr\\\/tempete\\\/\",\"url\":\"https:\\\/\\\/weather-radar-live.com\\\/fr\\\/tempete\\\/\",\"name\":\"Temp\u00eate radar \u26a1 pr\u00e9visions en direct\",\"isPartOf\":{\"@id\":\"https:\\\/\\\/weather-radar-live.com\\\/#website\"},\"primaryImageOfPage\":{\"@id\":\"https:\\\/\\\/weather-radar-live.com\\\/fr\\\/tempete\\\/#primaryimage\"},\"image\":{\"@id\":\"https:\\\/\\\/weather-radar-live.com\\\/fr\\\/tempete\\\/#primaryimage\"},\"thumbnailUrl\":\"https:\\\/\\\/weather-radar-live.com\\\/wp-content\\\/uploads\\\/2021\\\/02\\\/Storm-radar.jpg\",\"datePublished\":\"2021-06-04T14:08:37+00:00\",\"dateModified\":\"2022-07-06T11:13:06+00:00\",\"description\":\"Radar des temp\u00eates + pr\u00e9visions des temp\u00eates EN DIRECT : d\u00e9couvrez si vous \u00eates touch\u00e9 par une temp\u00eate \u2714\ufe0f carte des temp\u00eates actuelles ! \u26a1\",\"breadcrumb\":{\"@id\":\"https:\\\/\\\/weather-radar-live.com\\\/fr\\\/tempete\\\/#breadcrumb\"},\"inLanguage\":\"fr-FR\",\"potentialAction\":[{\"@type\":\"ReadAction\",\"target\":[\"https:\\\/\\\/weather-radar-live.com\\\/fr\\\/tempete\\\/\"]}]},{\"@type\":\"ImageObject\",\"inLanguage\":\"fr-FR\",\"@id\":\"https:\\\/\\\/weather-radar-live.com\\\/fr\\\/tempete\\\/#primaryimage\",\"url\":\"https:\\\/\\\/weather-radar-live.com\\\/wp-content\\\/uploads\\\/2021\\\/02\\\/Storm-radar.jpg\",\"contentUrl\":\"https:\\\/\\\/weather-radar-live.com\\\/wp-content\\\/uploads\\\/2021\\\/02\\\/Storm-radar.jpg\",\"width\":1897,\"height\":458},{\"@type\":\"BreadcrumbList\",\"@id\":\"https:\\\/\\\/weather-radar-live.com\\\/fr\\\/tempete\\\/#breadcrumb\",\"itemListElement\":[{\"@type\":\"ListItem\",\"position\":1,\"name\":\"Weather Radar Live\",\"item\":\"https:\\\/\\\/weather-radar-live.com\\\/fr\\\/\"},{\"@type\":\"ListItem\",\"position\":2,\"name\":\"Temp\u00eate\"}]},{\"@type\":\"WebSite\",\"@id\":\"https:\\\/\\\/weather-radar-live.com\\\/#website\",\"url\":\"https:\\\/\\\/weather-radar-live.com\\\/\",\"name\":\"weather-radar-live.com\",\"description\":\"Your weather and sky radar.\",\"publisher\":{\"@id\":\"https:\\\/\\\/weather-radar-live.com\\\/#organization\"},\"potentialAction\":[{\"@type\":\"SearchAction\",\"target\":{\"@type\":\"EntryPoint\",\"urlTemplate\":\"https:\\\/\\\/weather-radar-live.com\\\/?s={search_term_string}\"},\"query-input\":{\"@type\":\"PropertyValueSpecification\",\"valueRequired\":true,\"valueName\":\"search_term_string\"}}],\"inLanguage\":\"fr-FR\"},{\"@type\":\"Organization\",\"@id\":\"https:\\\/\\\/weather-radar-live.com\\\/#organization\",\"name\":\"weather-radar-live.com\",\"url\":\"https:\\\/\\\/weather-radar-live.com\\\/\",\"logo\":{\"@type\":\"ImageObject\",\"inLanguage\":\"fr-FR\",\"@id\":\"https:\\\/\\\/weather-radar-live.com\\\/#\\\/schema\\\/logo\\\/image\\\/\",\"url\":\"https:\\\/\\\/weather-radar-live.com\\\/wp-content\\\/uploads\\\/2022\\\/03\\\/cropped-WRL2503.png\",\"contentUrl\":\"https:\\\/\\\/weather-radar-live.com\\\/wp-content\\\/uploads\\\/2022\\\/03\\\/cropped-WRL2503.png\",\"width\":1920,\"height\":555,\"caption\":\"weather-radar-live.com\"},\"image\":{\"@id\":\"https:\\\/\\\/weather-radar-live.com\\\/#\\\/schema\\\/logo\\\/image\\\/\"}}]}<\/script>\n<!-- \/ Yoast SEO plugin. -->","yoast_head_json":{"title":"Temp\u00eate radar \u26a1 pr\u00e9visions en direct","description":"Radar des temp\u00eates + pr\u00e9visions des temp\u00eates EN DIRECT : d\u00e9couvrez si vous \u00eates touch\u00e9 par une temp\u00eate \u2714\ufe0f carte des temp\u00eates actuelles ! \u26a1","robots":{"index":"index","follow":"follow","max-snippet":"max-snippet:-1","max-image-preview":"max-image-preview:large","max-video-preview":"max-video-preview:-1"},"canonical":"https:\/\/weather-radar-live.com\/fr\/tempete\/","og_locale":"fr_FR","og_type":"article","og_title":"Temp\u00eate radar \u26a1 pr\u00e9visions en direct","og_description":"Radar des temp\u00eates + pr\u00e9visions des temp\u00eates EN DIRECT : d\u00e9couvrez si vous \u00eates touch\u00e9 par une temp\u00eate \u2714\ufe0f carte des temp\u00eates actuelles ! \u26a1","og_url":"https:\/\/weather-radar-live.com\/fr\/tempete\/","og_site_name":"weather-radar-live.com","article_modified_time":"2022-07-06T11:13:06+00:00","og_image":[{"width":1897,"height":458,"url":"https:\/\/weather-radar-live.com\/wp-content\/uploads\/2021\/02\/Storm-radar.jpg","type":"image\/jpeg"}],"twitter_card":"summary_large_image","twitter_misc":{"Dur\u00e9e de lecture estim\u00e9e":"5 minutes"},"schema":{"@context":"https:\/\/schema.org","@graph":[{"@type":"WebPage","@id":"https:\/\/weather-radar-live.com\/fr\/tempete\/","url":"https:\/\/weather-radar-live.com\/fr\/tempete\/","name":"Temp\u00eate radar \u26a1 pr\u00e9visions en direct","isPartOf":{"@id":"https:\/\/weather-radar-live.com\/#website"},"primaryImageOfPage":{"@id":"https:\/\/weather-radar-live.com\/fr\/tempete\/#primaryimage"},"image":{"@id":"https:\/\/weather-radar-live.com\/fr\/tempete\/#primaryimage"},"thumbnailUrl":"https:\/\/weather-radar-live.com\/wp-content\/uploads\/2021\/02\/Storm-radar.jpg","datePublished":"2021-06-04T14:08:37+00:00","dateModified":"2022-07-06T11:13:06+00:00","description":"Radar des temp\u00eates + pr\u00e9visions des temp\u00eates EN DIRECT : d\u00e9couvrez si vous \u00eates touch\u00e9 par une temp\u00eate \u2714\ufe0f carte des temp\u00eates actuelles ! \u26a1","breadcrumb":{"@id":"https:\/\/weather-radar-live.com\/fr\/tempete\/#breadcrumb"},"inLanguage":"fr-FR","potentialAction":[{"@type":"ReadAction","target":["https:\/\/weather-radar-live.com\/fr\/tempete\/"]}]},{"@type":"ImageObject","inLanguage":"fr-FR","@id":"https:\/\/weather-radar-live.com\/fr\/tempete\/#primaryimage","url":"https:\/\/weather-radar-live.com\/wp-content\/uploads\/2021\/02\/Storm-radar.jpg","contentUrl":"https:\/\/weather-radar-live.com\/wp-content\/uploads\/2021\/02\/Storm-radar.jpg","width":1897,"height":458},{"@type":"BreadcrumbList","@id":"https:\/\/weather-radar-live.com\/fr\/tempete\/#breadcrumb","itemListElement":[{"@type":"ListItem","position":1,"name":"Weather Radar Live","item":"https:\/\/weather-radar-live.com\/fr\/"},{"@type":"ListItem","position":2,"name":"Temp\u00eate"}]},{"@type":"WebSite","@id":"https:\/\/weather-radar-live.com\/#website","url":"https:\/\/weather-radar-live.com\/","name":"weather-radar-live.com","description":"Your weather and sky radar.","publisher":{"@id":"https:\/\/weather-radar-live.com\/#organization"},"potentialAction":[{"@type":"SearchAction","target":{"@type":"EntryPoint","urlTemplate":"https:\/\/weather-radar-live.com\/?s={search_term_string}"},"query-input":{"@type":"PropertyValueSpecification","valueRequired":true,"valueName":"search_term_string"}}],"inLanguage":"fr-FR"},{"@type":"Organization","@id":"https:\/\/weather-radar-live.com\/#organization","name":"weather-radar-live.com","url":"https:\/\/weather-radar-live.com\/","logo":{"@type":"ImageObject","inLanguage":"fr-FR","@id":"https:\/\/weather-radar-live.com\/#\/schema\/logo\/image\/","url":"https:\/\/weather-radar-live.com\/wp-content\/uploads\/2022\/03\/cropped-WRL2503.png","contentUrl":"https:\/\/weather-radar-live.com\/wp-content\/uploads\/2022\/03\/cropped-WRL2503.png","width":1920,"height":555,"caption":"weather-radar-live.com"},"image":{"@id":"https:\/\/weather-radar-live.com\/#\/schema\/logo\/image\/"}}]}},"_links":{"self":[{"href":"https:\/\/weather-radar-live.com\/fr\/wp-json\/wp\/v2\/pages\/598","targetHints":{"allow":["GET"]}}],"collection":[{"href":"https:\/\/weather-radar-live.com\/fr\/wp-json\/wp\/v2\/pages"}],"about":[{"href":"https:\/\/weather-radar-live.com\/fr\/wp-json\/wp\/v2\/types\/page"}],"author":[{"embeddable":true,"href":"https:\/\/weather-radar-live.com\/fr\/wp-json\/wp\/v2\/users\/1"}],"replies":[{"embeddable":true,"href":"https:\/\/weather-radar-live.com\/fr\/wp-json\/wp\/v2\/comments?post=598"}],"version-history":[{"count":10,"href":"https:\/\/weather-radar-live.com\/fr\/wp-json\/wp\/v2\/pages\/598\/revisions"}],"predecessor-version":[{"id":4151,"href":"https:\/\/weather-radar-live.com\/fr\/wp-json\/wp\/v2\/pages\/598\/revisions\/4151"}],"wp:featuredmedia":[{"embeddable":true,"href":"https:\/\/weather-radar-live.com\/fr\/wp-json\/wp\/v2\/media\/2754"}],"wp:attachment":[{"href":"https:\/\/weather-radar-live.com\/fr\/wp-json\/wp\/v2\/media?parent=598"}],"curies":[{"name":"wp","href":"https:\/\/api.w.org\/{rel}","templated":true}]}}