{"id":566,"date":"2021-06-03T16:52:57","date_gmt":"2021-06-03T14:52:57","guid":{"rendered":"https:\/\/weather-radar-live.com\/?page_id=566"},"modified":"2022-07-06T13:14:53","modified_gmt":"2022-07-06T11:14:53","slug":"orage-en-direct","status":"publish","type":"page","link":"https:\/\/weather-radar-live.com\/fr\/orage-en-direct\/","title":{"rendered":"Orage en direct"},"content":{"rendered":"<div id=\"weath-1087164001\" class=\"weath-vor-dem-inhalt weath-entity-placement\" style=\"margin-top: 15px;margin-right: 25px;margin-bottom: 40px;margin-left: 25px;\"><script async src=\"\/\/pagead2.googlesyndication.com\/pagead\/js\/adsbygoogle.js?client=ca-pub-8960936133935804\" crossorigin=\"anonymous\"><\/script><ins class=\"adsbygoogle\" style=\"display:block;\" data-ad-client=\"ca-pub-8960936133935804\" \ndata-ad-slot=\"6172817020\" \ndata-ad-format=\"auto\"><\/ins>\n<script> \n(adsbygoogle = window.adsbygoogle || []).push({}); \n<\/script>\n<\/div>\n<div class=\"wp-block-cover alignfull\"><span aria-hidden=\"true\" class=\"wp-block-cover__gradient-background has-background-dim\"><\/span><img loading=\"lazy\" decoding=\"async\" width=\"1900\" height=\"460\" class=\"wp-block-cover__image-background wp-image-311\" alt=\"\" src=\"https:\/\/weather-radar-live.com\/wp-content\/uploads\/2021\/06\/josep-castells-5Mh8iz9vqpY-unsplash-scaled-e1622555407316.jpg\" data-object-fit=\"cover\" srcset=\"https:\/\/weather-radar-live.com\/wp-content\/uploads\/2021\/06\/josep-castells-5Mh8iz9vqpY-unsplash-scaled-e1622555407316.jpg 1900w, https:\/\/weather-radar-live.com\/wp-content\/uploads\/2021\/06\/josep-castells-5Mh8iz9vqpY-unsplash-scaled-e1622555407316-300x73.jpg 300w, https:\/\/weather-radar-live.com\/wp-content\/uploads\/2021\/06\/josep-castells-5Mh8iz9vqpY-unsplash-scaled-e1622555407316-1024x248.jpg 1024w, https:\/\/weather-radar-live.com\/wp-content\/uploads\/2021\/06\/josep-castells-5Mh8iz9vqpY-unsplash-scaled-e1622555407316-768x186.jpg 768w, https:\/\/weather-radar-live.com\/wp-content\/uploads\/2021\/06\/josep-castells-5Mh8iz9vqpY-unsplash-scaled-e1622555407316-1536x372.jpg 1536w\" sizes=\"auto, (max-width: 1900px) 100vw, 1900px\" \/><div class=\"wp-block-cover__inner-container is-layout-flow wp-block-cover-is-layout-flow\">\n<h2 class=\"has-text-align-center heading wp-block-heading\" style=\"font-size:50px\"><strong><span style=\"color:#ffde00\" class=\"has-inline-color\">ORAGE<\/span> EN DIRECT<\/strong><\/h2>\n<\/div><\/div>\n\n\n<h2 style=\"text-align: center;\"><span style=\"color: #ffde00;\"><strong>Orage en direct &#8211; <span style=\"color: #ffde00;\">obtenez des<\/span> informations en direct sur les orages actuels gr\u00e2ce \u00e0 la d\u00e9tection des \u00e9clairs<\/strong><\/span><\/h2>\n<p>Il n&rsquo;y a gu\u00e8re <strong><a href=\"https:\/\/weather-radar-live.com\/fr\/\" target=\"_blank\" rel=\"noopener noreferrer\">ph\u00e9nom\u00e8ne m\u00e9t\u00e9orologique<\/a><\/strong> qui nous excite autant que le <strong><a href=\"https:\/\/www.sciencelearn.org.nz\/resources\/239-lightning-explained\">tonnerre et les \u00e9clairs<\/a><\/strong>. Depuis l&rsquo;Antiquit\u00e9, les humains tentent de sonder les dessous de ce ph\u00e9nom\u00e8ne. Mais malheureusement, beaucoup de choses sur ce ph\u00e9nom\u00e8ne naturel restent encore insaisissables \u00e0 ce jour.<\/p>\n<p>Vous voulez savoir o\u00f9 il y a actuellement des \u00e9clairs ? Ou simplement savoir si vous serez bient\u00f4t touch\u00e9 par un orage ? Alors vous devriez utiliser notre carte \u00ab\u00a0Orage en direct\u00a0\u00bb pour la France ! Elle vous fournit des informations pr\u00e9cises sur le tonnerre et la foudre dans votre r\u00e9gion et est mise \u00e0 jour toutes les secondes !<\/p><div id=\"weath-4270510621\" class=\"weath-inhalt_2 weath-entity-placement\" style=\"margin-top: 15px;margin-right: 25px;margin-bottom: 35px;margin-left: 25px;\"><script async src=\"\/\/pagead2.googlesyndication.com\/pagead\/js\/adsbygoogle.js?client=ca-pub-8960936133935804\" crossorigin=\"anonymous\"><\/script><ins class=\"adsbygoogle\" style=\"display:block;\" data-ad-client=\"ca-pub-8960936133935804\" \ndata-ad-slot=\"1963584050\" \ndata-ad-format=\"auto\"><\/ins>\n<script> \n(adsbygoogle = window.adsbygoogle || []).push({}); \n<\/script>\n<\/div>\n\n\n<iframe loading=\"lazy\" width=\"1300\" height=\"600\" src=\"https:\/\/embed.windy.com\/embed2.html?lat=46.905&amp;lon=2.505&amp;detailLat=49.516&amp;detailLon=11.000&amp;width=1300&amp;height=600&amp;zoom=6&amp;level=surface&amp;overlay=radar&amp;product=radar&amp;menu=&amp;message=&amp;marker=&amp;calendar=now&amp;pressure=&amp;type=map&amp;location=coordinates&amp;detail=&amp;metricWind=default&amp;metricTemp=default&amp;radarRange=-1\" frameborder=\"0\"><\/iframe>\n\n\n\n<p class=\"has-text-align-center\"><sup>Les orages et les coups de foudre sont indiqu\u00e9s par un symbole de foudre. Selon leur intensit\u00e9, ils sont affich\u00e9s en bleu (faibles pr\u00e9cipitations), vert, jaune, orange (pr\u00e9cipitations mod\u00e9r\u00e9es), rouge ou violet (tr\u00e8s fortes pr\u00e9cipitations).<\/sup><\/p>\n\n\n<h2 style=\"text-align: center;\"><span style=\"color: #ffde00;\"><strong>Suivi du front de foudre actuel &#8211; Comment lire \u00ab\u00a0orage en direct\u00a0\u00bb :<\/strong><\/span><\/h2>\n<p><img loading=\"lazy\" decoding=\"async\" class=\"alignright wp-image-80\" src=\"https:\/\/weather-radar-live.com\/wp-content\/uploads\/2021\/02\/Lightning-strike-map-radar-explanation-300x213.png\" alt=\"orage en direct explication \" width=\"175\" height=\"124\" srcset=\"https:\/\/weather-radar-live.com\/wp-content\/uploads\/2021\/02\/Lightning-strike-map-radar-explanation-300x213.png 300w, https:\/\/weather-radar-live.com\/wp-content\/uploads\/2021\/02\/Lightning-strike-map-radar-explanation.png 600w\" sizes=\"auto, (max-width: 175px) 100vw, 175px\" \/>La carte de la foudre vous montre les <a href=\"https:\/\/www.futura-sciences.com\/planete\/definitions\/climatologie-orage-14541\/\" target=\"_blank\" rel=\"noopener\"><strong>orages<\/strong><\/a> actuels en couleur. La force de l&rsquo;orage est mesur\u00e9e \u00e0 l&rsquo;aide de <strong><span style=\"color: #1950fe;\"><a style=\"color: #1950fe;\" href=\"https:\/\/weather-radar-live.com\/fr\/radar-pluie\/\" target=\"_blank\" rel=\"noopener noreferrer\">pr\u00e9cipitations<\/a><\/span><\/strong> ainsi qu&rsquo;avec notre <a href=\"https:\/\/weather-radar-live.com\/fr\/tempete\/\" target=\"_blank\" rel=\"noopener noreferrer\"><strong>radar d&rsquo;orage<\/strong><\/a>. La couleur bleue ou verte indique un orage relativement faible ou de faibles pr\u00e9cipitations.<\/p>\n<p>La prudence est de mise en cas de coloration jaune, orange, rouge, et surtout violette :<\/p>\n<p>Un front de foudre de ce type comporte un risque \u00e9vident de temps violent. Sur la carte de la foudre, vous pouvez \u00e9galement voir de petits \u00e9clairs, qui sont indiqu\u00e9s par un court \u00e9clair blanc. Chacun de ces \u00e9clairs signale un seul <strong><a href=\"https:\/\/www.weather.gov\/safety\/lightning-science-overview\" target=\"_blank\" rel=\"noopener\">coup de foudre<\/a><\/strong>.<\/p>\n<p><img loading=\"lazy\" decoding=\"async\" class=\"alignleft wp-image-89\" src=\"https:\/\/weather-radar-live.com\/wp-content\/uploads\/2021\/02\/cursor.png\" alt=\"carte des impacts de foudre par curseur\" width=\"80\" height=\"80\">Pour afficher le parcours temporel et la direction du front de la foudre, il suffit de cliquer sur le symbole du curseur. De cette fa\u00e7on, vous pouvez voir exactement comment l&rsquo;orage s&rsquo;est d\u00e9velopp\u00e9 au cours des derni\u00e8res heures et minutes et en d\u00e9duire o\u00f9 l&rsquo;orage va se d\u00e9placer.<\/p>\n<p><\/p>\n<h2><span style=\"color: #ffde00;\"><strong>Voici ce que vous devez savoir sur les orages et le radar \u00e0 foudre !<\/strong><\/span><\/h2>\n<p><img loading=\"lazy\" decoding=\"async\" class=\"alignleft wp-image-81 size-full\" src=\"https:\/\/weather-radar-live.com\/wp-content\/uploads\/2021\/02\/Lightning-strike-map-lightning-strike.jpg\" alt=\"Carte de l'impact de la foudre\" width=\"300\" height=\"199\">Le grand avantage de notre carte de foudroiement est que les orages et les \u00e9clairs sont affich\u00e9s avec un d\u00e9lai tr\u00e8s court. La technique de mesure du radar \u00e0 foudre y contribue de mani\u00e8re d\u00e9cisive : Chaque coup de foudre \u00e9met une onde \u00e9lectromagn\u00e9tique qui se propage sur des centaines de kilom\u00e8tres. Cette onde arrive \u00e0 diff\u00e9rentes stations radar \u00e0 la vitesse de la lumi\u00e8re. Gr\u00e2ce aux diff\u00e9rents temps d&rsquo;arriv\u00e9e (de l&rsquo;ordre de quelques millisecondes) de l&rsquo;onde \u00e9lectromagn\u00e9tique, il est possible de tirer des conclusions pr\u00e9cises sur le lieu de l&rsquo;impact et la force de la foudre.<\/p>\n<p><strong>Cela vous permet de localiser vous-m\u00eame les \u00e9clairs \u00ab\u00a0en direct\u00a0\u00bb et en \u00ab\u00a0temps r\u00e9el\u00a0\u00bb.<\/strong><\/p>\n<p><\/p>\n<h2><span style=\"color: #ffde00;\"><strong>Comment se forment les orages ?<\/strong><\/span><\/h2>\n<p>Les moteurs d&rsquo;un orage sont un rayonnement solaire \u00e9lev\u00e9, l&rsquo;\u00e9vaporation de l&rsquo;eau et la formation d&rsquo;un nuage qui en r\u00e9sulte (plus sur la formation des nuages <strong><a href=\"https:\/\/weather-radar-live.com\/fr\/radar-nuages\/\">ici<\/a><\/strong>). La friction des mol\u00e9cules d&rsquo;eau dans le nuage cr\u00e9e une tension \u00e9lectrique \u00e9lev\u00e9e, qui est \u00e9quilibr\u00e9e par la d\u00e9charge d&rsquo;un \u00e9clair. Cette d\u00e9charge peut se produire aussi bien par un coup de foudre sur le sol que sur un autre nuage.<\/p>\n<p><strong>Et d&rsquo;ailleurs :<\/strong><\/p>\n<p>Le tonnerre est provoqu\u00e9 par l&rsquo;expansion soudaine de l&rsquo;air dans l&rsquo;environnement imm\u00e9diat de l&rsquo;\u00e9clair &#8211; il peut atteindre des temp\u00e9ratures allant jusqu&rsquo;\u00e0 30 000 degr\u00e9s Celsius et n&rsquo;a que quelques centim\u00e8tres d&rsquo;\u00e9paisseur !<\/p>\n<p><\/p>\n<h2 style=\"text-align: center;\"><span style=\"color: #ffde00;\"><strong>La foudre &#8211; comment se comporter ?<\/strong><\/span><\/h2>\n<p style=\"text-align: center;\"><span style=\"color: #ffde00;\"><strong>140 kilom\u00e8tres&#8230;<\/strong><\/span><\/p>\n<p style=\"text-align: center;\"><span style=\"color: #ffde00;\"><strong>c&rsquo;est la longueur de l&rsquo;\u00e9clair le plus long jamais mesur\u00e9.<\/strong><\/span><\/p>\n<p>En r\u00e8gle g\u00e9n\u00e9rale, vous devez vous mettre \u00e0 l&rsquo;abri le plus rapidement possible d\u00e8s les premiers signes d&rsquo;orage, car la foudre peut parcourir plusieurs kilom\u00e8tres. Le danger existe donc avant m\u00eame que l&rsquo;orage ne soit \u00e0 proximit\u00e9. L&rsquo;endroit le plus s\u00fbr pour se cacher pendant un orage est la maison ou le v\u00e9hicule. Si vous \u00eates \u00e0 l&rsquo;ext\u00e9rieur pendant un orage, veillez \u00e0 rester \u00e0 l&rsquo;\u00e9cart des arbres, des collines, des lacs et des rivi\u00e8res. Les poteaux \u00e9lectriques sont \u00e9galement des cibles populaires pour les coups de foudre &#8211; vous devriez donc garder vos distances avec eux \u00e9galement. Id\u00e9alement, trouvez un creux sec, accroupissez-vous et encerclez vos jambes avec vos bras. Il est pr\u00e9f\u00e9rable de rester sur la pointe des pieds. De cette fa\u00e7on, en cas d&rsquo;impact \u00e0 proximit\u00e9 imm\u00e9diate, vous offrez la plus petite surface pour que la foudre puisse frapper et vous emp\u00eachez de grandes tensions de traverser votre corps.<\/p>\n<p><\/p>\n<h2 style=\"text-align: center;\"><span style=\"color: #ffde00;\"><strong>La distance de l&rsquo;orage<\/strong><\/span><\/h2>\n<p style=\"text-align: center;\"><span style=\"color: #ffde00;\"><strong>330 m\u00e8tres par seconde&#8230;.<\/strong><\/span><\/p>\n<p style=\"text-align: center;\"><span style=\"color: #ffde00;\"><strong>&#8230; c&rsquo;est la vitesse \u00e0 laquelle le tonnerre se d\u00e9place vers vous.<\/strong><\/span><\/p>\n<p>Si vous \u00eates conscient de cela, mesurer la distance sera un jeu d&rsquo;enfant pour vous. Il suffit de compter les secondes entre l&rsquo;\u00e9clair et le tonnerre. Ensuite, divisez le nombre de secondes par trois et vous avez calcul\u00e9 la distance de l&rsquo;orage en kilom\u00e8tres :<\/p>\n<p>Exemple : 12 secondes s&rsquo;\u00e9coulent entre l&rsquo;\u00e9clair et le tonnerre &#8211; 12 secondes divis\u00e9es par 3 \u00e9galent 4 &#8211; ce qui signifie que l&rsquo;orage est \u00e0 4 kilom\u00e8tres.<\/p>","protected":false},"excerpt":{"rendered":"<p>Orage en direct &#8211; obtenez des informations en direct sur les orages actuels gr\u00e2ce \u00e0 la d\u00e9tection des \u00e9clairs Il n&rsquo;y a gu\u00e8re ph\u00e9nom\u00e8ne m\u00e9t\u00e9orologique qui nous excite autant que le tonnerre et les \u00e9clairs. Depuis l&rsquo;Antiquit\u00e9, les humains tentent de sonder les dessous de ce ph\u00e9nom\u00e8ne. Mais malheureusement, beaucoup de choses sur ce ph\u00e9nom\u00e8ne &#8230; <a title=\"Orage en direct\" class=\"read-more\" href=\"https:\/\/weather-radar-live.com\/fr\/orage-en-direct\/\" aria-label=\"En savoir plus sur Orage en direct\">Lire la suite<\/a><\/p>\n","protected":false},"author":1,"featured_media":2884,"parent":0,"menu_order":0,"comment_status":"closed","ping_status":"closed","template":"","meta":{"footnotes":""},"class_list":["post-566","page","type-page","status-publish","has-post-thumbnail"],"yoast_head":"<!-- This site is optimized with the Yoast SEO plugin v27.4 - https:\/\/yoast.com\/product\/yoast-seo-wordpress\/ -->\n<title>Orage EN DIRECT \u26a1 O\u00f9 sont les orages ? \u2714\ufe0f<\/title>\n<meta name=\"description\" content=\"Orage EN DIRECT \u2714\ufe0f Trouvez les orages actuels \u00e0 proximit\u00e9 avec la carte de la foudre maintenant ! \u2714\ufe0f Pr\u00e9visions d&#039;orages pour la r\u00e9gion ! \u26a1\" \/>\n<meta name=\"robots\" content=\"index, follow, max-snippet:-1, max-image-preview:large, max-video-preview:-1\" \/>\n<link rel=\"canonical\" href=\"https:\/\/weather-radar-live.com\/fr\/orage-en-direct\/\" \/>\n<meta property=\"og:locale\" content=\"fr_FR\" \/>\n<meta property=\"og:type\" content=\"article\" \/>\n<meta property=\"og:title\" content=\"Orage EN DIRECT \u26a1 O\u00f9 sont les orages ? \u2714\ufe0f\" \/>\n<meta property=\"og:description\" content=\"Orage EN DIRECT \u2714\ufe0f Trouvez les orages actuels \u00e0 proximit\u00e9 avec la carte de la foudre maintenant ! \u2714\ufe0f Pr\u00e9visions d&#039;orages pour la r\u00e9gion ! \u26a1\" \/>\n<meta property=\"og:url\" content=\"https:\/\/weather-radar-live.com\/fr\/orage-en-direct\/\" \/>\n<meta property=\"og:site_name\" content=\"weather-radar-live.com\" \/>\n<meta property=\"article:modified_time\" content=\"2022-07-06T11:14:53+00:00\" \/>\n<meta property=\"og:image\" content=\"https:\/\/weather-radar-live.com\/wp-content\/uploads\/2021\/02\/Lightning-strike-map.jpg\" \/>\n\t<meta property=\"og:image:width\" content=\"1897\" \/>\n\t<meta property=\"og:image:height\" content=\"458\" \/>\n\t<meta property=\"og:image:type\" content=\"image\/jpeg\" \/>\n<meta name=\"twitter:card\" content=\"summary_large_image\" \/>\n<meta name=\"twitter:label1\" content=\"Dur\u00e9e de lecture estim\u00e9e\" \/>\n\t<meta name=\"twitter:data1\" content=\"5 minutes\" \/>\n<script type=\"application\/ld+json\" class=\"yoast-schema-graph\">{\"@context\":\"https:\\\/\\\/schema.org\",\"@graph\":[{\"@type\":\"WebPage\",\"@id\":\"https:\\\/\\\/weather-radar-live.com\\\/fr\\\/orage-en-direct\\\/\",\"url\":\"https:\\\/\\\/weather-radar-live.com\\\/fr\\\/orage-en-direct\\\/\",\"name\":\"Orage EN DIRECT \u26a1 O\u00f9 sont les orages ? \u2714\ufe0f\",\"isPartOf\":{\"@id\":\"https:\\\/\\\/weather-radar-live.com\\\/#website\"},\"primaryImageOfPage\":{\"@id\":\"https:\\\/\\\/weather-radar-live.com\\\/fr\\\/orage-en-direct\\\/#primaryimage\"},\"image\":{\"@id\":\"https:\\\/\\\/weather-radar-live.com\\\/fr\\\/orage-en-direct\\\/#primaryimage\"},\"thumbnailUrl\":\"https:\\\/\\\/weather-radar-live.com\\\/wp-content\\\/uploads\\\/2021\\\/02\\\/Lightning-strike-map.jpg\",\"datePublished\":\"2021-06-03T14:52:57+00:00\",\"dateModified\":\"2022-07-06T11:14:53+00:00\",\"description\":\"Orage EN DIRECT \u2714\ufe0f Trouvez les orages actuels \u00e0 proximit\u00e9 avec la carte de la foudre maintenant ! \u2714\ufe0f Pr\u00e9visions d'orages pour la r\u00e9gion ! \u26a1\",\"breadcrumb\":{\"@id\":\"https:\\\/\\\/weather-radar-live.com\\\/fr\\\/orage-en-direct\\\/#breadcrumb\"},\"inLanguage\":\"fr-FR\",\"potentialAction\":[{\"@type\":\"ReadAction\",\"target\":[\"https:\\\/\\\/weather-radar-live.com\\\/fr\\\/orage-en-direct\\\/\"]}]},{\"@type\":\"ImageObject\",\"inLanguage\":\"fr-FR\",\"@id\":\"https:\\\/\\\/weather-radar-live.com\\\/fr\\\/orage-en-direct\\\/#primaryimage\",\"url\":\"https:\\\/\\\/weather-radar-live.com\\\/wp-content\\\/uploads\\\/2021\\\/02\\\/Lightning-strike-map.jpg\",\"contentUrl\":\"https:\\\/\\\/weather-radar-live.com\\\/wp-content\\\/uploads\\\/2021\\\/02\\\/Lightning-strike-map.jpg\",\"width\":1897,\"height\":458},{\"@type\":\"BreadcrumbList\",\"@id\":\"https:\\\/\\\/weather-radar-live.com\\\/fr\\\/orage-en-direct\\\/#breadcrumb\",\"itemListElement\":[{\"@type\":\"ListItem\",\"position\":1,\"name\":\"Weather Radar Live\",\"item\":\"https:\\\/\\\/weather-radar-live.com\\\/fr\\\/\"},{\"@type\":\"ListItem\",\"position\":2,\"name\":\"Orage en direct\"}]},{\"@type\":\"WebSite\",\"@id\":\"https:\\\/\\\/weather-radar-live.com\\\/#website\",\"url\":\"https:\\\/\\\/weather-radar-live.com\\\/\",\"name\":\"weather-radar-live.com\",\"description\":\"Your weather and sky radar.\",\"publisher\":{\"@id\":\"https:\\\/\\\/weather-radar-live.com\\\/#organization\"},\"potentialAction\":[{\"@type\":\"SearchAction\",\"target\":{\"@type\":\"EntryPoint\",\"urlTemplate\":\"https:\\\/\\\/weather-radar-live.com\\\/?s={search_term_string}\"},\"query-input\":{\"@type\":\"PropertyValueSpecification\",\"valueRequired\":true,\"valueName\":\"search_term_string\"}}],\"inLanguage\":\"fr-FR\"},{\"@type\":\"Organization\",\"@id\":\"https:\\\/\\\/weather-radar-live.com\\\/#organization\",\"name\":\"weather-radar-live.com\",\"url\":\"https:\\\/\\\/weather-radar-live.com\\\/\",\"logo\":{\"@type\":\"ImageObject\",\"inLanguage\":\"fr-FR\",\"@id\":\"https:\\\/\\\/weather-radar-live.com\\\/#\\\/schema\\\/logo\\\/image\\\/\",\"url\":\"https:\\\/\\\/weather-radar-live.com\\\/wp-content\\\/uploads\\\/2022\\\/03\\\/cropped-WRL2503.png\",\"contentUrl\":\"https:\\\/\\\/weather-radar-live.com\\\/wp-content\\\/uploads\\\/2022\\\/03\\\/cropped-WRL2503.png\",\"width\":1920,\"height\":555,\"caption\":\"weather-radar-live.com\"},\"image\":{\"@id\":\"https:\\\/\\\/weather-radar-live.com\\\/#\\\/schema\\\/logo\\\/image\\\/\"}}]}<\/script>\n<!-- \/ Yoast SEO plugin. -->","yoast_head_json":{"title":"Orage EN DIRECT \u26a1 O\u00f9 sont les orages ? \u2714\ufe0f","description":"Orage EN DIRECT \u2714\ufe0f Trouvez les orages actuels \u00e0 proximit\u00e9 avec la carte de la foudre maintenant ! \u2714\ufe0f Pr\u00e9visions d'orages pour la r\u00e9gion ! \u26a1","robots":{"index":"index","follow":"follow","max-snippet":"max-snippet:-1","max-image-preview":"max-image-preview:large","max-video-preview":"max-video-preview:-1"},"canonical":"https:\/\/weather-radar-live.com\/fr\/orage-en-direct\/","og_locale":"fr_FR","og_type":"article","og_title":"Orage EN DIRECT \u26a1 O\u00f9 sont les orages ? \u2714\ufe0f","og_description":"Orage EN DIRECT \u2714\ufe0f Trouvez les orages actuels \u00e0 proximit\u00e9 avec la carte de la foudre maintenant ! \u2714\ufe0f Pr\u00e9visions d'orages pour la r\u00e9gion ! \u26a1","og_url":"https:\/\/weather-radar-live.com\/fr\/orage-en-direct\/","og_site_name":"weather-radar-live.com","article_modified_time":"2022-07-06T11:14:53+00:00","og_image":[{"width":1897,"height":458,"url":"https:\/\/weather-radar-live.com\/wp-content\/uploads\/2021\/02\/Lightning-strike-map.jpg","type":"image\/jpeg"}],"twitter_card":"summary_large_image","twitter_misc":{"Dur\u00e9e de lecture estim\u00e9e":"5 minutes"},"schema":{"@context":"https:\/\/schema.org","@graph":[{"@type":"WebPage","@id":"https:\/\/weather-radar-live.com\/fr\/orage-en-direct\/","url":"https:\/\/weather-radar-live.com\/fr\/orage-en-direct\/","name":"Orage EN DIRECT \u26a1 O\u00f9 sont les orages ? \u2714\ufe0f","isPartOf":{"@id":"https:\/\/weather-radar-live.com\/#website"},"primaryImageOfPage":{"@id":"https:\/\/weather-radar-live.com\/fr\/orage-en-direct\/#primaryimage"},"image":{"@id":"https:\/\/weather-radar-live.com\/fr\/orage-en-direct\/#primaryimage"},"thumbnailUrl":"https:\/\/weather-radar-live.com\/wp-content\/uploads\/2021\/02\/Lightning-strike-map.jpg","datePublished":"2021-06-03T14:52:57+00:00","dateModified":"2022-07-06T11:14:53+00:00","description":"Orage EN DIRECT \u2714\ufe0f Trouvez les orages actuels \u00e0 proximit\u00e9 avec la carte de la foudre maintenant ! \u2714\ufe0f Pr\u00e9visions d'orages pour la r\u00e9gion ! \u26a1","breadcrumb":{"@id":"https:\/\/weather-radar-live.com\/fr\/orage-en-direct\/#breadcrumb"},"inLanguage":"fr-FR","potentialAction":[{"@type":"ReadAction","target":["https:\/\/weather-radar-live.com\/fr\/orage-en-direct\/"]}]},{"@type":"ImageObject","inLanguage":"fr-FR","@id":"https:\/\/weather-radar-live.com\/fr\/orage-en-direct\/#primaryimage","url":"https:\/\/weather-radar-live.com\/wp-content\/uploads\/2021\/02\/Lightning-strike-map.jpg","contentUrl":"https:\/\/weather-radar-live.com\/wp-content\/uploads\/2021\/02\/Lightning-strike-map.jpg","width":1897,"height":458},{"@type":"BreadcrumbList","@id":"https:\/\/weather-radar-live.com\/fr\/orage-en-direct\/#breadcrumb","itemListElement":[{"@type":"ListItem","position":1,"name":"Weather Radar Live","item":"https:\/\/weather-radar-live.com\/fr\/"},{"@type":"ListItem","position":2,"name":"Orage en direct"}]},{"@type":"WebSite","@id":"https:\/\/weather-radar-live.com\/#website","url":"https:\/\/weather-radar-live.com\/","name":"weather-radar-live.com","description":"Your weather and sky radar.","publisher":{"@id":"https:\/\/weather-radar-live.com\/#organization"},"potentialAction":[{"@type":"SearchAction","target":{"@type":"EntryPoint","urlTemplate":"https:\/\/weather-radar-live.com\/?s={search_term_string}"},"query-input":{"@type":"PropertyValueSpecification","valueRequired":true,"valueName":"search_term_string"}}],"inLanguage":"fr-FR"},{"@type":"Organization","@id":"https:\/\/weather-radar-live.com\/#organization","name":"weather-radar-live.com","url":"https:\/\/weather-radar-live.com\/","logo":{"@type":"ImageObject","inLanguage":"fr-FR","@id":"https:\/\/weather-radar-live.com\/#\/schema\/logo\/image\/","url":"https:\/\/weather-radar-live.com\/wp-content\/uploads\/2022\/03\/cropped-WRL2503.png","contentUrl":"https:\/\/weather-radar-live.com\/wp-content\/uploads\/2022\/03\/cropped-WRL2503.png","width":1920,"height":555,"caption":"weather-radar-live.com"},"image":{"@id":"https:\/\/weather-radar-live.com\/#\/schema\/logo\/image\/"}}]}},"_links":{"self":[{"href":"https:\/\/weather-radar-live.com\/fr\/wp-json\/wp\/v2\/pages\/566","targetHints":{"allow":["GET"]}}],"collection":[{"href":"https:\/\/weather-radar-live.com\/fr\/wp-json\/wp\/v2\/pages"}],"about":[{"href":"https:\/\/weather-radar-live.com\/fr\/wp-json\/wp\/v2\/types\/page"}],"author":[{"embeddable":true,"href":"https:\/\/weather-radar-live.com\/fr\/wp-json\/wp\/v2\/users\/1"}],"replies":[{"embeddable":true,"href":"https:\/\/weather-radar-live.com\/fr\/wp-json\/wp\/v2\/comments?post=566"}],"version-history":[{"count":10,"href":"https:\/\/weather-radar-live.com\/fr\/wp-json\/wp\/v2\/pages\/566\/revisions"}],"predecessor-version":[{"id":4163,"href":"https:\/\/weather-radar-live.com\/fr\/wp-json\/wp\/v2\/pages\/566\/revisions\/4163"}],"wp:featuredmedia":[{"embeddable":true,"href":"https:\/\/weather-radar-live.com\/fr\/wp-json\/wp\/v2\/media\/2884"}],"wp:attachment":[{"href":"https:\/\/weather-radar-live.com\/fr\/wp-json\/wp\/v2\/media?parent=566"}],"curies":[{"name":"wp","href":"https:\/\/api.w.org\/{rel}","templated":true}]}}