{"id":546,"date":"2021-06-03T13:27:07","date_gmt":"2021-06-03T11:27:07","guid":{"rendered":"https:\/\/weather-radar-live.com\/?page_id=546"},"modified":"2025-04-10T14:45:49","modified_gmt":"2025-04-10T12:45:49","slug":"mentions-legales","status":"publish","type":"page","link":"https:\/\/weather-radar-live.com\/fr\/mentions-legales\/","title":{"rendered":"Mentions l\u00e9gales"},"content":{"rendered":"<div id=\"weath-1437356331\" class=\"weath-vor-dem-inhalt weath-entity-placement\" style=\"margin-top: 15px;margin-right: 25px;margin-bottom: 40px;margin-left: 25px;\"><script async src=\"\/\/pagead2.googlesyndication.com\/pagead\/js\/adsbygoogle.js?client=ca-pub-8960936133935804\" crossorigin=\"anonymous\"><\/script><ins class=\"adsbygoogle\" style=\"display:block;\" data-ad-client=\"ca-pub-8960936133935804\" \ndata-ad-slot=\"6172817020\" \ndata-ad-format=\"auto\"><\/ins>\n<script> \n(adsbygoogle = window.adsbygoogle || []).push({}); \n<\/script>\n<\/div>\n<p>U&amp;M Online Marketing GbR<br>Sulzbacher Str. 48<br>90489 Nuremberg<br>Allemagne<\/p>\n\n\n\n<p>T\u00e9l\u00e9phone : +49 157 3815 8888<br>E-mail : hey@weather-radar-live.com<\/p><div id=\"weath-2462082931\" class=\"weath-inhalt_2 weath-entity-placement\" style=\"margin-top: 15px;margin-right: 25px;margin-bottom: 35px;margin-left: 25px;\"><script async src=\"\/\/pagead2.googlesyndication.com\/pagead\/js\/adsbygoogle.js?client=ca-pub-8960936133935804\" crossorigin=\"anonymous\"><\/script><ins class=\"adsbygoogle\" style=\"display:block;\" data-ad-client=\"ca-pub-8960936133935804\" \ndata-ad-slot=\"1963584050\" \ndata-ad-format=\"auto\"><\/ins>\n<script> \n(adsbygoogle = window.adsbygoogle || []).push({}); \n<\/script>\n<\/div>\n\n\n\n<p>Repr\u00e9sentants l\u00e9gaux : Nico M\u00e4rzh\u00e4user, Nikita Umanski-Kellnar<\/p>\n\n\n\n<p>La TVA n&rsquo;est pas indiqu\u00e9e (r\u00e9gime des petites entreprises)<\/p>\n\n\n\n<p>Plate-forme de la Commission europ\u00e9enne pour le r\u00e8glement en ligne des litiges : https:\/\/ec.europa.eu\/consumers\/odr\/<\/p>\n\n\n\n<p>Nous ne sommes ni oblig\u00e9s ni dispos\u00e9s \u00e0 participer \u00e0 une proc\u00e9dure de r\u00e8glement des litiges devant un organisme de conciliation des consommateurs.<\/p>\n","protected":false},"excerpt":{"rendered":"<p>U&amp;M Online Marketing GbRSulzbacher Str. 4890489 NurembergAllemagne T\u00e9l\u00e9phone : +49 157 3815 8888E-mail : hey@weather-radar-live.com Repr\u00e9sentants l\u00e9gaux : Nico M\u00e4rzh\u00e4user, Nikita Umanski-Kellnar La TVA n&rsquo;est pas indiqu\u00e9e (r\u00e9gime des petites entreprises) Plate-forme de la Commission europ\u00e9enne pour le r\u00e8glement en ligne des litiges : https:\/\/ec.europa.eu\/consumers\/odr\/ Nous ne sommes ni oblig\u00e9s ni dispos\u00e9s \u00e0 participer \u00e0 &#8230; <a title=\"Mentions l\u00e9gales\" class=\"read-more\" href=\"https:\/\/weather-radar-live.com\/fr\/mentions-legales\/\" aria-label=\"En savoir plus sur Mentions l\u00e9gales\">Lire la suite<\/a><\/p>\n","protected":false},"author":1,"featured_media":0,"parent":0,"menu_order":0,"comment_status":"closed","ping_status":"closed","template":"","meta":{"footnotes":""},"class_list":["post-546","page","type-page","status-publish"],"yoast_head":"<!-- This site is optimized with the Yoast SEO plugin v27.4 - https:\/\/yoast.com\/product\/yoast-seo-wordpress\/ -->\n<title>Mentions l\u00e9gales - weather-radar-live.com<\/title>\n<meta name=\"robots\" content=\"noindex, nofollow\" \/>\n<meta property=\"og:locale\" content=\"fr_FR\" \/>\n<meta property=\"og:type\" content=\"article\" \/>\n<meta property=\"og:title\" content=\"Mentions l\u00e9gales - weather-radar-live.com\" \/>\n<meta property=\"og:description\" content=\"U&amp;M Online Marketing GbRSulzbacher Str. 4890489 NurembergAllemagne T\u00e9l\u00e9phone : +49 157 3815 8888E-mail : hey@weather-radar-live.com Repr\u00e9sentants l\u00e9gaux : Nico M\u00e4rzh\u00e4user, Nikita Umanski-Kellnar La TVA n&rsquo;est pas indiqu\u00e9e (r\u00e9gime des petites entreprises) Plate-forme de la Commission europ\u00e9enne pour le r\u00e8glement en ligne des litiges : https:\/\/ec.europa.eu\/consumers\/odr\/ Nous ne sommes ni oblig\u00e9s ni dispos\u00e9s \u00e0 participer \u00e0 ... Lire la suite\" \/>\n<meta property=\"og:url\" content=\"https:\/\/weather-radar-live.com\/fr\/mentions-legales\/\" \/>\n<meta property=\"og:site_name\" content=\"weather-radar-live.com\" \/>\n<meta property=\"article:modified_time\" content=\"2025-04-10T12:45:49+00:00\" \/>\n<meta name=\"twitter:card\" content=\"summary_large_image\" \/>\n<script type=\"application\/ld+json\" class=\"yoast-schema-graph\">{\"@context\":\"https:\\\/\\\/schema.org\",\"@graph\":[{\"@type\":\"WebPage\",\"@id\":\"https:\\\/\\\/weather-radar-live.com\\\/fr\\\/mentions-legales\\\/\",\"url\":\"https:\\\/\\\/weather-radar-live.com\\\/fr\\\/mentions-legales\\\/\",\"name\":\"Mentions l\u00e9gales - weather-radar-live.com\",\"isPartOf\":{\"@id\":\"https:\\\/\\\/weather-radar-live.com\\\/#website\"},\"datePublished\":\"2021-06-03T11:27:07+00:00\",\"dateModified\":\"2025-04-10T12:45:49+00:00\",\"breadcrumb\":{\"@id\":\"https:\\\/\\\/weather-radar-live.com\\\/fr\\\/mentions-legales\\\/#breadcrumb\"},\"inLanguage\":\"fr-FR\",\"potentialAction\":[{\"@type\":\"ReadAction\",\"target\":[\"https:\\\/\\\/weather-radar-live.com\\\/fr\\\/mentions-legales\\\/\"]}]},{\"@type\":\"BreadcrumbList\",\"@id\":\"https:\\\/\\\/weather-radar-live.com\\\/fr\\\/mentions-legales\\\/#breadcrumb\",\"itemListElement\":[{\"@type\":\"ListItem\",\"position\":1,\"name\":\"Weather Radar Live\",\"item\":\"https:\\\/\\\/weather-radar-live.com\\\/fr\\\/\"},{\"@type\":\"ListItem\",\"position\":2,\"name\":\"Mentions l\u00e9gales\"}]},{\"@type\":\"WebSite\",\"@id\":\"https:\\\/\\\/weather-radar-live.com\\\/#website\",\"url\":\"https:\\\/\\\/weather-radar-live.com\\\/\",\"name\":\"weather-radar-live.com\",\"description\":\"Your weather and sky radar.\",\"publisher\":{\"@id\":\"https:\\\/\\\/weather-radar-live.com\\\/#organization\"},\"potentialAction\":[{\"@type\":\"SearchAction\",\"target\":{\"@type\":\"EntryPoint\",\"urlTemplate\":\"https:\\\/\\\/weather-radar-live.com\\\/?s={search_term_string}\"},\"query-input\":{\"@type\":\"PropertyValueSpecification\",\"valueRequired\":true,\"valueName\":\"search_term_string\"}}],\"inLanguage\":\"fr-FR\"},{\"@type\":\"Organization\",\"@id\":\"https:\\\/\\\/weather-radar-live.com\\\/#organization\",\"name\":\"weather-radar-live.com\",\"url\":\"https:\\\/\\\/weather-radar-live.com\\\/\",\"logo\":{\"@type\":\"ImageObject\",\"inLanguage\":\"fr-FR\",\"@id\":\"https:\\\/\\\/weather-radar-live.com\\\/#\\\/schema\\\/logo\\\/image\\\/\",\"url\":\"https:\\\/\\\/weather-radar-live.com\\\/wp-content\\\/uploads\\\/2022\\\/03\\\/cropped-WRL2503.png\",\"contentUrl\":\"https:\\\/\\\/weather-radar-live.com\\\/wp-content\\\/uploads\\\/2022\\\/03\\\/cropped-WRL2503.png\",\"width\":1920,\"height\":555,\"caption\":\"weather-radar-live.com\"},\"image\":{\"@id\":\"https:\\\/\\\/weather-radar-live.com\\\/#\\\/schema\\\/logo\\\/image\\\/\"}}]}<\/script>\n<!-- \/ Yoast SEO plugin. -->","yoast_head_json":{"title":"Mentions l\u00e9gales - weather-radar-live.com","robots":{"index":"noindex","follow":"nofollow"},"og_locale":"fr_FR","og_type":"article","og_title":"Mentions l\u00e9gales - weather-radar-live.com","og_description":"U&amp;M Online Marketing GbRSulzbacher Str. 4890489 NurembergAllemagne T\u00e9l\u00e9phone : +49 157 3815 8888E-mail : hey@weather-radar-live.com Repr\u00e9sentants l\u00e9gaux : Nico M\u00e4rzh\u00e4user, Nikita Umanski-Kellnar La TVA n&rsquo;est pas indiqu\u00e9e (r\u00e9gime des petites entreprises) Plate-forme de la Commission europ\u00e9enne pour le r\u00e8glement en ligne des litiges : https:\/\/ec.europa.eu\/consumers\/odr\/ Nous ne sommes ni oblig\u00e9s ni dispos\u00e9s \u00e0 participer \u00e0 ... Lire la suite","og_url":"https:\/\/weather-radar-live.com\/fr\/mentions-legales\/","og_site_name":"weather-radar-live.com","article_modified_time":"2025-04-10T12:45:49+00:00","twitter_card":"summary_large_image","schema":{"@context":"https:\/\/schema.org","@graph":[{"@type":"WebPage","@id":"https:\/\/weather-radar-live.com\/fr\/mentions-legales\/","url":"https:\/\/weather-radar-live.com\/fr\/mentions-legales\/","name":"Mentions l\u00e9gales - weather-radar-live.com","isPartOf":{"@id":"https:\/\/weather-radar-live.com\/#website"},"datePublished":"2021-06-03T11:27:07+00:00","dateModified":"2025-04-10T12:45:49+00:00","breadcrumb":{"@id":"https:\/\/weather-radar-live.com\/fr\/mentions-legales\/#breadcrumb"},"inLanguage":"fr-FR","potentialAction":[{"@type":"ReadAction","target":["https:\/\/weather-radar-live.com\/fr\/mentions-legales\/"]}]},{"@type":"BreadcrumbList","@id":"https:\/\/weather-radar-live.com\/fr\/mentions-legales\/#breadcrumb","itemListElement":[{"@type":"ListItem","position":1,"name":"Weather Radar Live","item":"https:\/\/weather-radar-live.com\/fr\/"},{"@type":"ListItem","position":2,"name":"Mentions l\u00e9gales"}]},{"@type":"WebSite","@id":"https:\/\/weather-radar-live.com\/#website","url":"https:\/\/weather-radar-live.com\/","name":"weather-radar-live.com","description":"Your weather and sky radar.","publisher":{"@id":"https:\/\/weather-radar-live.com\/#organization"},"potentialAction":[{"@type":"SearchAction","target":{"@type":"EntryPoint","urlTemplate":"https:\/\/weather-radar-live.com\/?s={search_term_string}"},"query-input":{"@type":"PropertyValueSpecification","valueRequired":true,"valueName":"search_term_string"}}],"inLanguage":"fr-FR"},{"@type":"Organization","@id":"https:\/\/weather-radar-live.com\/#organization","name":"weather-radar-live.com","url":"https:\/\/weather-radar-live.com\/","logo":{"@type":"ImageObject","inLanguage":"fr-FR","@id":"https:\/\/weather-radar-live.com\/#\/schema\/logo\/image\/","url":"https:\/\/weather-radar-live.com\/wp-content\/uploads\/2022\/03\/cropped-WRL2503.png","contentUrl":"https:\/\/weather-radar-live.com\/wp-content\/uploads\/2022\/03\/cropped-WRL2503.png","width":1920,"height":555,"caption":"weather-radar-live.com"},"image":{"@id":"https:\/\/weather-radar-live.com\/#\/schema\/logo\/image\/"}}]}},"_links":{"self":[{"href":"https:\/\/weather-radar-live.com\/fr\/wp-json\/wp\/v2\/pages\/546","targetHints":{"allow":["GET"]}}],"collection":[{"href":"https:\/\/weather-radar-live.com\/fr\/wp-json\/wp\/v2\/pages"}],"about":[{"href":"https:\/\/weather-radar-live.com\/fr\/wp-json\/wp\/v2\/types\/page"}],"author":[{"embeddable":true,"href":"https:\/\/weather-radar-live.com\/fr\/wp-json\/wp\/v2\/users\/1"}],"replies":[{"embeddable":true,"href":"https:\/\/weather-radar-live.com\/fr\/wp-json\/wp\/v2\/comments?post=546"}],"version-history":[{"count":3,"href":"https:\/\/weather-radar-live.com\/fr\/wp-json\/wp\/v2\/pages\/546\/revisions"}],"predecessor-version":[{"id":8072,"href":"https:\/\/weather-radar-live.com\/fr\/wp-json\/wp\/v2\/pages\/546\/revisions\/8072"}],"wp:attachment":[{"href":"https:\/\/weather-radar-live.com\/fr\/wp-json\/wp\/v2\/media?parent=546"}],"curies":[{"name":"wp","href":"https:\/\/api.w.org\/{rel}","templated":true}]}}