{"id":5088,"date":"2022-07-19T15:44:22","date_gmt":"2022-07-19T13:44:22","guid":{"rendered":"https:\/\/weather-radar-live.com\/?page_id=5088"},"modified":"2022-08-03T09:25:23","modified_gmt":"2022-08-03T07:25:23","slug":"webcam-sierra-nevada","status":"publish","type":"page","link":"https:\/\/weather-radar-live.com\/fr\/webcam\/espagne\/webcam-sierra-nevada\/","title":{"rendered":"Webcam Sierra Nevada"},"content":{"rendered":"<div id=\"weath-1346718115\" class=\"weath-vor-dem-inhalt weath-entity-placement\" style=\"margin-top: 15px;margin-right: 25px;margin-bottom: 40px;margin-left: 25px;\"><script async src=\"\/\/pagead2.googlesyndication.com\/pagead\/js\/adsbygoogle.js?client=ca-pub-8960936133935804\" crossorigin=\"anonymous\"><\/script><ins class=\"adsbygoogle\" style=\"display:block;\" data-ad-client=\"ca-pub-8960936133935804\" \ndata-ad-slot=\"6172817020\" \ndata-ad-format=\"auto\"><\/ins>\n<script> \n(adsbygoogle = window.adsbygoogle || []).push({}); \n<\/script>\n<\/div>\n<div class=\"wp-block-cover alignfull is-light\"><span aria-hidden=\"true\" class=\"wp-block-cover__gradient-background has-background-dim\"><\/span><img decoding=\"async\" class=\"wp-block-cover__image-background wp-image-342\" alt=\"Webcam Sierra Nevada\n\" src=\"https:\/\/weather-radar-live.com\/wp-content\/uploads\/2021\/06\/sam-schooler-E9aetBe2w40-unsplash-e1622554814366.jpg\" data-object-fit=\"cover\"\/><div class=\"wp-block-cover__inner-container is-layout-flow wp-block-cover-is-layout-flow\">\n<h2 class=\"has-text-align-center heading wp-block-heading\" id=\"webcam-fort-mahon\" style=\"font-size:40px\"><strong><mark style=\"background-color:rgba(0, 0, 0, 0)\" class=\"has-inline-color has-base-3-color\">WEBCAM <\/mark><\/strong><br><strong><mark style=\"background-color:rgba(0, 0, 0, 0)\" class=\"has-inline-color has-base-3-color\">SIERRA NEVADA<\/mark><\/strong><\/h2>\n<\/div><\/div>\n\n\n<div class=\"yoast-breadcrumbs\"><span><span><a href=\"https:\/\/weather-radar-live.com\/fr\/\">Weather Radar Live<\/a><\/span> \u00bb <span><a href=\"https:\/\/weather-radar-live.com\/fr\/webcam\/\">Webcam<\/a><\/span> \u00bb <span><a href=\"https:\/\/weather-radar-live.com\/fr\/webcam\/espagne\/\">Espagne<\/a><\/span> \u00bb <span class=\"breadcrumb_last\" aria-current=\"page\"><strong>Webcam Sierra Nevada<\/strong><\/span><\/span><\/div>\n\n\n<h2 class=\"has-text-align-center wp-block-heading\" id=\"webcam-fort-mahon\"><strong>Webcam Sierra Nevada<\/strong><\/h2>\n\n\n\n<p>La Sierra Nevada est situ\u00e9e au sud de l&rsquo;Espagne, dans la r\u00e9gion d&rsquo;Andalousie. Faisant partie de la Cordill\u00e8re B\u00e9tique, c&rsquo;est la plus haute montagne de la p\u00e9ninsule ib\u00e9rique. Elle doit son nom au fait que la neige recouvre les montagnes entre les mois de novembre et mai, ce qui est surprenant en Espagne. Ce spectacle fascinant est parfaitement visible sur notre webcam Sierra Nevada. Depuis les plus hauts sommets, qui culminent \u00e0 3 482 m\u00e8tres, certains escarpements s&rsquo;\u00e9tendent jusqu&rsquo;\u00e0 la c\u00f4te m\u00e9diterran\u00e9enne et \u00e0 la mer. L&rsquo;eau de fonte des neiges alimente de nombreuses villes environnantes, de sorte qu&rsquo;en plus de l&rsquo;attrait g\u00e9ographique, la montagne est \u00e9galement utile \u00e0 la population.<\/p>\n\n\n\n<p>Au sein du parc national du m\u00eame nom, le nombre de visiteurs est en augmentation depuis son ouverture et a atteint des valeurs de plus de 700.000 visiteurs. En tant qu&rsquo;attraction touristique, cette r\u00e9gion rurale se distingue par son charme paysager, que notre webcam refl\u00e8te tr\u00e8s bien. Les autres principales sources de revenus de la population locale sont l&rsquo;agriculture, sp\u00e9cialis\u00e9e dans la culture de la vigne et des amandes et l&rsquo;\u00e9levage de moutons et de ch\u00e8vres. Pour finir, il faut \u00e9galement mentionner le jambon de Pata Negra, qui est \u00e9lev\u00e9 \u00e0 l&rsquo;\u00e9tat semi-sauvage dans la r\u00e9gion.<\/p><div id=\"weath-725706061\" class=\"weath-inhalt_2 weath-entity-placement\" style=\"margin-top: 15px;margin-right: 25px;margin-bottom: 35px;margin-left: 25px;\"><script async src=\"\/\/pagead2.googlesyndication.com\/pagead\/js\/adsbygoogle.js?client=ca-pub-8960936133935804\" crossorigin=\"anonymous\"><\/script><ins class=\"adsbygoogle\" style=\"display:block;\" data-ad-client=\"ca-pub-8960936133935804\" \ndata-ad-slot=\"1963584050\" \ndata-ad-format=\"auto\"><\/ins>\n<script> \n(adsbygoogle = window.adsbygoogle || []).push({}); \n<\/script>\n<\/div>\n\n\n\n<div class=\"wp-block-columns is-layout-flex wp-container-core-columns-is-layout-9d6595d7 wp-block-columns-is-layout-flex\">\n<div class=\"wp-block-column webcam-column is-layout-flow wp-block-column-is-layout-flow\">\n<h3 class=\"has-text-align-center wp-block-heading\"> \ud83d\udd34 <strong>Webcam<strong><strong><strong> <strong>Sierra Nevada<\/strong><\/strong><\/strong><\/strong><\/strong> &#8211; station de ski<\/h3>\n\n\n\n<a name=\"windy-webcam-timelapse-player\" data-id=\"1217496489\" data-play=\"day\" href=\"https:\/\/windy.com\/webcams\/1217496489\" target=\"_blank\" rel=\"noopener\">Monachil : Sierra Nevada Estaci\u00f3n esqu\u00ed<\/a><script async=\"\" type=\"text\/javascript\" src=\"https:\/\/webcams.windy.com\/webcams\/public\/embed\/script\/player.js\"><\/script>\n<\/div>\n\n\n\n<div class=\"wp-block-column webcam-column is-layout-flow wp-block-column-is-layout-flow\">\n<h3 class=\"has-text-align-center wp-block-heading\"> \ud83d\udd34 <strong>Webcam <strong><strong><strong><strong>Sierra Nevada<\/strong><\/strong><\/strong><\/strong><\/strong> &#8211; D\u00e9part<\/h3>\n\n\n\n<a name=\"windy-webcam-timelapse-player\" data-id=\"1349988616\" data-play=\"day\" href=\"https:\/\/windy.com\/webcams\/1349988616\" target=\"_blank\" rel=\"noopener\">Monachil : Sierra Nevada<\/a><script async=\"\" type=\"text\/javascript\" src=\"https:\/\/webcams.windy.com\/webcams\/public\/embed\/script\/player.js\"><\/script>\n<\/div>\n<\/div>\n\n\n\n<div class=\"wp-block-columns is-layout-flex wp-container-core-columns-is-layout-9d6595d7 wp-block-columns-is-layout-flex\">\n<div class=\"wp-block-column webcam-column is-layout-flow wp-block-column-is-layout-flow\">\n<h3 class=\"has-text-align-center wp-block-heading\"> \ud83d\udd34 <strong>Webcam<strong><strong><strong> <strong>Sierra Nevada<\/strong><\/strong><\/strong><\/strong><\/strong> &#8211; Monachil<\/h3>\n\n\n\n<a name=\"windy-webcam-timelapse-player\" data-id=\"1602016037\" data-play=\"day\" href=\"https:\/\/windy.com\/webcams\/1602016037\" target=\"_blank\" rel=\"noopener\">Monachil &lsquo; nord<\/a><script async=\"\" type=\"text\/javascript\" src=\"https:\/\/webcams.windy.com\/webcams\/public\/embed\/script\/player.js\"><\/script>\n<\/div>\n\n\n\n<div class=\"wp-block-column webcam-column is-layout-flow wp-block-column-is-layout-flow\">\n<h3 class=\"has-text-align-center wp-block-heading\"> \ud83d\udd34 <strong>Webcam <strong><strong><strong><strong>Sierra Nevada<\/strong><\/strong><\/strong><\/strong><\/strong> &#8211; Montagne<\/h3>\n\n\n\n<a name=\"windy-webcam-timelapse-player\" data-id=\"1349988613\" data-play=\"day\" href=\"https:\/\/windy.com\/webcams\/1349988613\" target=\"_blank\" rel=\"noopener\">Monachil : Sierra Nevada 6<\/a><script async=\"\" type=\"text\/javascript\" src=\"https:\/\/webcams.windy.com\/webcams\/public\/embed\/script\/player.js\"><\/script>\n<\/div>\n<\/div>\n\n\n\n<h2 class=\"wp-block-heading\" id=\"fort-mahon-today\"><strong>Radar m\u00e9t\u00e9orologique Sierra Nevada &#8211; Le temps dans la Sierra Nevada<\/strong><\/h2>\n\n\n\n<p>Notre webcam Sierra Nevada vous offre toujours une vue optimale sur les \u00e9v\u00e9nements m\u00e9t\u00e9orologiques actuels. Vous pouvez ainsi pr\u00e9parer votre journ\u00e9e de mani\u00e8re optimale, que vous ayez pr\u00e9vu une randonn\u00e9e, du ski ou une autre excursion. En plus des images en direct, notre radar m\u00e9t\u00e9orologique vous donne un aper\u00e7u des pr\u00e9visions et de l&rsquo;ensoleillement \u00e0 venir ou des pr\u00e9cipitations plus rares. Observez directement si la neige s&rsquo;accumule sur les sommets ou si les heures ensoleill\u00e9es promettent une visibilit\u00e9 optimale.<\/p>\n\n\n\n<div class=\"wp-block-columns is-layout-flex wp-container-core-columns-is-layout-9d6595d7 wp-block-columns-is-layout-flex\">\n<div class=\"wp-block-column is-layout-flow wp-block-column-is-layout-flow\" style=\"flex-basis:75%\">\n<iframe loading=\"lazy\" width=\"1300\" height=\"502\" src=\"https:\/\/embed.windy.com\/embed2.html?lat=37.070&amp;lon=-3.441&amp;detailLat=37.070&amp;detailLon=-3.441&amp;width=1300&amp;height=502&amp;zoom=11&amp;level=surface&amp;overlay=rain&amp;product=ecmwf&amp;menu=&amp;message=&amp;marker=&amp;calendar=now&amp;pressure=&amp;type=map&amp;location=coordinates&amp;detail=&amp;metricWind=default&amp;metricTemp=default&amp;radarRange=-1\" frameborder=\"0\"><\/iframe>\n<\/div>\n\n\n\n<div class=\"wp-block-column is-layout-flow wp-block-column-is-layout-flow\" style=\"flex-basis:25%\">\n<a class=\"weatherwidget-io\" href=\"https:\/\/forecast7.com\/fr\/37d09n3d40\/sierra-nevada\/\" data-label_1=\"SIERRA NEVADA\" data-theme=\"original\">SIERRA NEVADA<\/a>\n<script>\n!function(d,s,id){var js,fjs=d.getElementsByTagName(s)[0];if(!d.getElementById(id)){js=d.createElement(s);js.id=id;js.src='https:\/\/weatherwidget.io\/js\/widget.min.js';fjs.parentNode.insertBefore(js,fjs);}}(document,'script','weatherwidget-io-js');\n<\/script>\n<\/div>\n<\/div>\n\n\n\n<h2 class=\"wp-block-heading\" id=\"fort-mahon-weather\"><strong>Le climat \u00e0 Sierra Nevada<\/strong><\/h2>\n\n\n\n<p>En raison de la situation montagneuse de la Sierra Nevada dans les r\u00e9gions subtropicales, il est difficile de d\u00e9terminer un climat unique, car les temp\u00e9ratures varient fortement avec l&rsquo;altitude. Plus on s&rsquo;\u00e9l\u00e8ve dans les montagnes, plus le climat est frais. Par exemple, Pradollano affiche des temp\u00e9ratures minimales inf\u00e9rieures \u00e0 z\u00e9ro degr\u00e9 Celsius de novembre \u00e0 avril, ce qui explique la formation de la neige. En \u00e9t\u00e9, les temp\u00e9ratures grimpent jusqu&rsquo;\u00e0 25 degr\u00e9s Celsius et les nuits restent fra\u00eeches. Pendant cette p\u00e9riode, on peut profiter de jusqu&rsquo;\u00e0 15 heures d&rsquo;ensoleillement, ce qui entra\u00eene des pr\u00e9cipitations d&rsquo;environ 25 millim\u00e8tres. Cette valeur augmente jusqu&rsquo;\u00e0 100 millim\u00e8tres pendant les mois d&rsquo;hiver.<\/p>\n\n\n\n<h2 class=\"wp-block-heading\"><strong>Attractions dans la Sierra Nevada<\/strong><\/h2>\n\n\n\n<p>La Sierra Nevada est connue pour ses sommets enneig\u00e9s, ce qui en fait une attraction pour le ski et les randonn\u00e9es en raquettes. Mais les mois plus ensoleill\u00e9s du printemps et de l&rsquo;\u00e9t\u00e9 sont \u00e9galement propices aux randonn\u00e9es dans les r\u00e9gions montagneuses, qui peuvent \u00eatre compl\u00e9t\u00e9es par des visites dans les c\u00e9l\u00e8bres villages blancs. Si vous ne trouvez pas d&rsquo;attraction dans les montagnes, vous pouvez \u00e9galement vous rendre dans les grandes villes de Grenade et d&rsquo;Almeria.<\/p>\n","protected":false},"excerpt":{"rendered":"<p>Webcam Sierra Nevada La Sierra Nevada est situ\u00e9e au sud de l&rsquo;Espagne, dans la r\u00e9gion d&rsquo;Andalousie. Faisant partie de la Cordill\u00e8re B\u00e9tique, c&rsquo;est la plus haute montagne de la p\u00e9ninsule ib\u00e9rique. Elle doit son nom au fait que la neige recouvre les montagnes entre les mois de novembre et mai, ce qui est surprenant en &#8230; <a title=\"Webcam Sierra Nevada\" class=\"read-more\" href=\"https:\/\/weather-radar-live.com\/fr\/webcam\/espagne\/webcam-sierra-nevada\/\" aria-label=\"En savoir plus sur Webcam Sierra Nevada\">Lire la suite<\/a><\/p>\n","protected":false},"author":1,"featured_media":5031,"parent":4348,"menu_order":0,"comment_status":"closed","ping_status":"closed","template":"","meta":{"footnotes":""},"class_list":["post-5088","page","type-page","status-publish","has-post-thumbnail"],"yoast_head":"<!-- This site is optimized with the Yoast SEO plugin v27.4 - https:\/\/yoast.com\/product\/yoast-seo-wordpress\/ -->\n<title>Webcam Sierra Nevada \u2192 Regardez-le en direct !<\/title>\n<meta name=\"description\" content=\"Webcam Sierra Nevada | Livecam de la Sierra Nevada ! \u2705 Mis \u00e0 jour pour vous en temps r\u00e9el ! \u2705 Pr\u00e9visions m\u00e9t\u00e9orologiques actuelles !\" \/>\n<meta name=\"robots\" content=\"index, follow, max-snippet:-1, max-image-preview:large, max-video-preview:-1\" \/>\n<link rel=\"canonical\" href=\"https:\/\/weather-radar-live.com\/fr\/webcam\/espagne\/webcam-sierra-nevada\/\" \/>\n<meta property=\"og:locale\" content=\"fr_FR\" \/>\n<meta property=\"og:type\" content=\"article\" \/>\n<meta property=\"og:title\" content=\"Webcam Sierra Nevada \u2192 Regardez-le en direct !\" \/>\n<meta property=\"og:description\" content=\"Webcam Sierra Nevada | Livecam de la Sierra Nevada ! \u2705 Mis \u00e0 jour pour vous en temps r\u00e9el ! \u2705 Pr\u00e9visions m\u00e9t\u00e9orologiques actuelles !\" \/>\n<meta property=\"og:url\" content=\"https:\/\/weather-radar-live.com\/fr\/webcam\/espagne\/webcam-sierra-nevada\/\" \/>\n<meta property=\"og:site_name\" content=\"weather-radar-live.com\" \/>\n<meta property=\"article:modified_time\" content=\"2022-08-03T07:25:23+00:00\" \/>\n<meta property=\"og:image\" content=\"https:\/\/weather-radar-live.com\/wp-content\/uploads\/2022\/07\/Webcam-Sierra-Nevada-e1658218397839.png\" \/>\n\t<meta property=\"og:image:width\" content=\"397\" \/>\n\t<meta property=\"og:image:height\" content=\"206\" \/>\n\t<meta property=\"og:image:type\" content=\"image\/png\" \/>\n<meta name=\"twitter:card\" content=\"summary_large_image\" \/>\n<meta name=\"twitter:label1\" content=\"Dur\u00e9e de lecture estim\u00e9e\" \/>\n\t<meta name=\"twitter:data1\" content=\"3 minutes\" \/>\n<script type=\"application\/ld+json\" class=\"yoast-schema-graph\">{\"@context\":\"https:\\\/\\\/schema.org\",\"@graph\":[{\"@type\":\"WebPage\",\"@id\":\"https:\\\/\\\/weather-radar-live.com\\\/fr\\\/webcam\\\/espagne\\\/webcam-sierra-nevada\\\/\",\"url\":\"https:\\\/\\\/weather-radar-live.com\\\/fr\\\/webcam\\\/espagne\\\/webcam-sierra-nevada\\\/\",\"name\":\"Webcam Sierra Nevada \u2192 Regardez-le en direct !\",\"isPartOf\":{\"@id\":\"https:\\\/\\\/weather-radar-live.com\\\/#website\"},\"primaryImageOfPage\":{\"@id\":\"https:\\\/\\\/weather-radar-live.com\\\/fr\\\/webcam\\\/espagne\\\/webcam-sierra-nevada\\\/#primaryimage\"},\"image\":{\"@id\":\"https:\\\/\\\/weather-radar-live.com\\\/fr\\\/webcam\\\/espagne\\\/webcam-sierra-nevada\\\/#primaryimage\"},\"thumbnailUrl\":\"https:\\\/\\\/weather-radar-live.com\\\/wp-content\\\/uploads\\\/2022\\\/07\\\/Webcam-Sierra-Nevada-e1658218397839.png\",\"datePublished\":\"2022-07-19T13:44:22+00:00\",\"dateModified\":\"2022-08-03T07:25:23+00:00\",\"description\":\"Webcam Sierra Nevada | Livecam de la Sierra Nevada ! \u2705 Mis \u00e0 jour pour vous en temps r\u00e9el ! \u2705 Pr\u00e9visions m\u00e9t\u00e9orologiques actuelles !\",\"breadcrumb\":{\"@id\":\"https:\\\/\\\/weather-radar-live.com\\\/fr\\\/webcam\\\/espagne\\\/webcam-sierra-nevada\\\/#breadcrumb\"},\"inLanguage\":\"fr-FR\",\"potentialAction\":[{\"@type\":\"ReadAction\",\"target\":[\"https:\\\/\\\/weather-radar-live.com\\\/fr\\\/webcam\\\/espagne\\\/webcam-sierra-nevada\\\/\"]}]},{\"@type\":\"ImageObject\",\"inLanguage\":\"fr-FR\",\"@id\":\"https:\\\/\\\/weather-radar-live.com\\\/fr\\\/webcam\\\/espagne\\\/webcam-sierra-nevada\\\/#primaryimage\",\"url\":\"https:\\\/\\\/weather-radar-live.com\\\/wp-content\\\/uploads\\\/2022\\\/07\\\/Webcam-Sierra-Nevada-e1658218397839.png\",\"contentUrl\":\"https:\\\/\\\/weather-radar-live.com\\\/wp-content\\\/uploads\\\/2022\\\/07\\\/Webcam-Sierra-Nevada-e1658218397839.png\",\"width\":397,\"height\":206,\"caption\":\"Webcam Sierra Nevada\"},{\"@type\":\"BreadcrumbList\",\"@id\":\"https:\\\/\\\/weather-radar-live.com\\\/fr\\\/webcam\\\/espagne\\\/webcam-sierra-nevada\\\/#breadcrumb\",\"itemListElement\":[{\"@type\":\"ListItem\",\"position\":1,\"name\":\"Weather Radar Live\",\"item\":\"https:\\\/\\\/weather-radar-live.com\\\/fr\\\/\"},{\"@type\":\"ListItem\",\"position\":2,\"name\":\"Webcam\",\"item\":\"https:\\\/\\\/weather-radar-live.com\\\/fr\\\/webcam\\\/\"},{\"@type\":\"ListItem\",\"position\":3,\"name\":\"Espagne\",\"item\":\"https:\\\/\\\/weather-radar-live.com\\\/fr\\\/webcam\\\/espagne\\\/\"},{\"@type\":\"ListItem\",\"position\":4,\"name\":\"Webcam Sierra Nevada\"}]},{\"@type\":\"WebSite\",\"@id\":\"https:\\\/\\\/weather-radar-live.com\\\/#website\",\"url\":\"https:\\\/\\\/weather-radar-live.com\\\/\",\"name\":\"weather-radar-live.com\",\"description\":\"Your weather and sky radar.\",\"publisher\":{\"@id\":\"https:\\\/\\\/weather-radar-live.com\\\/#organization\"},\"potentialAction\":[{\"@type\":\"SearchAction\",\"target\":{\"@type\":\"EntryPoint\",\"urlTemplate\":\"https:\\\/\\\/weather-radar-live.com\\\/?s={search_term_string}\"},\"query-input\":{\"@type\":\"PropertyValueSpecification\",\"valueRequired\":true,\"valueName\":\"search_term_string\"}}],\"inLanguage\":\"fr-FR\"},{\"@type\":\"Organization\",\"@id\":\"https:\\\/\\\/weather-radar-live.com\\\/#organization\",\"name\":\"weather-radar-live.com\",\"url\":\"https:\\\/\\\/weather-radar-live.com\\\/\",\"logo\":{\"@type\":\"ImageObject\",\"inLanguage\":\"fr-FR\",\"@id\":\"https:\\\/\\\/weather-radar-live.com\\\/#\\\/schema\\\/logo\\\/image\\\/\",\"url\":\"https:\\\/\\\/weather-radar-live.com\\\/wp-content\\\/uploads\\\/2022\\\/03\\\/cropped-WRL2503.png\",\"contentUrl\":\"https:\\\/\\\/weather-radar-live.com\\\/wp-content\\\/uploads\\\/2022\\\/03\\\/cropped-WRL2503.png\",\"width\":1920,\"height\":555,\"caption\":\"weather-radar-live.com\"},\"image\":{\"@id\":\"https:\\\/\\\/weather-radar-live.com\\\/#\\\/schema\\\/logo\\\/image\\\/\"}}]}<\/script>\n<!-- \/ Yoast SEO plugin. -->","yoast_head_json":{"title":"Webcam Sierra Nevada \u2192 Regardez-le en direct !","description":"Webcam Sierra Nevada | Livecam de la Sierra Nevada ! \u2705 Mis \u00e0 jour pour vous en temps r\u00e9el ! \u2705 Pr\u00e9visions m\u00e9t\u00e9orologiques actuelles !","robots":{"index":"index","follow":"follow","max-snippet":"max-snippet:-1","max-image-preview":"max-image-preview:large","max-video-preview":"max-video-preview:-1"},"canonical":"https:\/\/weather-radar-live.com\/fr\/webcam\/espagne\/webcam-sierra-nevada\/","og_locale":"fr_FR","og_type":"article","og_title":"Webcam Sierra Nevada \u2192 Regardez-le en direct !","og_description":"Webcam Sierra Nevada | Livecam de la Sierra Nevada ! \u2705 Mis \u00e0 jour pour vous en temps r\u00e9el ! \u2705 Pr\u00e9visions m\u00e9t\u00e9orologiques actuelles !","og_url":"https:\/\/weather-radar-live.com\/fr\/webcam\/espagne\/webcam-sierra-nevada\/","og_site_name":"weather-radar-live.com","article_modified_time":"2022-08-03T07:25:23+00:00","og_image":[{"width":397,"height":206,"url":"https:\/\/weather-radar-live.com\/wp-content\/uploads\/2022\/07\/Webcam-Sierra-Nevada-e1658218397839.png","type":"image\/png"}],"twitter_card":"summary_large_image","twitter_misc":{"Dur\u00e9e de lecture estim\u00e9e":"3 minutes"},"schema":{"@context":"https:\/\/schema.org","@graph":[{"@type":"WebPage","@id":"https:\/\/weather-radar-live.com\/fr\/webcam\/espagne\/webcam-sierra-nevada\/","url":"https:\/\/weather-radar-live.com\/fr\/webcam\/espagne\/webcam-sierra-nevada\/","name":"Webcam Sierra Nevada \u2192 Regardez-le en direct !","isPartOf":{"@id":"https:\/\/weather-radar-live.com\/#website"},"primaryImageOfPage":{"@id":"https:\/\/weather-radar-live.com\/fr\/webcam\/espagne\/webcam-sierra-nevada\/#primaryimage"},"image":{"@id":"https:\/\/weather-radar-live.com\/fr\/webcam\/espagne\/webcam-sierra-nevada\/#primaryimage"},"thumbnailUrl":"https:\/\/weather-radar-live.com\/wp-content\/uploads\/2022\/07\/Webcam-Sierra-Nevada-e1658218397839.png","datePublished":"2022-07-19T13:44:22+00:00","dateModified":"2022-08-03T07:25:23+00:00","description":"Webcam Sierra Nevada | Livecam de la Sierra Nevada ! \u2705 Mis \u00e0 jour pour vous en temps r\u00e9el ! \u2705 Pr\u00e9visions m\u00e9t\u00e9orologiques actuelles !","breadcrumb":{"@id":"https:\/\/weather-radar-live.com\/fr\/webcam\/espagne\/webcam-sierra-nevada\/#breadcrumb"},"inLanguage":"fr-FR","potentialAction":[{"@type":"ReadAction","target":["https:\/\/weather-radar-live.com\/fr\/webcam\/espagne\/webcam-sierra-nevada\/"]}]},{"@type":"ImageObject","inLanguage":"fr-FR","@id":"https:\/\/weather-radar-live.com\/fr\/webcam\/espagne\/webcam-sierra-nevada\/#primaryimage","url":"https:\/\/weather-radar-live.com\/wp-content\/uploads\/2022\/07\/Webcam-Sierra-Nevada-e1658218397839.png","contentUrl":"https:\/\/weather-radar-live.com\/wp-content\/uploads\/2022\/07\/Webcam-Sierra-Nevada-e1658218397839.png","width":397,"height":206,"caption":"Webcam Sierra Nevada"},{"@type":"BreadcrumbList","@id":"https:\/\/weather-radar-live.com\/fr\/webcam\/espagne\/webcam-sierra-nevada\/#breadcrumb","itemListElement":[{"@type":"ListItem","position":1,"name":"Weather Radar Live","item":"https:\/\/weather-radar-live.com\/fr\/"},{"@type":"ListItem","position":2,"name":"Webcam","item":"https:\/\/weather-radar-live.com\/fr\/webcam\/"},{"@type":"ListItem","position":3,"name":"Espagne","item":"https:\/\/weather-radar-live.com\/fr\/webcam\/espagne\/"},{"@type":"ListItem","position":4,"name":"Webcam Sierra Nevada"}]},{"@type":"WebSite","@id":"https:\/\/weather-radar-live.com\/#website","url":"https:\/\/weather-radar-live.com\/","name":"weather-radar-live.com","description":"Your weather and sky radar.","publisher":{"@id":"https:\/\/weather-radar-live.com\/#organization"},"potentialAction":[{"@type":"SearchAction","target":{"@type":"EntryPoint","urlTemplate":"https:\/\/weather-radar-live.com\/?s={search_term_string}"},"query-input":{"@type":"PropertyValueSpecification","valueRequired":true,"valueName":"search_term_string"}}],"inLanguage":"fr-FR"},{"@type":"Organization","@id":"https:\/\/weather-radar-live.com\/#organization","name":"weather-radar-live.com","url":"https:\/\/weather-radar-live.com\/","logo":{"@type":"ImageObject","inLanguage":"fr-FR","@id":"https:\/\/weather-radar-live.com\/#\/schema\/logo\/image\/","url":"https:\/\/weather-radar-live.com\/wp-content\/uploads\/2022\/03\/cropped-WRL2503.png","contentUrl":"https:\/\/weather-radar-live.com\/wp-content\/uploads\/2022\/03\/cropped-WRL2503.png","width":1920,"height":555,"caption":"weather-radar-live.com"},"image":{"@id":"https:\/\/weather-radar-live.com\/#\/schema\/logo\/image\/"}}]}},"_links":{"self":[{"href":"https:\/\/weather-radar-live.com\/fr\/wp-json\/wp\/v2\/pages\/5088","targetHints":{"allow":["GET"]}}],"collection":[{"href":"https:\/\/weather-radar-live.com\/fr\/wp-json\/wp\/v2\/pages"}],"about":[{"href":"https:\/\/weather-radar-live.com\/fr\/wp-json\/wp\/v2\/types\/page"}],"author":[{"embeddable":true,"href":"https:\/\/weather-radar-live.com\/fr\/wp-json\/wp\/v2\/users\/1"}],"replies":[{"embeddable":true,"href":"https:\/\/weather-radar-live.com\/fr\/wp-json\/wp\/v2\/comments?post=5088"}],"version-history":[{"count":3,"href":"https:\/\/weather-radar-live.com\/fr\/wp-json\/wp\/v2\/pages\/5088\/revisions"}],"predecessor-version":[{"id":6096,"href":"https:\/\/weather-radar-live.com\/fr\/wp-json\/wp\/v2\/pages\/5088\/revisions\/6096"}],"up":[{"embeddable":true,"href":"https:\/\/weather-radar-live.com\/fr\/wp-json\/wp\/v2\/pages\/4348"}],"wp:featuredmedia":[{"embeddable":true,"href":"https:\/\/weather-radar-live.com\/fr\/wp-json\/wp\/v2\/media\/5031"}],"wp:attachment":[{"href":"https:\/\/weather-radar-live.com\/fr\/wp-json\/wp\/v2\/media?parent=5088"}],"curies":[{"name":"wp","href":"https:\/\/api.w.org\/{rel}","templated":true}]}}