{"id":4699,"date":"2022-07-18T17:12:16","date_gmt":"2022-07-18T15:12:16","guid":{"rendered":"https:\/\/weather-radar-live.com\/?page_id=4699"},"modified":"2022-07-19T07:39:29","modified_gmt":"2022-07-19T05:39:29","slug":"webcam-peniscola","status":"publish","type":"page","link":"https:\/\/weather-radar-live.com\/fr\/webcam\/espagne\/webcam-peniscola\/","title":{"rendered":"Webcam Pe\u00f1iscola"},"content":{"rendered":"<div id=\"weath-505878878\" class=\"weath-vor-dem-inhalt weath-entity-placement\" style=\"margin-top: 15px;margin-right: 25px;margin-bottom: 40px;margin-left: 25px;\"><script async src=\"\/\/pagead2.googlesyndication.com\/pagead\/js\/adsbygoogle.js?client=ca-pub-8960936133935804\" crossorigin=\"anonymous\"><\/script><ins class=\"adsbygoogle\" style=\"display:block;\" data-ad-client=\"ca-pub-8960936133935804\" \ndata-ad-slot=\"6172817020\" \ndata-ad-format=\"auto\"><\/ins>\n<script> \n(adsbygoogle = window.adsbygoogle || []).push({}); \n<\/script>\n<\/div>\n<div class=\"wp-block-cover alignfull is-light\"><span aria-hidden=\"true\" class=\"wp-block-cover__gradient-background has-background-dim\"><\/span><img decoding=\"async\" class=\"wp-block-cover__image-background wp-image-342\" alt=\"Webcam Pe\u00f1iscola\" src=\"https:\/\/weather-radar-live.com\/wp-content\/uploads\/2021\/06\/sam-schooler-E9aetBe2w40-unsplash-e1622554814366.jpg\" data-object-fit=\"cover\"\/><div class=\"wp-block-cover__inner-container is-layout-flow wp-block-cover-is-layout-flow\">\n<h2 class=\"has-text-align-center heading wp-block-heading\" id=\"webcam-fort-mahon\" style=\"font-size:40px\"><strong><mark style=\"background-color:rgba(0, 0, 0, 0)\" class=\"has-inline-color has-base-3-color\">WEBCAM <\/mark><\/strong><br><strong><mark style=\"background-color:rgba(0, 0, 0, 0)\" class=\"has-inline-color has-base-3-color\">PE\u00d1ISCOLA<\/mark><\/strong><\/h2>\n<\/div><\/div>\n\n\n<div class=\"yoast-breadcrumbs\"><span><span><a href=\"https:\/\/weather-radar-live.com\/fr\/\">Weather Radar Live<\/a><\/span> \u00bb <span><a href=\"https:\/\/weather-radar-live.com\/fr\/webcam\/\">Webcam<\/a><\/span> \u00bb <span><a href=\"https:\/\/weather-radar-live.com\/fr\/webcam\/espagne\/\">Espagne<\/a><\/span> \u00bb <span class=\"breadcrumb_last\" aria-current=\"page\"><strong>Webcam Pe\u00f1iscola<\/strong><\/span><\/span><\/div>\n\n\n<h2 class=\"has-text-align-center wp-block-heading\" id=\"webcam-fort-mahon\"><strong>Webcam Pe\u00f1iscola<\/strong><\/h2>\n\n\n\n<p>La ville c\u00f4ti\u00e8re espagnole de Pe\u00f1iscola, avec ses 8.000 habitants, se trouve dans la province de Castell\u00f3n, au nord de Valence. La vieille ville de la localit\u00e9 est perch\u00e9e de mani\u00e8re pittoresque sur un rocher de 64 m\u00e8tres de haut dans la mer, au sommet duquel se trouve un ancien ch\u00e2teau. Celui-ci a \u00e9t\u00e9 construit entre 1294 et 1307 par l&rsquo;ordre des Templiers. Gr\u00e2ce \u00e0 notre webcam Pe\u00f1iscola, laissez-vous impressionner par le charme unique de la vieille ville historique et partez \u00e0 la d\u00e9couverte des ruelles \u00e9troites de la ville.<\/p>\n\n\n\n<p>En contrebas du ch\u00e2teau, de hautes maisons blanches s&rsquo;enroulent autour de la falaise et forment le centre historique de Pe\u00f1iscola, entour\u00e9 d&rsquo;\u00e9pais remparts. En contraste, les avenues et les rues r\u00e9cemment construites du quartier touristique de la ville.<\/p><div id=\"weath-4170068880\" class=\"weath-inhalt_2 weath-entity-placement\" style=\"margin-top: 15px;margin-right: 25px;margin-bottom: 35px;margin-left: 25px;\"><script async src=\"\/\/pagead2.googlesyndication.com\/pagead\/js\/adsbygoogle.js?client=ca-pub-8960936133935804\" crossorigin=\"anonymous\"><\/script><ins class=\"adsbygoogle\" style=\"display:block;\" data-ad-client=\"ca-pub-8960936133935804\" \ndata-ad-slot=\"1963584050\" \ndata-ad-format=\"auto\"><\/ins>\n<script> \n(adsbygoogle = window.adsbygoogle || []).push({}); \n<\/script>\n<\/div>\n\n\n\n<div class=\"wp-block-columns is-layout-flex wp-container-core-columns-is-layout-9d6595d7 wp-block-columns-is-layout-flex\">\n<div class=\"wp-block-column webcam-column is-layout-flow wp-block-column-is-layout-flow\">\n<h3 class=\"has-text-align-center live-emoji wp-block-heading\">\ud83d\udd34 <strong>Webcam Pe\u00f1iscola<\/strong> plage <\/h3>\n\n\n\n<a name=\"windy-webcam-timelapse-player\" data-id=\"1206064909\" data-play=\"day\" href=\"https:\/\/windy.com\/webcams\/1206064909\" target=\"_blank\" rel=\"noopener\">Peniscola<\/a><script async=\"\" type=\"text\/javascript\" src=\"https:\/\/webcams.windy.com\/webcams\/public\/embed\/script\/player.js\"><\/script>\n<\/div>\n<\/div>\n\n\n\n<h3 class=\"has-text-align-center live-emoji wp-block-heading\"> \ud83d\udd34 <strong>Webcam<\/strong> Ch\u00e2teau <strong> <strong>de Pe\u00f1iscola<\/strong><\/strong> <\/h3>\n\n\n\n<a name=\"windy-webcam-timelapse-player\" data-id=\"1629234914\" data-play=\"day\" href=\"https:\/\/windy.com\/webcams\/1629234914\" target=\"_blank\" rel=\"noopener\">Peniscola : Ch\u00e2teau de Peniscola<\/a><script async=\"\" type=\"text\/javascript\" src=\"https:\/\/webcams.windy.com\/webcams\/public\/embed\/script\/player.js\"><\/script>\n\n\n\n<h2 class=\"wp-block-heading\" id=\"fort-mahon-today\"><strong>Radar m\u00e9t\u00e9orologique de Pe\u00f1iscola &#8211; Le temps \u00e0 Pe\u00f1iscola<\/strong><\/h2>\n\n\n\n<p>Tenez-vous au courant de la m\u00e9t\u00e9o actuelle de cette petite ville c\u00f4ti\u00e8re en temps r\u00e9el gr\u00e2ce \u00e0 notre webcam Pe\u00f1iscola. Vous trouverez d&rsquo;autres informations importantes sur le temps qu&rsquo;il fait \u00e0 Pe\u00f1iscola dans notre radar m\u00e9t\u00e9orologique. Celui-ci ne contient pas seulement les pr\u00e9visions m\u00e9t\u00e9orologiques actuelles de la ville, mais vous informe \u00e9galement sur les zones de pr\u00e9cipitations. Les zones de pr\u00e9cipitations sont repr\u00e9sent\u00e9es par des couleurs diff\u00e9rentes en fonction de leur intensit\u00e9. Les zones bleues et vertes repr\u00e9sentent les zones de faibles pr\u00e9cipitations. Les zones violettes et rouges indiquent en revanche de fortes pr\u00e9cipitations avec un potentiel d&rsquo;intemp\u00e9ries. Les orages sont \u00e9galement signal\u00e9s par de petites ic\u00f4nes d&rsquo;\u00e9clair sur le radar m\u00e9t\u00e9orologique. Ainsi, gr\u00e2ce \u00e0 notre webcam et \u00e0 notre radar m\u00e9t\u00e9orologique, vous \u00eates toujours au courant des conditions m\u00e9t\u00e9orologiques actuelles \u00e0 Pe\u00f1iscola.<\/p>\n\n\n\n<div class=\"wp-block-columns is-layout-flex wp-container-core-columns-is-layout-9d6595d7 wp-block-columns-is-layout-flex\">\n<div class=\"wp-block-column is-layout-flow wp-block-column-is-layout-flow\" style=\"flex-basis:75%\">\n<iframe loading=\"lazy\" width=\"1300\" height=\"502\" src=\"https:\/\/embed.windy.com\/embed2.html?lat=40.365&amp;lon=0.378&amp;detailLat=40.365&amp;detailLon=0.378&amp;width=1300&amp;height=502&amp;zoom=11&amp;level=surface&amp;overlay=rain&amp;product=ecmwf&amp;menu=&amp;message=&amp;marker=&amp;calendar=now&amp;pressure=&amp;type=map&amp;location=coordinates&amp;detail=&amp;metricWind=default&amp;metricTemp=default&amp;radarRange=-1\" frameborder=\"0\"><\/iframe>\n<\/div>\n\n\n\n<div class=\"wp-block-column is-layout-flow wp-block-column-is-layout-flow\" style=\"flex-basis:25%\">\n<a class=\"weatherwidget-io\" href=\"https:\/\/forecast7.com\/fr\/40d370d39\/peniscola\/\" data-label_1=\"PENISCOLA\" data-theme=\"original\">PENISCOLA<\/a>\n<script>\n!function(d,s,id){var js,fjs=d.getElementsByTagName(s)[0];if(!d.getElementById(id)){js=d.createElement(s);js.id=id;js.src='https:\/\/weatherwidget.io\/js\/widget.min.js';fjs.parentNode.insertBefore(js,fjs);}}(document,'script','weatherwidget-io-js');\n<\/script>\n<\/div>\n<\/div>\n\n\n\n<h2 class=\"wp-block-heading\" id=\"fort-mahon-weather\"><strong>Le climat \u00e0 Pe\u00f1iscola<\/strong><\/h2>\n\n\n\n<p>Le climat de la ville espagnole de Pe\u00f1iscola est de type m\u00e9diterran\u00e9en. La temp\u00e9rature moyenne annuelle y est de 20 \u00b0C, avec des \u00e9t\u00e9s chauds et secs et des hivers doux. Les temp\u00e9ratures les plus \u00e9lev\u00e9es sont en moyenne de 28 \u00b0C en juillet et chutent en hiver \u00e0 une moyenne de 13 \u00b0C en janvier. En g\u00e9n\u00e9ral, Pe\u00f1iscola est tr\u00e8s ensoleill\u00e9e et s\u00e8che, avec environ 300 jours de soleil, ce qui fait que les pr\u00e9cipitations annuelles sont en moyenne de 219 mm.<\/p>\n\n\n\n<h2 class=\"wp-block-heading\"><strong>Attractions \u00e0 Pe\u00f1iscola<\/strong><\/h2>\n\n\n\n<p>Partez \u00e0 la d\u00e9couverte du centre historique de Pe\u00f1iscola. Outre l&rsquo;\u00e9glise paroissiale Santa Maria et la chapelle Virgen de la Ermitana, de nombreux restaurants et boutiques de souvenirs vous attendent dans les ruelles \u00e9troites. Les longues plages de sable entourant la ville vous permettront de vous d\u00e9tendre et de vous rafra\u00eechir dans la M\u00e9diterran\u00e9e. Au sud de Pe\u00f1iscola, le parc naturel de la Sierra de Irta offre un paysage diff\u00e9rent de la ville c\u00f4ti\u00e8re dens\u00e9ment peupl\u00e9e. Il s&rsquo;agit de l&rsquo;une des rares zones c\u00f4ti\u00e8res de la r\u00e9gion \u00e0 \u00eatre rest\u00e9e naturelle. Nous vous recommandons \u00e9galement l&rsquo;arri\u00e8re-pays montagneux d&rsquo;El Maestrat, qui vous offre une nature magnifique et de petits villages \u00e0 l&rsquo;atmosph\u00e8re rurale.<\/p>\n","protected":false},"excerpt":{"rendered":"<p>Webcam Pe\u00f1iscola La ville c\u00f4ti\u00e8re espagnole de Pe\u00f1iscola, avec ses 8.000 habitants, se trouve dans la province de Castell\u00f3n, au nord de Valence. La vieille ville de la localit\u00e9 est perch\u00e9e de mani\u00e8re pittoresque sur un rocher de 64 m\u00e8tres de haut dans la mer, au sommet duquel se trouve un ancien ch\u00e2teau. Celui-ci a &#8230; <a title=\"Webcam Pe\u00f1iscola\" class=\"read-more\" href=\"https:\/\/weather-radar-live.com\/fr\/webcam\/espagne\/webcam-peniscola\/\" aria-label=\"En savoir plus sur Webcam Pe\u00f1iscola\">Lire la suite<\/a><\/p>\n","protected":false},"author":1,"featured_media":4997,"parent":4348,"menu_order":0,"comment_status":"closed","ping_status":"closed","template":"","meta":{"footnotes":""},"class_list":["post-4699","page","type-page","status-publish","has-post-thumbnail"],"yoast_head":"<!-- This site is optimized with the Yoast SEO plugin v27.5 - https:\/\/yoast.com\/product\/yoast-seo-wordpress\/ -->\n<title>Webcam Pe\u00f1iscola \u2192 Regardez-le en direct !<\/title>\n<meta name=\"description\" content=\"Webcam Pe\u00f1iscola | Livecam de Pe\u00f1iscola ! \u2705 Mis \u00e0 jour pour vous en temps r\u00e9el ! \u2705 Pr\u00e9visions m\u00e9t\u00e9orologiques actuelles !\" \/>\n<meta name=\"robots\" content=\"index, follow, max-snippet:-1, max-image-preview:large, max-video-preview:-1\" \/>\n<link rel=\"canonical\" href=\"https:\/\/weather-radar-live.com\/fr\/webcam\/espagne\/webcam-peniscola\/\" \/>\n<meta property=\"og:locale\" content=\"fr_FR\" \/>\n<meta property=\"og:type\" content=\"article\" \/>\n<meta property=\"og:title\" content=\"Webcam Pe\u00f1iscola \u2192 Regardez-le en direct !\" \/>\n<meta property=\"og:description\" content=\"Webcam Pe\u00f1iscola | Livecam de Pe\u00f1iscola ! \u2705 Mis \u00e0 jour pour vous en temps r\u00e9el ! \u2705 Pr\u00e9visions m\u00e9t\u00e9orologiques actuelles !\" \/>\n<meta property=\"og:url\" content=\"https:\/\/weather-radar-live.com\/fr\/webcam\/espagne\/webcam-peniscola\/\" \/>\n<meta property=\"og:site_name\" content=\"weather-radar-live.com\" \/>\n<meta property=\"article:modified_time\" content=\"2022-07-19T05:39:29+00:00\" \/>\n<meta property=\"og:image\" content=\"https:\/\/weather-radar-live.com\/wp-content\/uploads\/2021\/06\/sam-schooler-E9aetBe2w40-unsplash-e1622554814366.jpg\" \/>\n<meta name=\"twitter:card\" content=\"summary_large_image\" \/>\n<meta name=\"twitter:label1\" content=\"Dur\u00e9e de lecture estim\u00e9e\" \/>\n\t<meta name=\"twitter:data1\" content=\"3 minutes\" \/>\n<script type=\"application\/ld+json\" class=\"yoast-schema-graph\">{\"@context\":\"https:\\\/\\\/schema.org\",\"@graph\":[{\"@type\":\"WebPage\",\"@id\":\"https:\\\/\\\/weather-radar-live.com\\\/fr\\\/webcam\\\/espagne\\\/webcam-peniscola\\\/\",\"url\":\"https:\\\/\\\/weather-radar-live.com\\\/fr\\\/webcam\\\/espagne\\\/webcam-peniscola\\\/\",\"name\":\"Webcam Pe\u00f1iscola \u2192 Regardez-le en direct !\",\"isPartOf\":{\"@id\":\"https:\\\/\\\/weather-radar-live.com\\\/#website\"},\"primaryImageOfPage\":{\"@id\":\"https:\\\/\\\/weather-radar-live.com\\\/fr\\\/webcam\\\/espagne\\\/webcam-peniscola\\\/#primaryimage\"},\"image\":{\"@id\":\"https:\\\/\\\/weather-radar-live.com\\\/fr\\\/webcam\\\/espagne\\\/webcam-peniscola\\\/#primaryimage\"},\"thumbnailUrl\":\"https:\\\/\\\/weather-radar-live.com\\\/wp-content\\\/uploads\\\/2022\\\/07\\\/Webcam-Peniscola-e1658218266492.png\",\"datePublished\":\"2022-07-18T15:12:16+00:00\",\"dateModified\":\"2022-07-19T05:39:29+00:00\",\"description\":\"Webcam Pe\u00f1iscola | Livecam de Pe\u00f1iscola ! \u2705 Mis \u00e0 jour pour vous en temps r\u00e9el ! \u2705 Pr\u00e9visions m\u00e9t\u00e9orologiques actuelles !\",\"breadcrumb\":{\"@id\":\"https:\\\/\\\/weather-radar-live.com\\\/fr\\\/webcam\\\/espagne\\\/webcam-peniscola\\\/#breadcrumb\"},\"inLanguage\":\"fr-FR\",\"potentialAction\":[{\"@type\":\"ReadAction\",\"target\":[\"https:\\\/\\\/weather-radar-live.com\\\/fr\\\/webcam\\\/espagne\\\/webcam-peniscola\\\/\"]}]},{\"@type\":\"ImageObject\",\"inLanguage\":\"fr-FR\",\"@id\":\"https:\\\/\\\/weather-radar-live.com\\\/fr\\\/webcam\\\/espagne\\\/webcam-peniscola\\\/#primaryimage\",\"url\":\"https:\\\/\\\/weather-radar-live.com\\\/wp-content\\\/uploads\\\/2022\\\/07\\\/Webcam-Peniscola-e1658218266492.png\",\"contentUrl\":\"https:\\\/\\\/weather-radar-live.com\\\/wp-content\\\/uploads\\\/2022\\\/07\\\/Webcam-Peniscola-e1658218266492.png\",\"width\":838,\"height\":527,\"caption\":\"Webcam Peniscola\"},{\"@type\":\"BreadcrumbList\",\"@id\":\"https:\\\/\\\/weather-radar-live.com\\\/fr\\\/webcam\\\/espagne\\\/webcam-peniscola\\\/#breadcrumb\",\"itemListElement\":[{\"@type\":\"ListItem\",\"position\":1,\"name\":\"Weather Radar Live\",\"item\":\"https:\\\/\\\/weather-radar-live.com\\\/fr\\\/\"},{\"@type\":\"ListItem\",\"position\":2,\"name\":\"Webcam\",\"item\":\"https:\\\/\\\/weather-radar-live.com\\\/fr\\\/webcam\\\/\"},{\"@type\":\"ListItem\",\"position\":3,\"name\":\"Espagne\",\"item\":\"https:\\\/\\\/weather-radar-live.com\\\/fr\\\/webcam\\\/espagne\\\/\"},{\"@type\":\"ListItem\",\"position\":4,\"name\":\"Webcam Pe\u00f1iscola\"}]},{\"@type\":\"WebSite\",\"@id\":\"https:\\\/\\\/weather-radar-live.com\\\/#website\",\"url\":\"https:\\\/\\\/weather-radar-live.com\\\/\",\"name\":\"weather-radar-live.com\",\"description\":\"Your weather and sky radar.\",\"publisher\":{\"@id\":\"https:\\\/\\\/weather-radar-live.com\\\/#organization\"},\"potentialAction\":[{\"@type\":\"SearchAction\",\"target\":{\"@type\":\"EntryPoint\",\"urlTemplate\":\"https:\\\/\\\/weather-radar-live.com\\\/?s={search_term_string}\"},\"query-input\":{\"@type\":\"PropertyValueSpecification\",\"valueRequired\":true,\"valueName\":\"search_term_string\"}}],\"inLanguage\":\"fr-FR\"},{\"@type\":\"Organization\",\"@id\":\"https:\\\/\\\/weather-radar-live.com\\\/#organization\",\"name\":\"weather-radar-live.com\",\"url\":\"https:\\\/\\\/weather-radar-live.com\\\/\",\"logo\":{\"@type\":\"ImageObject\",\"inLanguage\":\"fr-FR\",\"@id\":\"https:\\\/\\\/weather-radar-live.com\\\/#\\\/schema\\\/logo\\\/image\\\/\",\"url\":\"https:\\\/\\\/weather-radar-live.com\\\/wp-content\\\/uploads\\\/2022\\\/03\\\/cropped-WRL2503.png\",\"contentUrl\":\"https:\\\/\\\/weather-radar-live.com\\\/wp-content\\\/uploads\\\/2022\\\/03\\\/cropped-WRL2503.png\",\"width\":1920,\"height\":555,\"caption\":\"weather-radar-live.com\"},\"image\":{\"@id\":\"https:\\\/\\\/weather-radar-live.com\\\/#\\\/schema\\\/logo\\\/image\\\/\"}}]}<\/script>\n<!-- \/ Yoast SEO plugin. -->","yoast_head_json":{"title":"Webcam Pe\u00f1iscola \u2192 Regardez-le en direct !","description":"Webcam Pe\u00f1iscola | Livecam de Pe\u00f1iscola ! \u2705 Mis \u00e0 jour pour vous en temps r\u00e9el ! \u2705 Pr\u00e9visions m\u00e9t\u00e9orologiques actuelles !","robots":{"index":"index","follow":"follow","max-snippet":"max-snippet:-1","max-image-preview":"max-image-preview:large","max-video-preview":"max-video-preview:-1"},"canonical":"https:\/\/weather-radar-live.com\/fr\/webcam\/espagne\/webcam-peniscola\/","og_locale":"fr_FR","og_type":"article","og_title":"Webcam Pe\u00f1iscola \u2192 Regardez-le en direct !","og_description":"Webcam Pe\u00f1iscola | Livecam de Pe\u00f1iscola ! \u2705 Mis \u00e0 jour pour vous en temps r\u00e9el ! \u2705 Pr\u00e9visions m\u00e9t\u00e9orologiques actuelles !","og_url":"https:\/\/weather-radar-live.com\/fr\/webcam\/espagne\/webcam-peniscola\/","og_site_name":"weather-radar-live.com","article_modified_time":"2022-07-19T05:39:29+00:00","og_image":[{"url":"https:\/\/weather-radar-live.com\/wp-content\/uploads\/2021\/06\/sam-schooler-E9aetBe2w40-unsplash-e1622554814366.jpg","type":"","width":"","height":""}],"twitter_card":"summary_large_image","twitter_misc":{"Dur\u00e9e de lecture estim\u00e9e":"3 minutes"},"schema":{"@context":"https:\/\/schema.org","@graph":[{"@type":"WebPage","@id":"https:\/\/weather-radar-live.com\/fr\/webcam\/espagne\/webcam-peniscola\/","url":"https:\/\/weather-radar-live.com\/fr\/webcam\/espagne\/webcam-peniscola\/","name":"Webcam Pe\u00f1iscola \u2192 Regardez-le en direct !","isPartOf":{"@id":"https:\/\/weather-radar-live.com\/#website"},"primaryImageOfPage":{"@id":"https:\/\/weather-radar-live.com\/fr\/webcam\/espagne\/webcam-peniscola\/#primaryimage"},"image":{"@id":"https:\/\/weather-radar-live.com\/fr\/webcam\/espagne\/webcam-peniscola\/#primaryimage"},"thumbnailUrl":"https:\/\/weather-radar-live.com\/wp-content\/uploads\/2022\/07\/Webcam-Peniscola-e1658218266492.png","datePublished":"2022-07-18T15:12:16+00:00","dateModified":"2022-07-19T05:39:29+00:00","description":"Webcam Pe\u00f1iscola | Livecam de Pe\u00f1iscola ! \u2705 Mis \u00e0 jour pour vous en temps r\u00e9el ! \u2705 Pr\u00e9visions m\u00e9t\u00e9orologiques actuelles !","breadcrumb":{"@id":"https:\/\/weather-radar-live.com\/fr\/webcam\/espagne\/webcam-peniscola\/#breadcrumb"},"inLanguage":"fr-FR","potentialAction":[{"@type":"ReadAction","target":["https:\/\/weather-radar-live.com\/fr\/webcam\/espagne\/webcam-peniscola\/"]}]},{"@type":"ImageObject","inLanguage":"fr-FR","@id":"https:\/\/weather-radar-live.com\/fr\/webcam\/espagne\/webcam-peniscola\/#primaryimage","url":"https:\/\/weather-radar-live.com\/wp-content\/uploads\/2022\/07\/Webcam-Peniscola-e1658218266492.png","contentUrl":"https:\/\/weather-radar-live.com\/wp-content\/uploads\/2022\/07\/Webcam-Peniscola-e1658218266492.png","width":838,"height":527,"caption":"Webcam Peniscola"},{"@type":"BreadcrumbList","@id":"https:\/\/weather-radar-live.com\/fr\/webcam\/espagne\/webcam-peniscola\/#breadcrumb","itemListElement":[{"@type":"ListItem","position":1,"name":"Weather Radar Live","item":"https:\/\/weather-radar-live.com\/fr\/"},{"@type":"ListItem","position":2,"name":"Webcam","item":"https:\/\/weather-radar-live.com\/fr\/webcam\/"},{"@type":"ListItem","position":3,"name":"Espagne","item":"https:\/\/weather-radar-live.com\/fr\/webcam\/espagne\/"},{"@type":"ListItem","position":4,"name":"Webcam Pe\u00f1iscola"}]},{"@type":"WebSite","@id":"https:\/\/weather-radar-live.com\/#website","url":"https:\/\/weather-radar-live.com\/","name":"weather-radar-live.com","description":"Your weather and sky radar.","publisher":{"@id":"https:\/\/weather-radar-live.com\/#organization"},"potentialAction":[{"@type":"SearchAction","target":{"@type":"EntryPoint","urlTemplate":"https:\/\/weather-radar-live.com\/?s={search_term_string}"},"query-input":{"@type":"PropertyValueSpecification","valueRequired":true,"valueName":"search_term_string"}}],"inLanguage":"fr-FR"},{"@type":"Organization","@id":"https:\/\/weather-radar-live.com\/#organization","name":"weather-radar-live.com","url":"https:\/\/weather-radar-live.com\/","logo":{"@type":"ImageObject","inLanguage":"fr-FR","@id":"https:\/\/weather-radar-live.com\/#\/schema\/logo\/image\/","url":"https:\/\/weather-radar-live.com\/wp-content\/uploads\/2022\/03\/cropped-WRL2503.png","contentUrl":"https:\/\/weather-radar-live.com\/wp-content\/uploads\/2022\/03\/cropped-WRL2503.png","width":1920,"height":555,"caption":"weather-radar-live.com"},"image":{"@id":"https:\/\/weather-radar-live.com\/#\/schema\/logo\/image\/"}}]}},"_links":{"self":[{"href":"https:\/\/weather-radar-live.com\/fr\/wp-json\/wp\/v2\/pages\/4699","targetHints":{"allow":["GET"]}}],"collection":[{"href":"https:\/\/weather-radar-live.com\/fr\/wp-json\/wp\/v2\/pages"}],"about":[{"href":"https:\/\/weather-radar-live.com\/fr\/wp-json\/wp\/v2\/types\/page"}],"author":[{"embeddable":true,"href":"https:\/\/weather-radar-live.com\/fr\/wp-json\/wp\/v2\/users\/1"}],"replies":[{"embeddable":true,"href":"https:\/\/weather-radar-live.com\/fr\/wp-json\/wp\/v2\/comments?post=4699"}],"version-history":[{"count":3,"href":"https:\/\/weather-radar-live.com\/fr\/wp-json\/wp\/v2\/pages\/4699\/revisions"}],"predecessor-version":[{"id":4874,"href":"https:\/\/weather-radar-live.com\/fr\/wp-json\/wp\/v2\/pages\/4699\/revisions\/4874"}],"up":[{"embeddable":true,"href":"https:\/\/weather-radar-live.com\/fr\/wp-json\/wp\/v2\/pages\/4348"}],"wp:featuredmedia":[{"embeddable":true,"href":"https:\/\/weather-radar-live.com\/fr\/wp-json\/wp\/v2\/media\/4997"}],"wp:attachment":[{"href":"https:\/\/weather-radar-live.com\/fr\/wp-json\/wp\/v2\/media?parent=4699"}],"curies":[{"name":"wp","href":"https:\/\/api.w.org\/{rel}","templated":true}]}}