{"id":4046,"date":"2022-05-12T15:17:33","date_gmt":"2022-05-12T13:17:33","guid":{"rendered":"https:\/\/weather-radar-live.com\/?page_id=4046"},"modified":"2022-07-20T15:41:53","modified_gmt":"2022-07-20T13:41:53","slug":"webcam-semnoz","status":"publish","type":"page","link":"https:\/\/weather-radar-live.com\/fr\/webcam\/france\/webcam-semnoz\/","title":{"rendered":"Webcam Semnoz"},"content":{"rendered":"<div id=\"weath-3436920040\" class=\"weath-vor-dem-inhalt weath-entity-placement\" style=\"margin-top: 15px;margin-right: 25px;margin-bottom: 40px;margin-left: 25px;\"><script async src=\"\/\/pagead2.googlesyndication.com\/pagead\/js\/adsbygoogle.js?client=ca-pub-8960936133935804\" crossorigin=\"anonymous\"><\/script><ins class=\"adsbygoogle\" style=\"display:block;\" data-ad-client=\"ca-pub-8960936133935804\" \ndata-ad-slot=\"6172817020\" \ndata-ad-format=\"auto\"><\/ins>\n<script> \n(adsbygoogle = window.adsbygoogle || []).push({}); \n<\/script>\n<\/div>\n<div class=\"wp-block-cover alignfull is-light\"><span aria-hidden=\"true\" class=\"wp-block-cover__gradient-background has-background-dim\"><\/span><img decoding=\"async\" class=\"wp-block-cover__image-background wp-image-342\" alt=\"Webcam Semnoz\" src=\"https:\/\/weather-radar-live.com\/wp-content\/uploads\/2021\/06\/sam-schooler-E9aetBe2w40-unsplash-e1622554814366.jpg\" data-object-fit=\"cover\"\/><div class=\"wp-block-cover__inner-container is-layout-flow wp-block-cover-is-layout-flow\">\n<h2 class=\"has-text-align-center heading wp-block-heading\" id=\"webcam-fort-mahon\" style=\"font-size:40px\"><strong><mark style=\"background-color:rgba(0, 0, 0, 0)\" class=\"has-inline-color has-base-3-color\">WEBCAM <\/mark><br><mark style=\"background-color:rgba(0, 0, 0, 0)\" class=\"has-inline-color has-base-3-color\">SEMNOZ<\/mark><\/strong><\/h2>\n<\/div><\/div>\n\n\n<div class=\"yoast-breadcrumbs\"><span><span><a href=\"https:\/\/weather-radar-live.com\/fr\/\">Weather Radar Live<\/a><\/span> \u00bb <span><a href=\"https:\/\/weather-radar-live.com\/fr\/webcam\/\">Webcam<\/a><\/span> \u00bb <span><a href=\"https:\/\/weather-radar-live.com\/fr\/webcam\/france\/\">France<\/a><\/span> \u00bb <span class=\"breadcrumb_last\" aria-current=\"page\"><strong>Webcam Semnoz<\/strong><\/span><\/span><\/div>\n\n\n<h2 class=\"has-text-align-center wp-block-heading\" id=\"webcam-fort-mahon\"><strong>Webcam Semnoz<\/strong><\/h2>\n\n\n\n<p>Le Semnoz, la montagne la plus c\u00e9l\u00e8bre du massif des Bauges, est situ\u00e9 en Auvergne-Rh\u00f4ne-Alpes. Le Semnoz s&rsquo;\u00e9tend de Ch\u00e9ran aux rives du lac d&rsquo;Annecy. Cette montagne de Haute-Savoie s&rsquo;\u00e9tend d&rsquo;une altitude de 450 m\u00e8tres \u00e0 1 699 m\u00e8tres. Proche du lac d&rsquo;Annecy, elle offre un vaste terrain pour des activit\u00e9s telles que le snowboard, le ski, la randonn\u00e9e en montagne et les promenades tout au long de l&rsquo;ann\u00e9e. <\/p>\n\n\n\n<p>En g\u00e9n\u00e9ral, l&rsquo;\u00e9t\u00e9 est agr\u00e9able et les activit\u00e9s de plein air peuvent \u00eatre pratiqu\u00e9es dans une large mesure, bien que des orages et de la pluie puissent survenir occasionnellement. Parmi les endroits les plus populaires du Semnoz se trouve une zone aride appel\u00e9e Cr\u00eat-du- Chatillon. En plus des Alpes perp\u00e9tuellement enneig\u00e9es, vous pouvez \u00e9galement voir le lac turquoise et la ville pittoresque d&rsquo;Annecy. Si vous \u00eates curieux de conna\u00eetre les mises \u00e0 jour m\u00e9t\u00e9orologiques et le climat du Semoz, vous obtiendrez ici toutes les informations pertinentes que vous devez savoir.<\/p><div id=\"weath-3593100334\" class=\"weath-inhalt_2 weath-entity-placement\" style=\"margin-top: 15px;margin-right: 25px;margin-bottom: 35px;margin-left: 25px;\"><script async src=\"\/\/pagead2.googlesyndication.com\/pagead\/js\/adsbygoogle.js?client=ca-pub-8960936133935804\" crossorigin=\"anonymous\"><\/script><ins class=\"adsbygoogle\" style=\"display:block;\" data-ad-client=\"ca-pub-8960936133935804\" \ndata-ad-slot=\"1963584050\" \ndata-ad-format=\"auto\"><\/ins>\n<script> \n(adsbygoogle = window.adsbygoogle || []).push({}); \n<\/script>\n<\/div>\n\n\n\n<h3 class=\"has-text-align-center wp-block-heading\">\ud83d\udd34 <strong>Webcam Semnoz<\/strong> (Panorama)<\/h3>\n\n\n\n<iframe src=\"https:\/\/app.webcam-hd.com\/semnoz\/semnoz-ski\" style=\"width: 100%; height: 400px; border: none;\" allowfullscreen=\"\"><\/iframe>\n\n\n\n<p><\/p>\n\n\n\n<h3 class=\"has-text-align-center wp-block-heading\">\ud83d\udd34 <strong>Webcam Semnoz<\/strong> Mountain Peak (Panorama)<\/h3>\n\n\n\n<iframe src=\"https:\/\/app.webcam-hd.com\/semnoz\/sommet_tmx\" style=\"width: 100%; height: 400px; border: none;\" allowfullscreen=\"\"><\/iframe>\n\n\n\n<p class=\"has-text-align-center\"><strong><sup>D&rsquo;un clic de souris (smartphone : changez la vue simplement en tapant), vous pouvez d\u00e9placer la webcam dans la direction de votre choix. En tournant la molette de la souris ou en zoomant avec les doigts, vous pouvez zoomer sur la webcam. Vous pouvez \u00e9galement utiliser les boutons \u00e0 cet effet.<\/sup><\/strong><\/p>\n\n\n\n<div class=\"wp-block-columns is-layout-flex wp-container-core-columns-is-layout-9d6595d7 wp-block-columns-is-layout-flex\">\n<div class=\"wp-block-column webcam-column is-layout-flow wp-block-column-is-layout-flow\">\n<h3 class=\"has-text-align-center wp-block-heading\"><strong> \ud83d\udd34 Webcam Semnoz<\/strong> &#8211; 1699 m<\/h3>\n\n\n\n<a name=\"windy-webcam-timelapse-player\" data-id=\"1457102334\" data-play=\"day\" href=\"https:\/\/windy.com\/webcams\/1457102334\" target=\"_blank\" rel=\"noopener\">Sevrier : Semnoz &#8211; 1 699 m<\/a><script async=\"\" type=\"text\/javascript\" src=\"https:\/\/webcams.windy.com\/webcams\/public\/embed\/script\/player.js\"><\/script>\n<\/div>\n<\/div>\n\n\n\n<h2 class=\"wp-block-heading\" id=\"fort-mahon-today\"><strong><strong>Weather Radar Semnoz &#8211; Le temps qu&rsquo;il fait \u00e0 Semnoz<\/strong><\/strong><\/h2>\n\n\n\n<p><a href=\"https:\/\/weather-radar-live.com\/fr\/\"><strong>Weather Radar Live<\/strong><\/a> re\u00e7oit des informations sur la <a href=\"https:\/\/weather-radar-live.com\/fr\/radar-nuages\/\"><strong>couverture nuageuse<\/strong><\/a>, les <a href=\"https:\/\/weather-radar-live.com\/fr\/orage-en-direct\/\"><strong>orages<\/strong><\/a>, les <strong><a href=\"https:\/\/weather-radar-live.com\/fr\/tornades-en-direct\/\">tornades<\/a> <\/strong>et les <strong><a href=\"https:\/\/weather-radar-live.com\/fr\/radar-pluie\/\">pr\u00e9cipitations<\/a> <\/strong>et vous les pr\u00e9sente de mani\u00e8re simple et compr\u00e9hensible. La webcam Semnoz vous offre des mises \u00e0 jour du temps actuel et des pr\u00e9visions. Ainsi, si vous avez pr\u00e9vu une visite \u00e0 Semnoz, vous pouvez naviguer sur la carte et obtenir une estimation des conditions m\u00e9t\u00e9orologiques. De plus, vous pouvez visualiser sans effort les conditions m\u00e9t\u00e9orologiques, et \u00e0 l&rsquo;aide du signe + ou -, vous pouvez zoomer ou d\u00e9zoomer l&rsquo;endroit exact.<\/p>\n\n\n\n<div class=\"wp-block-columns is-layout-flex wp-container-core-columns-is-layout-9d6595d7 wp-block-columns-is-layout-flex\">\n<div class=\"wp-block-column is-layout-flow wp-block-column-is-layout-flow\" style=\"flex-basis:75%\">\n<iframe loading=\"lazy\" width=\"1300\" height=\"502\" src=\"https:\/\/embed.windy.com\/embed2.html?lat=45.797&amp;lon=5.900&amp;detailLat=45.797&amp;detailLon=5.900&amp;width=1300&amp;height=502&amp;zoom=11&amp;level=surface&amp;overlay=wind&amp;product=ecmwf&amp;menu=&amp;message=&amp;marker=&amp;calendar=now&amp;pressure=&amp;type=map&amp;location=coordinates&amp;detail=&amp;metricWind=default&amp;metricTemp=default&amp;radarRange=-1\" frameborder=\"0\"><\/iframe>\n<\/div>\n\n\n\n<div class=\"wp-block-column is-layout-flow wp-block-column-is-layout-flow\" style=\"flex-basis:25%\">\n<a class=\"weatherwidget-io\" href=\"https:\/\/forecast7.com\/en\/45d906d13\/annecy\/\" data-label_1=\"ANNECY\" data-font=\"Roboto\" data-theme=\"original\">ANNECY<\/a>\n<script>\n!function(d,s,id){var js,fjs=d.getElementsByTagName(s)[0];if(!d.getElementById(id)){js=d.createElement(s);js.id=id;js.src='https:\/\/weatherwidget.io\/js\/widget.min.js';fjs.parentNode.insertBefore(js,fjs);}}(document,'script','weatherwidget-io-js') ;\n<\/script>\n<\/div>\n<\/div>\n\n\n\n<h2 class=\"wp-block-heading\" id=\"fort-mahon-weather\"><strong><strong>Le climat en Semnoz<\/strong><\/strong><\/h2>\n\n\n\n<p>Le climat mod\u00e9r\u00e9ment continental de Semnaz permet aux habitants et aux visiteurs de profiter d&rsquo;hivers glacials et d&rsquo;\u00e9t\u00e9s chauds. En raison de sa proximit\u00e9 avec les Alpes, le climat est pluvieux et les chutes de neige sont assez fr\u00e9quentes en hiver. Pendant les p\u00e9riodes de forts courants atlantiques, les temp\u00e9ratures peuvent \u00eatre douces, mais elles peuvent tomber en dessous de z\u00e9ro \u00e0 d&rsquo;autres moments &#8211; m\u00eame -10 \u00b0C (14 \u00b0F).<\/p>\n\n\n\n<p><strong>Temp\u00e9rature moyenne<\/strong><\/p>\n\n\n\n<p>En janvier, la temp\u00e9rature moyenne se situe autour de 36\u00b0F ou 2,1\u00b0C. Alors que pendant le mois le plus chaud de l&rsquo;ann\u00e9e, c&rsquo;est-\u00e0-dire en juillet, sa temp\u00e9rature moyenne est de 69\u00b0F ou 20,5 \u00b0C. <\/p>\n\n\n\n<p><strong>Pr\u00e9cipitations<\/strong> <\/p>\n\n\n\n<p>Les pr\u00e9cipitations annuelles moyennes au Semnoz sont de 49,2 pouces ou 1 250 millim\u00e8tres.<\/p>\n\n\n\n<p><strong>Fiabilit\u00e9 des chutes de neige <\/strong><\/p>\n\n\n\n<p>Les jours les plus appr\u00e9ci\u00e9s d&rsquo;Annecy-LeSemnoz sont les jours de poudreuse Bluebird, qui sont typiquement caract\u00e9ris\u00e9s par le soleil et des vents l\u00e9gers apr\u00e8s la tr\u00e8s r\u00e9cente chute de neige. Les jours de poudreuse peuvent apporter de moins bonnes conditions m\u00e9t\u00e9orologiques lorsque la visibilit\u00e9 est limit\u00e9e mais la neige est fra\u00eeche et profonde pour les amateurs de poudreuse. Certains skieurs appr\u00e9cient davantage les jours Bluebird que les jours de poudreuse, car ils profitent des montagnes enneig\u00e9es avec des vents l\u00e9gers et des conditions plus chaudes.<\/p>\n\n\n\n<h2 class=\"wp-block-heading\"><strong><strong>Le domaine skiable alpin<\/strong><\/strong><\/h2>\n\n\n\n<p>Les skieurs de tous niveaux peuvent profiter des 18 pistes du Semnoz. Il compte 6 pistes rouges, 7 pistes vertes et 5 pistes bleues. Dix remont\u00e9es m\u00e9caniques desservent les pistes ( 7 t\u00e9l\u00e9skis, 2 t\u00e9l\u00e9si\u00e8ges, et un t\u00e9l\u00e9ph\u00e9rique). Les fronts de neige des Bauges et d&rsquo;Annecy se situent \u00e0 une altitude de 1450 m. En montant \u00e0 1704 m\u00e8tres, les pistes traversent des sapins et des prairies alpines. Les freestylers peuvent opter pour un snowpark de type slopestyle jalonn\u00e9 de modules (barres de slide, boxes, jibs, etc.) ou de modules int\u00e9gr\u00e9s (tables, spines, etc.) pour r\u00e9aliser des sauts, des figures et des rotations.<\/p>\n","protected":false},"excerpt":{"rendered":"<p>Webcam Semnoz Le Semnoz, la montagne la plus c\u00e9l\u00e8bre du massif des Bauges, est situ\u00e9 en Auvergne-Rh\u00f4ne-Alpes. Le Semnoz s&rsquo;\u00e9tend de Ch\u00e9ran aux rives du lac d&rsquo;Annecy. Cette montagne de Haute-Savoie s&rsquo;\u00e9tend d&rsquo;une altitude de 450 m\u00e8tres \u00e0 1 699 m\u00e8tres. Proche du lac d&rsquo;Annecy, elle offre un vaste terrain pour des activit\u00e9s telles que &#8230; <a title=\"Webcam Semnoz\" class=\"read-more\" href=\"https:\/\/weather-radar-live.com\/fr\/webcam\/france\/webcam-semnoz\/\" aria-label=\"En savoir plus sur Webcam Semnoz\">Lire la suite<\/a><\/p>\n","protected":false},"author":1,"featured_media":3821,"parent":3155,"menu_order":0,"comment_status":"closed","ping_status":"closed","template":"","meta":{"footnotes":""},"class_list":["post-4046","page","type-page","status-publish","has-post-thumbnail"],"yoast_head":"<!-- This site is optimized with the Yoast SEO plugin v27.5 - https:\/\/yoast.com\/product\/yoast-seo-wordpress\/ -->\n<title>Webcam Semnoz - weather-radar-live.com<\/title>\n<meta name=\"description\" content=\"Webcam Semnoz | Livecam de Semnoz ! \u2705 Mise \u00e0 jour pour vous en temps r\u00e9el ! \u2705 Pr\u00e9visions m\u00e9t\u00e9orologiques actuelles !\" \/>\n<meta name=\"robots\" content=\"index, follow, max-snippet:-1, max-image-preview:large, max-video-preview:-1\" \/>\n<link rel=\"canonical\" href=\"https:\/\/weather-radar-live.com\/fr\/webcam\/france\/webcam-semnoz\/\" \/>\n<meta property=\"og:locale\" content=\"fr_FR\" \/>\n<meta property=\"og:type\" content=\"article\" \/>\n<meta property=\"og:title\" content=\"Webcam Semnoz - weather-radar-live.com\" \/>\n<meta property=\"og:description\" content=\"Webcam Semnoz | Livecam de Semnoz ! \u2705 Mise \u00e0 jour pour vous en temps r\u00e9el ! \u2705 Pr\u00e9visions m\u00e9t\u00e9orologiques actuelles !\" \/>\n<meta property=\"og:url\" content=\"https:\/\/weather-radar-live.com\/fr\/webcam\/france\/webcam-semnoz\/\" \/>\n<meta property=\"og:site_name\" content=\"weather-radar-live.com\" \/>\n<meta property=\"article:modified_time\" content=\"2022-07-20T13:41:53+00:00\" \/>\n<meta property=\"og:image\" content=\"https:\/\/weather-radar-live.com\/wp-content\/uploads\/2022\/04\/Webcam-Semnoz-e1650462287168.jpg\" \/>\n\t<meta property=\"og:image:width\" content=\"1919\" \/>\n\t<meta property=\"og:image:height\" content=\"911\" \/>\n\t<meta property=\"og:image:type\" content=\"image\/jpeg\" \/>\n<meta name=\"twitter:card\" content=\"summary_large_image\" \/>\n<meta name=\"twitter:label1\" content=\"Dur\u00e9e de lecture estim\u00e9e\" \/>\n\t<meta name=\"twitter:data1\" content=\"4 minutes\" \/>\n<script type=\"application\/ld+json\" class=\"yoast-schema-graph\">{\"@context\":\"https:\\\/\\\/schema.org\",\"@graph\":[{\"@type\":\"WebPage\",\"@id\":\"https:\\\/\\\/weather-radar-live.com\\\/fr\\\/webcam\\\/france\\\/webcam-semnoz\\\/\",\"url\":\"https:\\\/\\\/weather-radar-live.com\\\/fr\\\/webcam\\\/france\\\/webcam-semnoz\\\/\",\"name\":\"Webcam Semnoz - weather-radar-live.com\",\"isPartOf\":{\"@id\":\"https:\\\/\\\/weather-radar-live.com\\\/#website\"},\"primaryImageOfPage\":{\"@id\":\"https:\\\/\\\/weather-radar-live.com\\\/fr\\\/webcam\\\/france\\\/webcam-semnoz\\\/#primaryimage\"},\"image\":{\"@id\":\"https:\\\/\\\/weather-radar-live.com\\\/fr\\\/webcam\\\/france\\\/webcam-semnoz\\\/#primaryimage\"},\"thumbnailUrl\":\"https:\\\/\\\/weather-radar-live.com\\\/wp-content\\\/uploads\\\/2022\\\/04\\\/Webcam-Semnoz-e1650462287168.jpg\",\"datePublished\":\"2022-05-12T13:17:33+00:00\",\"dateModified\":\"2022-07-20T13:41:53+00:00\",\"description\":\"Webcam Semnoz | Livecam de Semnoz ! \u2705 Mise \u00e0 jour pour vous en temps r\u00e9el ! \u2705 Pr\u00e9visions m\u00e9t\u00e9orologiques actuelles !\",\"breadcrumb\":{\"@id\":\"https:\\\/\\\/weather-radar-live.com\\\/fr\\\/webcam\\\/france\\\/webcam-semnoz\\\/#breadcrumb\"},\"inLanguage\":\"fr-FR\",\"potentialAction\":[{\"@type\":\"ReadAction\",\"target\":[\"https:\\\/\\\/weather-radar-live.com\\\/fr\\\/webcam\\\/france\\\/webcam-semnoz\\\/\"]}]},{\"@type\":\"ImageObject\",\"inLanguage\":\"fr-FR\",\"@id\":\"https:\\\/\\\/weather-radar-live.com\\\/fr\\\/webcam\\\/france\\\/webcam-semnoz\\\/#primaryimage\",\"url\":\"https:\\\/\\\/weather-radar-live.com\\\/wp-content\\\/uploads\\\/2022\\\/04\\\/Webcam-Semnoz-e1650462287168.jpg\",\"contentUrl\":\"https:\\\/\\\/weather-radar-live.com\\\/wp-content\\\/uploads\\\/2022\\\/04\\\/Webcam-Semnoz-e1650462287168.jpg\",\"width\":1919,\"height\":911,\"caption\":\"Webcam-Semnoz\"},{\"@type\":\"BreadcrumbList\",\"@id\":\"https:\\\/\\\/weather-radar-live.com\\\/fr\\\/webcam\\\/france\\\/webcam-semnoz\\\/#breadcrumb\",\"itemListElement\":[{\"@type\":\"ListItem\",\"position\":1,\"name\":\"Weather Radar Live\",\"item\":\"https:\\\/\\\/weather-radar-live.com\\\/fr\\\/\"},{\"@type\":\"ListItem\",\"position\":2,\"name\":\"Webcam\",\"item\":\"https:\\\/\\\/weather-radar-live.com\\\/fr\\\/webcam\\\/\"},{\"@type\":\"ListItem\",\"position\":3,\"name\":\"France\",\"item\":\"https:\\\/\\\/weather-radar-live.com\\\/fr\\\/webcam\\\/france\\\/\"},{\"@type\":\"ListItem\",\"position\":4,\"name\":\"Webcam Semnoz\"}]},{\"@type\":\"WebSite\",\"@id\":\"https:\\\/\\\/weather-radar-live.com\\\/#website\",\"url\":\"https:\\\/\\\/weather-radar-live.com\\\/\",\"name\":\"weather-radar-live.com\",\"description\":\"Your weather and sky radar.\",\"publisher\":{\"@id\":\"https:\\\/\\\/weather-radar-live.com\\\/#organization\"},\"potentialAction\":[{\"@type\":\"SearchAction\",\"target\":{\"@type\":\"EntryPoint\",\"urlTemplate\":\"https:\\\/\\\/weather-radar-live.com\\\/?s={search_term_string}\"},\"query-input\":{\"@type\":\"PropertyValueSpecification\",\"valueRequired\":true,\"valueName\":\"search_term_string\"}}],\"inLanguage\":\"fr-FR\"},{\"@type\":\"Organization\",\"@id\":\"https:\\\/\\\/weather-radar-live.com\\\/#organization\",\"name\":\"weather-radar-live.com\",\"url\":\"https:\\\/\\\/weather-radar-live.com\\\/\",\"logo\":{\"@type\":\"ImageObject\",\"inLanguage\":\"fr-FR\",\"@id\":\"https:\\\/\\\/weather-radar-live.com\\\/#\\\/schema\\\/logo\\\/image\\\/\",\"url\":\"https:\\\/\\\/weather-radar-live.com\\\/wp-content\\\/uploads\\\/2022\\\/03\\\/cropped-WRL2503.png\",\"contentUrl\":\"https:\\\/\\\/weather-radar-live.com\\\/wp-content\\\/uploads\\\/2022\\\/03\\\/cropped-WRL2503.png\",\"width\":1920,\"height\":555,\"caption\":\"weather-radar-live.com\"},\"image\":{\"@id\":\"https:\\\/\\\/weather-radar-live.com\\\/#\\\/schema\\\/logo\\\/image\\\/\"}}]}<\/script>\n<!-- \/ Yoast SEO plugin. -->","yoast_head_json":{"title":"Webcam Semnoz - weather-radar-live.com","description":"Webcam Semnoz | Livecam de Semnoz ! \u2705 Mise \u00e0 jour pour vous en temps r\u00e9el ! \u2705 Pr\u00e9visions m\u00e9t\u00e9orologiques actuelles !","robots":{"index":"index","follow":"follow","max-snippet":"max-snippet:-1","max-image-preview":"max-image-preview:large","max-video-preview":"max-video-preview:-1"},"canonical":"https:\/\/weather-radar-live.com\/fr\/webcam\/france\/webcam-semnoz\/","og_locale":"fr_FR","og_type":"article","og_title":"Webcam Semnoz - weather-radar-live.com","og_description":"Webcam Semnoz | Livecam de Semnoz ! \u2705 Mise \u00e0 jour pour vous en temps r\u00e9el ! \u2705 Pr\u00e9visions m\u00e9t\u00e9orologiques actuelles !","og_url":"https:\/\/weather-radar-live.com\/fr\/webcam\/france\/webcam-semnoz\/","og_site_name":"weather-radar-live.com","article_modified_time":"2022-07-20T13:41:53+00:00","og_image":[{"width":1919,"height":911,"url":"https:\/\/weather-radar-live.com\/wp-content\/uploads\/2022\/04\/Webcam-Semnoz-e1650462287168.jpg","type":"image\/jpeg"}],"twitter_card":"summary_large_image","twitter_misc":{"Dur\u00e9e de lecture estim\u00e9e":"4 minutes"},"schema":{"@context":"https:\/\/schema.org","@graph":[{"@type":"WebPage","@id":"https:\/\/weather-radar-live.com\/fr\/webcam\/france\/webcam-semnoz\/","url":"https:\/\/weather-radar-live.com\/fr\/webcam\/france\/webcam-semnoz\/","name":"Webcam Semnoz - weather-radar-live.com","isPartOf":{"@id":"https:\/\/weather-radar-live.com\/#website"},"primaryImageOfPage":{"@id":"https:\/\/weather-radar-live.com\/fr\/webcam\/france\/webcam-semnoz\/#primaryimage"},"image":{"@id":"https:\/\/weather-radar-live.com\/fr\/webcam\/france\/webcam-semnoz\/#primaryimage"},"thumbnailUrl":"https:\/\/weather-radar-live.com\/wp-content\/uploads\/2022\/04\/Webcam-Semnoz-e1650462287168.jpg","datePublished":"2022-05-12T13:17:33+00:00","dateModified":"2022-07-20T13:41:53+00:00","description":"Webcam Semnoz | Livecam de Semnoz ! \u2705 Mise \u00e0 jour pour vous en temps r\u00e9el ! \u2705 Pr\u00e9visions m\u00e9t\u00e9orologiques actuelles !","breadcrumb":{"@id":"https:\/\/weather-radar-live.com\/fr\/webcam\/france\/webcam-semnoz\/#breadcrumb"},"inLanguage":"fr-FR","potentialAction":[{"@type":"ReadAction","target":["https:\/\/weather-radar-live.com\/fr\/webcam\/france\/webcam-semnoz\/"]}]},{"@type":"ImageObject","inLanguage":"fr-FR","@id":"https:\/\/weather-radar-live.com\/fr\/webcam\/france\/webcam-semnoz\/#primaryimage","url":"https:\/\/weather-radar-live.com\/wp-content\/uploads\/2022\/04\/Webcam-Semnoz-e1650462287168.jpg","contentUrl":"https:\/\/weather-radar-live.com\/wp-content\/uploads\/2022\/04\/Webcam-Semnoz-e1650462287168.jpg","width":1919,"height":911,"caption":"Webcam-Semnoz"},{"@type":"BreadcrumbList","@id":"https:\/\/weather-radar-live.com\/fr\/webcam\/france\/webcam-semnoz\/#breadcrumb","itemListElement":[{"@type":"ListItem","position":1,"name":"Weather Radar Live","item":"https:\/\/weather-radar-live.com\/fr\/"},{"@type":"ListItem","position":2,"name":"Webcam","item":"https:\/\/weather-radar-live.com\/fr\/webcam\/"},{"@type":"ListItem","position":3,"name":"France","item":"https:\/\/weather-radar-live.com\/fr\/webcam\/france\/"},{"@type":"ListItem","position":4,"name":"Webcam Semnoz"}]},{"@type":"WebSite","@id":"https:\/\/weather-radar-live.com\/#website","url":"https:\/\/weather-radar-live.com\/","name":"weather-radar-live.com","description":"Your weather and sky radar.","publisher":{"@id":"https:\/\/weather-radar-live.com\/#organization"},"potentialAction":[{"@type":"SearchAction","target":{"@type":"EntryPoint","urlTemplate":"https:\/\/weather-radar-live.com\/?s={search_term_string}"},"query-input":{"@type":"PropertyValueSpecification","valueRequired":true,"valueName":"search_term_string"}}],"inLanguage":"fr-FR"},{"@type":"Organization","@id":"https:\/\/weather-radar-live.com\/#organization","name":"weather-radar-live.com","url":"https:\/\/weather-radar-live.com\/","logo":{"@type":"ImageObject","inLanguage":"fr-FR","@id":"https:\/\/weather-radar-live.com\/#\/schema\/logo\/image\/","url":"https:\/\/weather-radar-live.com\/wp-content\/uploads\/2022\/03\/cropped-WRL2503.png","contentUrl":"https:\/\/weather-radar-live.com\/wp-content\/uploads\/2022\/03\/cropped-WRL2503.png","width":1920,"height":555,"caption":"weather-radar-live.com"},"image":{"@id":"https:\/\/weather-radar-live.com\/#\/schema\/logo\/image\/"}}]}},"_links":{"self":[{"href":"https:\/\/weather-radar-live.com\/fr\/wp-json\/wp\/v2\/pages\/4046","targetHints":{"allow":["GET"]}}],"collection":[{"href":"https:\/\/weather-radar-live.com\/fr\/wp-json\/wp\/v2\/pages"}],"about":[{"href":"https:\/\/weather-radar-live.com\/fr\/wp-json\/wp\/v2\/types\/page"}],"author":[{"embeddable":true,"href":"https:\/\/weather-radar-live.com\/fr\/wp-json\/wp\/v2\/users\/1"}],"replies":[{"embeddable":true,"href":"https:\/\/weather-radar-live.com\/fr\/wp-json\/wp\/v2\/comments?post=4046"}],"version-history":[{"count":3,"href":"https:\/\/weather-radar-live.com\/fr\/wp-json\/wp\/v2\/pages\/4046\/revisions"}],"predecessor-version":[{"id":4933,"href":"https:\/\/weather-radar-live.com\/fr\/wp-json\/wp\/v2\/pages\/4046\/revisions\/4933"}],"up":[{"embeddable":true,"href":"https:\/\/weather-radar-live.com\/fr\/wp-json\/wp\/v2\/pages\/3155"}],"wp:featuredmedia":[{"embeddable":true,"href":"https:\/\/weather-radar-live.com\/fr\/wp-json\/wp\/v2\/media\/3821"}],"wp:attachment":[{"href":"https:\/\/weather-radar-live.com\/fr\/wp-json\/wp\/v2\/media?parent=4046"}],"curies":[{"name":"wp","href":"https:\/\/api.w.org\/{rel}","templated":true}]}}