{"id":4036,"date":"2022-05-12T15:07:11","date_gmt":"2022-05-12T13:07:11","guid":{"rendered":"https:\/\/weather-radar-live.com\/?page_id=4036"},"modified":"2022-07-19T07:56:58","modified_gmt":"2022-07-19T05:56:58","slug":"webcam-sancy","status":"publish","type":"page","link":"https:\/\/weather-radar-live.com\/fr\/webcam\/france\/webcam-sancy\/","title":{"rendered":"Webcam Sancy"},"content":{"rendered":"<div id=\"weath-3478667522\" class=\"weath-vor-dem-inhalt weath-entity-placement\" style=\"margin-top: 15px;margin-right: 25px;margin-bottom: 40px;margin-left: 25px;\"><script async src=\"\/\/pagead2.googlesyndication.com\/pagead\/js\/adsbygoogle.js?client=ca-pub-8960936133935804\" crossorigin=\"anonymous\"><\/script><ins class=\"adsbygoogle\" style=\"display:block;\" data-ad-client=\"ca-pub-8960936133935804\" \ndata-ad-slot=\"6172817020\" \ndata-ad-format=\"auto\"><\/ins>\n<script> \n(adsbygoogle = window.adsbygoogle || []).push({}); \n<\/script>\n<\/div>\n<div class=\"wp-block-cover alignfull is-light\"><span aria-hidden=\"true\" class=\"wp-block-cover__gradient-background has-background-dim\"><\/span><img decoding=\"async\" class=\"wp-block-cover__image-background wp-image-342\" alt=\"Webcam Sancy\" src=\"https:\/\/weather-radar-live.com\/wp-content\/uploads\/2021\/06\/sam-schooler-E9aetBe2w40-unsplash-e1622554814366.jpg\" data-object-fit=\"cover\"\/><div class=\"wp-block-cover__inner-container is-layout-flow wp-block-cover-is-layout-flow\">\n<h2 class=\"has-text-align-center heading wp-block-heading\" id=\"webcam-fort-mahon\" style=\"font-size:40px\"><strong><mark style=\"background-color:rgba(0, 0, 0, 0)\" class=\"has-inline-color has-base-3-color\">WEBCAM <\/mark><br><mark style=\"background-color:rgba(0, 0, 0, 0)\" class=\"has-inline-color has-base-3-color\">SANCY<\/mark><\/strong><\/h2>\n<\/div><\/div>\n\n\n<div class=\"yoast-breadcrumbs\"><span><span><a href=\"https:\/\/weather-radar-live.com\/fr\/\">Weather Radar Live<\/a><\/span> \u00bb <span><a href=\"https:\/\/weather-radar-live.com\/fr\/webcam\/\">Webcam<\/a><\/span> \u00bb <span><a href=\"https:\/\/weather-radar-live.com\/fr\/webcam\/france\/\">France<\/a><\/span> \u00bb <span class=\"breadcrumb_last\" aria-current=\"page\"><strong>Webcam Sancy<\/strong><\/span><\/span><\/div>\n\n\n<h2 class=\"has-text-align-center wp-block-heading\" id=\"webcam-fort-mahon\"><strong>Webcam Sancy<\/strong><\/h2>\n\n\n\n<p>Le Sancy est une petite commune de France situ\u00e9e dans la r\u00e9gion Grand-Est et le d\u00e9partement de Meurthe-et-Moselle. Elle se trouve dans la r\u00e9gion Bourgogne et la capitale de la Bourgogne est Dijon. Cette derni\u00e8re se trouve \u00e0 environ 121 miles ou 195 km de Sancy. Sancy est \u00e0 environ 188 km de la capitale fran\u00e7aise, Paris. Le Puy de Sancy est le plus haut sommet du Massif central. Connu sous le nom de \u00ab\u00a0Mont de la Croix\u00a0\u00bb, le Sancy \u00e9tait un stratovolcan qui a cess\u00e9 d&rsquo;\u00eatre actif il y a 220 000 ans. Jetons un coup d&rsquo;oeil \u00e0 la webcam Sancy !<\/p>\n\n\n\n<p>Le r\u00e9sultat des \u00e9ruptions volcaniques, des coul\u00e9es de lave, des glaciers et de l&rsquo;\u00e9rosion a conduit \u00e0 cet incroyable relief, ce qui en fait un lieu digne d&rsquo;\u00eatre visit\u00e9. Le Puy de Sancy mesure 6 184 pieds ou 1 885 m de long. Des t\u00e9l\u00e9ph\u00e9riques ont \u00e9t\u00e9 construits en 1936 pour relier le Mont-Dore et l&rsquo;une des aiguilles au bas du sommet. Du Puy de Sancy, quatre vall\u00e9es se ramifient : Chaudefour, Biche, Fontaine Sal\u00e9e, et Dordogne. Dans la partie nord de la vall\u00e9e, deux ruisseaux appel\u00e9s la Dore et la Dogne se rejoignent pour former la Dordogne, qui traverse le Mont-Dore et se jette dans l&rsquo;estuaire de la Gironde. Si vous voulez visiter le Sancy, la meilleure p\u00e9riode est de juin \u00e0 septembre. Pour plus d&rsquo;informations li\u00e9es \u00e0 la m\u00e9t\u00e9o et au climat, consultez les sections ci-dessous couvrant la m\u00e9t\u00e9o Radar et le climat de Sancy.<\/p><div id=\"weath-869337510\" class=\"weath-inhalt_2 weath-entity-placement\" style=\"margin-top: 15px;margin-right: 25px;margin-bottom: 35px;margin-left: 25px;\"><script async src=\"\/\/pagead2.googlesyndication.com\/pagead\/js\/adsbygoogle.js?client=ca-pub-8960936133935804\" crossorigin=\"anonymous\"><\/script><ins class=\"adsbygoogle\" style=\"display:block;\" data-ad-client=\"ca-pub-8960936133935804\" \ndata-ad-slot=\"1963584050\" \ndata-ad-format=\"auto\"><\/ins>\n<script> \n(adsbygoogle = window.adsbygoogle || []).push({}); \n<\/script>\n<\/div>\n\n\n\n<h3 class=\"has-text-align-center wp-block-heading\">\ud83d\udd34 <strong>Webcam Sancy<\/strong> Mountain Peak (Panorama)<\/h3>\n\n\n\n<iframe src=\"https:\/\/app.webcam-hd.com\/mont-dore\/sommet\" style=\"width: 100%; height: 400px; border: none;\" allowfullscreen=\"\"><\/iframe>\n\n\n\n<p><\/p>\n\n\n\n<h3 class=\"has-text-align-center wp-block-heading\">\ud83d\udd34 <strong>Webcam Sancy<\/strong> Vall\u00e9e (Panorama)<\/h3>\n\n\n\n<iframe src=\"https:\/\/app.webcam-hd.com\/superbesse\/superbesse_ecole\" style=\"width: 100%; height: 400px; border: none;\" allowfullscreen=\"\"><\/iframe>\n\n\n\n<p class=\"has-text-align-center\"><strong><sup>D&rsquo;un clic de souris (smartphone : changez la vue simplement en tapant), vous pouvez d\u00e9placer la webcam dans la direction de votre choix. En tournant la molette de la souris ou en zoomant avec les doigts, vous pouvez zoomer sur la webcam. Vous pouvez \u00e9galement utiliser les boutons \u00e0 cet effet.<\/sup><\/strong><\/p>\n\n\n\n<div class=\"wp-block-columns is-layout-flex wp-container-core-columns-is-layout-9d6595d7 wp-block-columns-is-layout-flex\">\n<div class=\"wp-block-column webcam-column is-layout-flow wp-block-column-is-layout-flow\">\n<h3 class=\"has-text-align-center wp-block-heading\"><strong> \ud83d\udd34 Webcam Sancy<\/strong> Super Bresse<\/h3>\n\n\n\n<a name=\"windy-webcam-timelapse-player\" data-id=\"1484135784\" data-play=\"day\" href=\"https:\/\/windy.com\/webcams\/1484135784\" target=\"_blank\" rel=\"noopener\">Super Besse : Panoramique<\/a><script async=\"\" type=\"text\/javascript\" src=\"https:\/\/webcams.windy.com\/webcams\/public\/embed\/script\/player.js\"><\/script>\n<\/div>\n\n\n\n<div class=\"wp-block-column webcam-column is-layout-flow wp-block-column-is-layout-flow\">\n<h3 class=\"has-text-align-center live-emoji wp-block-heading\"><strong> \ud83d\udd34 Webcam Sancy<\/strong> Mont Dore<\/h3>\n\n\n\n<figure class=\"wp-block-embed is-type-video is-provider-youtube wp-block-embed-youtube wp-embed-aspect-16-9 wp-has-aspect-ratio\"><div class=\"wp-block-embed__wrapper\">\n<iframe loading=\"lazy\" title=\"Mont-Dore : Live\" width=\"1200\" height=\"675\" src=\"https:\/\/www.youtube.com\/embed\/cOXPs4cRbgA?feature=oembed\" frameborder=\"0\" allow=\"accelerometer; autoplay; clipboard-write; encrypted-media; gyroscope; picture-in-picture\" allowfullscreen><\/iframe>\n<\/div><\/figure>\n<\/div>\n<\/div>\n\n\n\n<h2 class=\"wp-block-heading\" id=\"fort-mahon-today\"><strong><strong>Radar m\u00e9t\u00e9o Sancy &#8211; Le temps \u00e0 Sancy<\/strong><\/strong><\/h2>\n\n\n\n<p>L&#8217;emplacement et les <strong><a href=\"https:\/\/weather-radar-live.com\/fr\/tempete\/\">vents<\/a> <\/strong>dominants venant vers le Sancy sont responsables du mauvais temps de janvier \u00e0 avril et d&rsquo;octobre \u00e0 d\u00e9cembre. Vous pourriez vouloir explorer cet endroit lorsque son temps est agr\u00e9able. <a href=\"https:\/\/weather-radar-live.com\/fr\/\"><strong>Weather Radar Live<\/strong><\/a> vous aide \u00e0 naviguer dans sa m\u00e9t\u00e9o. De la <a href=\"https:\/\/weather-radar-live.com\/fr\/radar-nuages\/\"><strong>couverture nuageuse<\/strong><\/a> aux <a href=\"https:\/\/weather-radar-live.com\/fr\/orage-en-direct\/\"><strong>orages<\/strong><\/a>, des pr\u00e9cipitations aux <a href=\"https:\/\/weather-radar-live.com\/fr\/tornades-en-direct\/\"><strong>tornades<\/strong><\/a>, il analyse tous les d\u00e9tails pour vous offrir des informations pr\u00e9cises. Vous pouvez faire un zoom avant ou arri\u00e8re pour atteindre l&rsquo;endroit exact ou pour conna\u00eetre les changements m\u00e9t\u00e9orologiques en d\u00e9tail. Alors, tenez-vous au courant du temps qu&rsquo;il fait et obtenez imm\u00e9diatement les pr\u00e9visions m\u00e9t\u00e9orologiques. <\/p>\n\n\n\n<div class=\"wp-block-columns is-layout-flex wp-container-core-columns-is-layout-9d6595d7 wp-block-columns-is-layout-flex\">\n<div class=\"wp-block-column is-layout-flow wp-block-column-is-layout-flow\" style=\"flex-basis:75%\">\n<iframe loading=\"lazy\" width=\"1300\" height=\"502\" src=\"https:\/\/embed.windy.com\/embed2.html?lat=45.542&amp;lon=2.802&amp;detailLat=49.476&amp;detailLon=11.048&amp;width=1300&amp;height=502&amp;zoom=11&amp;level=surface&amp;overlay=radar&amp;product=radar&amp;menu=&amp;message=&amp;marker=&amp;calendar=now&amp;pressure=&amp;type=map&amp;location=coordinates&amp;detail=&amp;metricWind=default&amp;metricTemp=default&amp;radarRange=-1\" frameborder=\"0\"><\/iframe>\n<\/div>\n\n\n\n<div class=\"wp-block-column is-layout-flow wp-block-column-is-layout-flow\" style=\"flex-basis:25%\">\n<div align=\"center\"><a class=\"weatherwidget-io\" href=\"https:\/\/forecast7.com\/en\/48d892d96\/sancy\/\" data-label_1=\"SANCY\" data-theme=\"original\">SANCY<\/a>\n<script>\n!function(d,s,id){var js,fjs=d.getElementsByTagName(s)[0];if(!d.getElementById(id)){js=d.createElement(s);js.id=id;js.src='https:\/\/weatherwidget.io\/js\/widget.min.js';fjs.parentNode.insertBefore(js,fjs);}}(document,'script','weatherwidget-io-js') ;\n<\/script><\/div>\n<\/div>\n<\/div>\n\n\n\n<h2 class=\"wp-block-heading\" id=\"fort-mahon-weather\"><strong><strong>Le climat \u00e0 Sancy<\/strong><\/strong><\/h2>\n\n\n\n<p>Selon la classification de K\u00f6ppen-Geiger, le Puy de Sancy b\u00e9n\u00e9ficie d&rsquo;un climat oc\u00e9anique temp\u00e9r\u00e9 et estival. Explorons les changements climatiques \u00e0 Sancy. <\/p>\n\n\n\n<p><strong>Temp\u00e9rature <\/strong><\/p>\n\n\n\n<p>A Puy de Sancy, la temp\u00e9rature maximale varie de 4\u00b0C en janvier \u00e0 23\u00b0C en ao\u00fbt (moyenne maximale 14\u00b0C).<\/p>\n\n\n\n<p><strong>Pr\u00e9cipitations <\/strong><\/p>\n\n\n\n<p>Un minimum de 73mm tombe en septembre et un maximum de 152mm en mai, avec un total annuel de pr\u00e9cipitations de 1290mm.<\/p>\n\n\n\n<p><strong>Humidit\u00e9 <\/strong><\/p>\n\n\n\n<p>L&rsquo;humidit\u00e9 moyenne reste d&rsquo;environ 91% tout au long de l&rsquo;ann\u00e9e.<\/p>\n\n\n\n<h2 class=\"wp-block-heading\"><strong>Station de ski de Super-Besse<\/strong><\/h2>\n\n\n\n<p>Sur le versant sud-ouest du Sancy se trouve une autre station de ski, Super-Besse, qui offre 125 km de ski de fond et 43 km de piste de ski alpin. C&rsquo;est l&rsquo;endroit id\u00e9al pour les activit\u00e9s de plein air aventureuses comme la randonn\u00e9e et l&rsquo;alpinisme. Plusieurs remont\u00e9es m\u00e9caniques et t\u00e9l\u00e9ph\u00e9riques gravissent les versants nord et sud de la montagne, rendant ses pentes parfaites pour le ski. <\/p>\n\n\n\n<p>Sur 120 km de pistes, les skieurs de fond peuvent naviguer entre les lacs de montagne \u00e9tincelants. Le domaine skiable b\u00e9n\u00e9ficie d&rsquo;un fort ensoleillement gr\u00e2ce \u00e0 son orientation sud, ce qui est particuli\u00e8rement appr\u00e9ci\u00e9 pour donner aux hivers froids et aux vents violents de la r\u00e9gion. Super Besse propose du ski de nuit sur des pistes \u00e9clair\u00e9es, ainsi que des raquettes, de la luge, et m\u00eame des parcours de biathlon.<\/p>\n","protected":false},"excerpt":{"rendered":"<p>Webcam Sancy Le Sancy est une petite commune de France situ\u00e9e dans la r\u00e9gion Grand-Est et le d\u00e9partement de Meurthe-et-Moselle. Elle se trouve dans la r\u00e9gion Bourgogne et la capitale de la Bourgogne est Dijon. Cette derni\u00e8re se trouve \u00e0 environ 121 miles ou 195 km de Sancy. Sancy est \u00e0 environ 188 km de &#8230; <a title=\"Webcam Sancy\" class=\"read-more\" href=\"https:\/\/weather-radar-live.com\/fr\/webcam\/france\/webcam-sancy\/\" aria-label=\"En savoir plus sur Webcam Sancy\">Lire la suite<\/a><\/p>\n","protected":false},"author":1,"featured_media":3735,"parent":3155,"menu_order":0,"comment_status":"closed","ping_status":"closed","template":"","meta":{"footnotes":""},"class_list":["post-4036","page","type-page","status-publish","has-post-thumbnail"],"yoast_head":"<!-- This site is optimized with the Yoast SEO plugin v27.5 - https:\/\/yoast.com\/product\/yoast-seo-wordpress\/ -->\n<title>Webcam Sancy - weather-radar-live.com<\/title>\n<meta name=\"description\" content=\"Webcam Sancy | Livecam de Sancy ! \u2705 Mise \u00e0 jour pour vous en temps r\u00e9el ! \u2705 Pr\u00e9visions m\u00e9t\u00e9orologiques actuelles !\" \/>\n<meta name=\"robots\" content=\"index, follow, max-snippet:-1, max-image-preview:large, max-video-preview:-1\" \/>\n<link rel=\"canonical\" href=\"https:\/\/weather-radar-live.com\/fr\/webcam\/france\/webcam-sancy\/\" \/>\n<meta property=\"og:locale\" content=\"fr_FR\" \/>\n<meta property=\"og:type\" content=\"article\" \/>\n<meta property=\"og:title\" content=\"Webcam Sancy - weather-radar-live.com\" \/>\n<meta property=\"og:description\" content=\"Webcam Sancy | Livecam de Sancy ! \u2705 Mise \u00e0 jour pour vous en temps r\u00e9el ! \u2705 Pr\u00e9visions m\u00e9t\u00e9orologiques actuelles !\" \/>\n<meta property=\"og:url\" content=\"https:\/\/weather-radar-live.com\/fr\/webcam\/france\/webcam-sancy\/\" \/>\n<meta property=\"og:site_name\" content=\"weather-radar-live.com\" \/>\n<meta property=\"article:modified_time\" content=\"2022-07-19T05:56:58+00:00\" \/>\n<meta property=\"og:image\" content=\"https:\/\/weather-radar-live.com\/wp-content\/uploads\/2022\/04\/Webcam-Sancy-e1650441653692.png\" \/>\n\t<meta property=\"og:image:width\" content=\"1366\" \/>\n\t<meta property=\"og:image:height\" content=\"768\" \/>\n\t<meta property=\"og:image:type\" content=\"image\/png\" \/>\n<meta name=\"twitter:card\" content=\"summary_large_image\" \/>\n<meta name=\"twitter:label1\" content=\"Dur\u00e9e de lecture estim\u00e9e\" \/>\n\t<meta name=\"twitter:data1\" content=\"4 minutes\" \/>\n<script type=\"application\/ld+json\" class=\"yoast-schema-graph\">{\"@context\":\"https:\\\/\\\/schema.org\",\"@graph\":[{\"@type\":\"WebPage\",\"@id\":\"https:\\\/\\\/weather-radar-live.com\\\/fr\\\/webcam\\\/france\\\/webcam-sancy\\\/\",\"url\":\"https:\\\/\\\/weather-radar-live.com\\\/fr\\\/webcam\\\/france\\\/webcam-sancy\\\/\",\"name\":\"Webcam Sancy - weather-radar-live.com\",\"isPartOf\":{\"@id\":\"https:\\\/\\\/weather-radar-live.com\\\/#website\"},\"primaryImageOfPage\":{\"@id\":\"https:\\\/\\\/weather-radar-live.com\\\/fr\\\/webcam\\\/france\\\/webcam-sancy\\\/#primaryimage\"},\"image\":{\"@id\":\"https:\\\/\\\/weather-radar-live.com\\\/fr\\\/webcam\\\/france\\\/webcam-sancy\\\/#primaryimage\"},\"thumbnailUrl\":\"https:\\\/\\\/weather-radar-live.com\\\/wp-content\\\/uploads\\\/2022\\\/04\\\/Webcam-Sancy-e1650441653692.png\",\"datePublished\":\"2022-05-12T13:07:11+00:00\",\"dateModified\":\"2022-07-19T05:56:58+00:00\",\"description\":\"Webcam Sancy | Livecam de Sancy ! \u2705 Mise \u00e0 jour pour vous en temps r\u00e9el ! \u2705 Pr\u00e9visions m\u00e9t\u00e9orologiques actuelles !\",\"breadcrumb\":{\"@id\":\"https:\\\/\\\/weather-radar-live.com\\\/fr\\\/webcam\\\/france\\\/webcam-sancy\\\/#breadcrumb\"},\"inLanguage\":\"fr-FR\",\"potentialAction\":[{\"@type\":\"ReadAction\",\"target\":[\"https:\\\/\\\/weather-radar-live.com\\\/fr\\\/webcam\\\/france\\\/webcam-sancy\\\/\"]}]},{\"@type\":\"ImageObject\",\"inLanguage\":\"fr-FR\",\"@id\":\"https:\\\/\\\/weather-radar-live.com\\\/fr\\\/webcam\\\/france\\\/webcam-sancy\\\/#primaryimage\",\"url\":\"https:\\\/\\\/weather-radar-live.com\\\/wp-content\\\/uploads\\\/2022\\\/04\\\/Webcam-Sancy-e1650441653692.png\",\"contentUrl\":\"https:\\\/\\\/weather-radar-live.com\\\/wp-content\\\/uploads\\\/2022\\\/04\\\/Webcam-Sancy-e1650441653692.png\",\"width\":1366,\"height\":768,\"caption\":\"Webcam Sancy\"},{\"@type\":\"BreadcrumbList\",\"@id\":\"https:\\\/\\\/weather-radar-live.com\\\/fr\\\/webcam\\\/france\\\/webcam-sancy\\\/#breadcrumb\",\"itemListElement\":[{\"@type\":\"ListItem\",\"position\":1,\"name\":\"Weather Radar Live\",\"item\":\"https:\\\/\\\/weather-radar-live.com\\\/fr\\\/\"},{\"@type\":\"ListItem\",\"position\":2,\"name\":\"Webcam\",\"item\":\"https:\\\/\\\/weather-radar-live.com\\\/fr\\\/webcam\\\/\"},{\"@type\":\"ListItem\",\"position\":3,\"name\":\"France\",\"item\":\"https:\\\/\\\/weather-radar-live.com\\\/fr\\\/webcam\\\/france\\\/\"},{\"@type\":\"ListItem\",\"position\":4,\"name\":\"Webcam Sancy\"}]},{\"@type\":\"WebSite\",\"@id\":\"https:\\\/\\\/weather-radar-live.com\\\/#website\",\"url\":\"https:\\\/\\\/weather-radar-live.com\\\/\",\"name\":\"weather-radar-live.com\",\"description\":\"Your weather and sky radar.\",\"publisher\":{\"@id\":\"https:\\\/\\\/weather-radar-live.com\\\/#organization\"},\"potentialAction\":[{\"@type\":\"SearchAction\",\"target\":{\"@type\":\"EntryPoint\",\"urlTemplate\":\"https:\\\/\\\/weather-radar-live.com\\\/?s={search_term_string}\"},\"query-input\":{\"@type\":\"PropertyValueSpecification\",\"valueRequired\":true,\"valueName\":\"search_term_string\"}}],\"inLanguage\":\"fr-FR\"},{\"@type\":\"Organization\",\"@id\":\"https:\\\/\\\/weather-radar-live.com\\\/#organization\",\"name\":\"weather-radar-live.com\",\"url\":\"https:\\\/\\\/weather-radar-live.com\\\/\",\"logo\":{\"@type\":\"ImageObject\",\"inLanguage\":\"fr-FR\",\"@id\":\"https:\\\/\\\/weather-radar-live.com\\\/#\\\/schema\\\/logo\\\/image\\\/\",\"url\":\"https:\\\/\\\/weather-radar-live.com\\\/wp-content\\\/uploads\\\/2022\\\/03\\\/cropped-WRL2503.png\",\"contentUrl\":\"https:\\\/\\\/weather-radar-live.com\\\/wp-content\\\/uploads\\\/2022\\\/03\\\/cropped-WRL2503.png\",\"width\":1920,\"height\":555,\"caption\":\"weather-radar-live.com\"},\"image\":{\"@id\":\"https:\\\/\\\/weather-radar-live.com\\\/#\\\/schema\\\/logo\\\/image\\\/\"}}]}<\/script>\n<!-- \/ Yoast SEO plugin. -->","yoast_head_json":{"title":"Webcam Sancy - weather-radar-live.com","description":"Webcam Sancy | Livecam de Sancy ! \u2705 Mise \u00e0 jour pour vous en temps r\u00e9el ! \u2705 Pr\u00e9visions m\u00e9t\u00e9orologiques actuelles !","robots":{"index":"index","follow":"follow","max-snippet":"max-snippet:-1","max-image-preview":"max-image-preview:large","max-video-preview":"max-video-preview:-1"},"canonical":"https:\/\/weather-radar-live.com\/fr\/webcam\/france\/webcam-sancy\/","og_locale":"fr_FR","og_type":"article","og_title":"Webcam Sancy - weather-radar-live.com","og_description":"Webcam Sancy | Livecam de Sancy ! \u2705 Mise \u00e0 jour pour vous en temps r\u00e9el ! \u2705 Pr\u00e9visions m\u00e9t\u00e9orologiques actuelles !","og_url":"https:\/\/weather-radar-live.com\/fr\/webcam\/france\/webcam-sancy\/","og_site_name":"weather-radar-live.com","article_modified_time":"2022-07-19T05:56:58+00:00","og_image":[{"width":1366,"height":768,"url":"https:\/\/weather-radar-live.com\/wp-content\/uploads\/2022\/04\/Webcam-Sancy-e1650441653692.png","type":"image\/png"}],"twitter_card":"summary_large_image","twitter_misc":{"Dur\u00e9e de lecture estim\u00e9e":"4 minutes"},"schema":{"@context":"https:\/\/schema.org","@graph":[{"@type":"WebPage","@id":"https:\/\/weather-radar-live.com\/fr\/webcam\/france\/webcam-sancy\/","url":"https:\/\/weather-radar-live.com\/fr\/webcam\/france\/webcam-sancy\/","name":"Webcam Sancy - weather-radar-live.com","isPartOf":{"@id":"https:\/\/weather-radar-live.com\/#website"},"primaryImageOfPage":{"@id":"https:\/\/weather-radar-live.com\/fr\/webcam\/france\/webcam-sancy\/#primaryimage"},"image":{"@id":"https:\/\/weather-radar-live.com\/fr\/webcam\/france\/webcam-sancy\/#primaryimage"},"thumbnailUrl":"https:\/\/weather-radar-live.com\/wp-content\/uploads\/2022\/04\/Webcam-Sancy-e1650441653692.png","datePublished":"2022-05-12T13:07:11+00:00","dateModified":"2022-07-19T05:56:58+00:00","description":"Webcam Sancy | Livecam de Sancy ! \u2705 Mise \u00e0 jour pour vous en temps r\u00e9el ! \u2705 Pr\u00e9visions m\u00e9t\u00e9orologiques actuelles !","breadcrumb":{"@id":"https:\/\/weather-radar-live.com\/fr\/webcam\/france\/webcam-sancy\/#breadcrumb"},"inLanguage":"fr-FR","potentialAction":[{"@type":"ReadAction","target":["https:\/\/weather-radar-live.com\/fr\/webcam\/france\/webcam-sancy\/"]}]},{"@type":"ImageObject","inLanguage":"fr-FR","@id":"https:\/\/weather-radar-live.com\/fr\/webcam\/france\/webcam-sancy\/#primaryimage","url":"https:\/\/weather-radar-live.com\/wp-content\/uploads\/2022\/04\/Webcam-Sancy-e1650441653692.png","contentUrl":"https:\/\/weather-radar-live.com\/wp-content\/uploads\/2022\/04\/Webcam-Sancy-e1650441653692.png","width":1366,"height":768,"caption":"Webcam Sancy"},{"@type":"BreadcrumbList","@id":"https:\/\/weather-radar-live.com\/fr\/webcam\/france\/webcam-sancy\/#breadcrumb","itemListElement":[{"@type":"ListItem","position":1,"name":"Weather Radar Live","item":"https:\/\/weather-radar-live.com\/fr\/"},{"@type":"ListItem","position":2,"name":"Webcam","item":"https:\/\/weather-radar-live.com\/fr\/webcam\/"},{"@type":"ListItem","position":3,"name":"France","item":"https:\/\/weather-radar-live.com\/fr\/webcam\/france\/"},{"@type":"ListItem","position":4,"name":"Webcam Sancy"}]},{"@type":"WebSite","@id":"https:\/\/weather-radar-live.com\/#website","url":"https:\/\/weather-radar-live.com\/","name":"weather-radar-live.com","description":"Your weather and sky radar.","publisher":{"@id":"https:\/\/weather-radar-live.com\/#organization"},"potentialAction":[{"@type":"SearchAction","target":{"@type":"EntryPoint","urlTemplate":"https:\/\/weather-radar-live.com\/?s={search_term_string}"},"query-input":{"@type":"PropertyValueSpecification","valueRequired":true,"valueName":"search_term_string"}}],"inLanguage":"fr-FR"},{"@type":"Organization","@id":"https:\/\/weather-radar-live.com\/#organization","name":"weather-radar-live.com","url":"https:\/\/weather-radar-live.com\/","logo":{"@type":"ImageObject","inLanguage":"fr-FR","@id":"https:\/\/weather-radar-live.com\/#\/schema\/logo\/image\/","url":"https:\/\/weather-radar-live.com\/wp-content\/uploads\/2022\/03\/cropped-WRL2503.png","contentUrl":"https:\/\/weather-radar-live.com\/wp-content\/uploads\/2022\/03\/cropped-WRL2503.png","width":1920,"height":555,"caption":"weather-radar-live.com"},"image":{"@id":"https:\/\/weather-radar-live.com\/#\/schema\/logo\/image\/"}}]}},"_links":{"self":[{"href":"https:\/\/weather-radar-live.com\/fr\/wp-json\/wp\/v2\/pages\/4036","targetHints":{"allow":["GET"]}}],"collection":[{"href":"https:\/\/weather-radar-live.com\/fr\/wp-json\/wp\/v2\/pages"}],"about":[{"href":"https:\/\/weather-radar-live.com\/fr\/wp-json\/wp\/v2\/types\/page"}],"author":[{"embeddable":true,"href":"https:\/\/weather-radar-live.com\/fr\/wp-json\/wp\/v2\/users\/1"}],"replies":[{"embeddable":true,"href":"https:\/\/weather-radar-live.com\/fr\/wp-json\/wp\/v2\/comments?post=4036"}],"version-history":[{"count":3,"href":"https:\/\/weather-radar-live.com\/fr\/wp-json\/wp\/v2\/pages\/4036\/revisions"}],"predecessor-version":[{"id":4929,"href":"https:\/\/weather-radar-live.com\/fr\/wp-json\/wp\/v2\/pages\/4036\/revisions\/4929"}],"up":[{"embeddable":true,"href":"https:\/\/weather-radar-live.com\/fr\/wp-json\/wp\/v2\/pages\/3155"}],"wp:featuredmedia":[{"embeddable":true,"href":"https:\/\/weather-radar-live.com\/fr\/wp-json\/wp\/v2\/media\/3735"}],"wp:attachment":[{"href":"https:\/\/weather-radar-live.com\/fr\/wp-json\/wp\/v2\/media?parent=4036"}],"curies":[{"name":"wp","href":"https:\/\/api.w.org\/{rel}","templated":true}]}}