{"id":4032,"date":"2022-05-12T15:04:37","date_gmt":"2022-05-12T13:04:37","guid":{"rendered":"https:\/\/weather-radar-live.com\/?page_id=4032"},"modified":"2022-07-19T07:56:35","modified_gmt":"2022-07-19T05:56:35","slug":"webcam-saint-malo","status":"publish","type":"page","link":"https:\/\/weather-radar-live.com\/fr\/webcam\/france\/webcam-saint-malo\/","title":{"rendered":"Webcam Saint-Malo"},"content":{"rendered":"<div id=\"weath-4223879153\" class=\"weath-vor-dem-inhalt weath-entity-placement\" style=\"margin-top: 15px;margin-right: 25px;margin-bottom: 40px;margin-left: 25px;\"><script async src=\"\/\/pagead2.googlesyndication.com\/pagead\/js\/adsbygoogle.js?client=ca-pub-8960936133935804\" crossorigin=\"anonymous\"><\/script><ins class=\"adsbygoogle\" style=\"display:block;\" data-ad-client=\"ca-pub-8960936133935804\" \ndata-ad-slot=\"6172817020\" \ndata-ad-format=\"auto\"><\/ins>\n<script> \n(adsbygoogle = window.adsbygoogle || []).push({}); \n<\/script>\n<\/div>\n<div class=\"wp-block-cover alignfull is-light\"><span aria-hidden=\"true\" class=\"wp-block-cover__gradient-background has-background-dim\"><\/span><img decoding=\"async\" class=\"wp-block-cover__image-background wp-image-342\" alt=\"Webcam Saint-Malo\" src=\"https:\/\/weather-radar-live.com\/wp-content\/uploads\/2021\/06\/sam-schooler-E9aetBe2w40-unsplash-e1622554814366.jpg\" data-object-fit=\"cover\"\/><div class=\"wp-block-cover__inner-container is-layout-flow wp-block-cover-is-layout-flow\">\n<h2 class=\"has-text-align-center heading wp-block-heading\" id=\"webcam-fort-mahon\" style=\"font-size:40px\"><strong><mark style=\"background-color:rgba(0, 0, 0, 0)\" class=\"has-inline-color has-base-3-color\">WEBCAM <\/mark><\/strong><br><strong><mark style=\"background-color:rgba(0, 0, 0, 0)\" class=\"has-inline-color has-base-3-color\"><strong>SAINT-MALO<\/strong><\/mark><\/strong><\/h2>\n<\/div><\/div>\n\n\n<div class=\"yoast-breadcrumbs\"><span><span><a href=\"https:\/\/weather-radar-live.com\/fr\/\">Weather Radar Live<\/a><\/span> \u00bb <span><a href=\"https:\/\/weather-radar-live.com\/fr\/webcam\/\">Webcam<\/a><\/span> \u00bb <span><a href=\"https:\/\/weather-radar-live.com\/fr\/webcam\/france\/\">France<\/a><\/span> \u00bb <span class=\"breadcrumb_last\" aria-current=\"page\"><strong>Webcam Saint-Malo<\/strong><\/span><\/span><\/div>\n\n\n<h2 class=\"has-text-align-center wp-block-heading\" id=\"webcam-fort-mahon\"><strong>Webcam <strong>Saint-Malo<\/strong><\/strong><\/h2>\n\n\n\n<p>Saint-Malo est un port maritime historique du nord-ouest de la France, dans le d\u00e9partement de l&rsquo;Ille-et-Vilaine en Bretagne. Il est situ\u00e9 sur la rive droite de l&rsquo;estuaire de la Rance, sur la c\u00f4te de la Manche. Une ancienne chauss\u00e9e et une avenue relient la vieille ville fortifi\u00e9e au continent en enjambant le port int\u00e9rieur. Elle a traditionnellement \u00e9t\u00e9 un centre pour les aventuriers de la mer et poss\u00e8de toujours une atmosph\u00e8re romantique, avec une multitude de voiliers et une architecture charmante. Avec des tonnes de lieux incontournables et des points de vue \u00e9poustouflants, Saint-Malo est le lieu le plus visit\u00e9 de Bretagne. La meilleure saison de Saint-Malo se situe entre la mi-mai et la mi-septembre, car c&rsquo;est la p\u00e9riode la plus douce et la plus ensoleill\u00e9e de l&rsquo;ann\u00e9e. Pendant ces mois, il peut encore faire frais la nuit, c&rsquo;est pourquoi il est bon d&#8217;emporter un pull ou un sweat-shirt et une veste l\u00e9g\u00e8re.<\/p>\n\n\n\n<div class=\"wp-block-columns is-layout-flex wp-container-core-columns-is-layout-9d6595d7 wp-block-columns-is-layout-flex\">\n<div class=\"wp-block-column webcam-column is-layout-flow wp-block-column-is-layout-flow\">\n<h3 class=\"has-text-align-center live-emoji wp-block-heading\"> \ud83d\udd34 <strong>Webcam Saint-Malo <\/strong>Port<\/h3>\n\n\n\n<a name=\"windy-webcam-timelapse-player\" data-id=\"1595978700\" data-play=\"day\" href=\"https:\/\/windy.com\/webcams\/1595978700\" target=\"_blank\" rel=\"noopener\">Saint-Malo : Le Port<\/a><script async=\"\" type=\"text\/javascript\" src=\"https:\/\/webcams.windy.com\/webcams\/public\/embed\/script\/player.js\"><\/script>\n\n\n\n<p><\/p>\n\n\n\n<div class=\"wp-block-columns is-layout-flex wp-container-core-columns-is-layout-9d6595d7 wp-block-columns-is-layout-flex\">\n<div class=\"wp-block-column webcam-column is-layout-flow wp-block-column-is-layout-flow\">\n<h3 class=\"has-text-align-center live-emoji wp-block-heading\"><strong> \ud83d\udd34 Webcam Saint-Malo<\/strong> Vue d&rsquo;ensemble<\/h3>\n\n\n\n<figure class=\"wp-block-embed is-type-video is-provider-youtube wp-block-embed-youtube wp-embed-aspect-16-9 wp-has-aspect-ratio\"><div class=\"wp-block-embed__wrapper\">\n<iframe loading=\"lazy\" title=\"Webcam Saint-Malo\" width=\"1200\" height=\"675\" src=\"https:\/\/www.youtube.com\/embed\/J3xg6-S2bFU?feature=oembed\" frameborder=\"0\" allow=\"accelerometer; autoplay; clipboard-write; encrypted-media; gyroscope; picture-in-picture\" allowfullscreen><\/iframe>\n<\/div><\/figure>\n<\/div>\n\n\n\n<div class=\"wp-block-column is-layout-flow wp-block-column-is-layout-flow\">\n<h3 class=\"has-text-align-center wp-block-heading\"><strong> \ud83d\udd34 Webcam Saint Malo<\/strong><\/h3>\n\n\n\n<a name=\"windy-webcam-timelapse-player\" data-id=\"1558958067\" data-play=\"day\" href=\"https:\/\/windy.com\/webcams\/1558958067\" target=\"_blank\" rel=\"noopener\">Saint-Malo : Les _ Forts<\/a><script async=\"\" type=\"text\/javascript\" src=\"https:\/\/webcams.windy.com\/webcams\/public\/embed\/script\/player.js\"><\/script>\n<\/div>\n<\/div>\n\n\n\n<div class=\"wp-block-columns webcam-spalte is-layout-flex wp-container-core-columns-is-layout-9d6595d7 wp-block-columns-is-layout-flex\">\n<div class=\"wp-block-column is-layout-flow wp-block-column-is-layout-flow\">\n<h3 class=\"has-text-align-center wp-block-heading\"><strong> \ud83d\udd34 Webcam Saint-Malo<\/strong> Village<\/h3>\n\n\n\n<figure class=\"wp-block-embed is-type-video is-provider-youtube wp-block-embed-youtube wp-embed-aspect-16-9 wp-has-aspect-ratio\"><div class=\"wp-block-embed__wrapper\">\n<iframe loading=\"lazy\" title=\"Webcam Saint-Malo\" width=\"1200\" height=\"675\" src=\"https:\/\/www.youtube.com\/embed\/J3xg6-S2bFU?feature=oembed\" frameborder=\"0\" allow=\"accelerometer; autoplay; clipboard-write; encrypted-media; gyroscope; picture-in-picture\" allowfullscreen><\/iframe>\n<\/div><\/figure>\n<\/div>\n\n\n\n<div class=\"wp-block-column is-layout-flow wp-block-column-is-layout-flow\">\n<h3 class=\"has-text-align-center wp-block-heading\"><strong><strong> \ud83d\udd34 Webcam <\/strong><\/strong> Saint-Malo Port <\/h3>\n\n\n\n<figure class=\"wp-block-embed is-type-video is-provider-youtube wp-block-embed-youtube wp-embed-aspect-16-9 wp-has-aspect-ratio\"><div class=\"wp-block-embed__wrapper\">\n<iframe loading=\"lazy\" title=\"Webcam Saint-Malo - Le Port\" width=\"1200\" height=\"675\" src=\"https:\/\/www.youtube.com\/embed\/p6nAlz4_bdI?feature=oembed\" frameborder=\"0\" allow=\"accelerometer; autoplay; clipboard-write; encrypted-media; gyroscope; picture-in-picture\" allowfullscreen><\/iframe>\n<\/div><\/figure>\n<\/div>\n<\/div>\n<\/div>\n<\/div>\n\n\n\n<h2 class=\"wp-block-heading\" id=\"fort-mahon-today\"><strong>Radar m\u00e9t\u00e9o Saint-Malo<\/strong> &#8211; <strong>La m\u00e9t\u00e9o \u00e0 Saint-Malo<\/strong><\/h2>\n\n\n\n<p>Gr\u00e2ce au <a href=\"https:\/\/weather-radar-live.com\/fr\/\"><strong>radar m\u00e9t\u00e9o en direct<\/strong><\/a>, vous pouvez voir en temps r\u00e9el les <a href=\"https:\/\/weather-radar-live.com\/fr\/radar-nuages\/\"><strong>nuages<\/strong><\/a>, les <a href=\"https:\/\/weather-radar-live.com\/fr\/radar-pluie\/\"><strong>pr\u00e9cipitations<\/strong><\/a>, les <a href=\"https:\/\/weather-radar-live.com\/fr\/tornades-en-direct\/\"><strong>tornades<\/strong><\/a>, les <a href=\"https:\/\/weather-radar-live.com\/fr\/orage-en-direct\/\"><strong>orages<\/strong><\/a>, etc. Ces informations vous aident \u00e0 planifier votre voyage au bon moment et \u00e0 vous tenir au courant du temps actuel et des pr\u00e9visions m\u00e9t\u00e9orologiques. En outre, vous pouvez visualiser les images des conditions m\u00e9t\u00e9orologiques g\u00e9n\u00e9rales. Et en utilisant + ou &#8211; en haut \u00e0 droite, vous pouvez d\u00e9placer la zone souhait\u00e9e.<\/p><div id=\"weath-2551109442\" class=\"weath-inhalt_2 weath-entity-placement\" style=\"margin-top: 15px;margin-right: 25px;margin-bottom: 35px;margin-left: 25px;\"><script async src=\"\/\/pagead2.googlesyndication.com\/pagead\/js\/adsbygoogle.js?client=ca-pub-8960936133935804\" crossorigin=\"anonymous\"><\/script><ins class=\"adsbygoogle\" style=\"display:block;\" data-ad-client=\"ca-pub-8960936133935804\" \ndata-ad-slot=\"1963584050\" \ndata-ad-format=\"auto\"><\/ins>\n<script> \n(adsbygoogle = window.adsbygoogle || []).push({}); \n<\/script>\n<\/div>\n\n\n\n<div class=\"wp-block-columns is-layout-flex wp-container-core-columns-is-layout-9d6595d7 wp-block-columns-is-layout-flex\">\n<div class=\"wp-block-column is-layout-flow wp-block-column-is-layout-flow\" style=\"flex-basis:75%\">\n<iframe loading=\"lazy\" width=\"1300\" height=\"502\" src=\"https:\/\/embed.windy.com\/embed2.html?lat=48.651&amp;lon=-3.671&amp;detailLat=48.651&amp;detailLon=-3.671&amp;width=1300&amp;height=502&amp;zoom=8&amp;level=surface&amp;overlay=wind&amp;product=ecmwf&amp;menu=&amp;message=&amp;marker=&amp;calendar=now&amp;pressure=&amp;type=map&amp;location=coordinates&amp;detail=&amp;metricWind=default&amp;metricTemp=default&amp;radarRange=-1\" frameborder=\"0\"><\/iframe>\n<\/div>\n\n\n\n<div class=\"wp-block-column is-layout-flow wp-block-column-is-layout-flow\" style=\"flex-basis:25%\">\n<a class=\"weatherwidget-io\" href=\"https:\/\/forecast7.com\/en\/48d65n2d03\/st-malo\/\" data-label_1=\"SAINT-MALO\" data-font=\"Roboto\" data-theme=\"original\">SAINT-MALO<\/a>\n<script>\n!function(d,s,id){var js,fjs=d.getElementsByTagName(s)[0];if(!d.getElementById(id)){js=d.createElement(s);js.id=id;js.src='https:\/\/weatherwidget.io\/js\/widget.min.js';fjs.parentNode.insertBefore(js,fjs);}}(document,'script','weatherwidget-io-js') ;\n<\/script>\n<\/div>\n<\/div>\n\n\n\n<h2 class=\"wp-block-heading\" id=\"fort-mahon-weather\"><strong><strong>Le climat de Saint-Malo<\/strong><\/strong><\/h2>\n\n\n\n<p>Saint-Malo conna\u00eet un climat oc\u00e9anique toute l&rsquo;ann\u00e9e &#8211; frais et humide, mais surtout venteux et pluvieux en automne et en hiver. Pendant l&rsquo;\u00e9t\u00e9, il y a beaucoup de soleil.<\/p>\n\n\n\n<p>La ville se trouve le long de la c\u00f4te nord de la Bretagne, dans le nord-ouest de la France. Dans le golfe de Saint-Malo se trouvent les \u00eeles Anglo-Normandes de Grande-Bretagne.<\/p>\n\n\n\n<p>Ici, le temps hivernal est plus doux que dans le reste du nord de la France en raison des courants oc\u00e9aniques et des vents dominants du sud. Au contraire, le ciel est souvent couvert, l&rsquo;humidit\u00e9 est \u00e9lev\u00e9e, et le vent est parfois mod\u00e9r\u00e9 \u00e0 fort, ainsi que de fortes pr\u00e9cipitations.<\/p>\n\n\n\n<p><strong>Temp\u00e9rature <\/strong><\/p>\n\n\n\n<p>En janvier, la temp\u00e9rature moyenne est de 6,5 \u00b0C ou 43,7 \u00b0F, et en juillet et ao\u00fbt, elle est de 18 \u00b0C ou 64,5 \u00b0F.<\/p>\n\n\n\n<p><strong>Pr\u00e9cipitations <\/strong><\/p>\n\n\n\n<p>il tombe 780 millim\u00e8tres de pr\u00e9cipitations par an. Dans le mois le plus sec, c&rsquo;est-\u00e0-dire en juillet, il tombe 40 mm ou 1,6 in, et dans le mois le plus humide de novembre, il tombe 95 mm ou 3,7 in. La saison des pluies dure d&rsquo;octobre \u00e0 mars.<\/p>\n\n\n\n<p><strong>Humidit\u00e9 <\/strong><\/p>\n\n\n\n<p>Janvier enregistre l&rsquo;humidit\u00e9 relative la plus \u00e9lev\u00e9e (82,13 %). En septembre, l&rsquo;humidit\u00e9 relative est la plus faible (75,53 %).<\/p>\n\n\n\n<h2 class=\"wp-block-heading\"><strong><strong>La Cour La Hussaye<\/strong> <\/strong><\/h2>\n\n\n\n<p>Au c\u0153ur de Saint-Malo se trouve une tourelle de conte de f\u00e9es nomm\u00e9e La Cour La Hussaye. De nombreuses cartes postales anciennes de la ville la d\u00e9signent comme la \u00ab\u00a0Maison de la Duchesse Anne\u00a0\u00bb Il s&rsquo;agirait du plus ancien b\u00e2timent de la ville, la Maison Hussaye. Bien qu&rsquo;elle ait \u00e9t\u00e9 construite au 15e si\u00e8cle, la tourelle a \u00e9t\u00e9 d\u00e9molie et reconstruite des si\u00e8cles plus tard. La maison et la tour ont en quelque sorte \u00e9chapp\u00e9 \u00e0 la destruction pendant la bataille pour la ville en 1944, bien qu&rsquo;une grande partie de la ville ait \u00e9t\u00e9 d\u00e9truite. Elle pr\u00e9sente une silhouette unique gr\u00e2ce aux fa\u00e7ades et aux tours qui s&rsquo;\u00e9l\u00e8vent de ses fortifications. Vous pouvez profiter de vues magnifiques depuis son chemin de ronde !<\/p>\n","protected":false},"excerpt":{"rendered":"<p>Webcam Saint-Malo Saint-Malo est un port maritime historique du nord-ouest de la France, dans le d\u00e9partement de l&rsquo;Ille-et-Vilaine en Bretagne. Il est situ\u00e9 sur la rive droite de l&rsquo;estuaire de la Rance, sur la c\u00f4te de la Manche. Une ancienne chauss\u00e9e et une avenue relient la vieille ville fortifi\u00e9e au continent en enjambant le port &#8230; <a title=\"Webcam Saint-Malo\" class=\"read-more\" href=\"https:\/\/weather-radar-live.com\/fr\/webcam\/france\/webcam-saint-malo\/\" aria-label=\"En savoir plus sur Webcam Saint-Malo\">Lire la suite<\/a><\/p>\n","protected":false},"author":1,"featured_media":3787,"parent":3155,"menu_order":0,"comment_status":"closed","ping_status":"closed","template":"","meta":{"footnotes":""},"class_list":["post-4032","page","type-page","status-publish","has-post-thumbnail"],"yoast_head":"<!-- This site is optimized with the Yoast SEO plugin v27.3 - https:\/\/yoast.com\/product\/yoast-seo-wordpress\/ -->\n<title>Webcam Saint-Malo - weather-radar-live.com<\/title>\n<meta name=\"description\" content=\"Webcam Saint-Malo | Livecam de Saint-Malo ! \u2705 Mise \u00e0 jour pour vous en temps r\u00e9el ! \u2705 Pr\u00e9visions m\u00e9t\u00e9orologiques actuelles !\" \/>\n<meta name=\"robots\" content=\"index, follow, max-snippet:-1, max-image-preview:large, max-video-preview:-1\" \/>\n<link rel=\"canonical\" href=\"https:\/\/weather-radar-live.com\/fr\/webcam\/france\/webcam-saint-malo\/\" \/>\n<meta property=\"og:locale\" content=\"fr_FR\" \/>\n<meta property=\"og:type\" content=\"article\" \/>\n<meta property=\"og:title\" content=\"Webcam Saint-Malo - weather-radar-live.com\" \/>\n<meta property=\"og:description\" content=\"Webcam Saint-Malo | Livecam de Saint-Malo ! \u2705 Mise \u00e0 jour pour vous en temps r\u00e9el ! \u2705 Pr\u00e9visions m\u00e9t\u00e9orologiques actuelles !\" \/>\n<meta property=\"og:url\" content=\"https:\/\/weather-radar-live.com\/fr\/webcam\/france\/webcam-saint-malo\/\" \/>\n<meta property=\"og:site_name\" content=\"weather-radar-live.com\" \/>\n<meta property=\"article:modified_time\" content=\"2022-07-19T05:56:35+00:00\" \/>\n<meta property=\"og:image\" content=\"https:\/\/weather-radar-live.com\/wp-content\/uploads\/2021\/06\/sam-schooler-E9aetBe2w40-unsplash-e1622554814366.jpg\" \/>\n<meta name=\"twitter:card\" content=\"summary_large_image\" \/>\n<meta name=\"twitter:label1\" content=\"Dur\u00e9e de lecture estim\u00e9e\" \/>\n\t<meta name=\"twitter:data1\" content=\"3 minutes\" \/>\n<script type=\"application\/ld+json\" class=\"yoast-schema-graph\">{\"@context\":\"https:\\\/\\\/schema.org\",\"@graph\":[{\"@type\":\"WebPage\",\"@id\":\"https:\\\/\\\/weather-radar-live.com\\\/fr\\\/webcam\\\/france\\\/webcam-saint-malo\\\/\",\"url\":\"https:\\\/\\\/weather-radar-live.com\\\/fr\\\/webcam\\\/france\\\/webcam-saint-malo\\\/\",\"name\":\"Webcam Saint-Malo - weather-radar-live.com\",\"isPartOf\":{\"@id\":\"https:\\\/\\\/weather-radar-live.com\\\/#website\"},\"primaryImageOfPage\":{\"@id\":\"https:\\\/\\\/weather-radar-live.com\\\/fr\\\/webcam\\\/france\\\/webcam-saint-malo\\\/#primaryimage\"},\"image\":{\"@id\":\"https:\\\/\\\/weather-radar-live.com\\\/fr\\\/webcam\\\/france\\\/webcam-saint-malo\\\/#primaryimage\"},\"thumbnailUrl\":\"https:\\\/\\\/weather-radar-live.com\\\/wp-content\\\/uploads\\\/2022\\\/04\\\/Webcams-Saint-Malo.jpg\",\"datePublished\":\"2022-05-12T13:04:37+00:00\",\"dateModified\":\"2022-07-19T05:56:35+00:00\",\"description\":\"Webcam Saint-Malo | Livecam de Saint-Malo ! \u2705 Mise \u00e0 jour pour vous en temps r\u00e9el ! \u2705 Pr\u00e9visions m\u00e9t\u00e9orologiques actuelles !\",\"breadcrumb\":{\"@id\":\"https:\\\/\\\/weather-radar-live.com\\\/fr\\\/webcam\\\/france\\\/webcam-saint-malo\\\/#breadcrumb\"},\"inLanguage\":\"fr-FR\",\"potentialAction\":[{\"@type\":\"ReadAction\",\"target\":[\"https:\\\/\\\/weather-radar-live.com\\\/fr\\\/webcam\\\/france\\\/webcam-saint-malo\\\/\"]}]},{\"@type\":\"ImageObject\",\"inLanguage\":\"fr-FR\",\"@id\":\"https:\\\/\\\/weather-radar-live.com\\\/fr\\\/webcam\\\/france\\\/webcam-saint-malo\\\/#primaryimage\",\"url\":\"https:\\\/\\\/weather-radar-live.com\\\/wp-content\\\/uploads\\\/2022\\\/04\\\/Webcams-Saint-Malo.jpg\",\"contentUrl\":\"https:\\\/\\\/weather-radar-live.com\\\/wp-content\\\/uploads\\\/2022\\\/04\\\/Webcams-Saint-Malo.jpg\",\"width\":1762,\"height\":953,\"caption\":\"Webcams-Saint-Malo\"},{\"@type\":\"BreadcrumbList\",\"@id\":\"https:\\\/\\\/weather-radar-live.com\\\/fr\\\/webcam\\\/france\\\/webcam-saint-malo\\\/#breadcrumb\",\"itemListElement\":[{\"@type\":\"ListItem\",\"position\":1,\"name\":\"Weather Radar Live\",\"item\":\"https:\\\/\\\/weather-radar-live.com\\\/fr\\\/\"},{\"@type\":\"ListItem\",\"position\":2,\"name\":\"Webcam\",\"item\":\"https:\\\/\\\/weather-radar-live.com\\\/fr\\\/webcam\\\/\"},{\"@type\":\"ListItem\",\"position\":3,\"name\":\"France\",\"item\":\"https:\\\/\\\/weather-radar-live.com\\\/fr\\\/webcam\\\/france\\\/\"},{\"@type\":\"ListItem\",\"position\":4,\"name\":\"Webcam Saint-Malo\"}]},{\"@type\":\"WebSite\",\"@id\":\"https:\\\/\\\/weather-radar-live.com\\\/#website\",\"url\":\"https:\\\/\\\/weather-radar-live.com\\\/\",\"name\":\"weather-radar-live.com\",\"description\":\"Your weather and sky radar.\",\"publisher\":{\"@id\":\"https:\\\/\\\/weather-radar-live.com\\\/#organization\"},\"potentialAction\":[{\"@type\":\"SearchAction\",\"target\":{\"@type\":\"EntryPoint\",\"urlTemplate\":\"https:\\\/\\\/weather-radar-live.com\\\/?s={search_term_string}\"},\"query-input\":{\"@type\":\"PropertyValueSpecification\",\"valueRequired\":true,\"valueName\":\"search_term_string\"}}],\"inLanguage\":\"fr-FR\"},{\"@type\":\"Organization\",\"@id\":\"https:\\\/\\\/weather-radar-live.com\\\/#organization\",\"name\":\"weather-radar-live.com\",\"url\":\"https:\\\/\\\/weather-radar-live.com\\\/\",\"logo\":{\"@type\":\"ImageObject\",\"inLanguage\":\"fr-FR\",\"@id\":\"https:\\\/\\\/weather-radar-live.com\\\/#\\\/schema\\\/logo\\\/image\\\/\",\"url\":\"https:\\\/\\\/weather-radar-live.com\\\/wp-content\\\/uploads\\\/2022\\\/03\\\/cropped-WRL2503.png\",\"contentUrl\":\"https:\\\/\\\/weather-radar-live.com\\\/wp-content\\\/uploads\\\/2022\\\/03\\\/cropped-WRL2503.png\",\"width\":1920,\"height\":555,\"caption\":\"weather-radar-live.com\"},\"image\":{\"@id\":\"https:\\\/\\\/weather-radar-live.com\\\/#\\\/schema\\\/logo\\\/image\\\/\"}}]}<\/script>\n<!-- \/ Yoast SEO plugin. -->","yoast_head_json":{"title":"Webcam Saint-Malo - weather-radar-live.com","description":"Webcam Saint-Malo | Livecam de Saint-Malo ! \u2705 Mise \u00e0 jour pour vous en temps r\u00e9el ! \u2705 Pr\u00e9visions m\u00e9t\u00e9orologiques actuelles !","robots":{"index":"index","follow":"follow","max-snippet":"max-snippet:-1","max-image-preview":"max-image-preview:large","max-video-preview":"max-video-preview:-1"},"canonical":"https:\/\/weather-radar-live.com\/fr\/webcam\/france\/webcam-saint-malo\/","og_locale":"fr_FR","og_type":"article","og_title":"Webcam Saint-Malo - weather-radar-live.com","og_description":"Webcam Saint-Malo | Livecam de Saint-Malo ! \u2705 Mise \u00e0 jour pour vous en temps r\u00e9el ! \u2705 Pr\u00e9visions m\u00e9t\u00e9orologiques actuelles !","og_url":"https:\/\/weather-radar-live.com\/fr\/webcam\/france\/webcam-saint-malo\/","og_site_name":"weather-radar-live.com","article_modified_time":"2022-07-19T05:56:35+00:00","og_image":[{"url":"https:\/\/weather-radar-live.com\/wp-content\/uploads\/2021\/06\/sam-schooler-E9aetBe2w40-unsplash-e1622554814366.jpg","type":"","width":"","height":""}],"twitter_card":"summary_large_image","twitter_misc":{"Dur\u00e9e de lecture estim\u00e9e":"3 minutes"},"schema":{"@context":"https:\/\/schema.org","@graph":[{"@type":"WebPage","@id":"https:\/\/weather-radar-live.com\/fr\/webcam\/france\/webcam-saint-malo\/","url":"https:\/\/weather-radar-live.com\/fr\/webcam\/france\/webcam-saint-malo\/","name":"Webcam Saint-Malo - weather-radar-live.com","isPartOf":{"@id":"https:\/\/weather-radar-live.com\/#website"},"primaryImageOfPage":{"@id":"https:\/\/weather-radar-live.com\/fr\/webcam\/france\/webcam-saint-malo\/#primaryimage"},"image":{"@id":"https:\/\/weather-radar-live.com\/fr\/webcam\/france\/webcam-saint-malo\/#primaryimage"},"thumbnailUrl":"https:\/\/weather-radar-live.com\/wp-content\/uploads\/2022\/04\/Webcams-Saint-Malo.jpg","datePublished":"2022-05-12T13:04:37+00:00","dateModified":"2022-07-19T05:56:35+00:00","description":"Webcam Saint-Malo | Livecam de Saint-Malo ! \u2705 Mise \u00e0 jour pour vous en temps r\u00e9el ! \u2705 Pr\u00e9visions m\u00e9t\u00e9orologiques actuelles !","breadcrumb":{"@id":"https:\/\/weather-radar-live.com\/fr\/webcam\/france\/webcam-saint-malo\/#breadcrumb"},"inLanguage":"fr-FR","potentialAction":[{"@type":"ReadAction","target":["https:\/\/weather-radar-live.com\/fr\/webcam\/france\/webcam-saint-malo\/"]}]},{"@type":"ImageObject","inLanguage":"fr-FR","@id":"https:\/\/weather-radar-live.com\/fr\/webcam\/france\/webcam-saint-malo\/#primaryimage","url":"https:\/\/weather-radar-live.com\/wp-content\/uploads\/2022\/04\/Webcams-Saint-Malo.jpg","contentUrl":"https:\/\/weather-radar-live.com\/wp-content\/uploads\/2022\/04\/Webcams-Saint-Malo.jpg","width":1762,"height":953,"caption":"Webcams-Saint-Malo"},{"@type":"BreadcrumbList","@id":"https:\/\/weather-radar-live.com\/fr\/webcam\/france\/webcam-saint-malo\/#breadcrumb","itemListElement":[{"@type":"ListItem","position":1,"name":"Weather Radar Live","item":"https:\/\/weather-radar-live.com\/fr\/"},{"@type":"ListItem","position":2,"name":"Webcam","item":"https:\/\/weather-radar-live.com\/fr\/webcam\/"},{"@type":"ListItem","position":3,"name":"France","item":"https:\/\/weather-radar-live.com\/fr\/webcam\/france\/"},{"@type":"ListItem","position":4,"name":"Webcam Saint-Malo"}]},{"@type":"WebSite","@id":"https:\/\/weather-radar-live.com\/#website","url":"https:\/\/weather-radar-live.com\/","name":"weather-radar-live.com","description":"Your weather and sky radar.","publisher":{"@id":"https:\/\/weather-radar-live.com\/#organization"},"potentialAction":[{"@type":"SearchAction","target":{"@type":"EntryPoint","urlTemplate":"https:\/\/weather-radar-live.com\/?s={search_term_string}"},"query-input":{"@type":"PropertyValueSpecification","valueRequired":true,"valueName":"search_term_string"}}],"inLanguage":"fr-FR"},{"@type":"Organization","@id":"https:\/\/weather-radar-live.com\/#organization","name":"weather-radar-live.com","url":"https:\/\/weather-radar-live.com\/","logo":{"@type":"ImageObject","inLanguage":"fr-FR","@id":"https:\/\/weather-radar-live.com\/#\/schema\/logo\/image\/","url":"https:\/\/weather-radar-live.com\/wp-content\/uploads\/2022\/03\/cropped-WRL2503.png","contentUrl":"https:\/\/weather-radar-live.com\/wp-content\/uploads\/2022\/03\/cropped-WRL2503.png","width":1920,"height":555,"caption":"weather-radar-live.com"},"image":{"@id":"https:\/\/weather-radar-live.com\/#\/schema\/logo\/image\/"}}]}},"_links":{"self":[{"href":"https:\/\/weather-radar-live.com\/fr\/wp-json\/wp\/v2\/pages\/4032","targetHints":{"allow":["GET"]}}],"collection":[{"href":"https:\/\/weather-radar-live.com\/fr\/wp-json\/wp\/v2\/pages"}],"about":[{"href":"https:\/\/weather-radar-live.com\/fr\/wp-json\/wp\/v2\/types\/page"}],"author":[{"embeddable":true,"href":"https:\/\/weather-radar-live.com\/fr\/wp-json\/wp\/v2\/users\/1"}],"replies":[{"embeddable":true,"href":"https:\/\/weather-radar-live.com\/fr\/wp-json\/wp\/v2\/comments?post=4032"}],"version-history":[{"count":3,"href":"https:\/\/weather-radar-live.com\/fr\/wp-json\/wp\/v2\/pages\/4032\/revisions"}],"predecessor-version":[{"id":4927,"href":"https:\/\/weather-radar-live.com\/fr\/wp-json\/wp\/v2\/pages\/4032\/revisions\/4927"}],"up":[{"embeddable":true,"href":"https:\/\/weather-radar-live.com\/fr\/wp-json\/wp\/v2\/pages\/3155"}],"wp:featuredmedia":[{"embeddable":true,"href":"https:\/\/weather-radar-live.com\/fr\/wp-json\/wp\/v2\/media\/3787"}],"wp:attachment":[{"href":"https:\/\/weather-radar-live.com\/fr\/wp-json\/wp\/v2\/media?parent=4032"}],"curies":[{"name":"wp","href":"https:\/\/api.w.org\/{rel}","templated":true}]}}