{"id":4011,"date":"2022-05-12T14:29:00","date_gmt":"2022-05-12T12:29:00","guid":{"rendered":"https:\/\/weather-radar-live.com\/?page_id=4011"},"modified":"2022-07-19T07:53:49","modified_gmt":"2022-07-19T05:53:49","slug":"webcam-le-lavandou","status":"publish","type":"page","link":"https:\/\/weather-radar-live.com\/fr\/webcam\/france\/webcam-le-lavandou\/","title":{"rendered":"Webcam Le Lavandou"},"content":{"rendered":"<div id=\"weath-4252713244\" class=\"weath-vor-dem-inhalt weath-entity-placement\" style=\"margin-top: 15px;margin-right: 25px;margin-bottom: 40px;margin-left: 25px;\"><script async src=\"\/\/pagead2.googlesyndication.com\/pagead\/js\/adsbygoogle.js?client=ca-pub-8960936133935804\" crossorigin=\"anonymous\"><\/script><ins class=\"adsbygoogle\" style=\"display:block;\" data-ad-client=\"ca-pub-8960936133935804\" \ndata-ad-slot=\"6172817020\" \ndata-ad-format=\"auto\"><\/ins>\n<script> \n(adsbygoogle = window.adsbygoogle || []).push({}); \n<\/script>\n<\/div>\n<div class=\"wp-block-cover alignfull is-light\"><span aria-hidden=\"true\" class=\"wp-block-cover__gradient-background has-background-dim\"><\/span><img decoding=\"async\" class=\"wp-block-cover__image-background wp-image-342\" alt=\"Webcam Le Lavandou\" src=\"https:\/\/weather-radar-live.com\/wp-content\/uploads\/2021\/06\/sam-schooler-E9aetBe2w40-unsplash-e1622554814366.jpg\" data-object-fit=\"cover\"\/><div class=\"wp-block-cover__inner-container is-layout-flow wp-block-cover-is-layout-flow\">\n<h2 class=\"has-text-align-center heading wp-block-heading\" id=\"webcam-fort-mahon\" style=\"font-size:40px\"><strong><mark style=\"background-color:rgba(0, 0, 0, 0)\" class=\"has-inline-color has-base-3-color\">WEBCAM <\/mark><br><mark style=\"background-color:rgba(0, 0, 0, 0)\" class=\"has-inline-color has-base-3-color\">LE LAVANDOU<\/mark><\/strong><\/h2>\n<\/div><\/div>\n\n\n<div class=\"yoast-breadcrumbs\"><span><span><a href=\"https:\/\/weather-radar-live.com\/fr\/\">Weather Radar Live<\/a><\/span> \u00bb <span><a href=\"https:\/\/weather-radar-live.com\/fr\/webcam\/\">Webcam<\/a><\/span> \u00bb <span><a href=\"https:\/\/weather-radar-live.com\/fr\/webcam\/france\/\">France<\/a><\/span> \u00bb <span class=\"breadcrumb_last\" aria-current=\"page\"><strong>Webcam Le Lavandou<\/strong><\/span><\/span><\/div>\n\n\n<h2 class=\"has-text-align-center wp-block-heading\" id=\"webcam-fort-mahon\"><strong>Webcam <strong>Le Lavandou<\/strong><\/strong><\/h2>\n\n\n\n<p>Le Lavandou, commune du d\u00e9partement du Var, est une jolie petite ville du sud-est de la France. A quelques kilom\u00e8tres \u00e0 l&rsquo;est de Bormes-Les-Mimosas se trouve cette petite ville de la r\u00e9gion Provence-Alpes-C\u00f4te d&rsquo;Azur. La Lavandou tire son nom de la plante de lavande qui pousse dans la campagne proven\u00e7ale. C&rsquo;est un endroit magnifique rempli de plantes et de fleurs, situ\u00e9 sur une colline au-dessus de la ville principale. Vous pouvez \u00e9galement visiter la Presqu&rsquo;ile de Giens et les tr\u00e8s charmantes \u00celes d&rsquo;Hy\u00e8res \u00e0 l&rsquo;ouest d&rsquo;Hy\u00e8res, l&rsquo;une de nos villes pr\u00e9f\u00e9r\u00e9es le long de la c\u00f4te sud de la Provence. <\/p>\n\n\n\n<p>Si vous recherchez des activit\u00e9s par temps chaud au Lavandou, vous pouvez profiter de nombreuses activit\u00e9s de fin juin \u00e0 fin ao\u00fbt. Curieux de conna\u00eetre la m\u00e9t\u00e9o et le climat du Lavandou ? Vous trouverez ici des informations sur la m\u00e9t\u00e9o et le climat du Lavandou. Jetez-y un coup d&rsquo;\u0153il ci-dessous :<\/p><div id=\"weath-829183684\" class=\"weath-inhalt_2 weath-entity-placement\" style=\"margin-top: 15px;margin-right: 25px;margin-bottom: 35px;margin-left: 25px;\"><script async src=\"\/\/pagead2.googlesyndication.com\/pagead\/js\/adsbygoogle.js?client=ca-pub-8960936133935804\" crossorigin=\"anonymous\"><\/script><ins class=\"adsbygoogle\" style=\"display:block;\" data-ad-client=\"ca-pub-8960936133935804\" \ndata-ad-slot=\"1963584050\" \ndata-ad-format=\"auto\"><\/ins>\n<script> \n(adsbygoogle = window.adsbygoogle || []).push({}); \n<\/script>\n<\/div>\n\n\n\n<h3 class=\"has-text-align-center wp-block-heading\">\ud83d\udd34 <strong>Webcam <strong><strong>Le Lavandou<\/strong><\/strong><\/strong> La Fosette<\/h3>\n\n\n\n<figure class=\"wp-block-embed is-type-video is-provider-youtube wp-block-embed-youtube wp-embed-aspect-16-9 wp-has-aspect-ratio\"><div class=\"wp-block-embed__wrapper\">\n<iframe loading=\"lazy\" title=\"Webcam Le Lavandou - La Fossette\" width=\"1200\" height=\"675\" src=\"https:\/\/www.youtube.com\/embed\/pB9oozpY3Cw?feature=oembed\" frameborder=\"0\" allow=\"accelerometer; autoplay; clipboard-write; encrypted-media; gyroscope; picture-in-picture\" allowfullscreen><\/iframe>\n<\/div><\/figure>\n\n\n\n<h2 class=\"wp-block-heading\" id=\"fort-mahon-today\"><strong><strong>Radar m\u00e9t\u00e9o <strong><strong>Le Lavandou<\/strong><\/strong> &#8211; La m\u00e9t\u00e9o <strong><strong>Le Lavandou<\/strong><\/strong><\/strong><\/strong><\/h2>\n\n\n\n<p> Weather Radar Live dispose de webcams pour vous offrir des informations d\u00e9taill\u00e9es relatives \u00e0 la <a href=\"https:\/\/weather-radar-live.com\/fr\/radar-nuages\/\"><strong>couverture nuageuse<\/strong><\/a>, aux pr\u00e9cipitations, aux <strong><a href=\"https:\/\/weather-radar-live.com\/fr\/tornades-en-direct\/\">tornades<\/a> <\/strong>et aux <a href=\"https:\/\/weather-radar-live.com\/fr\/orage-en-direct\/\"><strong>orages<\/strong><\/a>. Il collecte les signaux et d\u00e9tecte les pr\u00e9cipitations et d&rsquo;autres facteurs, puis les affiche sur des cartes et des graphiques. Donc, si vous voulez obtenir des mises \u00e0 jour <strong><a href=\"https:\/\/weather-radar-live.com\/fr\/\">m\u00e9t\u00e9orologiques<\/a> <\/strong>en temps r\u00e9el ou si vous voulez savoir si les conditions m\u00e9t\u00e9orologiques sont appropri\u00e9es pour planifier un voyage ou non, la webcam Le Lavandou a tout pr\u00e9vu.<\/p>\n\n\n\n<div class=\"wp-block-columns is-layout-flex wp-container-core-columns-is-layout-9d6595d7 wp-block-columns-is-layout-flex\">\n<div class=\"wp-block-column is-layout-flow wp-block-column-is-layout-flow\" style=\"flex-basis:75%\">\n<iframe loading=\"lazy\" width=\"1300\" height=\"502\" src=\"https:\/\/embed.windy.com\/embed2.html?lat=43.122&amp;lon=6.460&amp;detailLat=43.124&amp;detailLon=6.370&amp;width=1300&amp;height=502&amp;zoom=11&amp;level=surface&amp;overlay=wind&amp;product=ecmwf&amp;menu=&amp;message=&amp;marker=&amp;calendar=now&amp;pressure=&amp;type=map&amp;location=coordinates&amp;detail=&amp;metricWind=default&amp;metricTemp=default&amp;radarRange=-1\" frameborder=\"0\"><\/iframe>\n<\/div>\n\n\n\n<div class=\"wp-block-column is-layout-flow wp-block-column-is-layout-flow\" style=\"flex-basis:25%\">\n<a class=\"weatherwidget-io\" href=\"https:\/\/forecast7.com\/en\/43d146d37\/le-lavandou\/\" data-label_1=\"LE LAVANDOU\" data-font=\"Roboto\" data-theme=\"original\">LE LAVANDOU<\/a>\n<script>\n!function(d,s,id){var js,fjs=d.getElementsByTagName(s)[0];if(!d.getElementById(id)){js=d.createElement(s);js.id=id;js.src='https:\/\/weatherwidget.io\/js\/widget.min.js';fjs.parentNode.insertBefore(js,fjs);}}(document,'script','weatherwidget-io-js') ;\n<\/script>\n<\/div>\n<\/div>\n\n\n\n<h2 class=\"wp-block-heading\"><strong>Le climat du Lavandou <\/strong><\/h2>\n\n\n\n<p>Le Lavandou est situ\u00e9 dans l&rsquo;h\u00e9misph\u00e8re nord. Le Lavandou jouit d&rsquo;un climat chaud et temp\u00e9r\u00e9. Au Lavandou, les hivers sont beaucoup plus pluvieux que les \u00e9t\u00e9s.<\/p>\n\n\n\n<p><strong>Temp\u00e9rature <\/strong><\/p>\n\n\n\n<p>En juillet, la temp\u00e9rature moyenne est de 24,39 \u00b0C ou 75,8 \u00b0F. En janvier, la temp\u00e9rature moyenne en hiver est de 7,0 \u00b0C (44,5 \u00b0F). Ainsi, la temp\u00e9rature moyenne du Lavandou est de 15,0 \u00b0C ou 59,0 \u00b0F. <\/p>\n\n\n\n<p><strong>Pr\u00e9cipitations <\/strong><\/p>\n\n\n\n<p>Les pr\u00e9cipitations annuelles sont d&rsquo;environ 28,3 pouces ou 718 mm. <\/p>\n\n\n\n<p><strong>Humidit\u00e9 <\/strong><\/p>\n\n\n\n<p>C&rsquo;est en novembre que l&rsquo;humidit\u00e9 relative est la plus \u00e9lev\u00e9e : 74,29 %, tandis qu&rsquo;en juillet elle est la plus faible : 52,09 %.<\/p>\n\n\n\n<p><strong>Ensoleillement <\/strong><\/p>\n\n\n\n<p>Avec une moyenne d&rsquo;heure d&rsquo;ensoleillement journalier de 13.03, Juillet est le mois avec le plus d&rsquo;ensoleillement au Lavandou. Le nombre total d&rsquo;heures d&rsquo;ensoleillement en juillet est de 404.03. <\/p>\n\n\n\n<p>Janvier a le moins d&rsquo;heures d&rsquo;ensoleillement soit 192.7 heures. <\/p>\n\n\n\n<p><strong>Indice UV<\/strong><\/p>\n\n\n\n<p>L&rsquo;indice UV du Lavandou est de 5.<\/p>\n\n\n\n<h2 class=\"wp-block-heading\"><strong>Station baln\u00e9aire du Lavandou <\/strong><\/h2>\n\n\n\n<p>Cette large plage de sable est une station baln\u00e9aire bien connue qui poss\u00e8de trois marinas de yachts tr\u00e8s fr\u00e9quent\u00e9es. Pendant les mois d&rsquo;\u00e9t\u00e9, la ville se transforme en une ville anim\u00e9e avec des lumi\u00e8res scintillantes pour ceux qui veulent profiter de la vie nocturne. Sont \u00e9galement disponibles des excursions en bateau qui vous emm\u00e8neront au Fort de Bregan\u00e7on \u00e0 Bormes (r\u00e9sidence d&rsquo;\u00e9t\u00e9 du Pr\u00e9sident de la R\u00e9publique) ou \u00e0 Saint-Tropez le long de la c\u00f4te varoise. Vous pourrez profiter d&rsquo;une vaste plage de sable, d&rsquo;une petite crique intacte dans cette plage sauvage. Il y a un port tr\u00e8s \u00e9tendu au Lavandou \u00e0 l&rsquo;est de la plage. Ici, vous aurez le plaisir de monter dans des bateaux de p\u00eache traditionnels et d&rsquo;autres petits bateaux. Dans la vieille ville et le long du front de mer se trouvent de nombreux restaurants et caf\u00e9s.<\/p>\n","protected":false},"excerpt":{"rendered":"<p>Webcam Le Lavandou Le Lavandou, commune du d\u00e9partement du Var, est une jolie petite ville du sud-est de la France. A quelques kilom\u00e8tres \u00e0 l&rsquo;est de Bormes-Les-Mimosas se trouve cette petite ville de la r\u00e9gion Provence-Alpes-C\u00f4te d&rsquo;Azur. La Lavandou tire son nom de la plante de lavande qui pousse dans la campagne proven\u00e7ale. C&rsquo;est un &#8230; <a title=\"Webcam Le Lavandou\" class=\"read-more\" href=\"https:\/\/weather-radar-live.com\/fr\/webcam\/france\/webcam-le-lavandou\/\" aria-label=\"En savoir plus sur Webcam Le Lavandou\">Lire la suite<\/a><\/p>\n","protected":false},"author":1,"featured_media":3900,"parent":3155,"menu_order":0,"comment_status":"closed","ping_status":"closed","template":"","meta":{"footnotes":""},"class_list":["post-4011","page","type-page","status-publish","has-post-thumbnail"],"yoast_head":"<!-- This site is optimized with the Yoast SEO plugin v27.5 - https:\/\/yoast.com\/product\/yoast-seo-wordpress\/ -->\n<title>Webcam Le Lavandou - weather-radar-live.com<\/title>\n<meta name=\"description\" content=\"Webcam Le Lavandou | Livecam du Lavandou ! \u2705 Mise \u00e0 jour pour vous en temps r\u00e9el ! \u2705 Pr\u00e9visions m\u00e9t\u00e9orologiques actuelles !\" \/>\n<meta name=\"robots\" content=\"index, follow, max-snippet:-1, max-image-preview:large, max-video-preview:-1\" \/>\n<link rel=\"canonical\" href=\"https:\/\/weather-radar-live.com\/fr\/webcam\/france\/webcam-le-lavandou\/\" \/>\n<meta property=\"og:locale\" content=\"fr_FR\" \/>\n<meta property=\"og:type\" content=\"article\" \/>\n<meta property=\"og:title\" content=\"Webcam Le Lavandou - weather-radar-live.com\" \/>\n<meta property=\"og:description\" content=\"Webcam Le Lavandou | Livecam du Lavandou ! \u2705 Mise \u00e0 jour pour vous en temps r\u00e9el ! \u2705 Pr\u00e9visions m\u00e9t\u00e9orologiques actuelles !\" \/>\n<meta property=\"og:url\" content=\"https:\/\/weather-radar-live.com\/fr\/webcam\/france\/webcam-le-lavandou\/\" \/>\n<meta property=\"og:site_name\" content=\"weather-radar-live.com\" \/>\n<meta property=\"article:modified_time\" content=\"2022-07-19T05:53:49+00:00\" \/>\n<meta property=\"og:image\" content=\"https:\/\/weather-radar-live.com\/wp-content\/uploads\/2022\/04\/Webcam-Sancy-e1650441653692.png\" \/>\n\t<meta property=\"og:image:width\" content=\"1366\" \/>\n\t<meta property=\"og:image:height\" content=\"768\" \/>\n\t<meta property=\"og:image:type\" content=\"image\/png\" \/>\n<meta name=\"twitter:card\" content=\"summary_large_image\" \/>\n<meta name=\"twitter:label1\" content=\"Dur\u00e9e de lecture estim\u00e9e\" \/>\n\t<meta name=\"twitter:data1\" content=\"3 minutes\" \/>\n<script type=\"application\/ld+json\" class=\"yoast-schema-graph\">{\"@context\":\"https:\\\/\\\/schema.org\",\"@graph\":[{\"@type\":\"WebPage\",\"@id\":\"https:\\\/\\\/weather-radar-live.com\\\/fr\\\/webcam\\\/france\\\/webcam-le-lavandou\\\/\",\"url\":\"https:\\\/\\\/weather-radar-live.com\\\/fr\\\/webcam\\\/france\\\/webcam-le-lavandou\\\/\",\"name\":\"Webcam Le Lavandou - weather-radar-live.com\",\"isPartOf\":{\"@id\":\"https:\\\/\\\/weather-radar-live.com\\\/#website\"},\"primaryImageOfPage\":{\"@id\":\"https:\\\/\\\/weather-radar-live.com\\\/fr\\\/webcam\\\/france\\\/webcam-le-lavandou\\\/#primaryimage\"},\"image\":{\"@id\":\"https:\\\/\\\/weather-radar-live.com\\\/fr\\\/webcam\\\/france\\\/webcam-le-lavandou\\\/#primaryimage\"},\"thumbnailUrl\":\"https:\\\/\\\/weather-radar-live.com\\\/wp-content\\\/uploads\\\/2022\\\/04\\\/Webcam-Le-Lavandou--e1650541821630.jpg\",\"datePublished\":\"2022-05-12T12:29:00+00:00\",\"dateModified\":\"2022-07-19T05:53:49+00:00\",\"description\":\"Webcam Le Lavandou | Livecam du Lavandou ! \u2705 Mise \u00e0 jour pour vous en temps r\u00e9el ! \u2705 Pr\u00e9visions m\u00e9t\u00e9orologiques actuelles !\",\"breadcrumb\":{\"@id\":\"https:\\\/\\\/weather-radar-live.com\\\/fr\\\/webcam\\\/france\\\/webcam-le-lavandou\\\/#breadcrumb\"},\"inLanguage\":\"fr-FR\",\"potentialAction\":[{\"@type\":\"ReadAction\",\"target\":[\"https:\\\/\\\/weather-radar-live.com\\\/fr\\\/webcam\\\/france\\\/webcam-le-lavandou\\\/\"]}]},{\"@type\":\"ImageObject\",\"inLanguage\":\"fr-FR\",\"@id\":\"https:\\\/\\\/weather-radar-live.com\\\/fr\\\/webcam\\\/france\\\/webcam-le-lavandou\\\/#primaryimage\",\"url\":\"https:\\\/\\\/weather-radar-live.com\\\/wp-content\\\/uploads\\\/2022\\\/04\\\/Webcam-Le-Lavandou--e1650541821630.jpg\",\"contentUrl\":\"https:\\\/\\\/weather-radar-live.com\\\/wp-content\\\/uploads\\\/2022\\\/04\\\/Webcam-Le-Lavandou--e1650541821630.jpg\",\"width\":1920,\"height\":870,\"caption\":\"Webcam Le Lavandou\"},{\"@type\":\"BreadcrumbList\",\"@id\":\"https:\\\/\\\/weather-radar-live.com\\\/fr\\\/webcam\\\/france\\\/webcam-le-lavandou\\\/#breadcrumb\",\"itemListElement\":[{\"@type\":\"ListItem\",\"position\":1,\"name\":\"Weather Radar Live\",\"item\":\"https:\\\/\\\/weather-radar-live.com\\\/fr\\\/\"},{\"@type\":\"ListItem\",\"position\":2,\"name\":\"Webcam\",\"item\":\"https:\\\/\\\/weather-radar-live.com\\\/fr\\\/webcam\\\/\"},{\"@type\":\"ListItem\",\"position\":3,\"name\":\"France\",\"item\":\"https:\\\/\\\/weather-radar-live.com\\\/fr\\\/webcam\\\/france\\\/\"},{\"@type\":\"ListItem\",\"position\":4,\"name\":\"Webcam Le Lavandou\"}]},{\"@type\":\"WebSite\",\"@id\":\"https:\\\/\\\/weather-radar-live.com\\\/#website\",\"url\":\"https:\\\/\\\/weather-radar-live.com\\\/\",\"name\":\"weather-radar-live.com\",\"description\":\"Your weather and sky radar.\",\"publisher\":{\"@id\":\"https:\\\/\\\/weather-radar-live.com\\\/#organization\"},\"potentialAction\":[{\"@type\":\"SearchAction\",\"target\":{\"@type\":\"EntryPoint\",\"urlTemplate\":\"https:\\\/\\\/weather-radar-live.com\\\/?s={search_term_string}\"},\"query-input\":{\"@type\":\"PropertyValueSpecification\",\"valueRequired\":true,\"valueName\":\"search_term_string\"}}],\"inLanguage\":\"fr-FR\"},{\"@type\":\"Organization\",\"@id\":\"https:\\\/\\\/weather-radar-live.com\\\/#organization\",\"name\":\"weather-radar-live.com\",\"url\":\"https:\\\/\\\/weather-radar-live.com\\\/\",\"logo\":{\"@type\":\"ImageObject\",\"inLanguage\":\"fr-FR\",\"@id\":\"https:\\\/\\\/weather-radar-live.com\\\/#\\\/schema\\\/logo\\\/image\\\/\",\"url\":\"https:\\\/\\\/weather-radar-live.com\\\/wp-content\\\/uploads\\\/2022\\\/03\\\/cropped-WRL2503.png\",\"contentUrl\":\"https:\\\/\\\/weather-radar-live.com\\\/wp-content\\\/uploads\\\/2022\\\/03\\\/cropped-WRL2503.png\",\"width\":1920,\"height\":555,\"caption\":\"weather-radar-live.com\"},\"image\":{\"@id\":\"https:\\\/\\\/weather-radar-live.com\\\/#\\\/schema\\\/logo\\\/image\\\/\"}}]}<\/script>\n<!-- \/ Yoast SEO plugin. -->","yoast_head_json":{"title":"Webcam Le Lavandou - weather-radar-live.com","description":"Webcam Le Lavandou | Livecam du Lavandou ! \u2705 Mise \u00e0 jour pour vous en temps r\u00e9el ! \u2705 Pr\u00e9visions m\u00e9t\u00e9orologiques actuelles !","robots":{"index":"index","follow":"follow","max-snippet":"max-snippet:-1","max-image-preview":"max-image-preview:large","max-video-preview":"max-video-preview:-1"},"canonical":"https:\/\/weather-radar-live.com\/fr\/webcam\/france\/webcam-le-lavandou\/","og_locale":"fr_FR","og_type":"article","og_title":"Webcam Le Lavandou - weather-radar-live.com","og_description":"Webcam Le Lavandou | Livecam du Lavandou ! \u2705 Mise \u00e0 jour pour vous en temps r\u00e9el ! \u2705 Pr\u00e9visions m\u00e9t\u00e9orologiques actuelles !","og_url":"https:\/\/weather-radar-live.com\/fr\/webcam\/france\/webcam-le-lavandou\/","og_site_name":"weather-radar-live.com","article_modified_time":"2022-07-19T05:53:49+00:00","og_image":[{"width":1366,"height":768,"url":"https:\/\/weather-radar-live.com\/wp-content\/uploads\/2022\/04\/Webcam-Sancy-e1650441653692.png","type":"image\/png"}],"twitter_card":"summary_large_image","twitter_misc":{"Dur\u00e9e de lecture estim\u00e9e":"3 minutes"},"schema":{"@context":"https:\/\/schema.org","@graph":[{"@type":"WebPage","@id":"https:\/\/weather-radar-live.com\/fr\/webcam\/france\/webcam-le-lavandou\/","url":"https:\/\/weather-radar-live.com\/fr\/webcam\/france\/webcam-le-lavandou\/","name":"Webcam Le Lavandou - weather-radar-live.com","isPartOf":{"@id":"https:\/\/weather-radar-live.com\/#website"},"primaryImageOfPage":{"@id":"https:\/\/weather-radar-live.com\/fr\/webcam\/france\/webcam-le-lavandou\/#primaryimage"},"image":{"@id":"https:\/\/weather-radar-live.com\/fr\/webcam\/france\/webcam-le-lavandou\/#primaryimage"},"thumbnailUrl":"https:\/\/weather-radar-live.com\/wp-content\/uploads\/2022\/04\/Webcam-Le-Lavandou--e1650541821630.jpg","datePublished":"2022-05-12T12:29:00+00:00","dateModified":"2022-07-19T05:53:49+00:00","description":"Webcam Le Lavandou | Livecam du Lavandou ! \u2705 Mise \u00e0 jour pour vous en temps r\u00e9el ! \u2705 Pr\u00e9visions m\u00e9t\u00e9orologiques actuelles !","breadcrumb":{"@id":"https:\/\/weather-radar-live.com\/fr\/webcam\/france\/webcam-le-lavandou\/#breadcrumb"},"inLanguage":"fr-FR","potentialAction":[{"@type":"ReadAction","target":["https:\/\/weather-radar-live.com\/fr\/webcam\/france\/webcam-le-lavandou\/"]}]},{"@type":"ImageObject","inLanguage":"fr-FR","@id":"https:\/\/weather-radar-live.com\/fr\/webcam\/france\/webcam-le-lavandou\/#primaryimage","url":"https:\/\/weather-radar-live.com\/wp-content\/uploads\/2022\/04\/Webcam-Le-Lavandou--e1650541821630.jpg","contentUrl":"https:\/\/weather-radar-live.com\/wp-content\/uploads\/2022\/04\/Webcam-Le-Lavandou--e1650541821630.jpg","width":1920,"height":870,"caption":"Webcam Le Lavandou"},{"@type":"BreadcrumbList","@id":"https:\/\/weather-radar-live.com\/fr\/webcam\/france\/webcam-le-lavandou\/#breadcrumb","itemListElement":[{"@type":"ListItem","position":1,"name":"Weather Radar Live","item":"https:\/\/weather-radar-live.com\/fr\/"},{"@type":"ListItem","position":2,"name":"Webcam","item":"https:\/\/weather-radar-live.com\/fr\/webcam\/"},{"@type":"ListItem","position":3,"name":"France","item":"https:\/\/weather-radar-live.com\/fr\/webcam\/france\/"},{"@type":"ListItem","position":4,"name":"Webcam Le Lavandou"}]},{"@type":"WebSite","@id":"https:\/\/weather-radar-live.com\/#website","url":"https:\/\/weather-radar-live.com\/","name":"weather-radar-live.com","description":"Your weather and sky radar.","publisher":{"@id":"https:\/\/weather-radar-live.com\/#organization"},"potentialAction":[{"@type":"SearchAction","target":{"@type":"EntryPoint","urlTemplate":"https:\/\/weather-radar-live.com\/?s={search_term_string}"},"query-input":{"@type":"PropertyValueSpecification","valueRequired":true,"valueName":"search_term_string"}}],"inLanguage":"fr-FR"},{"@type":"Organization","@id":"https:\/\/weather-radar-live.com\/#organization","name":"weather-radar-live.com","url":"https:\/\/weather-radar-live.com\/","logo":{"@type":"ImageObject","inLanguage":"fr-FR","@id":"https:\/\/weather-radar-live.com\/#\/schema\/logo\/image\/","url":"https:\/\/weather-radar-live.com\/wp-content\/uploads\/2022\/03\/cropped-WRL2503.png","contentUrl":"https:\/\/weather-radar-live.com\/wp-content\/uploads\/2022\/03\/cropped-WRL2503.png","width":1920,"height":555,"caption":"weather-radar-live.com"},"image":{"@id":"https:\/\/weather-radar-live.com\/#\/schema\/logo\/image\/"}}]}},"_links":{"self":[{"href":"https:\/\/weather-radar-live.com\/fr\/wp-json\/wp\/v2\/pages\/4011","targetHints":{"allow":["GET"]}}],"collection":[{"href":"https:\/\/weather-radar-live.com\/fr\/wp-json\/wp\/v2\/pages"}],"about":[{"href":"https:\/\/weather-radar-live.com\/fr\/wp-json\/wp\/v2\/types\/page"}],"author":[{"embeddable":true,"href":"https:\/\/weather-radar-live.com\/fr\/wp-json\/wp\/v2\/users\/1"}],"replies":[{"embeddable":true,"href":"https:\/\/weather-radar-live.com\/fr\/wp-json\/wp\/v2\/comments?post=4011"}],"version-history":[{"count":3,"href":"https:\/\/weather-radar-live.com\/fr\/wp-json\/wp\/v2\/pages\/4011\/revisions"}],"predecessor-version":[{"id":4918,"href":"https:\/\/weather-radar-live.com\/fr\/wp-json\/wp\/v2\/pages\/4011\/revisions\/4918"}],"up":[{"embeddable":true,"href":"https:\/\/weather-radar-live.com\/fr\/wp-json\/wp\/v2\/pages\/3155"}],"wp:featuredmedia":[{"embeddable":true,"href":"https:\/\/weather-radar-live.com\/fr\/wp-json\/wp\/v2\/media\/3900"}],"wp:attachment":[{"href":"https:\/\/weather-radar-live.com\/fr\/wp-json\/wp\/v2\/media?parent=4011"}],"curies":[{"name":"wp","href":"https:\/\/api.w.org\/{rel}","templated":true}]}}