{"id":4001,"date":"2022-05-12T14:17:46","date_gmt":"2022-05-12T12:17:46","guid":{"rendered":"https:\/\/weather-radar-live.com\/?page_id=4001"},"modified":"2022-07-15T13:45:42","modified_gmt":"2022-07-15T11:45:42","slug":"webcam-la-clusaz","status":"publish","type":"page","link":"https:\/\/weather-radar-live.com\/fr\/webcam\/france\/webcam-la-clusaz\/","title":{"rendered":"Webcam La Clusaz"},"content":{"rendered":"<div id=\"weath-86820384\" class=\"weath-vor-dem-inhalt weath-entity-placement\" style=\"margin-top: 15px;margin-right: 25px;margin-bottom: 40px;margin-left: 25px;\"><script async src=\"\/\/pagead2.googlesyndication.com\/pagead\/js\/adsbygoogle.js?client=ca-pub-8960936133935804\" crossorigin=\"anonymous\"><\/script><ins class=\"adsbygoogle\" style=\"display:block;\" data-ad-client=\"ca-pub-8960936133935804\" \ndata-ad-slot=\"6172817020\" \ndata-ad-format=\"auto\"><\/ins>\n<script> \n(adsbygoogle = window.adsbygoogle || []).push({}); \n<\/script>\n<\/div>\n<div class=\"wp-block-cover alignfull is-light\"><span aria-hidden=\"true\" class=\"wp-block-cover__gradient-background has-background-dim\"><\/span><img decoding=\"async\" class=\"wp-block-cover__image-background wp-image-342\" alt=\"Webcam La Clusaz\" src=\"https:\/\/weather-radar-live.com\/wp-content\/uploads\/2021\/06\/sam-schooler-E9aetBe2w40-unsplash-e1622554814366.jpg\" data-object-fit=\"cover\"\/><div class=\"wp-block-cover__inner-container is-layout-flow wp-block-cover-is-layout-flow\">\n<h2 class=\"has-text-align-center heading wp-block-heading\" id=\"webcam-fort-mahon\" style=\"font-size:40px\"><strong><mark style=\"background-color:rgba(0, 0, 0, 0)\" class=\"has-inline-color has-base-3-color\">WEBCAM <\/mark><\/strong><br><strong><mark style=\"background-color:rgba(0, 0, 0, 0)\" class=\"has-inline-color has-base-3-color\"><strong>LA CLUSAZ<\/strong><\/mark><\/strong><\/h2>\n<\/div><\/div>\n\n\n<div class=\"yoast-breadcrumbs\"><span><span><a href=\"https:\/\/weather-radar-live.com\/fr\/\">Weather Radar Live<\/a><\/span> \u00bb <span><a href=\"https:\/\/weather-radar-live.com\/fr\/webcam\/\">Webcam<\/a><\/span> \u00bb <span><a href=\"https:\/\/weather-radar-live.com\/fr\/webcam\/france\/\">France<\/a><\/span> \u00bb <span class=\"breadcrumb_last\" aria-current=\"page\"><strong>Webcam La Clusaz<\/strong><\/span><\/span><\/div>\n\n\n<h2 class=\"has-text-align-center wp-block-heading\" id=\"webcam-fort-mahon\"><strong>Webcam <strong>La Clusaz <\/strong><\/strong><\/h2>\n\n\n\n<p>La Clusaz se trouve au carrefour de l&rsquo;Europe. C&rsquo;est un charmant village de montagne dont l&rsquo;architecture traditionnelle a conserv\u00e9 toute sa beaut\u00e9. La Clusaz est un village de montagne typique mais convivial dans les Alpes. Depuis Gen\u00e8ve (1 heure), il est facilement accessible et \u00e0 une courte distance en voiture de Calais. C&rsquo;est une station de ski internationale qui offre une gamme vari\u00e9e de terrains. Le centre du village a \u00e9t\u00e9 am\u00e9lior\u00e9 afin que les pi\u00e9tons puissent y acc\u00e9der plus facilement. <\/p>\n\n\n\n<p>Faisant partie de la premi\u00e8re \u00ab\u00a0barri\u00e8re naturelle\u00a0\u00bb des Alpes, le massif des Aravis \u00e0 La Clusaz offre certaines des meilleures conditions d&rsquo;enneigement de France. En utilisant notre webcam en direct, vous pouvez v\u00e9rifier la m\u00e9t\u00e9o actuelle pour La Clusaz. En outre, vous pouvez voir les conditions d&rsquo;enneigement et d&rsquo;autres choses li\u00e9es \u00e0 la m\u00e9t\u00e9o et vous aider \u00e0 d\u00e9cider s&rsquo;il est appropri\u00e9 de planifier un voyage ici ou non.<\/p><div id=\"weath-1385885040\" class=\"weath-inhalt_2 weath-entity-placement\" style=\"margin-top: 15px;margin-right: 25px;margin-bottom: 35px;margin-left: 25px;\"><script async src=\"\/\/pagead2.googlesyndication.com\/pagead\/js\/adsbygoogle.js?client=ca-pub-8960936133935804\" crossorigin=\"anonymous\"><\/script><ins class=\"adsbygoogle\" style=\"display:block;\" data-ad-client=\"ca-pub-8960936133935804\" \ndata-ad-slot=\"1963584050\" \ndata-ad-format=\"auto\"><\/ins>\n<script> \n(adsbygoogle = window.adsbygoogle || []).push({}); \n<\/script>\n<\/div>\n\n\n\n<div class=\"wp-block-columns is-layout-flex wp-container-core-columns-is-layout-9d6595d7 wp-block-columns-is-layout-flex\">\n<div class=\"wp-block-column webcam-column is-layout-flow wp-block-column-is-layout-flow\">\n<h3 class=\"has-text-align-center wp-block-heading\"> \ud83d\udd34 <strong>Webcam <strong><strong>La Clusaz<\/strong><\/strong><\/strong> &#8211; Sud<\/h3>\n\n\n\n<a name=\"windy-webcam-timelapse-player\" data-id=\"1646053165\" data-play=\"day\" href=\"https:\/\/windy.com\/webcams\/1646053165\" target=\"_blank\" rel=\"noopener\">La Clusaz &lsquo; S\u00fcd<\/a><script async=\"\" type=\"text\/javascript\" src=\"https:\/\/webcams.windy.com\/webcams\/public\/embed\/script\/player.js\"><\/script>\n<\/div>\n<\/div>\n\n\n\n<div class=\"wp-block-columns is-layout-flex wp-container-core-columns-is-layout-9d6595d7 wp-block-columns-is-layout-flex\">\n<div class=\"wp-block-column webcam-column is-layout-flow wp-block-column-is-layout-flow\">\n<h3 class=\"has-text-align-center wp-block-heading\"> \ud83d\udd34 <strong>Webcam <strong><strong>La Clusaz<\/strong><\/strong><\/strong> &#8211; Centre Village<\/h3>\n\n\n\n<a name=\"windy-webcam-timelapse-player\" data-id=\"1263120814\" data-play=\"day\" href=\"https:\/\/windy.com\/webcams\/1263120814\" target=\"_blank\" rel=\"noopener\">La Clusaz : Panoramique Centre village<\/a><script async=\"\" type=\"text\/javascript\" src=\"https:\/\/webcams.windy.com\/webcams\/public\/embed\/script\/player.js\"><\/script>\n<\/div>\n\n\n\n<div class=\"wp-block-column webcam-column is-layout-flow wp-block-column-is-layout-flow\">\n<h3 class=\"has-text-align-center live-emoji wp-block-heading\"> \ud83d\udd34 <strong>Webcam <strong><strong>La Clusaz<\/strong><\/strong><\/strong> &#8211; Piste de ski<\/h3>\n\n\n\n<a name=\"windy-webcam-timelapse-player\" data-id=\"1584649787\" data-play=\"day\" href=\"https:\/\/windy.com\/webcams\/1584649787\" target=\"_blank\" rel=\"noopener\">La Clusaz<\/a><script async=\"\" type=\"text\/javascript\" src=\"https:\/\/webcams.windy.com\/webcams\/public\/embed\/script\/player.js\"><\/script>\n<\/div>\n<\/div>\n\n\n\n<h2 class=\"wp-block-heading\" id=\"fort-mahon-today\"><strong>Radar m\u00e9t\u00e9o La Clusaz &#8211; <\/strong> <strong>Le temps qu&rsquo;il fait \u00e0 La Clusaz <\/strong><\/h2>\n\n\n\n<p>Obtenez les mises \u00e0 jour en direct et les pr\u00e9visions m\u00e9t\u00e9orologiques de La Clusaz ici. Le radar m\u00e9t\u00e9o en direct fournit aux snowboarders, skieurs et autres personnes une vue claire des <a href=\"https:\/\/weather-radar-live.com\/fr\/radar-neige\/\"><strong>chutes de neige<\/strong><\/a>, des <a href=\"https:\/\/weather-radar-live.com\/fr\/orage-en-direct\/\"><strong>orages<\/strong><\/a>, de la <a href=\"https:\/\/weather-radar-live.com\/fr\/radar-nuages\/\"><strong>couverture nuageuse<\/strong><\/a>, des <strong><a href=\"https:\/\/weather-radar-live.com\/fr\/radar-pluie\/\">pr\u00e9cipitations<\/a> <\/strong>et des <a href=\"https:\/\/weather-radar-live.com\/fr\/tornades-en-direct\/\"><strong>tornades<\/strong><\/a>. Il est assez facile de naviguer sur la carte pour visualiser les conditions m\u00e9t\u00e9orologiques. Il suffit de cliquer sur une vue de webcam et de faire d\u00e9filer la barre pour voir les changements de temps de La Clusaz \u00e0 diff\u00e9rents moments.<\/p>\n\n\n\n<div class=\"wp-block-columns is-layout-flex wp-container-core-columns-is-layout-9d6595d7 wp-block-columns-is-layout-flex\">\n<div class=\"wp-block-column is-layout-flow wp-block-column-is-layout-flow\" style=\"flex-basis:75%\">\n<iframe loading=\"lazy\" width=\"1300\" height=\"502\" src=\"https:\/\/embed.windy.com\/embed2.html?lat=45.905&amp;lon=6.373&amp;detailLat=45.905&amp;detailLon=6.373&amp;width=1300&amp;height=508&amp;zoom=11&amp;level=surface&amp;overlay=wind&amp;product=ecmwf&amp;menu=&amp;message=&amp;marker=&amp;calendar=now&amp;pressure=&amp;type=map&amp;location=coordinates&amp;detail=&amp;metricWind=default&amp;metricTemp=default&amp;radarRange=-1\" frameborder=\"0\"><\/iframe>\n<\/div>\n\n\n\n<div class=\"wp-block-column is-layout-flow wp-block-column-is-layout-flow\" style=\"flex-basis:25%\">\n<a class=\"weatherwidget-io\" href=\"https:\/\/forecast7.com\/en\/45d906d42\/la-clusaz\/\" data-label_1=\"LA CLUSAZ\" data-font=\"Roboto\" data-theme=\"original\">LA CLUSAZ<\/a>\n<script>\n!function(d,s,id){var js,fjs=d.getElementsByTagName(s)[0];if(!d.getElementById(id)){js=d.createElement(s);js.id=id;js.src='https:\/\/weatherwidget.io\/js\/widget.min.js';fjs.parentNode.insertBefore(js,fjs);}}(document,'script','weatherwidget-io-js') ;\n<\/script>\n<\/div>\n<\/div>\n\n\n\n<h2 class=\"wp-block-heading\" id=\"fort-mahon-weather\"><strong>Le climat \u00e0 La Clusaz <\/strong><\/h2>\n\n\n\n<p>La Clusaz se trouve \u00e0 l&rsquo;extr\u00e9mit\u00e9 nord-ouest des Alpes, son climat est donc principalement influenc\u00e9 par l&rsquo;oc\u00e9an Atlantique. Par cons\u00e9quent, elle re\u00e7oit beaucoup de neige en altitude mais est \u00e9galement expos\u00e9e \u00e0 un risque plus \u00e9lev\u00e9 de pluie plus bas. La Clusaz a un climat temp\u00e9r\u00e9 et froid et elle conna\u00eet des pr\u00e9cipitations importantes m\u00eame pendant les mois les plus secs. <\/p>\n\n\n\n<p><strong>Temp\u00e9rature <\/strong><\/p>\n\n\n\n<p>Les temp\u00e9ratures \u00e0 La Clusaz atteignent g\u00e9n\u00e9ralement 4,9 \u00b0C ou 40,8 \u00b0F.<\/p>\n\n\n\n<p><strong>Pr\u00e9cipitations <\/strong><\/p>\n\n\n\n<p>Les pr\u00e9cipitations annuelles moyennes sont de 1734 millim\u00e8tres.<\/p>\n\n\n\n<p><strong>Fiabilit\u00e9 de l&rsquo;enneigement <\/strong><\/p>\n\n\n\n<p>Bien que La Clusaz dispose d&rsquo;une importante production de neige, les pentes inf\u00e9rieures peuvent subir une d\u00e9t\u00e9rioration par temps plus doux. Il est normalement pr\u00e9f\u00e9rable de skier dans le secteur plus \u00e9lev\u00e9 et plus au nord du domaine skiable, La Balme, jusqu&rsquo;\u00e0 la fin avril.<\/p>\n\n\n\n<p>Jetez un coup d&rsquo;\u0153il \u00e0 l&rsquo;indice de fiabilit\u00e9 de l&rsquo;enneigement \u00e0 La Clusaz :<\/p>\n\n\n\n<p>\u25cf Enneigement g\u00e9n\u00e9ral : 3\/5<\/p>\n\n\n\n<p>\u25cf Enneigement au niveau de la station : 2\/5<\/p>\n\n\n\n<p>\u25cf Qualit\u00e9 de la neige en haut de pente : 3.5\/5<\/p>\n\n\n\n<p>\u25cf Qualit\u00e9 de la neige en bas de pente : 2\/5<\/p>\n\n\n\n<p>\u25cf Potentiel de poudreuse : 3\/5<\/p>\n\n\n\n<h2 class=\"wp-block-heading\"><strong>Station de ski de <strong>La Clusaz <\/strong><\/strong><\/h2>\n\n\n\n<p>Faisant partie des r\u00e9gions les plus c\u00e9l\u00e8bres des Alpes, la station de ski de Val d&rsquo;Is\u00e8re poss\u00e8de la meilleure qualit\u00e9 de neige des Alpes. Elle poss\u00e8de une forte proportion de pistes de ski de haute altitude. La combinaison de glaciers et d&rsquo;une vari\u00e9t\u00e9 de pistes \u00e0 l&rsquo;enneigement s\u00fbr font de cette r\u00e9gion d&rsquo;Europe une destination unique pour une longue saison de ski. Avec 1850 m\u00e8tres d&rsquo;altitude, c&rsquo;est la plus grande station d&rsquo;enneigement s\u00fbr d&rsquo;Europe. Ses pentes sont de 1785 \u00e0 3300 m et ses pistes sont de 150 km. De nombreuses pistes de Val d&rsquo;Is\u00e8re sont assez raides et peuvent \u00eatre bond\u00e9es lorsqu&rsquo;il y a beaucoup de trafic. Vous pouvez passer toute une vie \u00e0 skier et \u00e0 faire du snowboard sur ce terrain vaste et difficile ; vous devez simplement vous frayer un chemin \u00e0 travers la foule.<\/p>\n","protected":false},"excerpt":{"rendered":"<p>Webcam La Clusaz La Clusaz se trouve au carrefour de l&rsquo;Europe. C&rsquo;est un charmant village de montagne dont l&rsquo;architecture traditionnelle a conserv\u00e9 toute sa beaut\u00e9. La Clusaz est un village de montagne typique mais convivial dans les Alpes. Depuis Gen\u00e8ve (1 heure), il est facilement accessible et \u00e0 une courte distance en voiture de Calais. &#8230; <a title=\"Webcam La Clusaz\" class=\"read-more\" href=\"https:\/\/weather-radar-live.com\/fr\/webcam\/france\/webcam-la-clusaz\/\" aria-label=\"En savoir plus sur Webcam La Clusaz\">Lire la suite<\/a><\/p>\n","protected":false},"author":1,"featured_media":3753,"parent":3155,"menu_order":0,"comment_status":"closed","ping_status":"closed","template":"","meta":{"footnotes":""},"class_list":["post-4001","page","type-page","status-publish","has-post-thumbnail"],"yoast_head":"<!-- This site is optimized with the Yoast SEO plugin v27.5 - https:\/\/yoast.com\/product\/yoast-seo-wordpress\/ -->\n<title>Webcam La Clusaz - weather-radar-live.com<\/title>\n<meta name=\"description\" content=\"Webcam La Clusaz | Livecam de La Clusaz ! \u2705 Mise \u00e0 jour pour vous en temps r\u00e9el ! \u2705 Pr\u00e9visions m\u00e9t\u00e9orologiques actuelles !\" \/>\n<meta name=\"robots\" content=\"index, follow, max-snippet:-1, max-image-preview:large, max-video-preview:-1\" \/>\n<link rel=\"canonical\" href=\"https:\/\/weather-radar-live.com\/fr\/webcam\/france\/webcam-la-clusaz\/\" \/>\n<meta property=\"og:locale\" content=\"fr_FR\" \/>\n<meta property=\"og:type\" content=\"article\" \/>\n<meta property=\"og:title\" content=\"Webcam La Clusaz - weather-radar-live.com\" \/>\n<meta property=\"og:description\" content=\"Webcam La Clusaz | Livecam de La Clusaz ! \u2705 Mise \u00e0 jour pour vous en temps r\u00e9el ! \u2705 Pr\u00e9visions m\u00e9t\u00e9orologiques actuelles !\" \/>\n<meta property=\"og:url\" content=\"https:\/\/weather-radar-live.com\/fr\/webcam\/france\/webcam-la-clusaz\/\" \/>\n<meta property=\"og:site_name\" content=\"weather-radar-live.com\" \/>\n<meta property=\"article:modified_time\" content=\"2022-07-15T11:45:42+00:00\" \/>\n<meta property=\"og:image\" content=\"https:\/\/weather-radar-live.com\/wp-content\/uploads\/2021\/06\/sam-schooler-E9aetBe2w40-unsplash-e1622554814366.jpg\" \/>\n<meta name=\"twitter:card\" content=\"summary_large_image\" \/>\n<meta name=\"twitter:label1\" content=\"Dur\u00e9e de lecture estim\u00e9e\" \/>\n\t<meta name=\"twitter:data1\" content=\"3 minutes\" \/>\n<script type=\"application\/ld+json\" class=\"yoast-schema-graph\">{\"@context\":\"https:\\\/\\\/schema.org\",\"@graph\":[{\"@type\":\"WebPage\",\"@id\":\"https:\\\/\\\/weather-radar-live.com\\\/fr\\\/webcam\\\/france\\\/webcam-la-clusaz\\\/\",\"url\":\"https:\\\/\\\/weather-radar-live.com\\\/fr\\\/webcam\\\/france\\\/webcam-la-clusaz\\\/\",\"name\":\"Webcam La Clusaz - weather-radar-live.com\",\"isPartOf\":{\"@id\":\"https:\\\/\\\/weather-radar-live.com\\\/#website\"},\"primaryImageOfPage\":{\"@id\":\"https:\\\/\\\/weather-radar-live.com\\\/fr\\\/webcam\\\/france\\\/webcam-la-clusaz\\\/#primaryimage\"},\"image\":{\"@id\":\"https:\\\/\\\/weather-radar-live.com\\\/fr\\\/webcam\\\/france\\\/webcam-la-clusaz\\\/#primaryimage\"},\"thumbnailUrl\":\"https:\\\/\\\/weather-radar-live.com\\\/wp-content\\\/uploads\\\/2022\\\/04\\\/Webcams-La-Clusaz_-e1650448216465.jpg\",\"datePublished\":\"2022-05-12T12:17:46+00:00\",\"dateModified\":\"2022-07-15T11:45:42+00:00\",\"description\":\"Webcam La Clusaz | Livecam de La Clusaz ! \u2705 Mise \u00e0 jour pour vous en temps r\u00e9el ! \u2705 Pr\u00e9visions m\u00e9t\u00e9orologiques actuelles !\",\"breadcrumb\":{\"@id\":\"https:\\\/\\\/weather-radar-live.com\\\/fr\\\/webcam\\\/france\\\/webcam-la-clusaz\\\/#breadcrumb\"},\"inLanguage\":\"fr-FR\",\"potentialAction\":[{\"@type\":\"ReadAction\",\"target\":[\"https:\\\/\\\/weather-radar-live.com\\\/fr\\\/webcam\\\/france\\\/webcam-la-clusaz\\\/\"]}]},{\"@type\":\"ImageObject\",\"inLanguage\":\"fr-FR\",\"@id\":\"https:\\\/\\\/weather-radar-live.com\\\/fr\\\/webcam\\\/france\\\/webcam-la-clusaz\\\/#primaryimage\",\"url\":\"https:\\\/\\\/weather-radar-live.com\\\/wp-content\\\/uploads\\\/2022\\\/04\\\/Webcams-La-Clusaz_-e1650448216465.jpg\",\"contentUrl\":\"https:\\\/\\\/weather-radar-live.com\\\/wp-content\\\/uploads\\\/2022\\\/04\\\/Webcams-La-Clusaz_-e1650448216465.jpg\",\"width\":1764,\"height\":883,\"caption\":\"Webcam La Clusaz\"},{\"@type\":\"BreadcrumbList\",\"@id\":\"https:\\\/\\\/weather-radar-live.com\\\/fr\\\/webcam\\\/france\\\/webcam-la-clusaz\\\/#breadcrumb\",\"itemListElement\":[{\"@type\":\"ListItem\",\"position\":1,\"name\":\"Weather Radar Live\",\"item\":\"https:\\\/\\\/weather-radar-live.com\\\/fr\\\/\"},{\"@type\":\"ListItem\",\"position\":2,\"name\":\"Webcam\",\"item\":\"https:\\\/\\\/weather-radar-live.com\\\/fr\\\/webcam\\\/\"},{\"@type\":\"ListItem\",\"position\":3,\"name\":\"France\",\"item\":\"https:\\\/\\\/weather-radar-live.com\\\/fr\\\/webcam\\\/france\\\/\"},{\"@type\":\"ListItem\",\"position\":4,\"name\":\"Webcam La Clusaz\"}]},{\"@type\":\"WebSite\",\"@id\":\"https:\\\/\\\/weather-radar-live.com\\\/#website\",\"url\":\"https:\\\/\\\/weather-radar-live.com\\\/\",\"name\":\"weather-radar-live.com\",\"description\":\"Your weather and sky radar.\",\"publisher\":{\"@id\":\"https:\\\/\\\/weather-radar-live.com\\\/#organization\"},\"potentialAction\":[{\"@type\":\"SearchAction\",\"target\":{\"@type\":\"EntryPoint\",\"urlTemplate\":\"https:\\\/\\\/weather-radar-live.com\\\/?s={search_term_string}\"},\"query-input\":{\"@type\":\"PropertyValueSpecification\",\"valueRequired\":true,\"valueName\":\"search_term_string\"}}],\"inLanguage\":\"fr-FR\"},{\"@type\":\"Organization\",\"@id\":\"https:\\\/\\\/weather-radar-live.com\\\/#organization\",\"name\":\"weather-radar-live.com\",\"url\":\"https:\\\/\\\/weather-radar-live.com\\\/\",\"logo\":{\"@type\":\"ImageObject\",\"inLanguage\":\"fr-FR\",\"@id\":\"https:\\\/\\\/weather-radar-live.com\\\/#\\\/schema\\\/logo\\\/image\\\/\",\"url\":\"https:\\\/\\\/weather-radar-live.com\\\/wp-content\\\/uploads\\\/2022\\\/03\\\/cropped-WRL2503.png\",\"contentUrl\":\"https:\\\/\\\/weather-radar-live.com\\\/wp-content\\\/uploads\\\/2022\\\/03\\\/cropped-WRL2503.png\",\"width\":1920,\"height\":555,\"caption\":\"weather-radar-live.com\"},\"image\":{\"@id\":\"https:\\\/\\\/weather-radar-live.com\\\/#\\\/schema\\\/logo\\\/image\\\/\"}}]}<\/script>\n<!-- \/ Yoast SEO plugin. -->","yoast_head_json":{"title":"Webcam La Clusaz - weather-radar-live.com","description":"Webcam La Clusaz | Livecam de La Clusaz ! \u2705 Mise \u00e0 jour pour vous en temps r\u00e9el ! \u2705 Pr\u00e9visions m\u00e9t\u00e9orologiques actuelles !","robots":{"index":"index","follow":"follow","max-snippet":"max-snippet:-1","max-image-preview":"max-image-preview:large","max-video-preview":"max-video-preview:-1"},"canonical":"https:\/\/weather-radar-live.com\/fr\/webcam\/france\/webcam-la-clusaz\/","og_locale":"fr_FR","og_type":"article","og_title":"Webcam La Clusaz - weather-radar-live.com","og_description":"Webcam La Clusaz | Livecam de La Clusaz ! \u2705 Mise \u00e0 jour pour vous en temps r\u00e9el ! \u2705 Pr\u00e9visions m\u00e9t\u00e9orologiques actuelles !","og_url":"https:\/\/weather-radar-live.com\/fr\/webcam\/france\/webcam-la-clusaz\/","og_site_name":"weather-radar-live.com","article_modified_time":"2022-07-15T11:45:42+00:00","og_image":[{"url":"https:\/\/weather-radar-live.com\/wp-content\/uploads\/2021\/06\/sam-schooler-E9aetBe2w40-unsplash-e1622554814366.jpg","type":"","width":"","height":""}],"twitter_card":"summary_large_image","twitter_misc":{"Dur\u00e9e de lecture estim\u00e9e":"3 minutes"},"schema":{"@context":"https:\/\/schema.org","@graph":[{"@type":"WebPage","@id":"https:\/\/weather-radar-live.com\/fr\/webcam\/france\/webcam-la-clusaz\/","url":"https:\/\/weather-radar-live.com\/fr\/webcam\/france\/webcam-la-clusaz\/","name":"Webcam La Clusaz - weather-radar-live.com","isPartOf":{"@id":"https:\/\/weather-radar-live.com\/#website"},"primaryImageOfPage":{"@id":"https:\/\/weather-radar-live.com\/fr\/webcam\/france\/webcam-la-clusaz\/#primaryimage"},"image":{"@id":"https:\/\/weather-radar-live.com\/fr\/webcam\/france\/webcam-la-clusaz\/#primaryimage"},"thumbnailUrl":"https:\/\/weather-radar-live.com\/wp-content\/uploads\/2022\/04\/Webcams-La-Clusaz_-e1650448216465.jpg","datePublished":"2022-05-12T12:17:46+00:00","dateModified":"2022-07-15T11:45:42+00:00","description":"Webcam La Clusaz | Livecam de La Clusaz ! \u2705 Mise \u00e0 jour pour vous en temps r\u00e9el ! \u2705 Pr\u00e9visions m\u00e9t\u00e9orologiques actuelles !","breadcrumb":{"@id":"https:\/\/weather-radar-live.com\/fr\/webcam\/france\/webcam-la-clusaz\/#breadcrumb"},"inLanguage":"fr-FR","potentialAction":[{"@type":"ReadAction","target":["https:\/\/weather-radar-live.com\/fr\/webcam\/france\/webcam-la-clusaz\/"]}]},{"@type":"ImageObject","inLanguage":"fr-FR","@id":"https:\/\/weather-radar-live.com\/fr\/webcam\/france\/webcam-la-clusaz\/#primaryimage","url":"https:\/\/weather-radar-live.com\/wp-content\/uploads\/2022\/04\/Webcams-La-Clusaz_-e1650448216465.jpg","contentUrl":"https:\/\/weather-radar-live.com\/wp-content\/uploads\/2022\/04\/Webcams-La-Clusaz_-e1650448216465.jpg","width":1764,"height":883,"caption":"Webcam La Clusaz"},{"@type":"BreadcrumbList","@id":"https:\/\/weather-radar-live.com\/fr\/webcam\/france\/webcam-la-clusaz\/#breadcrumb","itemListElement":[{"@type":"ListItem","position":1,"name":"Weather Radar Live","item":"https:\/\/weather-radar-live.com\/fr\/"},{"@type":"ListItem","position":2,"name":"Webcam","item":"https:\/\/weather-radar-live.com\/fr\/webcam\/"},{"@type":"ListItem","position":3,"name":"France","item":"https:\/\/weather-radar-live.com\/fr\/webcam\/france\/"},{"@type":"ListItem","position":4,"name":"Webcam La Clusaz"}]},{"@type":"WebSite","@id":"https:\/\/weather-radar-live.com\/#website","url":"https:\/\/weather-radar-live.com\/","name":"weather-radar-live.com","description":"Your weather and sky radar.","publisher":{"@id":"https:\/\/weather-radar-live.com\/#organization"},"potentialAction":[{"@type":"SearchAction","target":{"@type":"EntryPoint","urlTemplate":"https:\/\/weather-radar-live.com\/?s={search_term_string}"},"query-input":{"@type":"PropertyValueSpecification","valueRequired":true,"valueName":"search_term_string"}}],"inLanguage":"fr-FR"},{"@type":"Organization","@id":"https:\/\/weather-radar-live.com\/#organization","name":"weather-radar-live.com","url":"https:\/\/weather-radar-live.com\/","logo":{"@type":"ImageObject","inLanguage":"fr-FR","@id":"https:\/\/weather-radar-live.com\/#\/schema\/logo\/image\/","url":"https:\/\/weather-radar-live.com\/wp-content\/uploads\/2022\/03\/cropped-WRL2503.png","contentUrl":"https:\/\/weather-radar-live.com\/wp-content\/uploads\/2022\/03\/cropped-WRL2503.png","width":1920,"height":555,"caption":"weather-radar-live.com"},"image":{"@id":"https:\/\/weather-radar-live.com\/#\/schema\/logo\/image\/"}}]}},"_links":{"self":[{"href":"https:\/\/weather-radar-live.com\/fr\/wp-json\/wp\/v2\/pages\/4001","targetHints":{"allow":["GET"]}}],"collection":[{"href":"https:\/\/weather-radar-live.com\/fr\/wp-json\/wp\/v2\/pages"}],"about":[{"href":"https:\/\/weather-radar-live.com\/fr\/wp-json\/wp\/v2\/types\/page"}],"author":[{"embeddable":true,"href":"https:\/\/weather-radar-live.com\/fr\/wp-json\/wp\/v2\/users\/1"}],"replies":[{"embeddable":true,"href":"https:\/\/weather-radar-live.com\/fr\/wp-json\/wp\/v2\/comments?post=4001"}],"version-history":[{"count":3,"href":"https:\/\/weather-radar-live.com\/fr\/wp-json\/wp\/v2\/pages\/4001\/revisions"}],"predecessor-version":[{"id":4570,"href":"https:\/\/weather-radar-live.com\/fr\/wp-json\/wp\/v2\/pages\/4001\/revisions\/4570"}],"up":[{"embeddable":true,"href":"https:\/\/weather-radar-live.com\/fr\/wp-json\/wp\/v2\/pages\/3155"}],"wp:featuredmedia":[{"embeddable":true,"href":"https:\/\/weather-radar-live.com\/fr\/wp-json\/wp\/v2\/media\/3753"}],"wp:attachment":[{"href":"https:\/\/weather-radar-live.com\/fr\/wp-json\/wp\/v2\/media?parent=4001"}],"curies":[{"name":"wp","href":"https:\/\/api.w.org\/{rel}","templated":true}]}}