{"id":3997,"date":"2022-05-12T14:12:22","date_gmt":"2022-05-12T12:12:22","guid":{"rendered":"https:\/\/weather-radar-live.com\/?page_id=3997"},"modified":"2022-07-19T09:06:43","modified_gmt":"2022-07-19T07:06:43","slug":"webcam-la-baule","status":"publish","type":"page","link":"https:\/\/weather-radar-live.com\/fr\/webcam\/france\/webcam-la-baule\/","title":{"rendered":"Webcam La Baule"},"content":{"rendered":"<div id=\"weath-2358333461\" class=\"weath-vor-dem-inhalt weath-entity-placement\" style=\"margin-top: 15px;margin-right: 25px;margin-bottom: 40px;margin-left: 25px;\"><script async src=\"\/\/pagead2.googlesyndication.com\/pagead\/js\/adsbygoogle.js?client=ca-pub-8960936133935804\" crossorigin=\"anonymous\"><\/script><ins class=\"adsbygoogle\" style=\"display:block;\" data-ad-client=\"ca-pub-8960936133935804\" \ndata-ad-slot=\"6172817020\" \ndata-ad-format=\"auto\"><\/ins>\n<script> \n(adsbygoogle = window.adsbygoogle || []).push({}); \n<\/script>\n<\/div>\n<div class=\"wp-block-cover alignfull is-light\"><span aria-hidden=\"true\" class=\"wp-block-cover__gradient-background has-background-dim\"><\/span><img decoding=\"async\" class=\"wp-block-cover__image-background wp-image-342\" alt=\"Webcam La Baule\" src=\"https:\/\/weather-radar-live.com\/wp-content\/uploads\/2021\/06\/sam-schooler-E9aetBe2w40-unsplash-e1622554814366.jpg\" data-object-fit=\"cover\"\/><div class=\"wp-block-cover__inner-container is-layout-flow wp-block-cover-is-layout-flow\">\n<h2 class=\"has-text-align-center heading wp-block-heading\" id=\"webcam-fort-mahon\" style=\"font-size:40px\"><strong><mark style=\"background-color:rgba(0, 0, 0, 0)\" class=\"has-inline-color has-base-3-color\">WEBCAM <\/mark><\/strong><br><strong><mark style=\"background-color:rgba(0, 0, 0, 0)\" class=\"has-inline-color has-base-3-color\">LA BAULE<\/mark><\/strong><\/h2>\n<\/div><\/div>\n\n\n<div class=\"yoast-breadcrumbs\"><span><span><a href=\"https:\/\/weather-radar-live.com\/fr\/\">Weather Radar Live<\/a><\/span> \u00bb <span><a href=\"https:\/\/weather-radar-live.com\/fr\/webcam\/\">Webcam<\/a><\/span> \u00bb <span><a href=\"https:\/\/weather-radar-live.com\/fr\/webcam\/france\/\">France<\/a><\/span> \u00bb <span class=\"breadcrumb_last\" aria-current=\"page\"><strong>Webcam La Baule<\/strong><\/span><\/span><\/div>\n\n\n<h2 class=\"has-text-align-center wp-block-heading\" id=\"webcam-fort-mahon\"><strong>Webcam <strong><strong>La Baule<\/strong><\/strong><\/strong><\/h2>\n\n\n\n<p>La Baule, \u00e9galement appel\u00e9e La Baule-Escoublac, est une commune du d\u00e9partement de la Loire-Atlantique situ\u00e9e dans l&rsquo;h\u00e9misph\u00e8re nord. Les pins maritimes stabilisateurs de dunes de 1 000 acres (400 hectares) prot\u00e8gent la plage contre les vents soufflant du nord. Elle est situ\u00e9e dans une baie en forme de croissant sur une plage de sable de huit kilom\u00e8tres de long dans l&rsquo;ouest de la France.<\/p>\n\n\n\n<div class=\"wp-block-columns is-layout-flex wp-container-core-columns-is-layout-9d6595d7 wp-block-columns-is-layout-flex\">\n<div class=\"wp-block-column webcam-column is-layout-flow wp-block-column-is-layout-flow\">\n<h3 class=\"has-text-align-center live-emoji wp-block-heading\">\ud83d\udd34 <strong>Webcam <strong><strong><strong><strong><strong>La Baule<\/strong><\/strong><\/strong><\/strong><\/strong><\/strong> <\/h3>\n\n\n\n<iframe src=\"https:\/\/www.skaping.com\/la-baule\/plage\/video\" style=\"width: 100%; height: 400px; border: none;\" allowfullscreen=\"\"><\/iframe>\n<\/div>\n<\/div>\n\n\n\n<div class=\"wp-block-columns is-layout-flex wp-container-core-columns-is-layout-9d6595d7 wp-block-columns-is-layout-flex\">\n<div class=\"wp-block-column webcam-column is-layout-flow wp-block-column-is-layout-flow\">\n<h3 class=\"has-text-align-center wp-block-heading\">\ud83d\udd34 <strong>Webcam La Baule Plage<\/strong> (Panorama)<\/h3>\n\n\n\n<iframe src=\"https:\/\/www.skaping.com\/la-baule\/plage\" style=\"width: 100%; height: 400px; border: none;\" allowfullscreen=\"\"><\/iframe>\n\n\n\n<p class=\"has-text-align-center\"><strong><sup>D&rsquo;un clic de souris (smartphone : changez la vue simplement en tapant), vous pouvez d\u00e9placer la webcam dans la direction de votre choix. En tournant la molette de la souris ou en zoomant avec les doigts, vous pouvez zoomer sur la webcam. Vous pouvez \u00e9galement utiliser les boutons \u00e0 cette fin.<\/sup><\/strong><\/p>\n\n\n\n<div class=\"wp-block-columns is-layout-flex wp-container-core-columns-is-layout-9d6595d7 wp-block-columns-is-layout-flex\">\n<div class=\"wp-block-column is-layout-flow wp-block-column-is-layout-flow\">\n<h3 class=\"has-text-align-center wp-block-heading\"><strong>\ud83d\udd34 Webcam <strong><strong><strong><strong><strong><strong><strong><strong><strong><strong><strong><strong>La Baule<\/strong><\/strong><\/strong><\/strong><\/strong><\/strong><\/strong><\/strong><\/strong><\/strong><\/strong><\/strong><\/strong> Port Sud-Ouest<\/h3>\n\n\n\n<a name=\"windy-webcam-timelapse-player\" data-id=\"1463324065\" data-play=\"day\" href=\"https:\/\/windy.com\/webcams\/1463324065\" target=\"_blank\" rel=\"noopener\">La Baule-Escoublac &lsquo; S\u00fcd-West : Port<\/a><script async=\"\" type=\"text\/javascript\" src=\"https:\/\/webcams.windy.com\/webcams\/public\/embed\/script\/player.js\"><\/script>\n<\/div>\n\n\n\n<div class=\"wp-block-column is-layout-flow wp-block-column-is-layout-flow\">\n<h3 class=\"has-text-align-center wp-block-heading\"><strong> \ud83d\udd34 Webcam <strong><strong><strong>La Baule<\/strong><\/strong><\/strong><\/strong><\/h3>\n\n\n\n<figure class=\"wp-block-embed is-type-video is-provider-youtube wp-block-embed-youtube wp-embed-aspect-16-9 wp-has-aspect-ratio\"><div class=\"wp-block-embed__wrapper\">\n<iframe loading=\"lazy\" title=\"Webcam Pornichet - La Baule - La maison R\u00e9gent &amp; Grain de Folie\" width=\"1200\" height=\"675\" src=\"https:\/\/www.youtube.com\/embed\/qHXA6mUtj2I?feature=oembed\" frameborder=\"0\" allow=\"accelerometer; autoplay; clipboard-write; encrypted-media; gyroscope; picture-in-picture\" allowfullscreen><\/iframe>\n<\/div><\/figure>\n<\/div>\n<\/div>\n<\/div>\n<\/div>\n\n\n\n<h2 class=\"wp-block-heading\" id=\"fort-mahon-today\"><strong>Radar m\u00e9t\u00e9o <strong><strong><strong><strong><strong><strong><strong><strong><strong><strong><strong><strong><strong>La Baule<\/strong><\/strong><\/strong><\/strong><\/strong><\/strong><\/strong><\/strong><\/strong><\/strong><\/strong><\/strong><\/strong><\/strong> &#8211; <strong>Le temps qu&rsquo;il fait \u00e0 <strong><strong><strong><strong><strong><strong><strong><strong><strong><strong><strong><strong><strong>La Baule<\/strong><\/strong><\/strong><\/strong><\/strong><\/strong><\/strong><\/strong><\/strong><\/strong><\/strong><\/strong><\/strong><\/strong><\/h2>\n\n\n\n<p>Weather Radar Live recueille des donn\u00e9es sur <a href=\"https:\/\/weather-radar-live.com\/fr\/tempete\/\"><strong>temp\u00eates<\/strong><\/a>, <strong><a href=\"https:\/\/weather-radar-live.com\/fr\/orage-en-direct\/\">orages<\/a><\/strong>, <strong><a href=\"https:\/\/weather-radar-live.com\/fr\/tornades-en-direct\/\">tornades<\/a><\/strong>, <strong><a href=\"https:\/\/weather-radar-live.com\/fr\/radar-neige\/\">neige<\/a><\/strong>, <strong><a href=\"https:\/\/weather-radar-live.com\/fr\/radar-pluie\/\">pluie<\/a><\/strong>et <strong><a href=\"https:\/\/weather-radar-live.com\/fr\/radar-nuages\/\">couverture nuageuse<\/a><\/strong>. Vous pouvez recevoir des informations en direct sur les conditions m\u00e9t\u00e9orologiques \u00e0 La Baule. Notre radar en direct est facile \u00e0 naviguer. <\/p><div id=\"weath-3797287542\" class=\"weath-inhalt_2 weath-entity-placement\" style=\"margin-top: 15px;margin-right: 25px;margin-bottom: 35px;margin-left: 25px;\"><script async src=\"\/\/pagead2.googlesyndication.com\/pagead\/js\/adsbygoogle.js?client=ca-pub-8960936133935804\" crossorigin=\"anonymous\"><\/script><ins class=\"adsbygoogle\" style=\"display:block;\" data-ad-client=\"ca-pub-8960936133935804\" \ndata-ad-slot=\"1963584050\" \ndata-ad-format=\"auto\"><\/ins>\n<script> \n(adsbygoogle = window.adsbygoogle || []).push({}); \n<\/script>\n<\/div>\n\n\n\n<p>Si vous avez pr\u00e9vu un voyage \u00e0 La Baule ou si vous \u00eates curieux de conna\u00eetre les pr\u00e9visions m\u00e9t\u00e9orologiques, vous pouvez obtenir des informations pr\u00e9cises ici. Vous trouverez ci-dessous la carte montrant La Baule. Il suffit de cliquer sur le + ou le &#8211; dans le coin sup\u00e9rieur droit pour naviguer vers l&rsquo;endroit exact. De plus, tous les d\u00e9tails relatifs au temps actuel et aux pr\u00e9visions m\u00e9t\u00e9orologiques vous seront montr\u00e9s. <\/p>\n\n\n\n<div class=\"wp-block-columns is-layout-flex wp-container-core-columns-is-layout-9d6595d7 wp-block-columns-is-layout-flex\">\n<div class=\"wp-block-column is-layout-flow wp-block-column-is-layout-flow\" style=\"flex-basis:75%\">\n<iframe loading=\"lazy\" width=\"1300\" height=\"502\" src=\"https:\/\/embed.windy.com\/embed2.html?lat=47.388&amp;lon=-2.156&amp;detailLat=47.272&amp;detailLon=-4.065&amp;width=1300&amp;height=502&amp;zoom=8&amp;level=surface&amp;overlay=wind&amp;product=ecmwf&amp;menu=&amp;message=&amp;marker=&amp;calendar=now&amp;pressure=&amp;type=map&amp;location=coordinates&amp;detail=&amp;metricWind=default&amp;metricTemp=default&amp;radarRange=-1\" frameborder=\"0\"><\/iframe>\n<\/div>\n\n\n\n<div class=\"wp-block-column is-layout-flow wp-block-column-is-layout-flow\" style=\"flex-basis:25%\">\n<a class=\"weatherwidget-io\" href=\"https:\/\/forecast7.com\/en\/47d29n2d39\/la-baule-escoublac\/\" data-label_1=\"LA BAULE\" data-font=\"Roboto\" data-theme=\"original\">LA BAULE<\/a>\n<script>\n!function(d,s,id){var js,fjs=d.getElementsByTagName(s)[0];if(!d.getElementById(id)){js=d.createElement(s);js.id=id;js.src='https:\/\/weatherwidget.io\/js\/widget.min.js';fjs.parentNode.insertBefore(js,fjs);}}(document,'script','weatherwidget-io-js') ;\n<\/script>\n<\/div>\n<\/div>\n\n\n\n<h2 class=\"wp-block-heading\" id=\"fort-mahon-weather\"><strong>Le climat en <strong><strong><strong><strong><strong><strong><strong><strong><strong><strong><strong><strong><strong>La Baule<\/strong><\/strong><\/strong><\/strong><\/strong><\/strong><\/strong><\/strong><\/strong><\/strong><\/strong><\/strong><\/strong><\/strong><\/h2>\n\n\n\n<p>La Baule est situ\u00e9e le long de la c\u00f4te atlantique, \u00e0 l&rsquo;ouest de Saint-Nazaire, \u00e0 l&#8217;embouchure de la Loire. Elle b\u00e9n\u00e9ficie d&rsquo;un climat temp\u00e9r\u00e9 et chaud. La Baule-Escoublac a des \u00e9t\u00e9s agr\u00e9ables ; elle a des hivers longs, froids et venteux.<\/p>\n\n\n\n<p> Pendant la majeure partie de l&rsquo;ann\u00e9e, la couverture nuageuse est partielle. Des pr\u00e9cipitations importantes se produisent \u00e0 La Baule-Escoublac m\u00eame pendant le mois le plus sec. Cette r\u00e9gion re\u00e7oit environ 757 millim\u00e8tres de pluie par an. <\/p>\n\n\n\n<p><strong>Temp\u00e9rature <\/strong><\/p>\n\n\n\n<p>Au cours de l&rsquo;ann\u00e9e, la temp\u00e9rature varie g\u00e9n\u00e9ralement entre 39\u00b0F et 74\u00b0F et est rarement inf\u00e9rieure \u00e0 29\u00b0F ou sup\u00e9rieure \u00e0 84\u00b0F. <\/p>\n\n\n\n<p><strong>Humidit\u00e9 <\/strong><\/p>\n\n\n\n<p>Janvier a l&rsquo;humidit\u00e9 relative la plus \u00e9lev\u00e9e (83,94 %). Alors que juin est le mois avec l&rsquo;humidit\u00e9 relative la plus faible, soit 72,41 %.<\/p>\n\n\n\n<p><strong>Pr\u00e9cipitations <\/strong><\/p>\n\n\n\n<p>Les fortes pluies ont lieu en novembre et durent 13,20 jours. Le mois d&rsquo;ao\u00fbt a le moins de jours de pluie (8,03).<\/p>\n\n\n\n<p><strong>Nuages <\/strong><\/p>\n\n\n\n<p>Il existe une variation saisonni\u00e8re significative du pourcentage moyen du ciel couvert par des nuages \u00e0 La Baule-Escoublac. <\/p>\n\n\n\n<p>En moyenne, 65% du temps \u00e0 La Baule-Escoublac, le ciel est clair en juillet.<\/p>\n\n\n\n<p>La Baule-Escoublac conna\u00eet le temps le plus nuageux en janvier o\u00f9 le ciel est majoritairement couvert de nuages 63% du temps.<\/p>\n\n\n\n<p><strong>Vent <\/strong><\/p>\n\n\n\n<p>La topographie locale et d&rsquo;autres facteurs influencent fortement l&rsquo;exp\u00e9rience du vent \u00e0 cet endroit.<\/p>\n\n\n\n<p>En d\u00e9cembre (le mois le plus venteux), la vitesse horaire moyenne du vent est de 14,2 miles par heure. Alors qu&rsquo;elle est de 10,1 miles par heure dans le mois le plus calme, \u00e0 savoir le mois d&rsquo;ao\u00fbt. <\/p>\n\n\n\n<h2 class=\"wp-block-heading\"><strong>Station baln\u00e9aire de La Baule <\/strong><\/h2>\n\n\n\n<p>En Bretagne sud, la station baln\u00e9aire de La Baule est une retraite baln\u00e9aire populaire pour l&rsquo;\u00e9lite fran\u00e7aise. Cr\u00e9\u00e9e en 1879, cette station centenaire est la plus connue des stations de l&rsquo;Atlantique. Cette station poss\u00e8de des villas enchanteresses, un casino, ainsi que d&rsquo;excellents h\u00e9bergements. <\/p>\n\n\n\n<p>De plus, un m\u00e9lange unique de culture bretonne et de culture baln\u00e9aire avec une plage de sable de 9 km, un port de plaisance et des marais salants \u00e0 proximit\u00e9 en font un site attractif pour les touristes. <\/p>\n\n\n\n<p>Chaque ann\u00e9e, La Baule conna\u00eet une augmentation spectaculaire de sa population en juillet et ao\u00fbt en raison des Parisiens qui y s\u00e9journent pendant des semaines et des visiteurs nantais qui viennent pour des excursions d&rsquo;une journ\u00e9e. Depuis la gare Montparnasse de Paris, il faut environ 3 heures pour rejoindre La Baule.<\/p>\n","protected":false},"excerpt":{"rendered":"<p>Webcam La Baule La Baule, \u00e9galement appel\u00e9e La Baule-Escoublac, est une commune du d\u00e9partement de la Loire-Atlantique situ\u00e9e dans l&rsquo;h\u00e9misph\u00e8re nord. Les pins maritimes stabilisateurs de dunes de 1 000 acres (400 hectares) prot\u00e8gent la plage contre les vents soufflant du nord. Elle est situ\u00e9e dans une baie en forme de croissant sur une plage &#8230; <a title=\"Webcam La Baule\" class=\"read-more\" href=\"https:\/\/weather-radar-live.com\/fr\/webcam\/france\/webcam-la-baule\/\" aria-label=\"En savoir plus sur Webcam La Baule\">Lire la suite<\/a><\/p>\n","protected":false},"author":1,"featured_media":3936,"parent":3155,"menu_order":0,"comment_status":"closed","ping_status":"closed","template":"","meta":{"footnotes":""},"class_list":["post-3997","page","type-page","status-publish","has-post-thumbnail"],"yoast_head":"<!-- This site is optimized with the Yoast SEO plugin v27.5 - https:\/\/yoast.com\/product\/yoast-seo-wordpress\/ -->\n<title>Webcam La Baule - weather-radar-live.com<\/title>\n<meta name=\"description\" content=\"Webcam La Baule | Livecam de La Baule ! \u2705 Mise \u00e0 jour pour vous en temps r\u00e9el ! \u2705 Pr\u00e9visions m\u00e9t\u00e9orologiques actuelles !\" \/>\n<meta name=\"robots\" content=\"index, follow, max-snippet:-1, max-image-preview:large, max-video-preview:-1\" \/>\n<link rel=\"canonical\" href=\"https:\/\/weather-radar-live.com\/fr\/webcam\/france\/webcam-la-baule\/\" \/>\n<meta property=\"og:locale\" content=\"fr_FR\" \/>\n<meta property=\"og:type\" content=\"article\" \/>\n<meta property=\"og:title\" content=\"Webcam La Baule - weather-radar-live.com\" \/>\n<meta property=\"og:description\" content=\"Webcam La Baule | Livecam de La Baule ! \u2705 Mise \u00e0 jour pour vous en temps r\u00e9el ! \u2705 Pr\u00e9visions m\u00e9t\u00e9orologiques actuelles !\" \/>\n<meta property=\"og:url\" content=\"https:\/\/weather-radar-live.com\/fr\/webcam\/france\/webcam-la-baule\/\" \/>\n<meta property=\"og:site_name\" content=\"weather-radar-live.com\" \/>\n<meta property=\"article:modified_time\" content=\"2022-07-19T07:06:43+00:00\" \/>\n<meta property=\"og:image\" content=\"https:\/\/weather-radar-live.com\/wp-content\/uploads\/2021\/06\/sam-schooler-E9aetBe2w40-unsplash-e1622554814366.jpg\" \/>\n<meta name=\"twitter:card\" content=\"summary_large_image\" \/>\n<meta name=\"twitter:label1\" content=\"Dur\u00e9e de lecture estim\u00e9e\" \/>\n\t<meta name=\"twitter:data1\" content=\"4 minutes\" \/>\n<script type=\"application\/ld+json\" class=\"yoast-schema-graph\">{\"@context\":\"https:\\\/\\\/schema.org\",\"@graph\":[{\"@type\":\"WebPage\",\"@id\":\"https:\\\/\\\/weather-radar-live.com\\\/fr\\\/webcam\\\/france\\\/webcam-la-baule\\\/\",\"url\":\"https:\\\/\\\/weather-radar-live.com\\\/fr\\\/webcam\\\/france\\\/webcam-la-baule\\\/\",\"name\":\"Webcam La Baule - weather-radar-live.com\",\"isPartOf\":{\"@id\":\"https:\\\/\\\/weather-radar-live.com\\\/#website\"},\"primaryImageOfPage\":{\"@id\":\"https:\\\/\\\/weather-radar-live.com\\\/fr\\\/webcam\\\/france\\\/webcam-la-baule\\\/#primaryimage\"},\"image\":{\"@id\":\"https:\\\/\\\/weather-radar-live.com\\\/fr\\\/webcam\\\/france\\\/webcam-la-baule\\\/#primaryimage\"},\"thumbnailUrl\":\"https:\\\/\\\/weather-radar-live.com\\\/wp-content\\\/uploads\\\/2022\\\/04\\\/Webcam-La-Baule-e1650548711664.jpg\",\"datePublished\":\"2022-05-12T12:12:22+00:00\",\"dateModified\":\"2022-07-19T07:06:43+00:00\",\"description\":\"Webcam La Baule | Livecam de La Baule ! \u2705 Mise \u00e0 jour pour vous en temps r\u00e9el ! \u2705 Pr\u00e9visions m\u00e9t\u00e9orologiques actuelles !\",\"breadcrumb\":{\"@id\":\"https:\\\/\\\/weather-radar-live.com\\\/fr\\\/webcam\\\/france\\\/webcam-la-baule\\\/#breadcrumb\"},\"inLanguage\":\"fr-FR\",\"potentialAction\":[{\"@type\":\"ReadAction\",\"target\":[\"https:\\\/\\\/weather-radar-live.com\\\/fr\\\/webcam\\\/france\\\/webcam-la-baule\\\/\"]}]},{\"@type\":\"ImageObject\",\"inLanguage\":\"fr-FR\",\"@id\":\"https:\\\/\\\/weather-radar-live.com\\\/fr\\\/webcam\\\/france\\\/webcam-la-baule\\\/#primaryimage\",\"url\":\"https:\\\/\\\/weather-radar-live.com\\\/wp-content\\\/uploads\\\/2022\\\/04\\\/Webcam-La-Baule-e1650548711664.jpg\",\"contentUrl\":\"https:\\\/\\\/weather-radar-live.com\\\/wp-content\\\/uploads\\\/2022\\\/04\\\/Webcam-La-Baule-e1650548711664.jpg\",\"width\":1918,\"height\":1014,\"caption\":\"Webcam La Baule\"},{\"@type\":\"BreadcrumbList\",\"@id\":\"https:\\\/\\\/weather-radar-live.com\\\/fr\\\/webcam\\\/france\\\/webcam-la-baule\\\/#breadcrumb\",\"itemListElement\":[{\"@type\":\"ListItem\",\"position\":1,\"name\":\"Weather Radar Live\",\"item\":\"https:\\\/\\\/weather-radar-live.com\\\/fr\\\/\"},{\"@type\":\"ListItem\",\"position\":2,\"name\":\"Webcam\",\"item\":\"https:\\\/\\\/weather-radar-live.com\\\/fr\\\/webcam\\\/\"},{\"@type\":\"ListItem\",\"position\":3,\"name\":\"France\",\"item\":\"https:\\\/\\\/weather-radar-live.com\\\/fr\\\/webcam\\\/france\\\/\"},{\"@type\":\"ListItem\",\"position\":4,\"name\":\"Webcam La Baule\"}]},{\"@type\":\"WebSite\",\"@id\":\"https:\\\/\\\/weather-radar-live.com\\\/#website\",\"url\":\"https:\\\/\\\/weather-radar-live.com\\\/\",\"name\":\"weather-radar-live.com\",\"description\":\"Your weather and sky radar.\",\"publisher\":{\"@id\":\"https:\\\/\\\/weather-radar-live.com\\\/#organization\"},\"potentialAction\":[{\"@type\":\"SearchAction\",\"target\":{\"@type\":\"EntryPoint\",\"urlTemplate\":\"https:\\\/\\\/weather-radar-live.com\\\/?s={search_term_string}\"},\"query-input\":{\"@type\":\"PropertyValueSpecification\",\"valueRequired\":true,\"valueName\":\"search_term_string\"}}],\"inLanguage\":\"fr-FR\"},{\"@type\":\"Organization\",\"@id\":\"https:\\\/\\\/weather-radar-live.com\\\/#organization\",\"name\":\"weather-radar-live.com\",\"url\":\"https:\\\/\\\/weather-radar-live.com\\\/\",\"logo\":{\"@type\":\"ImageObject\",\"inLanguage\":\"fr-FR\",\"@id\":\"https:\\\/\\\/weather-radar-live.com\\\/#\\\/schema\\\/logo\\\/image\\\/\",\"url\":\"https:\\\/\\\/weather-radar-live.com\\\/wp-content\\\/uploads\\\/2022\\\/03\\\/cropped-WRL2503.png\",\"contentUrl\":\"https:\\\/\\\/weather-radar-live.com\\\/wp-content\\\/uploads\\\/2022\\\/03\\\/cropped-WRL2503.png\",\"width\":1920,\"height\":555,\"caption\":\"weather-radar-live.com\"},\"image\":{\"@id\":\"https:\\\/\\\/weather-radar-live.com\\\/#\\\/schema\\\/logo\\\/image\\\/\"}}]}<\/script>\n<!-- \/ Yoast SEO plugin. -->","yoast_head_json":{"title":"Webcam La Baule - weather-radar-live.com","description":"Webcam La Baule | Livecam de La Baule ! \u2705 Mise \u00e0 jour pour vous en temps r\u00e9el ! \u2705 Pr\u00e9visions m\u00e9t\u00e9orologiques actuelles !","robots":{"index":"index","follow":"follow","max-snippet":"max-snippet:-1","max-image-preview":"max-image-preview:large","max-video-preview":"max-video-preview:-1"},"canonical":"https:\/\/weather-radar-live.com\/fr\/webcam\/france\/webcam-la-baule\/","og_locale":"fr_FR","og_type":"article","og_title":"Webcam La Baule - weather-radar-live.com","og_description":"Webcam La Baule | Livecam de La Baule ! \u2705 Mise \u00e0 jour pour vous en temps r\u00e9el ! \u2705 Pr\u00e9visions m\u00e9t\u00e9orologiques actuelles !","og_url":"https:\/\/weather-radar-live.com\/fr\/webcam\/france\/webcam-la-baule\/","og_site_name":"weather-radar-live.com","article_modified_time":"2022-07-19T07:06:43+00:00","og_image":[{"url":"https:\/\/weather-radar-live.com\/wp-content\/uploads\/2021\/06\/sam-schooler-E9aetBe2w40-unsplash-e1622554814366.jpg","type":"","width":"","height":""}],"twitter_card":"summary_large_image","twitter_misc":{"Dur\u00e9e de lecture estim\u00e9e":"4 minutes"},"schema":{"@context":"https:\/\/schema.org","@graph":[{"@type":"WebPage","@id":"https:\/\/weather-radar-live.com\/fr\/webcam\/france\/webcam-la-baule\/","url":"https:\/\/weather-radar-live.com\/fr\/webcam\/france\/webcam-la-baule\/","name":"Webcam La Baule - weather-radar-live.com","isPartOf":{"@id":"https:\/\/weather-radar-live.com\/#website"},"primaryImageOfPage":{"@id":"https:\/\/weather-radar-live.com\/fr\/webcam\/france\/webcam-la-baule\/#primaryimage"},"image":{"@id":"https:\/\/weather-radar-live.com\/fr\/webcam\/france\/webcam-la-baule\/#primaryimage"},"thumbnailUrl":"https:\/\/weather-radar-live.com\/wp-content\/uploads\/2022\/04\/Webcam-La-Baule-e1650548711664.jpg","datePublished":"2022-05-12T12:12:22+00:00","dateModified":"2022-07-19T07:06:43+00:00","description":"Webcam La Baule | Livecam de La Baule ! \u2705 Mise \u00e0 jour pour vous en temps r\u00e9el ! \u2705 Pr\u00e9visions m\u00e9t\u00e9orologiques actuelles !","breadcrumb":{"@id":"https:\/\/weather-radar-live.com\/fr\/webcam\/france\/webcam-la-baule\/#breadcrumb"},"inLanguage":"fr-FR","potentialAction":[{"@type":"ReadAction","target":["https:\/\/weather-radar-live.com\/fr\/webcam\/france\/webcam-la-baule\/"]}]},{"@type":"ImageObject","inLanguage":"fr-FR","@id":"https:\/\/weather-radar-live.com\/fr\/webcam\/france\/webcam-la-baule\/#primaryimage","url":"https:\/\/weather-radar-live.com\/wp-content\/uploads\/2022\/04\/Webcam-La-Baule-e1650548711664.jpg","contentUrl":"https:\/\/weather-radar-live.com\/wp-content\/uploads\/2022\/04\/Webcam-La-Baule-e1650548711664.jpg","width":1918,"height":1014,"caption":"Webcam La Baule"},{"@type":"BreadcrumbList","@id":"https:\/\/weather-radar-live.com\/fr\/webcam\/france\/webcam-la-baule\/#breadcrumb","itemListElement":[{"@type":"ListItem","position":1,"name":"Weather Radar Live","item":"https:\/\/weather-radar-live.com\/fr\/"},{"@type":"ListItem","position":2,"name":"Webcam","item":"https:\/\/weather-radar-live.com\/fr\/webcam\/"},{"@type":"ListItem","position":3,"name":"France","item":"https:\/\/weather-radar-live.com\/fr\/webcam\/france\/"},{"@type":"ListItem","position":4,"name":"Webcam La Baule"}]},{"@type":"WebSite","@id":"https:\/\/weather-radar-live.com\/#website","url":"https:\/\/weather-radar-live.com\/","name":"weather-radar-live.com","description":"Your weather and sky radar.","publisher":{"@id":"https:\/\/weather-radar-live.com\/#organization"},"potentialAction":[{"@type":"SearchAction","target":{"@type":"EntryPoint","urlTemplate":"https:\/\/weather-radar-live.com\/?s={search_term_string}"},"query-input":{"@type":"PropertyValueSpecification","valueRequired":true,"valueName":"search_term_string"}}],"inLanguage":"fr-FR"},{"@type":"Organization","@id":"https:\/\/weather-radar-live.com\/#organization","name":"weather-radar-live.com","url":"https:\/\/weather-radar-live.com\/","logo":{"@type":"ImageObject","inLanguage":"fr-FR","@id":"https:\/\/weather-radar-live.com\/#\/schema\/logo\/image\/","url":"https:\/\/weather-radar-live.com\/wp-content\/uploads\/2022\/03\/cropped-WRL2503.png","contentUrl":"https:\/\/weather-radar-live.com\/wp-content\/uploads\/2022\/03\/cropped-WRL2503.png","width":1920,"height":555,"caption":"weather-radar-live.com"},"image":{"@id":"https:\/\/weather-radar-live.com\/#\/schema\/logo\/image\/"}}]}},"_links":{"self":[{"href":"https:\/\/weather-radar-live.com\/fr\/wp-json\/wp\/v2\/pages\/3997","targetHints":{"allow":["GET"]}}],"collection":[{"href":"https:\/\/weather-radar-live.com\/fr\/wp-json\/wp\/v2\/pages"}],"about":[{"href":"https:\/\/weather-radar-live.com\/fr\/wp-json\/wp\/v2\/types\/page"}],"author":[{"embeddable":true,"href":"https:\/\/weather-radar-live.com\/fr\/wp-json\/wp\/v2\/users\/1"}],"replies":[{"embeddable":true,"href":"https:\/\/weather-radar-live.com\/fr\/wp-json\/wp\/v2\/comments?post=3997"}],"version-history":[{"count":4,"href":"https:\/\/weather-radar-live.com\/fr\/wp-json\/wp\/v2\/pages\/3997\/revisions"}],"predecessor-version":[{"id":4979,"href":"https:\/\/weather-radar-live.com\/fr\/wp-json\/wp\/v2\/pages\/3997\/revisions\/4979"}],"up":[{"embeddable":true,"href":"https:\/\/weather-radar-live.com\/fr\/wp-json\/wp\/v2\/pages\/3155"}],"wp:featuredmedia":[{"embeddable":true,"href":"https:\/\/weather-radar-live.com\/fr\/wp-json\/wp\/v2\/media\/3936"}],"wp:attachment":[{"href":"https:\/\/weather-radar-live.com\/fr\/wp-json\/wp\/v2\/media?parent=3997"}],"curies":[{"name":"wp","href":"https:\/\/api.w.org\/{rel}","templated":true}]}}