{"id":1868,"date":"2021-11-17T15:45:11","date_gmt":"2021-11-17T14:45:11","guid":{"rendered":"https:\/\/weather-radar-live.com\/?page_id=1868"},"modified":"2021-12-13T15:48:14","modified_gmt":"2021-12-13T14:48:14","slug":"niveau-de-la-mer","status":"publish","type":"page","link":"https:\/\/weather-radar-live.com\/fr\/niveau-de-la-mer\/","title":{"rendered":"Niveau de la mer"},"content":{"rendered":"<div id=\"weath-604657426\" class=\"weath-vor-dem-inhalt weath-entity-placement\" style=\"margin-top: 15px;margin-right: 25px;margin-bottom: 40px;margin-left: 25px;\"><script async src=\"\/\/pagead2.googlesyndication.com\/pagead\/js\/adsbygoogle.js?client=ca-pub-8960936133935804\" crossorigin=\"anonymous\"><\/script><ins class=\"adsbygoogle\" style=\"display:block;\" data-ad-client=\"ca-pub-8960936133935804\" \ndata-ad-slot=\"6172817020\" \ndata-ad-format=\"auto\"><\/ins>\n<script> \n(adsbygoogle = window.adsbygoogle || []).push({}); \n<\/script>\n<\/div>\n<div class=\"wp-block-cover alignfull has-background-dim-30 has-background-dim\"><img decoding=\"async\" class=\"wp-block-cover__image-background wp-image-5153\" alt=\"\" src=\"https:\/\/da-oben.de\/wp-content\/uploads\/2021\/11\/iceberg-g251906e1e_1920.jpg\" style=\"object-position:66% 63%\" data-object-fit=\"cover\" data-object-position=\"66% 63%\"\/><div class=\"wp-block-cover__inner-container is-layout-flow wp-block-cover-is-layout-flow\">\n<h2 class=\"has-text-align-center heading wp-block-heading\" style=\"font-size:60px\"><strong><span class=\"has-inline-color has-base-3-color\">NIVEAU DE LA MER<\/span><\/strong><\/h2>\n<\/div><\/div>\n\n\n<h2 style=\"text-align: center;\"><span style=\"color: #1950fe;\"><b>Niveau de la mer &#8211; Quelle est la hauteur de la mer ?<\/b><\/span><\/h2>\n<p>Depuis plus d&rsquo;un si\u00e8cle, le niveau de la mer est mesur\u00e9 et \u00e9valu\u00e9 partout dans le monde. Ces donn\u00e9es ont permis d&rsquo;\u00e9tablir que le niveau de la mer augmente en moyenne d&rsquo;environ 3,3 millim\u00e8tres par an dans le monde. Mais qu&rsquo;est-ce que cela signifie pour notre plan\u00e8te ? Et qu&rsquo;est-ce que le niveau de la mer au juste ?<\/p>\n<p>Le niveau de la mer est le niveau d&rsquo;altitude de la mer, appel\u00e9 entre autres NN. Mais le niveau de la mer n&rsquo;est pas le m\u00eame partout, bien au contraire ! Les valeurs varient en fonction de l&rsquo;endroit o\u00f9 elles sont mesur\u00e9es dans le monde. Bien que les mers du monde soient toutes reli\u00e9es entre elles, les diff\u00e9rentes influences de l&rsquo;environnement et de la nature ont un impact direct sur le niveau de la mer. Comme la plupart des endroits effectuent leurs propres mesures, il existe d&rsquo;innombrables niveaux de mer dans le monde.<\/p><div id=\"weath-1939950743\" class=\"weath-inhalt_2 weath-entity-placement\" style=\"margin-top: 15px;margin-right: 25px;margin-bottom: 35px;margin-left: 25px;\"><script async src=\"\/\/pagead2.googlesyndication.com\/pagead\/js\/adsbygoogle.js?client=ca-pub-8960936133935804\" crossorigin=\"anonymous\"><\/script><ins class=\"adsbygoogle\" style=\"display:block;\" data-ad-client=\"ca-pub-8960936133935804\" \ndata-ad-slot=\"1963584050\" \ndata-ad-format=\"auto\"><\/ins>\n<script> \n(adsbygoogle = window.adsbygoogle || []).push({}); \n<\/script>\n<\/div>\n<p>Les scientifiques ont n\u00e9anmoins pu \u00e9tablir une corr\u00e9lation \u00e0 l&rsquo;\u00e9chelle mondiale : Le niveau de la mer augmente chaque ann\u00e9e dans le monde entier. Si la hausse du niveau de l&rsquo;eau s&rsquo;acc\u00e9l\u00e8re encore en raison du r\u00e9chauffement climatique, cela pourrait avoir de graves cons\u00e9quences pour de nombreuses zones c\u00f4ti\u00e8res.<\/p>\n\n\n<iframe loading=\"lazy\" width=\"1300\" height=\"600\" src=\"https:\/\/coastal.climatecentral.org\/map\/5\/7.2079\/55.6671\/?theme=water_level&amp;map_type=water_level_above_mhhw&amp;basemap=roadmap&amp;contiguous=true&amp;elevation_model=best_available&amp;refresh=true&amp;water_level=0.0&amp;water_unit=m\" scrolling=\"no\"><\/iframe>\n\n\n\n<p class=\"has-text-align-center\"><sup>La carte montre le niveau de la mer en cas d&rsquo;\u00e9l\u00e9vation du niveau de l&rsquo;eau. Sur le c\u00f4t\u00e9 gauche (vue mobile : roue dent\u00e9e en haut \u00e0 droite), vous pouvez ajuster l&rsquo;augmentation du niveau de la mer. Vous pouvez ainsi d\u00e9terminer quelles zones sont touch\u00e9es par une inondation.<\/sup><\/p>\n\n\n\n<div style=\"height:40px\" aria-hidden=\"true\" class=\"wp-block-spacer\"><\/div>\n\n\n<h2 style=\"text-align: center;\"><span style=\"color: #1950fe;\"><b>O\u00f9 se produisent les inondations ? Quelles c\u00f4tes sont touch\u00e9es ? Vous le saurez en consultant la carte du niveau de la mer :<\/b><\/span><\/h2>\n<p>La carte du <a href=\"https:\/\/www.futura-sciences.com\/planete\/actualites\/rechauffement-climatique-niveau-mer-monte-dangereusement-tous-littoraux-monde-82779\/\" target=\"_blank\" rel=\"noopener\"><strong>niveau de la mer<\/strong><\/a> vous permet de voir les r\u00e9gions c\u00f4ti\u00e8res qui pourraient \u00eatre touch\u00e9es par une inondation. En fonction de l&rsquo;\u00e9l\u00e9vation du niveau de la mer, les endroits \u00e0 risque sont marqu\u00e9s en rouge. Tout ce qui est marqu\u00e9 en rouge sur la carte se trouve sous la surface de l&rsquo;eau.<\/p>\n<p><img loading=\"lazy\" decoding=\"async\" class=\"alignleft wp-image-5158\" src=\"https:\/\/da-oben.de\/wp-content\/uploads\/2021\/11\/belowwaterlevel.jpg\" alt=\"Sous le niveau de l'eau\" width=\"168\" height=\"50\" \/>M\u00eame si le niveau de la mer local est de 0,0 m\u00e8tre, une inondation peut \u00eatre indiqu\u00e9e en raison de la combinaison de l&rsquo;\u00e9l\u00e9vation du niveau de la mer, des mar\u00e9es et des ondes de temp\u00eate<\/p>\n<p>La hauteur de la surface de l&rsquo;eau affich\u00e9e au-dessus de la ligne directrice locale est appel\u00e9e niveau d&rsquo;eau. Le terme \u00ab\u00a0ligne de guidage\u00a0\u00bb d\u00e9signe la moyenne historique la plus r\u00e9cente du niveau de mar\u00e9e local quotidien le plus \u00e9lev\u00e9 ou la ligne de mar\u00e9e haute moyenne.<\/p>\n<p>Si vous utilisez la carte sur un ordinateur, vous pouvez acc\u00e9der aux param\u00e8tres sur le c\u00f4t\u00e9 gauche de la carte. Si vous utilisez l&rsquo;affichage mobile, vous avez une roue dent\u00e9e \u00e0 s\u00e9lectionner en haut \u00e0 droite de l&rsquo;\u00e9cran, qui ouvre le menu des param\u00e8tres<\/p>\n<p>\u00a0<\/p>\n<h2 style=\"text-align: center;\"><span style=\"color: #1950fe;\"><b>Ce que vous devez savoir sur le niveau de la mer :<\/b><\/span><\/h2>\n<h3><span style=\"color: #1950fe;\"><strong>Comment mesure-t-on la hauteur du niveau de la mer ?<\/strong><\/span><\/h3>\n<p>Le niveau de l&rsquo;eau de mer est enregistr\u00e9 depuis le 19e si\u00e8cle. \u00c0 l&rsquo;\u00e9poque, certains niveaux de mesure \u00e9taient utilis\u00e9s pour \u00e9valuer la hauteur de l&rsquo;eau. Cependant, selon les connaissances scientifiques actuelles, ces niveaux de mesure sont beaucoup trop impr\u00e9cis. Les influences qui agissent sur le changement constant du niveau de la mer sont aujourd&rsquo;hui r\u00e9alis\u00e9es par des mesures tr\u00e8s pr\u00e9cises effectu\u00e9es par des satellites. Les satellites enregistrent toutes les donn\u00e9es \u00e0 plus de 250 kilom\u00e8tres d&rsquo;altitude afin d&rsquo;obtenir des r\u00e9sultats pr\u00e9cis.<\/p>\n<p>Des facteurs tels que les mar\u00e9es, les courants marins, le vent et la gravit\u00e9 terrestre jouent un r\u00f4le important dans les mesures.<\/p>\n<h3><span style=\"color: #f59800;\"><strong><span style=\"color: #1950fe;\">O\u00f9 se trouve le niveau de la mer ?<\/span><br \/><\/strong><\/span><\/h3>\n<p>La <a href=\"https:\/\/www.ouest-france.fr\/normandie\/grandes-marees-hauteur-deau-marnage-et-coefficient-3199287\"><strong>hauteur de<\/strong> <strong>la mer<\/strong><\/a> varie constamment et varie \u00e9galement selon les endroits du monde. La plupart des endroits utilisent leurs propres points de rep\u00e8re pour indiquer leur hauteur moyenne<\/p>\n<h3><span style=\"color: #1950fe;\"><strong>O\u00f9 se trouve le point z\u00e9ro du niveau de la mer ?<\/strong><\/span><\/h3>\n<p>Souvent, certains points centraux sont choisis pour indiquer l&rsquo;altitude. Il peut s&rsquo;agir par exemple de gares, de places de march\u00e9, d&rsquo;\u00e9glises et d&rsquo;autres lieux du centre. Pour l&rsquo;altitude des cours d&rsquo;eau, on indique le niveau moyen de l&rsquo;eau.<\/p>\n<h3><span style=\"color: #1950fe;\"><strong>Quelle est l&rsquo;\u00e9l\u00e9vation maximale du niveau de la mer ?<\/strong><\/span><\/h3>\n<p>Selon les chercheurs, la surface de la mer a augment\u00e9 plus rapidement au cours du seul 20e si\u00e8cle qu&rsquo;au cours de toute autre p\u00e9riode des 3 000 derni\u00e8res ann\u00e9es. On ne sait pas exactement \u00e0 quelle hauteur l&rsquo;eau montera dans un avenir proche, car le r\u00e9chauffement de la plan\u00e8te joue aujourd&rsquo;hui un r\u00f4le central dans l&rsquo;\u00e9l\u00e9vation du niveau de la mer. Selon les mesures actuelles, le niveau de la mer pourrait monter de plus d&rsquo;un m\u00e8tre d&rsquo;ici 2100.<\/p>\n<p>\u00a0<\/p>\n\n\n<div class=\"wp-block-cover alignfull has-background-dim-70 has-background-dim\"><img decoding=\"async\" class=\"wp-block-cover__image-background wp-image-5153\" alt=\"\" src=\"https:\/\/da-oben.de\/wp-content\/uploads\/2021\/11\/iceberg-g251906e1e_1920.jpg\" data-object-fit=\"cover\"\/><div class=\"wp-block-cover__inner-container is-layout-flow wp-block-cover-is-layout-flow\">\n<p><\/p>\n\n\n\n<p class=\"has-text-align-center\" id=\"Teppichklopfen\" style=\"font-size:35px\"><strong><strong><span class=\"has-inline-color has-base-3-color\"><strong><strong>VIDEOS sur le niveau de la mer et le r\u00e9chauffement climatique !<\/strong><\/strong><\/span><\/strong><\/strong><\/p>\n\n\n\n<div class=\"wp-block-columns is-layout-flex wp-container-core-columns-is-layout-9d6595d7 wp-block-columns-is-layout-flex\">\n<div class=\"wp-block-column is-layout-flow wp-block-column-is-layout-flow\" style=\"flex-basis:25%\"><\/div>\n\n\n\n<div class=\"wp-block-column is-layout-flow wp-block-column-is-layout-flow\" style=\"flex-basis:50%\"><\/div>\n\n\n\n<div class=\"wp-block-column is-layout-flow wp-block-column-is-layout-flow\" style=\"flex-basis:25%\"><\/div>\n<\/div>\n\n\n\n<div class=\"wp-block-columns is-layout-flex wp-container-core-columns-is-layout-9d6595d7 wp-block-columns-is-layout-flex\">\n<div class=\"wp-block-column is-layout-flow wp-block-column-is-layout-flow\">\n<figure class=\"wp-block-embed is-type-video is-provider-youtube wp-block-embed-youtube wp-embed-aspect-16-9 wp-has-aspect-ratio\"><div class=\"wp-block-embed__wrapper\">\n<iframe loading=\"lazy\" title=\"How Earth Would Look If All The Ice Melted\" width=\"1200\" height=\"675\" src=\"https:\/\/www.youtube.com\/embed\/VbiRNT_gWUQ?feature=oembed\" frameborder=\"0\" allow=\"accelerometer; autoplay; clipboard-write; encrypted-media; gyroscope; picture-in-picture\" allowfullscreen><\/iframe>\n<\/div><\/figure>\n<\/div>\n\n\n\n<div class=\"wp-block-column is-layout-flow wp-block-column-is-layout-flow\">\n<figure class=\"wp-block-embed is-type-video is-provider-youtube wp-block-embed-youtube wp-embed-aspect-16-9 wp-has-aspect-ratio\"><div class=\"wp-block-embed__wrapper\">\n<iframe loading=\"lazy\" title=\"This is what sea level rise will do to coastal cities\" width=\"1200\" height=\"675\" src=\"https:\/\/www.youtube.com\/embed\/6tesHVSZJOg?feature=oembed\" frameborder=\"0\" allow=\"accelerometer; autoplay; clipboard-write; encrypted-media; gyroscope; picture-in-picture\" allowfullscreen><\/iframe>\n<\/div><\/figure>\n<\/div>\n<\/div>\n<\/div><\/div>\n\n\n<h3>&nbsp;<\/h3>\n<h3><span style=\"color: #1950fe;\"><strong>Que se passe-t-il en cas d&rsquo;\u00e9l\u00e9vation du niveau de la mer ? <\/strong><\/span><\/h3>\n<p>L&rsquo;\u00e9l\u00e9vation constante de la surface de la mer constitue une menace \u00e0 long terme pour de nombreuses villes et pays c\u00f4tiers. Sur notre carte du niveau de la mer, vous trouverez une repr\u00e9sentation pr\u00e9cise des cons\u00e9quences d&rsquo;une \u00e9l\u00e9vation d&rsquo;une telle ampleur pour chaque lieu.<\/p>\n<p>L&rsquo;habitat des personnes et des animaux vivant sur les c\u00f4tes est englouti par la mer. Les gens devront donc quitter leur lieu de r\u00e9sidence pour des zones g\u00e9ographiquement plus \u00e9lev\u00e9es.<\/p>\n<p>M\u00eame les \u00eeles disparaissent progressivement de la carte : si le niveau de la mer monte d&rsquo;un m\u00e8tre suppl\u00e9mentaire, 80% des terres seront submerg\u00e9es par les eaux.<\/p>\n<h3><span style=\"color: #1950fe;\"><strong>Quelle sera la hauteur de l&rsquo;eau si toute la glace fond ?<\/strong><\/span><\/h3>\n<p>Il y a actuellement plus de cinq millions de miles cubes de glace sur la Terre. Si cette \u00e9norme quantit\u00e9 fondait des p\u00f4les et des sommets, le niveau global des mers monterait de 66 m\u00e8tres ! Les cons\u00e9quences d&rsquo;un tel changement seraient incalculables pour l&rsquo;humanit\u00e9.<\/p>","protected":false},"excerpt":{"rendered":"<p>Niveau de la mer &#8211; Quelle est la hauteur de la mer ? Depuis plus d&rsquo;un si\u00e8cle, le niveau de la mer est mesur\u00e9 et \u00e9valu\u00e9 partout dans le monde. Ces donn\u00e9es ont permis d&rsquo;\u00e9tablir que le niveau de la mer augmente en moyenne d&rsquo;environ 3,3 millim\u00e8tres par an dans le monde. Mais qu&rsquo;est-ce que &#8230; <a title=\"Niveau de la mer\" class=\"read-more\" href=\"https:\/\/weather-radar-live.com\/fr\/niveau-de-la-mer\/\" aria-label=\"En savoir plus sur Niveau de la mer\">Lire la suite<\/a><\/p>\n","protected":false},"author":1,"featured_media":0,"parent":0,"menu_order":0,"comment_status":"closed","ping_status":"closed","template":"","meta":{"footnotes":""},"class_list":["post-1868","page","type-page","status-publish"],"yoast_head":"<!-- This site is optimized with the Yoast SEO plugin v27.5 - https:\/\/yoast.com\/product\/yoast-seo-wordpress\/ -->\n<title>Niveau de la mer aujourd&#039;hui \ud83c\udf0a Carte du niveau de la mer<\/title>\n<meta name=\"description\" content=\"Qu&#039;est-ce que le niveau de la mer ? \ud83c\udf0a Consulter maintenant notre carte du niveau de la mer \u2714\ufe0f et voir la hauteur de l&#039;eau !\" \/>\n<meta name=\"robots\" content=\"index, follow, max-snippet:-1, max-image-preview:large, max-video-preview:-1\" \/>\n<link rel=\"canonical\" href=\"https:\/\/weather-radar-live.com\/fr\/niveau-de-la-mer\/\" \/>\n<meta property=\"og:locale\" content=\"fr_FR\" \/>\n<meta property=\"og:type\" content=\"article\" \/>\n<meta property=\"og:title\" content=\"Niveau de la mer aujourd&#039;hui \ud83c\udf0a Carte du niveau de la mer\" \/>\n<meta property=\"og:description\" content=\"Qu&#039;est-ce que le niveau de la mer ? \ud83c\udf0a Consulter maintenant notre carte du niveau de la mer \u2714\ufe0f et voir la hauteur de l&#039;eau !\" \/>\n<meta property=\"og:url\" content=\"https:\/\/weather-radar-live.com\/fr\/niveau-de-la-mer\/\" \/>\n<meta property=\"og:site_name\" content=\"weather-radar-live.com\" \/>\n<meta property=\"article:modified_time\" content=\"2021-12-13T14:48:14+00:00\" \/>\n<meta property=\"og:image\" content=\"https:\/\/da-oben.de\/wp-content\/uploads\/2021\/11\/iceberg-g251906e1e_1920.jpg\" \/>\n<meta name=\"twitter:card\" content=\"summary_large_image\" \/>\n<meta name=\"twitter:label1\" content=\"Dur\u00e9e de lecture estim\u00e9e\" \/>\n\t<meta name=\"twitter:data1\" content=\"5 minutes\" \/>\n<script type=\"application\/ld+json\" class=\"yoast-schema-graph\">{\"@context\":\"https:\\\/\\\/schema.org\",\"@graph\":[{\"@type\":\"WebPage\",\"@id\":\"https:\\\/\\\/weather-radar-live.com\\\/fr\\\/niveau-de-la-mer\\\/\",\"url\":\"https:\\\/\\\/weather-radar-live.com\\\/fr\\\/niveau-de-la-mer\\\/\",\"name\":\"Niveau de la mer aujourd'hui \ud83c\udf0a Carte du niveau de la mer\",\"isPartOf\":{\"@id\":\"https:\\\/\\\/weather-radar-live.com\\\/#website\"},\"primaryImageOfPage\":{\"@id\":\"https:\\\/\\\/weather-radar-live.com\\\/fr\\\/niveau-de-la-mer\\\/#primaryimage\"},\"image\":{\"@id\":\"https:\\\/\\\/weather-radar-live.com\\\/fr\\\/niveau-de-la-mer\\\/#primaryimage\"},\"thumbnailUrl\":\"https:\\\/\\\/da-oben.de\\\/wp-content\\\/uploads\\\/2021\\\/11\\\/iceberg-g251906e1e_1920.jpg\",\"datePublished\":\"2021-11-17T14:45:11+00:00\",\"dateModified\":\"2021-12-13T14:48:14+00:00\",\"description\":\"Qu'est-ce que le niveau de la mer ? \ud83c\udf0a Consulter maintenant notre carte du niveau de la mer \u2714\ufe0f et voir la hauteur de l'eau !\",\"breadcrumb\":{\"@id\":\"https:\\\/\\\/weather-radar-live.com\\\/fr\\\/niveau-de-la-mer\\\/#breadcrumb\"},\"inLanguage\":\"fr-FR\",\"potentialAction\":[{\"@type\":\"ReadAction\",\"target\":[\"https:\\\/\\\/weather-radar-live.com\\\/fr\\\/niveau-de-la-mer\\\/\"]}]},{\"@type\":\"ImageObject\",\"inLanguage\":\"fr-FR\",\"@id\":\"https:\\\/\\\/weather-radar-live.com\\\/fr\\\/niveau-de-la-mer\\\/#primaryimage\",\"url\":\"https:\\\/\\\/da-oben.de\\\/wp-content\\\/uploads\\\/2021\\\/11\\\/iceberg-g251906e1e_1920.jpg\",\"contentUrl\":\"https:\\\/\\\/da-oben.de\\\/wp-content\\\/uploads\\\/2021\\\/11\\\/iceberg-g251906e1e_1920.jpg\"},{\"@type\":\"BreadcrumbList\",\"@id\":\"https:\\\/\\\/weather-radar-live.com\\\/fr\\\/niveau-de-la-mer\\\/#breadcrumb\",\"itemListElement\":[{\"@type\":\"ListItem\",\"position\":1,\"name\":\"Weather Radar Live\",\"item\":\"https:\\\/\\\/weather-radar-live.com\\\/fr\\\/\"},{\"@type\":\"ListItem\",\"position\":2,\"name\":\"Niveau de la mer\"}]},{\"@type\":\"WebSite\",\"@id\":\"https:\\\/\\\/weather-radar-live.com\\\/#website\",\"url\":\"https:\\\/\\\/weather-radar-live.com\\\/\",\"name\":\"weather-radar-live.com\",\"description\":\"Your weather and sky radar.\",\"publisher\":{\"@id\":\"https:\\\/\\\/weather-radar-live.com\\\/#organization\"},\"potentialAction\":[{\"@type\":\"SearchAction\",\"target\":{\"@type\":\"EntryPoint\",\"urlTemplate\":\"https:\\\/\\\/weather-radar-live.com\\\/?s={search_term_string}\"},\"query-input\":{\"@type\":\"PropertyValueSpecification\",\"valueRequired\":true,\"valueName\":\"search_term_string\"}}],\"inLanguage\":\"fr-FR\"},{\"@type\":\"Organization\",\"@id\":\"https:\\\/\\\/weather-radar-live.com\\\/#organization\",\"name\":\"weather-radar-live.com\",\"url\":\"https:\\\/\\\/weather-radar-live.com\\\/\",\"logo\":{\"@type\":\"ImageObject\",\"inLanguage\":\"fr-FR\",\"@id\":\"https:\\\/\\\/weather-radar-live.com\\\/#\\\/schema\\\/logo\\\/image\\\/\",\"url\":\"https:\\\/\\\/weather-radar-live.com\\\/wp-content\\\/uploads\\\/2022\\\/03\\\/cropped-WRL2503.png\",\"contentUrl\":\"https:\\\/\\\/weather-radar-live.com\\\/wp-content\\\/uploads\\\/2022\\\/03\\\/cropped-WRL2503.png\",\"width\":1920,\"height\":555,\"caption\":\"weather-radar-live.com\"},\"image\":{\"@id\":\"https:\\\/\\\/weather-radar-live.com\\\/#\\\/schema\\\/logo\\\/image\\\/\"}}]}<\/script>\n<!-- \/ Yoast SEO plugin. -->","yoast_head_json":{"title":"Niveau de la mer aujourd'hui \ud83c\udf0a Carte du niveau de la mer","description":"Qu'est-ce que le niveau de la mer ? \ud83c\udf0a Consulter maintenant notre carte du niveau de la mer \u2714\ufe0f et voir la hauteur de l'eau !","robots":{"index":"index","follow":"follow","max-snippet":"max-snippet:-1","max-image-preview":"max-image-preview:large","max-video-preview":"max-video-preview:-1"},"canonical":"https:\/\/weather-radar-live.com\/fr\/niveau-de-la-mer\/","og_locale":"fr_FR","og_type":"article","og_title":"Niveau de la mer aujourd'hui \ud83c\udf0a Carte du niveau de la mer","og_description":"Qu'est-ce que le niveau de la mer ? \ud83c\udf0a Consulter maintenant notre carte du niveau de la mer \u2714\ufe0f et voir la hauteur de l'eau !","og_url":"https:\/\/weather-radar-live.com\/fr\/niveau-de-la-mer\/","og_site_name":"weather-radar-live.com","article_modified_time":"2021-12-13T14:48:14+00:00","og_image":[{"url":"https:\/\/da-oben.de\/wp-content\/uploads\/2021\/11\/iceberg-g251906e1e_1920.jpg","type":"","width":"","height":""}],"twitter_card":"summary_large_image","twitter_misc":{"Dur\u00e9e de lecture estim\u00e9e":"5 minutes"},"schema":{"@context":"https:\/\/schema.org","@graph":[{"@type":"WebPage","@id":"https:\/\/weather-radar-live.com\/fr\/niveau-de-la-mer\/","url":"https:\/\/weather-radar-live.com\/fr\/niveau-de-la-mer\/","name":"Niveau de la mer aujourd'hui \ud83c\udf0a Carte du niveau de la mer","isPartOf":{"@id":"https:\/\/weather-radar-live.com\/#website"},"primaryImageOfPage":{"@id":"https:\/\/weather-radar-live.com\/fr\/niveau-de-la-mer\/#primaryimage"},"image":{"@id":"https:\/\/weather-radar-live.com\/fr\/niveau-de-la-mer\/#primaryimage"},"thumbnailUrl":"https:\/\/da-oben.de\/wp-content\/uploads\/2021\/11\/iceberg-g251906e1e_1920.jpg","datePublished":"2021-11-17T14:45:11+00:00","dateModified":"2021-12-13T14:48:14+00:00","description":"Qu'est-ce que le niveau de la mer ? \ud83c\udf0a Consulter maintenant notre carte du niveau de la mer \u2714\ufe0f et voir la hauteur de l'eau !","breadcrumb":{"@id":"https:\/\/weather-radar-live.com\/fr\/niveau-de-la-mer\/#breadcrumb"},"inLanguage":"fr-FR","potentialAction":[{"@type":"ReadAction","target":["https:\/\/weather-radar-live.com\/fr\/niveau-de-la-mer\/"]}]},{"@type":"ImageObject","inLanguage":"fr-FR","@id":"https:\/\/weather-radar-live.com\/fr\/niveau-de-la-mer\/#primaryimage","url":"https:\/\/da-oben.de\/wp-content\/uploads\/2021\/11\/iceberg-g251906e1e_1920.jpg","contentUrl":"https:\/\/da-oben.de\/wp-content\/uploads\/2021\/11\/iceberg-g251906e1e_1920.jpg"},{"@type":"BreadcrumbList","@id":"https:\/\/weather-radar-live.com\/fr\/niveau-de-la-mer\/#breadcrumb","itemListElement":[{"@type":"ListItem","position":1,"name":"Weather Radar Live","item":"https:\/\/weather-radar-live.com\/fr\/"},{"@type":"ListItem","position":2,"name":"Niveau de la mer"}]},{"@type":"WebSite","@id":"https:\/\/weather-radar-live.com\/#website","url":"https:\/\/weather-radar-live.com\/","name":"weather-radar-live.com","description":"Your weather and sky radar.","publisher":{"@id":"https:\/\/weather-radar-live.com\/#organization"},"potentialAction":[{"@type":"SearchAction","target":{"@type":"EntryPoint","urlTemplate":"https:\/\/weather-radar-live.com\/?s={search_term_string}"},"query-input":{"@type":"PropertyValueSpecification","valueRequired":true,"valueName":"search_term_string"}}],"inLanguage":"fr-FR"},{"@type":"Organization","@id":"https:\/\/weather-radar-live.com\/#organization","name":"weather-radar-live.com","url":"https:\/\/weather-radar-live.com\/","logo":{"@type":"ImageObject","inLanguage":"fr-FR","@id":"https:\/\/weather-radar-live.com\/#\/schema\/logo\/image\/","url":"https:\/\/weather-radar-live.com\/wp-content\/uploads\/2022\/03\/cropped-WRL2503.png","contentUrl":"https:\/\/weather-radar-live.com\/wp-content\/uploads\/2022\/03\/cropped-WRL2503.png","width":1920,"height":555,"caption":"weather-radar-live.com"},"image":{"@id":"https:\/\/weather-radar-live.com\/#\/schema\/logo\/image\/"}}]}},"_links":{"self":[{"href":"https:\/\/weather-radar-live.com\/fr\/wp-json\/wp\/v2\/pages\/1868","targetHints":{"allow":["GET"]}}],"collection":[{"href":"https:\/\/weather-radar-live.com\/fr\/wp-json\/wp\/v2\/pages"}],"about":[{"href":"https:\/\/weather-radar-live.com\/fr\/wp-json\/wp\/v2\/types\/page"}],"author":[{"embeddable":true,"href":"https:\/\/weather-radar-live.com\/fr\/wp-json\/wp\/v2\/users\/1"}],"replies":[{"embeddable":true,"href":"https:\/\/weather-radar-live.com\/fr\/wp-json\/wp\/v2\/comments?post=1868"}],"version-history":[{"count":6,"href":"https:\/\/weather-radar-live.com\/fr\/wp-json\/wp\/v2\/pages\/1868\/revisions"}],"predecessor-version":[{"id":2331,"href":"https:\/\/weather-radar-live.com\/fr\/wp-json\/wp\/v2\/pages\/1868\/revisions\/2331"}],"wp:attachment":[{"href":"https:\/\/weather-radar-live.com\/fr\/wp-json\/wp\/v2\/media?parent=1868"}],"curies":[{"name":"wp","href":"https:\/\/api.w.org\/{rel}","templated":true}]}}