{"id":8004,"date":"2024-11-30T19:14:31","date_gmt":"2024-11-30T18:14:31","guid":{"rendered":"https:\/\/weather-radar-live.com\/starry-sky\/"},"modified":"2024-11-30T19:26:31","modified_gmt":"2024-11-30T18:26:31","slug":"tahtitaivas","status":"publish","type":"page","link":"https:\/\/weather-radar-live.com\/fi\/tahtitaivas\/","title":{"rendered":"T\u00e4htitaivas"},"content":{"rendered":"<div id=\"weath-167118161\" class=\"weath-vor-dem-inhalt weath-entity-placement\" style=\"margin-top: 15px;margin-right: 25px;margin-bottom: 40px;margin-left: 25px;\"><script async src=\"\/\/pagead2.googlesyndication.com\/pagead\/js\/adsbygoogle.js?client=ca-pub-8960936133935804\" crossorigin=\"anonymous\"><\/script><ins class=\"adsbygoogle\" style=\"display:block;\" data-ad-client=\"ca-pub-8960936133935804\" \ndata-ad-slot=\"6172817020\" \ndata-ad-format=\"auto\"><\/ins>\n<script> \n(adsbygoogle = window.adsbygoogle || []).push({}); \n<\/script>\n<\/div>\n<div class=\"wp-block-cover alignfull\"><span aria-hidden=\"true\" class=\"wp-block-cover__background has-black-background-color has-background-dim-60 has-background-dim\"><\/span><video class=\"wp-block-cover__video-background intrinsic-ignore\" autoplay muted loop playsinline src=\"https:\/\/weather-radar-live.com\/wp-content\/uploads\/2024\/11\/Starry-sky-header-background.mp4\" data-object-fit=\"cover\"><\/video><div class=\"wp-block-cover__inner-container is-layout-flow wp-block-cover-is-layout-flow\">\n<h2 class=\"wp-block-heading has-text-align-center heading has-text-color has-link-color wp-elements-994a1edb656c5dd8af529a8854f42509\" style=\"color:#00ffbb;font-size:50px\"><strong>T\u00c4HTI<\/strong><br><span class=\"has-inline-color has-white-color\"><strong>TAIVAS<\/strong><\/span><\/h2>\n<\/div><\/div>\n\n\n\n<h1 class=\"wp-block-heading has-text-align-center has-text-color has-link-color wp-elements-62105684dfebc9c5098ce0ff37c3982d\" style=\"color:#00ffbb\"><strong>T\u00e4htitaivas<\/strong><\/h1>\n\n\n\n<p>T\u00e4htitaivas on kiehtonut ihmisi\u00e4 tuhansia vuosia. Kirkas y\u00f6taivas ei ainoastaan tarjoa vaikuttavia n\u00e4kymi\u00e4 t\u00e4htiin, planeettoihin ja galakseihin, vaan her\u00e4tt\u00e4\u00e4 my\u00f6s uteliaisuutta maailmankaikkeuden salaisuuksia kohtaan. Mutta milt\u00e4 t\u00e4htitaivas n\u00e4ytt\u00e4\u00e4 nyky\u00e4\u00e4n ja mit\u00e4 taivaalta voi l\u00f6yt\u00e4\u00e4?<\/p>\n\n\n\n<p>Joka ilta, kun aurinko katoaa horisontin alle, t\u00e4htitaivas paljastaa t\u00e4yden kauneutensa. Miljoonien valovuosien p\u00e4\u00e4ss\u00e4 olevat t\u00e4hdet alkavat loistaa ja loihtivat vaikuttavan taustan, joka kutsuu sinut unelmoimaan ja ihmettelem\u00e4\u00e4n. Erityisesti kirkkaina iltoina, kaukana kaupungin h\u00e4iritsevist\u00e4 valoista, taivaan todellinen loisto paljastuu. Tutustu nyt taivaankuviin!<\/p><div id=\"weath-3156986942\" class=\"weath-inhalt_2 weath-entity-placement\" style=\"margin-top: 15px;margin-right: 25px;margin-bottom: 35px;margin-left: 25px;\"><script async src=\"\/\/pagead2.googlesyndication.com\/pagead\/js\/adsbygoogle.js?client=ca-pub-8960936133935804\" crossorigin=\"anonymous\"><\/script><ins class=\"adsbygoogle\" style=\"display:block;\" data-ad-client=\"ca-pub-8960936133935804\" \ndata-ad-slot=\"1963584050\" \ndata-ad-format=\"auto\"><\/ins>\n<script> \n(adsbygoogle = window.adsbygoogle || []).push({}); \n<\/script>\n<\/div>\n\n\n\n<div class=\"wp-block-columns is-layout-flex wp-container-core-columns-is-layout-9d6595d7 wp-block-columns-is-layout-flex\">\n<div class=\"wp-block-column is-layout-flow wp-block-column-is-layout-flow\" style=\"flex-basis:75%\">\n<!--- Source code beginning --->\n\t\t\n\t<!--- Terms of Use: The contained links and texts in the source code\n\tmay not be removed, otherwise the right of use expires. \n\tIn case of desired deviations please contact by mail. \n\tMail address on the homepage.\n\t\t\n\tA free service from https:\/\/www.Der-Mond.de\/ --->\n\n\n\t<img decoding=\"async\" border=0 src=\"https:\/\/www.der-mond.de\/feature\/sternenhimmel.php?version=1&#038;karten=3&#038;ueberschrift=T%C3%A4htitaivas+t%C3%A4n%C3%A4%C3%A4n+Suomessa&#038;schriftschnitt=0&#038;beschriftung_sternkarte=1&#038;schriftart=Roboto&#038;schriftgroesse=12&#038;groesse=1980&#038;spalten=1&#038;trans=1&#038;grafikformat=1&#038;scro=0&#038;scgr=0&#038;scbl=0&#038;hiro=255&#038;higr=255&#038;hibl=255&#038;lang=en&#038;grafik=1\" alt=\"The moon - mysterious companion of our earth\" style=\"max-width: 100%\">\n\n\n<br>\n\nA service of <a href=\"https:\/\/www.der-mond.de\/\" target=\"_blank\">www.Der-Mond.de<\/a>\n\n<!--- End of source code --->\n<\/div>\n\n\n\n<div class=\"wp-block-column is-layout-flow wp-block-column-is-layout-flow\" style=\"flex-basis:25%\">\n<p>Upotetussa t\u00e4htikartassa n\u00e4et yksityiskohtaisen esityksen y\u00f6taivaasta sellaisena kuin se n\u00e4kyy sinulle t\u00e4n\u00e4 y\u00f6n\u00e4. T\u00e4m\u00e4ntyyppisess\u00e4 kartassa taivaankappaleet n\u00e4kyv\u00e4t py\u00f6re\u00e4ss\u00e4 projektiossa, joka kuvaa taivasta ik\u00e4\u00e4n kuin katsoisit suoraan yl\u00f6sp\u00e4in.<\/p>\n\n\n\n<h3 class=\"wp-block-heading\"><strong>Orientoituminen t\u00e4htitaivaalla<\/strong><\/h3>\n\n\n\n<p>Kardinaalipisteet, kuten pohjoinen (N), it\u00e4 (E), etel\u00e4 (S) ja l\u00e4nsi (W), on merkitty kartan reunoihin, mik\u00e4 helpottaa suunnistamista taivaalla. N\u00e4in voit nopeasti m\u00e4\u00e4ritt\u00e4\u00e4, miss\u00e4 tietyt t\u00e4htikuviot tai planeetat sijaitsevat, k\u00e4ytt\u00e4m\u00e4ll\u00e4 n\u00e4it\u00e4 suuntia oppaana.<\/p>\n\n\n\n<p>T\u00e4htikartasta voit tutustua t\u00e4htikuvioihin, joiden j\u00e4rjestys voi vaihdella vuoden aikana. Se n\u00e4ytt\u00e4\u00e4 my\u00f6s kuun kulun y\u00f6taivaalla ja aurinkokunnassamme t\u00e4ll\u00e4 hetkell\u00e4 n\u00e4kyv\u00e4t planeetat. <\/p>\n\n\n\n<p><strong>Kun sinulla on t\u00e4m\u00e4 kartta matkalaukussasi, tied\u00e4t nyt, miss\u00e4 kukin t\u00e4htikuvio sijaitsee, ja voit yll\u00e4tt\u00e4\u00e4 rakkaasi!<\/strong><\/p>\n<\/div>\n<\/div>\n\n\n\n<div style=\"height:30px\" aria-hidden=\"true\" class=\"wp-block-spacer\"><\/div>\n\n\n\n<h2 class=\"wp-block-heading\"><strong>T\u00e4htitaivaan taika<\/strong><\/h2>\n\n\n\n<div class=\"wp-block-columns is-layout-flex wp-container-core-columns-is-layout-9d6595d7 wp-block-columns-is-layout-flex\">\n<div class=\"wp-block-column is-layout-flow wp-block-column-is-layout-flow\">\n<p>Joka y\u00f6 t\u00e4htemme loistavat uudessa loistossaan. Mutta etenkin kaupunkialueilla t\u00e4htien n\u00e4kymist\u00e4 h\u00e4iritsee usein ep\u00e4miellytt\u00e4v\u00e4 ilmi\u00f6 &#8211; <strong><a href=\"https:\/\/weather-radar-live.com\/fi\/valosaaste\/\">valosaaste<\/a><\/strong>. Katulamppujen, autojen ja rakennusten valonl\u00e4hteet peitt\u00e4v\u00e4t y\u00f6taivaan hienot yksityiskohdat. Jos haluat kokea t\u00e4htitaivaan t\u00e4n\u00e4\u00e4n kaikessa loistossaan, sinun kannattaa siksi menn\u00e4 paikkoihin, jotka ovat kaukana kaupunkien valoista. Joillakin alueilla on jopa erityisi\u00e4 <a href=\"https:\/\/darksky.org\/what-we-do\/international-dark-sky-places\/all-places\/\"><strong>&#8221;pime\u00e4n taivaan&#8221; puistoja<\/strong><\/a>, joissa voit katsella t\u00e4hti\u00e4 l\u00e4hes h\u00e4iri\u00f6tt\u00e4.<\/p>\n\n\n\n<h3 class=\"wp-block-heading\"><strong>T\u00e4htitaivas t\u00e4n\u00e4\u00e4n: mit\u00e4 voit n\u00e4hd\u00e4?<\/strong><\/h3>\n\n\n\n<p>T\u00e4htikuvioiden j\u00e4rjestys vaihtelee vuodenaikojen mukaan. Kes\u00e4taivaalla n\u00e4kyy esimerkiksi silmiinpist\u00e4v\u00e4 Scorpiuksen t\u00e4hdist\u00f6, kun taas talvitaivasta hallitsevat Orion ja Iso koira. <\/p>\n\n\n\n<p>Vuodenaikaan katsomatta kannattaa kuitenkin aina vilkaista taivaalle &#8211; paljaalla silm\u00e4ll\u00e4kin voi n\u00e4hd\u00e4 lukuisia t\u00e4hti\u00e4 ja planeettoja!<\/p>\n\n\n\n<p>Klassisten t\u00e4htikuvioiden lis\u00e4ksi erityistapahtumat, kuten meteoriputket tai planeettojen n\u00e4kyvyys, tarjoavat kiehtovia havaintomahdollisuuksia. My\u00f6s kuun vaiheilla on t\u00e4rke\u00e4 merkitys. <strong><a href=\"https:\/\/weather-radar-live.com\/fi\/kuukalenteri\/\">Kuukalenteri<\/a><\/strong> auttaa sinua l\u00f6yt\u00e4m\u00e4\u00e4n ihanteellisen ajankohdan taivaanhavainnoillesi.<\/p>\n\n\n\n<p>Olosuhteet ovat parhaat uuden kuun aikaan, sill\u00e4 kuunvalo on t\u00e4ss\u00e4 vaiheessa v\u00e4h\u00e4ist\u00e4 eik\u00e4 se siksi haittaa t\u00e4htien n\u00e4kymist\u00e4.<\/p>\n<\/div>\n\n\n\n<div class=\"wp-block-column is-layout-flow wp-block-column-is-layout-flow\">\n<figure class=\"wp-block-image size-large shadow-box\"><img loading=\"lazy\" decoding=\"async\" width=\"771\" height=\"1024\" src=\"https:\/\/weather-radar-live.com\/wp-content\/uploads\/2024\/11\/The-starry-sky-over-the-city-with-light-pollution-771x1024.png\" alt=\"T\u00e4htitaivas kaupungin yl\u00e4puolella valosaasteen kanssa.\" class=\"wp-image-7813\" srcset=\"https:\/\/weather-radar-live.com\/wp-content\/uploads\/2024\/11\/The-starry-sky-over-the-city-with-light-pollution-771x1024.png 771w, https:\/\/weather-radar-live.com\/wp-content\/uploads\/2024\/11\/The-starry-sky-over-the-city-with-light-pollution-226x300.png 226w, https:\/\/weather-radar-live.com\/wp-content\/uploads\/2024\/11\/The-starry-sky-over-the-city-with-light-pollution-768x1020.png 768w, https:\/\/weather-radar-live.com\/wp-content\/uploads\/2024\/11\/The-starry-sky-over-the-city-with-light-pollution.png 928w\" sizes=\"auto, (max-width: 771px) 100vw, 771px\" \/><\/figure>\n\n\n\n<p class=\"has-small-font-size\">Valitettavasti kaupunkialueilla t\u00e4htitaivaastamme ei ole en\u00e4\u00e4 paljon j\u00e4ljell\u00e4! Mutta pieni retki maaseudulle ei ole koskaan haitannut ket\u00e4\u00e4n, eih\u00e4n?<\/p>\n<\/div>\n<\/div>\n\n\n\n<h2 class=\"wp-block-heading\"><strong>Y\u00f6taivas omille nelj\u00e4lle sein\u00e4llesi: t\u00e4htitaivasprojektorit<\/strong><\/h2>\n\n\n\n<p>Jos haluat nauttia t\u00e4htitaivaasta s\u00e4\u00e4olosuhteista tai valosaasteesta riippumatta, on olemassa nykyaikainen vaihtoehto: <strong>t\u00e4htitaivasprojektorit<\/strong>. N\u00e4m\u00e4 k\u00e4tev\u00e4t laitteet tuovat y\u00f6taivaan suoraan olohuoneeseesi. Halusitpa sitten kiehtoa lapsia tai rentoutua itse, projektori saa t\u00e4htitaivaan n\u00e4kym\u00e4\u00e4n vaikuttavan kirkkaana.<\/p>\n\n\n\n<p>Nykyaikaiset t\u00e4htitaivasprojektorit ovat h\u00e4mm\u00e4stytt\u00e4v\u00e4n yksityiskohtaisia. Ne eiv\u00e4t heijasta vain yksinkertaisia t\u00e4htikuvioita, vaan simuloivat jopa t\u00e4htien tuikkimista tai taivaankappaleiden liikett\u00e4. Jotkin mallit ovat niin tarkkoja, ett\u00e4 ne voivat n\u00e4ytt\u00e4\u00e4 nykyisen t\u00e4htikuvion, joten voit kokea <strong>t\u00e4htitaivaan<\/strong> suoraan kotonasi <strong>jo t\u00e4n\u00e4\u00e4n<\/strong>.<\/p>\n\n\n\n<p>T\u00e4htitaivasprojektorin k\u00e4ytt\u00e4minen ei tarjoa vain rentoutumista, vaan my\u00f6s opettavaisen komponentin. Erityisesti lapsille t\u00e4m\u00e4 on loistava tapa oppia lis\u00e4\u00e4 maailmankaikkeudesta ja eri t\u00e4htikuvioista ilman, ett\u00e4 tarvitsee odottaa t\u00e4ydellist\u00e4 y\u00f6t\u00e4.<\/p>\n\n\n\n<h2 class=\"wp-block-heading\"><strong>Vinkkej\u00e4 t\u00e4htien katseluun<\/strong><\/h2>\n\n\n\n<p>Saadaksesi parhaan mahdollisen hy\u00f6dyn <strong>t\u00e4htien katselusta nyky\u00e4\u00e4n<\/strong>, sinun tulisi noudattaa muutamia yksinkertaisia peruss\u00e4\u00e4nt\u00f6j\u00e4. Ensinn\u00e4kin on t\u00e4rke\u00e4\u00e4 tarkistaa s\u00e4\u00e4 &#8211; kirkas ja pilvet\u00f6n y\u00f6 on paras aika nauttia taivaasta kaikessa loistossaan. Jos asut suurkaupungissa, etsi paikka, jossa on mahdollisimman v\u00e4h\u00e4n valosaastetta, kuten l\u00e4heinen puisto tai maaseutu.<\/p>\n\n\n\n<p>Voi my\u00f6s olla hy\u00f6dyllist\u00e4 ottaa etuk\u00e4teen selv\u00e4\u00e4 y\u00f6taivaan erityistapahtumista. Verkkoty\u00f6kalut ja -sovellukset, kuten kuukalenterit tai t\u00e4htihavainnointisovellukset, tarjoavat reaaliaikaisen n\u00e4kym\u00e4n taivaalle ja n\u00e4ytt\u00e4v\u00e4t, mitk\u00e4 t\u00e4hdet, planeetat tai satelliitit ovat parhaillaan n\u00e4kyviss\u00e4. Analogiset tai digitaaliset t\u00e4htikartat auttavat sinua my\u00f6s pit\u00e4m\u00e4\u00e4n yleiskuvaa ja etsim\u00e4\u00e4n erityisesti tiettyj\u00e4 taivaankappaleita.<\/p>\n","protected":false},"excerpt":{"rendered":"<p>T\u00e4htitaivas T\u00e4htitaivas on kiehtonut ihmisi\u00e4 tuhansia vuosia. Kirkas y\u00f6taivas ei ainoastaan tarjoa vaikuttavia n\u00e4kymi\u00e4 t\u00e4htiin, planeettoihin ja galakseihin, vaan her\u00e4tt\u00e4\u00e4 my\u00f6s uteliaisuutta maailmankaikkeuden salaisuuksia kohtaan. Mutta milt\u00e4 t\u00e4htitaivas n\u00e4ytt\u00e4\u00e4 nyky\u00e4\u00e4n ja mit\u00e4 taivaalta voi l\u00f6yt\u00e4\u00e4? Joka ilta, kun aurinko katoaa horisontin alle, t\u00e4htitaivas paljastaa t\u00e4yden kauneutensa. Miljoonien valovuosien p\u00e4\u00e4ss\u00e4 olevat t\u00e4hdet alkavat loistaa ja loihtivat &#8230; <a title=\"T\u00e4htitaivas\" class=\"read-more\" href=\"https:\/\/weather-radar-live.com\/fi\/tahtitaivas\/\" aria-label=\"Lue lis\u00e4\u00e4 aiheesta T\u00e4htitaivas\">Lue lis\u00e4\u00e4<\/a><\/p>\n","protected":false},"author":1,"featured_media":0,"parent":0,"menu_order":0,"comment_status":"closed","ping_status":"closed","template":"","meta":{"footnotes":""},"class_list":["post-8004","page","type-page","status-publish"],"yoast_head":"<!-- This site is optimized with the Yoast SEO plugin v27.4 - https:\/\/yoast.com\/product\/yoast-seo-wordpress\/ -->\n<title>Tutustu t\u00e4htitaivaaseen jo t\u00e4n\u00e4\u00e4n! \u2728<\/title>\n<meta name=\"description\" content=\"Tuletko mukaan l\u00f6yt\u00e4m\u00e4\u00e4n t\u00e4m\u00e4n p\u00e4iv\u00e4n t\u00e4htitaivaan? Mitk\u00e4 t\u00e4htikuviot n\u00e4kyv\u00e4t miss\u00e4 t\u00e4n\u00e4\u00e4n? \ud83e\udd81\ud83e\udddc\u200d\u2642\ufe0f\ud83e\udd80\" \/>\n<meta name=\"robots\" content=\"index, follow, max-snippet:-1, max-image-preview:large, max-video-preview:-1\" \/>\n<link rel=\"canonical\" href=\"https:\/\/weather-radar-live.com\/fi\/tahtitaivas\/\" \/>\n<meta property=\"og:locale\" content=\"fi_FI\" \/>\n<meta property=\"og:type\" content=\"article\" \/>\n<meta property=\"og:title\" content=\"Tutustu t\u00e4htitaivaaseen jo t\u00e4n\u00e4\u00e4n! \u2728\" \/>\n<meta property=\"og:description\" content=\"Tuletko mukaan l\u00f6yt\u00e4m\u00e4\u00e4n t\u00e4m\u00e4n p\u00e4iv\u00e4n t\u00e4htitaivaan? Mitk\u00e4 t\u00e4htikuviot n\u00e4kyv\u00e4t miss\u00e4 t\u00e4n\u00e4\u00e4n? \ud83e\udd81\ud83e\udddc\u200d\u2642\ufe0f\ud83e\udd80\" \/>\n<meta property=\"og:url\" content=\"https:\/\/weather-radar-live.com\/fi\/tahtitaivas\/\" \/>\n<meta property=\"og:site_name\" content=\"weather-radar-live.com\" \/>\n<meta property=\"article:modified_time\" content=\"2024-11-30T18:26:31+00:00\" \/>\n<meta property=\"og:image\" content=\"https:\/\/www.der-mond.de\/feature\/sternenhimmel.php?version=1&karten=3&ueberschrift=T%C3%A4htitaivas+t%C3%A4n%C3%A4%C3%A4n+Suomessa&schriftschnitt=0&beschriftung_sternkarte=1&schriftart=Roboto&schriftgroesse=12&groesse=1980&spalten=1&trans=1&grafikformat=1&scro=0&scgr=0&scbl=0&hiro=255&higr=255&hibl=255&lang=en&grafik=1\" \/>\n<meta name=\"twitter:card\" content=\"summary_large_image\" \/>\n<meta name=\"twitter:label1\" content=\"Arvioitu lukuaika\" \/>\n\t<meta name=\"twitter:data1\" content=\"3 minuuttia\" \/>\n<script type=\"application\/ld+json\" class=\"yoast-schema-graph\">{\"@context\":\"https:\\\/\\\/schema.org\",\"@graph\":[{\"@type\":\"WebPage\",\"@id\":\"https:\\\/\\\/weather-radar-live.com\\\/fi\\\/tahtitaivas\\\/\",\"url\":\"https:\\\/\\\/weather-radar-live.com\\\/fi\\\/tahtitaivas\\\/\",\"name\":\"Tutustu t\u00e4htitaivaaseen jo t\u00e4n\u00e4\u00e4n! \u2728\",\"isPartOf\":{\"@id\":\"https:\\\/\\\/weather-radar-live.com\\\/#website\"},\"primaryImageOfPage\":{\"@id\":\"https:\\\/\\\/weather-radar-live.com\\\/fi\\\/tahtitaivas\\\/#primaryimage\"},\"image\":{\"@id\":\"https:\\\/\\\/weather-radar-live.com\\\/fi\\\/tahtitaivas\\\/#primaryimage\"},\"thumbnailUrl\":\"https:\\\/\\\/www.der-mond.de\\\/feature\\\/sternenhimmel.php?version=1&karten=3&ueberschrift=T%C3%A4htitaivas+t%C3%A4n%C3%A4%C3%A4n+Suomessa&schriftschnitt=0&beschriftung_sternkarte=1&schriftart=Roboto&schriftgroesse=12&groesse=1980&spalten=1&trans=1&grafikformat=1&scro=0&scgr=0&scbl=0&hiro=255&higr=255&hibl=255&lang=en&grafik=1\",\"datePublished\":\"2024-11-30T18:14:31+00:00\",\"dateModified\":\"2024-11-30T18:26:31+00:00\",\"description\":\"Tuletko mukaan l\u00f6yt\u00e4m\u00e4\u00e4n t\u00e4m\u00e4n p\u00e4iv\u00e4n t\u00e4htitaivaan? Mitk\u00e4 t\u00e4htikuviot n\u00e4kyv\u00e4t miss\u00e4 t\u00e4n\u00e4\u00e4n? \ud83e\udd81\ud83e\udddc\u200d\u2642\ufe0f\ud83e\udd80\",\"breadcrumb\":{\"@id\":\"https:\\\/\\\/weather-radar-live.com\\\/fi\\\/tahtitaivas\\\/#breadcrumb\"},\"inLanguage\":\"fi\",\"potentialAction\":[{\"@type\":\"ReadAction\",\"target\":[\"https:\\\/\\\/weather-radar-live.com\\\/fi\\\/tahtitaivas\\\/\"]}]},{\"@type\":\"ImageObject\",\"inLanguage\":\"fi\",\"@id\":\"https:\\\/\\\/weather-radar-live.com\\\/fi\\\/tahtitaivas\\\/#primaryimage\",\"url\":\"https:\\\/\\\/www.der-mond.de\\\/feature\\\/sternenhimmel.php?version=1&karten=3&ueberschrift=T%C3%A4htitaivas+t%C3%A4n%C3%A4%C3%A4n+Suomessa&schriftschnitt=0&beschriftung_sternkarte=1&schriftart=Roboto&schriftgroesse=12&groesse=1980&spalten=1&trans=1&grafikformat=1&scro=0&scgr=0&scbl=0&hiro=255&higr=255&hibl=255&lang=en&grafik=1\",\"contentUrl\":\"https:\\\/\\\/www.der-mond.de\\\/feature\\\/sternenhimmel.php?version=1&karten=3&ueberschrift=T%C3%A4htitaivas+t%C3%A4n%C3%A4%C3%A4n+Suomessa&schriftschnitt=0&beschriftung_sternkarte=1&schriftart=Roboto&schriftgroesse=12&groesse=1980&spalten=1&trans=1&grafikformat=1&scro=0&scgr=0&scbl=0&hiro=255&higr=255&hibl=255&lang=en&grafik=1\"},{\"@type\":\"BreadcrumbList\",\"@id\":\"https:\\\/\\\/weather-radar-live.com\\\/fi\\\/tahtitaivas\\\/#breadcrumb\",\"itemListElement\":[{\"@type\":\"ListItem\",\"position\":1,\"name\":\"Weather Radar Live\",\"item\":\"https:\\\/\\\/weather-radar-live.com\\\/fi\\\/\"},{\"@type\":\"ListItem\",\"position\":2,\"name\":\"T\u00e4htitaivas\"}]},{\"@type\":\"WebSite\",\"@id\":\"https:\\\/\\\/weather-radar-live.com\\\/#website\",\"url\":\"https:\\\/\\\/weather-radar-live.com\\\/\",\"name\":\"weather-radar-live.com\",\"description\":\"Your weather and sky radar.\",\"publisher\":{\"@id\":\"https:\\\/\\\/weather-radar-live.com\\\/#organization\"},\"potentialAction\":[{\"@type\":\"SearchAction\",\"target\":{\"@type\":\"EntryPoint\",\"urlTemplate\":\"https:\\\/\\\/weather-radar-live.com\\\/?s={search_term_string}\"},\"query-input\":{\"@type\":\"PropertyValueSpecification\",\"valueRequired\":true,\"valueName\":\"search_term_string\"}}],\"inLanguage\":\"fi\"},{\"@type\":\"Organization\",\"@id\":\"https:\\\/\\\/weather-radar-live.com\\\/#organization\",\"name\":\"weather-radar-live.com\",\"url\":\"https:\\\/\\\/weather-radar-live.com\\\/\",\"logo\":{\"@type\":\"ImageObject\",\"inLanguage\":\"fi\",\"@id\":\"https:\\\/\\\/weather-radar-live.com\\\/#\\\/schema\\\/logo\\\/image\\\/\",\"url\":\"https:\\\/\\\/weather-radar-live.com\\\/wp-content\\\/uploads\\\/2022\\\/03\\\/cropped-WRL2503.png\",\"contentUrl\":\"https:\\\/\\\/weather-radar-live.com\\\/wp-content\\\/uploads\\\/2022\\\/03\\\/cropped-WRL2503.png\",\"width\":1920,\"height\":555,\"caption\":\"weather-radar-live.com\"},\"image\":{\"@id\":\"https:\\\/\\\/weather-radar-live.com\\\/#\\\/schema\\\/logo\\\/image\\\/\"}}]}<\/script>\n<!-- \/ Yoast SEO plugin. -->","yoast_head_json":{"title":"Tutustu t\u00e4htitaivaaseen jo t\u00e4n\u00e4\u00e4n! \u2728","description":"Tuletko mukaan l\u00f6yt\u00e4m\u00e4\u00e4n t\u00e4m\u00e4n p\u00e4iv\u00e4n t\u00e4htitaivaan? Mitk\u00e4 t\u00e4htikuviot n\u00e4kyv\u00e4t miss\u00e4 t\u00e4n\u00e4\u00e4n? \ud83e\udd81\ud83e\udddc\u200d\u2642\ufe0f\ud83e\udd80","robots":{"index":"index","follow":"follow","max-snippet":"max-snippet:-1","max-image-preview":"max-image-preview:large","max-video-preview":"max-video-preview:-1"},"canonical":"https:\/\/weather-radar-live.com\/fi\/tahtitaivas\/","og_locale":"fi_FI","og_type":"article","og_title":"Tutustu t\u00e4htitaivaaseen jo t\u00e4n\u00e4\u00e4n! \u2728","og_description":"Tuletko mukaan l\u00f6yt\u00e4m\u00e4\u00e4n t\u00e4m\u00e4n p\u00e4iv\u00e4n t\u00e4htitaivaan? Mitk\u00e4 t\u00e4htikuviot n\u00e4kyv\u00e4t miss\u00e4 t\u00e4n\u00e4\u00e4n? \ud83e\udd81\ud83e\udddc\u200d\u2642\ufe0f\ud83e\udd80","og_url":"https:\/\/weather-radar-live.com\/fi\/tahtitaivas\/","og_site_name":"weather-radar-live.com","article_modified_time":"2024-11-30T18:26:31+00:00","og_image":[{"url":"https:\/\/www.der-mond.de\/feature\/sternenhimmel.php?version=1&karten=3&ueberschrift=T%C3%A4htitaivas+t%C3%A4n%C3%A4%C3%A4n+Suomessa&schriftschnitt=0&beschriftung_sternkarte=1&schriftart=Roboto&schriftgroesse=12&groesse=1980&spalten=1&trans=1&grafikformat=1&scro=0&scgr=0&scbl=0&hiro=255&higr=255&hibl=255&lang=en&grafik=1","type":"","width":"","height":""}],"twitter_card":"summary_large_image","twitter_misc":{"Arvioitu lukuaika":"3 minuuttia"},"schema":{"@context":"https:\/\/schema.org","@graph":[{"@type":"WebPage","@id":"https:\/\/weather-radar-live.com\/fi\/tahtitaivas\/","url":"https:\/\/weather-radar-live.com\/fi\/tahtitaivas\/","name":"Tutustu t\u00e4htitaivaaseen jo t\u00e4n\u00e4\u00e4n! \u2728","isPartOf":{"@id":"https:\/\/weather-radar-live.com\/#website"},"primaryImageOfPage":{"@id":"https:\/\/weather-radar-live.com\/fi\/tahtitaivas\/#primaryimage"},"image":{"@id":"https:\/\/weather-radar-live.com\/fi\/tahtitaivas\/#primaryimage"},"thumbnailUrl":"https:\/\/www.der-mond.de\/feature\/sternenhimmel.php?version=1&karten=3&ueberschrift=T%C3%A4htitaivas+t%C3%A4n%C3%A4%C3%A4n+Suomessa&schriftschnitt=0&beschriftung_sternkarte=1&schriftart=Roboto&schriftgroesse=12&groesse=1980&spalten=1&trans=1&grafikformat=1&scro=0&scgr=0&scbl=0&hiro=255&higr=255&hibl=255&lang=en&grafik=1","datePublished":"2024-11-30T18:14:31+00:00","dateModified":"2024-11-30T18:26:31+00:00","description":"Tuletko mukaan l\u00f6yt\u00e4m\u00e4\u00e4n t\u00e4m\u00e4n p\u00e4iv\u00e4n t\u00e4htitaivaan? Mitk\u00e4 t\u00e4htikuviot n\u00e4kyv\u00e4t miss\u00e4 t\u00e4n\u00e4\u00e4n? \ud83e\udd81\ud83e\udddc\u200d\u2642\ufe0f\ud83e\udd80","breadcrumb":{"@id":"https:\/\/weather-radar-live.com\/fi\/tahtitaivas\/#breadcrumb"},"inLanguage":"fi","potentialAction":[{"@type":"ReadAction","target":["https:\/\/weather-radar-live.com\/fi\/tahtitaivas\/"]}]},{"@type":"ImageObject","inLanguage":"fi","@id":"https:\/\/weather-radar-live.com\/fi\/tahtitaivas\/#primaryimage","url":"https:\/\/www.der-mond.de\/feature\/sternenhimmel.php?version=1&karten=3&ueberschrift=T%C3%A4htitaivas+t%C3%A4n%C3%A4%C3%A4n+Suomessa&schriftschnitt=0&beschriftung_sternkarte=1&schriftart=Roboto&schriftgroesse=12&groesse=1980&spalten=1&trans=1&grafikformat=1&scro=0&scgr=0&scbl=0&hiro=255&higr=255&hibl=255&lang=en&grafik=1","contentUrl":"https:\/\/www.der-mond.de\/feature\/sternenhimmel.php?version=1&karten=3&ueberschrift=T%C3%A4htitaivas+t%C3%A4n%C3%A4%C3%A4n+Suomessa&schriftschnitt=0&beschriftung_sternkarte=1&schriftart=Roboto&schriftgroesse=12&groesse=1980&spalten=1&trans=1&grafikformat=1&scro=0&scgr=0&scbl=0&hiro=255&higr=255&hibl=255&lang=en&grafik=1"},{"@type":"BreadcrumbList","@id":"https:\/\/weather-radar-live.com\/fi\/tahtitaivas\/#breadcrumb","itemListElement":[{"@type":"ListItem","position":1,"name":"Weather Radar Live","item":"https:\/\/weather-radar-live.com\/fi\/"},{"@type":"ListItem","position":2,"name":"T\u00e4htitaivas"}]},{"@type":"WebSite","@id":"https:\/\/weather-radar-live.com\/#website","url":"https:\/\/weather-radar-live.com\/","name":"weather-radar-live.com","description":"Your weather and sky radar.","publisher":{"@id":"https:\/\/weather-radar-live.com\/#organization"},"potentialAction":[{"@type":"SearchAction","target":{"@type":"EntryPoint","urlTemplate":"https:\/\/weather-radar-live.com\/?s={search_term_string}"},"query-input":{"@type":"PropertyValueSpecification","valueRequired":true,"valueName":"search_term_string"}}],"inLanguage":"fi"},{"@type":"Organization","@id":"https:\/\/weather-radar-live.com\/#organization","name":"weather-radar-live.com","url":"https:\/\/weather-radar-live.com\/","logo":{"@type":"ImageObject","inLanguage":"fi","@id":"https:\/\/weather-radar-live.com\/#\/schema\/logo\/image\/","url":"https:\/\/weather-radar-live.com\/wp-content\/uploads\/2022\/03\/cropped-WRL2503.png","contentUrl":"https:\/\/weather-radar-live.com\/wp-content\/uploads\/2022\/03\/cropped-WRL2503.png","width":1920,"height":555,"caption":"weather-radar-live.com"},"image":{"@id":"https:\/\/weather-radar-live.com\/#\/schema\/logo\/image\/"}}]}},"_links":{"self":[{"href":"https:\/\/weather-radar-live.com\/fi\/wp-json\/wp\/v2\/pages\/8004","targetHints":{"allow":["GET"]}}],"collection":[{"href":"https:\/\/weather-radar-live.com\/fi\/wp-json\/wp\/v2\/pages"}],"about":[{"href":"https:\/\/weather-radar-live.com\/fi\/wp-json\/wp\/v2\/types\/page"}],"author":[{"embeddable":true,"href":"https:\/\/weather-radar-live.com\/fi\/wp-json\/wp\/v2\/users\/1"}],"replies":[{"embeddable":true,"href":"https:\/\/weather-radar-live.com\/fi\/wp-json\/wp\/v2\/comments?post=8004"}],"version-history":[{"count":2,"href":"https:\/\/weather-radar-live.com\/fi\/wp-json\/wp\/v2\/pages\/8004\/revisions"}],"predecessor-version":[{"id":8018,"href":"https:\/\/weather-radar-live.com\/fi\/wp-json\/wp\/v2\/pages\/8004\/revisions\/8018"}],"wp:attachment":[{"href":"https:\/\/weather-radar-live.com\/fi\/wp-json\/wp\/v2\/media?parent=8004"}],"curies":[{"name":"wp","href":"https:\/\/api.w.org\/{rel}","templated":true}]}}