{"id":7627,"date":"2022-09-07T16:20:53","date_gmt":"2022-09-07T14:20:53","guid":{"rendered":"https:\/\/weather-radar-live.com\/?page_id=7627"},"modified":"2022-09-07T16:23:02","modified_gmt":"2022-09-07T14:23:02","slug":"webcam-courmayeur","status":"publish","type":"page","link":"https:\/\/weather-radar-live.com\/fi\/webkamera\/italia\/webcam-courmayeur\/","title":{"rendered":"Webcam Courmayeur"},"content":{"rendered":"<div id=\"weath-3704904180\" class=\"weath-vor-dem-inhalt weath-entity-placement\" style=\"margin-top: 15px;margin-right: 25px;margin-bottom: 40px;margin-left: 25px;\"><script async src=\"\/\/pagead2.googlesyndication.com\/pagead\/js\/adsbygoogle.js?client=ca-pub-8960936133935804\" crossorigin=\"anonymous\"><\/script><ins class=\"adsbygoogle\" style=\"display:block;\" data-ad-client=\"ca-pub-8960936133935804\" \ndata-ad-slot=\"6172817020\" \ndata-ad-format=\"auto\"><\/ins>\n<script> \n(adsbygoogle = window.adsbygoogle || []).push({}); \n<\/script>\n<\/div>\n<div class=\"wp-block-cover alignfull is-light\"><span aria-hidden=\"true\" class=\"wp-block-cover__gradient-background has-background-dim\"><\/span><img decoding=\"async\" class=\"wp-block-cover__image-background wp-image-342\" alt=\"Webcam Courmayeur\" src=\"https:\/\/weather-radar-live.com\/wp-content\/uploads\/2021\/06\/sam-schooler-E9aetBe2w40-unsplash-e1622554814366.jpg\" data-object-fit=\"cover\"\/><div class=\"wp-block-cover__inner-container is-layout-flow wp-block-cover-is-layout-flow\">\n<h2 class=\"has-text-align-center heading wp-block-heading\" id=\"webcam-fort-mahon\" style=\"font-size:40px;text-transform:uppercase\"><strong><mark style=\"background-color:rgba(0, 0, 0, 0)\" class=\"has-inline-color has-base-3-color\">WEBCAM <\/mark><\/strong><br><strong><mark style=\"background-color:rgba(0, 0, 0, 0)\" class=\"has-inline-color has-base-3-color\">COURMAYEUR<\/mark><\/strong><\/h2>\n<\/div><\/div>\n\n\n<div class=\"yoast-breadcrumbs\"><span><span><a href=\"https:\/\/weather-radar-live.com\/fi\/\">Weather Radar Live<\/a><\/span> \u00bb <span><a href=\"https:\/\/weather-radar-live.com\/fi\/webkamera\/\">Webkamera<\/a><\/span> \u00bb <span><a href=\"https:\/\/weather-radar-live.com\/fi\/webkamera\/italia\/\">Italia<\/a><\/span> \u00bb <span class=\"breadcrumb_last\" aria-current=\"page\"><strong>Webcam Courmayeur<\/strong><\/span><\/span><\/div>\n\n\n<h2 class=\"has-text-align-center wp-block-heading\" id=\"webcam-fort-mahon\"><strong>Webcam Courmayeur<\/strong><\/h2>\n\n\n\n<p>Massiivisen ja mahtavan Mont Blancin juurella, 1224 metrin korkeudessa, sijaitsee pieni Courmayeurin kyl\u00e4. Noin kymmenen kilometri\u00e4 vuoristomassiivista kaakkoon sijaitseva kyl\u00e4 odottaa maisemallisesti unenomaisessa ymp\u00e4rist\u00f6ss\u00e4. Vihre\u00e4t mets\u00e4t ja hohtavat j\u00e4\u00e4tik\u00f6t, mutta my\u00f6s laajat vuorenhuiput ja kauniit vaellusreitit luonnehtivat Aostanlaakson itsehallintoalueella sijaitsevaa kyl\u00e4\u00e4. K\u00e4ytt\u00e4m\u00e4mme Courmayeurin webkamera antaa sinulle upean kuvan Mont Blancin juurella sijaitsevasta vieh\u00e4tt\u00e4v\u00e4st\u00e4 kyl\u00e4st\u00e4. Nauti kuvista reaaliajassa ja seuraa el\u00e4m\u00e4\u00e4 Italian Alpeilla.<\/p>\n\n\n\n<p>Courmayeur on paratiisi erityisesti alpinisteille. Pikkukaupunkia pidet\u00e4\u00e4n kuuluisana kohtauspaikkana hiiht\u00e4jille kaikkialta maailmasta. Jo 1700- ja 1800-luvuilla lukemattomat turistit seurasivat vuoristomassiivin talvista kutsua. T\u00e4m\u00e4 tekee Courmayeurista yhden Alppien vanhimmista ja perinteisimmist\u00e4 talviurheilukeskuksista. Kyl\u00e4n pinta-ala on vain 210 neli\u00f6kilometri\u00e4 ja siell\u00e4 asuu vajaat 2 700 asukasta. Koska kaupunki sijaitsee Alppien korkeimmalla vuorella, se on yksi Aostanlaakson t\u00e4rkeimmist\u00e4 matkailukohteista.<\/p><div id=\"weath-3524096107\" class=\"weath-inhalt_2 weath-entity-placement\" style=\"margin-top: 15px;margin-right: 25px;margin-bottom: 35px;margin-left: 25px;\"><script async src=\"\/\/pagead2.googlesyndication.com\/pagead\/js\/adsbygoogle.js?client=ca-pub-8960936133935804\" crossorigin=\"anonymous\"><\/script><ins class=\"adsbygoogle\" style=\"display:block;\" data-ad-client=\"ca-pub-8960936133935804\" \ndata-ad-slot=\"1963584050\" \ndata-ad-format=\"auto\"><\/ins>\n<script> \n(adsbygoogle = window.adsbygoogle || []).push({}); \n<\/script>\n<\/div>\n\n\n\n<div class=\"wp-block-columns is-layout-flex wp-container-core-columns-is-layout-9d6595d7 wp-block-columns-is-layout-flex\">\n<div class=\"wp-block-column webcam-column is-layout-flow wp-block-column-is-layout-flow\">\n<h3 class=\"has-text-align-center wp-block-heading\"> \ud83d\udd34 <strong>Webcam<\/strong> <strong><strong><strong>Courmayeur<\/strong><\/strong><\/strong> &#8211; Monte Bianco<\/h3>\n\n\n\n<a name=\"windy-webcam-timelapse-player\" data-id=\"1531733743\" data-play=\"day\" href=\"https:\/\/windy.com\/webcams\/1531733743\" target=\"_blank\" rel=\"noopener\">Courmayeur: Valle d&#8217;Aosta &#8211; Monte Bianco<\/a><script async=\"\" type=\"text\/javascript\" src=\"https:\/\/webcams.windy.com\/webcams\/public\/embed\/script\/player.js\"><\/script>\n<\/div>\n\n\n\n<div class=\"wp-block-column webcam-column is-layout-flow wp-block-column-is-layout-flow\">\n<h3 class=\"has-text-align-center wp-block-heading\"> \ud83d\udd34 <strong>Webcam <strong><strong>Courmayeur<\/strong><\/strong><\/strong> &#8211; Pointe Helbronner <\/h3>\n\n\n\n<a name=\"windy-webcam-timelapse-player\" data-id=\"1493135755\" data-play=\"day\" href=\"https:\/\/windy.com\/webcams\/1493135755\" target=\"_blank\" rel=\"noopener\">Courmayeur: Pointe Helbronner<\/a><script async=\"\" type=\"text\/javascript\" src=\"https:\/\/webcams.windy.com\/webcams\/public\/embed\/script\/player.js\"><\/script>\n<\/div>\n<\/div>\n\n\n\n<div class=\"wp-block-columns is-layout-flex wp-container-core-columns-is-layout-9d6595d7 wp-block-columns-is-layout-flex\">\n<div class=\"wp-block-column webcam-column is-layout-flow wp-block-column-is-layout-flow\">\n<h3 class=\"has-text-align-center wp-block-heading\"> \ud83d\udd34 <strong>Webcam<\/strong> <strong><strong><strong>Courmayeur<\/strong><\/strong><\/strong> &#8211; Pointe Helbronner<\/h3>\n\n\n\n<a name=\"windy-webcam-timelapse-player\" data-id=\"1200059705\" data-play=\"day\" href=\"https:\/\/windy.com\/webcams\/1200059705\" target=\"_blank\" rel=\"noopener\">Courmayeur: Punta Helbronner<\/a><script async=\"\" type=\"text\/javascript\" src=\"https:\/\/webcams.windy.com\/webcams\/public\/embed\/script\/player.js\"><\/script>\n<\/div>\n\n\n\n<div class=\"wp-block-column webcam-column is-layout-flow wp-block-column-is-layout-flow\">\n<h3 class=\"has-text-align-center wp-block-heading\"> \ud83d\udd34 <strong>Webcam<\/strong> <strong><strong><strong>Courmayeur<\/strong><\/strong><\/strong> &#8211; Chamonix py\u00f6r\u00e4ilyn gondoli<\/h3>\n\n\n\n<a name=\"windy-webcam-timelapse-player\" data-id=\"1210440825\" data-play=\"day\" href=\"https:\/\/windy.com\/webcams\/1210440825\" target=\"_blank\" rel=\"noopener\">Courmayeur: Chamonix bicable gondoli<\/a><script async=\"\" type=\"text\/javascript\" src=\"https:\/\/webcams.windy.com\/webcams\/public\/embed\/script\/player.js\"><\/script>\n<\/div>\n<\/div>\n\n\n\n<div class=\"wp-block-columns is-layout-flex wp-container-core-columns-is-layout-9d6595d7 wp-block-columns-is-layout-flex\">\n<div class=\"wp-block-column webcam-column is-layout-flow wp-block-column-is-layout-flow\">\n<h3 class=\"has-text-align-center wp-block-heading\"> \ud83d\udd34 <strong>Webcam<\/strong> <strong><strong><strong>Courmayeur<\/strong><\/strong><\/strong> &#8211; Plan Ch\u00e9crouit<\/h3>\n\n\n\n<a name=\"windy-webcam-timelapse-player\" data-id=\"1359894316\" data-play=\"day\" href=\"https:\/\/windy.com\/webcams\/1359894316\" target=\"_blank\" rel=\"noopener\">Courmayeur: Plan Ch\u00e9crouit<\/a><script async=\"\" type=\"text\/javascript\" src=\"https:\/\/webcams.windy.com\/webcams\/public\/embed\/script\/player.js\"><\/script>\n<\/div>\n\n\n\n<div class=\"wp-block-column webcam-column is-layout-flow wp-block-column-is-layout-flow\">\n<h3 class=\"has-text-align-center wp-block-heading\"> \ud83d\udd34 <strong>Webcam <strong><strong>Courmayeur<\/strong><\/strong><\/strong> &#8211; Checrouit<\/h3>\n\n\n\n<a name=\"windy-webcam-timelapse-player\" data-id=\"1592498054\" data-play=\"day\" href=\"https:\/\/windy.com\/webcams\/1592498054\" target=\"_blank\" rel=\"noopener\">Courmayeur: Checrouit<\/a><script async=\"\" type=\"text\/javascript\" src=\"https:\/\/webcams.windy.com\/webcams\/public\/embed\/script\/player.js\"><\/script>\n<\/div>\n<\/div>\n\n\n\n<div class=\"wp-block-columns is-layout-flex wp-container-core-columns-is-layout-9d6595d7 wp-block-columns-is-layout-flex\">\n<div class=\"wp-block-column webcam-column is-layout-flow wp-block-column-is-layout-flow\">\n<h3 class=\"has-text-align-center wp-block-heading\"> \ud83d\udd34 <strong>Webcam<\/strong> <strong><strong><strong>Courmayeur<\/strong><\/strong><\/strong> &#8211; Hiihtokeskus<\/h3>\n\n\n\n<a name=\"windy-webcam-timelapse-player\" data-id=\"1359895082\" data-play=\"day\" href=\"https:\/\/windy.com\/webcams\/1359895082\" target=\"_blank\" rel=\"noopener\">Courmayeur: tieteellinen keskus, kansainv\u00e4linen tie<\/a><script async=\"\" type=\"text\/javascript\" src=\"https:\/\/webcams.windy.com\/webcams\/public\/embed\/script\/player.js\"><\/script>\n<\/div>\n\n\n\n<div class=\"wp-block-column webcam-column is-layout-flow wp-block-column-is-layout-flow\">\n<h3 class=\"has-text-align-center wp-block-heading\"> \ud83d\udd34 <strong>Webcam <strong><strong>Courmayeur<\/strong><\/strong><\/strong> &#8211; Valle d&#8217;Aosta &#8211; Aostanlaakso<\/h3>\n\n\n\n<a name=\"windy-webcam-timelapse-player\" data-id=\"1447921484\" data-play=\"day\" href=\"https:\/\/windy.com\/webcams\/1447921484\" target=\"_blank\" rel=\"noopener\">Courmayeur &#8217; Pohjoinen: Valle d&#8217;Aosta<\/a><script async=\"\" type=\"text\/javascript\" src=\"https:\/\/webcams.windy.com\/webcams\/public\/embed\/script\/player.js\"><\/script>\n<\/div>\n<\/div>\n\n\n\n<div class=\"wp-block-columns is-layout-flex wp-container-core-columns-is-layout-9d6595d7 wp-block-columns-is-layout-flex\">\n<div class=\"wp-block-column webcam-column is-layout-flow wp-block-column-is-layout-flow\">\n<h3 class=\"has-text-align-center wp-block-heading\"> \ud83d\udd34 <strong>Webcam<\/strong> <strong><strong><strong>Courmayeur<\/strong><\/strong><\/strong> &#8211; Pra Neyron<\/h3>\n\n\n\n<a name=\"windy-webcam-timelapse-player\" data-id=\"1543536207\" data-play=\"day\" href=\"https:\/\/windy.com\/webcams\/1543536207\" target=\"_blank\" rel=\"noopener\">Courmayeur: Pra Neyron<\/a><script async=\"\" type=\"text\/javascript\" src=\"https:\/\/webcams.windy.com\/webcams\/public\/embed\/script\/player.js\"><\/script>\n<\/div>\n\n\n\n<div class=\"wp-block-column webcam-column is-layout-flow wp-block-column-is-layout-flow\">\n<h3 class=\"has-text-align-center wp-block-heading\"> \ud83d\udd34 <strong>Webcam <strong><strong>Courmayeur<\/strong><\/strong><\/strong> &#8211; Youla<\/h3>\n\n\n\n<a name=\"windy-webcam-timelapse-player\" data-id=\"1592498051\" data-play=\"day\" href=\"https:\/\/windy.com\/webcams\/1592498051\" target=\"_blank\" rel=\"noopener\">Courmayeur: Youla<\/a><script async=\"\" type=\"text\/javascript\" src=\"https:\/\/webcams.windy.com\/webcams\/public\/embed\/script\/player.js\"><\/script>\n<\/div>\n<\/div>\n\n\n\n<h2 class=\"wp-block-heading\" id=\"fort-mahon-today\"><strong>S\u00e4\u00e4 tutka Courmayeur &#8211; S\u00e4\u00e4 Courmayeurissa<\/strong><\/h2>\n\n\n\n<p>Webbikameramme Courmayeur v\u00e4litt\u00e4\u00e4 s\u00e4\u00e4olosuhteet paikan p\u00e4\u00e4ll\u00e4, joten olet aina ajan tasalla. Tutkamme n\u00e4ytt\u00e4\u00e4 sinulle sadem\u00e4\u00e4r\u00e4n ja s\u00e4\u00e4ennusteen. N\u00e4et siis helposti, sataa, myrsky\u00e4\u00e4 tai sataa lunta Italian Alpeilla juuri nyt. Sateen voimakkuus on ennustettavissa v\u00e4rin mukaan. Sinisill\u00e4 ja vihreill\u00e4 alueilla on odotettavissa kevytt\u00e4 sadetta tai lunta. Runsaat sadem\u00e4\u00e4r\u00e4t puolestaan ilmaistaan punaisilla ja violeteilla merkinn\u00f6ill\u00e4. Lis\u00e4ksi pieni salama n\u00e4kyy, kun Courmayeurissa on t\u00e4ll\u00e4 hetkell\u00e4 ukkosmyrsky salamaniskuineen.<\/p>\n\n\n\n<div class=\"wp-block-columns is-layout-flex wp-container-core-columns-is-layout-9d6595d7 wp-block-columns-is-layout-flex\">\n<div class=\"wp-block-column is-layout-flow wp-block-column-is-layout-flow\" style=\"flex-basis:75%\">\n<iframe loading=\"lazy\" width=\"1300\" height=\"502\" src=\"https:\/\/embed.windy.com\/embed2.html?lat=45.780&amp;lon=7.015&amp;detailLat=45.791&amp;detailLon=6.741&amp;width=1300&amp;height=502&amp;zoom=11&amp;level=surface&amp;overlay=rain&amp;product=ecmwf&amp;menu=&amp;message=&amp;marker=&amp;calendar=now&amp;pressure=&amp;type=map&amp;location=coordinates&amp;detail=&amp;metricWind=default&amp;metricTemp=default&amp;radarRange=-1\" frameborder=\"0\"><\/iframe>\n<\/div>\n\n\n\n<div class=\"wp-block-column is-layout-flow wp-block-column-is-layout-flow\" style=\"flex-basis:25%\">\n<a class=\"weatherwidget-io\" href=\"https:\/\/forecast7.com\/en\/45d806d97\/courmayeur\/\" data-label_1=\"COURMAYEUR\" data-theme=\"original\" >COURMAYEUR<\/a>\n<script>\n!function(d,s,id){var js,fjs=d.getElementsByTagName(s)[0];if(!d.getElementById(id)){js=d.createElement(s);js.id=id;js.src='https:\/\/weatherwidget.io\/js\/widget.min.js';fjs.parentNode.insertBefore(js,fjs);}}(document,'script','weatherwidget-io-js');\n<\/script>\n<\/div>\n<\/div>\n\n\n\n<h2 class=\"wp-block-heading\" id=\"fort-mahon-weather\"><strong>Courmayeurin ilmasto<\/strong><\/h2>\n\n\n\n<p>Courmayeurin ilmastoa kutsutaan tundrailmastoksi. T\u00e4m\u00e4 tarkoittaa, ett\u00e4 l\u00e4mp\u00f6tilat ovat alhaiset ymp\u00e4ri vuoden. Jopa l\u00e4mpimimp\u00e4n\u00e4 kuukautena, elokuussa, on keskim\u00e4\u00e4rin vain 16 celsiusastetta. Joulukuusta maaliskuuhun on kylmint\u00e4. T\u00e4n\u00e4 aikana l\u00e4mp\u00f6tila pysyttelee aina keskim\u00e4\u00e4rin alle 0 celsiusasteen. Tammikuussa l\u00e4mp\u00f6tila voi laskea jopa -10 asteeseen. Kylm\u00e4 s\u00e4\u00e4 n\u00e4kyy lumip\u00e4ivin\u00e4. Tammi- ja helmikuussa lunta sataa yleens\u00e4 v\u00e4hint\u00e4\u00e4n 15 p\u00e4iv\u00e4n\u00e4. Kes\u00e4kuussa sataa v\u00e4hiten. T\u00e4\u00e4ll\u00e4 sadetta esiintyy 7 p\u00e4iv\u00e4n\u00e4 kuukaudessa.<\/p>\n\n\n\n<h2 class=\"wp-block-heading\"><strong>Courmayeurin n\u00e4ht\u00e4vyydet<\/strong><\/h2>\n\n\n\n<p>Kes\u00e4ll\u00e4 ja talvella Courmayeur on alpinistien mekka. Etenkin kylm\u00e4 vuodenaika on turistien suosiossa. Hiiht\u00e4j\u00e4t l\u00f6yt\u00e4v\u00e4t suurta onnea Courmayeur Mont Blanc Funivien talviurheilualueelta. T\u00e4\u00e4lt\u00e4 l\u00f6ytyy sopiva rinne jokaiselle tasolle. My\u00f6s Monte Bianco Skyway -k\u00f6ysiradan matka korkeuksiin on kiehtova. Kes\u00e4ll\u00e4 Val Venyn laakso useine vuoristoj\u00e4rvineen houkuttelee sinut lumoavaan luontoon. Vaelluksesta ja py\u00f6r\u00e4ilyst\u00e4 tulee t\u00e4\u00e4ll\u00e4 unohtumaton kokemus. Courmayeurin webbikameramme avulla voit nauttia upeasta ymp\u00e4rist\u00f6st\u00e4 kotonasi.<\/p>\n","protected":false},"excerpt":{"rendered":"<p>Webcam Courmayeur Massiivisen ja mahtavan Mont Blancin juurella, 1224 metrin korkeudessa, sijaitsee pieni Courmayeurin kyl\u00e4. Noin kymmenen kilometri\u00e4 vuoristomassiivista kaakkoon sijaitseva kyl\u00e4 odottaa maisemallisesti unenomaisessa ymp\u00e4rist\u00f6ss\u00e4. Vihre\u00e4t mets\u00e4t ja hohtavat j\u00e4\u00e4tik\u00f6t, mutta my\u00f6s laajat vuorenhuiput ja kauniit vaellusreitit luonnehtivat Aostanlaakson itsehallintoalueella sijaitsevaa kyl\u00e4\u00e4. K\u00e4ytt\u00e4m\u00e4mme Courmayeurin webkamera antaa sinulle upean kuvan Mont Blancin juurella sijaitsevasta vieh\u00e4tt\u00e4v\u00e4st\u00e4 &#8230; <a title=\"Webcam Courmayeur\" class=\"read-more\" href=\"https:\/\/weather-radar-live.com\/fi\/webkamera\/italia\/webcam-courmayeur\/\" aria-label=\"Lue lis\u00e4\u00e4 aiheesta Webcam Courmayeur\">Lue lis\u00e4\u00e4<\/a><\/p>\n","protected":false},"author":1,"featured_media":7508,"parent":4308,"menu_order":0,"comment_status":"closed","ping_status":"closed","template":"","meta":{"footnotes":""},"class_list":["post-7627","page","type-page","status-publish","has-post-thumbnail"],"yoast_head":"<!-- This site is optimized with the Yoast SEO plugin v27.4 - https:\/\/yoast.com\/product\/yoast-seo-wordpress\/ -->\n<title>Webcam Courmayeur \u2192 Katso suorana l\u00e4hetyksen\u00e4!<\/title>\n<meta name=\"description\" content=\"Webcam Courmayeur | Livecam of Courmayeur! \u2705 P\u00e4ivitetty sinulle reaaliajassa! \u2705 Ajantasainen s\u00e4\u00e4ennuste!\" \/>\n<meta name=\"robots\" content=\"index, follow, max-snippet:-1, max-image-preview:large, max-video-preview:-1\" \/>\n<link rel=\"canonical\" href=\"https:\/\/weather-radar-live.com\/fi\/webkamera\/italia\/webcam-courmayeur\/\" \/>\n<meta property=\"og:locale\" content=\"fi_FI\" \/>\n<meta property=\"og:type\" content=\"article\" \/>\n<meta property=\"og:title\" content=\"Webcam Courmayeur \u2192 Katso suorana l\u00e4hetyksen\u00e4!\" \/>\n<meta property=\"og:description\" content=\"Webcam Courmayeur | Livecam of Courmayeur! \u2705 P\u00e4ivitetty sinulle reaaliajassa! \u2705 Ajantasainen s\u00e4\u00e4ennuste!\" \/>\n<meta property=\"og:url\" content=\"https:\/\/weather-radar-live.com\/fi\/webkamera\/italia\/webcam-courmayeur\/\" \/>\n<meta property=\"og:site_name\" content=\"weather-radar-live.com\" \/>\n<meta property=\"article:modified_time\" content=\"2022-09-07T14:23:02+00:00\" \/>\n<meta property=\"og:image\" content=\"https:\/\/weather-radar-live.com\/wp-content\/uploads\/2022\/08\/Webcam-Courmayeur-e1661580979800.jpg\" \/>\n\t<meta property=\"og:image:width\" content=\"1887\" \/>\n\t<meta property=\"og:image:height\" content=\"903\" \/>\n\t<meta property=\"og:image:type\" content=\"image\/jpeg\" \/>\n<meta name=\"twitter:card\" content=\"summary_large_image\" \/>\n<meta name=\"twitter:label1\" content=\"Arvioitu lukuaika\" \/>\n\t<meta name=\"twitter:data1\" content=\"2 minuuttia\" \/>\n<script type=\"application\/ld+json\" class=\"yoast-schema-graph\">{\"@context\":\"https:\\\/\\\/schema.org\",\"@graph\":[{\"@type\":\"WebPage\",\"@id\":\"https:\\\/\\\/weather-radar-live.com\\\/fi\\\/webkamera\\\/italia\\\/webcam-courmayeur\\\/\",\"url\":\"https:\\\/\\\/weather-radar-live.com\\\/fi\\\/webkamera\\\/italia\\\/webcam-courmayeur\\\/\",\"name\":\"Webcam Courmayeur \u2192 Katso suorana l\u00e4hetyksen\u00e4!\",\"isPartOf\":{\"@id\":\"https:\\\/\\\/weather-radar-live.com\\\/#website\"},\"primaryImageOfPage\":{\"@id\":\"https:\\\/\\\/weather-radar-live.com\\\/fi\\\/webkamera\\\/italia\\\/webcam-courmayeur\\\/#primaryimage\"},\"image\":{\"@id\":\"https:\\\/\\\/weather-radar-live.com\\\/fi\\\/webkamera\\\/italia\\\/webcam-courmayeur\\\/#primaryimage\"},\"thumbnailUrl\":\"https:\\\/\\\/weather-radar-live.com\\\/wp-content\\\/uploads\\\/2022\\\/08\\\/Webcam-Courmayeur-e1661580979800.jpg\",\"datePublished\":\"2022-09-07T14:20:53+00:00\",\"dateModified\":\"2022-09-07T14:23:02+00:00\",\"description\":\"Webcam Courmayeur | Livecam of Courmayeur! \u2705 P\u00e4ivitetty sinulle reaaliajassa! \u2705 Ajantasainen s\u00e4\u00e4ennuste!\",\"breadcrumb\":{\"@id\":\"https:\\\/\\\/weather-radar-live.com\\\/fi\\\/webkamera\\\/italia\\\/webcam-courmayeur\\\/#breadcrumb\"},\"inLanguage\":\"fi\",\"potentialAction\":[{\"@type\":\"ReadAction\",\"target\":[\"https:\\\/\\\/weather-radar-live.com\\\/fi\\\/webkamera\\\/italia\\\/webcam-courmayeur\\\/\"]}]},{\"@type\":\"ImageObject\",\"inLanguage\":\"fi\",\"@id\":\"https:\\\/\\\/weather-radar-live.com\\\/fi\\\/webkamera\\\/italia\\\/webcam-courmayeur\\\/#primaryimage\",\"url\":\"https:\\\/\\\/weather-radar-live.com\\\/wp-content\\\/uploads\\\/2022\\\/08\\\/Webcam-Courmayeur-e1661580979800.jpg\",\"contentUrl\":\"https:\\\/\\\/weather-radar-live.com\\\/wp-content\\\/uploads\\\/2022\\\/08\\\/Webcam-Courmayeur-e1661580979800.jpg\",\"width\":1887,\"height\":903,\"caption\":\"Webcam Courmayeur\"},{\"@type\":\"BreadcrumbList\",\"@id\":\"https:\\\/\\\/weather-radar-live.com\\\/fi\\\/webkamera\\\/italia\\\/webcam-courmayeur\\\/#breadcrumb\",\"itemListElement\":[{\"@type\":\"ListItem\",\"position\":1,\"name\":\"Weather Radar Live\",\"item\":\"https:\\\/\\\/weather-radar-live.com\\\/fi\\\/\"},{\"@type\":\"ListItem\",\"position\":2,\"name\":\"Webkamera\",\"item\":\"https:\\\/\\\/weather-radar-live.com\\\/fi\\\/webkamera\\\/\"},{\"@type\":\"ListItem\",\"position\":3,\"name\":\"Italia\",\"item\":\"https:\\\/\\\/weather-radar-live.com\\\/fi\\\/webkamera\\\/italia\\\/\"},{\"@type\":\"ListItem\",\"position\":4,\"name\":\"Webcam Courmayeur\"}]},{\"@type\":\"WebSite\",\"@id\":\"https:\\\/\\\/weather-radar-live.com\\\/#website\",\"url\":\"https:\\\/\\\/weather-radar-live.com\\\/\",\"name\":\"weather-radar-live.com\",\"description\":\"Your weather and sky radar.\",\"publisher\":{\"@id\":\"https:\\\/\\\/weather-radar-live.com\\\/#organization\"},\"potentialAction\":[{\"@type\":\"SearchAction\",\"target\":{\"@type\":\"EntryPoint\",\"urlTemplate\":\"https:\\\/\\\/weather-radar-live.com\\\/?s={search_term_string}\"},\"query-input\":{\"@type\":\"PropertyValueSpecification\",\"valueRequired\":true,\"valueName\":\"search_term_string\"}}],\"inLanguage\":\"fi\"},{\"@type\":\"Organization\",\"@id\":\"https:\\\/\\\/weather-radar-live.com\\\/#organization\",\"name\":\"weather-radar-live.com\",\"url\":\"https:\\\/\\\/weather-radar-live.com\\\/\",\"logo\":{\"@type\":\"ImageObject\",\"inLanguage\":\"fi\",\"@id\":\"https:\\\/\\\/weather-radar-live.com\\\/#\\\/schema\\\/logo\\\/image\\\/\",\"url\":\"https:\\\/\\\/weather-radar-live.com\\\/wp-content\\\/uploads\\\/2022\\\/03\\\/cropped-WRL2503.png\",\"contentUrl\":\"https:\\\/\\\/weather-radar-live.com\\\/wp-content\\\/uploads\\\/2022\\\/03\\\/cropped-WRL2503.png\",\"width\":1920,\"height\":555,\"caption\":\"weather-radar-live.com\"},\"image\":{\"@id\":\"https:\\\/\\\/weather-radar-live.com\\\/#\\\/schema\\\/logo\\\/image\\\/\"}}]}<\/script>\n<!-- \/ Yoast SEO plugin. -->","yoast_head_json":{"title":"Webcam Courmayeur \u2192 Katso suorana l\u00e4hetyksen\u00e4!","description":"Webcam Courmayeur | Livecam of Courmayeur! \u2705 P\u00e4ivitetty sinulle reaaliajassa! \u2705 Ajantasainen s\u00e4\u00e4ennuste!","robots":{"index":"index","follow":"follow","max-snippet":"max-snippet:-1","max-image-preview":"max-image-preview:large","max-video-preview":"max-video-preview:-1"},"canonical":"https:\/\/weather-radar-live.com\/fi\/webkamera\/italia\/webcam-courmayeur\/","og_locale":"fi_FI","og_type":"article","og_title":"Webcam Courmayeur \u2192 Katso suorana l\u00e4hetyksen\u00e4!","og_description":"Webcam Courmayeur | Livecam of Courmayeur! \u2705 P\u00e4ivitetty sinulle reaaliajassa! \u2705 Ajantasainen s\u00e4\u00e4ennuste!","og_url":"https:\/\/weather-radar-live.com\/fi\/webkamera\/italia\/webcam-courmayeur\/","og_site_name":"weather-radar-live.com","article_modified_time":"2022-09-07T14:23:02+00:00","og_image":[{"width":1887,"height":903,"url":"https:\/\/weather-radar-live.com\/wp-content\/uploads\/2022\/08\/Webcam-Courmayeur-e1661580979800.jpg","type":"image\/jpeg"}],"twitter_card":"summary_large_image","twitter_misc":{"Arvioitu lukuaika":"2 minuuttia"},"schema":{"@context":"https:\/\/schema.org","@graph":[{"@type":"WebPage","@id":"https:\/\/weather-radar-live.com\/fi\/webkamera\/italia\/webcam-courmayeur\/","url":"https:\/\/weather-radar-live.com\/fi\/webkamera\/italia\/webcam-courmayeur\/","name":"Webcam Courmayeur \u2192 Katso suorana l\u00e4hetyksen\u00e4!","isPartOf":{"@id":"https:\/\/weather-radar-live.com\/#website"},"primaryImageOfPage":{"@id":"https:\/\/weather-radar-live.com\/fi\/webkamera\/italia\/webcam-courmayeur\/#primaryimage"},"image":{"@id":"https:\/\/weather-radar-live.com\/fi\/webkamera\/italia\/webcam-courmayeur\/#primaryimage"},"thumbnailUrl":"https:\/\/weather-radar-live.com\/wp-content\/uploads\/2022\/08\/Webcam-Courmayeur-e1661580979800.jpg","datePublished":"2022-09-07T14:20:53+00:00","dateModified":"2022-09-07T14:23:02+00:00","description":"Webcam Courmayeur | Livecam of Courmayeur! \u2705 P\u00e4ivitetty sinulle reaaliajassa! \u2705 Ajantasainen s\u00e4\u00e4ennuste!","breadcrumb":{"@id":"https:\/\/weather-radar-live.com\/fi\/webkamera\/italia\/webcam-courmayeur\/#breadcrumb"},"inLanguage":"fi","potentialAction":[{"@type":"ReadAction","target":["https:\/\/weather-radar-live.com\/fi\/webkamera\/italia\/webcam-courmayeur\/"]}]},{"@type":"ImageObject","inLanguage":"fi","@id":"https:\/\/weather-radar-live.com\/fi\/webkamera\/italia\/webcam-courmayeur\/#primaryimage","url":"https:\/\/weather-radar-live.com\/wp-content\/uploads\/2022\/08\/Webcam-Courmayeur-e1661580979800.jpg","contentUrl":"https:\/\/weather-radar-live.com\/wp-content\/uploads\/2022\/08\/Webcam-Courmayeur-e1661580979800.jpg","width":1887,"height":903,"caption":"Webcam Courmayeur"},{"@type":"BreadcrumbList","@id":"https:\/\/weather-radar-live.com\/fi\/webkamera\/italia\/webcam-courmayeur\/#breadcrumb","itemListElement":[{"@type":"ListItem","position":1,"name":"Weather Radar Live","item":"https:\/\/weather-radar-live.com\/fi\/"},{"@type":"ListItem","position":2,"name":"Webkamera","item":"https:\/\/weather-radar-live.com\/fi\/webkamera\/"},{"@type":"ListItem","position":3,"name":"Italia","item":"https:\/\/weather-radar-live.com\/fi\/webkamera\/italia\/"},{"@type":"ListItem","position":4,"name":"Webcam Courmayeur"}]},{"@type":"WebSite","@id":"https:\/\/weather-radar-live.com\/#website","url":"https:\/\/weather-radar-live.com\/","name":"weather-radar-live.com","description":"Your weather and sky radar.","publisher":{"@id":"https:\/\/weather-radar-live.com\/#organization"},"potentialAction":[{"@type":"SearchAction","target":{"@type":"EntryPoint","urlTemplate":"https:\/\/weather-radar-live.com\/?s={search_term_string}"},"query-input":{"@type":"PropertyValueSpecification","valueRequired":true,"valueName":"search_term_string"}}],"inLanguage":"fi"},{"@type":"Organization","@id":"https:\/\/weather-radar-live.com\/#organization","name":"weather-radar-live.com","url":"https:\/\/weather-radar-live.com\/","logo":{"@type":"ImageObject","inLanguage":"fi","@id":"https:\/\/weather-radar-live.com\/#\/schema\/logo\/image\/","url":"https:\/\/weather-radar-live.com\/wp-content\/uploads\/2022\/03\/cropped-WRL2503.png","contentUrl":"https:\/\/weather-radar-live.com\/wp-content\/uploads\/2022\/03\/cropped-WRL2503.png","width":1920,"height":555,"caption":"weather-radar-live.com"},"image":{"@id":"https:\/\/weather-radar-live.com\/#\/schema\/logo\/image\/"}}]}},"_links":{"self":[{"href":"https:\/\/weather-radar-live.com\/fi\/wp-json\/wp\/v2\/pages\/7627","targetHints":{"allow":["GET"]}}],"collection":[{"href":"https:\/\/weather-radar-live.com\/fi\/wp-json\/wp\/v2\/pages"}],"about":[{"href":"https:\/\/weather-radar-live.com\/fi\/wp-json\/wp\/v2\/types\/page"}],"author":[{"embeddable":true,"href":"https:\/\/weather-radar-live.com\/fi\/wp-json\/wp\/v2\/users\/1"}],"replies":[{"embeddable":true,"href":"https:\/\/weather-radar-live.com\/fi\/wp-json\/wp\/v2\/comments?post=7627"}],"version-history":[{"count":2,"href":"https:\/\/weather-radar-live.com\/fi\/wp-json\/wp\/v2\/pages\/7627\/revisions"}],"predecessor-version":[{"id":7645,"href":"https:\/\/weather-radar-live.com\/fi\/wp-json\/wp\/v2\/pages\/7627\/revisions\/7645"}],"up":[{"embeddable":true,"href":"https:\/\/weather-radar-live.com\/fi\/wp-json\/wp\/v2\/pages\/4308"}],"wp:featuredmedia":[{"embeddable":true,"href":"https:\/\/weather-radar-live.com\/fi\/wp-json\/wp\/v2\/media\/7508"}],"wp:attachment":[{"href":"https:\/\/weather-radar-live.com\/fi\/wp-json\/wp\/v2\/media?parent=7627"}],"curies":[{"name":"wp","href":"https:\/\/api.w.org\/{rel}","templated":true}]}}