{"id":7317,"date":"2022-08-25T22:28:38","date_gmt":"2022-08-25T20:28:38","guid":{"rendered":"https:\/\/weather-radar-live.com\/?page_id=7317"},"modified":"2022-08-25T22:31:39","modified_gmt":"2022-08-25T20:31:39","slug":"webcam-arabba","status":"publish","type":"page","link":"https:\/\/weather-radar-live.com\/fi\/webkamera\/italia\/webcam-arabba\/","title":{"rendered":"Webcam Arabba"},"content":{"rendered":"<div id=\"weath-1682020115\" class=\"weath-vor-dem-inhalt weath-entity-placement\" style=\"margin-top: 15px;margin-right: 25px;margin-bottom: 40px;margin-left: 25px;\"><script async src=\"\/\/pagead2.googlesyndication.com\/pagead\/js\/adsbygoogle.js?client=ca-pub-8960936133935804\" crossorigin=\"anonymous\"><\/script><ins class=\"adsbygoogle\" style=\"display:block;\" data-ad-client=\"ca-pub-8960936133935804\" \ndata-ad-slot=\"6172817020\" \ndata-ad-format=\"auto\"><\/ins>\n<script> \n(adsbygoogle = window.adsbygoogle || []).push({}); \n<\/script>\n<\/div>\n<div class=\"wp-block-cover alignfull is-light\"><span aria-hidden=\"true\" class=\"wp-block-cover__gradient-background has-background-dim\"><\/span><img decoding=\"async\" class=\"wp-block-cover__image-background wp-image-342\" alt=\"Webcam Arabba\" src=\"https:\/\/weather-radar-live.com\/wp-content\/uploads\/2021\/06\/sam-schooler-E9aetBe2w40-unsplash-e1622554814366.jpg\" data-object-fit=\"cover\"\/><div class=\"wp-block-cover__inner-container is-layout-flow wp-block-cover-is-layout-flow\">\n<h2 class=\"has-text-align-center heading wp-block-heading\" id=\"webcam-fort-mahon\" style=\"font-size:40px;text-transform:uppercase\"><strong><mark style=\"background-color:rgba(0, 0, 0, 0)\" class=\"has-inline-color has-base-3-color\">WEBCAM <\/mark><\/strong><br><strong><mark style=\"background-color:rgba(0, 0, 0, 0)\" class=\"has-inline-color has-base-3-color\">ARABBA<\/mark><\/strong><\/h2>\n<\/div><\/div>\n\n\n<div class=\"yoast-breadcrumbs\"><span><span><a href=\"https:\/\/weather-radar-live.com\/fi\/\">Weather Radar Live<\/a><\/span> \u00bb <span><a href=\"https:\/\/weather-radar-live.com\/fi\/webkamera\/\">Webkamera<\/a><\/span> \u00bb <span><a href=\"https:\/\/weather-radar-live.com\/fi\/webkamera\/italia\/\">Italia<\/a><\/span> \u00bb <span class=\"breadcrumb_last\" aria-current=\"page\"><strong>Webcam Arabba<\/strong><\/span><\/span><\/div>\n\n\n<h2 class=\"has-text-align-center wp-block-heading\" id=\"webcam-fort-mahon\"><strong>Webcam Arabba<\/strong><\/h2>\n\n\n\n<p>Unescon maailmanperint\u00f6kohteeksi nime\u00e4m\u00e4n vuoristomaiseman huippujen ymp\u00e4r\u00f6im\u00e4 Arabba, vuoristokyl\u00e4 Fodomin laaksossa Dolomiittien keskell\u00e4, tarjoaa henke\u00e4salpaavia maisemia. Jyrk\u00e4t kalliomuodostelmat, kukkivat niityt, varjoisat mets\u00e4t ja lumipeitteiset huiput luonnehtivat alppimaisemaa. Sella-massiivin ja l\u00e4hes 2500 metri\u00e4 korkean Col di Lana -vuoren juurella Arabba uhmaa tuulta ja s\u00e4\u00e4t\u00e4. T\u00e4\u00e4lt\u00e4 k\u00e4sin voit ihailla rauhassa Alppialueen erityist\u00e4 kasvistoa ja el\u00e4imist\u00f6\u00e4. Voit seurata s\u00e4\u00e4t\u00e4 Arabban webbikameran kautta.<\/p>\n\n\n\n<p>Erilaiset polut johtavat metsien l\u00e4pi, niittyj\u00e4 ja puroja pitkin tai vuoristosolmujen yli huipuille. Voit my\u00f6s kohdata marmotteja ja peuroja, jotka voi n\u00e4hd\u00e4 t\u00e4\u00e4ll\u00e4 luonnollisessa elinymp\u00e4rist\u00f6ss\u00e4\u00e4n. Venetossa sijaitsevaa pikkukaupunkia ja sen ymp\u00e4rist\u00f6\u00e4 pidet\u00e4\u00e4n urheiluharrastajien paratiisina. Arabba tarjoaa lukuisia mahdollisuuksia hengitt\u00e4\u00e4 italialaista vuoristoilmaa joko k\u00e4vellen tai py\u00f6r\u00e4ll\u00e4. Dolomiitit eiv\u00e4t ole vain kauniita, vaan pala ainutlaatuista luontoa.<\/p><div id=\"weath-1149101144\" class=\"weath-inhalt_2 weath-entity-placement\" style=\"margin-top: 15px;margin-right: 25px;margin-bottom: 35px;margin-left: 25px;\"><script async src=\"\/\/pagead2.googlesyndication.com\/pagead\/js\/adsbygoogle.js?client=ca-pub-8960936133935804\" crossorigin=\"anonymous\"><\/script><ins class=\"adsbygoogle\" style=\"display:block;\" data-ad-client=\"ca-pub-8960936133935804\" \ndata-ad-slot=\"1963584050\" \ndata-ad-format=\"auto\"><\/ins>\n<script> \n(adsbygoogle = window.adsbygoogle || []).push({}); \n<\/script>\n<\/div>\n\n\n\n<div class=\"wp-block-columns is-layout-flex wp-container-core-columns-is-layout-9d6595d7 wp-block-columns-is-layout-flex\">\n<div class=\"wp-block-column webcam-column is-layout-flow wp-block-column-is-layout-flow\">\n<h3 class=\"has-text-align-center wp-block-heading\"> \ud83d\udd34 <strong><strong>Webcam<\/strong><\/strong> <strong><strong><strong>Arabba<\/strong><\/strong><\/strong> &#8211; Marmolada<\/h3>\n\n\n\n<a name=\"windy-webcam-timelapse-player\" data-id=\"1642636249\" data-play=\"day\" href=\"https:\/\/windy.com\/webcams\/1642636249\" target=\"_blank\" rel=\"noopener\">Arabba: Marmolada &#8211; Rifugio Burz<\/a><script async=\"\" type=\"text\/javascript\" src=\"https:\/\/webcams.windy.com\/webcams\/public\/embed\/script\/player.js\"><\/script>\n<\/div>\n\n\n\n<div class=\"wp-block-column webcam-column is-layout-flow wp-block-column-is-layout-flow\">\n<h3 class=\"has-text-align-center wp-block-heading\"> \ud83d\udd34 <strong>Webcam <strong><strong>Arabba<\/strong><\/strong><\/strong> &#8211; Marmolada II<\/h3>\n\n\n\n<a name=\"windy-webcam-timelapse-player\" data-id=\"1642636262\" data-play=\"day\" href=\"https:\/\/windy.com\/webcams\/1642636262\" target=\"_blank\" rel=\"noopener\">Arabba: Marmolada &#8211; Rifugio Burz<\/a><script async=\"\" type=\"text\/javascript\" src=\"https:\/\/webcams.windy.com\/webcams\/public\/embed\/script\/player.js\"><\/script>\n<\/div>\n<\/div>\n\n\n\n<div class=\"wp-block-columns is-layout-flex wp-container-core-columns-is-layout-9d6595d7 wp-block-columns-is-layout-flex\">\n<div class=\"wp-block-column webcam-column is-layout-flow wp-block-column-is-layout-flow\">\n<h3 class=\"has-text-align-center wp-block-heading\"> \ud83d\udd34 <strong>Webcam<\/strong> <strong>Arabba<\/strong> &#8211; Marmolada III<\/h3>\n\n\n\n<a name=\"windy-webcam-timelapse-player\" data-id=\"1642636309\" data-play=\"day\" href=\"https:\/\/windy.com\/webcams\/1642636309\" target=\"_blank\" rel=\"noopener\">Arabba: Marmolada &#8211; Rifugio Burz<\/a><script async=\"\" type=\"text\/javascript\" src=\"https:\/\/webcams.windy.com\/webcams\/public\/embed\/script\/player.js\"><\/script>\n<\/div>\n\n\n\n<div class=\"wp-block-column webcam-column is-layout-flow wp-block-column-is-layout-flow\">\n<h3 class=\"has-text-align-center wp-block-heading\"> \ud83d\udd34 <strong>Webcam<\/strong> <strong>Arabba<\/strong> &#8211; Marmolada IV<\/h3>\n\n\n\n<a name=\"windy-webcam-timelapse-player\" data-id=\"1642636256\" data-play=\"day\" href=\"https:\/\/windy.com\/webcams\/1642636256\" target=\"_blank\" rel=\"noopener\">Arabba: Marmolada &#8211; Rifugio Burz<\/a><script async=\"\" type=\"text\/javascript\" src=\"https:\/\/webcams.windy.com\/webcams\/public\/embed\/script\/player.js\"><\/script>\n<\/div>\n<\/div>\n\n\n\n<div class=\"wp-block-columns is-layout-flex wp-container-core-columns-is-layout-9d6595d7 wp-block-columns-is-layout-flex\">\n<div class=\"wp-block-column webcam-column is-layout-flow wp-block-column-is-layout-flow\">\n<h3 class=\"has-text-align-center wp-block-heading\"> \ud83d\udd34 <strong>Webcam<\/strong> <strong>Arabba<\/strong> &#8211; Livinallongo del Col di Lana<\/h3>\n\n\n\n<a name=\"windy-webcam-timelapse-player\" data-id=\"1649951262\" data-play=\"day\" href=\"https:\/\/windy.com\/webcams\/1649951262\" target=\"_blank\" rel=\"noopener\">Livinallongo del Col di Lana<\/a><script async=\"\" type=\"text\/javascript\" src=\"https:\/\/webcams.windy.com\/webcams\/public\/embed\/script\/player.js\"><\/script>\n<\/div>\n\n\n\n<div class=\"wp-block-column webcam-column is-layout-flow wp-block-column-is-layout-flow\">\n<h3 class=\"has-text-align-center wp-block-heading\"> \ud83d\udd34 <strong>Webcam <strong><strong>Arabba<\/strong><\/strong><\/strong> &#8211; Porta Vescovo<\/h3>\n\n\n\n<a name=\"windy-webcam-timelapse-player\" data-id=\"1592498036\" data-play=\"day\" href=\"https:\/\/windy.com\/webcams\/1592498036\" target=\"_blank\" rel=\"noopener\">Lumilauta: Arabba &#8211; Porta Vescovo<\/a><script async=\"\" type=\"text\/javascript\" src=\"https:\/\/webcams.windy.com\/webcams\/public\/embed\/script\/player.js\"><\/script>\n<\/div>\n<\/div>\n\n\n\n<h2 class=\"wp-block-heading\" id=\"fort-mahon-today\"><strong>S\u00e4\u00e4 tutka Arabba &#8211; S\u00e4\u00e4 Arabba &#8211; S\u00e4\u00e4 Arabba<\/strong><\/h2>\n\n\n\n<p>Vierailu Dolomiiteilla voi ilahduttavasti liitty\u00e4 ep\u00e4vakaaseen s\u00e4\u00e4h\u00e4n. Varmistaaksesi, ett\u00e4 voit matkustaa turvallisesti lomasi aikana, tarkista milloin tahansa vuoristokyl\u00e4n t\u00e4m\u00e4nhetkiset s\u00e4\u00e4olosuhteet Arabban webbikamerasta ja vastaavasta s\u00e4\u00e4tutkasta. N\u00e4et v\u00e4rityksest\u00e4, miss\u00e4 aurinko paistaa juuri nyt tai miss\u00e4 on odotettavissa sadetta seuraavan tunnin tai kahden aikana. Punainen ja violetti v\u00e4ri viittaavat runsaisiin sadem\u00e4\u00e4riin, kun taas siniset ja keltaiset s\u00e4vyt edustavat v\u00e4h\u00e4isi\u00e4 sadem\u00e4\u00e4ri\u00e4.<\/p>\n\n\n\n<div class=\"wp-block-columns is-layout-flex wp-container-core-columns-is-layout-9d6595d7 wp-block-columns-is-layout-flex\">\n<div class=\"wp-block-column is-layout-flow wp-block-column-is-layout-flow\" style=\"flex-basis:75%\">\n<iframe loading=\"lazy\" width=\"1300\" height=\"502\" src=\"https:\/\/embed.windy.com\/embed2.html?lat=46.497&amp;lon=11.824&amp;detailLat=46.497&amp;detailLon=11.824&amp;width=1300&amp;height=502&amp;zoom=11&amp;level=surface&amp;overlay=rain&amp;product=ecmwf&amp;menu=&amp;message=&amp;marker=&amp;calendar=now&amp;pressure=&amp;type=map&amp;location=coordinates&amp;detail=&amp;metricWind=default&amp;metricTemp=default&amp;radarRange=-1\" frameborder=\"0\"><\/iframe>\n<\/div>\n\n\n\n<div class=\"wp-block-column is-layout-flow wp-block-column-is-layout-flow\" style=\"flex-basis:25%\">\n<a class=\"weatherwidget-io\" href=\"https:\/\/forecast7.com\/en\/46d5011d87\/arabba\/\" data-label_1=\"ARABBA\" data-theme=\"original\" >ARABBA<\/a>\n<script>\n!function(d,s,id){var js,fjs=d.getElementsByTagName(s)[0];if(!d.getElementById(id)){js=d.createElement(s);js.id=id;js.src='https:\/\/weatherwidget.io\/js\/widget.min.js';fjs.parentNode.insertBefore(js,fjs);}}(document,'script','weatherwidget-io-js');\n<\/script>\n<\/div>\n<\/div>\n\n\n\n<h2 class=\"wp-block-heading\" id=\"fort-mahon-weather\"><strong>Ilmasto Arabba<\/strong><\/h2>\n\n\n\n<p>Arabba sijaitsee Pohjois-Italiassa ja kuuluu keskileveysasteiden ilmastovy\u00f6hykkeeseen. L\u00e4mpimin kuukausi on hein\u00e4kuu, jolloin p\u00e4iv\u00e4l\u00e4mp\u00f6tila on 29 \u00b0Celsiusta. Kylmin kuukausi on tammikuu, jolloin p\u00e4iv\u00e4l\u00e4mp\u00f6tila on noin 6 \u00b0Celsiusta. Vuoden keskil\u00e4mp\u00f6tila on 18 \u00b0Celsiusta. T\u00e4m\u00e4n ilmastovy\u00f6hykkeen kasvillisuus on puolivuotista, ja siell\u00e4 on lehtipuu- ja sekametsi\u00e4. Kev\u00e4\u00e4ll\u00e4 kasvit versovat tuoreina. Syksyll\u00e4 esiintyy tyypillist\u00e4 lehtien v\u00e4rj\u00e4ytymist\u00e4 ja lehtien putoamista.<\/p>\n\n\n\n<h2 class=\"wp-block-heading\"><strong>N\u00e4ht\u00e4vyydet Arabbassa<\/strong><\/h2>\n\n\n\n<p>Arabba on vierailun arvoinen kaikkina vuodenaikoina. Kes\u00e4ll\u00e4 aktiviteetit, kuten vaellus, kiipeily, maastojuoksu tai maastopy\u00f6r\u00e4retket Dolomiiteilla, kutsuvat. Opastettuja retki\u00e4 tarjotaan erityisesti haastavilla alueilla. Talvella voit hiiht\u00e4\u00e4 ja lumilautailla, harrastaa lumikenk\u00e4ily\u00e4 tai j\u00e4\u00e4kiipeily\u00e4. Tapahtumia j\u00e4rjestet\u00e4\u00e4n my\u00f6s ymp\u00e4ri vuoden. Suunnittele retkesi katsomalla s\u00e4\u00e4 Arabban webbikameran kautta. Andrazin linna, Ladin-museo, muistomerkit, kirkot ja kappelit, vanha mylly, museo ja muistomerkki Pordoin solassa ovat alueen erityisi\u00e4 n\u00e4ht\u00e4vyyksi\u00e4.<\/p>\n","protected":false},"excerpt":{"rendered":"<p>Webcam Arabba Unescon maailmanperint\u00f6kohteeksi nime\u00e4m\u00e4n vuoristomaiseman huippujen ymp\u00e4r\u00f6im\u00e4 Arabba, vuoristokyl\u00e4 Fodomin laaksossa Dolomiittien keskell\u00e4, tarjoaa henke\u00e4salpaavia maisemia. Jyrk\u00e4t kalliomuodostelmat, kukkivat niityt, varjoisat mets\u00e4t ja lumipeitteiset huiput luonnehtivat alppimaisemaa. Sella-massiivin ja l\u00e4hes 2500 metri\u00e4 korkean Col di Lana -vuoren juurella Arabba uhmaa tuulta ja s\u00e4\u00e4t\u00e4. T\u00e4\u00e4lt\u00e4 k\u00e4sin voit ihailla rauhassa Alppialueen erityist\u00e4 kasvistoa ja el\u00e4imist\u00f6\u00e4. Voit &#8230; <a title=\"Webcam Arabba\" class=\"read-more\" href=\"https:\/\/weather-radar-live.com\/fi\/webkamera\/italia\/webcam-arabba\/\" aria-label=\"Lue lis\u00e4\u00e4 aiheesta Webcam Arabba\">Lue lis\u00e4\u00e4<\/a><\/p>\n","protected":false},"author":1,"featured_media":7266,"parent":4308,"menu_order":0,"comment_status":"closed","ping_status":"closed","template":"","meta":{"footnotes":""},"class_list":["post-7317","page","type-page","status-publish","has-post-thumbnail"],"yoast_head":"<!-- This site is optimized with the Yoast SEO plugin v27.3 - https:\/\/yoast.com\/product\/yoast-seo-wordpress\/ -->\n<title>Webcam Arabba \u2192 Katso suorana l\u00e4hetyksen\u00e4!<\/title>\n<meta name=\"description\" content=\"Webcam Arabba | Livecam of Arabba! \u2705 P\u00e4ivitetty sinulle reaaliajassa! \u2705 Ajantasainen s\u00e4\u00e4ennuste!\" \/>\n<meta name=\"robots\" content=\"index, follow, max-snippet:-1, max-image-preview:large, max-video-preview:-1\" \/>\n<link rel=\"canonical\" href=\"https:\/\/weather-radar-live.com\/fi\/webkamera\/italia\/webcam-arabba\/\" \/>\n<meta property=\"og:locale\" content=\"fi_FI\" \/>\n<meta property=\"og:type\" content=\"article\" \/>\n<meta property=\"og:title\" content=\"Webcam Arabba \u2192 Katso suorana l\u00e4hetyksen\u00e4!\" \/>\n<meta property=\"og:description\" content=\"Webcam Arabba | Livecam of Arabba! \u2705 P\u00e4ivitetty sinulle reaaliajassa! \u2705 Ajantasainen s\u00e4\u00e4ennuste!\" \/>\n<meta property=\"og:url\" content=\"https:\/\/weather-radar-live.com\/fi\/webkamera\/italia\/webcam-arabba\/\" \/>\n<meta property=\"og:site_name\" content=\"weather-radar-live.com\" \/>\n<meta property=\"article:modified_time\" content=\"2022-08-25T20:31:39+00:00\" \/>\n<meta property=\"og:image\" content=\"https:\/\/weather-radar-live.com\/wp-content\/uploads\/2022\/08\/Webcam-Arabba-e1661450448547.jpg\" \/>\n\t<meta property=\"og:image:width\" content=\"1910\" \/>\n\t<meta property=\"og:image:height\" content=\"844\" \/>\n\t<meta property=\"og:image:type\" content=\"image\/jpeg\" \/>\n<meta name=\"twitter:card\" content=\"summary_large_image\" \/>\n<meta name=\"twitter:label1\" content=\"Arvioitu lukuaika\" \/>\n\t<meta name=\"twitter:data1\" content=\"2 minuuttia\" \/>\n<script type=\"application\/ld+json\" class=\"yoast-schema-graph\">{\"@context\":\"https:\\\/\\\/schema.org\",\"@graph\":[{\"@type\":\"WebPage\",\"@id\":\"https:\\\/\\\/weather-radar-live.com\\\/fi\\\/webkamera\\\/italia\\\/webcam-arabba\\\/\",\"url\":\"https:\\\/\\\/weather-radar-live.com\\\/fi\\\/webkamera\\\/italia\\\/webcam-arabba\\\/\",\"name\":\"Webcam Arabba \u2192 Katso suorana l\u00e4hetyksen\u00e4!\",\"isPartOf\":{\"@id\":\"https:\\\/\\\/weather-radar-live.com\\\/#website\"},\"primaryImageOfPage\":{\"@id\":\"https:\\\/\\\/weather-radar-live.com\\\/fi\\\/webkamera\\\/italia\\\/webcam-arabba\\\/#primaryimage\"},\"image\":{\"@id\":\"https:\\\/\\\/weather-radar-live.com\\\/fi\\\/webkamera\\\/italia\\\/webcam-arabba\\\/#primaryimage\"},\"thumbnailUrl\":\"https:\\\/\\\/weather-radar-live.com\\\/wp-content\\\/uploads\\\/2022\\\/08\\\/Webcam-Arabba-e1661450448547.jpg\",\"datePublished\":\"2022-08-25T20:28:38+00:00\",\"dateModified\":\"2022-08-25T20:31:39+00:00\",\"description\":\"Webcam Arabba | Livecam of Arabba! \u2705 P\u00e4ivitetty sinulle reaaliajassa! \u2705 Ajantasainen s\u00e4\u00e4ennuste!\",\"breadcrumb\":{\"@id\":\"https:\\\/\\\/weather-radar-live.com\\\/fi\\\/webkamera\\\/italia\\\/webcam-arabba\\\/#breadcrumb\"},\"inLanguage\":\"fi\",\"potentialAction\":[{\"@type\":\"ReadAction\",\"target\":[\"https:\\\/\\\/weather-radar-live.com\\\/fi\\\/webkamera\\\/italia\\\/webcam-arabba\\\/\"]}]},{\"@type\":\"ImageObject\",\"inLanguage\":\"fi\",\"@id\":\"https:\\\/\\\/weather-radar-live.com\\\/fi\\\/webkamera\\\/italia\\\/webcam-arabba\\\/#primaryimage\",\"url\":\"https:\\\/\\\/weather-radar-live.com\\\/wp-content\\\/uploads\\\/2022\\\/08\\\/Webcam-Arabba-e1661450448547.jpg\",\"contentUrl\":\"https:\\\/\\\/weather-radar-live.com\\\/wp-content\\\/uploads\\\/2022\\\/08\\\/Webcam-Arabba-e1661450448547.jpg\",\"width\":1910,\"height\":844,\"caption\":\"Webcam Arabba\"},{\"@type\":\"BreadcrumbList\",\"@id\":\"https:\\\/\\\/weather-radar-live.com\\\/fi\\\/webkamera\\\/italia\\\/webcam-arabba\\\/#breadcrumb\",\"itemListElement\":[{\"@type\":\"ListItem\",\"position\":1,\"name\":\"Weather Radar Live\",\"item\":\"https:\\\/\\\/weather-radar-live.com\\\/fi\\\/\"},{\"@type\":\"ListItem\",\"position\":2,\"name\":\"Webkamera\",\"item\":\"https:\\\/\\\/weather-radar-live.com\\\/fi\\\/webkamera\\\/\"},{\"@type\":\"ListItem\",\"position\":3,\"name\":\"Italia\",\"item\":\"https:\\\/\\\/weather-radar-live.com\\\/fi\\\/webkamera\\\/italia\\\/\"},{\"@type\":\"ListItem\",\"position\":4,\"name\":\"Webcam Arabba\"}]},{\"@type\":\"WebSite\",\"@id\":\"https:\\\/\\\/weather-radar-live.com\\\/#website\",\"url\":\"https:\\\/\\\/weather-radar-live.com\\\/\",\"name\":\"weather-radar-live.com\",\"description\":\"Your weather and sky radar.\",\"publisher\":{\"@id\":\"https:\\\/\\\/weather-radar-live.com\\\/#organization\"},\"potentialAction\":[{\"@type\":\"SearchAction\",\"target\":{\"@type\":\"EntryPoint\",\"urlTemplate\":\"https:\\\/\\\/weather-radar-live.com\\\/?s={search_term_string}\"},\"query-input\":{\"@type\":\"PropertyValueSpecification\",\"valueRequired\":true,\"valueName\":\"search_term_string\"}}],\"inLanguage\":\"fi\"},{\"@type\":\"Organization\",\"@id\":\"https:\\\/\\\/weather-radar-live.com\\\/#organization\",\"name\":\"weather-radar-live.com\",\"url\":\"https:\\\/\\\/weather-radar-live.com\\\/\",\"logo\":{\"@type\":\"ImageObject\",\"inLanguage\":\"fi\",\"@id\":\"https:\\\/\\\/weather-radar-live.com\\\/#\\\/schema\\\/logo\\\/image\\\/\",\"url\":\"https:\\\/\\\/weather-radar-live.com\\\/wp-content\\\/uploads\\\/2022\\\/03\\\/cropped-WRL2503.png\",\"contentUrl\":\"https:\\\/\\\/weather-radar-live.com\\\/wp-content\\\/uploads\\\/2022\\\/03\\\/cropped-WRL2503.png\",\"width\":1920,\"height\":555,\"caption\":\"weather-radar-live.com\"},\"image\":{\"@id\":\"https:\\\/\\\/weather-radar-live.com\\\/#\\\/schema\\\/logo\\\/image\\\/\"}}]}<\/script>\n<!-- \/ Yoast SEO plugin. -->","yoast_head_json":{"title":"Webcam Arabba \u2192 Katso suorana l\u00e4hetyksen\u00e4!","description":"Webcam Arabba | Livecam of Arabba! \u2705 P\u00e4ivitetty sinulle reaaliajassa! \u2705 Ajantasainen s\u00e4\u00e4ennuste!","robots":{"index":"index","follow":"follow","max-snippet":"max-snippet:-1","max-image-preview":"max-image-preview:large","max-video-preview":"max-video-preview:-1"},"canonical":"https:\/\/weather-radar-live.com\/fi\/webkamera\/italia\/webcam-arabba\/","og_locale":"fi_FI","og_type":"article","og_title":"Webcam Arabba \u2192 Katso suorana l\u00e4hetyksen\u00e4!","og_description":"Webcam Arabba | Livecam of Arabba! \u2705 P\u00e4ivitetty sinulle reaaliajassa! \u2705 Ajantasainen s\u00e4\u00e4ennuste!","og_url":"https:\/\/weather-radar-live.com\/fi\/webkamera\/italia\/webcam-arabba\/","og_site_name":"weather-radar-live.com","article_modified_time":"2022-08-25T20:31:39+00:00","og_image":[{"width":1910,"height":844,"url":"https:\/\/weather-radar-live.com\/wp-content\/uploads\/2022\/08\/Webcam-Arabba-e1661450448547.jpg","type":"image\/jpeg"}],"twitter_card":"summary_large_image","twitter_misc":{"Arvioitu lukuaika":"2 minuuttia"},"schema":{"@context":"https:\/\/schema.org","@graph":[{"@type":"WebPage","@id":"https:\/\/weather-radar-live.com\/fi\/webkamera\/italia\/webcam-arabba\/","url":"https:\/\/weather-radar-live.com\/fi\/webkamera\/italia\/webcam-arabba\/","name":"Webcam Arabba \u2192 Katso suorana l\u00e4hetyksen\u00e4!","isPartOf":{"@id":"https:\/\/weather-radar-live.com\/#website"},"primaryImageOfPage":{"@id":"https:\/\/weather-radar-live.com\/fi\/webkamera\/italia\/webcam-arabba\/#primaryimage"},"image":{"@id":"https:\/\/weather-radar-live.com\/fi\/webkamera\/italia\/webcam-arabba\/#primaryimage"},"thumbnailUrl":"https:\/\/weather-radar-live.com\/wp-content\/uploads\/2022\/08\/Webcam-Arabba-e1661450448547.jpg","datePublished":"2022-08-25T20:28:38+00:00","dateModified":"2022-08-25T20:31:39+00:00","description":"Webcam Arabba | Livecam of Arabba! \u2705 P\u00e4ivitetty sinulle reaaliajassa! \u2705 Ajantasainen s\u00e4\u00e4ennuste!","breadcrumb":{"@id":"https:\/\/weather-radar-live.com\/fi\/webkamera\/italia\/webcam-arabba\/#breadcrumb"},"inLanguage":"fi","potentialAction":[{"@type":"ReadAction","target":["https:\/\/weather-radar-live.com\/fi\/webkamera\/italia\/webcam-arabba\/"]}]},{"@type":"ImageObject","inLanguage":"fi","@id":"https:\/\/weather-radar-live.com\/fi\/webkamera\/italia\/webcam-arabba\/#primaryimage","url":"https:\/\/weather-radar-live.com\/wp-content\/uploads\/2022\/08\/Webcam-Arabba-e1661450448547.jpg","contentUrl":"https:\/\/weather-radar-live.com\/wp-content\/uploads\/2022\/08\/Webcam-Arabba-e1661450448547.jpg","width":1910,"height":844,"caption":"Webcam Arabba"},{"@type":"BreadcrumbList","@id":"https:\/\/weather-radar-live.com\/fi\/webkamera\/italia\/webcam-arabba\/#breadcrumb","itemListElement":[{"@type":"ListItem","position":1,"name":"Weather Radar Live","item":"https:\/\/weather-radar-live.com\/fi\/"},{"@type":"ListItem","position":2,"name":"Webkamera","item":"https:\/\/weather-radar-live.com\/fi\/webkamera\/"},{"@type":"ListItem","position":3,"name":"Italia","item":"https:\/\/weather-radar-live.com\/fi\/webkamera\/italia\/"},{"@type":"ListItem","position":4,"name":"Webcam Arabba"}]},{"@type":"WebSite","@id":"https:\/\/weather-radar-live.com\/#website","url":"https:\/\/weather-radar-live.com\/","name":"weather-radar-live.com","description":"Your weather and sky radar.","publisher":{"@id":"https:\/\/weather-radar-live.com\/#organization"},"potentialAction":[{"@type":"SearchAction","target":{"@type":"EntryPoint","urlTemplate":"https:\/\/weather-radar-live.com\/?s={search_term_string}"},"query-input":{"@type":"PropertyValueSpecification","valueRequired":true,"valueName":"search_term_string"}}],"inLanguage":"fi"},{"@type":"Organization","@id":"https:\/\/weather-radar-live.com\/#organization","name":"weather-radar-live.com","url":"https:\/\/weather-radar-live.com\/","logo":{"@type":"ImageObject","inLanguage":"fi","@id":"https:\/\/weather-radar-live.com\/#\/schema\/logo\/image\/","url":"https:\/\/weather-radar-live.com\/wp-content\/uploads\/2022\/03\/cropped-WRL2503.png","contentUrl":"https:\/\/weather-radar-live.com\/wp-content\/uploads\/2022\/03\/cropped-WRL2503.png","width":1920,"height":555,"caption":"weather-radar-live.com"},"image":{"@id":"https:\/\/weather-radar-live.com\/#\/schema\/logo\/image\/"}}]}},"_links":{"self":[{"href":"https:\/\/weather-radar-live.com\/fi\/wp-json\/wp\/v2\/pages\/7317","targetHints":{"allow":["GET"]}}],"collection":[{"href":"https:\/\/weather-radar-live.com\/fi\/wp-json\/wp\/v2\/pages"}],"about":[{"href":"https:\/\/weather-radar-live.com\/fi\/wp-json\/wp\/v2\/types\/page"}],"author":[{"embeddable":true,"href":"https:\/\/weather-radar-live.com\/fi\/wp-json\/wp\/v2\/users\/1"}],"replies":[{"embeddable":true,"href":"https:\/\/weather-radar-live.com\/fi\/wp-json\/wp\/v2\/comments?post=7317"}],"version-history":[{"count":2,"href":"https:\/\/weather-radar-live.com\/fi\/wp-json\/wp\/v2\/pages\/7317\/revisions"}],"predecessor-version":[{"id":7338,"href":"https:\/\/weather-radar-live.com\/fi\/wp-json\/wp\/v2\/pages\/7317\/revisions\/7338"}],"up":[{"embeddable":true,"href":"https:\/\/weather-radar-live.com\/fi\/wp-json\/wp\/v2\/pages\/4308"}],"wp:featuredmedia":[{"embeddable":true,"href":"https:\/\/weather-radar-live.com\/fi\/wp-json\/wp\/v2\/media\/7266"}],"wp:attachment":[{"href":"https:\/\/weather-radar-live.com\/fi\/wp-json\/wp\/v2\/media?parent=7317"}],"curies":[{"name":"wp","href":"https:\/\/api.w.org\/{rel}","templated":true}]}}