{"id":6832,"date":"2022-08-18T11:18:17","date_gmt":"2022-08-18T09:18:17","guid":{"rendered":"https:\/\/weather-radar-live.com\/?page_id=6832"},"modified":"2022-08-18T11:19:50","modified_gmt":"2022-08-18T09:19:50","slug":"webcam-etna","status":"publish","type":"page","link":"https:\/\/weather-radar-live.com\/fi\/webkamera\/italia\/webcam-etna\/","title":{"rendered":"Webcam Etna"},"content":{"rendered":"<div id=\"weath-3659600408\" class=\"weath-vor-dem-inhalt weath-entity-placement\" style=\"margin-top: 15px;margin-right: 25px;margin-bottom: 40px;margin-left: 25px;\"><script async src=\"\/\/pagead2.googlesyndication.com\/pagead\/js\/adsbygoogle.js?client=ca-pub-8960936133935804\" crossorigin=\"anonymous\"><\/script><ins class=\"adsbygoogle\" style=\"display:block;\" data-ad-client=\"ca-pub-8960936133935804\" \ndata-ad-slot=\"6172817020\" \ndata-ad-format=\"auto\"><\/ins>\n<script> \n(adsbygoogle = window.adsbygoogle || []).push({}); \n<\/script>\n<\/div>\n<div class=\"wp-block-cover alignfull is-light\"><span aria-hidden=\"true\" class=\"wp-block-cover__gradient-background has-background-dim\"><\/span><img decoding=\"async\" class=\"wp-block-cover__image-background wp-image-342\" alt=\"Webcam Etna\" src=\"https:\/\/weather-radar-live.com\/wp-content\/uploads\/2021\/06\/sam-schooler-E9aetBe2w40-unsplash-e1622554814366.jpg\" data-object-fit=\"cover\"\/><div class=\"wp-block-cover__inner-container is-layout-flow wp-block-cover-is-layout-flow\">\n<h2 class=\"has-text-align-center heading wp-block-heading\" id=\"webcam-fort-mahon\" style=\"font-size:40px;text-transform:uppercase\"><strong><mark style=\"background-color:rgba(0, 0, 0, 0)\" class=\"has-inline-color has-base-3-color\">WEBCAM <\/mark><\/strong><br><strong><mark style=\"background-color:rgba(0, 0, 0, 0)\" class=\"has-inline-color has-base-3-color\">Etna<\/mark><\/strong><\/h2>\n<\/div><\/div>\n\n\n<div class=\"yoast-breadcrumbs\"><span><span><a href=\"https:\/\/weather-radar-live.com\/fi\/\">Weather Radar Live<\/a><\/span> \u00bb <span><a href=\"https:\/\/weather-radar-live.com\/fi\/webkamera\/\">Webkamera<\/a><\/span> \u00bb <span><a href=\"https:\/\/weather-radar-live.com\/fi\/webkamera\/italia\/\">Italia<\/a><\/span> \u00bb <span class=\"breadcrumb_last\" aria-current=\"page\"><strong>Webcam Etna<\/strong><\/span><\/span><\/div>\n\n\n<h2 class=\"has-text-align-center wp-block-heading\" id=\"webcam-fort-mahon\"><strong>Webcam Etna<\/strong><\/h2>\n\n\n\n<p>Webbikameramme Etna tarjoaa sinulle henke\u00e4salpaavia kuvia Euroopan korkeimmasta tulivuoresta. 3357 metri\u00e4 korkea Etna kohoaa Sisilian it\u00e4osassa. Tulivuori, jota kutsutaan my\u00f6s hell\u00e4sti &#8221;Mongibelloksi&#8221;, on maailman luonnonperint\u00f6kohde ja my\u00f6s yksi aktiivisimmista tulivuorista. Etnalla on useita kraattereita, ja sen pinta-ala on 1250 neli\u00f6kilometri\u00e4. Ymp\u00e4rysmitta on 250 kilometri\u00e4.<\/p>\n\n\n\n<p>Etna on altis joka puolelta ja sijaitsee vy\u00f6hykkeell\u00e4, jossa seisminen aktiivisuus on lis\u00e4\u00e4ntynyt, koska t\u00e4\u00e4ll\u00e4 Afrikan mannerlaatta ty\u00f6ntyy Euraasian mannerlaatan alle. Usein syntyy halkeamia, joista purkautuu laavaa. Purkautuva laava on luonteeltaan suhteellisen ohutta. Toisin kuin Vesuvius, Etna ei kuulu r\u00e4j\u00e4ht\u00e4viin tulivuoreihin, joissa purkauksen aikana koko tulivuoren kartio lent\u00e4\u00e4 joskus ilmaan. Etna on Catanian ja Taorminan kaupunkien kanssa yksi Sisilian t\u00e4rkeimmist\u00e4 matkailukohteista.<\/p><div id=\"weath-4244663331\" class=\"weath-inhalt_2 weath-entity-placement\" style=\"margin-top: 15px;margin-right: 25px;margin-bottom: 35px;margin-left: 25px;\"><script async src=\"\/\/pagead2.googlesyndication.com\/pagead\/js\/adsbygoogle.js?client=ca-pub-8960936133935804\" crossorigin=\"anonymous\"><\/script><ins class=\"adsbygoogle\" style=\"display:block;\" data-ad-client=\"ca-pub-8960936133935804\" \ndata-ad-slot=\"1963584050\" \ndata-ad-format=\"auto\"><\/ins>\n<script> \n(adsbygoogle = window.adsbygoogle || []).push({}); \n<\/script>\n<\/div>\n\n\n\n<div class=\"wp-block-columns is-layout-flex wp-container-core-columns-is-layout-9d6595d7 wp-block-columns-is-layout-flex\">\n<div class=\"wp-block-column is-layout-flow wp-block-column-is-layout-flow\" style=\"flex-basis:25%\"><\/div>\n\n\n\n<div class=\"wp-block-column webcam-column is-layout-flow wp-block-column-is-layout-flow\">\n<h3 class=\"has-text-align-center wp-block-heading\"> \ud83d\udd34 <strong>Webcam Etna<\/strong> &#8211; it\u00e4osa<\/h3>\n\n\n\n<a name=\"windy-webcam-timelapse-player\" data-id=\"1642712028\" data-play=\"day\" href=\"https:\/\/windy.com\/webcams\/1642712028\" target=\"_blank\" rel=\"noopener\">Milo &#8217; It\u00e4: Etna<\/a><script async=\"\" type=\"text\/javascript\" src=\"https:\/\/webcams.windy.com\/webcams\/public\/embed\/script\/player.js\"><\/script>\n<\/div>\n\n\n\n<div class=\"wp-block-column is-layout-flow wp-block-column-is-layout-flow\" style=\"flex-basis:25%\"><\/div>\n<\/div>\n\n\n\n<h2 class=\"wp-block-heading\" id=\"fort-mahon-today\"><strong>S\u00e4\u00e4 tutka Etna &#8211; S\u00e4\u00e4 Etnalla<\/strong><\/h2>\n\n\n\n<p>Webbikameramme Etnan ja sen s\u00e4\u00e4tutkan avulla tied\u00e4t aina reaaliajassa, p\u00e4\u00e4st\u00e4\u00e4k\u00f6 Etna parhaillaan tuhkaa ja savua vai onko se tyyni ja voiko sille kiivet\u00e4 osana opastettua retke\u00e4. Yksinkertaisen v\u00e4riasteikkomme ansiosta n\u00e4et heti s\u00e4\u00e4kartalta, miss\u00e4 ja kuinka voimakasta sadem\u00e4\u00e4r\u00e4 on ja kuinka voimakkaasti tuuli puhaltaa. My\u00f6s ukkosmyrskyt on helppo tunnistaa salamasymbolista. Useimmiten s\u00e4\u00e4 Etnalla on kuitenkin valoisa ja aurinkoinen.<\/p>\n\n\n\n<div class=\"wp-block-columns is-layout-flex wp-container-core-columns-is-layout-9d6595d7 wp-block-columns-is-layout-flex\">\n<div class=\"wp-block-column is-layout-flow wp-block-column-is-layout-flow\" style=\"flex-basis:75%\">\n<iframe loading=\"lazy\" width=\"1300\" height=\"502\" src=\"https:\/\/embed.windy.com\/embed2.html?lat=37.661&amp;lon=14.718&amp;detailLat=37.751&amp;detailLon=14.274&amp;width=1300&amp;height=502&amp;zoom=9&amp;level=surface&amp;overlay=rain&amp;product=ecmwf&amp;menu=&amp;message=&amp;marker=&amp;calendar=now&amp;pressure=&amp;type=map&amp;location=coordinates&amp;detail=&amp;metricWind=default&amp;metricTemp=default&amp;radarRange=-1\" frameborder=\"0\"><\/iframe>\n<\/div>\n\n\n\n<div class=\"wp-block-column is-layout-flow wp-block-column-is-layout-flow\" style=\"flex-basis:25%\">\n<a class=\"weatherwidget-io\" href=\"https:\/\/forecast7.com\/en\/37d7215d11\/milo\/\" data-label_1=\"MILO\" data-theme=\"original\" >MILO<\/a>\n<script>\n!function(d,s,id){var js,fjs=d.getElementsByTagName(s)[0];if(!d.getElementById(id)){js=d.createElement(s);js.id=id;js.src='https:\/\/weatherwidget.io\/js\/widget.min.js';fjs.parentNode.insertBefore(js,fjs);}}(document,'script','weatherwidget-io-js');\n<\/script>\n<\/div>\n<\/div>\n\n\n\n<h2 class=\"wp-block-heading\" id=\"fort-mahon-weather\"><strong>Ilmasto Etnan ymp\u00e4rist\u00f6ss\u00e4<\/strong><\/h2>\n\n\n\n<p>Etnan ymp\u00e4rill\u00e4 oleva maaper\u00e4 on hedelm\u00e4llisen tuliper\u00e4isen maaper\u00e4n ansiosta eritt\u00e4in hedelm\u00e4llist\u00e4. T\u00e4\u00e4ll\u00e4 viljell\u00e4\u00e4n erityisesti viini\u00e4 ja sitrushedelmi\u00e4. Yleisesti ottaen ilmasto on subtrooppinen, ja kes\u00e4t ovat kuumia ja talvet leutoja. Etnalla on kuitenkin oma mikroilmastonsa. Huomattavan korkeutensa vuoksi siell\u00e4 on noin 10-15 \u00b0C kylmemp\u00e4\u00e4 kuin esimerkiksi Cataniassa. Etnalla voi olla lunta viel\u00e4 pitk\u00e4lle maalis-huhtikuuhun. Etnan ulkopuolella Sisilian kes\u00e4l\u00e4mp\u00f6tilat vaihtelevat 28-40 \u00b0C:n v\u00e4lill\u00e4. Sadem\u00e4\u00e4r\u00e4t ovat kes\u00e4ll\u00e4 hyvin v\u00e4h\u00e4isi\u00e4 ja keskittyv\u00e4t talvikuukausille. Auringonpaisteen kesto p\u00e4iv\u00e4ss\u00e4 on noin seitsem\u00e4n tuntia. Ilman kosteus saa yleens\u00e4 miellytt\u00e4vi\u00e4 arvoja. Keskim\u00e4\u00e4rin sataa 4,7 p\u00e4iv\u00e4\u00e4 kuukaudessa, mutta joulukuussa sataa jopa yhdeks\u00e4n p\u00e4iv\u00e4\u00e4.<\/p>\n\n\n\n<h2 class=\"wp-block-heading\"><strong>Etnan n\u00e4ht\u00e4vyydet<\/strong><\/h2>\n\n\n\n<p>Etna itsess\u00e4\u00e4n on suurin n\u00e4ht\u00e4vyys. Siihen kannattaa kiivet\u00e4 opastetun ja opettavaisen retken yhteydess\u00e4 tai omatoimisesti, vallitsevat s\u00e4\u00e4olosuhteet huomioon ottaen. Tie ja k\u00f6ysirata tekev\u00e4t Etnasta suhteellisen helppokulkuisen matkailijoille. Vaella Valle del Boven l\u00e4pi tulivuoren it\u00e4puolella ja k\u00e4y Grotta del Gelossa, jonne on muodostunut jopa pieni\u00e4 j\u00e4\u00e4tik\u00f6it\u00e4. Luultavasti upeimmat n\u00e4kym\u00e4t Etnalle avautuvat roomalaisesta amfiteatterista kauniissa Taorminan kaupungissa. Mutta my\u00f6s Catania monine barokkikirkkoineen on ehdottomasti vierailun arvoinen.<\/p>\n","protected":false},"excerpt":{"rendered":"<p>Webcam Etna Webbikameramme Etna tarjoaa sinulle henke\u00e4salpaavia kuvia Euroopan korkeimmasta tulivuoresta. 3357 metri\u00e4 korkea Etna kohoaa Sisilian it\u00e4osassa. Tulivuori, jota kutsutaan my\u00f6s hell\u00e4sti &#8221;Mongibelloksi&#8221;, on maailman luonnonperint\u00f6kohde ja my\u00f6s yksi aktiivisimmista tulivuorista. Etnalla on useita kraattereita, ja sen pinta-ala on 1250 neli\u00f6kilometri\u00e4. Ymp\u00e4rysmitta on 250 kilometri\u00e4. Etna on altis joka puolelta ja sijaitsee vy\u00f6hykkeell\u00e4, jossa &#8230; <a title=\"Webcam Etna\" class=\"read-more\" href=\"https:\/\/weather-radar-live.com\/fi\/webkamera\/italia\/webcam-etna\/\" aria-label=\"Lue lis\u00e4\u00e4 aiheesta Webcam Etna\">Lue lis\u00e4\u00e4<\/a><\/p>\n","protected":false},"author":1,"featured_media":6820,"parent":4308,"menu_order":0,"comment_status":"closed","ping_status":"closed","template":"","meta":{"footnotes":""},"class_list":["post-6832","page","type-page","status-publish","has-post-thumbnail"],"yoast_head":"<!-- This site is optimized with the Yoast SEO plugin v27.5 - https:\/\/yoast.com\/product\/yoast-seo-wordpress\/ -->\n<title>Webcam Etna \u2192 Katso suorana l\u00e4hetyksen\u00e4!<\/title>\n<meta name=\"description\" content=\"Webcam Etna | Etnan live-kamera! \u2705 P\u00e4ivitetty sinulle reaaliajassa! \u2705 Nykyinen s\u00e4\u00e4ennuste!\" \/>\n<meta name=\"robots\" content=\"index, follow, max-snippet:-1, max-image-preview:large, max-video-preview:-1\" \/>\n<link rel=\"canonical\" href=\"https:\/\/weather-radar-live.com\/fi\/webkamera\/italia\/webcam-etna\/\" \/>\n<meta property=\"og:locale\" content=\"fi_FI\" \/>\n<meta property=\"og:type\" content=\"article\" \/>\n<meta property=\"og:title\" content=\"Webcam Etna \u2192 Katso suorana l\u00e4hetyksen\u00e4!\" \/>\n<meta property=\"og:description\" content=\"Webcam Etna | Etnan live-kamera! \u2705 P\u00e4ivitetty sinulle reaaliajassa! \u2705 Nykyinen s\u00e4\u00e4ennuste!\" \/>\n<meta property=\"og:url\" content=\"https:\/\/weather-radar-live.com\/fi\/webkamera\/italia\/webcam-etna\/\" \/>\n<meta property=\"og:site_name\" content=\"weather-radar-live.com\" \/>\n<meta property=\"article:modified_time\" content=\"2022-08-18T09:19:50+00:00\" \/>\n<meta property=\"og:image\" content=\"https:\/\/weather-radar-live.com\/wp-content\/uploads\/2022\/08\/Webcam-Etna-e1660747871677.jpg\" \/>\n\t<meta property=\"og:image:width\" content=\"1896\" \/>\n\t<meta property=\"og:image:height\" content=\"888\" \/>\n\t<meta property=\"og:image:type\" content=\"image\/jpeg\" \/>\n<meta name=\"twitter:card\" content=\"summary_large_image\" \/>\n<meta name=\"twitter:label1\" content=\"Arvioitu lukuaika\" \/>\n\t<meta name=\"twitter:data1\" content=\"2 minuuttia\" \/>\n<script type=\"application\/ld+json\" class=\"yoast-schema-graph\">{\"@context\":\"https:\\\/\\\/schema.org\",\"@graph\":[{\"@type\":\"WebPage\",\"@id\":\"https:\\\/\\\/weather-radar-live.com\\\/fi\\\/webkamera\\\/italia\\\/webcam-etna\\\/\",\"url\":\"https:\\\/\\\/weather-radar-live.com\\\/fi\\\/webkamera\\\/italia\\\/webcam-etna\\\/\",\"name\":\"Webcam Etna \u2192 Katso suorana l\u00e4hetyksen\u00e4!\",\"isPartOf\":{\"@id\":\"https:\\\/\\\/weather-radar-live.com\\\/#website\"},\"primaryImageOfPage\":{\"@id\":\"https:\\\/\\\/weather-radar-live.com\\\/fi\\\/webkamera\\\/italia\\\/webcam-etna\\\/#primaryimage\"},\"image\":{\"@id\":\"https:\\\/\\\/weather-radar-live.com\\\/fi\\\/webkamera\\\/italia\\\/webcam-etna\\\/#primaryimage\"},\"thumbnailUrl\":\"https:\\\/\\\/weather-radar-live.com\\\/wp-content\\\/uploads\\\/2022\\\/08\\\/Webcam-Etna-e1660747871677.jpg\",\"datePublished\":\"2022-08-18T09:18:17+00:00\",\"dateModified\":\"2022-08-18T09:19:50+00:00\",\"description\":\"Webcam Etna | Etnan live-kamera! \u2705 P\u00e4ivitetty sinulle reaaliajassa! \u2705 Nykyinen s\u00e4\u00e4ennuste!\",\"breadcrumb\":{\"@id\":\"https:\\\/\\\/weather-radar-live.com\\\/fi\\\/webkamera\\\/italia\\\/webcam-etna\\\/#breadcrumb\"},\"inLanguage\":\"fi\",\"potentialAction\":[{\"@type\":\"ReadAction\",\"target\":[\"https:\\\/\\\/weather-radar-live.com\\\/fi\\\/webkamera\\\/italia\\\/webcam-etna\\\/\"]}]},{\"@type\":\"ImageObject\",\"inLanguage\":\"fi\",\"@id\":\"https:\\\/\\\/weather-radar-live.com\\\/fi\\\/webkamera\\\/italia\\\/webcam-etna\\\/#primaryimage\",\"url\":\"https:\\\/\\\/weather-radar-live.com\\\/wp-content\\\/uploads\\\/2022\\\/08\\\/Webcam-Etna-e1660747871677.jpg\",\"contentUrl\":\"https:\\\/\\\/weather-radar-live.com\\\/wp-content\\\/uploads\\\/2022\\\/08\\\/Webcam-Etna-e1660747871677.jpg\",\"width\":1896,\"height\":888,\"caption\":\"Webcam Etna\"},{\"@type\":\"BreadcrumbList\",\"@id\":\"https:\\\/\\\/weather-radar-live.com\\\/fi\\\/webkamera\\\/italia\\\/webcam-etna\\\/#breadcrumb\",\"itemListElement\":[{\"@type\":\"ListItem\",\"position\":1,\"name\":\"Weather Radar Live\",\"item\":\"https:\\\/\\\/weather-radar-live.com\\\/fi\\\/\"},{\"@type\":\"ListItem\",\"position\":2,\"name\":\"Webkamera\",\"item\":\"https:\\\/\\\/weather-radar-live.com\\\/fi\\\/webkamera\\\/\"},{\"@type\":\"ListItem\",\"position\":3,\"name\":\"Italia\",\"item\":\"https:\\\/\\\/weather-radar-live.com\\\/fi\\\/webkamera\\\/italia\\\/\"},{\"@type\":\"ListItem\",\"position\":4,\"name\":\"Webcam Etna\"}]},{\"@type\":\"WebSite\",\"@id\":\"https:\\\/\\\/weather-radar-live.com\\\/#website\",\"url\":\"https:\\\/\\\/weather-radar-live.com\\\/\",\"name\":\"weather-radar-live.com\",\"description\":\"Your weather and sky radar.\",\"publisher\":{\"@id\":\"https:\\\/\\\/weather-radar-live.com\\\/#organization\"},\"potentialAction\":[{\"@type\":\"SearchAction\",\"target\":{\"@type\":\"EntryPoint\",\"urlTemplate\":\"https:\\\/\\\/weather-radar-live.com\\\/?s={search_term_string}\"},\"query-input\":{\"@type\":\"PropertyValueSpecification\",\"valueRequired\":true,\"valueName\":\"search_term_string\"}}],\"inLanguage\":\"fi\"},{\"@type\":\"Organization\",\"@id\":\"https:\\\/\\\/weather-radar-live.com\\\/#organization\",\"name\":\"weather-radar-live.com\",\"url\":\"https:\\\/\\\/weather-radar-live.com\\\/\",\"logo\":{\"@type\":\"ImageObject\",\"inLanguage\":\"fi\",\"@id\":\"https:\\\/\\\/weather-radar-live.com\\\/#\\\/schema\\\/logo\\\/image\\\/\",\"url\":\"https:\\\/\\\/weather-radar-live.com\\\/wp-content\\\/uploads\\\/2022\\\/03\\\/cropped-WRL2503.png\",\"contentUrl\":\"https:\\\/\\\/weather-radar-live.com\\\/wp-content\\\/uploads\\\/2022\\\/03\\\/cropped-WRL2503.png\",\"width\":1920,\"height\":555,\"caption\":\"weather-radar-live.com\"},\"image\":{\"@id\":\"https:\\\/\\\/weather-radar-live.com\\\/#\\\/schema\\\/logo\\\/image\\\/\"}}]}<\/script>\n<!-- \/ Yoast SEO plugin. -->","yoast_head_json":{"title":"Webcam Etna \u2192 Katso suorana l\u00e4hetyksen\u00e4!","description":"Webcam Etna | Etnan live-kamera! \u2705 P\u00e4ivitetty sinulle reaaliajassa! \u2705 Nykyinen s\u00e4\u00e4ennuste!","robots":{"index":"index","follow":"follow","max-snippet":"max-snippet:-1","max-image-preview":"max-image-preview:large","max-video-preview":"max-video-preview:-1"},"canonical":"https:\/\/weather-radar-live.com\/fi\/webkamera\/italia\/webcam-etna\/","og_locale":"fi_FI","og_type":"article","og_title":"Webcam Etna \u2192 Katso suorana l\u00e4hetyksen\u00e4!","og_description":"Webcam Etna | Etnan live-kamera! \u2705 P\u00e4ivitetty sinulle reaaliajassa! \u2705 Nykyinen s\u00e4\u00e4ennuste!","og_url":"https:\/\/weather-radar-live.com\/fi\/webkamera\/italia\/webcam-etna\/","og_site_name":"weather-radar-live.com","article_modified_time":"2022-08-18T09:19:50+00:00","og_image":[{"width":1896,"height":888,"url":"https:\/\/weather-radar-live.com\/wp-content\/uploads\/2022\/08\/Webcam-Etna-e1660747871677.jpg","type":"image\/jpeg"}],"twitter_card":"summary_large_image","twitter_misc":{"Arvioitu lukuaika":"2 minuuttia"},"schema":{"@context":"https:\/\/schema.org","@graph":[{"@type":"WebPage","@id":"https:\/\/weather-radar-live.com\/fi\/webkamera\/italia\/webcam-etna\/","url":"https:\/\/weather-radar-live.com\/fi\/webkamera\/italia\/webcam-etna\/","name":"Webcam Etna \u2192 Katso suorana l\u00e4hetyksen\u00e4!","isPartOf":{"@id":"https:\/\/weather-radar-live.com\/#website"},"primaryImageOfPage":{"@id":"https:\/\/weather-radar-live.com\/fi\/webkamera\/italia\/webcam-etna\/#primaryimage"},"image":{"@id":"https:\/\/weather-radar-live.com\/fi\/webkamera\/italia\/webcam-etna\/#primaryimage"},"thumbnailUrl":"https:\/\/weather-radar-live.com\/wp-content\/uploads\/2022\/08\/Webcam-Etna-e1660747871677.jpg","datePublished":"2022-08-18T09:18:17+00:00","dateModified":"2022-08-18T09:19:50+00:00","description":"Webcam Etna | Etnan live-kamera! \u2705 P\u00e4ivitetty sinulle reaaliajassa! \u2705 Nykyinen s\u00e4\u00e4ennuste!","breadcrumb":{"@id":"https:\/\/weather-radar-live.com\/fi\/webkamera\/italia\/webcam-etna\/#breadcrumb"},"inLanguage":"fi","potentialAction":[{"@type":"ReadAction","target":["https:\/\/weather-radar-live.com\/fi\/webkamera\/italia\/webcam-etna\/"]}]},{"@type":"ImageObject","inLanguage":"fi","@id":"https:\/\/weather-radar-live.com\/fi\/webkamera\/italia\/webcam-etna\/#primaryimage","url":"https:\/\/weather-radar-live.com\/wp-content\/uploads\/2022\/08\/Webcam-Etna-e1660747871677.jpg","contentUrl":"https:\/\/weather-radar-live.com\/wp-content\/uploads\/2022\/08\/Webcam-Etna-e1660747871677.jpg","width":1896,"height":888,"caption":"Webcam Etna"},{"@type":"BreadcrumbList","@id":"https:\/\/weather-radar-live.com\/fi\/webkamera\/italia\/webcam-etna\/#breadcrumb","itemListElement":[{"@type":"ListItem","position":1,"name":"Weather Radar Live","item":"https:\/\/weather-radar-live.com\/fi\/"},{"@type":"ListItem","position":2,"name":"Webkamera","item":"https:\/\/weather-radar-live.com\/fi\/webkamera\/"},{"@type":"ListItem","position":3,"name":"Italia","item":"https:\/\/weather-radar-live.com\/fi\/webkamera\/italia\/"},{"@type":"ListItem","position":4,"name":"Webcam Etna"}]},{"@type":"WebSite","@id":"https:\/\/weather-radar-live.com\/#website","url":"https:\/\/weather-radar-live.com\/","name":"weather-radar-live.com","description":"Your weather and sky radar.","publisher":{"@id":"https:\/\/weather-radar-live.com\/#organization"},"potentialAction":[{"@type":"SearchAction","target":{"@type":"EntryPoint","urlTemplate":"https:\/\/weather-radar-live.com\/?s={search_term_string}"},"query-input":{"@type":"PropertyValueSpecification","valueRequired":true,"valueName":"search_term_string"}}],"inLanguage":"fi"},{"@type":"Organization","@id":"https:\/\/weather-radar-live.com\/#organization","name":"weather-radar-live.com","url":"https:\/\/weather-radar-live.com\/","logo":{"@type":"ImageObject","inLanguage":"fi","@id":"https:\/\/weather-radar-live.com\/#\/schema\/logo\/image\/","url":"https:\/\/weather-radar-live.com\/wp-content\/uploads\/2022\/03\/cropped-WRL2503.png","contentUrl":"https:\/\/weather-radar-live.com\/wp-content\/uploads\/2022\/03\/cropped-WRL2503.png","width":1920,"height":555,"caption":"weather-radar-live.com"},"image":{"@id":"https:\/\/weather-radar-live.com\/#\/schema\/logo\/image\/"}}]}},"_links":{"self":[{"href":"https:\/\/weather-radar-live.com\/fi\/wp-json\/wp\/v2\/pages\/6832","targetHints":{"allow":["GET"]}}],"collection":[{"href":"https:\/\/weather-radar-live.com\/fi\/wp-json\/wp\/v2\/pages"}],"about":[{"href":"https:\/\/weather-radar-live.com\/fi\/wp-json\/wp\/v2\/types\/page"}],"author":[{"embeddable":true,"href":"https:\/\/weather-radar-live.com\/fi\/wp-json\/wp\/v2\/users\/1"}],"replies":[{"embeddable":true,"href":"https:\/\/weather-radar-live.com\/fi\/wp-json\/wp\/v2\/comments?post=6832"}],"version-history":[{"count":2,"href":"https:\/\/weather-radar-live.com\/fi\/wp-json\/wp\/v2\/pages\/6832\/revisions"}],"predecessor-version":[{"id":6849,"href":"https:\/\/weather-radar-live.com\/fi\/wp-json\/wp\/v2\/pages\/6832\/revisions\/6849"}],"up":[{"embeddable":true,"href":"https:\/\/weather-radar-live.com\/fi\/wp-json\/wp\/v2\/pages\/4308"}],"wp:featuredmedia":[{"embeddable":true,"href":"https:\/\/weather-radar-live.com\/fi\/wp-json\/wp\/v2\/media\/6820"}],"wp:attachment":[{"href":"https:\/\/weather-radar-live.com\/fi\/wp-json\/wp\/v2\/media?parent=6832"}],"curies":[{"name":"wp","href":"https:\/\/api.w.org\/{rel}","templated":true}]}}