{"id":6761,"date":"2022-08-15T16:02:16","date_gmt":"2022-08-15T14:02:16","guid":{"rendered":"https:\/\/weather-radar-live.com\/?page_id=6761"},"modified":"2022-08-15T16:07:03","modified_gmt":"2022-08-15T14:07:03","slug":"webcam-venezia","status":"publish","type":"page","link":"https:\/\/weather-radar-live.com\/fi\/webkamera\/italia\/webcam-venezia\/","title":{"rendered":"Webcam Venezia"},"content":{"rendered":"<div id=\"weath-1759912854\" class=\"weath-vor-dem-inhalt weath-entity-placement\" style=\"margin-top: 15px;margin-right: 25px;margin-bottom: 40px;margin-left: 25px;\"><script async src=\"\/\/pagead2.googlesyndication.com\/pagead\/js\/adsbygoogle.js?client=ca-pub-8960936133935804\" crossorigin=\"anonymous\"><\/script><ins class=\"adsbygoogle\" style=\"display:block;\" data-ad-client=\"ca-pub-8960936133935804\" \ndata-ad-slot=\"6172817020\" \ndata-ad-format=\"auto\"><\/ins>\n<script> \n(adsbygoogle = window.adsbygoogle || []).push({}); \n<\/script>\n<\/div>\n<div class=\"wp-block-cover alignfull is-light\"><span aria-hidden=\"true\" class=\"wp-block-cover__gradient-background has-background-dim\"><\/span><img decoding=\"async\" class=\"wp-block-cover__image-background wp-image-342\" alt=\"Webcam Venezia\" src=\"https:\/\/weather-radar-live.com\/wp-content\/uploads\/2021\/06\/sam-schooler-E9aetBe2w40-unsplash-e1622554814366.jpg\" data-object-fit=\"cover\"\/><div class=\"wp-block-cover__inner-container is-layout-flow wp-block-cover-is-layout-flow\">\n<h2 class=\"has-text-align-center heading wp-block-heading\" id=\"webcam-fort-mahon\" style=\"font-size:40px\"><strong><mark style=\"background-color:rgba(0, 0, 0, 0)\" class=\"has-inline-color has-base-3-color\">WEBCAM <\/mark><\/strong><br><strong><mark style=\"background-color:rgba(0, 0, 0, 0)\" class=\"has-inline-color has-base-3-color\">VENEZIA<\/mark><\/strong><\/h2>\n<\/div><\/div>\n\n\n<div class=\"yoast-breadcrumbs\"><span><span><a href=\"https:\/\/weather-radar-live.com\/fi\/\">Weather Radar Live<\/a><\/span> \u00bb <span><a href=\"https:\/\/weather-radar-live.com\/fi\/webkamera\/\">Webkamera<\/a><\/span> \u00bb <span><a href=\"https:\/\/weather-radar-live.com\/fi\/webkamera\/italia\/\">Italia<\/a><\/span> \u00bb <span class=\"breadcrumb_last\" aria-current=\"page\"><strong>Webcam Venezia<\/strong><\/span><\/span><\/div>\n\n\n<h2 class=\"has-text-align-center wp-block-heading\" id=\"webcam-fort-mahon\"><strong>Webcam Venezia<\/strong><\/h2>\n\n\n\n<p>Webbikameramme Venezia toivottaa sinut tervetulleeksi oleskelusi aikana maailmankuulussa laguunikaupungissa. Venetsiasta on luultavasti sanottu jo kaikki, mutta sen ainutlaatuinen kauneus palatseineen, siltoineen ja kanaaleineen houkuttelee edelleen vuosi toisensa j\u00e4lkeen lukemattomia vierailijoita, jotka tulevat katsomaan Pyh\u00e4n Markuksen aukiota, jossa on Pyh\u00e4n Markuksen basilika, Campanile ja Dogen palatsi, Rialton siltaa ja Huokausten siltaa tai Buranon ja Muranon saaria. Nyky\u00e4\u00e4n Venetsian vanhassa kaupungissa asuu vain noin 55 000 asukasta, ja suuntaus on laskeva. Monet asukkaat muuttavat mantereella sijaitsevaan Mestreen.<\/p>\n\n\n\n<p>Kilometrin pituisella Lidollaan Venetsia kutsuu kuitenkin my\u00f6s vierailijoita nauttimaan uinnin iloista. Ja niille, joille laguunikaupunki on liian myrskyis\u00e4, riitt\u00e4\u00e4 matka Padovan kunnianarvoiseen yliopistokaupunkiin, Chioggiaan tai Po-joen suistoalueelle. Venetsiassa riitt\u00e4\u00e4 kuitenkin usein vain muutaman kujan k\u00e4velymatka, jotta voit j\u00e4tt\u00e4\u00e4 v\u00e4kijoukot taaksesi ja sukeltaa syv\u00e4lle Serenissiman vatsaan.<\/p><div id=\"weath-2067278119\" class=\"weath-inhalt_2 weath-entity-placement\" style=\"margin-top: 15px;margin-right: 25px;margin-bottom: 35px;margin-left: 25px;\"><script async src=\"\/\/pagead2.googlesyndication.com\/pagead\/js\/adsbygoogle.js?client=ca-pub-8960936133935804\" crossorigin=\"anonymous\"><\/script><ins class=\"adsbygoogle\" style=\"display:block;\" data-ad-client=\"ca-pub-8960936133935804\" \ndata-ad-slot=\"1963584050\" \ndata-ad-format=\"auto\"><\/ins>\n<script> \n(adsbygoogle = window.adsbygoogle || []).push({}); \n<\/script>\n<\/div>\n\n\n\n<div class=\"wp-block-columns is-layout-flex wp-container-core-columns-is-layout-9d6595d7 wp-block-columns-is-layout-flex\">\n<div class=\"wp-block-column webcam-column is-layout-flow wp-block-column-is-layout-flow\">\n<h3 class=\"has-text-align-center wp-block-heading\"> \ud83d\udd34 <strong>Webcam<\/strong> <strong><strong>Venezia<\/strong><\/strong> &#8211; Ponte di Rialto<\/h3>\n\n\n\n<a name=\"windy-webcam-timelapse-player\" data-id=\"1334943849\" data-play=\"day\" href=\"https:\/\/windy.com\/webcams\/1334943849\" target=\"_blank\" rel=\"noopener\">Venetsia: VeneziaPonte di Rialto<\/a><script async=\"\" type=\"text\/javascript\" src=\"https:\/\/webcams.windy.com\/webcams\/public\/embed\/script\/player.js\"><\/script>\n<\/div>\n\n\n\n<div class=\"wp-block-column webcam-column is-layout-flow wp-block-column-is-layout-flow\">\n<h3 class=\"has-text-align-center wp-block-heading\"> \ud83d\udd34 <strong>Webcam <strong>Venezia<\/strong><\/strong> &#8211; Campo Santa Maria Formosa<\/h3>\n\n\n\n<a name=\"windy-webcam-timelapse-player\" data-id=\"1548355902\" data-play=\"day\" href=\"https:\/\/windy.com\/webcams\/1548355902\" target=\"_blank\" rel=\"noopener\">Venetsia: Santa Maria Formosa<\/a><script async=\"\" type=\"text\/javascript\" src=\"https:\/\/webcams.windy.com\/webcams\/public\/embed\/script\/player.js\"><\/script>\n<\/div>\n<\/div>\n\n\n\n<div class=\"wp-block-columns is-layout-flex wp-container-core-columns-is-layout-9d6595d7 wp-block-columns-is-layout-flex\">\n<div class=\"wp-block-column webcam-column is-layout-flow wp-block-column-is-layout-flow\">\n<h3 class=\"has-text-align-center wp-block-heading\"> \ud83d\udd34 <strong>Webcam<\/strong> <strong><strong>Venezia<\/strong><\/strong> &#8211; Chiesa di Santa Maria del Giglio<\/h3>\n\n\n\n<a name=\"windy-webcam-timelapse-player\" data-id=\"1549643360\" data-play=\"day\" href=\"https:\/\/windy.com\/webcams\/1549643360\" target=\"_blank\" rel=\"noopener\">Venetsia: Hotel Bel Sito e Berlino &#8211; Chiesa di Santa Maria del Giglio &#8211; Gondoliasema &#8211; Santa Maria del Giglio<\/a><script async=\"\" type=\"text\/javascript\" src=\"https:\/\/webcams.windy.com\/webcams\/public\/embed\/script\/player.js\"><\/script>\n<\/div>\n\n\n\n<div class=\"wp-block-column webcam-column is-layout-flow wp-block-column-is-layout-flow\">\n<h3 class=\"has-text-align-center wp-block-heading\"> \ud83d\udd34 <strong>Webcam <strong><strong><strong><strong>Venezia<\/strong><\/strong><\/strong><\/strong><\/strong> &#8211; etel\u00e4inen<\/h3>\n\n\n\n<a name=\"windy-webcam-timelapse-player\" data-id=\"1472539600\" data-play=\"day\" href=\"https:\/\/windy.com\/webcams\/1472539600\" target=\"_blank\" rel=\"noopener\">Venetsia &#8217; Etel\u00e4<\/a><script async=\"\" type=\"text\/javascript\" src=\"https:\/\/webcams.windy.com\/webcams\/public\/embed\/script\/player.js\"><\/script>\n<\/div>\n<\/div>\n\n\n\n<div class=\"wp-block-columns is-layout-flex wp-container-core-columns-is-layout-9d6595d7 wp-block-columns-is-layout-flex\">\n<div class=\"wp-block-column webcam-column is-layout-flow wp-block-column-is-layout-flow\">\n<h3 class=\"has-text-align-center wp-block-heading\"> \ud83d\udd34 <strong>Webcam<strong> <strong><strong>Venetsia<\/strong><\/strong><\/strong><\/strong> &#8211; It\u00e4 <\/h3>\n\n\n\n<a name=\"windy-webcam-timelapse-player\" data-id=\"1472539550\" data-play=\"day\" href=\"https:\/\/windy.com\/webcams\/1472539550\" target=\"_blank\" rel=\"noopener\">Venetsia &#8217; It\u00e4: Venetsia<\/a><script async=\"\" type=\"text\/javascript\" src=\"https:\/\/webcams.windy.com\/webcams\/public\/embed\/script\/player.js\"><\/script>\n<\/div>\n\n\n\n<div class=\"wp-block-column webcam-column is-layout-flow wp-block-column-is-layout-flow\">\n<h3 class=\"has-text-align-center wp-block-heading\"> \ud83d\udd34 <strong>Webcam Venezia<\/strong> &#8211; Hotelli American Dinesen Venetsia<\/h3>\n\n\n\n<a name=\"windy-webcam-timelapse-player\" data-id=\"1241725572\" data-play=\"day\" href=\"https:\/\/windy.com\/webcams\/1241725572\" target=\"_blank\" rel=\"noopener\">Venetsia: Hotel American Dinesen<\/a><script async=\"\" type=\"text\/javascript\" src=\"https:\/\/webcams.windy.com\/webcams\/public\/embed\/script\/player.js\"><\/script>\n<\/div>\n<\/div>\n\n\n\n<div class=\"wp-block-columns is-layout-flex wp-container-core-columns-is-layout-9d6595d7 wp-block-columns-is-layout-flex\">\n<div class=\"wp-block-column webcam-column is-layout-flow wp-block-column-is-layout-flow\">\n<h3 class=\"has-text-align-center wp-block-heading\"> \ud83d\udd34 <strong>Webcam <strong><strong><strong><strong>Venezia<\/strong><\/strong><\/strong><\/strong><\/strong> &#8211; Kaakkois-Venetsia<\/h3>\n\n\n\n<a name=\"windy-webcam-timelapse-player\" data-id=\"1638831308\" data-play=\"day\" href=\"https:\/\/windy.com\/webcams\/1638831308\" target=\"_blank\" rel=\"noopener\">Venetsia<\/a><script async=\"\" type=\"text\/javascript\" src=\"https:\/\/webcams.windy.com\/webcams\/public\/embed\/script\/player.js\"><\/script>\n<\/div>\n\n\n\n<div class=\"wp-block-column webcam-column is-layout-flow wp-block-column-is-layout-flow\">\n<h3 class=\"has-text-align-center wp-block-heading\"> \ud83d\udd34 <strong>Webcam Venezia<\/strong> &#8211; L\u00e4nsi-Venetsia<\/h3>\n\n\n\n<a name=\"windy-webcam-timelapse-player\" data-id=\"1472539648\" data-play=\"day\" href=\"https:\/\/windy.com\/webcams\/1472539648\" target=\"_blank\" rel=\"noopener\">Venetsia &#8217; L\u00e4nsi<\/a><script async=\"\" type=\"text\/javascript\" src=\"https:\/\/webcams.windy.com\/webcams\/public\/embed\/script\/player.js\"><\/script>\n<\/div>\n<\/div>\n\n\n\n<h2 class=\"wp-block-heading\" id=\"fort-mahon-today\"><strong>S\u00e4\u00e4 tutka <strong>Venezia<\/strong> &#8211; S\u00e4\u00e4 <strong>Venezia<\/strong> &#8211; S\u00e4\u00e4 <strong>Venezia<\/strong><\/strong><\/h2>\n\n\n\n<p>Webbikameramme Venezia ja siihen liittyv\u00e4 s\u00e4\u00e4tutka on ihanteellinen lis\u00e4 lomaasi laguunikaupungissa. Saat milloin tahansa ja reaaliaikaisesti tietoa Venetsian t\u00e4m\u00e4nhetkisist\u00e4 s\u00e4\u00e4olosuhteista ja n\u00e4et tarkalleen, jos ja miss\u00e4 sataa, myrsky\u00e4\u00e4 tai tulvii. Ukkoset tunnistat helposti salaman symbolista. Mit\u00e4 tummemmat v\u00e4rit, sit\u00e4 suurempi on odotettu sateen voimakkuus.<\/p>\n\n\n\n<div class=\"wp-block-columns is-layout-flex wp-container-core-columns-is-layout-9d6595d7 wp-block-columns-is-layout-flex\">\n<div class=\"wp-block-column is-layout-flow wp-block-column-is-layout-flow\" style=\"flex-basis:75%\">\n<iframe loading=\"lazy\" width=\"1300\" height=\"502\" src=\"https:\/\/embed.windy.com\/embed2.html?lat=45.437&amp;lon=12.322&amp;detailLat=45.437&amp;detailLon=12.322&amp;width=1300&amp;height=502&amp;zoom=11&amp;level=surface&amp;overlay=rain&amp;product=ecmwf&amp;menu=&amp;message=&amp;marker=&amp;calendar=now&amp;pressure=&amp;type=map&amp;location=coordinates&amp;detail=&amp;metricWind=default&amp;metricTemp=default&amp;radarRange=-1\" frameborder=\"0\"><\/iframe>\n<\/div>\n\n\n\n<div class=\"wp-block-column is-layout-flow wp-block-column-is-layout-flow\" style=\"flex-basis:25%\">\n<a class=\"weatherwidget-io\" href=\"https:\/\/forecast7.com\/en\/45d4412d32\/venice\/\" data-label_1=\"VENEZIA\" data-theme=\"original\" >VENEZIA<\/a>\n<script>\n!function(d,s,id){var js,fjs=d.getElementsByTagName(s)[0];if(!d.getElementById(id)){js=d.createElement(s);js.id=id;js.src='https:\/\/weatherwidget.io\/js\/widget.min.js';fjs.parentNode.insertBefore(js,fjs);}}(document,'script','weatherwidget-io-js');\n<\/script>\n<\/div>\n<\/div>\n\n\n\n<h2 class=\"wp-block-heading\" id=\"fort-mahon-weather\"><strong>Ilmasto <strong><strong>Venezia<\/strong><\/strong><\/strong><\/h2>\n\n\n\n<p>Venezia sijaitsee lauhkealla ilmastovy\u00f6hykkeell\u00e4, ja sille on ominaista Adrianmeren maltillinen vaikutus. Vuoden keskil\u00e4mp\u00f6tila on 17 \u00b0C. Hein\u00e4kuussa, joka on Venetsian l\u00e4mpimin kuukausi, l\u00e4mp\u00f6tila on p\u00e4ivisin jopa 28,1 \u00b0C. Alin l\u00e4mp\u00f6tila on silloin 19,9 \u00b0C. Talvikuukausien l\u00e4mp\u00f6tilat vaihtelevat y\u00f6ll\u00e4 3,1 \u00b0C:n ja p\u00e4iv\u00e4ll\u00e4 seitsem\u00e4st\u00e4 kahdeksaan asteeseen. Kaiken kaikkiaan ne ovat kuitenkin melko leutoja. Kev\u00e4\u00e4ll\u00e4 ja syksyll\u00e4 sadem\u00e4\u00e4r\u00e4t lis\u00e4\u00e4ntyv\u00e4t, mik\u00e4 aiheuttaa joskus tulvia. Vuotuinen sadem\u00e4\u00e4r\u00e4 on 1081 millimetri\u00e4, mik\u00e4 on suhteellisen paljon. Auringonpaisteen p\u00e4ivitt\u00e4inen kesto vaihtelee tammikuun 4,8 tunnista kes\u00e4kuun 12,8 tuntiin. Elokuu on ihanteellinen rantalomalle, sill\u00e4 veden l\u00e4mp\u00f6tila on jopa 27 \u00b0C.<\/p>\n\n\n\n<h2 class=\"wp-block-heading\"><strong>Venezian n\u00e4ht\u00e4vyydet<\/strong><\/h2>\n\n\n\n<p>Venezia tarjoaa lukemattomia n\u00e4ht\u00e4vyyksi\u00e4. Paras tapa tutustua kaupunkiin on kuitenkin tehd\u00e4 laivamatka, vaikka sen ei aina tarvitse olla se kuuluisa, mutta my\u00f6s kallis gondoli. Muuten kannattaa vain kuljeskella p\u00e4\u00e4m\u00e4\u00e4r\u00e4tt\u00f6m\u00e4sti kujien sokkeloissa ja t\u00e4hd\u00e4t\u00e4 vain muutamaan n\u00e4ht\u00e4vyyteen. Rauhan idylli l\u00f6ytyy San Michelen hautausmaasaarelta. Jos kulttuuri on l\u00e4hell\u00e4 syd\u00e4nt\u00e4si, k\u00e4y katsomassa esitys Venetsian La Fenice -oopperatalossa. Muranon saarella voit katsella lasinpuhaltajia ty\u00f6ss\u00e4\u00e4n ja ostaa maljakon tai pari. Tuoretta kalaa voi l\u00f6yt\u00e4\u00e4 Rialton sillan ymp\u00e4rill\u00e4 olevilta markkinoilta.<\/p>\n","protected":false},"excerpt":{"rendered":"<p>Webcam Venezia Webbikameramme Venezia toivottaa sinut tervetulleeksi oleskelusi aikana maailmankuulussa laguunikaupungissa. Venetsiasta on luultavasti sanottu jo kaikki, mutta sen ainutlaatuinen kauneus palatseineen, siltoineen ja kanaaleineen houkuttelee edelleen vuosi toisensa j\u00e4lkeen lukemattomia vierailijoita, jotka tulevat katsomaan Pyh\u00e4n Markuksen aukiota, jossa on Pyh\u00e4n Markuksen basilika, Campanile ja Dogen palatsi, Rialton siltaa ja Huokausten siltaa tai Buranon ja &#8230; <a title=\"Webcam Venezia\" class=\"read-more\" href=\"https:\/\/weather-radar-live.com\/fi\/webkamera\/italia\/webcam-venezia\/\" aria-label=\"Lue lis\u00e4\u00e4 aiheesta Webcam Venezia\">Lue lis\u00e4\u00e4<\/a><\/p>\n","protected":false},"author":1,"featured_media":6717,"parent":4308,"menu_order":0,"comment_status":"closed","ping_status":"closed","template":"","meta":{"footnotes":""},"class_list":["post-6761","page","type-page","status-publish","has-post-thumbnail"],"yoast_head":"<!-- This site is optimized with the Yoast SEO plugin v27.5 - https:\/\/yoast.com\/product\/yoast-seo-wordpress\/ -->\n<title>Webcam Venezia \u2192 Katso suorana l\u00e4hetyksen\u00e4!<\/title>\n<meta name=\"description\" content=\"Webcam Venezia | Livecam of Venezia! \u2705 P\u00e4ivitetty sinulle reaaliajassa! \u2705 Nykyinen s\u00e4\u00e4ennuste!\" \/>\n<meta name=\"robots\" content=\"index, follow, max-snippet:-1, max-image-preview:large, max-video-preview:-1\" \/>\n<link rel=\"canonical\" href=\"https:\/\/weather-radar-live.com\/fi\/webkamera\/italia\/webcam-venezia\/\" \/>\n<meta property=\"og:locale\" content=\"fi_FI\" \/>\n<meta property=\"og:type\" content=\"article\" \/>\n<meta property=\"og:title\" content=\"Webcam Venezia \u2192 Katso suorana l\u00e4hetyksen\u00e4!\" \/>\n<meta property=\"og:description\" content=\"Webcam Venezia | Livecam of Venezia! \u2705 P\u00e4ivitetty sinulle reaaliajassa! \u2705 Nykyinen s\u00e4\u00e4ennuste!\" \/>\n<meta property=\"og:url\" content=\"https:\/\/weather-radar-live.com\/fi\/webkamera\/italia\/webcam-venezia\/\" \/>\n<meta property=\"og:site_name\" content=\"weather-radar-live.com\" \/>\n<meta property=\"article:modified_time\" content=\"2022-08-15T14:07:03+00:00\" \/>\n<meta property=\"og:image\" content=\"https:\/\/weather-radar-live.com\/wp-content\/uploads\/2022\/08\/Webcam-Venezia-e1660569550834.jpg\" \/>\n\t<meta property=\"og:image:width\" content=\"1913\" \/>\n\t<meta property=\"og:image:height\" content=\"857\" \/>\n\t<meta property=\"og:image:type\" content=\"image\/jpeg\" \/>\n<meta name=\"twitter:card\" content=\"summary_large_image\" \/>\n<meta name=\"twitter:label1\" content=\"Arvioitu lukuaika\" \/>\n\t<meta name=\"twitter:data1\" content=\"3 minuuttia\" \/>\n<script type=\"application\/ld+json\" class=\"yoast-schema-graph\">{\"@context\":\"https:\\\/\\\/schema.org\",\"@graph\":[{\"@type\":\"WebPage\",\"@id\":\"https:\\\/\\\/weather-radar-live.com\\\/fi\\\/webkamera\\\/italia\\\/webcam-venezia\\\/\",\"url\":\"https:\\\/\\\/weather-radar-live.com\\\/fi\\\/webkamera\\\/italia\\\/webcam-venezia\\\/\",\"name\":\"Webcam Venezia \u2192 Katso suorana l\u00e4hetyksen\u00e4!\",\"isPartOf\":{\"@id\":\"https:\\\/\\\/weather-radar-live.com\\\/#website\"},\"primaryImageOfPage\":{\"@id\":\"https:\\\/\\\/weather-radar-live.com\\\/fi\\\/webkamera\\\/italia\\\/webcam-venezia\\\/#primaryimage\"},\"image\":{\"@id\":\"https:\\\/\\\/weather-radar-live.com\\\/fi\\\/webkamera\\\/italia\\\/webcam-venezia\\\/#primaryimage\"},\"thumbnailUrl\":\"https:\\\/\\\/weather-radar-live.com\\\/wp-content\\\/uploads\\\/2022\\\/08\\\/Webcam-Venezia-e1660569550834.jpg\",\"datePublished\":\"2022-08-15T14:02:16+00:00\",\"dateModified\":\"2022-08-15T14:07:03+00:00\",\"description\":\"Webcam Venezia | Livecam of Venezia! \u2705 P\u00e4ivitetty sinulle reaaliajassa! \u2705 Nykyinen s\u00e4\u00e4ennuste!\",\"breadcrumb\":{\"@id\":\"https:\\\/\\\/weather-radar-live.com\\\/fi\\\/webkamera\\\/italia\\\/webcam-venezia\\\/#breadcrumb\"},\"inLanguage\":\"fi\",\"potentialAction\":[{\"@type\":\"ReadAction\",\"target\":[\"https:\\\/\\\/weather-radar-live.com\\\/fi\\\/webkamera\\\/italia\\\/webcam-venezia\\\/\"]}]},{\"@type\":\"ImageObject\",\"inLanguage\":\"fi\",\"@id\":\"https:\\\/\\\/weather-radar-live.com\\\/fi\\\/webkamera\\\/italia\\\/webcam-venezia\\\/#primaryimage\",\"url\":\"https:\\\/\\\/weather-radar-live.com\\\/wp-content\\\/uploads\\\/2022\\\/08\\\/Webcam-Venezia-e1660569550834.jpg\",\"contentUrl\":\"https:\\\/\\\/weather-radar-live.com\\\/wp-content\\\/uploads\\\/2022\\\/08\\\/Webcam-Venezia-e1660569550834.jpg\",\"width\":1913,\"height\":857,\"caption\":\"Webcam Venezia\"},{\"@type\":\"BreadcrumbList\",\"@id\":\"https:\\\/\\\/weather-radar-live.com\\\/fi\\\/webkamera\\\/italia\\\/webcam-venezia\\\/#breadcrumb\",\"itemListElement\":[{\"@type\":\"ListItem\",\"position\":1,\"name\":\"Weather Radar Live\",\"item\":\"https:\\\/\\\/weather-radar-live.com\\\/fi\\\/\"},{\"@type\":\"ListItem\",\"position\":2,\"name\":\"Webkamera\",\"item\":\"https:\\\/\\\/weather-radar-live.com\\\/fi\\\/webkamera\\\/\"},{\"@type\":\"ListItem\",\"position\":3,\"name\":\"Italia\",\"item\":\"https:\\\/\\\/weather-radar-live.com\\\/fi\\\/webkamera\\\/italia\\\/\"},{\"@type\":\"ListItem\",\"position\":4,\"name\":\"Webcam Venezia\"}]},{\"@type\":\"WebSite\",\"@id\":\"https:\\\/\\\/weather-radar-live.com\\\/#website\",\"url\":\"https:\\\/\\\/weather-radar-live.com\\\/\",\"name\":\"weather-radar-live.com\",\"description\":\"Your weather and sky radar.\",\"publisher\":{\"@id\":\"https:\\\/\\\/weather-radar-live.com\\\/#organization\"},\"potentialAction\":[{\"@type\":\"SearchAction\",\"target\":{\"@type\":\"EntryPoint\",\"urlTemplate\":\"https:\\\/\\\/weather-radar-live.com\\\/?s={search_term_string}\"},\"query-input\":{\"@type\":\"PropertyValueSpecification\",\"valueRequired\":true,\"valueName\":\"search_term_string\"}}],\"inLanguage\":\"fi\"},{\"@type\":\"Organization\",\"@id\":\"https:\\\/\\\/weather-radar-live.com\\\/#organization\",\"name\":\"weather-radar-live.com\",\"url\":\"https:\\\/\\\/weather-radar-live.com\\\/\",\"logo\":{\"@type\":\"ImageObject\",\"inLanguage\":\"fi\",\"@id\":\"https:\\\/\\\/weather-radar-live.com\\\/#\\\/schema\\\/logo\\\/image\\\/\",\"url\":\"https:\\\/\\\/weather-radar-live.com\\\/wp-content\\\/uploads\\\/2022\\\/03\\\/cropped-WRL2503.png\",\"contentUrl\":\"https:\\\/\\\/weather-radar-live.com\\\/wp-content\\\/uploads\\\/2022\\\/03\\\/cropped-WRL2503.png\",\"width\":1920,\"height\":555,\"caption\":\"weather-radar-live.com\"},\"image\":{\"@id\":\"https:\\\/\\\/weather-radar-live.com\\\/#\\\/schema\\\/logo\\\/image\\\/\"}}]}<\/script>\n<!-- \/ Yoast SEO plugin. -->","yoast_head_json":{"title":"Webcam Venezia \u2192 Katso suorana l\u00e4hetyksen\u00e4!","description":"Webcam Venezia | Livecam of Venezia! \u2705 P\u00e4ivitetty sinulle reaaliajassa! \u2705 Nykyinen s\u00e4\u00e4ennuste!","robots":{"index":"index","follow":"follow","max-snippet":"max-snippet:-1","max-image-preview":"max-image-preview:large","max-video-preview":"max-video-preview:-1"},"canonical":"https:\/\/weather-radar-live.com\/fi\/webkamera\/italia\/webcam-venezia\/","og_locale":"fi_FI","og_type":"article","og_title":"Webcam Venezia \u2192 Katso suorana l\u00e4hetyksen\u00e4!","og_description":"Webcam Venezia | Livecam of Venezia! \u2705 P\u00e4ivitetty sinulle reaaliajassa! \u2705 Nykyinen s\u00e4\u00e4ennuste!","og_url":"https:\/\/weather-radar-live.com\/fi\/webkamera\/italia\/webcam-venezia\/","og_site_name":"weather-radar-live.com","article_modified_time":"2022-08-15T14:07:03+00:00","og_image":[{"width":1913,"height":857,"url":"https:\/\/weather-radar-live.com\/wp-content\/uploads\/2022\/08\/Webcam-Venezia-e1660569550834.jpg","type":"image\/jpeg"}],"twitter_card":"summary_large_image","twitter_misc":{"Arvioitu lukuaika":"3 minuuttia"},"schema":{"@context":"https:\/\/schema.org","@graph":[{"@type":"WebPage","@id":"https:\/\/weather-radar-live.com\/fi\/webkamera\/italia\/webcam-venezia\/","url":"https:\/\/weather-radar-live.com\/fi\/webkamera\/italia\/webcam-venezia\/","name":"Webcam Venezia \u2192 Katso suorana l\u00e4hetyksen\u00e4!","isPartOf":{"@id":"https:\/\/weather-radar-live.com\/#website"},"primaryImageOfPage":{"@id":"https:\/\/weather-radar-live.com\/fi\/webkamera\/italia\/webcam-venezia\/#primaryimage"},"image":{"@id":"https:\/\/weather-radar-live.com\/fi\/webkamera\/italia\/webcam-venezia\/#primaryimage"},"thumbnailUrl":"https:\/\/weather-radar-live.com\/wp-content\/uploads\/2022\/08\/Webcam-Venezia-e1660569550834.jpg","datePublished":"2022-08-15T14:02:16+00:00","dateModified":"2022-08-15T14:07:03+00:00","description":"Webcam Venezia | Livecam of Venezia! \u2705 P\u00e4ivitetty sinulle reaaliajassa! \u2705 Nykyinen s\u00e4\u00e4ennuste!","breadcrumb":{"@id":"https:\/\/weather-radar-live.com\/fi\/webkamera\/italia\/webcam-venezia\/#breadcrumb"},"inLanguage":"fi","potentialAction":[{"@type":"ReadAction","target":["https:\/\/weather-radar-live.com\/fi\/webkamera\/italia\/webcam-venezia\/"]}]},{"@type":"ImageObject","inLanguage":"fi","@id":"https:\/\/weather-radar-live.com\/fi\/webkamera\/italia\/webcam-venezia\/#primaryimage","url":"https:\/\/weather-radar-live.com\/wp-content\/uploads\/2022\/08\/Webcam-Venezia-e1660569550834.jpg","contentUrl":"https:\/\/weather-radar-live.com\/wp-content\/uploads\/2022\/08\/Webcam-Venezia-e1660569550834.jpg","width":1913,"height":857,"caption":"Webcam Venezia"},{"@type":"BreadcrumbList","@id":"https:\/\/weather-radar-live.com\/fi\/webkamera\/italia\/webcam-venezia\/#breadcrumb","itemListElement":[{"@type":"ListItem","position":1,"name":"Weather Radar Live","item":"https:\/\/weather-radar-live.com\/fi\/"},{"@type":"ListItem","position":2,"name":"Webkamera","item":"https:\/\/weather-radar-live.com\/fi\/webkamera\/"},{"@type":"ListItem","position":3,"name":"Italia","item":"https:\/\/weather-radar-live.com\/fi\/webkamera\/italia\/"},{"@type":"ListItem","position":4,"name":"Webcam Venezia"}]},{"@type":"WebSite","@id":"https:\/\/weather-radar-live.com\/#website","url":"https:\/\/weather-radar-live.com\/","name":"weather-radar-live.com","description":"Your weather and sky radar.","publisher":{"@id":"https:\/\/weather-radar-live.com\/#organization"},"potentialAction":[{"@type":"SearchAction","target":{"@type":"EntryPoint","urlTemplate":"https:\/\/weather-radar-live.com\/?s={search_term_string}"},"query-input":{"@type":"PropertyValueSpecification","valueRequired":true,"valueName":"search_term_string"}}],"inLanguage":"fi"},{"@type":"Organization","@id":"https:\/\/weather-radar-live.com\/#organization","name":"weather-radar-live.com","url":"https:\/\/weather-radar-live.com\/","logo":{"@type":"ImageObject","inLanguage":"fi","@id":"https:\/\/weather-radar-live.com\/#\/schema\/logo\/image\/","url":"https:\/\/weather-radar-live.com\/wp-content\/uploads\/2022\/03\/cropped-WRL2503.png","contentUrl":"https:\/\/weather-radar-live.com\/wp-content\/uploads\/2022\/03\/cropped-WRL2503.png","width":1920,"height":555,"caption":"weather-radar-live.com"},"image":{"@id":"https:\/\/weather-radar-live.com\/#\/schema\/logo\/image\/"}}]}},"_links":{"self":[{"href":"https:\/\/weather-radar-live.com\/fi\/wp-json\/wp\/v2\/pages\/6761","targetHints":{"allow":["GET"]}}],"collection":[{"href":"https:\/\/weather-radar-live.com\/fi\/wp-json\/wp\/v2\/pages"}],"about":[{"href":"https:\/\/weather-radar-live.com\/fi\/wp-json\/wp\/v2\/types\/page"}],"author":[{"embeddable":true,"href":"https:\/\/weather-radar-live.com\/fi\/wp-json\/wp\/v2\/users\/1"}],"replies":[{"embeddable":true,"href":"https:\/\/weather-radar-live.com\/fi\/wp-json\/wp\/v2\/comments?post=6761"}],"version-history":[{"count":2,"href":"https:\/\/weather-radar-live.com\/fi\/wp-json\/wp\/v2\/pages\/6761\/revisions"}],"predecessor-version":[{"id":6781,"href":"https:\/\/weather-radar-live.com\/fi\/wp-json\/wp\/v2\/pages\/6761\/revisions\/6781"}],"up":[{"embeddable":true,"href":"https:\/\/weather-radar-live.com\/fi\/wp-json\/wp\/v2\/pages\/4308"}],"wp:featuredmedia":[{"embeddable":true,"href":"https:\/\/weather-radar-live.com\/fi\/wp-json\/wp\/v2\/media\/6717"}],"wp:attachment":[{"href":"https:\/\/weather-radar-live.com\/fi\/wp-json\/wp\/v2\/media?parent=6761"}],"curies":[{"name":"wp","href":"https:\/\/api.w.org\/{rel}","templated":true}]}}