{"id":6627,"date":"2022-08-13T13:26:03","date_gmt":"2022-08-13T11:26:03","guid":{"rendered":"https:\/\/weather-radar-live.com\/?page_id=6627"},"modified":"2022-08-13T13:37:49","modified_gmt":"2022-08-13T11:37:49","slug":"webkamera-castelluccio","status":"publish","type":"page","link":"https:\/\/weather-radar-live.com\/fi\/webkamera\/italia\/webkamera-castelluccio\/","title":{"rendered":"Webkamera Castelluccio"},"content":{"rendered":"<div id=\"weath-3504011279\" class=\"weath-vor-dem-inhalt weath-entity-placement\" style=\"margin-top: 15px;margin-right: 25px;margin-bottom: 40px;margin-left: 25px;\"><script async src=\"\/\/pagead2.googlesyndication.com\/pagead\/js\/adsbygoogle.js?client=ca-pub-8960936133935804\" crossorigin=\"anonymous\"><\/script><ins class=\"adsbygoogle\" style=\"display:block;\" data-ad-client=\"ca-pub-8960936133935804\" \ndata-ad-slot=\"6172817020\" \ndata-ad-format=\"auto\"><\/ins>\n<script> \n(adsbygoogle = window.adsbygoogle || []).push({}); \n<\/script>\n<\/div>\n<div class=\"wp-block-cover alignfull is-light\"><span aria-hidden=\"true\" class=\"wp-block-cover__gradient-background has-background-dim\"><\/span><img decoding=\"async\" class=\"wp-block-cover__image-background wp-image-342\" alt=\"Webcam Castelluccio\n\" src=\"https:\/\/weather-radar-live.com\/wp-content\/uploads\/2021\/06\/sam-schooler-E9aetBe2w40-unsplash-e1622554814366.jpg\" data-object-fit=\"cover\"\/><div class=\"wp-block-cover__inner-container is-layout-flow wp-block-cover-is-layout-flow\">\n<h2 class=\"has-text-align-center heading wp-block-heading\" id=\"webcam-fort-mahon\" style=\"font-size:40px\"><strong><mark style=\"background-color:rgba(0, 0, 0, 0)\" class=\"has-inline-color has-base-3-color\">WEBKAMERA <\/mark><\/strong><br><strong><mark style=\"background-color:rgba(0, 0, 0, 0)\" class=\"has-inline-color has-base-3-color\">CASTELLUCCIO<\/mark><\/strong><\/h2>\n<\/div><\/div>\n\n\n<div class=\"yoast-breadcrumbs\"><span><span><a href=\"https:\/\/weather-radar-live.com\/fi\/\">Weather Radar Live<\/a><\/span> \u00bb <span><a href=\"https:\/\/weather-radar-live.com\/fi\/webkamera\/\">Webkamera<\/a><\/span> \u00bb <span><a href=\"https:\/\/weather-radar-live.com\/fi\/webkamera\/italia\/\">Italia<\/a><\/span> \u00bb <span class=\"breadcrumb_last\" aria-current=\"page\"><strong>Webkamera Castelluccio<\/strong><\/span><\/span><\/div>\n\n\n<h2 class=\"has-text-align-center wp-block-heading\" id=\"webcam-fort-mahon\"><strong>Webcam Castelluccio<\/strong><\/h2>\n\n\n\n<p>Italialainen Castelluccion kyl\u00e4 sijaitsee Marchen ja Umbrian v\u00e4liss\u00e4 1450 metrin korkeudessa karstisella tasangolla, joka on syntynyt j\u00e4\u00e4kauden j\u00e4rvest\u00e4. Kuin kuutamomaisema, kyl\u00e4 levitt\u00e4ytyy keskell\u00e4 paljaita vuoria, laajoja niittyj\u00e4 ja lukuisia peltoja. Uppoudu kyl\u00e4n vieh\u00e4tt\u00e4v\u00e4\u00e4n maisemaan webbikameramme Castelluccio avulla.<\/p>\n\n\n\n<p>Perinteinen maatalous maanviljelyksineen ja lampaankasvatuksineen leimaa Castellucion kyl\u00e4\u00e4, joka tunnetaan erityisesti linsseist\u00e4\u00e4n. Niill\u00e4 on eritt\u00e4in hieno kuori, mink\u00e4 vuoksi niit\u00e4 ei tarvitse liottaa ja niiden keittoaika on lyhyt. Mutta paitsi korjatut linssit, my\u00f6s linssikasvien kukat tarjoavat kyl\u00e4n ymp\u00e4rill\u00e4 ainutlaatuisen v\u00e4rin\u00e4ytelm\u00e4n. Joka vuosi touko-kes\u00e4kuussa linssikasvit alkavat kukkia muiden luonnonkukkien kanssa ja muuttavat muuten karun maiseman henke\u00e4salpaavaksi kukkamereksi.<\/p><div id=\"weath-885756401\" class=\"weath-inhalt_2 weath-entity-placement\" style=\"margin-top: 15px;margin-right: 25px;margin-bottom: 35px;margin-left: 25px;\"><script async src=\"\/\/pagead2.googlesyndication.com\/pagead\/js\/adsbygoogle.js?client=ca-pub-8960936133935804\" crossorigin=\"anonymous\"><\/script><ins class=\"adsbygoogle\" style=\"display:block;\" data-ad-client=\"ca-pub-8960936133935804\" \ndata-ad-slot=\"1963584050\" \ndata-ad-format=\"auto\"><\/ins>\n<script> \n(adsbygoogle = window.adsbygoogle || []).push({}); \n<\/script>\n<\/div>\n\n\n\n<div class=\"wp-block-columns is-layout-flex wp-container-core-columns-is-layout-9d6595d7 wp-block-columns-is-layout-flex\">\n<div class=\"wp-block-column webcam-column is-layout-flow wp-block-column-is-layout-flow\">\n<h3 class=\"has-text-align-center wp-block-heading\"> \ud83d\udd34 <strong>Webkamera<\/strong> <strong>Castelluccio<\/strong> &#8211; Monte Vettore<\/h3>\n\n\n\n<a name=\"windy-webcam-timelapse-player\" data-id=\"1452601876\" data-play=\"day\" href=\"https:\/\/windy.com\/webcams\/1452601876\" target=\"_blank\" rel=\"noopener\">Capolona: Castelluccio &#8211; Monte Vettore<\/a><script async=\"\" type=\"text\/javascript\" src=\"https:\/\/webcams.windy.com\/webcams\/public\/embed\/script\/player.js\"><\/script>\n<\/div>\n\n\n\n<div class=\"wp-block-column webcam-column is-layout-flow wp-block-column-is-layout-flow\">\n<h3 class=\"has-text-align-center wp-block-heading\"> \ud83d\udd34 <strong>Webkamera Castelluccio<\/strong> &#8211; Norcia<\/h3>\n\n\n\n<a name=\"windy-webcam-timelapse-player\" data-id=\"1646395320\" data-play=\"day\" href=\"https:\/\/windy.com\/webcams\/1646395320\" target=\"_blank\" rel=\"noopener\">Norcia<\/a><script async=\"\" type=\"text\/javascript\" src=\"https:\/\/webcams.windy.com\/webcams\/public\/embed\/script\/player.js\"><\/script>\n<\/div>\n<\/div>\n\n\n\n<div class=\"wp-block-columns is-layout-flex wp-container-core-columns-is-layout-9d6595d7 wp-block-columns-is-layout-flex\">\n<div class=\"wp-block-column webcam-column is-layout-flow wp-block-column-is-layout-flow\">\n<h3 class=\"has-text-align-center wp-block-heading\"> \ud83d\udd34 <strong>Webkamera<\/strong> <strong><strong>Castelluccio<\/strong><\/strong> &#8211; Via delle Fate<\/h3>\n\n\n\n<a name=\"windy-webcam-timelapse-player\" data-id=\"1646395411\" data-play=\"day\" href=\"https:\/\/windy.com\/webcams\/1646395411\" target=\"_blank\" rel=\"noopener\">Norcia<\/a><script async=\"\" type=\"text\/javascript\" src=\"https:\/\/webcams.windy.com\/webcams\/public\/embed\/script\/player.js\"><\/script>\n<\/div>\n\n\n\n<div class=\"wp-block-column webcam-column is-layout-flow wp-block-column-is-layout-flow\">\n<h3 class=\"has-text-align-center wp-block-heading\"> \ud83d\udd34 <strong>Webcam <strong>Castelluccio<\/strong><\/strong> &#8211; Norcia East<\/h3>\n\n\n\n<a name=\"windy-webcam-timelapse-player\" data-id=\"1646395099\" data-play=\"day\" href=\"https:\/\/windy.com\/webcams\/1646395099\" target=\"_blank\" rel=\"noopener\">Norcia<\/a><script async=\"\" type=\"text\/javascript\" src=\"https:\/\/webcams.windy.com\/webcams\/public\/embed\/script\/player.js\"><\/script>\n<\/div>\n<\/div>\n\n\n\n<h2 class=\"wp-block-heading\" id=\"fort-mahon-today\"><strong>S\u00e4\u00e4 tutka Castelluccio &#8211; S\u00e4\u00e4 Castelluccio kaupungissa<\/strong><\/h2>\n\n\n\n<p>Webbikameramme Castelluccio avulla saat reaaliaikaisesti tietoa kyl\u00e4n t\u00e4m\u00e4nhetkisist\u00e4 s\u00e4\u00e4olosuhteista. Lis\u00e4\u00e4 hy\u00f6dyllist\u00e4 s\u00e4\u00e4tietoa Castellucciossa vallitsevista s\u00e4\u00e4olosuhteista saat s\u00e4\u00e4tutkalta. T\u00e4m\u00e4 sis\u00e4lt\u00e4\u00e4 paitsi nykyisen s\u00e4\u00e4ennusteen my\u00f6s kaikki sadealueet, jotka on v\u00e4rikoodattu niiden voimakkuuden mukaan. Sinisell\u00e4 ja vihre\u00e4ll\u00e4 korostetut alueet merkitsev\u00e4t v\u00e4h\u00e4isi\u00e4 sadem\u00e4\u00e4ri\u00e4, kun taas punaiset ja violetit alueet merkitsev\u00e4t voimakkaampia sadem\u00e4\u00e4ri\u00e4, joihin voi liitty\u00e4 ankara s\u00e4\u00e4. Lis\u00e4ksi s\u00e4\u00e4tutka n\u00e4ytt\u00e4\u00e4 my\u00f6s kaikki ukkoset pienten salamasymbolien muodossa. S\u00e4\u00e4tutkamme ja webkameroidemme ansiosta tied\u00e4t siis aina parhaiten Castellucciossa t\u00e4ll\u00e4 hetkell\u00e4 vallitsevista s\u00e4\u00e4olosuhteista.<\/p>\n\n\n\n<div class=\"wp-block-columns is-layout-flex wp-container-core-columns-is-layout-9d6595d7 wp-block-columns-is-layout-flex\">\n<div class=\"wp-block-column is-layout-flow wp-block-column-is-layout-flow\" style=\"flex-basis:75%\">\n<iframe loading=\"lazy\" width=\"1300\" height=\"502\" src=\"https:\/\/embed.windy.com\/embed2.html?lat=42.829&amp;lon=13.206&amp;detailLat=42.829&amp;detailLon=13.206&amp;width=1300&amp;height=502&amp;zoom=11&amp;level=surface&amp;overlay=rain&amp;product=ecmwf&amp;menu=&amp;message=&amp;marker=&amp;calendar=now&amp;pressure=&amp;type=map&amp;location=coordinates&amp;detail=&amp;metricWind=default&amp;metricTemp=default&amp;radarRange=-1\" frameborder=\"0\"><\/iframe>\n<\/div>\n\n\n\n<div class=\"wp-block-column is-layout-flow wp-block-column-is-layout-flow\" style=\"flex-basis:25%\">\n<a class=\"weatherwidget-io\" href=\"https:\/\/forecast7.com\/en\/42d8313d21\/castelluccio\/\" data-label_1=\"CASTELLUCCIO\" data-theme=\"original\" >CASTELLUCCIO<\/a>\n<script>\n!function(d,s,id){var js,fjs=d.getElementsByTagName(s)[0];if(!d.getElementById(id)){js=d.createElement(s);js.id=id;js.src='https:\/\/weatherwidget.io\/js\/widget.min.js';fjs.parentNode.insertBefore(js,fjs);}}(document,'script','weatherwidget-io-js');\n<\/script>\n<\/div>\n<\/div>\n\n\n\n<h2 class=\"wp-block-heading\" id=\"fort-mahon-weather\"><strong>Ilmasto Castelluccio<\/strong><\/h2>\n\n\n\n<p>Castellucciolle on ominaista v\u00e4limerellinen ilmasto, jossa on kohtalaisen l\u00e4mpim\u00e4t kes\u00e4kuukaudet ja kylm\u00e4t talvikuukaudet. Vuoden keskil\u00e4mp\u00f6tila on t\u00e4\u00e4ll\u00e4 15 \u00b0C. L\u00e4mpimin ja aurinkoisin kuukausi on hein\u00e4kuu, jolloin l\u00e4mp\u00f6tila on noin 25 \u00b0C ja auringonpaistetta on 12,4 tuntia. Talvikuukausina on kuitenkin huomattavasti viile\u00e4mp\u00e4\u00e4, ja kylmimp\u00e4n\u00e4 kuukautena, tammikuussa, l\u00e4mp\u00f6tila on keskim\u00e4\u00e4rin 3,9 \u00b0C. Vuoden aikana Castelluccio saa noin 909 mm sadem\u00e4\u00e4r\u00e4\u00e4, ja hein\u00e4kuussa sataa v\u00e4hiten ja marraskuussa eniten.<\/p>\n\n\n\n<h2 class=\"wp-block-heading\"><strong>N\u00e4ht\u00e4vyydet kohteessa Castelluccio<\/strong><\/h2>\n\n\n\n<p>Castelluccion yl\u00e4tasanko tunnetaan ainutlaatuisesta kukinta-ajastaan touko-kes\u00e4kuussa. T\u00e4n\u00e4 aikana muuten yksitoikkoinen tasanko muuttuu v\u00e4rikk\u00e4\u00e4ksi mosaiikiksi kukkivista unikoista, p\u00e4iv\u00e4nkakkaroista, ruiskaunokista ja linssikukista. Lis\u00e4ksi Castelluccio on ainutlaatuisen sijaintinsa ansiosta kaikkien vuoriston yst\u00e4vien unelmapaikka. T\u00e4\u00e4ll\u00e4 sinua odottavat lukuisat vapaa-ajan aktiviteetit. Tutustu ainutlaatuiseen karstimaisemaan ja sen koskemattomaan luontoon patikoidessasi, py\u00f6r\u00e4illess\u00e4si tai ratsastaessasi tai katsele aluetta ilmasta k\u00e4sin varjoliidon tai purjelentokoneen avulla.<\/p>\n","protected":false},"excerpt":{"rendered":"<p>Webcam Castelluccio Italialainen Castelluccion kyl\u00e4 sijaitsee Marchen ja Umbrian v\u00e4liss\u00e4 1450 metrin korkeudessa karstisella tasangolla, joka on syntynyt j\u00e4\u00e4kauden j\u00e4rvest\u00e4. Kuin kuutamomaisema, kyl\u00e4 levitt\u00e4ytyy keskell\u00e4 paljaita vuoria, laajoja niittyj\u00e4 ja lukuisia peltoja. Uppoudu kyl\u00e4n vieh\u00e4tt\u00e4v\u00e4\u00e4n maisemaan webbikameramme Castelluccio avulla. Perinteinen maatalous maanviljelyksineen ja lampaankasvatuksineen leimaa Castellucion kyl\u00e4\u00e4, joka tunnetaan erityisesti linsseist\u00e4\u00e4n. Niill\u00e4 on eritt\u00e4in hieno &#8230; <a title=\"Webkamera Castelluccio\" class=\"read-more\" href=\"https:\/\/weather-radar-live.com\/fi\/webkamera\/italia\/webkamera-castelluccio\/\" aria-label=\"Lue lis\u00e4\u00e4 aiheesta Webkamera Castelluccio\">Lue lis\u00e4\u00e4<\/a><\/p>\n","protected":false},"author":1,"featured_media":6525,"parent":4308,"menu_order":0,"comment_status":"closed","ping_status":"closed","template":"","meta":{"footnotes":""},"class_list":["post-6627","page","type-page","status-publish","has-post-thumbnail"],"yoast_head":"<!-- This site is optimized with the Yoast SEO plugin v27.6 - https:\/\/yoast.com\/product\/yoast-seo-wordpress\/ -->\n<title>Webkamera Castelluccio \u2192 Katso suorana l\u00e4hetyksen\u00e4!<\/title>\n<meta name=\"description\" content=\"Webkamera Castelluccio | Castelluccio Livecam! \u2705 P\u00e4ivitetty sinulle reaaliajassa! \u2705 Ajantasainen s\u00e4\u00e4ennuste!\" \/>\n<meta name=\"robots\" content=\"index, follow, max-snippet:-1, max-image-preview:large, max-video-preview:-1\" \/>\n<link rel=\"canonical\" href=\"https:\/\/weather-radar-live.com\/fi\/webkamera\/italia\/webkamera-castelluccio\/\" \/>\n<meta property=\"og:locale\" content=\"fi_FI\" \/>\n<meta property=\"og:type\" content=\"article\" \/>\n<meta property=\"og:title\" content=\"Webkamera Castelluccio \u2192 Katso suorana l\u00e4hetyksen\u00e4!\" \/>\n<meta property=\"og:description\" content=\"Webkamera Castelluccio | Castelluccio Livecam! \u2705 P\u00e4ivitetty sinulle reaaliajassa! \u2705 Ajantasainen s\u00e4\u00e4ennuste!\" \/>\n<meta property=\"og:url\" content=\"https:\/\/weather-radar-live.com\/fi\/webkamera\/italia\/webkamera-castelluccio\/\" \/>\n<meta property=\"og:site_name\" content=\"weather-radar-live.com\" \/>\n<meta property=\"article:modified_time\" content=\"2022-08-13T11:37:49+00:00\" \/>\n<meta property=\"og:image\" content=\"https:\/\/weather-radar-live.com\/wp-content\/uploads\/2022\/08\/Webcam-Castelluccio.jpg\" \/>\n\t<meta property=\"og:image:width\" content=\"1905\" \/>\n\t<meta property=\"og:image:height\" content=\"903\" \/>\n\t<meta property=\"og:image:type\" content=\"image\/jpeg\" \/>\n<meta name=\"twitter:card\" content=\"summary_large_image\" \/>\n<meta name=\"twitter:label1\" content=\"Arvioitu lukuaika\" \/>\n\t<meta name=\"twitter:data1\" content=\"2 minuuttia\" \/>\n<script type=\"application\/ld+json\" class=\"yoast-schema-graph\">{\"@context\":\"https:\\\/\\\/schema.org\",\"@graph\":[{\"@type\":\"WebPage\",\"@id\":\"https:\\\/\\\/weather-radar-live.com\\\/fi\\\/webkamera\\\/italia\\\/webkamera-castelluccio\\\/\",\"url\":\"https:\\\/\\\/weather-radar-live.com\\\/fi\\\/webkamera\\\/italia\\\/webkamera-castelluccio\\\/\",\"name\":\"Webkamera Castelluccio \u2192 Katso suorana l\u00e4hetyksen\u00e4!\",\"isPartOf\":{\"@id\":\"https:\\\/\\\/weather-radar-live.com\\\/#website\"},\"primaryImageOfPage\":{\"@id\":\"https:\\\/\\\/weather-radar-live.com\\\/fi\\\/webkamera\\\/italia\\\/webkamera-castelluccio\\\/#primaryimage\"},\"image\":{\"@id\":\"https:\\\/\\\/weather-radar-live.com\\\/fi\\\/webkamera\\\/italia\\\/webkamera-castelluccio\\\/#primaryimage\"},\"thumbnailUrl\":\"https:\\\/\\\/weather-radar-live.com\\\/wp-content\\\/uploads\\\/2022\\\/08\\\/Webcam-Castelluccio.jpg\",\"datePublished\":\"2022-08-13T11:26:03+00:00\",\"dateModified\":\"2022-08-13T11:37:49+00:00\",\"description\":\"Webkamera Castelluccio | Castelluccio Livecam! \u2705 P\u00e4ivitetty sinulle reaaliajassa! \u2705 Ajantasainen s\u00e4\u00e4ennuste!\",\"breadcrumb\":{\"@id\":\"https:\\\/\\\/weather-radar-live.com\\\/fi\\\/webkamera\\\/italia\\\/webkamera-castelluccio\\\/#breadcrumb\"},\"inLanguage\":\"fi\",\"potentialAction\":[{\"@type\":\"ReadAction\",\"target\":[\"https:\\\/\\\/weather-radar-live.com\\\/fi\\\/webkamera\\\/italia\\\/webkamera-castelluccio\\\/\"]}]},{\"@type\":\"ImageObject\",\"inLanguage\":\"fi\",\"@id\":\"https:\\\/\\\/weather-radar-live.com\\\/fi\\\/webkamera\\\/italia\\\/webkamera-castelluccio\\\/#primaryimage\",\"url\":\"https:\\\/\\\/weather-radar-live.com\\\/wp-content\\\/uploads\\\/2022\\\/08\\\/Webcam-Castelluccio.jpg\",\"contentUrl\":\"https:\\\/\\\/weather-radar-live.com\\\/wp-content\\\/uploads\\\/2022\\\/08\\\/Webcam-Castelluccio.jpg\",\"width\":1905,\"height\":903,\"caption\":\"Webcam Castelluccio\"},{\"@type\":\"BreadcrumbList\",\"@id\":\"https:\\\/\\\/weather-radar-live.com\\\/fi\\\/webkamera\\\/italia\\\/webkamera-castelluccio\\\/#breadcrumb\",\"itemListElement\":[{\"@type\":\"ListItem\",\"position\":1,\"name\":\"Weather Radar Live\",\"item\":\"https:\\\/\\\/weather-radar-live.com\\\/fi\\\/\"},{\"@type\":\"ListItem\",\"position\":2,\"name\":\"Webkamera\",\"item\":\"https:\\\/\\\/weather-radar-live.com\\\/fi\\\/webkamera\\\/\"},{\"@type\":\"ListItem\",\"position\":3,\"name\":\"Italia\",\"item\":\"https:\\\/\\\/weather-radar-live.com\\\/fi\\\/webkamera\\\/italia\\\/\"},{\"@type\":\"ListItem\",\"position\":4,\"name\":\"Webkamera Castelluccio\"}]},{\"@type\":\"WebSite\",\"@id\":\"https:\\\/\\\/weather-radar-live.com\\\/#website\",\"url\":\"https:\\\/\\\/weather-radar-live.com\\\/\",\"name\":\"weather-radar-live.com\",\"description\":\"Your weather and sky radar.\",\"publisher\":{\"@id\":\"https:\\\/\\\/weather-radar-live.com\\\/#organization\"},\"potentialAction\":[{\"@type\":\"SearchAction\",\"target\":{\"@type\":\"EntryPoint\",\"urlTemplate\":\"https:\\\/\\\/weather-radar-live.com\\\/?s={search_term_string}\"},\"query-input\":{\"@type\":\"PropertyValueSpecification\",\"valueRequired\":true,\"valueName\":\"search_term_string\"}}],\"inLanguage\":\"fi\"},{\"@type\":\"Organization\",\"@id\":\"https:\\\/\\\/weather-radar-live.com\\\/#organization\",\"name\":\"weather-radar-live.com\",\"url\":\"https:\\\/\\\/weather-radar-live.com\\\/\",\"logo\":{\"@type\":\"ImageObject\",\"inLanguage\":\"fi\",\"@id\":\"https:\\\/\\\/weather-radar-live.com\\\/#\\\/schema\\\/logo\\\/image\\\/\",\"url\":\"https:\\\/\\\/weather-radar-live.com\\\/wp-content\\\/uploads\\\/2022\\\/03\\\/cropped-WRL2503.png\",\"contentUrl\":\"https:\\\/\\\/weather-radar-live.com\\\/wp-content\\\/uploads\\\/2022\\\/03\\\/cropped-WRL2503.png\",\"width\":1920,\"height\":555,\"caption\":\"weather-radar-live.com\"},\"image\":{\"@id\":\"https:\\\/\\\/weather-radar-live.com\\\/#\\\/schema\\\/logo\\\/image\\\/\"}}]}<\/script>\n<!-- \/ Yoast SEO plugin. -->","yoast_head_json":{"title":"Webkamera Castelluccio \u2192 Katso suorana l\u00e4hetyksen\u00e4!","description":"Webkamera Castelluccio | Castelluccio Livecam! \u2705 P\u00e4ivitetty sinulle reaaliajassa! \u2705 Ajantasainen s\u00e4\u00e4ennuste!","robots":{"index":"index","follow":"follow","max-snippet":"max-snippet:-1","max-image-preview":"max-image-preview:large","max-video-preview":"max-video-preview:-1"},"canonical":"https:\/\/weather-radar-live.com\/fi\/webkamera\/italia\/webkamera-castelluccio\/","og_locale":"fi_FI","og_type":"article","og_title":"Webkamera Castelluccio \u2192 Katso suorana l\u00e4hetyksen\u00e4!","og_description":"Webkamera Castelluccio | Castelluccio Livecam! \u2705 P\u00e4ivitetty sinulle reaaliajassa! \u2705 Ajantasainen s\u00e4\u00e4ennuste!","og_url":"https:\/\/weather-radar-live.com\/fi\/webkamera\/italia\/webkamera-castelluccio\/","og_site_name":"weather-radar-live.com","article_modified_time":"2022-08-13T11:37:49+00:00","og_image":[{"width":1905,"height":903,"url":"https:\/\/weather-radar-live.com\/wp-content\/uploads\/2022\/08\/Webcam-Castelluccio.jpg","type":"image\/jpeg"}],"twitter_card":"summary_large_image","twitter_misc":{"Arvioitu lukuaika":"2 minuuttia"},"schema":{"@context":"https:\/\/schema.org","@graph":[{"@type":"WebPage","@id":"https:\/\/weather-radar-live.com\/fi\/webkamera\/italia\/webkamera-castelluccio\/","url":"https:\/\/weather-radar-live.com\/fi\/webkamera\/italia\/webkamera-castelluccio\/","name":"Webkamera Castelluccio \u2192 Katso suorana l\u00e4hetyksen\u00e4!","isPartOf":{"@id":"https:\/\/weather-radar-live.com\/#website"},"primaryImageOfPage":{"@id":"https:\/\/weather-radar-live.com\/fi\/webkamera\/italia\/webkamera-castelluccio\/#primaryimage"},"image":{"@id":"https:\/\/weather-radar-live.com\/fi\/webkamera\/italia\/webkamera-castelluccio\/#primaryimage"},"thumbnailUrl":"https:\/\/weather-radar-live.com\/wp-content\/uploads\/2022\/08\/Webcam-Castelluccio.jpg","datePublished":"2022-08-13T11:26:03+00:00","dateModified":"2022-08-13T11:37:49+00:00","description":"Webkamera Castelluccio | Castelluccio Livecam! \u2705 P\u00e4ivitetty sinulle reaaliajassa! \u2705 Ajantasainen s\u00e4\u00e4ennuste!","breadcrumb":{"@id":"https:\/\/weather-radar-live.com\/fi\/webkamera\/italia\/webkamera-castelluccio\/#breadcrumb"},"inLanguage":"fi","potentialAction":[{"@type":"ReadAction","target":["https:\/\/weather-radar-live.com\/fi\/webkamera\/italia\/webkamera-castelluccio\/"]}]},{"@type":"ImageObject","inLanguage":"fi","@id":"https:\/\/weather-radar-live.com\/fi\/webkamera\/italia\/webkamera-castelluccio\/#primaryimage","url":"https:\/\/weather-radar-live.com\/wp-content\/uploads\/2022\/08\/Webcam-Castelluccio.jpg","contentUrl":"https:\/\/weather-radar-live.com\/wp-content\/uploads\/2022\/08\/Webcam-Castelluccio.jpg","width":1905,"height":903,"caption":"Webcam Castelluccio"},{"@type":"BreadcrumbList","@id":"https:\/\/weather-radar-live.com\/fi\/webkamera\/italia\/webkamera-castelluccio\/#breadcrumb","itemListElement":[{"@type":"ListItem","position":1,"name":"Weather Radar Live","item":"https:\/\/weather-radar-live.com\/fi\/"},{"@type":"ListItem","position":2,"name":"Webkamera","item":"https:\/\/weather-radar-live.com\/fi\/webkamera\/"},{"@type":"ListItem","position":3,"name":"Italia","item":"https:\/\/weather-radar-live.com\/fi\/webkamera\/italia\/"},{"@type":"ListItem","position":4,"name":"Webkamera Castelluccio"}]},{"@type":"WebSite","@id":"https:\/\/weather-radar-live.com\/#website","url":"https:\/\/weather-radar-live.com\/","name":"weather-radar-live.com","description":"Your weather and sky radar.","publisher":{"@id":"https:\/\/weather-radar-live.com\/#organization"},"potentialAction":[{"@type":"SearchAction","target":{"@type":"EntryPoint","urlTemplate":"https:\/\/weather-radar-live.com\/?s={search_term_string}"},"query-input":{"@type":"PropertyValueSpecification","valueRequired":true,"valueName":"search_term_string"}}],"inLanguage":"fi"},{"@type":"Organization","@id":"https:\/\/weather-radar-live.com\/#organization","name":"weather-radar-live.com","url":"https:\/\/weather-radar-live.com\/","logo":{"@type":"ImageObject","inLanguage":"fi","@id":"https:\/\/weather-radar-live.com\/#\/schema\/logo\/image\/","url":"https:\/\/weather-radar-live.com\/wp-content\/uploads\/2022\/03\/cropped-WRL2503.png","contentUrl":"https:\/\/weather-radar-live.com\/wp-content\/uploads\/2022\/03\/cropped-WRL2503.png","width":1920,"height":555,"caption":"weather-radar-live.com"},"image":{"@id":"https:\/\/weather-radar-live.com\/#\/schema\/logo\/image\/"}}]}},"_links":{"self":[{"href":"https:\/\/weather-radar-live.com\/fi\/wp-json\/wp\/v2\/pages\/6627","targetHints":{"allow":["GET"]}}],"collection":[{"href":"https:\/\/weather-radar-live.com\/fi\/wp-json\/wp\/v2\/pages"}],"about":[{"href":"https:\/\/weather-radar-live.com\/fi\/wp-json\/wp\/v2\/types\/page"}],"author":[{"embeddable":true,"href":"https:\/\/weather-radar-live.com\/fi\/wp-json\/wp\/v2\/users\/1"}],"replies":[{"embeddable":true,"href":"https:\/\/weather-radar-live.com\/fi\/wp-json\/wp\/v2\/comments?post=6627"}],"version-history":[{"count":2,"href":"https:\/\/weather-radar-live.com\/fi\/wp-json\/wp\/v2\/pages\/6627\/revisions"}],"predecessor-version":[{"id":6630,"href":"https:\/\/weather-radar-live.com\/fi\/wp-json\/wp\/v2\/pages\/6627\/revisions\/6630"}],"up":[{"embeddable":true,"href":"https:\/\/weather-radar-live.com\/fi\/wp-json\/wp\/v2\/pages\/4308"}],"wp:featuredmedia":[{"embeddable":true,"href":"https:\/\/weather-radar-live.com\/fi\/wp-json\/wp\/v2\/media\/6525"}],"wp:attachment":[{"href":"https:\/\/weather-radar-live.com\/fi\/wp-json\/wp\/v2\/media?parent=6627"}],"curies":[{"name":"wp","href":"https:\/\/api.w.org\/{rel}","templated":true}]}}