{"id":6574,"date":"2022-08-11T15:07:45","date_gmt":"2022-08-11T13:07:45","guid":{"rendered":"https:\/\/weather-radar-live.com\/?page_id=6574"},"modified":"2022-08-11T15:12:18","modified_gmt":"2022-08-11T13:12:18","slug":"webkamera-stelvio","status":"publish","type":"page","link":"https:\/\/weather-radar-live.com\/fi\/webkamera\/italia\/webkamera-stelvio\/","title":{"rendered":"Webkamera Stelvio"},"content":{"rendered":"<div id=\"weath-937974962\" class=\"weath-vor-dem-inhalt weath-entity-placement\" style=\"margin-top: 15px;margin-right: 25px;margin-bottom: 40px;margin-left: 25px;\"><script async src=\"\/\/pagead2.googlesyndication.com\/pagead\/js\/adsbygoogle.js?client=ca-pub-8960936133935804\" crossorigin=\"anonymous\"><\/script><ins class=\"adsbygoogle\" style=\"display:block;\" data-ad-client=\"ca-pub-8960936133935804\" \ndata-ad-slot=\"6172817020\" \ndata-ad-format=\"auto\"><\/ins>\n<script> \n(adsbygoogle = window.adsbygoogle || []).push({}); \n<\/script>\n<\/div>\n<div class=\"wp-block-cover alignfull is-light\"><span aria-hidden=\"true\" class=\"wp-block-cover__gradient-background has-background-dim\"><\/span><img decoding=\"async\" class=\"wp-block-cover__image-background wp-image-342\" alt=\"Webkamera Stelvio\" src=\"https:\/\/weather-radar-live.com\/wp-content\/uploads\/2021\/06\/sam-schooler-E9aetBe2w40-unsplash-e1622554814366.jpg\" data-object-fit=\"cover\"\/><div class=\"wp-block-cover__inner-container is-layout-flow wp-block-cover-is-layout-flow\">\n<h2 class=\"has-text-align-center heading wp-block-heading\" id=\"webcam-fort-mahon\" style=\"font-size:40px\"><strong><mark style=\"background-color:rgba(0, 0, 0, 0)\" class=\"has-inline-color has-base-3-color\">WEBKAMERA <\/mark><\/strong><br><strong><mark style=\"background-color:rgba(0, 0, 0, 0)\" class=\"has-inline-color has-base-3-color\">STELVIO<\/mark><\/strong><\/h2>\n<\/div><\/div>\n\n\n<div class=\"yoast-breadcrumbs\"><span><span><a href=\"https:\/\/weather-radar-live.com\/fi\/\">Weather Radar Live<\/a><\/span> \u00bb <span><a href=\"https:\/\/weather-radar-live.com\/fi\/webkamera\/\">Webkamera<\/a><\/span> \u00bb <span><a href=\"https:\/\/weather-radar-live.com\/fi\/webkamera\/italia\/\">Italia<\/a><\/span> \u00bb <span class=\"breadcrumb_last\" aria-current=\"page\"><strong>Webkamera Stelvio<\/strong><\/span><\/span><\/div>\n\n\n<h2 class=\"has-text-align-center wp-block-heading\" id=\"webcam-fort-mahon\"><strong>Webkamera Stelvio<\/strong><\/h2>\n\n\n\n<p>Passo dello Stelvion sola, joka tunnetaan my\u00f6s nimell\u00e4 Stelvion sola, sijaitsee Ortlesin Alpeilla ja yhdist\u00e4\u00e4 Bormion kaupungin Lombardiassa ja Pradin kaupungin Etel\u00e4-Tirolissa. Samalla Passo dello Stelvio on 2 757 metrin korkeudellaan paitsi Italian korkein solatie my\u00f6s toiseksi korkein solatie Alpeilla Col de I&#8217;Iseranin j\u00e4lkeen. Tutustu ainutlaatuiseen solaan webbikameramme Stelvion avulla ja ihastu henke\u00e4salpaaviin reaaliaikaisiin kuviin.<\/p>\n\n\n\n<p>Passo dello Stelviota kutsutaan usein my\u00f6s vuoristosolmujen kuningattareksi tai Euroopan korkeimmaksi tivoliksi. Se, miss\u00e4 m\u00e4\u00e4rin n\u00e4m\u00e4 nimitykset todella p\u00e4tev\u00e4t solaan, on t\u00e4ysin sinun p\u00e4\u00e4tett\u00e4viss\u00e4si.<\/p><div id=\"weath-3395688523\" class=\"weath-inhalt_2 weath-entity-placement\" style=\"margin-top: 15px;margin-right: 25px;margin-bottom: 35px;margin-left: 25px;\"><script async src=\"\/\/pagead2.googlesyndication.com\/pagead\/js\/adsbygoogle.js?client=ca-pub-8960936133935804\" crossorigin=\"anonymous\"><\/script><ins class=\"adsbygoogle\" style=\"display:block;\" data-ad-client=\"ca-pub-8960936133935804\" \ndata-ad-slot=\"1963584050\" \ndata-ad-format=\"auto\"><\/ins>\n<script> \n(adsbygoogle = window.adsbygoogle || []).push({}); \n<\/script>\n<\/div>\n\n\n\n<div class=\"wp-block-columns is-layout-flex wp-container-core-columns-is-layout-9d6595d7 wp-block-columns-is-layout-flex\">\n<div class=\"wp-block-column webcam-column is-layout-flow wp-block-column-is-layout-flow\">\n<h3 class=\"has-text-align-center wp-block-heading\"> \ud83d\udd34 <strong><strong>Webkamera<\/strong><\/strong> <strong>Stelvio<\/strong> <strong>&#8211;<\/strong> Passo dello Stelvio<\/h3>\n\n\n\n<a name=\"windy-webcam-timelapse-player\" data-id=\"1462286437\" data-play=\"day\" href=\"https:\/\/windy.com\/webcams\/1462286437\" target=\"_blank\" rel=\"noopener\">Madot Valtellinassa: Stelvio &#8211; Passo dello Stelvio<\/a><script async=\"\" type=\"text\/javascript\" src=\"https:\/\/webcams.windy.com\/webcams\/public\/embed\/script\/player.js\"><\/script>\n<\/div>\n\n\n\n<div class=\"wp-block-column webcam-column is-layout-flow wp-block-column-is-layout-flow\">\n<h3 class=\"has-text-align-center wp-block-heading\"> \ud83d\udd34 <strong>Webkamera Stelvio<\/strong> &#8211; etel\u00e4\u00e4n<\/h3>\n\n\n\n<a name=\"windy-webcam-timelapse-player\" data-id=\"1462286446\" data-play=\"day\" href=\"https:\/\/windy.com\/webcams\/1462286446\" target=\"_blank\" rel=\"noopener\">Worms Valtellina: Stelvio &#8211; Passo dello Stelvio<\/a><script async=\"\" type=\"text\/javascript\" src=\"https:\/\/webcams.windy.com\/webcams\/public\/embed\/script\/player.js\"><\/script>\n<\/div>\n<\/div>\n\n\n\n<div class=\"wp-block-columns is-layout-flex wp-container-core-columns-is-layout-9d6595d7 wp-block-columns-is-layout-flex\">\n<div class=\"wp-block-column webcam-column is-layout-flow wp-block-column-is-layout-flow\">\n<h3 class=\"has-text-align-center wp-block-heading\"> \ud83d\udd34 <strong><strong>Webkamera<\/strong><\/strong> <strong>Stelvio<\/strong> &#8211; Worms in Valtellina<\/h3>\n\n\n\n<a name=\"windy-webcam-timelapse-player\" data-id=\"1462286441\" data-play=\"day\" href=\"https:\/\/windy.com\/webcams\/1462286441\" target=\"_blank\" rel=\"noopener\">Worms in Valtellina: Stelvio &#8211; Passo dello Stelvio<\/a><script async=\"\" type=\"text\/javascript\" src=\"https:\/\/webcams.windy.com\/webcams\/public\/embed\/script\/player.js\"><\/script>\n<\/div>\n\n\n\n<div class=\"wp-block-column webcam-column is-layout-flow wp-block-column-is-layout-flow\">\n<h3 class=\"has-text-align-center wp-block-heading\"> \ud83d\udd34 <strong><strong>Webkamera<\/strong><\/strong> <strong>Stelvio<\/strong> &#8211; Stelvio<\/h3>\n\n\n\n<a name=\"windy-webcam-timelapse-player\" data-id=\"1203067603\" data-play=\"day\" href=\"https:\/\/windy.com\/webcams\/1203067603\" target=\"_blank\" rel=\"noopener\">Stilfs<\/a><script async=\"\" type=\"text\/javascript\" src=\"https:\/\/webcams.windy.com\/webcams\/public\/embed\/script\/player.js\"><\/script>\n<\/div>\n<\/div>\n\n\n\n<div class=\"wp-block-columns is-layout-flex wp-container-core-columns-is-layout-9d6595d7 wp-block-columns-is-layout-flex\">\n<div class=\"wp-block-column webcam-column is-layout-flow wp-block-column-is-layout-flow\">\n<h3 class=\"has-text-align-center wp-block-heading\"> \ud83d\udd34 <strong><strong>Webkamera Stelvio &#8211;<\/strong><\/strong> Rinne<\/h3>\n\n\n\n<a name=\"windy-webcam-timelapse-player\" data-id=\"1203067577\" data-play=\"day\" href=\"https:\/\/windy.com\/webcams\/1203067577\" target=\"_blank\" rel=\"noopener\">Stilfs: LIVRIO &#8211; Passo &#8211; PISTE sci estivo<\/a><script async=\"\" type=\"text\/javascript\" src=\"https:\/\/webcams.windy.com\/webcams\/public\/embed\/script\/player.js\"><\/script>\n<\/div>\n\n\n\n<div class=\"wp-block-column webcam-column is-layout-flow wp-block-column-is-layout-flow\">\n<h3 class=\"has-text-align-center wp-block-heading\"> \ud83d\udd34 <strong><strong>Webkamera<\/strong><\/strong> <strong>Stelvio<\/strong> &#8211; Keskusta<\/h3>\n\n\n\n<a name=\"windy-webcam-timelapse-player\" data-id=\"1347450910\" data-play=\"day\" href=\"https:\/\/windy.com\/webcams\/1347450910\" target=\"_blank\" rel=\"noopener\">Stilfs: Passo dello<\/a><script async=\"\" type=\"text\/javascript\" src=\"https:\/\/webcams.windy.com\/webcams\/public\/embed\/script\/player.js\"><\/script>\n<\/div>\n<\/div>\n\n\n\n<div class=\"wp-block-columns is-layout-flex wp-container-core-columns-is-layout-9d6595d7 wp-block-columns-is-layout-flex\">\n<div class=\"wp-block-column webcam-column is-layout-flow wp-block-column-is-layout-flow\">\n<h3 class=\"has-text-align-center wp-block-heading\"> \ud83d\udd34 <strong>Webcam Stelvio<\/strong> &#8211; Terrazza Pirovano<\/h3>\n\n\n\n<a name=\"windy-webcam-timelapse-player\" data-id=\"1399533446\" data-play=\"day\" href=\"https:\/\/windy.com\/webcams\/1399533446\" target=\"_blank\" rel=\"noopener\">Stilfs: Terrazza Pirovano<\/a><script async=\"\" type=\"text\/javascript\" src=\"https:\/\/webcams.windy.com\/webcams\/public\/embed\/script\/player.js\"><\/script>\n<\/div>\n\n\n\n<div class=\"wp-block-column webcam-column is-layout-flow wp-block-column-is-layout-flow\">\n<h3 class=\"has-text-align-center wp-block-heading\"> \ud83d\udd34 <strong>Webcam Stelvio<\/strong> &#8211; Pohjoinen<\/h3>\n\n\n\n<a name=\"windy-webcam-timelapse-player\" data-id=\"1203094581\" data-play=\"day\" href=\"https:\/\/windy.com\/webcams\/1203094581\" target=\"_blank\" rel=\"noopener\">Stilfs: PASSO &#8211; WEBCAM<\/a><script async=\"\" type=\"text\/javascript\" src=\"https:\/\/webcams.windy.com\/webcams\/public\/embed\/script\/player.js\"><\/script>\n<\/div>\n<\/div>\n\n\n\n<h2 class=\"wp-block-heading\" id=\"fort-mahon-today\"><strong>S\u00e4\u00e4 tutka Stelvio &#8211; S\u00e4\u00e4 Stelviossa<\/strong><\/h2>\n\n\n\n<p>Webbikameramme Stelvio pit\u00e4\u00e4 sinulle reaaliajassa arvokasta tietoa ajankohtaisista s\u00e4\u00e4olosuhteista paikan p\u00e4\u00e4ll\u00e4. T\u00e4t\u00e4 kattavaa s\u00e4\u00e4tietoa t\u00e4ydent\u00e4\u00e4 s\u00e4\u00e4tutkamme, joka n\u00e4ytt\u00e4\u00e4 sinulle ajantasaisen s\u00e4\u00e4ennusteen lis\u00e4ksi my\u00f6s nykyiset sadealueet. Kaikki sadealueet on merkitty eri v\u00e4reill\u00e4 niiden voimakkuuden mukaan. Siniset ja vihre\u00e4t alueet merkitsev\u00e4t v\u00e4h\u00e4ist\u00e4 sadem\u00e4\u00e4r\u00e4\u00e4, kun taas violetit ja punaiset alueet merkitsev\u00e4t voimakkaampaa sadem\u00e4\u00e4r\u00e4\u00e4, johon voi liitty\u00e4 my\u00f6s vaikea s\u00e4\u00e4. Lis\u00e4ksi s\u00e4\u00e4tutka n\u00e4ytt\u00e4\u00e4 my\u00f6s kaikki nykyiset ukkoset pienell\u00e4 salamasymbolilla. Webbikameramme ja s\u00e4\u00e4tutkan avulla olet siis aina hyvin perill\u00e4 Stelvion nykyisist\u00e4 s\u00e4\u00e4olosuhteista.<\/p>\n\n\n\n<div class=\"wp-block-columns is-layout-flex wp-container-core-columns-is-layout-9d6595d7 wp-block-columns-is-layout-flex\">\n<div class=\"wp-block-column is-layout-flow wp-block-column-is-layout-flow\" style=\"flex-basis:75%\">\n<iframe loading=\"lazy\" width=\"1300\" height=\"502\" src=\"https:\/\/embed.windy.com\/embed2.html?lat=46.529&amp;lon=10.439&amp;detailLat=46.529&amp;detailLon=10.439&amp;width=1300&amp;height=502&amp;zoom=11&amp;level=surface&amp;overlay=rain&amp;product=ecmwf&amp;menu=&amp;message=&amp;marker=&amp;calendar=now&amp;pressure=&amp;type=map&amp;location=coordinates&amp;detail=&amp;metricWind=default&amp;metricTemp=default&amp;radarRange=-1\" frameborder=\"0\"><\/iframe>\n<\/div>\n\n\n\n<div class=\"wp-block-column is-layout-flow wp-block-column-is-layout-flow\" style=\"flex-basis:25%\">\n<a class=\"weatherwidget-io\" href=\"https:\/\/forecast7.com\/en\/46d6010d54\/stilfs\/\" data-label_1=\"STELVIO\" data-theme=\"original\" >STELVIO<\/a>\n<script>\n!function(d,s,id){var js,fjs=d.getElementsByTagName(s)[0];if(!d.getElementById(id)){js=d.createElement(s);js.id=id;js.src='https:\/\/weatherwidget.io\/js\/widget.min.js';fjs.parentNode.insertBefore(js,fjs);}}(document,'script','weatherwidget-io-js');\n<\/script>\n<\/div>\n<\/div>\n\n\n\n<h2 class=\"wp-block-heading\" id=\"fort-mahon-weather\"><strong>Ilmasto Stelviossa<\/strong><\/h2>\n\n\n\n<p>Stelvio kuuluu keskileveysasteiden ilmastovy\u00f6hykkeeseen, ja sille on ominaista mannerilmasto. Vuoden keskil\u00e4mp\u00f6tila on t\u00e4\u00e4ll\u00e4 18 \u00b0C ja auringonpaisteen keskim\u00e4\u00e4r\u00e4inen kesto on 5 tuntia p\u00e4iv\u00e4ss\u00e4. Kes\u00e4kuukausina l\u00e4mp\u00f6tila nousee niin, ett\u00e4 hein\u00e4kuun korkeimmat l\u00e4mp\u00f6tilat ovat keskim\u00e4\u00e4rin 29 \u00b0C. Talvella l\u00e4mp\u00f6tilat taas laskevat huomattavasti, ja tammikuu on kylmin kuukausi, jolloin keskil\u00e4mp\u00f6tila on -10 \u00b0C. Tammikuu on my\u00f6s kylmin.<\/p>\n\n\n\n<h2 class=\"wp-block-heading\"><strong>Stelvion n\u00e4ht\u00e4vyydet<\/strong><\/h2>\n\n\n\n<p>Passo dello Stelvion tie on kauttaaltaan p\u00e4\u00e4llystetty, ja se on avoinna liikenteelle toukokuusta marraskuuhun. N\u00e4in\u00e4 kuukausina se on eritt\u00e4in vilkas, sill\u00e4 solan 48 hiusneulaa houkuttelevat erityisesti moottoripy\u00f6r\u00e4ilij\u00f6it\u00e4. Niinp\u00e4 t\u00e4\u00e4ll\u00e4 j\u00e4rjestet\u00e4\u00e4n joka vuosi hein\u00e4kuun ensimm\u00e4isell\u00e4 viikolla kansainv\u00e4linen kokous, johon kokoontuu satoja moottoripy\u00f6r\u00e4ilij\u00f6it\u00e4. Mutta my\u00f6s autoilijoille solatie upeine ymp\u00e4rist\u00f6ineen ja mahtavine vuoristopanoraamoineen keskell\u00e4 Alppeja on ajomatkan arvoinen. T\u00e4m\u00e4 johtuu siit\u00e4, ett\u00e4 Passo dello Stelvio sijaitsee vieh\u00e4tt\u00e4v\u00e4ss\u00e4 Stilfser Jochin kansallispuistossa, jota Ortlerin massiivin huiput kehyst\u00e4v\u00e4t. Passo dello Stelviolla odottaa kaikkia py\u00f6r\u00e4ilyn harrastajia todellinen haaste. Erityisesti autottomana py\u00f6r\u00e4ilyp\u00e4iv\u00e4n\u00e4 Stelvion sola on suosittu maantiepy\u00f6r\u00e4ilij\u00f6iden kohde.<\/p>\n","protected":false},"excerpt":{"rendered":"<p>Webkamera Stelvio Passo dello Stelvion sola, joka tunnetaan my\u00f6s nimell\u00e4 Stelvion sola, sijaitsee Ortlesin Alpeilla ja yhdist\u00e4\u00e4 Bormion kaupungin Lombardiassa ja Pradin kaupungin Etel\u00e4-Tirolissa. Samalla Passo dello Stelvio on 2 757 metrin korkeudellaan paitsi Italian korkein solatie my\u00f6s toiseksi korkein solatie Alpeilla Col de I&#8217;Iseranin j\u00e4lkeen. Tutustu ainutlaatuiseen solaan webbikameramme Stelvion avulla ja ihastu henke\u00e4salpaaviin &#8230; <a title=\"Webkamera Stelvio\" class=\"read-more\" href=\"https:\/\/weather-radar-live.com\/fi\/webkamera\/italia\/webkamera-stelvio\/\" aria-label=\"Lue lis\u00e4\u00e4 aiheesta Webkamera Stelvio\">Lue lis\u00e4\u00e4<\/a><\/p>\n","protected":false},"author":1,"featured_media":6510,"parent":4308,"menu_order":0,"comment_status":"closed","ping_status":"closed","template":"","meta":{"footnotes":""},"class_list":["post-6574","page","type-page","status-publish","has-post-thumbnail"],"yoast_head":"<!-- This site is optimized with the Yoast SEO plugin v27.3 - https:\/\/yoast.com\/product\/yoast-seo-wordpress\/ -->\n<title>Webkamera Stelvio \u2192 Katso suorana l\u00e4hetyksen\u00e4!<\/title>\n<meta name=\"description\" content=\"Webkamera Stelvio | Stelvion live-kamera! \u2705 P\u00e4ivitetty sinulle reaaliajassa! \u2705 Ajantasainen s\u00e4\u00e4ennuste!\" \/>\n<meta name=\"robots\" content=\"index, follow, max-snippet:-1, max-image-preview:large, max-video-preview:-1\" \/>\n<link rel=\"canonical\" href=\"https:\/\/weather-radar-live.com\/fi\/webkamera\/italia\/webkamera-stelvio\/\" \/>\n<meta property=\"og:locale\" content=\"fi_FI\" \/>\n<meta property=\"og:type\" content=\"article\" \/>\n<meta property=\"og:title\" content=\"Webkamera Stelvio \u2192 Katso suorana l\u00e4hetyksen\u00e4!\" \/>\n<meta property=\"og:description\" content=\"Webkamera Stelvio | Stelvion live-kamera! \u2705 P\u00e4ivitetty sinulle reaaliajassa! \u2705 Ajantasainen s\u00e4\u00e4ennuste!\" \/>\n<meta property=\"og:url\" content=\"https:\/\/weather-radar-live.com\/fi\/webkamera\/italia\/webkamera-stelvio\/\" \/>\n<meta property=\"og:site_name\" content=\"weather-radar-live.com\" \/>\n<meta property=\"article:modified_time\" content=\"2022-08-11T13:12:18+00:00\" \/>\n<meta property=\"og:image\" content=\"https:\/\/weather-radar-live.com\/wp-content\/uploads\/2022\/08\/Webcam-Stelvio-e1660149388700.jpg\" \/>\n\t<meta property=\"og:image:width\" content=\"1895\" \/>\n\t<meta property=\"og:image:height\" content=\"735\" \/>\n\t<meta property=\"og:image:type\" content=\"image\/jpeg\" \/>\n<meta name=\"twitter:card\" content=\"summary_large_image\" \/>\n<meta name=\"twitter:label1\" content=\"Arvioitu lukuaika\" \/>\n\t<meta name=\"twitter:data1\" content=\"2 minuuttia\" \/>\n<script type=\"application\/ld+json\" class=\"yoast-schema-graph\">{\"@context\":\"https:\\\/\\\/schema.org\",\"@graph\":[{\"@type\":\"WebPage\",\"@id\":\"https:\\\/\\\/weather-radar-live.com\\\/fi\\\/webkamera\\\/italia\\\/webkamera-stelvio\\\/\",\"url\":\"https:\\\/\\\/weather-radar-live.com\\\/fi\\\/webkamera\\\/italia\\\/webkamera-stelvio\\\/\",\"name\":\"Webkamera Stelvio \u2192 Katso suorana l\u00e4hetyksen\u00e4!\",\"isPartOf\":{\"@id\":\"https:\\\/\\\/weather-radar-live.com\\\/#website\"},\"primaryImageOfPage\":{\"@id\":\"https:\\\/\\\/weather-radar-live.com\\\/fi\\\/webkamera\\\/italia\\\/webkamera-stelvio\\\/#primaryimage\"},\"image\":{\"@id\":\"https:\\\/\\\/weather-radar-live.com\\\/fi\\\/webkamera\\\/italia\\\/webkamera-stelvio\\\/#primaryimage\"},\"thumbnailUrl\":\"https:\\\/\\\/weather-radar-live.com\\\/wp-content\\\/uploads\\\/2022\\\/08\\\/Webcam-Stelvio-e1660149388700.jpg\",\"datePublished\":\"2022-08-11T13:07:45+00:00\",\"dateModified\":\"2022-08-11T13:12:18+00:00\",\"description\":\"Webkamera Stelvio | Stelvion live-kamera! \u2705 P\u00e4ivitetty sinulle reaaliajassa! \u2705 Ajantasainen s\u00e4\u00e4ennuste!\",\"breadcrumb\":{\"@id\":\"https:\\\/\\\/weather-radar-live.com\\\/fi\\\/webkamera\\\/italia\\\/webkamera-stelvio\\\/#breadcrumb\"},\"inLanguage\":\"fi\",\"potentialAction\":[{\"@type\":\"ReadAction\",\"target\":[\"https:\\\/\\\/weather-radar-live.com\\\/fi\\\/webkamera\\\/italia\\\/webkamera-stelvio\\\/\"]}]},{\"@type\":\"ImageObject\",\"inLanguage\":\"fi\",\"@id\":\"https:\\\/\\\/weather-radar-live.com\\\/fi\\\/webkamera\\\/italia\\\/webkamera-stelvio\\\/#primaryimage\",\"url\":\"https:\\\/\\\/weather-radar-live.com\\\/wp-content\\\/uploads\\\/2022\\\/08\\\/Webcam-Stelvio-e1660149388700.jpg\",\"contentUrl\":\"https:\\\/\\\/weather-radar-live.com\\\/wp-content\\\/uploads\\\/2022\\\/08\\\/Webcam-Stelvio-e1660149388700.jpg\",\"width\":1895,\"height\":735,\"caption\":\"Webcam Stelvio\"},{\"@type\":\"BreadcrumbList\",\"@id\":\"https:\\\/\\\/weather-radar-live.com\\\/fi\\\/webkamera\\\/italia\\\/webkamera-stelvio\\\/#breadcrumb\",\"itemListElement\":[{\"@type\":\"ListItem\",\"position\":1,\"name\":\"Weather Radar Live\",\"item\":\"https:\\\/\\\/weather-radar-live.com\\\/fi\\\/\"},{\"@type\":\"ListItem\",\"position\":2,\"name\":\"Webkamera\",\"item\":\"https:\\\/\\\/weather-radar-live.com\\\/fi\\\/webkamera\\\/\"},{\"@type\":\"ListItem\",\"position\":3,\"name\":\"Italia\",\"item\":\"https:\\\/\\\/weather-radar-live.com\\\/fi\\\/webkamera\\\/italia\\\/\"},{\"@type\":\"ListItem\",\"position\":4,\"name\":\"Webkamera Stelvio\"}]},{\"@type\":\"WebSite\",\"@id\":\"https:\\\/\\\/weather-radar-live.com\\\/#website\",\"url\":\"https:\\\/\\\/weather-radar-live.com\\\/\",\"name\":\"weather-radar-live.com\",\"description\":\"Your weather and sky radar.\",\"publisher\":{\"@id\":\"https:\\\/\\\/weather-radar-live.com\\\/#organization\"},\"potentialAction\":[{\"@type\":\"SearchAction\",\"target\":{\"@type\":\"EntryPoint\",\"urlTemplate\":\"https:\\\/\\\/weather-radar-live.com\\\/?s={search_term_string}\"},\"query-input\":{\"@type\":\"PropertyValueSpecification\",\"valueRequired\":true,\"valueName\":\"search_term_string\"}}],\"inLanguage\":\"fi\"},{\"@type\":\"Organization\",\"@id\":\"https:\\\/\\\/weather-radar-live.com\\\/#organization\",\"name\":\"weather-radar-live.com\",\"url\":\"https:\\\/\\\/weather-radar-live.com\\\/\",\"logo\":{\"@type\":\"ImageObject\",\"inLanguage\":\"fi\",\"@id\":\"https:\\\/\\\/weather-radar-live.com\\\/#\\\/schema\\\/logo\\\/image\\\/\",\"url\":\"https:\\\/\\\/weather-radar-live.com\\\/wp-content\\\/uploads\\\/2022\\\/03\\\/cropped-WRL2503.png\",\"contentUrl\":\"https:\\\/\\\/weather-radar-live.com\\\/wp-content\\\/uploads\\\/2022\\\/03\\\/cropped-WRL2503.png\",\"width\":1920,\"height\":555,\"caption\":\"weather-radar-live.com\"},\"image\":{\"@id\":\"https:\\\/\\\/weather-radar-live.com\\\/#\\\/schema\\\/logo\\\/image\\\/\"}}]}<\/script>\n<!-- \/ Yoast SEO plugin. -->","yoast_head_json":{"title":"Webkamera Stelvio \u2192 Katso suorana l\u00e4hetyksen\u00e4!","description":"Webkamera Stelvio | Stelvion live-kamera! \u2705 P\u00e4ivitetty sinulle reaaliajassa! \u2705 Ajantasainen s\u00e4\u00e4ennuste!","robots":{"index":"index","follow":"follow","max-snippet":"max-snippet:-1","max-image-preview":"max-image-preview:large","max-video-preview":"max-video-preview:-1"},"canonical":"https:\/\/weather-radar-live.com\/fi\/webkamera\/italia\/webkamera-stelvio\/","og_locale":"fi_FI","og_type":"article","og_title":"Webkamera Stelvio \u2192 Katso suorana l\u00e4hetyksen\u00e4!","og_description":"Webkamera Stelvio | Stelvion live-kamera! \u2705 P\u00e4ivitetty sinulle reaaliajassa! \u2705 Ajantasainen s\u00e4\u00e4ennuste!","og_url":"https:\/\/weather-radar-live.com\/fi\/webkamera\/italia\/webkamera-stelvio\/","og_site_name":"weather-radar-live.com","article_modified_time":"2022-08-11T13:12:18+00:00","og_image":[{"width":1895,"height":735,"url":"https:\/\/weather-radar-live.com\/wp-content\/uploads\/2022\/08\/Webcam-Stelvio-e1660149388700.jpg","type":"image\/jpeg"}],"twitter_card":"summary_large_image","twitter_misc":{"Arvioitu lukuaika":"2 minuuttia"},"schema":{"@context":"https:\/\/schema.org","@graph":[{"@type":"WebPage","@id":"https:\/\/weather-radar-live.com\/fi\/webkamera\/italia\/webkamera-stelvio\/","url":"https:\/\/weather-radar-live.com\/fi\/webkamera\/italia\/webkamera-stelvio\/","name":"Webkamera Stelvio \u2192 Katso suorana l\u00e4hetyksen\u00e4!","isPartOf":{"@id":"https:\/\/weather-radar-live.com\/#website"},"primaryImageOfPage":{"@id":"https:\/\/weather-radar-live.com\/fi\/webkamera\/italia\/webkamera-stelvio\/#primaryimage"},"image":{"@id":"https:\/\/weather-radar-live.com\/fi\/webkamera\/italia\/webkamera-stelvio\/#primaryimage"},"thumbnailUrl":"https:\/\/weather-radar-live.com\/wp-content\/uploads\/2022\/08\/Webcam-Stelvio-e1660149388700.jpg","datePublished":"2022-08-11T13:07:45+00:00","dateModified":"2022-08-11T13:12:18+00:00","description":"Webkamera Stelvio | Stelvion live-kamera! \u2705 P\u00e4ivitetty sinulle reaaliajassa! \u2705 Ajantasainen s\u00e4\u00e4ennuste!","breadcrumb":{"@id":"https:\/\/weather-radar-live.com\/fi\/webkamera\/italia\/webkamera-stelvio\/#breadcrumb"},"inLanguage":"fi","potentialAction":[{"@type":"ReadAction","target":["https:\/\/weather-radar-live.com\/fi\/webkamera\/italia\/webkamera-stelvio\/"]}]},{"@type":"ImageObject","inLanguage":"fi","@id":"https:\/\/weather-radar-live.com\/fi\/webkamera\/italia\/webkamera-stelvio\/#primaryimage","url":"https:\/\/weather-radar-live.com\/wp-content\/uploads\/2022\/08\/Webcam-Stelvio-e1660149388700.jpg","contentUrl":"https:\/\/weather-radar-live.com\/wp-content\/uploads\/2022\/08\/Webcam-Stelvio-e1660149388700.jpg","width":1895,"height":735,"caption":"Webcam Stelvio"},{"@type":"BreadcrumbList","@id":"https:\/\/weather-radar-live.com\/fi\/webkamera\/italia\/webkamera-stelvio\/#breadcrumb","itemListElement":[{"@type":"ListItem","position":1,"name":"Weather Radar Live","item":"https:\/\/weather-radar-live.com\/fi\/"},{"@type":"ListItem","position":2,"name":"Webkamera","item":"https:\/\/weather-radar-live.com\/fi\/webkamera\/"},{"@type":"ListItem","position":3,"name":"Italia","item":"https:\/\/weather-radar-live.com\/fi\/webkamera\/italia\/"},{"@type":"ListItem","position":4,"name":"Webkamera Stelvio"}]},{"@type":"WebSite","@id":"https:\/\/weather-radar-live.com\/#website","url":"https:\/\/weather-radar-live.com\/","name":"weather-radar-live.com","description":"Your weather and sky radar.","publisher":{"@id":"https:\/\/weather-radar-live.com\/#organization"},"potentialAction":[{"@type":"SearchAction","target":{"@type":"EntryPoint","urlTemplate":"https:\/\/weather-radar-live.com\/?s={search_term_string}"},"query-input":{"@type":"PropertyValueSpecification","valueRequired":true,"valueName":"search_term_string"}}],"inLanguage":"fi"},{"@type":"Organization","@id":"https:\/\/weather-radar-live.com\/#organization","name":"weather-radar-live.com","url":"https:\/\/weather-radar-live.com\/","logo":{"@type":"ImageObject","inLanguage":"fi","@id":"https:\/\/weather-radar-live.com\/#\/schema\/logo\/image\/","url":"https:\/\/weather-radar-live.com\/wp-content\/uploads\/2022\/03\/cropped-WRL2503.png","contentUrl":"https:\/\/weather-radar-live.com\/wp-content\/uploads\/2022\/03\/cropped-WRL2503.png","width":1920,"height":555,"caption":"weather-radar-live.com"},"image":{"@id":"https:\/\/weather-radar-live.com\/#\/schema\/logo\/image\/"}}]}},"_links":{"self":[{"href":"https:\/\/weather-radar-live.com\/fi\/wp-json\/wp\/v2\/pages\/6574","targetHints":{"allow":["GET"]}}],"collection":[{"href":"https:\/\/weather-radar-live.com\/fi\/wp-json\/wp\/v2\/pages"}],"about":[{"href":"https:\/\/weather-radar-live.com\/fi\/wp-json\/wp\/v2\/types\/page"}],"author":[{"embeddable":true,"href":"https:\/\/weather-radar-live.com\/fi\/wp-json\/wp\/v2\/users\/1"}],"replies":[{"embeddable":true,"href":"https:\/\/weather-radar-live.com\/fi\/wp-json\/wp\/v2\/comments?post=6574"}],"version-history":[{"count":2,"href":"https:\/\/weather-radar-live.com\/fi\/wp-json\/wp\/v2\/pages\/6574\/revisions"}],"predecessor-version":[{"id":6592,"href":"https:\/\/weather-radar-live.com\/fi\/wp-json\/wp\/v2\/pages\/6574\/revisions\/6592"}],"up":[{"embeddable":true,"href":"https:\/\/weather-radar-live.com\/fi\/wp-json\/wp\/v2\/pages\/4308"}],"wp:featuredmedia":[{"embeddable":true,"href":"https:\/\/weather-radar-live.com\/fi\/wp-json\/wp\/v2\/media\/6510"}],"wp:attachment":[{"href":"https:\/\/weather-radar-live.com\/fi\/wp-json\/wp\/v2\/media?parent=6574"}],"curies":[{"name":"wp","href":"https:\/\/api.w.org\/{rel}","templated":true}]}}