{"id":6393,"date":"2022-08-09T16:08:48","date_gmt":"2022-08-09T14:08:48","guid":{"rendered":"https:\/\/weather-radar-live.com\/?page_id=6393"},"modified":"2022-08-09T16:10:59","modified_gmt":"2022-08-09T14:10:59","slug":"webcam-campo-felice","status":"publish","type":"page","link":"https:\/\/weather-radar-live.com\/fi\/webkamera\/italia\/webcam-campo-felice\/","title":{"rendered":"Webcam Campo Felice"},"content":{"rendered":"<div id=\"weath-1574032016\" class=\"weath-vor-dem-inhalt weath-entity-placement\" style=\"margin-top: 15px;margin-right: 25px;margin-bottom: 40px;margin-left: 25px;\"><script async src=\"\/\/pagead2.googlesyndication.com\/pagead\/js\/adsbygoogle.js?client=ca-pub-8960936133935804\" crossorigin=\"anonymous\"><\/script><ins class=\"adsbygoogle\" style=\"display:block;\" data-ad-client=\"ca-pub-8960936133935804\" \ndata-ad-slot=\"6172817020\" \ndata-ad-format=\"auto\"><\/ins>\n<script> \n(adsbygoogle = window.adsbygoogle || []).push({}); \n<\/script>\n<\/div>\n<div class=\"wp-block-cover alignfull is-light\"><span aria-hidden=\"true\" class=\"wp-block-cover__gradient-background has-background-dim\"><\/span><img decoding=\"async\" class=\"wp-block-cover__image-background wp-image-342\" alt=\"Webcam Campo Felice\" src=\"https:\/\/weather-radar-live.com\/wp-content\/uploads\/2021\/06\/sam-schooler-E9aetBe2w40-unsplash-e1622554814366.jpg\" data-object-fit=\"cover\"\/><div class=\"wp-block-cover__inner-container is-layout-flow wp-block-cover-is-layout-flow\">\n<h2 class=\"has-text-align-center heading wp-block-heading\" id=\"webcam-fort-mahon\" style=\"font-size:40px\"><strong><mark style=\"background-color:rgba(0, 0, 0, 0)\" class=\"has-inline-color has-base-3-color\">WEBCAM <\/mark><\/strong><br><strong><mark style=\"background-color:rgba(0, 0, 0, 0)\" class=\"has-inline-color has-base-3-color\">CAMPO FELICE<\/mark><\/strong><\/h2>\n<\/div><\/div>\n\n\n<div class=\"yoast-breadcrumbs\"><span><span><a href=\"https:\/\/weather-radar-live.com\/fi\/\">Weather Radar Live<\/a><\/span> \u00bb <span><a href=\"https:\/\/weather-radar-live.com\/fi\/webkamera\/\">Webkamera<\/a><\/span> \u00bb <span><a href=\"https:\/\/weather-radar-live.com\/fi\/webkamera\/italia\/\">Italia<\/a><\/span> \u00bb <span class=\"breadcrumb_last\" aria-current=\"page\"><strong>Webcam Campo Felice<\/strong><\/span><\/span><\/div>\n\n\n<h2 class=\"has-text-align-center wp-block-heading\" id=\"webcam-fort-mahon\"><strong>Webcam Campo Felice<\/strong><\/h2>\n\n\n\n<p>Webbikameramme Campo Felice tallentaa sinulle samannimisen leirint\u00e4alueen vilin\u00e4n. Campo Felicen lomapuisto sijaitsee Tenerossa, taivaallisen Maggiore-j\u00e4rven sveitsil\u00e4isell\u00e4 rannalla. Noin 15 hehtaarin laajuisessa puistossa on 400 metrin pituinen yksityinen ranta, ja se tarjoaa eritt\u00e4in viihtyis\u00e4n rakenteen lastenhoitoineen ja paljon muuta. Ticinon kantonissa sijaitseva Tenero on vain muutaman minuutin ajomatkan p\u00e4\u00e4ss\u00e4 sek\u00e4 Locarnon kulttuurikeskuksesta ett\u00e4 Asconasta, joka on niin sanottu Maggiore-j\u00e4rven helmi. Teneron yl\u00e4puolella Ticinossa sijaitsee villi ja romanttinen Verzasca-laakso, jota hallitsevat Lago di Vogorno ja Verzasca, villi joki. Teneroon ja Campo Feliceen p\u00e4\u00e4see helposti my\u00f6s julkisilla liikennev\u00e4lineill\u00e4.<\/p>\n\n\n\n<p>Campo Felicen lomapuisto sijaitsee noin 209 metri\u00e4 merenpinnan yl\u00e4puolella. Teneron ymp\u00e4rill\u00e4 oleva vuoristomassiivi ulottuu jopa 1044 metrin korkeuteen. Vain 3,69 neli\u00f6metrin alueella Teneron kunta tarjoaa monia n\u00e4ht\u00e4vyyksi\u00e4 ja puhdasta luontoa. Ticinon kantonissa, jossa virallinen kieli on italia, on matalin kohta Maggiore-j\u00e4rvell\u00e4, suoraan Campo Felicen kohdalla. Alppien etel\u00e4puolella sijaitseva Ticino muodostaa suurimman osan Italian Sveitsist\u00e4. Campo Felicess\u00e4 voit nauttia italialaisesta tunnelmasta sen puhtaassa kulttuurissa.<\/p><div id=\"weath-3869733909\" class=\"weath-inhalt_2 weath-entity-placement\" style=\"margin-top: 15px;margin-right: 25px;margin-bottom: 35px;margin-left: 25px;\"><script async src=\"\/\/pagead2.googlesyndication.com\/pagead\/js\/adsbygoogle.js?client=ca-pub-8960936133935804\" crossorigin=\"anonymous\"><\/script><ins class=\"adsbygoogle\" style=\"display:block;\" data-ad-client=\"ca-pub-8960936133935804\" \ndata-ad-slot=\"1963584050\" \ndata-ad-format=\"auto\"><\/ins>\n<script> \n(adsbygoogle = window.adsbygoogle || []).push({}); \n<\/script>\n<\/div>\n\n\n\n<div class=\"wp-block-columns is-layout-flex wp-container-core-columns-is-layout-9d6595d7 wp-block-columns-is-layout-flex\">\n<div class=\"wp-block-column is-layout-flow wp-block-column-is-layout-flow\" style=\"flex-basis:25%\"><\/div>\n\n\n\n<div class=\"wp-block-column webcam-column is-layout-flow wp-block-column-is-layout-flow\">\n<h3 class=\"has-text-align-center wp-block-heading\"> \ud83d\udd34 <strong>Webcam Campo Felice<\/strong> &#8211; Leirint\u00e4alue Village<\/h3>\n\n\n\n<a name=\"windy-webcam-timelapse-player\" data-id=\"1292513058\" data-play=\"day\" href=\"https:\/\/windy.com\/webcams\/1292513058\" target=\"_blank\" rel=\"noopener\">Tenero: Campo Felice Camping Village<\/a><script async=\"\" type=\"text\/javascript\" src=\"https:\/\/webcams.windy.com\/webcams\/public\/embed\/script\/player.js\"><\/script>\n<\/div>\n\n\n\n<div class=\"wp-block-column is-layout-flow wp-block-column-is-layout-flow\" style=\"flex-basis:25%\"><\/div>\n<\/div>\n\n\n\n<h2 class=\"wp-block-heading\" id=\"fort-mahon-today\"><strong>S\u00e4\u00e4 tutka Campo Felice &#8211; s\u00e4\u00e4 Campo Felice<\/strong><\/h2>\n\n\n\n<p>Sen lis\u00e4ksi, ett\u00e4 Campo Felice Webbikamera tarjoaa sinulle erinomaisen n\u00e4kym\u00e4n Camping Villageen, n\u00e4et my\u00f6s s\u00e4\u00e4tutkan, jotta olet aina hyvin perill\u00e4 asioista. S\u00e4\u00e4tutka n\u00e4ytt\u00e4\u00e4 sek\u00e4 auringonpaisteen odotetut tunnit ett\u00e4 sadem\u00e4\u00e4r\u00e4n eri v\u00e4reill\u00e4 ja varoittaa my\u00f6s myrskyist\u00e4. Eri v\u00e4rit ilmaisevat sateen voimakkuuden. Sininen ja vihre\u00e4 merkitsev\u00e4t kevytt\u00e4 sadetta &#8211; violetti ja punainen osoittavat suuria sadem\u00e4\u00e4ri\u00e4. Pieni salamasymboli osoittaa, jos ukkonen l\u00e4hestyy.<\/p>\n\n\n\n<div class=\"wp-block-columns is-layout-flex wp-container-core-columns-is-layout-9d6595d7 wp-block-columns-is-layout-flex\">\n<div class=\"wp-block-column is-layout-flow wp-block-column-is-layout-flow\" style=\"flex-basis:75%\">\n<iframe loading=\"lazy\" width=\"1300\" height=\"502\" src=\"https:\/\/embed.windy.com\/embed2.html?lat=46.127&amp;lon=8.845&amp;detailLat=46.166&amp;detailLon=8.841&amp;width=1300&amp;height=502&amp;zoom=11&amp;level=surface&amp;overlay=rain&amp;product=ecmwf&amp;menu=&amp;message=&amp;marker=&amp;calendar=now&amp;pressure=&amp;type=map&amp;location=coordinates&amp;detail=&amp;metricWind=default&amp;metricTemp=default&amp;radarRange=-1\" frameborder=\"0\"><\/iframe>\n<\/div>\n\n\n\n<div class=\"wp-block-column is-layout-flow wp-block-column-is-layout-flow\" style=\"flex-basis:25%\">\n<a class=\"weatherwidget-io\" href=\"https:\/\/forecast7.com\/en\/45d788d26\/locarno\/\" data-label_1=\"LOCARNO\" data-theme=\"original\" >LOCARNO<\/a>\n<script>\n!function(d,s,id){var js,fjs=d.getElementsByTagName(s)[0];if(!d.getElementById(id)){js=d.createElement(s);js.id=id;js.src='https:\/\/weatherwidget.io\/js\/widget.min.js';fjs.parentNode.insertBefore(js,fjs);}}(document,'script','weatherwidget-io-js');\n<\/script>\n<\/div>\n<\/div>\n\n\n\n<h2 class=\"wp-block-heading\" id=\"fort-mahon-weather\"><strong>Ilmasto Campo Felice<\/strong><\/h2>\n\n\n\n<p>Campo Felice kuuluu mannerilmaston alueisiin. Talvikuukausina l\u00e4mp\u00f6tila on keskim\u00e4\u00e4rin 4-5 \u00b0C. Kes\u00e4kuukausina l\u00e4mp\u00f6mittari nousee noin 25 \u00b0C:een. Campo Felicen sateisin kuukausi on marraskuu, jolloin sataa jopa 37-49 litraa neli\u00f6metri\u00e4 kohti. Muut vuoden kuukaudet ovat kuivia ja leutoja. Campo Felice on yksi Sveitsin aurinkoisimmista alueista, sill\u00e4 siell\u00e4 paistaa vuosittain noin 2170 tuntia aurinkoa, mik\u00e4 on selv\u00e4sti keskim\u00e4\u00e4r\u00e4ist\u00e4 enemm\u00e4n.<\/p>\n\n\n\n<h2 class=\"wp-block-heading\"><strong>Campo Felicen n\u00e4ht\u00e4vyydet<\/strong><\/h2>\n\n\n\n<p>Lomapuisto Campo Felice on ihanteellinen l\u00e4ht\u00f6piste py\u00f6r\u00e4retkille ja vaelluksille kauniissa Ticinon maisemissa. N\u00e4kemisen arvoisia ovat Santi Pietron ja Vincenzon seurakuntakirkot sek\u00e4 San Bernardon kirkko Tenerossa. My\u00f6s 1600-luvun oratorio Beata Vergine della Fraccia on vierailun arvoinen. Tietenkin kannattaa k\u00e4yd\u00e4 my\u00f6s Piazza Canevascinilla sijaitsevassa Teneron linnassa. Kohokohta par excellence on Maggiore-j\u00e4rvi, jonka pinta-ala on yli 212 neli\u00f6kilometri\u00e4 ja jossa on kaksi saarta. Aurinkoinen Maggiore-j\u00e4rvi kutsuu uimaan l\u00e4hes ymp\u00e4ri vuoden.<\/p>\n","protected":false},"excerpt":{"rendered":"<p>Webcam Campo Felice Webbikameramme Campo Felice tallentaa sinulle samannimisen leirint\u00e4alueen vilin\u00e4n. Campo Felicen lomapuisto sijaitsee Tenerossa, taivaallisen Maggiore-j\u00e4rven sveitsil\u00e4isell\u00e4 rannalla. Noin 15 hehtaarin laajuisessa puistossa on 400 metrin pituinen yksityinen ranta, ja se tarjoaa eritt\u00e4in viihtyis\u00e4n rakenteen lastenhoitoineen ja paljon muuta. Ticinon kantonissa sijaitseva Tenero on vain muutaman minuutin ajomatkan p\u00e4\u00e4ss\u00e4 sek\u00e4 Locarnon kulttuurikeskuksesta ett\u00e4 &#8230; <a title=\"Webcam Campo Felice\" class=\"read-more\" href=\"https:\/\/weather-radar-live.com\/fi\/webkamera\/italia\/webcam-campo-felice\/\" aria-label=\"Lue lis\u00e4\u00e4 aiheesta Webcam Campo Felice\">Lue lis\u00e4\u00e4<\/a><\/p>\n","protected":false},"author":1,"featured_media":5030,"parent":4308,"menu_order":0,"comment_status":"closed","ping_status":"closed","template":"","meta":{"footnotes":""},"class_list":["post-6393","page","type-page","status-publish","has-post-thumbnail"],"yoast_head":"<!-- This site is optimized with the Yoast SEO plugin v27.4 - https:\/\/yoast.com\/product\/yoast-seo-wordpress\/ -->\n<title>Webcam Campo Felice \u2192 Katso suorana l\u00e4hetyksen\u00e4!<\/title>\n<meta name=\"description\" content=\"Webcam Campo Felice | Campo Felicen live-kamera! \u2705 P\u00e4ivitetty sinulle reaaliajassa! \u2705 Ajantasainen s\u00e4\u00e4ennuste!\" \/>\n<meta name=\"robots\" content=\"index, follow, max-snippet:-1, max-image-preview:large, max-video-preview:-1\" \/>\n<link rel=\"canonical\" href=\"https:\/\/weather-radar-live.com\/fi\/webkamera\/italia\/webcam-campo-felice\/\" \/>\n<meta property=\"og:locale\" content=\"fi_FI\" \/>\n<meta property=\"og:type\" content=\"article\" \/>\n<meta property=\"og:title\" content=\"Webcam Campo Felice \u2192 Katso suorana l\u00e4hetyksen\u00e4!\" \/>\n<meta property=\"og:description\" content=\"Webcam Campo Felice | Campo Felicen live-kamera! \u2705 P\u00e4ivitetty sinulle reaaliajassa! \u2705 Ajantasainen s\u00e4\u00e4ennuste!\" \/>\n<meta property=\"og:url\" content=\"https:\/\/weather-radar-live.com\/fi\/webkamera\/italia\/webcam-campo-felice\/\" \/>\n<meta property=\"og:site_name\" content=\"weather-radar-live.com\" \/>\n<meta property=\"article:modified_time\" content=\"2022-08-09T14:10:59+00:00\" \/>\n<meta property=\"og:image\" content=\"https:\/\/weather-radar-live.com\/wp-content\/uploads\/2022\/07\/Webcam-Sierra-Nevada-e1658218397839.png\" \/>\n\t<meta property=\"og:image:width\" content=\"397\" \/>\n\t<meta property=\"og:image:height\" content=\"206\" \/>\n\t<meta property=\"og:image:type\" content=\"image\/png\" \/>\n<meta name=\"twitter:card\" content=\"summary_large_image\" \/>\n<meta name=\"twitter:label1\" content=\"Arvioitu lukuaika\" \/>\n\t<meta name=\"twitter:data1\" content=\"2 minuuttia\" \/>\n<script type=\"application\/ld+json\" class=\"yoast-schema-graph\">{\"@context\":\"https:\\\/\\\/schema.org\",\"@graph\":[{\"@type\":\"WebPage\",\"@id\":\"https:\\\/\\\/weather-radar-live.com\\\/fi\\\/webkamera\\\/italia\\\/webcam-campo-felice\\\/\",\"url\":\"https:\\\/\\\/weather-radar-live.com\\\/fi\\\/webkamera\\\/italia\\\/webcam-campo-felice\\\/\",\"name\":\"Webcam Campo Felice \u2192 Katso suorana l\u00e4hetyksen\u00e4!\",\"isPartOf\":{\"@id\":\"https:\\\/\\\/weather-radar-live.com\\\/#website\"},\"primaryImageOfPage\":{\"@id\":\"https:\\\/\\\/weather-radar-live.com\\\/fi\\\/webkamera\\\/italia\\\/webcam-campo-felice\\\/#primaryimage\"},\"image\":{\"@id\":\"https:\\\/\\\/weather-radar-live.com\\\/fi\\\/webkamera\\\/italia\\\/webcam-campo-felice\\\/#primaryimage\"},\"thumbnailUrl\":\"https:\\\/\\\/weather-radar-live.com\\\/wp-content\\\/uploads\\\/2022\\\/07\\\/Webcam-Sierra-Nevada-e1658218397839.png\",\"datePublished\":\"2022-08-09T14:08:48+00:00\",\"dateModified\":\"2022-08-09T14:10:59+00:00\",\"description\":\"Webcam Campo Felice | Campo Felicen live-kamera! \u2705 P\u00e4ivitetty sinulle reaaliajassa! \u2705 Ajantasainen s\u00e4\u00e4ennuste!\",\"breadcrumb\":{\"@id\":\"https:\\\/\\\/weather-radar-live.com\\\/fi\\\/webkamera\\\/italia\\\/webcam-campo-felice\\\/#breadcrumb\"},\"inLanguage\":\"fi\",\"potentialAction\":[{\"@type\":\"ReadAction\",\"target\":[\"https:\\\/\\\/weather-radar-live.com\\\/fi\\\/webkamera\\\/italia\\\/webcam-campo-felice\\\/\"]}]},{\"@type\":\"ImageObject\",\"inLanguage\":\"fi\",\"@id\":\"https:\\\/\\\/weather-radar-live.com\\\/fi\\\/webkamera\\\/italia\\\/webcam-campo-felice\\\/#primaryimage\",\"url\":\"https:\\\/\\\/weather-radar-live.com\\\/wp-content\\\/uploads\\\/2022\\\/07\\\/Webcam-Sierra-Nevada-e1658218397839.png\",\"contentUrl\":\"https:\\\/\\\/weather-radar-live.com\\\/wp-content\\\/uploads\\\/2022\\\/07\\\/Webcam-Sierra-Nevada-e1658218397839.png\",\"width\":397,\"height\":206,\"caption\":\"Webcam Sierra Nevada\"},{\"@type\":\"BreadcrumbList\",\"@id\":\"https:\\\/\\\/weather-radar-live.com\\\/fi\\\/webkamera\\\/italia\\\/webcam-campo-felice\\\/#breadcrumb\",\"itemListElement\":[{\"@type\":\"ListItem\",\"position\":1,\"name\":\"Weather Radar Live\",\"item\":\"https:\\\/\\\/weather-radar-live.com\\\/fi\\\/\"},{\"@type\":\"ListItem\",\"position\":2,\"name\":\"Webkamera\",\"item\":\"https:\\\/\\\/weather-radar-live.com\\\/fi\\\/webkamera\\\/\"},{\"@type\":\"ListItem\",\"position\":3,\"name\":\"Italia\",\"item\":\"https:\\\/\\\/weather-radar-live.com\\\/fi\\\/webkamera\\\/italia\\\/\"},{\"@type\":\"ListItem\",\"position\":4,\"name\":\"Webcam Campo Felice\"}]},{\"@type\":\"WebSite\",\"@id\":\"https:\\\/\\\/weather-radar-live.com\\\/#website\",\"url\":\"https:\\\/\\\/weather-radar-live.com\\\/\",\"name\":\"weather-radar-live.com\",\"description\":\"Your weather and sky radar.\",\"publisher\":{\"@id\":\"https:\\\/\\\/weather-radar-live.com\\\/#organization\"},\"potentialAction\":[{\"@type\":\"SearchAction\",\"target\":{\"@type\":\"EntryPoint\",\"urlTemplate\":\"https:\\\/\\\/weather-radar-live.com\\\/?s={search_term_string}\"},\"query-input\":{\"@type\":\"PropertyValueSpecification\",\"valueRequired\":true,\"valueName\":\"search_term_string\"}}],\"inLanguage\":\"fi\"},{\"@type\":\"Organization\",\"@id\":\"https:\\\/\\\/weather-radar-live.com\\\/#organization\",\"name\":\"weather-radar-live.com\",\"url\":\"https:\\\/\\\/weather-radar-live.com\\\/\",\"logo\":{\"@type\":\"ImageObject\",\"inLanguage\":\"fi\",\"@id\":\"https:\\\/\\\/weather-radar-live.com\\\/#\\\/schema\\\/logo\\\/image\\\/\",\"url\":\"https:\\\/\\\/weather-radar-live.com\\\/wp-content\\\/uploads\\\/2022\\\/03\\\/cropped-WRL2503.png\",\"contentUrl\":\"https:\\\/\\\/weather-radar-live.com\\\/wp-content\\\/uploads\\\/2022\\\/03\\\/cropped-WRL2503.png\",\"width\":1920,\"height\":555,\"caption\":\"weather-radar-live.com\"},\"image\":{\"@id\":\"https:\\\/\\\/weather-radar-live.com\\\/#\\\/schema\\\/logo\\\/image\\\/\"}}]}<\/script>\n<!-- \/ Yoast SEO plugin. -->","yoast_head_json":{"title":"Webcam Campo Felice \u2192 Katso suorana l\u00e4hetyksen\u00e4!","description":"Webcam Campo Felice | Campo Felicen live-kamera! \u2705 P\u00e4ivitetty sinulle reaaliajassa! \u2705 Ajantasainen s\u00e4\u00e4ennuste!","robots":{"index":"index","follow":"follow","max-snippet":"max-snippet:-1","max-image-preview":"max-image-preview:large","max-video-preview":"max-video-preview:-1"},"canonical":"https:\/\/weather-radar-live.com\/fi\/webkamera\/italia\/webcam-campo-felice\/","og_locale":"fi_FI","og_type":"article","og_title":"Webcam Campo Felice \u2192 Katso suorana l\u00e4hetyksen\u00e4!","og_description":"Webcam Campo Felice | Campo Felicen live-kamera! \u2705 P\u00e4ivitetty sinulle reaaliajassa! \u2705 Ajantasainen s\u00e4\u00e4ennuste!","og_url":"https:\/\/weather-radar-live.com\/fi\/webkamera\/italia\/webcam-campo-felice\/","og_site_name":"weather-radar-live.com","article_modified_time":"2022-08-09T14:10:59+00:00","og_image":[{"width":397,"height":206,"url":"https:\/\/weather-radar-live.com\/wp-content\/uploads\/2022\/07\/Webcam-Sierra-Nevada-e1658218397839.png","type":"image\/png"}],"twitter_card":"summary_large_image","twitter_misc":{"Arvioitu lukuaika":"2 minuuttia"},"schema":{"@context":"https:\/\/schema.org","@graph":[{"@type":"WebPage","@id":"https:\/\/weather-radar-live.com\/fi\/webkamera\/italia\/webcam-campo-felice\/","url":"https:\/\/weather-radar-live.com\/fi\/webkamera\/italia\/webcam-campo-felice\/","name":"Webcam Campo Felice \u2192 Katso suorana l\u00e4hetyksen\u00e4!","isPartOf":{"@id":"https:\/\/weather-radar-live.com\/#website"},"primaryImageOfPage":{"@id":"https:\/\/weather-radar-live.com\/fi\/webkamera\/italia\/webcam-campo-felice\/#primaryimage"},"image":{"@id":"https:\/\/weather-radar-live.com\/fi\/webkamera\/italia\/webcam-campo-felice\/#primaryimage"},"thumbnailUrl":"https:\/\/weather-radar-live.com\/wp-content\/uploads\/2022\/07\/Webcam-Sierra-Nevada-e1658218397839.png","datePublished":"2022-08-09T14:08:48+00:00","dateModified":"2022-08-09T14:10:59+00:00","description":"Webcam Campo Felice | Campo Felicen live-kamera! \u2705 P\u00e4ivitetty sinulle reaaliajassa! \u2705 Ajantasainen s\u00e4\u00e4ennuste!","breadcrumb":{"@id":"https:\/\/weather-radar-live.com\/fi\/webkamera\/italia\/webcam-campo-felice\/#breadcrumb"},"inLanguage":"fi","potentialAction":[{"@type":"ReadAction","target":["https:\/\/weather-radar-live.com\/fi\/webkamera\/italia\/webcam-campo-felice\/"]}]},{"@type":"ImageObject","inLanguage":"fi","@id":"https:\/\/weather-radar-live.com\/fi\/webkamera\/italia\/webcam-campo-felice\/#primaryimage","url":"https:\/\/weather-radar-live.com\/wp-content\/uploads\/2022\/07\/Webcam-Sierra-Nevada-e1658218397839.png","contentUrl":"https:\/\/weather-radar-live.com\/wp-content\/uploads\/2022\/07\/Webcam-Sierra-Nevada-e1658218397839.png","width":397,"height":206,"caption":"Webcam Sierra Nevada"},{"@type":"BreadcrumbList","@id":"https:\/\/weather-radar-live.com\/fi\/webkamera\/italia\/webcam-campo-felice\/#breadcrumb","itemListElement":[{"@type":"ListItem","position":1,"name":"Weather Radar Live","item":"https:\/\/weather-radar-live.com\/fi\/"},{"@type":"ListItem","position":2,"name":"Webkamera","item":"https:\/\/weather-radar-live.com\/fi\/webkamera\/"},{"@type":"ListItem","position":3,"name":"Italia","item":"https:\/\/weather-radar-live.com\/fi\/webkamera\/italia\/"},{"@type":"ListItem","position":4,"name":"Webcam Campo Felice"}]},{"@type":"WebSite","@id":"https:\/\/weather-radar-live.com\/#website","url":"https:\/\/weather-radar-live.com\/","name":"weather-radar-live.com","description":"Your weather and sky radar.","publisher":{"@id":"https:\/\/weather-radar-live.com\/#organization"},"potentialAction":[{"@type":"SearchAction","target":{"@type":"EntryPoint","urlTemplate":"https:\/\/weather-radar-live.com\/?s={search_term_string}"},"query-input":{"@type":"PropertyValueSpecification","valueRequired":true,"valueName":"search_term_string"}}],"inLanguage":"fi"},{"@type":"Organization","@id":"https:\/\/weather-radar-live.com\/#organization","name":"weather-radar-live.com","url":"https:\/\/weather-radar-live.com\/","logo":{"@type":"ImageObject","inLanguage":"fi","@id":"https:\/\/weather-radar-live.com\/#\/schema\/logo\/image\/","url":"https:\/\/weather-radar-live.com\/wp-content\/uploads\/2022\/03\/cropped-WRL2503.png","contentUrl":"https:\/\/weather-radar-live.com\/wp-content\/uploads\/2022\/03\/cropped-WRL2503.png","width":1920,"height":555,"caption":"weather-radar-live.com"},"image":{"@id":"https:\/\/weather-radar-live.com\/#\/schema\/logo\/image\/"}}]}},"_links":{"self":[{"href":"https:\/\/weather-radar-live.com\/fi\/wp-json\/wp\/v2\/pages\/6393","targetHints":{"allow":["GET"]}}],"collection":[{"href":"https:\/\/weather-radar-live.com\/fi\/wp-json\/wp\/v2\/pages"}],"about":[{"href":"https:\/\/weather-radar-live.com\/fi\/wp-json\/wp\/v2\/types\/page"}],"author":[{"embeddable":true,"href":"https:\/\/weather-radar-live.com\/fi\/wp-json\/wp\/v2\/users\/1"}],"replies":[{"embeddable":true,"href":"https:\/\/weather-radar-live.com\/fi\/wp-json\/wp\/v2\/comments?post=6393"}],"version-history":[{"count":2,"href":"https:\/\/weather-radar-live.com\/fi\/wp-json\/wp\/v2\/pages\/6393\/revisions"}],"predecessor-version":[{"id":6412,"href":"https:\/\/weather-radar-live.com\/fi\/wp-json\/wp\/v2\/pages\/6393\/revisions\/6412"}],"up":[{"embeddable":true,"href":"https:\/\/weather-radar-live.com\/fi\/wp-json\/wp\/v2\/pages\/4308"}],"wp:featuredmedia":[{"embeddable":true,"href":"https:\/\/weather-radar-live.com\/fi\/wp-json\/wp\/v2\/media\/5030"}],"wp:attachment":[{"href":"https:\/\/weather-radar-live.com\/fi\/wp-json\/wp\/v2\/media?parent=6393"}],"curies":[{"name":"wp","href":"https:\/\/api.w.org\/{rel}","templated":true}]}}