{"id":6187,"date":"2022-08-02T21:33:39","date_gmt":"2022-08-02T19:33:39","guid":{"rendered":"https:\/\/weather-radar-live.com\/webkamera\/italia\/webcam-livigno\/"},"modified":"2022-08-03T14:06:21","modified_gmt":"2022-08-03T12:06:21","slug":"webcam-livigno","status":"publish","type":"page","link":"https:\/\/weather-radar-live.com\/fi\/webkamera\/italia\/webcam-livigno\/","title":{"rendered":"Webcam Livigno"},"content":{"rendered":"<div id=\"weath-2026203720\" class=\"weath-vor-dem-inhalt weath-entity-placement\" style=\"margin-top: 15px;margin-right: 25px;margin-bottom: 40px;margin-left: 25px;\"><script async src=\"\/\/pagead2.googlesyndication.com\/pagead\/js\/adsbygoogle.js?client=ca-pub-8960936133935804\" crossorigin=\"anonymous\"><\/script><ins class=\"adsbygoogle\" style=\"display:block;\" data-ad-client=\"ca-pub-8960936133935804\" \ndata-ad-slot=\"6172817020\" \ndata-ad-format=\"auto\"><\/ins>\n<script> \n(adsbygoogle = window.adsbygoogle || []).push({}); \n<\/script>\n<\/div>\n<div class=\"wp-block-cover alignfull is-light\"><span aria-hidden=\"true\" class=\"wp-block-cover__gradient-background has-background-dim\"><\/span><img decoding=\"async\" class=\"wp-block-cover__image-background wp-image-342\" alt=\"Webcam Livigno\n\" src=\"https:\/\/weather-radar-live.com\/wp-content\/uploads\/2021\/06\/sam-schooler-E9aetBe2w40-unsplash-e1622554814366.jpg\" data-object-fit=\"cover\"\/><div class=\"wp-block-cover__inner-container is-layout-flow wp-block-cover-is-layout-flow\">\n<h2 class=\"has-text-align-center heading wp-block-heading\" id=\"webcam-fort-mahon\" style=\"font-size:40px\"><strong><mark style=\"background-color:rgba(0, 0, 0, 0)\" class=\"has-inline-color has-base-3-color\">WEBCAM <\/mark><\/strong><br><strong><mark style=\"background-color:rgba(0, 0, 0, 0)\" class=\"has-inline-color has-base-3-color\">LIVIGNO<\/mark><\/strong><\/h2>\n<\/div><\/div>\n\n\n<div class=\"yoast-breadcrumbs\"><span><span><a href=\"https:\/\/weather-radar-live.com\/fi\/\">Weather Radar Live<\/a><\/span> \u00bb <span><a href=\"https:\/\/weather-radar-live.com\/fi\/webkamera\/\">Webkamera<\/a><\/span> \u00bb <span><a href=\"https:\/\/weather-radar-live.com\/fi\/webkamera\/italia\/\">Italia<\/a><\/span> \u00bb <span class=\"breadcrumb_last\" aria-current=\"page\"><strong>Webcam Livigno<\/strong><\/span><\/span><\/div>\n\n\n<h2 class=\"has-text-align-center wp-block-heading\" id=\"webcam-fort-mahon\"><strong>Webcam Livigno<\/strong><\/h2>\n\n\n\n<p>Italialainen Livignon kaupunki, jossa on noin 6700 asukasta, sijaitsee Sondrion maakunnassa keskell\u00e4 Lombardiaa. Kaupunkia ymp\u00e4r\u00f6i 1816 metrin korkeudessa Livignon Alppien henke\u00e4salpaava vuoristopanoraama. Tutustu kaupunkiin webbikameramme Livignon avulla ja saat alppitunnelman reaaliajassa kotiisi.<\/p>\n\n\n\n<p>Livignolla ja sen upealla vuoristomaisemalla ei kuitenkaan ole tarjottavaa vain urheilun harrastajille ymp\u00e4ri vuoden. Shoppailun yst\u00e4v\u00e4t voivat my\u00f6s ostaa t\u00e4\u00e4lt\u00e4 hajuvesi\u00e4, tupakkatuotteita, alkoholia ja polttoaineita syd\u00e4mens\u00e4 kyllyydest\u00e4 &#8211; ja viel\u00e4p\u00e4 verovapaasti.<\/p><div id=\"weath-2461922543\" class=\"weath-inhalt_2 weath-entity-placement\" style=\"margin-top: 15px;margin-right: 25px;margin-bottom: 35px;margin-left: 25px;\"><script async src=\"\/\/pagead2.googlesyndication.com\/pagead\/js\/adsbygoogle.js?client=ca-pub-8960936133935804\" crossorigin=\"anonymous\"><\/script><ins class=\"adsbygoogle\" style=\"display:block;\" data-ad-client=\"ca-pub-8960936133935804\" \ndata-ad-slot=\"1963584050\" \ndata-ad-format=\"auto\"><\/ins>\n<script> \n(adsbygoogle = window.adsbygoogle || []).push({}); \n<\/script>\n<\/div>\n\n\n\n<div class=\"wp-block-columns is-layout-flex wp-container-core-columns-is-layout-9d6595d7 wp-block-columns-is-layout-flex\">\n<div class=\"wp-block-column webcam-column is-layout-flow wp-block-column-is-layout-flow\">\n<h3 class=\"has-text-align-center wp-block-heading\"> \ud83d\udd34 <strong>Webkamera<\/strong> <strong>Livigno<\/strong> &#8211; Mottolino<\/h3>\n\n\n\n<a name=\"windy-webcam-timelapse-player\" data-id=\"1574634890\" data-play=\"day\" href=\"https:\/\/windy.com\/webcams\/1574634890\" target=\"_blank\" rel=\"noopener\">Luwin: Mottolino<\/a><script async=\"\" type=\"text\/javascript\" src=\"https:\/\/webcams.windy.com\/webcams\/public\/embed\/script\/player.js\"><\/script>\n<\/div>\n\n\n\n<div class=\"wp-block-column webcam-column is-layout-flow wp-block-column-is-layout-flow\">\n<h3 class=\"has-text-align-center wp-block-heading\"> \ud83d\udd34 <strong>Webcam Livigno<\/strong> &#8211; Rinne<\/h3>\n\n\n\n<a name=\"windy-webcam-timelapse-player\" data-id=\"1199737029\" data-play=\"day\" href=\"https:\/\/windy.com\/webcams\/1199737029\" target=\"_blank\" rel=\"noopener\">Luwin: Luwin: Piste<\/a><script async=\"\" type=\"text\/javascript\" src=\"https:\/\/webcams.windy.com\/webcams\/public\/embed\/script\/player.js\"><\/script>\n<\/div>\n<\/div>\n\n\n\n<div class=\"wp-block-columns is-layout-flex wp-container-core-columns-is-layout-9d6595d7 wp-block-columns-is-layout-flex\">\n<div class=\"wp-block-column webcam-column is-layout-flow wp-block-column-is-layout-flow\">\n<h3 class=\"has-text-align-center wp-block-heading\"> \ud83d\udd34 <strong>Webcam<\/strong> <strong>Livigno<\/strong> &#8211; Keskusta<\/h3>\n\n\n\n<a name=\"windy-webcam-timelapse-player\" data-id=\"1636048457\" data-play=\"day\" href=\"https:\/\/windy.com\/webcams\/1636048457\" target=\"_blank\" rel=\"noopener\">Luwin<\/a><script async=\"\" type=\"text\/javascript\" src=\"https:\/\/webcams.windy.com\/webcams\/public\/embed\/script\/player.js\"><\/script>\n<\/div>\n\n\n\n<div class=\"wp-block-column webcam-column is-layout-flow wp-block-column-is-layout-flow\">\n<h3 class=\"has-text-align-center wp-block-heading\"> \ud83d\udd34 <strong>Webcam Livigno<\/strong> &#8211; Kaupunki <\/h3>\n\n\n\n<a name=\"windy-webcam-timelapse-player\" data-id=\"1633360282\" data-play=\"day\" href=\"https:\/\/windy.com\/webcams\/1633360282\" target=\"_blank\" rel=\"noopener\">Luwin<\/a><script async=\"\" type=\"text\/javascript\" src=\"https:\/\/webcams.windy.com\/webcams\/public\/embed\/script\/player.js\"><\/script>\n<\/div>\n<\/div>\n\n\n\n<div class=\"wp-block-columns is-layout-flex wp-container-core-columns-is-layout-9d6595d7 wp-block-columns-is-layout-flex\">\n<div class=\"wp-block-column webcam-column is-layout-flow wp-block-column-is-layout-flow\">\n<h3 class=\"has-text-align-center wp-block-heading\"> \ud83d\udd34 <strong>Webkamera Livigno<\/strong> <strong><strong> &#8211;<\/strong><\/strong> Pohjoinen<\/h3>\n\n\n\n<a name=\"windy-webcam-timelapse-player\" data-id=\"1199736353\" data-play=\"day\" href=\"https:\/\/windy.com\/webcams\/1199736353\" target=\"_blank\" rel=\"noopener\">Luwin: Luwin: WEBCAM &#8211; pohjoinen<\/a><script async=\"\" type=\"text\/javascript\" src=\"https:\/\/webcams.windy.com\/webcams\/public\/embed\/script\/player.js\"><\/script>\n<\/div>\n\n\n\n<div class=\"wp-block-column webcam-column is-layout-flow wp-block-column-is-layout-flow\">\n<h3 class=\"has-text-align-center wp-block-heading\"> \ud83d\udd34 <strong>Webcam Livigno<\/strong> &#8211; L\u00e4nsi<\/h3>\n\n\n\n<a name=\"windy-webcam-timelapse-player\" data-id=\"1462285961\" data-play=\"day\" href=\"https:\/\/windy.com\/webcams\/1462285961\" target=\"_blank\" rel=\"noopener\">Luwin<\/a><script async=\"\" type=\"text\/javascript\" src=\"https:\/\/webcams.windy.com\/webcams\/public\/embed\/script\/player.js\"><\/script>\n<\/div>\n<\/div>\n\n\n\n<div class=\"wp-block-columns is-layout-flex wp-container-core-columns-is-layout-9d6595d7 wp-block-columns-is-layout-flex\">\n<div class=\"wp-block-column webcam-column is-layout-flow wp-block-column-is-layout-flow\">\n<h3 class=\"has-text-align-center wp-block-heading\"> \ud83d\udd34 <strong>Webcam Livigno<\/strong> &#8211; Carosello 3000<\/h3>\n\n\n\n<a name=\"windy-webcam-timelapse-player\" data-id=\"1332090499\" data-play=\"day\" href=\"https:\/\/windy.com\/webcams\/1332090499\" target=\"_blank\" rel=\"noopener\">Luwin: Carosello 3000 &#8211; Polvere &#8211; Park<\/a><script async=\"\" type=\"text\/javascript\" src=\"https:\/\/webcams.windy.com\/webcams\/public\/embed\/script\/player.js\"><\/script>\n<\/div>\n\n\n\n<div class=\"wp-block-column webcam-column is-layout-flow wp-block-column-is-layout-flow\">\n<h3 class=\"has-text-align-center wp-block-heading\"> \ud83d\udd34 <strong>Webcam Livigno<\/strong> &#8211; Etel\u00e4inen<\/h3>\n\n\n\n<a name=\"windy-webcam-timelapse-player\" data-id=\"1632490921\" data-play=\"day\" href=\"https:\/\/windy.com\/webcams\/1632490921\" target=\"_blank\" rel=\"noopener\">Luwin &#8217; Etel\u00e4: Livigno Italia<\/a><script async=\"\" type=\"text\/javascript\" src=\"https:\/\/webcams.windy.com\/webcams\/public\/embed\/script\/player.js\"><\/script>\n<\/div>\n<\/div>\n\n\n\n<h2 class=\"wp-block-heading\" id=\"fort-mahon-today\"><strong>S\u00e4\u00e4 tutka Livigno &#8211; S\u00e4\u00e4 Livignossa<\/strong><\/h2>\n\n\n\n<p>Selvit\u00e4 Livignon t\u00e4m\u00e4nhetkiset s\u00e4\u00e4olosuhteet Livignon webbikameralla Livigno reaaliajassa. Jotta saisit viel\u00e4 enemm\u00e4n hy\u00f6dyllist\u00e4 tietoa s\u00e4\u00e4st\u00e4 Livignossa, tarjoamme my\u00f6s s\u00e4\u00e4tutkan. T\u00e4m\u00e4 ei ainoastaan sis\u00e4ll\u00e4 kaupungin nykyist\u00e4 s\u00e4\u00e4ennustetta, vaan n\u00e4ytt\u00e4\u00e4 my\u00f6s kaikki sadealueet ja niiden voimakkuuden. Sinisell\u00e4 ja vihre\u00e4ll\u00e4 korostetut alueet osoittavat sadealueita, joilla on v\u00e4h\u00e4n sadetta. Violetilla ja punaisella korostetut alueet taas tarkoittavat voimakkaita sadem\u00e4\u00e4ri\u00e4, joihin saattaa liitty\u00e4 vaikea s\u00e4\u00e4. Ukkoset n\u00e4ytet\u00e4\u00e4n s\u00e4\u00e4tutkassa my\u00f6s pienill\u00e4 salamasymboleilla. S\u00e4\u00e4tutkan ja webkameroiden avulla saat siis kaikki t\u00e4rke\u00e4t tiedot Livignon t\u00e4m\u00e4nhetkisist\u00e4 s\u00e4\u00e4olosuhteista.<\/p>\n\n\n\n<div class=\"wp-block-columns is-layout-flex wp-container-core-columns-is-layout-9d6595d7 wp-block-columns-is-layout-flex\">\n<div class=\"wp-block-column is-layout-flow wp-block-column-is-layout-flow\" style=\"flex-basis:75%\">\n<iframe loading=\"lazy\" width=\"1300\" height=\"502\" src=\"https:\/\/embed.windy.com\/embed2.html?lat=46.530&amp;lon=10.136&amp;detailLat=46.540&amp;detailLon=10.111&amp;width=1300&amp;height=502&amp;zoom=11&amp;level=surface&amp;overlay=radar&amp;product=radar&amp;menu=&amp;message=&amp;marker=&amp;calendar=now&amp;pressure=&amp;type=map&amp;location=coordinates&amp;detail=&amp;metricWind=default&amp;metricTemp=default&amp;radarRange=-1\" frameborder=\"0\"><\/iframe>\n<\/div>\n\n\n\n<div class=\"wp-block-column is-layout-flow wp-block-column-is-layout-flow\" style=\"flex-basis:25%\">\n<a class=\"weatherwidget-io\" href=\"https:\/\/forecast7.com\/en\/46d5410d14\/livigno\/\" data-label_1=\"LIVIGNO\" data-font=\"Roboto\" data-theme=\"original\">LIVIGNO<\/a>\n<script>\n!function(d,s,id){var js,fjs=d.getElementsByTagName(s)[0];if(!d.getElementById(id)){js=d.createElement(s);js.id=id;js.src='https:\/\/weatherwidget.io\/js\/widget.min.js';fjs.parentNode.insertBefore(js,fjs);}}(document,'script','weatherwidget-io-js');\n<\/script>\n<\/div>\n<\/div>\n\n\n\n<h2 class=\"wp-block-heading\" id=\"fort-mahon-weather\"><strong>Ilmasto Livigno<\/strong><\/h2>\n\n\n\n<p>Abetonelle on ominaista l\u00e4mmin ja lauhkea ilmasto. Vuoden keskil\u00e4mp\u00f6tila on 9,6 \u00b0C, ja hein\u00e4kuu on l\u00e4mpimin kuukausi, jolloin Livignolle on ominaista tundrailmasto, joten se on melko kylm\u00e4 mutta verrattain kuiva koko vuoden ajan. Vuoden keskil\u00e4mp\u00f6tila on t\u00e4\u00e4ll\u00e4 3 \u00b0C. Hein\u00e4kuu on l\u00e4mpimin kuukausi, jonka keskiarvo on 14 \u00b0C, kun taas tammikuu on kylmin kuukausi, jolloin l\u00e4mp\u00f6tila on noin -6 \u00b0C. Sadem\u00e4\u00e4r\u00e4 on Livignossa melko v\u00e4h\u00e4inen, joten kuivaa on 117 p\u00e4iv\u00e4\u00e4 vuodessa ja vuotuinen sadem\u00e4\u00e4r\u00e4 on 807 mm.<\/p>\n\n\n\n<h2 class=\"wp-block-heading\"><strong>N\u00e4ht\u00e4vyydet Livignossa<\/strong><\/h2>\n\n\n\n<p>Livigno toivottaa urheilun harrastajat tervetulleiksi ymp\u00e4ri vuoden. Talvella sinua odottaa lumoava talvimaisema lumipeitteisine laaksoineen ja koskemattomine luontoineen, joihin voit tutustua riemukkaalla lumikenk\u00e4vaelluksella tai maastohiihtoretkell\u00e4. Jos haluat mieluummin hieman nopeammin, voit hiiht\u00e4\u00e4 tai lumilautailla Alpeilla. T\u00e4\u00e4ll\u00e4 sinua odottaa 33 huipputeknist\u00e4 hissi\u00e4, jotka yhdist\u00e4v\u00e4t monipuoliset rinteet, joiden kokonaispituus on 115 kilometri\u00e4. Kes\u00e4ll\u00e4 Alpeilla odottavat lukuisat vaellusreitit, jotka avaavat uskomattoman vuoristomaiseman paitsi vaeltajille my\u00f6s maastopy\u00f6r\u00e4ilij\u00f6ille. Korkealla voit harrastaa varjoliitoilua tai urheilukiipeily\u00e4, josta alue on my\u00f6s tunnettu. Toinen el\u00e4mys on shoppailu kaupungissa. Koska Livigno on Euroopan unionin tullittomuusalue, voit tehd\u00e4 ostoksia Livignossa arvonlis\u00e4verotta. Oikeaa virvoketta ostoskierroksen j\u00e4lkeen tai sen aikana saat kaupungin lukuisista ravintoloista, joissa on tarjolla maukkaita erikoisuuksia maan tyypillisest\u00e4 keitti\u00f6st\u00e4.<\/p>\n","protected":false},"excerpt":{"rendered":"<p>Webcam Livigno Italialainen Livignon kaupunki, jossa on noin 6700 asukasta, sijaitsee Sondrion maakunnassa keskell\u00e4 Lombardiaa. Kaupunkia ymp\u00e4r\u00f6i 1816 metrin korkeudessa Livignon Alppien henke\u00e4salpaava vuoristopanoraama. Tutustu kaupunkiin webbikameramme Livignon avulla ja saat alppitunnelman reaaliajassa kotiisi. Livignolla ja sen upealla vuoristomaisemalla ei kuitenkaan ole tarjottavaa vain urheilun harrastajille ymp\u00e4ri vuoden. Shoppailun yst\u00e4v\u00e4t voivat my\u00f6s ostaa t\u00e4\u00e4lt\u00e4 hajuvesi\u00e4, &#8230; <a title=\"Webcam Livigno\" class=\"read-more\" href=\"https:\/\/weather-radar-live.com\/fi\/webkamera\/italia\/webcam-livigno\/\" aria-label=\"Lue lis\u00e4\u00e4 aiheesta Webcam Livigno\">Lue lis\u00e4\u00e4<\/a><\/p>\n","protected":false},"author":1,"featured_media":6082,"parent":4308,"menu_order":0,"comment_status":"closed","ping_status":"closed","template":"","meta":{"footnotes":""},"class_list":["post-6187","page","type-page","status-publish","has-post-thumbnail"],"yoast_head":"<!-- This site is optimized with the Yoast SEO plugin v27.3 - https:\/\/yoast.com\/product\/yoast-seo-wordpress\/ -->\n<title>Webcam Livigno \u2192 Katso liven\u00e4!<\/title>\n<meta name=\"description\" content=\"Webcam Livigno | Livignon live webkamera! \u2705 P\u00e4ivitetty sinulle reaaliajassa! \u2705 Ajantasainen s\u00e4\u00e4ennuste!\" \/>\n<meta name=\"robots\" content=\"index, follow, max-snippet:-1, max-image-preview:large, max-video-preview:-1\" \/>\n<link rel=\"canonical\" href=\"https:\/\/weather-radar-live.com\/fi\/webkamera\/italia\/webcam-livigno\/\" \/>\n<meta property=\"og:locale\" content=\"fi_FI\" \/>\n<meta property=\"og:type\" content=\"article\" \/>\n<meta property=\"og:title\" content=\"Webcam Livigno \u2192 Katso liven\u00e4!\" \/>\n<meta property=\"og:description\" content=\"Webcam Livigno | Livignon live webkamera! \u2705 P\u00e4ivitetty sinulle reaaliajassa! \u2705 Ajantasainen s\u00e4\u00e4ennuste!\" \/>\n<meta property=\"og:url\" content=\"https:\/\/weather-radar-live.com\/fi\/webkamera\/italia\/webcam-livigno\/\" \/>\n<meta property=\"og:site_name\" content=\"weather-radar-live.com\" \/>\n<meta property=\"article:modified_time\" content=\"2022-08-03T12:06:21+00:00\" \/>\n<meta property=\"og:image\" content=\"https:\/\/weather-radar-live.com\/wp-content\/uploads\/2022\/08\/Webcam-Luwin.jpg\" \/>\n\t<meta property=\"og:image:width\" content=\"1756\" \/>\n\t<meta property=\"og:image:height\" content=\"954\" \/>\n\t<meta property=\"og:image:type\" content=\"image\/jpeg\" \/>\n<meta name=\"twitter:card\" content=\"summary_large_image\" \/>\n<meta name=\"twitter:label1\" content=\"Arvioitu lukuaika\" \/>\n\t<meta name=\"twitter:data1\" content=\"2 minuuttia\" \/>\n<script type=\"application\/ld+json\" class=\"yoast-schema-graph\">{\"@context\":\"https:\\\/\\\/schema.org\",\"@graph\":[{\"@type\":\"WebPage\",\"@id\":\"https:\\\/\\\/weather-radar-live.com\\\/fi\\\/webkamera\\\/italia\\\/webcam-livigno\\\/\",\"url\":\"https:\\\/\\\/weather-radar-live.com\\\/fi\\\/webkamera\\\/italia\\\/webcam-livigno\\\/\",\"name\":\"Webcam Livigno \u2192 Katso liven\u00e4!\",\"isPartOf\":{\"@id\":\"https:\\\/\\\/weather-radar-live.com\\\/#website\"},\"primaryImageOfPage\":{\"@id\":\"https:\\\/\\\/weather-radar-live.com\\\/fi\\\/webkamera\\\/italia\\\/webcam-livigno\\\/#primaryimage\"},\"image\":{\"@id\":\"https:\\\/\\\/weather-radar-live.com\\\/fi\\\/webkamera\\\/italia\\\/webcam-livigno\\\/#primaryimage\"},\"thumbnailUrl\":\"https:\\\/\\\/weather-radar-live.com\\\/wp-content\\\/uploads\\\/2022\\\/08\\\/Webcam-Luwin.jpg\",\"datePublished\":\"2022-08-02T19:33:39+00:00\",\"dateModified\":\"2022-08-03T12:06:21+00:00\",\"description\":\"Webcam Livigno | Livignon live webkamera! \u2705 P\u00e4ivitetty sinulle reaaliajassa! \u2705 Ajantasainen s\u00e4\u00e4ennuste!\",\"breadcrumb\":{\"@id\":\"https:\\\/\\\/weather-radar-live.com\\\/fi\\\/webkamera\\\/italia\\\/webcam-livigno\\\/#breadcrumb\"},\"inLanguage\":\"fi\",\"potentialAction\":[{\"@type\":\"ReadAction\",\"target\":[\"https:\\\/\\\/weather-radar-live.com\\\/fi\\\/webkamera\\\/italia\\\/webcam-livigno\\\/\"]}]},{\"@type\":\"ImageObject\",\"inLanguage\":\"fi\",\"@id\":\"https:\\\/\\\/weather-radar-live.com\\\/fi\\\/webkamera\\\/italia\\\/webcam-livigno\\\/#primaryimage\",\"url\":\"https:\\\/\\\/weather-radar-live.com\\\/wp-content\\\/uploads\\\/2022\\\/08\\\/Webcam-Luwin.jpg\",\"contentUrl\":\"https:\\\/\\\/weather-radar-live.com\\\/wp-content\\\/uploads\\\/2022\\\/08\\\/Webcam-Luwin.jpg\",\"width\":1756,\"height\":954,\"caption\":\"Webcam - Livigno\"},{\"@type\":\"BreadcrumbList\",\"@id\":\"https:\\\/\\\/weather-radar-live.com\\\/fi\\\/webkamera\\\/italia\\\/webcam-livigno\\\/#breadcrumb\",\"itemListElement\":[{\"@type\":\"ListItem\",\"position\":1,\"name\":\"Weather Radar Live\",\"item\":\"https:\\\/\\\/weather-radar-live.com\\\/fi\\\/\"},{\"@type\":\"ListItem\",\"position\":2,\"name\":\"Webkamera\",\"item\":\"https:\\\/\\\/weather-radar-live.com\\\/fi\\\/webkamera\\\/\"},{\"@type\":\"ListItem\",\"position\":3,\"name\":\"Italia\",\"item\":\"https:\\\/\\\/weather-radar-live.com\\\/fi\\\/webkamera\\\/italia\\\/\"},{\"@type\":\"ListItem\",\"position\":4,\"name\":\"Webcam Livigno\"}]},{\"@type\":\"WebSite\",\"@id\":\"https:\\\/\\\/weather-radar-live.com\\\/#website\",\"url\":\"https:\\\/\\\/weather-radar-live.com\\\/\",\"name\":\"weather-radar-live.com\",\"description\":\"Your weather and sky radar.\",\"publisher\":{\"@id\":\"https:\\\/\\\/weather-radar-live.com\\\/#organization\"},\"potentialAction\":[{\"@type\":\"SearchAction\",\"target\":{\"@type\":\"EntryPoint\",\"urlTemplate\":\"https:\\\/\\\/weather-radar-live.com\\\/?s={search_term_string}\"},\"query-input\":{\"@type\":\"PropertyValueSpecification\",\"valueRequired\":true,\"valueName\":\"search_term_string\"}}],\"inLanguage\":\"fi\"},{\"@type\":\"Organization\",\"@id\":\"https:\\\/\\\/weather-radar-live.com\\\/#organization\",\"name\":\"weather-radar-live.com\",\"url\":\"https:\\\/\\\/weather-radar-live.com\\\/\",\"logo\":{\"@type\":\"ImageObject\",\"inLanguage\":\"fi\",\"@id\":\"https:\\\/\\\/weather-radar-live.com\\\/#\\\/schema\\\/logo\\\/image\\\/\",\"url\":\"https:\\\/\\\/weather-radar-live.com\\\/wp-content\\\/uploads\\\/2022\\\/03\\\/cropped-WRL2503.png\",\"contentUrl\":\"https:\\\/\\\/weather-radar-live.com\\\/wp-content\\\/uploads\\\/2022\\\/03\\\/cropped-WRL2503.png\",\"width\":1920,\"height\":555,\"caption\":\"weather-radar-live.com\"},\"image\":{\"@id\":\"https:\\\/\\\/weather-radar-live.com\\\/#\\\/schema\\\/logo\\\/image\\\/\"}}]}<\/script>\n<!-- \/ Yoast SEO plugin. -->","yoast_head_json":{"title":"Webcam Livigno \u2192 Katso liven\u00e4!","description":"Webcam Livigno | Livignon live webkamera! \u2705 P\u00e4ivitetty sinulle reaaliajassa! \u2705 Ajantasainen s\u00e4\u00e4ennuste!","robots":{"index":"index","follow":"follow","max-snippet":"max-snippet:-1","max-image-preview":"max-image-preview:large","max-video-preview":"max-video-preview:-1"},"canonical":"https:\/\/weather-radar-live.com\/fi\/webkamera\/italia\/webcam-livigno\/","og_locale":"fi_FI","og_type":"article","og_title":"Webcam Livigno \u2192 Katso liven\u00e4!","og_description":"Webcam Livigno | Livignon live webkamera! \u2705 P\u00e4ivitetty sinulle reaaliajassa! \u2705 Ajantasainen s\u00e4\u00e4ennuste!","og_url":"https:\/\/weather-radar-live.com\/fi\/webkamera\/italia\/webcam-livigno\/","og_site_name":"weather-radar-live.com","article_modified_time":"2022-08-03T12:06:21+00:00","og_image":[{"width":1756,"height":954,"url":"https:\/\/weather-radar-live.com\/wp-content\/uploads\/2022\/08\/Webcam-Luwin.jpg","type":"image\/jpeg"}],"twitter_card":"summary_large_image","twitter_misc":{"Arvioitu lukuaika":"2 minuuttia"},"schema":{"@context":"https:\/\/schema.org","@graph":[{"@type":"WebPage","@id":"https:\/\/weather-radar-live.com\/fi\/webkamera\/italia\/webcam-livigno\/","url":"https:\/\/weather-radar-live.com\/fi\/webkamera\/italia\/webcam-livigno\/","name":"Webcam Livigno \u2192 Katso liven\u00e4!","isPartOf":{"@id":"https:\/\/weather-radar-live.com\/#website"},"primaryImageOfPage":{"@id":"https:\/\/weather-radar-live.com\/fi\/webkamera\/italia\/webcam-livigno\/#primaryimage"},"image":{"@id":"https:\/\/weather-radar-live.com\/fi\/webkamera\/italia\/webcam-livigno\/#primaryimage"},"thumbnailUrl":"https:\/\/weather-radar-live.com\/wp-content\/uploads\/2022\/08\/Webcam-Luwin.jpg","datePublished":"2022-08-02T19:33:39+00:00","dateModified":"2022-08-03T12:06:21+00:00","description":"Webcam Livigno | Livignon live webkamera! \u2705 P\u00e4ivitetty sinulle reaaliajassa! \u2705 Ajantasainen s\u00e4\u00e4ennuste!","breadcrumb":{"@id":"https:\/\/weather-radar-live.com\/fi\/webkamera\/italia\/webcam-livigno\/#breadcrumb"},"inLanguage":"fi","potentialAction":[{"@type":"ReadAction","target":["https:\/\/weather-radar-live.com\/fi\/webkamera\/italia\/webcam-livigno\/"]}]},{"@type":"ImageObject","inLanguage":"fi","@id":"https:\/\/weather-radar-live.com\/fi\/webkamera\/italia\/webcam-livigno\/#primaryimage","url":"https:\/\/weather-radar-live.com\/wp-content\/uploads\/2022\/08\/Webcam-Luwin.jpg","contentUrl":"https:\/\/weather-radar-live.com\/wp-content\/uploads\/2022\/08\/Webcam-Luwin.jpg","width":1756,"height":954,"caption":"Webcam - Livigno"},{"@type":"BreadcrumbList","@id":"https:\/\/weather-radar-live.com\/fi\/webkamera\/italia\/webcam-livigno\/#breadcrumb","itemListElement":[{"@type":"ListItem","position":1,"name":"Weather Radar Live","item":"https:\/\/weather-radar-live.com\/fi\/"},{"@type":"ListItem","position":2,"name":"Webkamera","item":"https:\/\/weather-radar-live.com\/fi\/webkamera\/"},{"@type":"ListItem","position":3,"name":"Italia","item":"https:\/\/weather-radar-live.com\/fi\/webkamera\/italia\/"},{"@type":"ListItem","position":4,"name":"Webcam Livigno"}]},{"@type":"WebSite","@id":"https:\/\/weather-radar-live.com\/#website","url":"https:\/\/weather-radar-live.com\/","name":"weather-radar-live.com","description":"Your weather and sky radar.","publisher":{"@id":"https:\/\/weather-radar-live.com\/#organization"},"potentialAction":[{"@type":"SearchAction","target":{"@type":"EntryPoint","urlTemplate":"https:\/\/weather-radar-live.com\/?s={search_term_string}"},"query-input":{"@type":"PropertyValueSpecification","valueRequired":true,"valueName":"search_term_string"}}],"inLanguage":"fi"},{"@type":"Organization","@id":"https:\/\/weather-radar-live.com\/#organization","name":"weather-radar-live.com","url":"https:\/\/weather-radar-live.com\/","logo":{"@type":"ImageObject","inLanguage":"fi","@id":"https:\/\/weather-radar-live.com\/#\/schema\/logo\/image\/","url":"https:\/\/weather-radar-live.com\/wp-content\/uploads\/2022\/03\/cropped-WRL2503.png","contentUrl":"https:\/\/weather-radar-live.com\/wp-content\/uploads\/2022\/03\/cropped-WRL2503.png","width":1920,"height":555,"caption":"weather-radar-live.com"},"image":{"@id":"https:\/\/weather-radar-live.com\/#\/schema\/logo\/image\/"}}]}},"_links":{"self":[{"href":"https:\/\/weather-radar-live.com\/fi\/wp-json\/wp\/v2\/pages\/6187","targetHints":{"allow":["GET"]}}],"collection":[{"href":"https:\/\/weather-radar-live.com\/fi\/wp-json\/wp\/v2\/pages"}],"about":[{"href":"https:\/\/weather-radar-live.com\/fi\/wp-json\/wp\/v2\/types\/page"}],"author":[{"embeddable":true,"href":"https:\/\/weather-radar-live.com\/fi\/wp-json\/wp\/v2\/users\/1"}],"replies":[{"embeddable":true,"href":"https:\/\/weather-radar-live.com\/fi\/wp-json\/wp\/v2\/comments?post=6187"}],"version-history":[{"count":5,"href":"https:\/\/weather-radar-live.com\/fi\/wp-json\/wp\/v2\/pages\/6187\/revisions"}],"predecessor-version":[{"id":6229,"href":"https:\/\/weather-radar-live.com\/fi\/wp-json\/wp\/v2\/pages\/6187\/revisions\/6229"}],"up":[{"embeddable":true,"href":"https:\/\/weather-radar-live.com\/fi\/wp-json\/wp\/v2\/pages\/4308"}],"wp:featuredmedia":[{"embeddable":true,"href":"https:\/\/weather-radar-live.com\/fi\/wp-json\/wp\/v2\/media\/6082"}],"wp:attachment":[{"href":"https:\/\/weather-radar-live.com\/fi\/wp-json\/wp\/v2\/media?parent=6187"}],"curies":[{"name":"wp","href":"https:\/\/api.w.org\/{rel}","templated":true}]}}