{"id":6135,"date":"2022-07-27T20:31:29","date_gmt":"2022-07-27T18:31:29","guid":{"rendered":"https:\/\/weather-radar-live.com\/webkamera\/italia\/webcam-camigliatello\/"},"modified":"2022-08-03T13:05:41","modified_gmt":"2022-08-03T11:05:41","slug":"webcam-camigliatello","status":"publish","type":"page","link":"https:\/\/weather-radar-live.com\/fi\/webkamera\/italia\/webcam-camigliatello\/","title":{"rendered":"Webcam Camigliatello"},"content":{"rendered":"<div id=\"weath-1808105058\" class=\"weath-vor-dem-inhalt weath-entity-placement\" style=\"margin-top: 15px;margin-right: 25px;margin-bottom: 40px;margin-left: 25px;\"><script async src=\"\/\/pagead2.googlesyndication.com\/pagead\/js\/adsbygoogle.js?client=ca-pub-8960936133935804\" crossorigin=\"anonymous\"><\/script><ins class=\"adsbygoogle\" style=\"display:block;\" data-ad-client=\"ca-pub-8960936133935804\" \ndata-ad-slot=\"6172817020\" \ndata-ad-format=\"auto\"><\/ins>\n<script> \n(adsbygoogle = window.adsbygoogle || []).push({}); \n<\/script>\n<\/div>\n<div class=\"wp-block-cover alignfull is-light\"><span aria-hidden=\"true\" class=\"wp-block-cover__gradient-background has-background-dim\"><\/span><img decoding=\"async\" class=\"wp-block-cover__image-background wp-image-342\" alt=\"Webcam Camigliatello\" src=\"https:\/\/weather-radar-live.com\/wp-content\/uploads\/2021\/06\/sam-schooler-E9aetBe2w40-unsplash-e1622554814366.jpg\" data-object-fit=\"cover\"\/><div class=\"wp-block-cover__inner-container is-layout-flow wp-block-cover-is-layout-flow\">\n<h2 class=\"has-text-align-center heading wp-block-heading\" id=\"webcam-fort-mahon\" style=\"font-size:40px\"><strong><mark style=\"background-color:rgba(0, 0, 0, 0)\" class=\"has-inline-color has-base-3-color\">WEBCAM <\/mark><\/strong><br><strong><mark style=\"background-color:rgba(0, 0, 0, 0)\" class=\"has-inline-color has-base-3-color\">CAMIGLIATELLO<\/mark><\/strong><\/h2>\n<\/div><\/div>\n\n\n<div class=\"yoast-breadcrumbs\"><span><span><a href=\"https:\/\/weather-radar-live.com\/fi\/\">Weather Radar Live<\/a><\/span> \u00bb <span><a href=\"https:\/\/weather-radar-live.com\/fi\/webkamera\/\">Webkamera<\/a><\/span> \u00bb <span><a href=\"https:\/\/weather-radar-live.com\/fi\/webkamera\/italia\/\">Italia<\/a><\/span> \u00bb <span class=\"breadcrumb_last\" aria-current=\"page\"><strong>Webcam Camigliatello<\/strong><\/span><\/span><\/div>\n\n\n<h2 class=\"has-text-align-center wp-block-heading\" id=\"webcam-fort-mahon\"><strong>Webcam Camigliatello<\/strong><\/h2>\n\n\n\n<p>Camigliatellon hiihtokeskus sijaitsee Calabrian maakunnassa Cosenzassa. Hiihtoon ja lumilautailuun on k\u00e4ytett\u00e4viss\u00e4 4,3 kilometri\u00e4 rinteit\u00e4. Lis\u00e4ksi Camigliatellossa on hissit (gondolit ja tuolihissit), jotka viev\u00e4t sinut korkeammille alueille. Calabrian talviurheilualue sijaitsee 1 378-1 785 metrin korkeudessa. Hiihtokausi alkaa Camigliatellossa helmikuun alussa ja kest\u00e4\u00e4 yleens\u00e4 huhtikuun loppuun. Sinisi\u00e4 rinteit\u00e4 on 28 prosenttia ja punaisia 72 prosenttia. Pisin mahdollinen lasku on 1 kilometri. Webbikameramme Camigliatello antaa sinun osallistua rinteiden vilskeeseen reaaliajassa. Mutta my\u00f6s kes\u00e4kuukausina Camigliatello on aina matkan arvoinen. Kaunis vuoristomassiivi vehreine alppilaitumineen kutsuu patikoimaan ja rentoutumaan.<\/p>\n\n\n\n<p>Cosenzan maakunnan, jossa Camigliatellon hiihtokeskus sijaitsee, perusti 4. vuosisadalla eaa. bruttien heimo. Viel\u00e4 nyky\u00e4\u00e4nkin voit l\u00f6yt\u00e4\u00e4 j\u00e4lki\u00e4 brutteista, kun matkustat t\u00e4ll\u00e4 alueella. T\u00e4m\u00e4 Sila-vuorten juurella sijaitseva paratiisi on kahden t\u00e4\u00e4ll\u00e4 yhtyv\u00e4n joen, Cratin ja Busenton, rajaama. T\u00e4m\u00e4 ihana alue on my\u00f6s hyvin keskeisell\u00e4 paikalla Italian suurten metropolien l\u00e4hell\u00e4. Noin 95 kilometrin p\u00e4\u00e4ss\u00e4 on Catanzaro ja Napoli noin 315 kilometrin p\u00e4\u00e4ss\u00e4. Jos suunnittelet lomaa t\u00e4lle alueelle, voit luottaa my\u00f6s julkiseen liikenteeseen. Cosenza ja Camigliatello ovat eritt\u00e4in helposti saavutettavissa niill\u00e4, joten voit j\u00e4tt\u00e4\u00e4 auton autotalliin kotiin ja tehd\u00e4 jotain ymp\u00e4rist\u00f6n hyv\u00e4ksi.<\/p><div id=\"weath-154364813\" class=\"weath-inhalt_2 weath-entity-placement\" style=\"margin-top: 15px;margin-right: 25px;margin-bottom: 35px;margin-left: 25px;\"><script async src=\"\/\/pagead2.googlesyndication.com\/pagead\/js\/adsbygoogle.js?client=ca-pub-8960936133935804\" crossorigin=\"anonymous\"><\/script><ins class=\"adsbygoogle\" style=\"display:block;\" data-ad-client=\"ca-pub-8960936133935804\" \ndata-ad-slot=\"1963584050\" \ndata-ad-format=\"auto\"><\/ins>\n<script> \n(adsbygoogle = window.adsbygoogle || []).push({}); \n<\/script>\n<\/div>\n\n\n\n<div class=\"wp-block-columns is-layout-flex wp-container-core-columns-is-layout-9d6595d7 wp-block-columns-is-layout-flex\">\n<div class=\"wp-block-column webcam-column is-layout-flow wp-block-column-is-layout-flow\">\n<h3 class=\"has-text-align-center live-emoji wp-block-heading\"> \ud83d\udd34 <strong>Webcam Camigliatello<\/strong> &#8211; Spezzano della Sila <\/h3>\n\n\n\n<a name=\"windy-webcam-timelapse-player\" data-id=\"1646056997\" data-play=\"day\" href=\"https:\/\/windy.com\/webcams\/1646056997\" target=\"_blank\" rel=\"noopener\">Spezzano della Sila<\/a><script async=\"\" type=\"text\/javascript\" src=\"https:\/\/webcams.windy.com\/webcams\/public\/embed\/script\/player.js\"><\/script>\n<\/div>\n<\/div>\n\n\n\n<h2 class=\"wp-block-heading\" id=\"fort-mahon-today\"><strong>S\u00e4\u00e4tutka Camigliatello &#8211; S\u00e4\u00e4 Camigliatellossa<\/strong><\/h2>\n\n\n\n<p>Webkamera Camigliatello tarjoaa sinulle paitsi upean n\u00e4kym\u00e4n s\u00e4\u00e4h\u00e4n suorien kuvien kautta, my\u00f6s erityisen s\u00e4\u00e4tutkan. S\u00e4\u00e4tutkan avulla olet aina ajan tasalla Camigliatellon s\u00e4\u00e4st\u00e4. Webkameran tutka n\u00e4ytt\u00e4\u00e4 eri v\u00e4reill\u00e4 alueet, joilla sataa. Vihre\u00e4n ja sinisen s\u00e4vyt osoittavat, ett\u00e4 odotettavissa on vain kevytt\u00e4 sadetta. Violetti ja punainen puolestaan edustavat eritt\u00e4in suuria sadem\u00e4\u00e4ri\u00e4. Jos odotettavissa on ukkonen, s\u00e4\u00e4tutka n\u00e4ytt\u00e4\u00e4 pienen salamasymbolin.<\/p>\n\n\n\n<div class=\"wp-block-columns is-layout-flex wp-container-core-columns-is-layout-9d6595d7 wp-block-columns-is-layout-flex\">\n<div class=\"wp-block-column is-layout-flow wp-block-column-is-layout-flow\" style=\"flex-basis:75%\">\n<iframe loading=\"lazy\" width=\"1300\" height=\"502\" src=\"https:\/\/embed.windy.com\/embed2.html?lat=39.329&amp;lon=16.504&amp;detailLat=39.340&amp;detailLon=16.438&amp;width=1300&amp;height=502&amp;zoom=11&amp;level=surface&amp;overlay=radar&amp;product=radar&amp;menu=&amp;message=&amp;marker=&amp;calendar=now&amp;pressure=&amp;type=map&amp;location=coordinates&amp;detail=&amp;metricWind=default&amp;metricTemp=default&amp;radarRange=-1\" frameborder=\"0\"><\/iframe>\n<\/div>\n\n\n\n<div class=\"wp-block-column is-layout-flow wp-block-column-is-layout-flow\" style=\"flex-basis:25%\">\n<a class=\"weatherwidget-io\" href=\"https:\/\/forecast7.com\/en\/39d3416d45\/camigliatello-silano\/\" data-label_1=\"CAMIGLIATELLO SILANO\" data-font=\"Roboto\" data-theme=\"original\" >CAMIGLIATELLO SILANO<\/a>\n<script>\n!function(d,s,id){var js,fjs=d.getElementsByTagName(s)[0];if(!d.getElementById(id)){js=d.createElement(s);js.id=id;js.src='https:\/\/weatherwidget.io\/js\/widget.min.js';fjs.parentNode.insertBefore(js,fjs);}}(document,'script','weatherwidget-io-js');\n<\/script>\n<\/div>\n<\/div>\n\n\n\n<h2 class=\"wp-block-heading\" id=\"fort-mahon-weather\"><strong>Ilmasto Camigliatello<\/strong><\/h2>\n\n\n\n<p>Camigliatellon ilmasto on lauhkea ja l\u00e4mmin. Sadem\u00e4\u00e4r\u00e4 on merkitt\u00e4v\u00e4 ymp\u00e4ri vuoden, talvella mieluiten lunta. Vuoden keskil\u00e4mp\u00f6tila Camigliatellossa on noin 13 \u00b0C. Talvella l\u00e4mp\u00f6tila on noin 5 \u00b0C ja kes\u00e4ll\u00e4 noin 26 \u00b0C. Sadem\u00e4\u00e4r\u00e4, joka jakautuu vuodelle, on yhteens\u00e4 noin 1 206 mm. Elokuussa on v\u00e4hiten sadem\u00e4\u00e4r\u00e4\u00e4 alueella, 53 mm.<\/p>\n\n\n\n<h2 class=\"wp-block-heading\"><strong>Camigliatellon n\u00e4ht\u00e4vyydet<\/strong><\/h2>\n\n\n\n<p>Gran Canaria tarjoaa monenlaisia mielenkiintoisia n\u00e4ht\u00e4vyyksi\u00e4 jokaiselle lomailijalle. Auringon yst\u00e4v\u00e4t l\u00f6yt\u00e4v\u00e4t hyv\u00e4n mielen, juhlat ja upeat hiekkarannat. T\u00e4\u00e4lt\u00e4 l\u00f6ytyy my\u00f6s mahdollisuuksia vesiurheiluun, sukellukseen ja syv\u00e4nmeren kalastukseen. Arkkitehtuurin yst\u00e4v\u00e4t l\u00f6yt\u00e4v\u00e4t lukuisia esimerkkej\u00e4 klassisesta aYksi n\u00e4ht\u00e4vyys, jota ei kannata j\u00e4tt\u00e4\u00e4 v\u00e4liin, on Treno della Sila. Historiallinen vuoristorata, jota vet\u00e4\u00e4 h\u00f6yryveturi, antaa sinun nauttia kauniista maisemista. Sinun on my\u00f6s syyt\u00e4 k\u00e4yd\u00e4 ainakin kerran Mercatino Camigliatellossa. Katumarkkinoilta l\u00f6yd\u00e4t monia kivoja asioita alueelta. Pid\u00e4tk\u00f6 kenties maastopy\u00f6r\u00e4ilyst\u00e4? Silloin vierailu Hitinerossa on sinulle ehdoton valinta.<\/p>\n","protected":false},"excerpt":{"rendered":"<p>Webcam Camigliatello Camigliatellon hiihtokeskus sijaitsee Calabrian maakunnassa Cosenzassa. Hiihtoon ja lumilautailuun on k\u00e4ytett\u00e4viss\u00e4 4,3 kilometri\u00e4 rinteit\u00e4. Lis\u00e4ksi Camigliatellossa on hissit (gondolit ja tuolihissit), jotka viev\u00e4t sinut korkeammille alueille. Calabrian talviurheilualue sijaitsee 1 378-1 785 metrin korkeudessa. Hiihtokausi alkaa Camigliatellossa helmikuun alussa ja kest\u00e4\u00e4 yleens\u00e4 huhtikuun loppuun. Sinisi\u00e4 rinteit\u00e4 on 28 prosenttia ja punaisia 72 prosenttia. &#8230; <a title=\"Webcam Camigliatello\" class=\"read-more\" href=\"https:\/\/weather-radar-live.com\/fi\/webkamera\/italia\/webcam-camigliatello\/\" aria-label=\"Lue lis\u00e4\u00e4 aiheesta Webcam Camigliatello\">Lue lis\u00e4\u00e4<\/a><\/p>\n","protected":false},"author":1,"featured_media":6068,"parent":4308,"menu_order":0,"comment_status":"closed","ping_status":"closed","template":"","meta":{"footnotes":""},"class_list":["post-6135","page","type-page","status-publish","has-post-thumbnail"],"yoast_head":"<!-- This site is optimized with the Yoast SEO plugin v27.5 - https:\/\/yoast.com\/product\/yoast-seo-wordpress\/ -->\n<title>Webcam Camigliatello \u2192 Katso liven\u00e4!<\/title>\n<meta name=\"description\" content=\"Webcam Camigliatello | Live Webcam Camigliatello! \u2705 P\u00e4ivitetty sinulle reaaliajassa! \u2705 Ajantasainen s\u00e4\u00e4ennuste!\" \/>\n<meta name=\"robots\" content=\"index, follow, max-snippet:-1, max-image-preview:large, max-video-preview:-1\" \/>\n<link rel=\"canonical\" href=\"https:\/\/weather-radar-live.com\/fi\/webkamera\/italia\/webcam-camigliatello\/\" \/>\n<meta property=\"og:locale\" content=\"fi_FI\" \/>\n<meta property=\"og:type\" content=\"article\" \/>\n<meta property=\"og:title\" content=\"Webcam Camigliatello \u2192 Katso liven\u00e4!\" \/>\n<meta property=\"og:description\" content=\"Webcam Camigliatello | Live Webcam Camigliatello! \u2705 P\u00e4ivitetty sinulle reaaliajassa! \u2705 Ajantasainen s\u00e4\u00e4ennuste!\" \/>\n<meta property=\"og:url\" content=\"https:\/\/weather-radar-live.com\/fi\/webkamera\/italia\/webcam-camigliatello\/\" \/>\n<meta property=\"og:site_name\" content=\"weather-radar-live.com\" \/>\n<meta property=\"article:modified_time\" content=\"2022-08-03T11:05:41+00:00\" \/>\n<meta property=\"og:image\" content=\"https:\/\/weather-radar-live.com\/wp-content\/uploads\/2022\/08\/Webcam-Camigliatello-e1659465297401.jpg\" \/>\n\t<meta property=\"og:image:width\" content=\"1911\" \/>\n\t<meta property=\"og:image:height\" content=\"931\" \/>\n\t<meta property=\"og:image:type\" content=\"image\/jpeg\" \/>\n<meta name=\"twitter:card\" content=\"summary_large_image\" \/>\n<meta name=\"twitter:label1\" content=\"Arvioitu lukuaika\" \/>\n\t<meta name=\"twitter:data1\" content=\"2 minuuttia\" \/>\n<script type=\"application\/ld+json\" class=\"yoast-schema-graph\">{\"@context\":\"https:\\\/\\\/schema.org\",\"@graph\":[{\"@type\":\"WebPage\",\"@id\":\"https:\\\/\\\/weather-radar-live.com\\\/fi\\\/webkamera\\\/italia\\\/webcam-camigliatello\\\/\",\"url\":\"https:\\\/\\\/weather-radar-live.com\\\/fi\\\/webkamera\\\/italia\\\/webcam-camigliatello\\\/\",\"name\":\"Webcam Camigliatello \u2192 Katso liven\u00e4!\",\"isPartOf\":{\"@id\":\"https:\\\/\\\/weather-radar-live.com\\\/#website\"},\"primaryImageOfPage\":{\"@id\":\"https:\\\/\\\/weather-radar-live.com\\\/fi\\\/webkamera\\\/italia\\\/webcam-camigliatello\\\/#primaryimage\"},\"image\":{\"@id\":\"https:\\\/\\\/weather-radar-live.com\\\/fi\\\/webkamera\\\/italia\\\/webcam-camigliatello\\\/#primaryimage\"},\"thumbnailUrl\":\"https:\\\/\\\/weather-radar-live.com\\\/wp-content\\\/uploads\\\/2022\\\/08\\\/Webcam-Camigliatello-e1659465297401.jpg\",\"datePublished\":\"2022-07-27T18:31:29+00:00\",\"dateModified\":\"2022-08-03T11:05:41+00:00\",\"description\":\"Webcam Camigliatello | Live Webcam Camigliatello! \u2705 P\u00e4ivitetty sinulle reaaliajassa! \u2705 Ajantasainen s\u00e4\u00e4ennuste!\",\"breadcrumb\":{\"@id\":\"https:\\\/\\\/weather-radar-live.com\\\/fi\\\/webkamera\\\/italia\\\/webcam-camigliatello\\\/#breadcrumb\"},\"inLanguage\":\"fi\",\"potentialAction\":[{\"@type\":\"ReadAction\",\"target\":[\"https:\\\/\\\/weather-radar-live.com\\\/fi\\\/webkamera\\\/italia\\\/webcam-camigliatello\\\/\"]}]},{\"@type\":\"ImageObject\",\"inLanguage\":\"fi\",\"@id\":\"https:\\\/\\\/weather-radar-live.com\\\/fi\\\/webkamera\\\/italia\\\/webcam-camigliatello\\\/#primaryimage\",\"url\":\"https:\\\/\\\/weather-radar-live.com\\\/wp-content\\\/uploads\\\/2022\\\/08\\\/Webcam-Camigliatello-e1659465297401.jpg\",\"contentUrl\":\"https:\\\/\\\/weather-radar-live.com\\\/wp-content\\\/uploads\\\/2022\\\/08\\\/Webcam-Camigliatello-e1659465297401.jpg\",\"width\":1911,\"height\":931,\"caption\":\"Webcam Camigliatello\"},{\"@type\":\"BreadcrumbList\",\"@id\":\"https:\\\/\\\/weather-radar-live.com\\\/fi\\\/webkamera\\\/italia\\\/webcam-camigliatello\\\/#breadcrumb\",\"itemListElement\":[{\"@type\":\"ListItem\",\"position\":1,\"name\":\"Weather Radar Live\",\"item\":\"https:\\\/\\\/weather-radar-live.com\\\/fi\\\/\"},{\"@type\":\"ListItem\",\"position\":2,\"name\":\"Webkamera\",\"item\":\"https:\\\/\\\/weather-radar-live.com\\\/fi\\\/webkamera\\\/\"},{\"@type\":\"ListItem\",\"position\":3,\"name\":\"Italia\",\"item\":\"https:\\\/\\\/weather-radar-live.com\\\/fi\\\/webkamera\\\/italia\\\/\"},{\"@type\":\"ListItem\",\"position\":4,\"name\":\"Webcam Camigliatello\"}]},{\"@type\":\"WebSite\",\"@id\":\"https:\\\/\\\/weather-radar-live.com\\\/#website\",\"url\":\"https:\\\/\\\/weather-radar-live.com\\\/\",\"name\":\"weather-radar-live.com\",\"description\":\"Your weather and sky radar.\",\"publisher\":{\"@id\":\"https:\\\/\\\/weather-radar-live.com\\\/#organization\"},\"potentialAction\":[{\"@type\":\"SearchAction\",\"target\":{\"@type\":\"EntryPoint\",\"urlTemplate\":\"https:\\\/\\\/weather-radar-live.com\\\/?s={search_term_string}\"},\"query-input\":{\"@type\":\"PropertyValueSpecification\",\"valueRequired\":true,\"valueName\":\"search_term_string\"}}],\"inLanguage\":\"fi\"},{\"@type\":\"Organization\",\"@id\":\"https:\\\/\\\/weather-radar-live.com\\\/#organization\",\"name\":\"weather-radar-live.com\",\"url\":\"https:\\\/\\\/weather-radar-live.com\\\/\",\"logo\":{\"@type\":\"ImageObject\",\"inLanguage\":\"fi\",\"@id\":\"https:\\\/\\\/weather-radar-live.com\\\/#\\\/schema\\\/logo\\\/image\\\/\",\"url\":\"https:\\\/\\\/weather-radar-live.com\\\/wp-content\\\/uploads\\\/2022\\\/03\\\/cropped-WRL2503.png\",\"contentUrl\":\"https:\\\/\\\/weather-radar-live.com\\\/wp-content\\\/uploads\\\/2022\\\/03\\\/cropped-WRL2503.png\",\"width\":1920,\"height\":555,\"caption\":\"weather-radar-live.com\"},\"image\":{\"@id\":\"https:\\\/\\\/weather-radar-live.com\\\/#\\\/schema\\\/logo\\\/image\\\/\"}}]}<\/script>\n<!-- \/ Yoast SEO plugin. -->","yoast_head_json":{"title":"Webcam Camigliatello \u2192 Katso liven\u00e4!","description":"Webcam Camigliatello | Live Webcam Camigliatello! \u2705 P\u00e4ivitetty sinulle reaaliajassa! \u2705 Ajantasainen s\u00e4\u00e4ennuste!","robots":{"index":"index","follow":"follow","max-snippet":"max-snippet:-1","max-image-preview":"max-image-preview:large","max-video-preview":"max-video-preview:-1"},"canonical":"https:\/\/weather-radar-live.com\/fi\/webkamera\/italia\/webcam-camigliatello\/","og_locale":"fi_FI","og_type":"article","og_title":"Webcam Camigliatello \u2192 Katso liven\u00e4!","og_description":"Webcam Camigliatello | Live Webcam Camigliatello! \u2705 P\u00e4ivitetty sinulle reaaliajassa! \u2705 Ajantasainen s\u00e4\u00e4ennuste!","og_url":"https:\/\/weather-radar-live.com\/fi\/webkamera\/italia\/webcam-camigliatello\/","og_site_name":"weather-radar-live.com","article_modified_time":"2022-08-03T11:05:41+00:00","og_image":[{"width":1911,"height":931,"url":"https:\/\/weather-radar-live.com\/wp-content\/uploads\/2022\/08\/Webcam-Camigliatello-e1659465297401.jpg","type":"image\/jpeg"}],"twitter_card":"summary_large_image","twitter_misc":{"Arvioitu lukuaika":"2 minuuttia"},"schema":{"@context":"https:\/\/schema.org","@graph":[{"@type":"WebPage","@id":"https:\/\/weather-radar-live.com\/fi\/webkamera\/italia\/webcam-camigliatello\/","url":"https:\/\/weather-radar-live.com\/fi\/webkamera\/italia\/webcam-camigliatello\/","name":"Webcam Camigliatello \u2192 Katso liven\u00e4!","isPartOf":{"@id":"https:\/\/weather-radar-live.com\/#website"},"primaryImageOfPage":{"@id":"https:\/\/weather-radar-live.com\/fi\/webkamera\/italia\/webcam-camigliatello\/#primaryimage"},"image":{"@id":"https:\/\/weather-radar-live.com\/fi\/webkamera\/italia\/webcam-camigliatello\/#primaryimage"},"thumbnailUrl":"https:\/\/weather-radar-live.com\/wp-content\/uploads\/2022\/08\/Webcam-Camigliatello-e1659465297401.jpg","datePublished":"2022-07-27T18:31:29+00:00","dateModified":"2022-08-03T11:05:41+00:00","description":"Webcam Camigliatello | Live Webcam Camigliatello! \u2705 P\u00e4ivitetty sinulle reaaliajassa! \u2705 Ajantasainen s\u00e4\u00e4ennuste!","breadcrumb":{"@id":"https:\/\/weather-radar-live.com\/fi\/webkamera\/italia\/webcam-camigliatello\/#breadcrumb"},"inLanguage":"fi","potentialAction":[{"@type":"ReadAction","target":["https:\/\/weather-radar-live.com\/fi\/webkamera\/italia\/webcam-camigliatello\/"]}]},{"@type":"ImageObject","inLanguage":"fi","@id":"https:\/\/weather-radar-live.com\/fi\/webkamera\/italia\/webcam-camigliatello\/#primaryimage","url":"https:\/\/weather-radar-live.com\/wp-content\/uploads\/2022\/08\/Webcam-Camigliatello-e1659465297401.jpg","contentUrl":"https:\/\/weather-radar-live.com\/wp-content\/uploads\/2022\/08\/Webcam-Camigliatello-e1659465297401.jpg","width":1911,"height":931,"caption":"Webcam Camigliatello"},{"@type":"BreadcrumbList","@id":"https:\/\/weather-radar-live.com\/fi\/webkamera\/italia\/webcam-camigliatello\/#breadcrumb","itemListElement":[{"@type":"ListItem","position":1,"name":"Weather Radar Live","item":"https:\/\/weather-radar-live.com\/fi\/"},{"@type":"ListItem","position":2,"name":"Webkamera","item":"https:\/\/weather-radar-live.com\/fi\/webkamera\/"},{"@type":"ListItem","position":3,"name":"Italia","item":"https:\/\/weather-radar-live.com\/fi\/webkamera\/italia\/"},{"@type":"ListItem","position":4,"name":"Webcam Camigliatello"}]},{"@type":"WebSite","@id":"https:\/\/weather-radar-live.com\/#website","url":"https:\/\/weather-radar-live.com\/","name":"weather-radar-live.com","description":"Your weather and sky radar.","publisher":{"@id":"https:\/\/weather-radar-live.com\/#organization"},"potentialAction":[{"@type":"SearchAction","target":{"@type":"EntryPoint","urlTemplate":"https:\/\/weather-radar-live.com\/?s={search_term_string}"},"query-input":{"@type":"PropertyValueSpecification","valueRequired":true,"valueName":"search_term_string"}}],"inLanguage":"fi"},{"@type":"Organization","@id":"https:\/\/weather-radar-live.com\/#organization","name":"weather-radar-live.com","url":"https:\/\/weather-radar-live.com\/","logo":{"@type":"ImageObject","inLanguage":"fi","@id":"https:\/\/weather-radar-live.com\/#\/schema\/logo\/image\/","url":"https:\/\/weather-radar-live.com\/wp-content\/uploads\/2022\/03\/cropped-WRL2503.png","contentUrl":"https:\/\/weather-radar-live.com\/wp-content\/uploads\/2022\/03\/cropped-WRL2503.png","width":1920,"height":555,"caption":"weather-radar-live.com"},"image":{"@id":"https:\/\/weather-radar-live.com\/#\/schema\/logo\/image\/"}}]}},"_links":{"self":[{"href":"https:\/\/weather-radar-live.com\/fi\/wp-json\/wp\/v2\/pages\/6135","targetHints":{"allow":["GET"]}}],"collection":[{"href":"https:\/\/weather-radar-live.com\/fi\/wp-json\/wp\/v2\/pages"}],"about":[{"href":"https:\/\/weather-radar-live.com\/fi\/wp-json\/wp\/v2\/types\/page"}],"author":[{"embeddable":true,"href":"https:\/\/weather-radar-live.com\/fi\/wp-json\/wp\/v2\/users\/1"}],"replies":[{"embeddable":true,"href":"https:\/\/weather-radar-live.com\/fi\/wp-json\/wp\/v2\/comments?post=6135"}],"version-history":[{"count":3,"href":"https:\/\/weather-radar-live.com\/fi\/wp-json\/wp\/v2\/pages\/6135\/revisions"}],"predecessor-version":[{"id":6152,"href":"https:\/\/weather-radar-live.com\/fi\/wp-json\/wp\/v2\/pages\/6135\/revisions\/6152"}],"up":[{"embeddable":true,"href":"https:\/\/weather-radar-live.com\/fi\/wp-json\/wp\/v2\/pages\/4308"}],"wp:featuredmedia":[{"embeddable":true,"href":"https:\/\/weather-radar-live.com\/fi\/wp-json\/wp\/v2\/media\/6068"}],"wp:attachment":[{"href":"https:\/\/weather-radar-live.com\/fi\/wp-json\/wp\/v2\/media?parent=6135"}],"curies":[{"name":"wp","href":"https:\/\/api.w.org\/{rel}","templated":true}]}}