{"id":5503,"date":"2022-04-20T15:27:59","date_gmt":"2022-04-20T13:27:59","guid":{"rendered":"https:\/\/weather-radar-live.com\/webkamera\/ranska\/webcam-seignosse\/"},"modified":"2022-07-20T15:24:51","modified_gmt":"2022-07-20T13:24:51","slug":"webcam-seignosse","status":"publish","type":"page","link":"https:\/\/weather-radar-live.com\/fi\/webkamera\/ranska\/webcam-seignosse\/","title":{"rendered":"Webcam Seignosse"},"content":{"rendered":"<div id=\"weath-3196018841\" class=\"weath-vor-dem-inhalt weath-entity-placement\" style=\"margin-top: 15px;margin-right: 25px;margin-bottom: 40px;margin-left: 25px;\"><script async src=\"\/\/pagead2.googlesyndication.com\/pagead\/js\/adsbygoogle.js?client=ca-pub-8960936133935804\" crossorigin=\"anonymous\"><\/script><ins class=\"adsbygoogle\" style=\"display:block;\" data-ad-client=\"ca-pub-8960936133935804\" \ndata-ad-slot=\"6172817020\" \ndata-ad-format=\"auto\"><\/ins>\n<script> \n(adsbygoogle = window.adsbygoogle || []).push({}); \n<\/script>\n<\/div>\n<div class=\"wp-block-cover alignfull is-light\"><span aria-hidden=\"true\" class=\"wp-block-cover__gradient-background has-background-dim\"><\/span><img decoding=\"async\" class=\"wp-block-cover__image-background wp-image-342\" alt=\"Webcam Seignosse\" src=\"https:\/\/weather-radar-live.com\/wp-content\/uploads\/2021\/06\/sam-schooler-E9aetBe2w40-unsplash-e1622554814366.jpg\" data-object-fit=\"cover\"\/><div class=\"wp-block-cover__inner-container is-layout-flow wp-block-cover-is-layout-flow\">\n<h2 class=\"has-text-align-center heading wp-block-heading\" id=\"webcam-fort-mahon\" style=\"font-size:40px\"><mark style=\"font-weight: bold; background-color: rgba(0, 0, 0, 0);\" class=\"has-inline-color has-base-3-color\"><strong>WEBCAM <\/strong><\/mark><b><br><\/b><mark style=\"background-color:rgba(0, 0, 0, 0)\" class=\"has-inline-color has-base-3-color\"><strong>SEIGNOSSE<\/strong><\/mark><\/h2>\n<\/div><\/div>\n\n\n<div class=\"yoast-breadcrumbs\"><span><span><a href=\"https:\/\/weather-radar-live.com\/fi\/\">Weather Radar Live<\/a><\/span> \u00bb <span><a href=\"https:\/\/weather-radar-live.com\/fi\/webkamera\/\">Webkamera<\/a><\/span> \u00bb <span><a href=\"https:\/\/weather-radar-live.com\/fi\/webkamera\/ranska\/\">Ranska<\/a><\/span> \u00bb <span class=\"breadcrumb_last\" aria-current=\"page\"><strong>Webcam Seignosse<\/strong><\/span><\/span><\/div>\n\n\n<h2 class=\"has-text-align-center wp-block-heading\" id=\"webcam-fort-mahon\"><strong>Webcam <strong>Seignosse<\/strong><\/strong><\/h2>\n\n\n\n<p>Seignosse sijaitsee Landesin mets\u00e4n ja Maremnen v\u00e4liss\u00e4 Uuden-Aquitainen alueella. Seignosse Oc\u00e9an, luokiteltu rantalomakohde, tarjoaa p\u00e4\u00e4syn Atlantin valtamerelle. T\u00e4m\u00e4 kaupunki on kuuluisa surffauspaikoistaan, ja se sijaitsee l\u00e4hell\u00e4 Hossegoria. Sijainti on upea leikkipaikka polkujen ja juoksun harrastajille, sill\u00e4 siell\u00e4 on yli 40 kilometri\u00e4 merkittyj\u00e4 polkuja. Kes\u00e4kauden alusta l\u00e4htien siit\u00e4 on tullut merkitt\u00e4v\u00e4 matkailukohde, jossa on l\u00e4mmin perheilmapiiri. <\/p>\n\n\n\n<p>Alue on m\u00e4ntyjen ja tammien peitossa, ja hiekkadyynit suojaavat sit\u00e4 meren roiskeilta. Seignossessa on suuri vesipuisto nimelt\u00e4 Atlantic Park. T\u00e4m\u00e4 virkistyspuisto sijaitsee Landesin departementissa. Seignossessa on ainutlaatuinen ilmapiiri, joka on yst\u00e4v\u00e4llinen ja viile\u00e4. Mietitk\u00f6, mik\u00e4 on keskim\u00e4\u00e4r\u00e4inen s\u00e4\u00e4 id Seignosse kuukaudessa, sen ilmasto ja sen kuuluisa sijainti? T\u00e4\u00e4ll\u00e4 olemme antaneet sinulle haluamasi tiedot. Otetaan selv\u00e4\u00e4!<\/p><div id=\"weath-1262851945\" class=\"weath-inhalt_2 weath-entity-placement\" style=\"margin-top: 15px;margin-right: 25px;margin-bottom: 35px;margin-left: 25px;\"><script async src=\"\/\/pagead2.googlesyndication.com\/pagead\/js\/adsbygoogle.js?client=ca-pub-8960936133935804\" crossorigin=\"anonymous\"><\/script><ins class=\"adsbygoogle\" style=\"display:block;\" data-ad-client=\"ca-pub-8960936133935804\" \ndata-ad-slot=\"1963584050\" \ndata-ad-format=\"auto\"><\/ins>\n<script> \n(adsbygoogle = window.adsbygoogle || []).push({}); \n<\/script>\n<\/div>\n\n\n\n<h3 class=\"has-text-align-center wp-block-heading\">\ud83d\udd34 <strong>Webcam Seignosse<\/strong><\/h3>\n\n\n\n<a name=\"windy-webcam-timelapse-player\" data-id=\"1620452597\" data-play=\"day\" href=\"https:\/\/windy.com\/webcams\/1620452597\" target=\"_blank\" rel=\"noopener\">Seignosse<\/a><script async=\"\" type=\"text\/javascript\" src=\"https:\/\/webcams.windy.com\/webcams\/public\/embed\/script\/player.js\"><\/script>\n\n\n\n<h2 class=\"wp-block-heading\" id=\"fort-mahon-today\"><strong><strong>S\u00e4\u00e4 tutka Seignosse &#8211; s\u00e4\u00e4 Seignosse<\/strong><\/strong><\/h2>\n\n\n\n<p><strong><a href=\"https:\/\/weather-radar-live.com\/fi\/\">S\u00e4\u00e4tutka Live<\/a><\/strong> ker\u00e4\u00e4 signaaleja ja n\u00e4ytt\u00e4\u00e4 tietoja, jotka liittyv\u00e4t <strong><a href=\"https:\/\/weather-radar-live.com\/fi\/pilvet\/\">pilvipeite<\/a><\/strong>, <strong><a href=\"https:\/\/weather-radar-live.com\/fi\/tornado-radar\/\">tornadot<\/a><\/strong>, <strong><a href=\"https:\/\/weather-radar-live.com\/fi\/sadetutka\/\">sadem\u00e4\u00e4r\u00e4<\/a><\/strong>, ja <strong><a href=\"https:\/\/weather-radar-live.com\/fi\/ukkostutka\/\">ukkoset <\/a><\/strong>reaaliajassa. Tarjoamme sinulle yleiskuvan s\u00e4\u00e4st\u00e4 ja voit ennustaa, millainen s\u00e4\u00e4 on seuraavien tuntien aikana. Lis\u00e4ksi voit suurentaa tai pienent\u00e4\u00e4 n\u00e4kym\u00e4\u00e4 napsauttamalla oikeassa yl\u00e4kulmassa olevia + tai &#8211; merkkej\u00e4. Saat viimeisimm\u00e4t p\u00e4ivitykset ja s\u00e4\u00e4ennusteet saadaksesi asiaankuuluvaa tietoa.<\/p>\n\n\n\n<div class=\"wp-block-columns is-layout-flex wp-container-core-columns-is-layout-9d6595d7 wp-block-columns-is-layout-flex\">\n<div class=\"wp-block-column is-layout-flow wp-block-column-is-layout-flow\" style=\"flex-basis:75%\">\n<iframe loading=\"lazy\" width=\"1300\" height=\"502\" src=\"https:\/\/embed.windy.com\/embed2.html?lat=43.710&amp;lon=-1.846&amp;detailLat=43.710&amp;detailLon=-1.846&amp;width=1300&amp;height=502&amp;zoom=10&amp;level=surface&amp;overlay=wind&amp;product=ecmwf&amp;menu=&amp;message=&amp;marker=&amp;calendar=now&amp;pressure=&amp;type=map&amp;location=coordinates&amp;detail=&amp;metricWind=default&amp;metricTemp=default&amp;radarRange=-1\" frameborder=\"0\"><\/iframe>\n<\/div>\n\n\n\n<div class=\"wp-block-column is-layout-flow wp-block-column-is-layout-flow\" style=\"flex-basis:25%\">\n<a class=\"weatherwidget-io\" href=\"https:\/\/forecast7.com\/en\/43d69n1d38\/seignosse\/\" data-label_1=\"SEIGNOSSE\" data-font=\"Roboto\" data-theme=\"original\">SEIGNOSSE<\/a>\n<script>\n!function(d,s,id){var js,fjs=d.getElementsByTagName(s)[0];if(!d.getElementById(id)){js=d.createElement(s);js.id=id;js.src='https:\/\/weatherwidget.io\/js\/widget.min.js';fjs.parentNode.insertBefore(js,fjs);}}(document,'script','weatherwidget-io-js');\n<\/script>\n<\/div>\n<\/div>\n\n\n\n<h2 class=\"wp-block-heading\" id=\"fort-mahon-weather\"><strong><strong>Ilmasto Seignosse<\/strong><\/strong><\/h2>\n\n\n\n<p>Seignossen ilmasto on l\u00e4mmin ja lauhkea. Siell\u00e4 sataa usein jopa kuivimpina kuukausina. K\u00f6ppenin ja Geigerin luokitus t\u00e4lle paikalle on Cfb. Toukokuun ja lokakuun v\u00e4lisen\u00e4 aikana s\u00e4\u00e4 on Seignossessa miellytt\u00e4v\u00e4 tai l\u00e4mmin, eik\u00e4 rankkasateita esiinny. Korkein keskil\u00e4mp\u00f6tila Seignossessa on 27 \u00b0C elokuussa ja alin 10 \u00b0C tammikuussa.<\/p>\n\n\n\n<p><strong>L\u00e4mp\u00f6tila <\/strong><\/p>\n\n\n\n<p>Seignossessa on keskim\u00e4\u00e4rin 14,5 \u00b0C eli 58,2 \u00b0F.<\/p>\n\n\n\n<p><strong>Sadem\u00e4\u00e4r\u00e4 <\/strong><\/p>\n\n\n\n<p>Vuosittain t\u00e4\u00e4ll\u00e4 sataa noin 42,1 tuumaa sadetta.<\/p>\n\n\n\n<p><strong>Kosteus <\/strong><\/p>\n\n\n\n<p>Tammikuussa suhteellinen kosteus on korkein (79,56 %). Syyskuussa suhteellinen kosteus on alhaisin (71,55 %).<\/p>\n\n\n\n<p><strong>UV-indeksi<\/strong><\/p>\n\n\n\n<p>Seignosse, keskim\u00e4\u00e4r\u00e4inen UV-indeksi on 4.<\/p>\n\n\n\n<p><strong>Pilvi<\/strong><\/p>\n\n\n\n<p>Seignossessa keskim\u00e4\u00e4r\u00e4inen pilvisyysprosentti vaihtelee huomattavasti vuoden aikana.<\/p>\n\n\n\n<p>Seignossessa hein\u00e4kuussa on keskim\u00e4\u00e4rin vuoden kirkkain taivas, sill\u00e4 76 % ajasta taivas on joko t\u00e4ysin kirkas tai osittain pilvinen.<\/p>\n\n\n\n<p>Seignosse kokee eniten pilvist\u00e4 s\u00e4\u00e4t\u00e4 tammikuussa, jolloin on enimm\u00e4kseen pilvist\u00e4 59 % ajasta.<\/p>\n\n\n\n<h2 class=\"wp-block-heading\"><strong><strong>Les Bourdainesin ranta<\/strong><\/strong><\/h2>\n\n\n\n<p>Acquitainen Les Bourdainesin ranta on aalloille altis ja toimii ymp\u00e4ri vuoden. Parhaat tuulet puhaltavat id\u00e4st\u00e4. Tuulen aallokko ja kaukaiset pohjavirtaukset voivat synnytt\u00e4\u00e4 aaltoja, mutta paras aallokon suunta on l\u00e4nnest\u00e4. Seignosse &#8211; Les Bourdaines -rannalla on parasta surffata syksyll\u00e4 ja useimmiten lokakuussa, jolloin aallot ovat tasaisia ja puhtaita (ratsastettava aallokko, jossa tuulee kevyesti \/ merelt\u00e4). Se on yksi Seignossen parhaista vapaa-ajanviettopaikoista. T\u00e4m\u00e4 ranta on tunnettu henke\u00e4salpaavista n\u00e4kymist\u00e4 ja surffikouluista.<\/p>\n","protected":false},"excerpt":{"rendered":"<p>Webcam Seignosse Seignosse sijaitsee Landesin mets\u00e4n ja Maremnen v\u00e4liss\u00e4 Uuden-Aquitainen alueella. Seignosse Oc\u00e9an, luokiteltu rantalomakohde, tarjoaa p\u00e4\u00e4syn Atlantin valtamerelle. T\u00e4m\u00e4 kaupunki on kuuluisa surffauspaikoistaan, ja se sijaitsee l\u00e4hell\u00e4 Hossegoria. Sijainti on upea leikkipaikka polkujen ja juoksun harrastajille, sill\u00e4 siell\u00e4 on yli 40 kilometri\u00e4 merkittyj\u00e4 polkuja. Kes\u00e4kauden alusta l\u00e4htien siit\u00e4 on tullut merkitt\u00e4v\u00e4 matkailukohde, jossa on &#8230; <a title=\"Webcam Seignosse\" class=\"read-more\" href=\"https:\/\/weather-radar-live.com\/fi\/webkamera\/ranska\/webcam-seignosse\/\" aria-label=\"Lue lis\u00e4\u00e4 aiheesta Webcam Seignosse\">Lue lis\u00e4\u00e4<\/a><\/p>\n","protected":false},"author":1,"featured_media":3808,"parent":4177,"menu_order":0,"comment_status":"closed","ping_status":"closed","template":"","meta":{"footnotes":""},"class_list":["post-5503","page","type-page","status-publish","has-post-thumbnail"],"yoast_head":"<!-- This site is optimized with the Yoast SEO plugin v27.4 - https:\/\/yoast.com\/product\/yoast-seo-wordpress\/ -->\n<title>Webcam Seignosse \u2192 Katso se suorana l\u00e4hetyksen\u00e4!<\/title>\n<meta name=\"description\" content=\"Webcam Seignosse | Webcam Seignosse! \u2705 P\u00e4ivitetty sinulle reaaliajassa! \u2705 Ajantasainen s\u00e4\u00e4ennuste!\" \/>\n<meta name=\"robots\" content=\"index, follow, max-snippet:-1, max-image-preview:large, max-video-preview:-1\" \/>\n<link rel=\"canonical\" href=\"https:\/\/weather-radar-live.com\/fi\/webkamera\/ranska\/webcam-seignosse\/\" \/>\n<meta property=\"og:locale\" content=\"fi_FI\" \/>\n<meta property=\"og:type\" content=\"article\" \/>\n<meta property=\"og:title\" content=\"Webcam Seignosse \u2192 Katso se suorana l\u00e4hetyksen\u00e4!\" \/>\n<meta property=\"og:description\" content=\"Webcam Seignosse | Webcam Seignosse! \u2705 P\u00e4ivitetty sinulle reaaliajassa! \u2705 Ajantasainen s\u00e4\u00e4ennuste!\" \/>\n<meta property=\"og:url\" content=\"https:\/\/weather-radar-live.com\/fi\/webkamera\/ranska\/webcam-seignosse\/\" \/>\n<meta property=\"og:site_name\" content=\"weather-radar-live.com\" \/>\n<meta property=\"article:modified_time\" content=\"2022-07-20T13:24:51+00:00\" \/>\n<meta property=\"og:image\" content=\"https:\/\/weather-radar-live.com\/wp-content\/uploads\/2022\/04\/Webcams-Seignosse-e1650461886397.jpg\" \/>\n\t<meta property=\"og:image:width\" content=\"1757\" \/>\n\t<meta property=\"og:image:height\" content=\"951\" \/>\n\t<meta property=\"og:image:type\" content=\"image\/jpeg\" \/>\n<meta name=\"twitter:card\" content=\"summary_large_image\" \/>\n<meta name=\"twitter:label1\" content=\"Arvioitu lukuaika\" \/>\n\t<meta name=\"twitter:data1\" content=\"2 minuuttia\" \/>\n<script type=\"application\/ld+json\" class=\"yoast-schema-graph\">{\"@context\":\"https:\\\/\\\/schema.org\",\"@graph\":[{\"@type\":\"WebPage\",\"@id\":\"https:\\\/\\\/weather-radar-live.com\\\/fi\\\/webkamera\\\/ranska\\\/webcam-seignosse\\\/\",\"url\":\"https:\\\/\\\/weather-radar-live.com\\\/fi\\\/webkamera\\\/ranska\\\/webcam-seignosse\\\/\",\"name\":\"Webcam Seignosse \u2192 Katso se suorana l\u00e4hetyksen\u00e4!\",\"isPartOf\":{\"@id\":\"https:\\\/\\\/weather-radar-live.com\\\/#website\"},\"primaryImageOfPage\":{\"@id\":\"https:\\\/\\\/weather-radar-live.com\\\/fi\\\/webkamera\\\/ranska\\\/webcam-seignosse\\\/#primaryimage\"},\"image\":{\"@id\":\"https:\\\/\\\/weather-radar-live.com\\\/fi\\\/webkamera\\\/ranska\\\/webcam-seignosse\\\/#primaryimage\"},\"thumbnailUrl\":\"https:\\\/\\\/weather-radar-live.com\\\/wp-content\\\/uploads\\\/2022\\\/04\\\/Webcams-Seignosse-e1650461886397.jpg\",\"datePublished\":\"2022-04-20T13:27:59+00:00\",\"dateModified\":\"2022-07-20T13:24:51+00:00\",\"description\":\"Webcam Seignosse | Webcam Seignosse! \u2705 P\u00e4ivitetty sinulle reaaliajassa! \u2705 Ajantasainen s\u00e4\u00e4ennuste!\",\"breadcrumb\":{\"@id\":\"https:\\\/\\\/weather-radar-live.com\\\/fi\\\/webkamera\\\/ranska\\\/webcam-seignosse\\\/#breadcrumb\"},\"inLanguage\":\"fi\",\"potentialAction\":[{\"@type\":\"ReadAction\",\"target\":[\"https:\\\/\\\/weather-radar-live.com\\\/fi\\\/webkamera\\\/ranska\\\/webcam-seignosse\\\/\"]}]},{\"@type\":\"ImageObject\",\"inLanguage\":\"fi\",\"@id\":\"https:\\\/\\\/weather-radar-live.com\\\/fi\\\/webkamera\\\/ranska\\\/webcam-seignosse\\\/#primaryimage\",\"url\":\"https:\\\/\\\/weather-radar-live.com\\\/wp-content\\\/uploads\\\/2022\\\/04\\\/Webcams-Seignosse-e1650461886397.jpg\",\"contentUrl\":\"https:\\\/\\\/weather-radar-live.com\\\/wp-content\\\/uploads\\\/2022\\\/04\\\/Webcams-Seignosse-e1650461886397.jpg\",\"width\":1757,\"height\":951,\"caption\":\"Webcams - Seignosse\"},{\"@type\":\"BreadcrumbList\",\"@id\":\"https:\\\/\\\/weather-radar-live.com\\\/fi\\\/webkamera\\\/ranska\\\/webcam-seignosse\\\/#breadcrumb\",\"itemListElement\":[{\"@type\":\"ListItem\",\"position\":1,\"name\":\"Weather Radar Live\",\"item\":\"https:\\\/\\\/weather-radar-live.com\\\/fi\\\/\"},{\"@type\":\"ListItem\",\"position\":2,\"name\":\"Webkamera\",\"item\":\"https:\\\/\\\/weather-radar-live.com\\\/fi\\\/webkamera\\\/\"},{\"@type\":\"ListItem\",\"position\":3,\"name\":\"Ranska\",\"item\":\"https:\\\/\\\/weather-radar-live.com\\\/fi\\\/webkamera\\\/ranska\\\/\"},{\"@type\":\"ListItem\",\"position\":4,\"name\":\"Webcam Seignosse\"}]},{\"@type\":\"WebSite\",\"@id\":\"https:\\\/\\\/weather-radar-live.com\\\/#website\",\"url\":\"https:\\\/\\\/weather-radar-live.com\\\/\",\"name\":\"weather-radar-live.com\",\"description\":\"Your weather and sky radar.\",\"publisher\":{\"@id\":\"https:\\\/\\\/weather-radar-live.com\\\/#organization\"},\"potentialAction\":[{\"@type\":\"SearchAction\",\"target\":{\"@type\":\"EntryPoint\",\"urlTemplate\":\"https:\\\/\\\/weather-radar-live.com\\\/?s={search_term_string}\"},\"query-input\":{\"@type\":\"PropertyValueSpecification\",\"valueRequired\":true,\"valueName\":\"search_term_string\"}}],\"inLanguage\":\"fi\"},{\"@type\":\"Organization\",\"@id\":\"https:\\\/\\\/weather-radar-live.com\\\/#organization\",\"name\":\"weather-radar-live.com\",\"url\":\"https:\\\/\\\/weather-radar-live.com\\\/\",\"logo\":{\"@type\":\"ImageObject\",\"inLanguage\":\"fi\",\"@id\":\"https:\\\/\\\/weather-radar-live.com\\\/#\\\/schema\\\/logo\\\/image\\\/\",\"url\":\"https:\\\/\\\/weather-radar-live.com\\\/wp-content\\\/uploads\\\/2022\\\/03\\\/cropped-WRL2503.png\",\"contentUrl\":\"https:\\\/\\\/weather-radar-live.com\\\/wp-content\\\/uploads\\\/2022\\\/03\\\/cropped-WRL2503.png\",\"width\":1920,\"height\":555,\"caption\":\"weather-radar-live.com\"},\"image\":{\"@id\":\"https:\\\/\\\/weather-radar-live.com\\\/#\\\/schema\\\/logo\\\/image\\\/\"}}]}<\/script>\n<!-- \/ Yoast SEO plugin. -->","yoast_head_json":{"title":"Webcam Seignosse \u2192 Katso se suorana l\u00e4hetyksen\u00e4!","description":"Webcam Seignosse | Webcam Seignosse! \u2705 P\u00e4ivitetty sinulle reaaliajassa! \u2705 Ajantasainen s\u00e4\u00e4ennuste!","robots":{"index":"index","follow":"follow","max-snippet":"max-snippet:-1","max-image-preview":"max-image-preview:large","max-video-preview":"max-video-preview:-1"},"canonical":"https:\/\/weather-radar-live.com\/fi\/webkamera\/ranska\/webcam-seignosse\/","og_locale":"fi_FI","og_type":"article","og_title":"Webcam Seignosse \u2192 Katso se suorana l\u00e4hetyksen\u00e4!","og_description":"Webcam Seignosse | Webcam Seignosse! \u2705 P\u00e4ivitetty sinulle reaaliajassa! \u2705 Ajantasainen s\u00e4\u00e4ennuste!","og_url":"https:\/\/weather-radar-live.com\/fi\/webkamera\/ranska\/webcam-seignosse\/","og_site_name":"weather-radar-live.com","article_modified_time":"2022-07-20T13:24:51+00:00","og_image":[{"width":1757,"height":951,"url":"https:\/\/weather-radar-live.com\/wp-content\/uploads\/2022\/04\/Webcams-Seignosse-e1650461886397.jpg","type":"image\/jpeg"}],"twitter_card":"summary_large_image","twitter_misc":{"Arvioitu lukuaika":"2 minuuttia"},"schema":{"@context":"https:\/\/schema.org","@graph":[{"@type":"WebPage","@id":"https:\/\/weather-radar-live.com\/fi\/webkamera\/ranska\/webcam-seignosse\/","url":"https:\/\/weather-radar-live.com\/fi\/webkamera\/ranska\/webcam-seignosse\/","name":"Webcam Seignosse \u2192 Katso se suorana l\u00e4hetyksen\u00e4!","isPartOf":{"@id":"https:\/\/weather-radar-live.com\/#website"},"primaryImageOfPage":{"@id":"https:\/\/weather-radar-live.com\/fi\/webkamera\/ranska\/webcam-seignosse\/#primaryimage"},"image":{"@id":"https:\/\/weather-radar-live.com\/fi\/webkamera\/ranska\/webcam-seignosse\/#primaryimage"},"thumbnailUrl":"https:\/\/weather-radar-live.com\/wp-content\/uploads\/2022\/04\/Webcams-Seignosse-e1650461886397.jpg","datePublished":"2022-04-20T13:27:59+00:00","dateModified":"2022-07-20T13:24:51+00:00","description":"Webcam Seignosse | Webcam Seignosse! \u2705 P\u00e4ivitetty sinulle reaaliajassa! \u2705 Ajantasainen s\u00e4\u00e4ennuste!","breadcrumb":{"@id":"https:\/\/weather-radar-live.com\/fi\/webkamera\/ranska\/webcam-seignosse\/#breadcrumb"},"inLanguage":"fi","potentialAction":[{"@type":"ReadAction","target":["https:\/\/weather-radar-live.com\/fi\/webkamera\/ranska\/webcam-seignosse\/"]}]},{"@type":"ImageObject","inLanguage":"fi","@id":"https:\/\/weather-radar-live.com\/fi\/webkamera\/ranska\/webcam-seignosse\/#primaryimage","url":"https:\/\/weather-radar-live.com\/wp-content\/uploads\/2022\/04\/Webcams-Seignosse-e1650461886397.jpg","contentUrl":"https:\/\/weather-radar-live.com\/wp-content\/uploads\/2022\/04\/Webcams-Seignosse-e1650461886397.jpg","width":1757,"height":951,"caption":"Webcams - Seignosse"},{"@type":"BreadcrumbList","@id":"https:\/\/weather-radar-live.com\/fi\/webkamera\/ranska\/webcam-seignosse\/#breadcrumb","itemListElement":[{"@type":"ListItem","position":1,"name":"Weather Radar Live","item":"https:\/\/weather-radar-live.com\/fi\/"},{"@type":"ListItem","position":2,"name":"Webkamera","item":"https:\/\/weather-radar-live.com\/fi\/webkamera\/"},{"@type":"ListItem","position":3,"name":"Ranska","item":"https:\/\/weather-radar-live.com\/fi\/webkamera\/ranska\/"},{"@type":"ListItem","position":4,"name":"Webcam Seignosse"}]},{"@type":"WebSite","@id":"https:\/\/weather-radar-live.com\/#website","url":"https:\/\/weather-radar-live.com\/","name":"weather-radar-live.com","description":"Your weather and sky radar.","publisher":{"@id":"https:\/\/weather-radar-live.com\/#organization"},"potentialAction":[{"@type":"SearchAction","target":{"@type":"EntryPoint","urlTemplate":"https:\/\/weather-radar-live.com\/?s={search_term_string}"},"query-input":{"@type":"PropertyValueSpecification","valueRequired":true,"valueName":"search_term_string"}}],"inLanguage":"fi"},{"@type":"Organization","@id":"https:\/\/weather-radar-live.com\/#organization","name":"weather-radar-live.com","url":"https:\/\/weather-radar-live.com\/","logo":{"@type":"ImageObject","inLanguage":"fi","@id":"https:\/\/weather-radar-live.com\/#\/schema\/logo\/image\/","url":"https:\/\/weather-radar-live.com\/wp-content\/uploads\/2022\/03\/cropped-WRL2503.png","contentUrl":"https:\/\/weather-radar-live.com\/wp-content\/uploads\/2022\/03\/cropped-WRL2503.png","width":1920,"height":555,"caption":"weather-radar-live.com"},"image":{"@id":"https:\/\/weather-radar-live.com\/#\/schema\/logo\/image\/"}}]}},"_links":{"self":[{"href":"https:\/\/weather-radar-live.com\/fi\/wp-json\/wp\/v2\/pages\/5503","targetHints":{"allow":["GET"]}}],"collection":[{"href":"https:\/\/weather-radar-live.com\/fi\/wp-json\/wp\/v2\/pages"}],"about":[{"href":"https:\/\/weather-radar-live.com\/fi\/wp-json\/wp\/v2\/types\/page"}],"author":[{"embeddable":true,"href":"https:\/\/weather-radar-live.com\/fi\/wp-json\/wp\/v2\/users\/1"}],"replies":[{"embeddable":true,"href":"https:\/\/weather-radar-live.com\/fi\/wp-json\/wp\/v2\/comments?post=5503"}],"version-history":[{"count":2,"href":"https:\/\/weather-radar-live.com\/fi\/wp-json\/wp\/v2\/pages\/5503\/revisions"}],"predecessor-version":[{"id":5515,"href":"https:\/\/weather-radar-live.com\/fi\/wp-json\/wp\/v2\/pages\/5503\/revisions\/5515"}],"up":[{"embeddable":true,"href":"https:\/\/weather-radar-live.com\/fi\/wp-json\/wp\/v2\/pages\/4177"}],"wp:featuredmedia":[{"embeddable":true,"href":"https:\/\/weather-radar-live.com\/fi\/wp-json\/wp\/v2\/media\/3808"}],"wp:attachment":[{"href":"https:\/\/weather-radar-live.com\/fi\/wp-json\/wp\/v2\/media?parent=5503"}],"curies":[{"name":"wp","href":"https:\/\/api.w.org\/{rel}","templated":true}]}}