{"id":5402,"date":"2022-07-20T14:35:00","date_gmt":"2022-07-20T12:35:00","guid":{"rendered":"https:\/\/weather-radar-live.com\/?page_id=5402"},"modified":"2022-07-20T14:36:25","modified_gmt":"2022-07-20T12:36:25","slug":"webcam-maspalomas","status":"publish","type":"page","link":"https:\/\/weather-radar-live.com\/fi\/webkamera\/espanja\/webcam-maspalomas\/","title":{"rendered":"Webcam Maspalomas"},"content":{"rendered":"<div id=\"weath-1833410506\" class=\"weath-vor-dem-inhalt weath-entity-placement\" style=\"margin-top: 15px;margin-right: 25px;margin-bottom: 40px;margin-left: 25px;\"><script async src=\"\/\/pagead2.googlesyndication.com\/pagead\/js\/adsbygoogle.js?client=ca-pub-8960936133935804\" crossorigin=\"anonymous\"><\/script><ins class=\"adsbygoogle\" style=\"display:block;\" data-ad-client=\"ca-pub-8960936133935804\" \ndata-ad-slot=\"6172817020\" \ndata-ad-format=\"auto\"><\/ins>\n<script> \n(adsbygoogle = window.adsbygoogle || []).push({}); \n<\/script>\n<\/div>\n<div class=\"wp-block-cover alignfull is-light\"><span aria-hidden=\"true\" class=\"wp-block-cover__gradient-background has-background-dim\"><\/span><img decoding=\"async\" class=\"wp-block-cover__image-background wp-image-342\" alt=\"Webcam Maspalomas\n\" src=\"https:\/\/weather-radar-live.com\/wp-content\/uploads\/2021\/06\/sam-schooler-E9aetBe2w40-unsplash-e1622554814366.jpg\" data-object-fit=\"cover\"\/><div class=\"wp-block-cover__inner-container is-layout-flow wp-block-cover-is-layout-flow\">\n<h2 class=\"has-text-align-center heading wp-block-heading\" id=\"webcam-fort-mahon\" style=\"font-size:40px\"><strong><mark style=\"background-color:rgba(0, 0, 0, 0)\" class=\"has-inline-color has-base-3-color\">WEBCAM <\/mark><\/strong><br><strong><mark style=\"background-color:rgba(0, 0, 0, 0)\" class=\"has-inline-color has-base-3-color\">MASPALOMAS<\/mark><\/strong><\/h2>\n<\/div><\/div>\n\n\n<div class=\"yoast-breadcrumbs\"><span><span><a href=\"https:\/\/weather-radar-live.com\/fi\/\">Weather Radar Live<\/a><\/span> \u00bb <span><a href=\"https:\/\/weather-radar-live.com\/fi\/webkamera\/\">Webkamera<\/a><\/span> \u00bb <span><a href=\"https:\/\/weather-radar-live.com\/fi\/webkamera\/espanja\/\">Espanja<\/a><\/span> \u00bb <span class=\"breadcrumb_last\" aria-current=\"page\"><strong>Webcam Maspalomas<\/strong><\/span><\/span><\/div>\n\n\n<h2 class=\"has-text-align-center wp-block-heading\" id=\"webcam-fort-mahon\"><strong>Webcam Maspalomas<\/strong><\/h2>\n\n\n\n<p>Gran Canarian etel\u00e4osassa, joka on yksi Espanjaan kuuluvista Kanariansaarista Atlantin valtameress\u00e4, sijaitsee lomakohde Maspalomas. Katso ymp\u00e4rillesi webbikameralla Maspalomas. Tyypillist\u00e4 on dyynimaisema, joka koostuu murskatusta koralli- ja simpukkakalkkikivest\u00e4 ja kattaa noin kaksitoista neli\u00f6kilometri\u00e4 saarta. T\u00e4m\u00e4 kuuluu luonnonsuojelualueeseen, jota pidet\u00e4\u00e4n erityisen arvokkaana.<\/p>\n\n\n\n<p>Vieraanvaraiset saarelaiset ovat t\u00e4ysin sinut ja lomatarpeesi huomioivia. Viihdyt miellytt\u00e4v\u00e4sti lukuisissa nykyaikaisissa lomakeskuksissa tai huoneistoissa ja nautit lomastasi virkistysmahdollisuuksiisi suuntautuneen paikan infrastruktuurin avulla. Voit viett\u00e4\u00e4 p\u00e4iv\u00e4n rannalla. My\u00f6s nudismin yst\u00e4v\u00e4t voivat nauttia auringosta ja vedest\u00e4 h\u00e4iri\u00f6tt\u00e4 nudistialueella. Voit my\u00f6s l\u00e4hte\u00e4 tutustumiskierrokselle loma-asutuksen sis\u00e4osiin tai tutkia sen ymp\u00e4rist\u00f6\u00e4. Kokemus, joka j\u00e4\u00e4 erityiseen muistiin, on ratsastus kamelilla l\u00e4pi aavikkomaisen hiekkadyynien alueen.<\/p><div id=\"weath-2662837591\" class=\"weath-inhalt_2 weath-entity-placement\" style=\"margin-top: 15px;margin-right: 25px;margin-bottom: 35px;margin-left: 25px;\"><script async src=\"\/\/pagead2.googlesyndication.com\/pagead\/js\/adsbygoogle.js?client=ca-pub-8960936133935804\" crossorigin=\"anonymous\"><\/script><ins class=\"adsbygoogle\" style=\"display:block;\" data-ad-client=\"ca-pub-8960936133935804\" \ndata-ad-slot=\"1963584050\" \ndata-ad-format=\"auto\"><\/ins>\n<script> \n(adsbygoogle = window.adsbygoogle || []).push({}); \n<\/script>\n<\/div>\n\n\n\n<div class=\"wp-block-columns is-layout-flex wp-container-core-columns-is-layout-9d6595d7 wp-block-columns-is-layout-flex\">\n<div class=\"wp-block-column webcam-column is-layout-flow wp-block-column-is-layout-flow\">\n<h3 class=\"has-text-align-center wp-block-heading\"> \ud83d\udd34 <strong>Webcam<strong><strong><strong> <\/strong><\/strong><\/strong>Maspalomas<\/strong> &#8211; Dyynien luonnonsuojelualue &#8211; Dunes Nature Reserve<\/h3>\n\n\n\n<a name=\"windy-webcam-timelapse-player\" data-id=\"1587975578\" data-play=\"day\" href=\"https:\/\/windy.com\/webcams\/1587975578\" target=\"_blank\" rel=\"noopener\">San Bartolome de Tirajana: Maspalomasin dyynien luonnonsuojelualue &#8211; Playa Del Ingl\u00e9s<\/a><script async=\"\" type=\"text\/javascript\" src=\"https:\/\/webcams.windy.com\/webcams\/public\/embed\/script\/player.js\"><\/script>\n<\/div>\n\n\n\n<div class=\"wp-block-column webcam-column is-layout-flow wp-block-column-is-layout-flow\">\n<h3 class=\"has-text-align-center wp-block-heading\"> \ud83d\udd34 <strong>Webcam <strong><strong><strong><strong>Maspalomas<\/strong><\/strong><\/strong><\/strong><\/strong> &#8211; Majakka<\/h3>\n\n\n\n<a name=\"windy-webcam-timelapse-player\" data-id=\"1635699375\" data-play=\"day\" href=\"https:\/\/windy.com\/webcams\/1635699375\" target=\"_blank\" rel=\"noopener\">San Bartolome de Tirajana<\/a><script async=\"\" type=\"text\/javascript\" src=\"https:\/\/webcams.windy.com\/webcams\/public\/embed\/script\/player.js\"><\/script>\n<\/div>\n<\/div>\n\n\n\n<div class=\"wp-block-columns is-layout-flex wp-container-core-columns-is-layout-9d6595d7 wp-block-columns-is-layout-flex\">\n<div class=\"wp-block-column webcam-column is-layout-flow wp-block-column-is-layout-flow\">\n<h3 class=\"has-text-align-center wp-block-heading\"> \ud83d\udd34 <strong>Webcam<strong><strong><strong> <strong>Maspalomas<\/strong><\/strong><\/strong><\/strong><\/strong> &#8211; Kauppakeskus<\/h3>\n\n\n\n<a name=\"windy-webcam-timelapse-player\" data-id=\"1573216797\" data-play=\"day\" href=\"https:\/\/windy.com\/webcams\/1573216797\" target=\"_blank\" rel=\"noopener\">San Bartolome de Tirajana: Yumbo Shopping Centre<\/a><script async=\"\" type=\"text\/javascript\" src=\"https:\/\/webcams.windy.com\/webcams\/public\/embed\/script\/player.js\"><\/script>\n<\/div>\n\n\n\n<div class=\"wp-block-column webcam-column is-layout-flow wp-block-column-is-layout-flow\">\n<h3 class=\"has-text-align-center wp-block-heading\"> \ud83d\udd34 <strong>Webcam <strong><strong><strong><strong>Maspalomas<\/strong><\/strong><\/strong><\/strong><\/strong> &#8211; Ranta<\/h3>\n\n\n\n<a name=\"windy-webcam-timelapse-player\" data-id=\"1645098191\" data-play=\"day\" href=\"https:\/\/windy.com\/webcams\/1645098191\" target=\"_blank\" rel=\"noopener\">San Bartolome de Tirajana<\/a><script async=\"\" type=\"text\/javascript\" src=\"https:\/\/webcams.windy.com\/webcams\/public\/embed\/script\/player.js\"><\/script>\n<\/div>\n<\/div>\n\n\n\n<h2 class=\"wp-block-heading\" id=\"fort-mahon-today\"><strong>S\u00e4\u00e4 tutka Maspalomas<\/strong> <strong>&#8211; S\u00e4\u00e4 Maspalomas<\/strong><\/h2>\n\n\n\n<p>Webbikameran Maspalomas avulla n\u00e4et, kuinka ihana s\u00e4\u00e4 on t\u00e4ll\u00e4 unelmien lomakohteella. Jos sataa, voit arvioida sen voimakkuuden, jota edustavat eri v\u00e4rit. Vihre\u00e4 ja sininen merkitsev\u00e4t v\u00e4h\u00e4ist\u00e4 sadem\u00e4\u00e4r\u00e4\u00e4, punainen ja violetti suurta sadem\u00e4\u00e4r\u00e4\u00e4. N\u00e4ytet\u00e4\u00e4n my\u00f6s tuulen voimakkuus ja suunta ja annetaan luotettava s\u00e4\u00e4ennuste.<\/p>\n\n\n\n<div class=\"wp-block-columns is-layout-flex wp-container-core-columns-is-layout-9d6595d7 wp-block-columns-is-layout-flex\">\n<div class=\"wp-block-column is-layout-flow wp-block-column-is-layout-flow\" style=\"flex-basis:75%\">\n<iframe loading=\"lazy\" width=\"1300\" height=\"502\" src=\"https:\/\/embed.windy.com\/embed2.html?lat=27.753&amp;lon=-15.623&amp;detailLat=27.753&amp;detailLon=-15.623&amp;width=1300&amp;height=502&amp;zoom=11&amp;level=surface&amp;overlay=rain&amp;product=ecmwf&amp;menu=&amp;message=&amp;marker=&amp;calendar=now&amp;pressure=&amp;type=map&amp;location=coordinates&amp;detail=&amp;metricWind=default&amp;metricTemp=default&amp;radarRange=-1\" frameborder=\"0\"><\/iframe>\n<\/div>\n\n\n\n<div class=\"wp-block-column is-layout-flow wp-block-column-is-layout-flow\" style=\"flex-basis:25%\">\n<a class=\"weatherwidget-io\" href=\"https:\/\/forecast7.com\/en\/27d76n15d59\/maspalomas\/\" data-label_1=\"MASPALOMAS\" data-theme=\"original\" >MASPALOMAS<\/a>\n<script>\n!function(d,s,id){var js,fjs=d.getElementsByTagName(s)[0];if(!d.getElementById(id)){js=d.createElement(s);js.id=id;js.src='https:\/\/weatherwidget.io\/js\/widget.min.js';fjs.parentNode.insertBefore(js,fjs);}}(document,'script','weatherwidget-io-js');\n<\/script>\n<\/div>\n<\/div>\n\n\n\n<h2 class=\"wp-block-heading\" id=\"fort-mahon-weather\"><strong>Ilmasto Maspalomas<\/strong><\/h2>\n\n\n\n<p>Maspalomasin vuotuinen keskil\u00e4mp\u00f6tila on 19,5-21,7 celsiusastetta, ja se tarjoaa lauhkean meri-ilmaston ymp\u00e4ri vuoden. Elokuun maksimil\u00e4mp\u00f6tila on vain 26 celsiusastetta, ja tammikuussakin se on viel\u00e4 v\u00e4hint\u00e4\u00e4n 14 celsiusastetta. Atlantin valtameren veden l\u00e4mp\u00f6tila Maspalomasissa on 19-22 celsiusastetta. Aurinko paistaa kes\u00e4ll\u00e4 noin yhdeks\u00e4n tuntia p\u00e4iv\u00e4ss\u00e4 ja talvikuukausina viel\u00e4 noin viisi tuntia p\u00e4iv\u00e4ss\u00e4. Keskim\u00e4\u00e4rin sataa kahdeksana p\u00e4iv\u00e4n\u00e4 kuukaudessa, v\u00e4hiten kes\u00e4kuussa noin nelj\u00e4n\u00e4 p\u00e4iv\u00e4n\u00e4 ja eniten loka- ja marraskuussa noin yksitoista p\u00e4iv\u00e4n\u00e4 kummassakin. Sadem\u00e4\u00e4r\u00e4 on melko v\u00e4h\u00e4inen, vain 76 millimetri\u00e4 koko vuoden aikana. Vertailun vuoksi mainittakoon, ett\u00e4 Saksassa se on noin kymmenen kertaa suurempi.<\/p>\n\n\n\n<h2 class=\"wp-block-heading\"><strong>Maspalomasin n\u00e4ht\u00e4vyydet<\/strong><\/h2>\n\n\n\n<p>Suosittu maamerkki on El Oasiksen kaupunginosassa sijaitseva 56 metri\u00e4 korkea majakka Faro de Maspalomas, joka rakennettiin 1800-luvun lopulla. Ennen kuin vierailet historiallisessa rakennelmassa, viilenn\u00e4 itsesi suihkul\u00e4hteen vedess\u00e4, jossa on hirvi\u00f6n p\u00e4\u00e4ll\u00e4 olevaa miest\u00e4 esitt\u00e4v\u00e4 pronssipatsas, tai varjossa jonkin palmupuiston puiden alla. Ymp\u00e4r\u00f6iviss\u00e4 ravintoloissa voit nauttia herkullisesti valmistettua ruokaa ja etsi\u00e4 matkamuistoja itsellesi ja lahjoja yst\u00e4villesi rakkaudella hoidetuista kaupoista. Jos k\u00e4velet muutaman askeleen pidemm\u00e4lle, p\u00e4\u00e4set laguuniin, jota t\u00e4\u00e4ll\u00e4 kutsutaan &#8221;Charcaksi&#8221;. Se on muuttolintujen lepopaikka, jotka jatkavat matkaansa Euroopasta Afrikkaan.<\/p>\n","protected":false},"excerpt":{"rendered":"<p>Webcam Maspalomas Gran Canarian etel\u00e4osassa, joka on yksi Espanjaan kuuluvista Kanariansaarista Atlantin valtameress\u00e4, sijaitsee lomakohde Maspalomas. Katso ymp\u00e4rillesi webbikameralla Maspalomas. Tyypillist\u00e4 on dyynimaisema, joka koostuu murskatusta koralli- ja simpukkakalkkikivest\u00e4 ja kattaa noin kaksitoista neli\u00f6kilometri\u00e4 saarta. T\u00e4m\u00e4 kuuluu luonnonsuojelualueeseen, jota pidet\u00e4\u00e4n erityisen arvokkaana. Vieraanvaraiset saarelaiset ovat t\u00e4ysin sinut ja lomatarpeesi huomioivia. Viihdyt miellytt\u00e4v\u00e4sti lukuisissa nykyaikaisissa lomakeskuksissa &#8230; <a title=\"Webcam Maspalomas\" class=\"read-more\" href=\"https:\/\/weather-radar-live.com\/fi\/webkamera\/espanja\/webcam-maspalomas\/\" aria-label=\"Lue lis\u00e4\u00e4 aiheesta Webcam Maspalomas\">Lue lis\u00e4\u00e4<\/a><\/p>\n","protected":false},"author":1,"featured_media":5218,"parent":4347,"menu_order":0,"comment_status":"closed","ping_status":"closed","template":"","meta":{"footnotes":""},"class_list":["post-5402","page","type-page","status-publish","has-post-thumbnail"],"yoast_head":"<!-- This site is optimized with the Yoast SEO plugin v27.3 - https:\/\/yoast.com\/product\/yoast-seo-wordpress\/ -->\n<title>Webcam Maspalomas \u2192 Katso suorana l\u00e4hetyksen\u00e4!<\/title>\n<meta name=\"description\" content=\"Webcam Maspalomas | Maspalomasin live-kamera! \u2705 P\u00e4ivitetty sinulle reaaliajassa! \u2705 Ajantasainen s\u00e4\u00e4ennuste!\" \/>\n<meta name=\"robots\" content=\"index, follow, max-snippet:-1, max-image-preview:large, max-video-preview:-1\" \/>\n<link rel=\"canonical\" href=\"https:\/\/weather-radar-live.com\/fi\/webkamera\/espanja\/webcam-maspalomas\/\" \/>\n<meta property=\"og:locale\" content=\"fi_FI\" \/>\n<meta property=\"og:type\" content=\"article\" \/>\n<meta property=\"og:title\" content=\"Webcam Maspalomas \u2192 Katso suorana l\u00e4hetyksen\u00e4!\" \/>\n<meta property=\"og:description\" content=\"Webcam Maspalomas | Maspalomasin live-kamera! \u2705 P\u00e4ivitetty sinulle reaaliajassa! \u2705 Ajantasainen s\u00e4\u00e4ennuste!\" \/>\n<meta property=\"og:url\" content=\"https:\/\/weather-radar-live.com\/fi\/webkamera\/espanja\/webcam-maspalomas\/\" \/>\n<meta property=\"og:site_name\" content=\"weather-radar-live.com\" \/>\n<meta property=\"article:modified_time\" content=\"2022-07-20T12:36:25+00:00\" \/>\n<meta property=\"og:image\" content=\"https:\/\/weather-radar-live.com\/wp-content\/uploads\/2022\/07\/Webcam-Sierra-Nevada-e1658218397839.png\" \/>\n\t<meta property=\"og:image:width\" content=\"397\" \/>\n\t<meta property=\"og:image:height\" content=\"206\" \/>\n\t<meta property=\"og:image:type\" content=\"image\/png\" \/>\n<meta name=\"twitter:card\" content=\"summary_large_image\" \/>\n<meta name=\"twitter:label1\" content=\"Arvioitu lukuaika\" \/>\n\t<meta name=\"twitter:data1\" content=\"2 minuuttia\" \/>\n<script type=\"application\/ld+json\" class=\"yoast-schema-graph\">{\"@context\":\"https:\\\/\\\/schema.org\",\"@graph\":[{\"@type\":\"WebPage\",\"@id\":\"https:\\\/\\\/weather-radar-live.com\\\/fi\\\/webkamera\\\/espanja\\\/webcam-maspalomas\\\/\",\"url\":\"https:\\\/\\\/weather-radar-live.com\\\/fi\\\/webkamera\\\/espanja\\\/webcam-maspalomas\\\/\",\"name\":\"Webcam Maspalomas \u2192 Katso suorana l\u00e4hetyksen\u00e4!\",\"isPartOf\":{\"@id\":\"https:\\\/\\\/weather-radar-live.com\\\/#website\"},\"primaryImageOfPage\":{\"@id\":\"https:\\\/\\\/weather-radar-live.com\\\/fi\\\/webkamera\\\/espanja\\\/webcam-maspalomas\\\/#primaryimage\"},\"image\":{\"@id\":\"https:\\\/\\\/weather-radar-live.com\\\/fi\\\/webkamera\\\/espanja\\\/webcam-maspalomas\\\/#primaryimage\"},\"thumbnailUrl\":\"https:\\\/\\\/weather-radar-live.com\\\/wp-content\\\/uploads\\\/2022\\\/07\\\/Webcam-Maspalomas--e1658242894564.jpg\",\"datePublished\":\"2022-07-20T12:35:00+00:00\",\"dateModified\":\"2022-07-20T12:36:25+00:00\",\"description\":\"Webcam Maspalomas | Maspalomasin live-kamera! \u2705 P\u00e4ivitetty sinulle reaaliajassa! \u2705 Ajantasainen s\u00e4\u00e4ennuste!\",\"breadcrumb\":{\"@id\":\"https:\\\/\\\/weather-radar-live.com\\\/fi\\\/webkamera\\\/espanja\\\/webcam-maspalomas\\\/#breadcrumb\"},\"inLanguage\":\"fi\",\"potentialAction\":[{\"@type\":\"ReadAction\",\"target\":[\"https:\\\/\\\/weather-radar-live.com\\\/fi\\\/webkamera\\\/espanja\\\/webcam-maspalomas\\\/\"]}]},{\"@type\":\"ImageObject\",\"inLanguage\":\"fi\",\"@id\":\"https:\\\/\\\/weather-radar-live.com\\\/fi\\\/webkamera\\\/espanja\\\/webcam-maspalomas\\\/#primaryimage\",\"url\":\"https:\\\/\\\/weather-radar-live.com\\\/wp-content\\\/uploads\\\/2022\\\/07\\\/Webcam-Maspalomas--e1658242894564.jpg\",\"contentUrl\":\"https:\\\/\\\/weather-radar-live.com\\\/wp-content\\\/uploads\\\/2022\\\/07\\\/Webcam-Maspalomas--e1658242894564.jpg\",\"width\":1916,\"height\":933,\"caption\":\"Webcam Maspalomas\"},{\"@type\":\"BreadcrumbList\",\"@id\":\"https:\\\/\\\/weather-radar-live.com\\\/fi\\\/webkamera\\\/espanja\\\/webcam-maspalomas\\\/#breadcrumb\",\"itemListElement\":[{\"@type\":\"ListItem\",\"position\":1,\"name\":\"Weather Radar Live\",\"item\":\"https:\\\/\\\/weather-radar-live.com\\\/fi\\\/\"},{\"@type\":\"ListItem\",\"position\":2,\"name\":\"Webkamera\",\"item\":\"https:\\\/\\\/weather-radar-live.com\\\/fi\\\/webkamera\\\/\"},{\"@type\":\"ListItem\",\"position\":3,\"name\":\"Espanja\",\"item\":\"https:\\\/\\\/weather-radar-live.com\\\/fi\\\/webkamera\\\/espanja\\\/\"},{\"@type\":\"ListItem\",\"position\":4,\"name\":\"Webcam Maspalomas\"}]},{\"@type\":\"WebSite\",\"@id\":\"https:\\\/\\\/weather-radar-live.com\\\/#website\",\"url\":\"https:\\\/\\\/weather-radar-live.com\\\/\",\"name\":\"weather-radar-live.com\",\"description\":\"Your weather and sky radar.\",\"publisher\":{\"@id\":\"https:\\\/\\\/weather-radar-live.com\\\/#organization\"},\"potentialAction\":[{\"@type\":\"SearchAction\",\"target\":{\"@type\":\"EntryPoint\",\"urlTemplate\":\"https:\\\/\\\/weather-radar-live.com\\\/?s={search_term_string}\"},\"query-input\":{\"@type\":\"PropertyValueSpecification\",\"valueRequired\":true,\"valueName\":\"search_term_string\"}}],\"inLanguage\":\"fi\"},{\"@type\":\"Organization\",\"@id\":\"https:\\\/\\\/weather-radar-live.com\\\/#organization\",\"name\":\"weather-radar-live.com\",\"url\":\"https:\\\/\\\/weather-radar-live.com\\\/\",\"logo\":{\"@type\":\"ImageObject\",\"inLanguage\":\"fi\",\"@id\":\"https:\\\/\\\/weather-radar-live.com\\\/#\\\/schema\\\/logo\\\/image\\\/\",\"url\":\"https:\\\/\\\/weather-radar-live.com\\\/wp-content\\\/uploads\\\/2022\\\/03\\\/cropped-WRL2503.png\",\"contentUrl\":\"https:\\\/\\\/weather-radar-live.com\\\/wp-content\\\/uploads\\\/2022\\\/03\\\/cropped-WRL2503.png\",\"width\":1920,\"height\":555,\"caption\":\"weather-radar-live.com\"},\"image\":{\"@id\":\"https:\\\/\\\/weather-radar-live.com\\\/#\\\/schema\\\/logo\\\/image\\\/\"}}]}<\/script>\n<!-- \/ Yoast SEO plugin. -->","yoast_head_json":{"title":"Webcam Maspalomas \u2192 Katso suorana l\u00e4hetyksen\u00e4!","description":"Webcam Maspalomas | Maspalomasin live-kamera! \u2705 P\u00e4ivitetty sinulle reaaliajassa! \u2705 Ajantasainen s\u00e4\u00e4ennuste!","robots":{"index":"index","follow":"follow","max-snippet":"max-snippet:-1","max-image-preview":"max-image-preview:large","max-video-preview":"max-video-preview:-1"},"canonical":"https:\/\/weather-radar-live.com\/fi\/webkamera\/espanja\/webcam-maspalomas\/","og_locale":"fi_FI","og_type":"article","og_title":"Webcam Maspalomas \u2192 Katso suorana l\u00e4hetyksen\u00e4!","og_description":"Webcam Maspalomas | Maspalomasin live-kamera! \u2705 P\u00e4ivitetty sinulle reaaliajassa! \u2705 Ajantasainen s\u00e4\u00e4ennuste!","og_url":"https:\/\/weather-radar-live.com\/fi\/webkamera\/espanja\/webcam-maspalomas\/","og_site_name":"weather-radar-live.com","article_modified_time":"2022-07-20T12:36:25+00:00","og_image":[{"width":397,"height":206,"url":"https:\/\/weather-radar-live.com\/wp-content\/uploads\/2022\/07\/Webcam-Sierra-Nevada-e1658218397839.png","type":"image\/png"}],"twitter_card":"summary_large_image","twitter_misc":{"Arvioitu lukuaika":"2 minuuttia"},"schema":{"@context":"https:\/\/schema.org","@graph":[{"@type":"WebPage","@id":"https:\/\/weather-radar-live.com\/fi\/webkamera\/espanja\/webcam-maspalomas\/","url":"https:\/\/weather-radar-live.com\/fi\/webkamera\/espanja\/webcam-maspalomas\/","name":"Webcam Maspalomas \u2192 Katso suorana l\u00e4hetyksen\u00e4!","isPartOf":{"@id":"https:\/\/weather-radar-live.com\/#website"},"primaryImageOfPage":{"@id":"https:\/\/weather-radar-live.com\/fi\/webkamera\/espanja\/webcam-maspalomas\/#primaryimage"},"image":{"@id":"https:\/\/weather-radar-live.com\/fi\/webkamera\/espanja\/webcam-maspalomas\/#primaryimage"},"thumbnailUrl":"https:\/\/weather-radar-live.com\/wp-content\/uploads\/2022\/07\/Webcam-Maspalomas--e1658242894564.jpg","datePublished":"2022-07-20T12:35:00+00:00","dateModified":"2022-07-20T12:36:25+00:00","description":"Webcam Maspalomas | Maspalomasin live-kamera! \u2705 P\u00e4ivitetty sinulle reaaliajassa! \u2705 Ajantasainen s\u00e4\u00e4ennuste!","breadcrumb":{"@id":"https:\/\/weather-radar-live.com\/fi\/webkamera\/espanja\/webcam-maspalomas\/#breadcrumb"},"inLanguage":"fi","potentialAction":[{"@type":"ReadAction","target":["https:\/\/weather-radar-live.com\/fi\/webkamera\/espanja\/webcam-maspalomas\/"]}]},{"@type":"ImageObject","inLanguage":"fi","@id":"https:\/\/weather-radar-live.com\/fi\/webkamera\/espanja\/webcam-maspalomas\/#primaryimage","url":"https:\/\/weather-radar-live.com\/wp-content\/uploads\/2022\/07\/Webcam-Maspalomas--e1658242894564.jpg","contentUrl":"https:\/\/weather-radar-live.com\/wp-content\/uploads\/2022\/07\/Webcam-Maspalomas--e1658242894564.jpg","width":1916,"height":933,"caption":"Webcam Maspalomas"},{"@type":"BreadcrumbList","@id":"https:\/\/weather-radar-live.com\/fi\/webkamera\/espanja\/webcam-maspalomas\/#breadcrumb","itemListElement":[{"@type":"ListItem","position":1,"name":"Weather Radar Live","item":"https:\/\/weather-radar-live.com\/fi\/"},{"@type":"ListItem","position":2,"name":"Webkamera","item":"https:\/\/weather-radar-live.com\/fi\/webkamera\/"},{"@type":"ListItem","position":3,"name":"Espanja","item":"https:\/\/weather-radar-live.com\/fi\/webkamera\/espanja\/"},{"@type":"ListItem","position":4,"name":"Webcam Maspalomas"}]},{"@type":"WebSite","@id":"https:\/\/weather-radar-live.com\/#website","url":"https:\/\/weather-radar-live.com\/","name":"weather-radar-live.com","description":"Your weather and sky radar.","publisher":{"@id":"https:\/\/weather-radar-live.com\/#organization"},"potentialAction":[{"@type":"SearchAction","target":{"@type":"EntryPoint","urlTemplate":"https:\/\/weather-radar-live.com\/?s={search_term_string}"},"query-input":{"@type":"PropertyValueSpecification","valueRequired":true,"valueName":"search_term_string"}}],"inLanguage":"fi"},{"@type":"Organization","@id":"https:\/\/weather-radar-live.com\/#organization","name":"weather-radar-live.com","url":"https:\/\/weather-radar-live.com\/","logo":{"@type":"ImageObject","inLanguage":"fi","@id":"https:\/\/weather-radar-live.com\/#\/schema\/logo\/image\/","url":"https:\/\/weather-radar-live.com\/wp-content\/uploads\/2022\/03\/cropped-WRL2503.png","contentUrl":"https:\/\/weather-radar-live.com\/wp-content\/uploads\/2022\/03\/cropped-WRL2503.png","width":1920,"height":555,"caption":"weather-radar-live.com"},"image":{"@id":"https:\/\/weather-radar-live.com\/#\/schema\/logo\/image\/"}}]}},"_links":{"self":[{"href":"https:\/\/weather-radar-live.com\/fi\/wp-json\/wp\/v2\/pages\/5402","targetHints":{"allow":["GET"]}}],"collection":[{"href":"https:\/\/weather-radar-live.com\/fi\/wp-json\/wp\/v2\/pages"}],"about":[{"href":"https:\/\/weather-radar-live.com\/fi\/wp-json\/wp\/v2\/types\/page"}],"author":[{"embeddable":true,"href":"https:\/\/weather-radar-live.com\/fi\/wp-json\/wp\/v2\/users\/1"}],"replies":[{"embeddable":true,"href":"https:\/\/weather-radar-live.com\/fi\/wp-json\/wp\/v2\/comments?post=5402"}],"version-history":[{"count":2,"href":"https:\/\/weather-radar-live.com\/fi\/wp-json\/wp\/v2\/pages\/5402\/revisions"}],"predecessor-version":[{"id":5442,"href":"https:\/\/weather-radar-live.com\/fi\/wp-json\/wp\/v2\/pages\/5402\/revisions\/5442"}],"up":[{"embeddable":true,"href":"https:\/\/weather-radar-live.com\/fi\/wp-json\/wp\/v2\/pages\/4347"}],"wp:featuredmedia":[{"embeddable":true,"href":"https:\/\/weather-radar-live.com\/fi\/wp-json\/wp\/v2\/media\/5218"}],"wp:attachment":[{"href":"https:\/\/weather-radar-live.com\/fi\/wp-json\/wp\/v2\/media?parent=5402"}],"curies":[{"name":"wp","href":"https:\/\/api.w.org\/{rel}","templated":true}]}}