{"id":5387,"date":"2022-04-20T14:43:08","date_gmt":"2022-04-20T12:43:08","guid":{"rendered":"https:\/\/weather-radar-live.com\/webkamera\/ranska\/webcam-saint-malo\/"},"modified":"2022-07-20T14:20:17","modified_gmt":"2022-07-20T12:20:17","slug":"webcam-saint-malo","status":"publish","type":"page","link":"https:\/\/weather-radar-live.com\/fi\/webkamera\/ranska\/webcam-saint-malo\/","title":{"rendered":"Webcam Saint-Malo"},"content":{"rendered":"<div id=\"weath-2870469600\" class=\"weath-vor-dem-inhalt weath-entity-placement\" style=\"margin-top: 15px;margin-right: 25px;margin-bottom: 40px;margin-left: 25px;\"><script async src=\"\/\/pagead2.googlesyndication.com\/pagead\/js\/adsbygoogle.js?client=ca-pub-8960936133935804\" crossorigin=\"anonymous\"><\/script><ins class=\"adsbygoogle\" style=\"display:block;\" data-ad-client=\"ca-pub-8960936133935804\" \ndata-ad-slot=\"6172817020\" \ndata-ad-format=\"auto\"><\/ins>\n<script> \n(adsbygoogle = window.adsbygoogle || []).push({}); \n<\/script>\n<\/div>\n<div class=\"wp-block-cover alignfull is-light\"><span aria-hidden=\"true\" class=\"wp-block-cover__gradient-background has-background-dim\"><\/span><img decoding=\"async\" class=\"wp-block-cover__image-background wp-image-342\" alt=\"Webcam Saint-Malo\" src=\"https:\/\/weather-radar-live.com\/wp-content\/uploads\/2021\/06\/sam-schooler-E9aetBe2w40-unsplash-e1622554814366.jpg\" data-object-fit=\"cover\"\/><div class=\"wp-block-cover__inner-container is-layout-flow wp-block-cover-is-layout-flow\">\n<h2 class=\"has-text-align-center heading wp-block-heading\" id=\"webcam-fort-mahon\" style=\"font-size:40px\"><strong><mark style=\"background-color:rgba(0, 0, 0, 0)\" class=\"has-inline-color has-base-3-color\">WEBCAM <\/mark><\/strong><br><strong><mark style=\"background-color:rgba(0, 0, 0, 0)\" class=\"has-inline-color has-base-3-color\"><strong>SAINT-MALO<\/strong><\/mark><\/strong><\/h2>\n<\/div><\/div>\n\n\n<div class=\"yoast-breadcrumbs\"><span><span><a href=\"https:\/\/weather-radar-live.com\/fi\/\">Weather Radar Live<\/a><\/span> \u00bb <span><a href=\"https:\/\/weather-radar-live.com\/fi\/webkamera\/\">Webkamera<\/a><\/span> \u00bb <span><a href=\"https:\/\/weather-radar-live.com\/fi\/webkamera\/ranska\/\">Ranska<\/a><\/span> \u00bb <span class=\"breadcrumb_last\" aria-current=\"page\"><strong>Webcam Saint-Malo<\/strong><\/span><\/span><\/div>\n\n\n<h2 class=\"has-text-align-center wp-block-heading\" id=\"webcam-fort-mahon\"><strong>Webcam <strong>Saint-Malo<\/strong><\/strong><\/h2>\n\n\n\n<p>Saint-Malo on historiallinen merisatama Luoteis-Ranskassa, Ille-et-Vilainen departementissa Bretagnessa. Se sijaitsee Rance-joen suiston oikealla rannalla Englannin kanaalin rannikolla. Vanha muurien ymp\u00e4r\u00f6im\u00e4 kaupunki on yhdistetty mantereeseen muinaisella sillalla ja avenueilla, jotka ylitt\u00e4v\u00e4t sis\u00e4sataman. Kaupunki on perinteisesti ollut meriseikkailijoiden keskus, ja siell\u00e4 vallitsee yh\u00e4 romanttinen tunnelma, jossa on lukuisia purjeveneit\u00e4 ja vieh\u00e4tt\u00e4v\u00e4\u00e4 arkkitehtuuria. Saint-Malo on Bretagnen suosituin vierailukohde, jossa on paljon vierailun arvoisia paikkoja ja upeita n\u00e4kymi\u00e4. Saint-Malon paras vuodenaika on toukokuun puoliv\u00e4list\u00e4 syyskuun puoliv\u00e4liin, sill\u00e4 se on vuoden leudointa ja aurinkoisinta aikaa. N\u00e4in\u00e4 kuukausina voi silti olla viile\u00e4\u00e4 \u00f6isin, joten kannattaa pakata mukaan villapaita tai collegepaita ja kevyt takki.<\/p>\n\n\n\n<div class=\"wp-block-columns is-layout-flex wp-container-core-columns-is-layout-9d6595d7 wp-block-columns-is-layout-flex\">\n<div class=\"wp-block-column webcam-column is-layout-flow wp-block-column-is-layout-flow\">\n<h3 class=\"has-text-align-center live-emoji wp-block-heading\"> \ud83d\udd34 <strong>Webcam Saint-Malon <\/strong>satama<\/h3>\n\n\n\n<a name=\"windy-webcam-timelapse-player\" data-id=\"1595978700\" data-play=\"day\" href=\"https:\/\/windy.com\/webcams\/1595978700\" target=\"_blank\" rel=\"noopener\">Saint-Malo: Le Port<\/a><script async=\"\" type=\"text\/javascript\" src=\"https:\/\/webcams.windy.com\/webcams\/public\/embed\/script\/player.js\"><\/script>\n\n\n\n<p><\/p>\n\n\n\n<div class=\"wp-block-columns is-layout-flex wp-container-core-columns-is-layout-9d6595d7 wp-block-columns-is-layout-flex\">\n<div class=\"wp-block-column webcam-column is-layout-flow wp-block-column-is-layout-flow\">\n<h3 class=\"has-text-align-center live-emoji wp-block-heading\"><strong> \ud83d\udd34 Webcam Saint-Malo<\/strong> Yleiskatsaus<\/h3>\n\n\n\n<figure class=\"wp-block-embed is-type-video is-provider-youtube wp-block-embed-youtube wp-embed-aspect-16-9 wp-has-aspect-ratio\"><div class=\"wp-block-embed__wrapper\">\n<iframe loading=\"lazy\" title=\"Webcam Saint-Malo\" width=\"1200\" height=\"675\" src=\"https:\/\/www.youtube.com\/embed\/J3xg6-S2bFU?feature=oembed\" frameborder=\"0\" allow=\"accelerometer; autoplay; clipboard-write; encrypted-media; gyroscope; picture-in-picture\" allowfullscreen><\/iframe>\n<\/div><\/figure>\n<\/div>\n\n\n\n<div class=\"wp-block-column is-layout-flow wp-block-column-is-layout-flow\">\n<h3 class=\"has-text-align-center wp-block-heading\"><strong> \ud83d\udd34 Webcam Saint-Malo<\/strong><\/h3>\n\n\n\n<a name=\"windy-webcam-timelapse-player\" data-id=\"1558958067\" data-play=\"day\" href=\"https:\/\/windy.com\/webcams\/1558958067\" target=\"_blank\" rel=\"noopener\">Saint-Malo: Les _ Forts<\/a><script async=\"\" type=\"text\/javascript\" src=\"https:\/\/webcams.windy.com\/webcams\/public\/embed\/script\/player.js\"><\/script>\n<\/div>\n<\/div>\n\n\n\n<div class=\"wp-block-columns webcam-spalte is-layout-flex wp-container-core-columns-is-layout-9d6595d7 wp-block-columns-is-layout-flex\">\n<div class=\"wp-block-column is-layout-flow wp-block-column-is-layout-flow\">\n<h3 class=\"has-text-align-center wp-block-heading\"><strong> \ud83d\udd34 Webcam Saint-Malon<\/strong> kyl\u00e4ss\u00e4<\/h3>\n\n\n\n<figure class=\"wp-block-embed is-type-video is-provider-youtube wp-block-embed-youtube wp-embed-aspect-16-9 wp-has-aspect-ratio\"><div class=\"wp-block-embed__wrapper\">\n<iframe loading=\"lazy\" title=\"Webcam Saint-Malo\" width=\"1200\" height=\"675\" src=\"https:\/\/www.youtube.com\/embed\/J3xg6-S2bFU?feature=oembed\" frameborder=\"0\" allow=\"accelerometer; autoplay; clipboard-write; encrypted-media; gyroscope; picture-in-picture\" allowfullscreen><\/iframe>\n<\/div><\/figure>\n<\/div>\n\n\n\n<div class=\"wp-block-column is-layout-flow wp-block-column-is-layout-flow\">\n<h3 class=\"has-text-align-center wp-block-heading\"><strong> \ud83d\udd34 Webcam Saint-Malon <\/strong>satama <\/h3>\n\n\n\n<figure class=\"wp-block-embed is-type-video is-provider-youtube wp-block-embed-youtube wp-embed-aspect-16-9 wp-has-aspect-ratio\"><div class=\"wp-block-embed__wrapper\">\n<iframe loading=\"lazy\" title=\"Webcam Saint-Malo - Le Port\" width=\"1200\" height=\"675\" src=\"https:\/\/www.youtube.com\/embed\/p6nAlz4_bdI?feature=oembed\" frameborder=\"0\" allow=\"accelerometer; autoplay; clipboard-write; encrypted-media; gyroscope; picture-in-picture\" allowfullscreen><\/iframe>\n<\/div><\/figure>\n<\/div>\n<\/div>\n<\/div>\n<\/div>\n\n\n\n<h2 class=\"wp-block-heading\" id=\"fort-mahon-today\"><strong>S\u00e4\u00e4 tutka Saint-Malo &#8211; S\u00e4\u00e4 Saint-Malo<\/strong><\/h2>\n\n\n\n<p> <a href=\"https:\/\/weather-radar-live.com\/fi\/\">Live-s\u00e4\u00e4tutkan<\/a> avulla n\u00e4et reaaliaikaisesti <a href=\"https:\/\/weather-radar-live.com\/fi\/pilvet\/\">pilvet<\/a>, <a href=\"https:\/\/weather-radar-live.com\/fi\/sadetutka\/\">sateet<\/a>, <a href=\"https:\/\/weather-radar-live.com\/fi\/tornado-radar\/\">tornadot<\/a>, <a href=\"https:\/\/weather-radar-live.com\/fi\/ukkostutka\/\">ukkoset<\/a> ja paljon muuta. N\u00e4iden tietojen saaminen auttaa sinua suunnittelemaan matkan oikeaan aikaan ja saat itsesi ajan tasalle t\u00e4m\u00e4nhetkisest\u00e4 s\u00e4\u00e4st\u00e4 ja s\u00e4\u00e4ennusteesta. Lis\u00e4ksi voit tarkastella kuvia yleisist\u00e4 s\u00e4\u00e4olosuhteista. Ja k\u00e4ytt\u00e4m\u00e4ll\u00e4 oikeassa yl\u00e4kulmassa olevaa + tai &#8211; voit siirt\u00e4\u00e4 haluttua aluetta.<\/p><div id=\"weath-4044630050\" class=\"weath-inhalt_2 weath-entity-placement\" style=\"margin-top: 15px;margin-right: 25px;margin-bottom: 35px;margin-left: 25px;\"><script async src=\"\/\/pagead2.googlesyndication.com\/pagead\/js\/adsbygoogle.js?client=ca-pub-8960936133935804\" crossorigin=\"anonymous\"><\/script><ins class=\"adsbygoogle\" style=\"display:block;\" data-ad-client=\"ca-pub-8960936133935804\" \ndata-ad-slot=\"1963584050\" \ndata-ad-format=\"auto\"><\/ins>\n<script> \n(adsbygoogle = window.adsbygoogle || []).push({}); \n<\/script>\n<\/div>\n\n\n\n<div class=\"wp-block-columns is-layout-flex wp-container-core-columns-is-layout-9d6595d7 wp-block-columns-is-layout-flex\">\n<div class=\"wp-block-column is-layout-flow wp-block-column-is-layout-flow\" style=\"flex-basis:75%\">\n<iframe loading=\"lazy\" width=\"1300\" height=\"502\" src=\"https:\/\/embed.windy.com\/embed2.html?lat=48.651&amp;lon=-3.671&amp;detailLat=48.651&amp;detailLon=-3.671&amp;width=1300&amp;height=502&amp;zoom=8&amp;level=surface&amp;overlay=wind&amp;product=ecmwf&amp;menu=&amp;message=&amp;marker=&amp;calendar=now&amp;pressure=&amp;type=map&amp;location=coordinates&amp;detail=&amp;metricWind=default&amp;metricTemp=default&amp;radarRange=-1\" frameborder=\"0\"><\/iframe>\n<\/div>\n\n\n\n<div class=\"wp-block-column is-layout-flow wp-block-column-is-layout-flow\" style=\"flex-basis:25%\">\n<a class=\"weatherwidget-io\" href=\"https:\/\/forecast7.com\/en\/48d65n2d03\/st-malo\/\" data-label_1=\"SAINT-MALO\" data-font=\"Roboto\" data-theme=\"original\" >SAINT-MALO<\/a>\n<script>\n!function(d,s,id){var js,fjs=d.getElementsByTagName(s)[0];if(!d.getElementById(id)){js=d.createElement(s);js.id=id;js.src='https:\/\/weatherwidget.io\/js\/widget.min.js';fjs.parentNode.insertBefore(js,fjs);}}(document,'script','weatherwidget-io-js');\n<\/script>\n<\/div>\n<\/div>\n\n\n\n<h2 class=\"wp-block-heading\" id=\"fort-mahon-weather\"><strong><strong>Saint-Malon ilmasto<\/strong><\/strong><\/h2>\n\n\n\n<p>Saint-Malossa vallitsee ymp\u00e4ri vuoden valtameri-ilmasto &#8211; viile\u00e4 ja kostea, mutta erityisen tuulinen ja sateinen syksyll\u00e4 ja talvella. Kes\u00e4ll\u00e4 aurinko paistaa runsaasti.<\/p>\n\n\n\n<p>Kaupunki sijaitsee Bretagnen pohjoisrannikolla, Luoteis-Ranskassa. Saint-Malon lahdella sijaitsee Ison-Britannian Kanaalisaaret.<\/p>\n\n\n\n<p>T\u00e4\u00e4ll\u00e4 talvis\u00e4\u00e4 on leudompi kuin muualla Pohjois-Ranskassa, koska merivirrat ja etel\u00e4st\u00e4 puhaltavat vallitsevat tuulet. P\u00e4invastoin, taivas on usein pilvinen, ilmankosteus on korkea ja tuuli on ajoittain kohtalaisesta voimakkaaseen, samoin kuin runsaat sateet.<\/p>\n\n\n\n<p><strong>L\u00e4mp\u00f6tila <\/strong><\/p>\n\n\n\n<p>Tammikuussa keskil\u00e4mp\u00f6tila on 6,5 \u00b0C ja hein\u00e4- ja elokuussa 18 \u00b0C.<\/p>\n\n\n\n<p><strong>Sadem\u00e4\u00e4r\u00e4 <\/strong><\/p>\n\n\n\n<p>vuosittain sataa 780 millimetri\u00e4 sadetta. Kuivimpana kuukautena eli hein\u00e4kuussa se on 40 mm ja sateisimpana marraskuussa 95 mm. Sadekausi kest\u00e4\u00e4 lokakuusta maaliskuuhun.<\/p>\n\n\n\n<p><strong>Kosteus <\/strong><\/p>\n\n\n\n<p>Tammikuussa on korkein suhteellinen kosteus (82,13 %). Syyskuussa suhteellinen kosteus on alhaisin (75,53 %).<\/p>\n\n\n\n<h2 class=\"wp-block-heading\"><strong><strong>La Cour La Hussaye<\/strong> <\/strong><\/h2>\n\n\n\n<p>Saint-Malon syd\u00e4mess\u00e4 sijaitsee satumainen tornitalo nimelt\u00e4 La Cour La Hussaye. Monissa vanhoissa kaupungin postikorteissa se mainitaan &#8221;Herttuatar Annen talona&#8221; Kyseess\u00e4 on oletettavasti kaupungin vanhin rakennus, Maison Hussaye. Vaikka torni on rakennettu 1400-luvulla, se purettiin ja rakennettiin uudelleen vuosisatoja my\u00f6hemmin. Talo ja torni v\u00e4lttyiv\u00e4t jotenkin tuhoutumiselta taisteluissa kaupungista vuonna 1944, vaikka suuri osa kaupungista tuhoutui. Linnoituksesta kohoavien julkisivujen ja tornien ansiosta sill\u00e4 on ainutlaatuinen siluetti. Voit nauttia upeista n\u00e4k\u00f6aloista sen parapettik\u00e4velylt\u00e4!<\/p>\n","protected":false},"excerpt":{"rendered":"<p>Webcam Saint-Malo Saint-Malo on historiallinen merisatama Luoteis-Ranskassa, Ille-et-Vilainen departementissa Bretagnessa. Se sijaitsee Rance-joen suiston oikealla rannalla Englannin kanaalin rannikolla. Vanha muurien ymp\u00e4r\u00f6im\u00e4 kaupunki on yhdistetty mantereeseen muinaisella sillalla ja avenueilla, jotka ylitt\u00e4v\u00e4t sis\u00e4sataman. Kaupunki on perinteisesti ollut meriseikkailijoiden keskus, ja siell\u00e4 vallitsee yh\u00e4 romanttinen tunnelma, jossa on lukuisia purjeveneit\u00e4 ja vieh\u00e4tt\u00e4v\u00e4\u00e4 arkkitehtuuria. Saint-Malo on Bretagnen &#8230; <a title=\"Webcam Saint-Malo\" class=\"read-more\" href=\"https:\/\/weather-radar-live.com\/fi\/webkamera\/ranska\/webcam-saint-malo\/\" aria-label=\"Lue lis\u00e4\u00e4 aiheesta Webcam Saint-Malo\">Lue lis\u00e4\u00e4<\/a><\/p>\n","protected":false},"author":1,"featured_media":3786,"parent":4177,"menu_order":0,"comment_status":"closed","ping_status":"closed","template":"","meta":{"footnotes":""},"class_list":["post-5387","page","type-page","status-publish","has-post-thumbnail"],"yoast_head":"<!-- This site is optimized with the Yoast SEO plugin v27.3 - https:\/\/yoast.com\/product\/yoast-seo-wordpress\/ -->\n<title>Webcam Saint-Malo \u2192 Katso se suorana l\u00e4hetyksen\u00e4!<\/title>\n<meta name=\"description\" content=\"Webcam Saint-Malo | Webcam Saint-Malo! \u2705 P\u00e4ivitetty sinulle reaaliajassa! \u2705 Nykyinen s\u00e4\u00e4ennuste!\" \/>\n<meta name=\"robots\" content=\"index, follow, max-snippet:-1, max-image-preview:large, max-video-preview:-1\" \/>\n<link rel=\"canonical\" href=\"https:\/\/weather-radar-live.com\/fi\/webkamera\/ranska\/webcam-saint-malo\/\" \/>\n<meta property=\"og:locale\" content=\"fi_FI\" \/>\n<meta property=\"og:type\" content=\"article\" \/>\n<meta property=\"og:title\" content=\"Webcam Saint-Malo \u2192 Katso se suorana l\u00e4hetyksen\u00e4!\" \/>\n<meta property=\"og:description\" content=\"Webcam Saint-Malo | Webcam Saint-Malo! \u2705 P\u00e4ivitetty sinulle reaaliajassa! \u2705 Nykyinen s\u00e4\u00e4ennuste!\" \/>\n<meta property=\"og:url\" content=\"https:\/\/weather-radar-live.com\/fi\/webkamera\/ranska\/webcam-saint-malo\/\" \/>\n<meta property=\"og:site_name\" content=\"weather-radar-live.com\" \/>\n<meta property=\"article:modified_time\" content=\"2022-07-20T12:20:17+00:00\" \/>\n<meta property=\"og:image\" content=\"https:\/\/weather-radar-live.com\/wp-content\/uploads\/2022\/04\/Webcams-Saint-Malo.jpg\" \/>\n\t<meta property=\"og:image:width\" content=\"1762\" \/>\n\t<meta property=\"og:image:height\" content=\"953\" \/>\n\t<meta property=\"og:image:type\" content=\"image\/jpeg\" \/>\n<meta name=\"twitter:card\" content=\"summary_large_image\" \/>\n<meta name=\"twitter:label1\" content=\"Arvioitu lukuaika\" \/>\n\t<meta name=\"twitter:data1\" content=\"2 minuuttia\" \/>\n<script type=\"application\/ld+json\" class=\"yoast-schema-graph\">{\"@context\":\"https:\\\/\\\/schema.org\",\"@graph\":[{\"@type\":\"WebPage\",\"@id\":\"https:\\\/\\\/weather-radar-live.com\\\/fi\\\/webkamera\\\/ranska\\\/webcam-saint-malo\\\/\",\"url\":\"https:\\\/\\\/weather-radar-live.com\\\/fi\\\/webkamera\\\/ranska\\\/webcam-saint-malo\\\/\",\"name\":\"Webcam Saint-Malo \u2192 Katso se suorana l\u00e4hetyksen\u00e4!\",\"isPartOf\":{\"@id\":\"https:\\\/\\\/weather-radar-live.com\\\/#website\"},\"primaryImageOfPage\":{\"@id\":\"https:\\\/\\\/weather-radar-live.com\\\/fi\\\/webkamera\\\/ranska\\\/webcam-saint-malo\\\/#primaryimage\"},\"image\":{\"@id\":\"https:\\\/\\\/weather-radar-live.com\\\/fi\\\/webkamera\\\/ranska\\\/webcam-saint-malo\\\/#primaryimage\"},\"thumbnailUrl\":\"https:\\\/\\\/weather-radar-live.com\\\/wp-content\\\/uploads\\\/2022\\\/04\\\/Webcams-Saint-Malo.jpg\",\"datePublished\":\"2022-04-20T12:43:08+00:00\",\"dateModified\":\"2022-07-20T12:20:17+00:00\",\"description\":\"Webcam Saint-Malo | Webcam Saint-Malo! \u2705 P\u00e4ivitetty sinulle reaaliajassa! \u2705 Nykyinen s\u00e4\u00e4ennuste!\",\"breadcrumb\":{\"@id\":\"https:\\\/\\\/weather-radar-live.com\\\/fi\\\/webkamera\\\/ranska\\\/webcam-saint-malo\\\/#breadcrumb\"},\"inLanguage\":\"fi\",\"potentialAction\":[{\"@type\":\"ReadAction\",\"target\":[\"https:\\\/\\\/weather-radar-live.com\\\/fi\\\/webkamera\\\/ranska\\\/webcam-saint-malo\\\/\"]}]},{\"@type\":\"ImageObject\",\"inLanguage\":\"fi\",\"@id\":\"https:\\\/\\\/weather-radar-live.com\\\/fi\\\/webkamera\\\/ranska\\\/webcam-saint-malo\\\/#primaryimage\",\"url\":\"https:\\\/\\\/weather-radar-live.com\\\/wp-content\\\/uploads\\\/2022\\\/04\\\/Webcams-Saint-Malo.jpg\",\"contentUrl\":\"https:\\\/\\\/weather-radar-live.com\\\/wp-content\\\/uploads\\\/2022\\\/04\\\/Webcams-Saint-Malo.jpg\",\"width\":1762,\"height\":953,\"caption\":\"Webcams-Saint-Malo\"},{\"@type\":\"BreadcrumbList\",\"@id\":\"https:\\\/\\\/weather-radar-live.com\\\/fi\\\/webkamera\\\/ranska\\\/webcam-saint-malo\\\/#breadcrumb\",\"itemListElement\":[{\"@type\":\"ListItem\",\"position\":1,\"name\":\"Weather Radar Live\",\"item\":\"https:\\\/\\\/weather-radar-live.com\\\/fi\\\/\"},{\"@type\":\"ListItem\",\"position\":2,\"name\":\"Webkamera\",\"item\":\"https:\\\/\\\/weather-radar-live.com\\\/fi\\\/webkamera\\\/\"},{\"@type\":\"ListItem\",\"position\":3,\"name\":\"Ranska\",\"item\":\"https:\\\/\\\/weather-radar-live.com\\\/fi\\\/webkamera\\\/ranska\\\/\"},{\"@type\":\"ListItem\",\"position\":4,\"name\":\"Webcam Saint-Malo\"}]},{\"@type\":\"WebSite\",\"@id\":\"https:\\\/\\\/weather-radar-live.com\\\/#website\",\"url\":\"https:\\\/\\\/weather-radar-live.com\\\/\",\"name\":\"weather-radar-live.com\",\"description\":\"Your weather and sky radar.\",\"publisher\":{\"@id\":\"https:\\\/\\\/weather-radar-live.com\\\/#organization\"},\"potentialAction\":[{\"@type\":\"SearchAction\",\"target\":{\"@type\":\"EntryPoint\",\"urlTemplate\":\"https:\\\/\\\/weather-radar-live.com\\\/?s={search_term_string}\"},\"query-input\":{\"@type\":\"PropertyValueSpecification\",\"valueRequired\":true,\"valueName\":\"search_term_string\"}}],\"inLanguage\":\"fi\"},{\"@type\":\"Organization\",\"@id\":\"https:\\\/\\\/weather-radar-live.com\\\/#organization\",\"name\":\"weather-radar-live.com\",\"url\":\"https:\\\/\\\/weather-radar-live.com\\\/\",\"logo\":{\"@type\":\"ImageObject\",\"inLanguage\":\"fi\",\"@id\":\"https:\\\/\\\/weather-radar-live.com\\\/#\\\/schema\\\/logo\\\/image\\\/\",\"url\":\"https:\\\/\\\/weather-radar-live.com\\\/wp-content\\\/uploads\\\/2022\\\/03\\\/cropped-WRL2503.png\",\"contentUrl\":\"https:\\\/\\\/weather-radar-live.com\\\/wp-content\\\/uploads\\\/2022\\\/03\\\/cropped-WRL2503.png\",\"width\":1920,\"height\":555,\"caption\":\"weather-radar-live.com\"},\"image\":{\"@id\":\"https:\\\/\\\/weather-radar-live.com\\\/#\\\/schema\\\/logo\\\/image\\\/\"}}]}<\/script>\n<!-- \/ Yoast SEO plugin. -->","yoast_head_json":{"title":"Webcam Saint-Malo \u2192 Katso se suorana l\u00e4hetyksen\u00e4!","description":"Webcam Saint-Malo | Webcam Saint-Malo! \u2705 P\u00e4ivitetty sinulle reaaliajassa! \u2705 Nykyinen s\u00e4\u00e4ennuste!","robots":{"index":"index","follow":"follow","max-snippet":"max-snippet:-1","max-image-preview":"max-image-preview:large","max-video-preview":"max-video-preview:-1"},"canonical":"https:\/\/weather-radar-live.com\/fi\/webkamera\/ranska\/webcam-saint-malo\/","og_locale":"fi_FI","og_type":"article","og_title":"Webcam Saint-Malo \u2192 Katso se suorana l\u00e4hetyksen\u00e4!","og_description":"Webcam Saint-Malo | Webcam Saint-Malo! \u2705 P\u00e4ivitetty sinulle reaaliajassa! \u2705 Nykyinen s\u00e4\u00e4ennuste!","og_url":"https:\/\/weather-radar-live.com\/fi\/webkamera\/ranska\/webcam-saint-malo\/","og_site_name":"weather-radar-live.com","article_modified_time":"2022-07-20T12:20:17+00:00","og_image":[{"width":1762,"height":953,"url":"https:\/\/weather-radar-live.com\/wp-content\/uploads\/2022\/04\/Webcams-Saint-Malo.jpg","type":"image\/jpeg"}],"twitter_card":"summary_large_image","twitter_misc":{"Arvioitu lukuaika":"2 minuuttia"},"schema":{"@context":"https:\/\/schema.org","@graph":[{"@type":"WebPage","@id":"https:\/\/weather-radar-live.com\/fi\/webkamera\/ranska\/webcam-saint-malo\/","url":"https:\/\/weather-radar-live.com\/fi\/webkamera\/ranska\/webcam-saint-malo\/","name":"Webcam Saint-Malo \u2192 Katso se suorana l\u00e4hetyksen\u00e4!","isPartOf":{"@id":"https:\/\/weather-radar-live.com\/#website"},"primaryImageOfPage":{"@id":"https:\/\/weather-radar-live.com\/fi\/webkamera\/ranska\/webcam-saint-malo\/#primaryimage"},"image":{"@id":"https:\/\/weather-radar-live.com\/fi\/webkamera\/ranska\/webcam-saint-malo\/#primaryimage"},"thumbnailUrl":"https:\/\/weather-radar-live.com\/wp-content\/uploads\/2022\/04\/Webcams-Saint-Malo.jpg","datePublished":"2022-04-20T12:43:08+00:00","dateModified":"2022-07-20T12:20:17+00:00","description":"Webcam Saint-Malo | Webcam Saint-Malo! \u2705 P\u00e4ivitetty sinulle reaaliajassa! \u2705 Nykyinen s\u00e4\u00e4ennuste!","breadcrumb":{"@id":"https:\/\/weather-radar-live.com\/fi\/webkamera\/ranska\/webcam-saint-malo\/#breadcrumb"},"inLanguage":"fi","potentialAction":[{"@type":"ReadAction","target":["https:\/\/weather-radar-live.com\/fi\/webkamera\/ranska\/webcam-saint-malo\/"]}]},{"@type":"ImageObject","inLanguage":"fi","@id":"https:\/\/weather-radar-live.com\/fi\/webkamera\/ranska\/webcam-saint-malo\/#primaryimage","url":"https:\/\/weather-radar-live.com\/wp-content\/uploads\/2022\/04\/Webcams-Saint-Malo.jpg","contentUrl":"https:\/\/weather-radar-live.com\/wp-content\/uploads\/2022\/04\/Webcams-Saint-Malo.jpg","width":1762,"height":953,"caption":"Webcams-Saint-Malo"},{"@type":"BreadcrumbList","@id":"https:\/\/weather-radar-live.com\/fi\/webkamera\/ranska\/webcam-saint-malo\/#breadcrumb","itemListElement":[{"@type":"ListItem","position":1,"name":"Weather Radar Live","item":"https:\/\/weather-radar-live.com\/fi\/"},{"@type":"ListItem","position":2,"name":"Webkamera","item":"https:\/\/weather-radar-live.com\/fi\/webkamera\/"},{"@type":"ListItem","position":3,"name":"Ranska","item":"https:\/\/weather-radar-live.com\/fi\/webkamera\/ranska\/"},{"@type":"ListItem","position":4,"name":"Webcam Saint-Malo"}]},{"@type":"WebSite","@id":"https:\/\/weather-radar-live.com\/#website","url":"https:\/\/weather-radar-live.com\/","name":"weather-radar-live.com","description":"Your weather and sky radar.","publisher":{"@id":"https:\/\/weather-radar-live.com\/#organization"},"potentialAction":[{"@type":"SearchAction","target":{"@type":"EntryPoint","urlTemplate":"https:\/\/weather-radar-live.com\/?s={search_term_string}"},"query-input":{"@type":"PropertyValueSpecification","valueRequired":true,"valueName":"search_term_string"}}],"inLanguage":"fi"},{"@type":"Organization","@id":"https:\/\/weather-radar-live.com\/#organization","name":"weather-radar-live.com","url":"https:\/\/weather-radar-live.com\/","logo":{"@type":"ImageObject","inLanguage":"fi","@id":"https:\/\/weather-radar-live.com\/#\/schema\/logo\/image\/","url":"https:\/\/weather-radar-live.com\/wp-content\/uploads\/2022\/03\/cropped-WRL2503.png","contentUrl":"https:\/\/weather-radar-live.com\/wp-content\/uploads\/2022\/03\/cropped-WRL2503.png","width":1920,"height":555,"caption":"weather-radar-live.com"},"image":{"@id":"https:\/\/weather-radar-live.com\/#\/schema\/logo\/image\/"}}]}},"_links":{"self":[{"href":"https:\/\/weather-radar-live.com\/fi\/wp-json\/wp\/v2\/pages\/5387","targetHints":{"allow":["GET"]}}],"collection":[{"href":"https:\/\/weather-radar-live.com\/fi\/wp-json\/wp\/v2\/pages"}],"about":[{"href":"https:\/\/weather-radar-live.com\/fi\/wp-json\/wp\/v2\/types\/page"}],"author":[{"embeddable":true,"href":"https:\/\/weather-radar-live.com\/fi\/wp-json\/wp\/v2\/users\/1"}],"replies":[{"embeddable":true,"href":"https:\/\/weather-radar-live.com\/fi\/wp-json\/wp\/v2\/comments?post=5387"}],"version-history":[{"count":1,"href":"https:\/\/weather-radar-live.com\/fi\/wp-json\/wp\/v2\/pages\/5387\/revisions"}],"predecessor-version":[{"id":5398,"href":"https:\/\/weather-radar-live.com\/fi\/wp-json\/wp\/v2\/pages\/5387\/revisions\/5398"}],"up":[{"embeddable":true,"href":"https:\/\/weather-radar-live.com\/fi\/wp-json\/wp\/v2\/pages\/4177"}],"wp:featuredmedia":[{"embeddable":true,"href":"https:\/\/weather-radar-live.com\/fi\/wp-json\/wp\/v2\/media\/3786"}],"wp:attachment":[{"href":"https:\/\/weather-radar-live.com\/fi\/wp-json\/wp\/v2\/media?parent=5387"}],"curies":[{"name":"wp","href":"https:\/\/api.w.org\/{rel}","templated":true}]}}