{"id":5269,"date":"2022-04-21T13:15:24","date_gmt":"2022-04-21T11:15:24","guid":{"rendered":"https:\/\/weather-radar-live.com\/webkamera\/ranska\/webcam-le-touquet\/"},"modified":"2022-07-20T11:52:30","modified_gmt":"2022-07-20T09:52:30","slug":"webcam-le-touquet","status":"publish","type":"page","link":"https:\/\/weather-radar-live.com\/fi\/webkamera\/ranska\/webcam-le-touquet\/","title":{"rendered":"Webkamera Le Touquet"},"content":{"rendered":"<div id=\"weath-1000109624\" class=\"weath-vor-dem-inhalt weath-entity-placement\" style=\"margin-top: 15px;margin-right: 25px;margin-bottom: 40px;margin-left: 25px;\"><script async src=\"\/\/pagead2.googlesyndication.com\/pagead\/js\/adsbygoogle.js?client=ca-pub-8960936133935804\" crossorigin=\"anonymous\"><\/script><ins class=\"adsbygoogle\" style=\"display:block;\" data-ad-client=\"ca-pub-8960936133935804\" \ndata-ad-slot=\"6172817020\" \ndata-ad-format=\"auto\"><\/ins>\n<script> \n(adsbygoogle = window.adsbygoogle || []).push({}); \n<\/script>\n<\/div>\n<div class=\"wp-block-cover alignfull is-light\"><span aria-hidden=\"true\" class=\"wp-block-cover__gradient-background has-background-dim\"><\/span><img decoding=\"async\" class=\"wp-block-cover__image-background wp-image-342\" alt=\"Webcam Le Touquet \" src=\"https:\/\/weather-radar-live.com\/wp-content\/uploads\/2021\/06\/sam-schooler-E9aetBe2w40-unsplash-e1622554814366.jpg\" data-object-fit=\"cover\"\/><div class=\"wp-block-cover__inner-container is-layout-flow wp-block-cover-is-layout-flow\">\n<h2 class=\"has-text-align-center heading wp-block-heading\" id=\"webcam-fort-mahon\" style=\"font-size:40px\"><strong><mark style=\"background-color:rgba(0, 0, 0, 0)\" class=\"has-inline-color has-base-3-color\">WEBKAMERA <\/mark><\/strong><br><strong><mark style=\"background-color:rgba(0, 0, 0, 0)\" class=\"has-inline-color has-base-3-color\"><strong>LE TOUQUET<\/strong><\/mark><\/strong><\/h2>\n<\/div><\/div>\n\n\n<div class=\"yoast-breadcrumbs\"><span><span><a href=\"https:\/\/weather-radar-live.com\/fi\/\">Weather Radar Live<\/a><\/span> \u00bb <span><a href=\"https:\/\/weather-radar-live.com\/fi\/webkamera\/\">Webkamera<\/a><\/span> \u00bb <span><a href=\"https:\/\/weather-radar-live.com\/fi\/webkamera\/ranska\/\">Ranska<\/a><\/span> \u00bb <span class=\"breadcrumb_last\" aria-current=\"page\"><strong>Webkamera Le Touquet<\/strong><\/span><\/span><\/div>\n\n\n<h2 class=\"has-text-align-center wp-block-heading\" id=\"webcam-fort-mahon\"><strong>Webcam <strong><strong>Le Touquet <\/strong><\/strong><\/strong><\/h2>\n\n\n\n<p>Pohjois-Ranskassa, Opaalirannikolla, sijaitsee Le Touquet Paris-Plage -rantalomakohde. T\u00e4m\u00e4 majesteettinen paikka on rakennettu sekoittaen ranskalaista Belle Epoque -tyyli\u00e4 ja brittil\u00e4ist\u00e4 edvardiaanista tyyli\u00e4. Paikassa on hulppeat kaupat, huippuluokan baareja ja ravintoloita sek\u00e4 ulkoilmael\u00e4m\u00e4\u00e4. Tarjolla on runsaasti aktiviteetteja, jotka pit\u00e4v\u00e4t sinut kiireisen\u00e4, vesiurheilusta historiallisiin golfkenttiin, ratsastuksesta hiekkadyyneill\u00e4 ratsastamiseen ja tennikseen. Touquet-Paris-Plage on shoppailijoiden paratiisi, joka tarjoaa upean kokemuksen shoppailusta uskomattomilla alennuksilla. Nauti junamatkasta, jonka aikana voit katsella kauniita tornitaloja ja mets\u00e4\u00e4. Haluatko tiet\u00e4\u00e4 sen s\u00e4\u00e4n, ilmaston ja kuuluisan paikan, katso alta.<\/p>\n\n\n\n<div class=\"wp-block-columns is-layout-flex wp-container-core-columns-is-layout-9d6595d7 wp-block-columns-is-layout-flex\">\n<div class=\"wp-block-column webcam-column is-layout-flow wp-block-column-is-layout-flow\">\n<div class=\"wp-block-columns is-layout-flex wp-container-core-columns-is-layout-9d6595d7 wp-block-columns-is-layout-flex\">\n<div class=\"wp-block-column is-layout-flow wp-block-column-is-layout-flow\">\n<h3 class=\"has-text-align-center wp-block-heading\">\ud83d\udd34 <strong>Webcam <strong><strong><strong><strong><strong>Le Touquet<\/strong><\/strong><\/strong><\/strong><\/strong><\/strong> Merin\u00e4k\u00f6ala<\/h3>\n\n\n\n<iframe src=\"https:\/\/www.skaping.com\/le-touquet\/poste-central\/vue-mer\" style=\"width: 100%; height: 400px; border: none;\" allowfullscreen=\"\"><\/iframe>\n<\/div>\n\n\n\n<div class=\"wp-block-column is-layout-flow wp-block-column-is-layout-flow\">\n<h3 class=\"has-text-align-center wp-block-heading\"><strong>\ud83d\udd34 <strong>Webcam <strong><strong><strong><strong><strong>Le Touquet<\/strong><\/strong><\/strong><\/strong><\/strong><\/strong> <\/strong>n\u00e4kym\u00e4 pohjoiseen<\/h3>\n\n\n\n<iframe src=\"https:\/\/www.skaping.com\/le-touquet\/poste-central\/vue-nord\" style=\"width: 100%; height: 400px; border: none;\" allowfullscreen=\"\"><\/iframe>\n<\/div>\n<\/div>\n\n\n\n<div class=\"wp-block-columns is-layout-flex wp-container-core-columns-is-layout-9d6595d7 wp-block-columns-is-layout-flex\">\n<div class=\"wp-block-column is-layout-flow wp-block-column-is-layout-flow\">\n<h3 class=\"has-text-align-center wp-block-heading\"><strong>\ud83d\udd34 <strong>Webcam <strong><strong><strong><strong><strong>Le Touquet<\/strong><\/strong><\/strong><\/strong><\/strong><\/strong> <\/strong>Ratsastuspuisto<\/h3>\n\n\n\n<iframe src=\"https:\/\/www.skaping.com\/le-touquet\/centre-equestre\" style=\"width: 100%; height: 400px; border: none;\" allowfullscreen=\"\"><\/iframe>\n<\/div>\n\n\n\n<div class=\"wp-block-column is-layout-flow wp-block-column-is-layout-flow\">\n<h3 class=\"has-text-align-center wp-block-heading\"><strong><strong>\ud83d\udd34 <strong>Webcam <strong><strong><strong><strong><strong>Le Touquet<\/strong><\/strong><\/strong><\/strong><\/strong><\/strong> <\/strong><\/strong>Etel\u00e4inen n\u00e4kym\u00e4<\/h3>\n\n\n\n<iframe src=\"https:\/\/www.skaping.com\/le-touquet\/poste-central\/vue-sud\" style=\"width: 100%; height: 400px; border: none;\" allowfullscreen=\"\"><\/iframe>\n<\/div>\n<\/div>\n\n\n\n<div class=\"wp-block-columns is-layout-flex wp-container-core-columns-is-layout-9d6595d7 wp-block-columns-is-layout-flex\">\n<div class=\"wp-block-column is-layout-flow wp-block-column-is-layout-flow\">\n<h3 class=\"has-text-align-center wp-block-heading\"><strong><strong>\ud83d\udd34 <strong>Webcam <strong><strong><strong><strong><strong>Le Touquet<\/strong><\/strong><\/strong><\/strong><\/strong><\/strong> <\/strong><\/strong>Palais des Congr\u00e8s&#8217;n puutarhat<\/h3>\n\n\n\n<iframe src=\"https:\/\/www.skaping.com\/le-touquet\/lycee-hotelier\" style=\"width: 100%; height: 400px; border: none;\" allowfullscreen=\"\"><\/iframe>\n<\/div>\n\n\n\n<div class=\"wp-block-column is-layout-flow wp-block-column-is-layout-flow\">\n<h3 class=\"has-text-align-center wp-block-heading\"><strong><strong><strong>\ud83d\udd34 <strong>Webcam <strong><strong><strong><strong><strong>Le Touquet<\/strong><\/strong><\/strong><\/strong><\/strong><\/strong> <\/strong><\/strong><\/strong>Paris-Plage<\/h3>\n\n\n\n<a name=\"windy-webcam-timelapse-player\" data-id=\"1340349687\" data-play=\"day\" href=\"https:\/\/windy.com\/webcams\/1340349687\" target=\"_blank\" rel=\"noopener\">Le Touquet-Paris-Plage: Le Touquet Paris-Plage<\/a><script async=\"\" type=\"text\/javascript\" src=\"https:\/\/webcams.windy.com\/webcams\/public\/embed\/script\/player.js\"><\/script>\n<\/div>\n<\/div>\n<\/div>\n<\/div>\n\n\n\n<h2 class=\"wp-block-heading\" id=\"fort-mahon-today\"><strong>S\u00e4\u00e4 tutka Le Touquet &#8211;  S\u00e4\u00e4 Le Touquet  kaupungissa <\/strong><\/h2>\n\n\n\n<p>Onneksi reaaliaikaisten s\u00e4\u00e4tiedotusten saaminen on helppoa s\u00e4\u00e4tutkan Le Touquet avulla. Se ker\u00e4\u00e4 signaaleja ja esitt\u00e4\u00e4 ne helposti ymm\u00e4rrett\u00e4vin\u00e4 tietoina. Webbikamera Le Touquet kattaa s\u00e4\u00e4olosuhteet ja antaa tietoa <a href=\"https:\/\/weather-radar-live.com\/fi\/pilvet\/\">pilvipeitteest\u00e4<\/a>, <a href=\"https:\/\/weather-radar-live.com\/fi\/ukkostutka\/\">ukkosista<\/a>, <a href=\"https:\/\/weather-radar-live.com\/fi\/storm\/\">myrskyist\u00e4, myrskyist\u00e4<\/a>, <a href=\"https:\/\/weather-radar-live.com\/fi\/sadetutka\/\">sateista<\/a>, sadem\u00e4\u00e4rist\u00e4 ja <a href=\"https:\/\/weather-radar-live.com\/fi\/tornado-radar\/\">tornadoista<\/a>. Lis\u00e4ksi se n\u00e4ytt\u00e4\u00e4 tiedot karttoina ja kuvina. Voit helposti selata ja tarkastella s\u00e4\u00e4t\u00e4 tiettyn\u00e4 ajankohtana. Jos haluat saada yksityiskohtaisempia tietoja, k\u00e4yt\u00e4 n\u00e4yt\u00f6n oikeassa yl\u00e4kulmassa olevia + tai &#8211; symboleja.<\/p><div id=\"weath-1068941003\" class=\"weath-inhalt_2 weath-entity-placement\" style=\"margin-top: 15px;margin-right: 25px;margin-bottom: 35px;margin-left: 25px;\"><script async src=\"\/\/pagead2.googlesyndication.com\/pagead\/js\/adsbygoogle.js?client=ca-pub-8960936133935804\" crossorigin=\"anonymous\"><\/script><ins class=\"adsbygoogle\" style=\"display:block;\" data-ad-client=\"ca-pub-8960936133935804\" \ndata-ad-slot=\"1963584050\" \ndata-ad-format=\"auto\"><\/ins>\n<script> \n(adsbygoogle = window.adsbygoogle || []).push({}); \n<\/script>\n<\/div>\n\n\n\n<div class=\"wp-block-columns is-layout-flex wp-container-core-columns-is-layout-9d6595d7 wp-block-columns-is-layout-flex\">\n<div class=\"wp-block-column is-layout-flow wp-block-column-is-layout-flow\" style=\"flex-basis:75%\">\n<iframe loading=\"lazy\" width=\"1300\" height=\"502\" src=\"https:\/\/embed.windy.com\/embed2.html?lat=50.519&amp;lon=1.709&amp;detailLat=50.515&amp;detailLon=1.516&amp;width=1300&amp;height=502&amp;zoom=11&amp;level=surface&amp;overlay=wind&amp;product=ecmwf&amp;menu=&amp;message=&amp;marker=&amp;calendar=now&amp;pressure=&amp;type=map&amp;location=coordinates&amp;detail=&amp;metricWind=default&amp;metricTemp=default&amp;radarRange=-1\" frameborder=\"0\"><\/iframe>\n<\/div>\n\n\n\n<div class=\"wp-block-column is-layout-flow wp-block-column-is-layout-flow\" style=\"flex-basis:25%\">\n<a class=\"weatherwidget-io\" href=\"https:\/\/forecast7.com\/en\/50d521d59\/le-touquet\/\" data-label_1=\"LE TOUQUET-PARIS-PLAGE\" data-theme=\"original\" >LE TOUQUET-PARIS-PLAGE<\/a>\n<script>\n!function(d,s,id){var js,fjs=d.getElementsByTagName(s)[0];if(!d.getElementById(id)){js=d.createElement(s);js.id=id;js.src='https:\/\/weatherwidget.io\/js\/widget.min.js';fjs.parentNode.insertBefore(js,fjs);}}(document,'script','weatherwidget-io-js');\n<\/script>\n<\/div>\n<\/div>\n\n\n\n<h2 class=\"wp-block-heading\" id=\"fort-mahon-weather\"><strong>Ilmasto <strong><strong><strong>Le Touquet <\/strong><\/strong><\/strong><\/strong><\/h2>\n\n\n\n<p>K\u00f6ppen ja Geiger luokittelevat t\u00e4m\u00e4n alueen ilmaston Cfb:ksi. Yleisesti ottaen Le Touquet&#8217;n ilmasto on leuto ja lauhkea. Sadetta sataa merkitt\u00e4v\u00e4sti koko vuoden ajan, jopa kuivimpana kuukautena.<\/p>\n\n\n\n<p><strong>L\u00e4mp\u00f6tila <\/strong><\/p>\n\n\n\n<p>Le Touquet-Paris-Plage -alueella vuoden keskil\u00e4mp\u00f6tila on 11,3 \u00b0C eli 52,3 \u00b0F.<\/p>\n\n\n\n<p>Kuumimman kuukauden (elokuu) korkein l\u00e4mp\u00f6tila on 17,9 \u00b0C eli 64,2 \u00b0F.<\/p>\n\n\n\n<p>Alin l\u00e4mp\u00f6tila tammikuussa on 5,2 \u00b0C eli 41,4 \u00b0F.<\/p>\n\n\n\n<p><strong>Sadem\u00e4\u00e4r\u00e4 <\/strong><\/p>\n\n\n\n<p>Keskim\u00e4\u00e4r\u00e4inen sadem\u00e4\u00e4r\u00e4 vuodessa on noin 38,8 tuumaa eli 974 mm.<\/p>\n\n\n\n<p><strong>Kosteus <\/strong><\/p>\n\n\n\n<p>Suurin suhteellinen kosteus on 84,19 % marraskuussa. Hein\u00e4kuussa suhteellinen kosteus on alhaisin eli 74,68 %.<\/p>\n\n\n\n<p><strong>Pilvet <\/strong><\/p>\n\n\n\n<p>Hein\u00e4kuussa pilvisyys on 59 %, ja se on vuoden selkein kuukausi. Suurin pilvisyys on joulukuussa, jolloin taivas on enimm\u00e4kseen pilvinen 65 % ajasta.<\/p>\n\n\n\n<p><strong>Sadem\u00e4\u00e4r\u00e4 <\/strong><\/p>\n\n\n\n<p>Sateisin kuukausi on marraskuu, jolloin keskim\u00e4\u00e4r\u00e4inen sadem\u00e4\u00e4r\u00e4 on 2,6 tuumaa, kun taas v\u00e4h\u00e4sateisimpana kuukautena, huhtikuussa, se on 1,4 tuumaa.<\/p>\n\n\n\n<h2 class=\"wp-block-heading\"><strong>Le Touquet Beach<\/strong><\/h2>\n\n\n\n<p>Ranta on yksi Le Touquet&#8217;n suosituimmista n\u00e4ht\u00e4vyyksist\u00e4. Ranta on leve\u00e4, ja siell\u00e4 on puhtainta ja pehmeint\u00e4 hiekkaa. Se sijaitsee vain 20 mailin p\u00e4\u00e4ss\u00e4 Boulognesta Englannin kanaalin rannalla, jossa on hevosurheilurata, hienoa hiekkaa ja mets\u00e4inen tausta. Kokeile k\u00e4yd\u00e4 k\u00e4velyll\u00e4 alueella, piipahda jossain kahvilassa tai hae j\u00e4\u00e4tel\u00f6\u00e4 siell\u00e4 ollessasi. Siell\u00e4 on ihanteellisia paikkoja rentoutua auringossa, kun on niin paljon tilaa kuljeskella. Jos haluat henke\u00e4salpaavat n\u00e4kym\u00e4t maaseudulle ja rannikolle, kiipe\u00e4 majakan 274 askelmaa yl\u00f6s. Voit k\u00e4vell\u00e4 rantaviivaa ja hiekkapolkuja pitkin, joita ymp\u00e4r\u00f6i rehev\u00e4 kasvillisuus.<\/p>\n","protected":false},"excerpt":{"rendered":"<p>Webcam Le Touquet Pohjois-Ranskassa, Opaalirannikolla, sijaitsee Le Touquet Paris-Plage -rantalomakohde. T\u00e4m\u00e4 majesteettinen paikka on rakennettu sekoittaen ranskalaista Belle Epoque -tyyli\u00e4 ja brittil\u00e4ist\u00e4 edvardiaanista tyyli\u00e4. Paikassa on hulppeat kaupat, huippuluokan baareja ja ravintoloita sek\u00e4 ulkoilmael\u00e4m\u00e4\u00e4. Tarjolla on runsaasti aktiviteetteja, jotka pit\u00e4v\u00e4t sinut kiireisen\u00e4, vesiurheilusta historiallisiin golfkenttiin, ratsastuksesta hiekkadyyneill\u00e4 ratsastamiseen ja tennikseen. Touquet-Paris-Plage on shoppailijoiden paratiisi, joka &#8230; <a title=\"Webkamera Le Touquet\" class=\"read-more\" href=\"https:\/\/weather-radar-live.com\/fi\/webkamera\/ranska\/webcam-le-touquet\/\" aria-label=\"Lue lis\u00e4\u00e4 aiheesta Webkamera Le Touquet\">Lue lis\u00e4\u00e4<\/a><\/p>\n","protected":false},"author":1,"featured_media":3888,"parent":4177,"menu_order":0,"comment_status":"closed","ping_status":"closed","template":"","meta":{"footnotes":""},"class_list":["post-5269","page","type-page","status-publish","has-post-thumbnail"],"yoast_head":"<!-- This site is optimized with the Yoast SEO plugin v27.5 - https:\/\/yoast.com\/product\/yoast-seo-wordpress\/ -->\n<title>Webkamera Le Touquet \u2192 Katso se suorana l\u00e4hetyksen\u00e4!<\/title>\n<meta name=\"description\" content=\"Webkamera Le Touquet | Webcam Le Touquet ! \u2705 P\u00e4ivitetty sinulle reaaliajassa! \u2705 Ajantasainen s\u00e4\u00e4ennuste!\" \/>\n<meta name=\"robots\" content=\"index, follow, max-snippet:-1, max-image-preview:large, max-video-preview:-1\" \/>\n<link rel=\"canonical\" href=\"https:\/\/weather-radar-live.com\/fi\/webkamera\/ranska\/webcam-le-touquet\/\" \/>\n<meta property=\"og:locale\" content=\"fi_FI\" \/>\n<meta property=\"og:type\" content=\"article\" \/>\n<meta property=\"og:title\" content=\"Webkamera Le Touquet \u2192 Katso se suorana l\u00e4hetyksen\u00e4!\" \/>\n<meta property=\"og:description\" content=\"Webkamera Le Touquet | Webcam Le Touquet ! \u2705 P\u00e4ivitetty sinulle reaaliajassa! \u2705 Ajantasainen s\u00e4\u00e4ennuste!\" \/>\n<meta property=\"og:url\" content=\"https:\/\/weather-radar-live.com\/fi\/webkamera\/ranska\/webcam-le-touquet\/\" \/>\n<meta property=\"og:site_name\" content=\"weather-radar-live.com\" \/>\n<meta property=\"article:modified_time\" content=\"2022-07-20T09:52:30+00:00\" \/>\n<meta property=\"og:image\" content=\"https:\/\/weather-radar-live.com\/wp-content\/uploads\/2022\/04\/Webcam-Le-Touquet-e1650541692890.jpg\" \/>\n\t<meta property=\"og:image:width\" content=\"1920\" \/>\n\t<meta property=\"og:image:height\" content=\"934\" \/>\n\t<meta property=\"og:image:type\" content=\"image\/jpeg\" \/>\n<meta name=\"twitter:card\" content=\"summary_large_image\" \/>\n<meta name=\"twitter:label1\" content=\"Arvioitu lukuaika\" \/>\n\t<meta name=\"twitter:data1\" content=\"3 minuuttia\" \/>\n<script type=\"application\/ld+json\" class=\"yoast-schema-graph\">{\"@context\":\"https:\\\/\\\/schema.org\",\"@graph\":[{\"@type\":\"WebPage\",\"@id\":\"https:\\\/\\\/weather-radar-live.com\\\/fi\\\/webkamera\\\/ranska\\\/webcam-le-touquet\\\/\",\"url\":\"https:\\\/\\\/weather-radar-live.com\\\/fi\\\/webkamera\\\/ranska\\\/webcam-le-touquet\\\/\",\"name\":\"Webkamera Le Touquet \u2192 Katso se suorana l\u00e4hetyksen\u00e4!\",\"isPartOf\":{\"@id\":\"https:\\\/\\\/weather-radar-live.com\\\/#website\"},\"primaryImageOfPage\":{\"@id\":\"https:\\\/\\\/weather-radar-live.com\\\/fi\\\/webkamera\\\/ranska\\\/webcam-le-touquet\\\/#primaryimage\"},\"image\":{\"@id\":\"https:\\\/\\\/weather-radar-live.com\\\/fi\\\/webkamera\\\/ranska\\\/webcam-le-touquet\\\/#primaryimage\"},\"thumbnailUrl\":\"https:\\\/\\\/weather-radar-live.com\\\/wp-content\\\/uploads\\\/2022\\\/04\\\/Webcam-Le-Touquet-e1650541692890.jpg\",\"datePublished\":\"2022-04-21T11:15:24+00:00\",\"dateModified\":\"2022-07-20T09:52:30+00:00\",\"description\":\"Webkamera Le Touquet | Webcam Le Touquet ! \u2705 P\u00e4ivitetty sinulle reaaliajassa! \u2705 Ajantasainen s\u00e4\u00e4ennuste!\",\"breadcrumb\":{\"@id\":\"https:\\\/\\\/weather-radar-live.com\\\/fi\\\/webkamera\\\/ranska\\\/webcam-le-touquet\\\/#breadcrumb\"},\"inLanguage\":\"fi\",\"potentialAction\":[{\"@type\":\"ReadAction\",\"target\":[\"https:\\\/\\\/weather-radar-live.com\\\/fi\\\/webkamera\\\/ranska\\\/webcam-le-touquet\\\/\"]}]},{\"@type\":\"ImageObject\",\"inLanguage\":\"fi\",\"@id\":\"https:\\\/\\\/weather-radar-live.com\\\/fi\\\/webkamera\\\/ranska\\\/webcam-le-touquet\\\/#primaryimage\",\"url\":\"https:\\\/\\\/weather-radar-live.com\\\/wp-content\\\/uploads\\\/2022\\\/04\\\/Webcam-Le-Touquet-e1650541692890.jpg\",\"contentUrl\":\"https:\\\/\\\/weather-radar-live.com\\\/wp-content\\\/uploads\\\/2022\\\/04\\\/Webcam-Le-Touquet-e1650541692890.jpg\",\"width\":1920,\"height\":934,\"caption\":\"Webcam Le Touquet\"},{\"@type\":\"BreadcrumbList\",\"@id\":\"https:\\\/\\\/weather-radar-live.com\\\/fi\\\/webkamera\\\/ranska\\\/webcam-le-touquet\\\/#breadcrumb\",\"itemListElement\":[{\"@type\":\"ListItem\",\"position\":1,\"name\":\"Weather Radar Live\",\"item\":\"https:\\\/\\\/weather-radar-live.com\\\/fi\\\/\"},{\"@type\":\"ListItem\",\"position\":2,\"name\":\"Webkamera\",\"item\":\"https:\\\/\\\/weather-radar-live.com\\\/fi\\\/webkamera\\\/\"},{\"@type\":\"ListItem\",\"position\":3,\"name\":\"Ranska\",\"item\":\"https:\\\/\\\/weather-radar-live.com\\\/fi\\\/webkamera\\\/ranska\\\/\"},{\"@type\":\"ListItem\",\"position\":4,\"name\":\"Webkamera Le Touquet\"}]},{\"@type\":\"WebSite\",\"@id\":\"https:\\\/\\\/weather-radar-live.com\\\/#website\",\"url\":\"https:\\\/\\\/weather-radar-live.com\\\/\",\"name\":\"weather-radar-live.com\",\"description\":\"Your weather and sky radar.\",\"publisher\":{\"@id\":\"https:\\\/\\\/weather-radar-live.com\\\/#organization\"},\"potentialAction\":[{\"@type\":\"SearchAction\",\"target\":{\"@type\":\"EntryPoint\",\"urlTemplate\":\"https:\\\/\\\/weather-radar-live.com\\\/?s={search_term_string}\"},\"query-input\":{\"@type\":\"PropertyValueSpecification\",\"valueRequired\":true,\"valueName\":\"search_term_string\"}}],\"inLanguage\":\"fi\"},{\"@type\":\"Organization\",\"@id\":\"https:\\\/\\\/weather-radar-live.com\\\/#organization\",\"name\":\"weather-radar-live.com\",\"url\":\"https:\\\/\\\/weather-radar-live.com\\\/\",\"logo\":{\"@type\":\"ImageObject\",\"inLanguage\":\"fi\",\"@id\":\"https:\\\/\\\/weather-radar-live.com\\\/#\\\/schema\\\/logo\\\/image\\\/\",\"url\":\"https:\\\/\\\/weather-radar-live.com\\\/wp-content\\\/uploads\\\/2022\\\/03\\\/cropped-WRL2503.png\",\"contentUrl\":\"https:\\\/\\\/weather-radar-live.com\\\/wp-content\\\/uploads\\\/2022\\\/03\\\/cropped-WRL2503.png\",\"width\":1920,\"height\":555,\"caption\":\"weather-radar-live.com\"},\"image\":{\"@id\":\"https:\\\/\\\/weather-radar-live.com\\\/#\\\/schema\\\/logo\\\/image\\\/\"}}]}<\/script>\n<!-- \/ Yoast SEO plugin. -->","yoast_head_json":{"title":"Webkamera Le Touquet \u2192 Katso se suorana l\u00e4hetyksen\u00e4!","description":"Webkamera Le Touquet | Webcam Le Touquet ! \u2705 P\u00e4ivitetty sinulle reaaliajassa! \u2705 Ajantasainen s\u00e4\u00e4ennuste!","robots":{"index":"index","follow":"follow","max-snippet":"max-snippet:-1","max-image-preview":"max-image-preview:large","max-video-preview":"max-video-preview:-1"},"canonical":"https:\/\/weather-radar-live.com\/fi\/webkamera\/ranska\/webcam-le-touquet\/","og_locale":"fi_FI","og_type":"article","og_title":"Webkamera Le Touquet \u2192 Katso se suorana l\u00e4hetyksen\u00e4!","og_description":"Webkamera Le Touquet | Webcam Le Touquet ! \u2705 P\u00e4ivitetty sinulle reaaliajassa! \u2705 Ajantasainen s\u00e4\u00e4ennuste!","og_url":"https:\/\/weather-radar-live.com\/fi\/webkamera\/ranska\/webcam-le-touquet\/","og_site_name":"weather-radar-live.com","article_modified_time":"2022-07-20T09:52:30+00:00","og_image":[{"width":1920,"height":934,"url":"https:\/\/weather-radar-live.com\/wp-content\/uploads\/2022\/04\/Webcam-Le-Touquet-e1650541692890.jpg","type":"image\/jpeg"}],"twitter_card":"summary_large_image","twitter_misc":{"Arvioitu lukuaika":"3 minuuttia"},"schema":{"@context":"https:\/\/schema.org","@graph":[{"@type":"WebPage","@id":"https:\/\/weather-radar-live.com\/fi\/webkamera\/ranska\/webcam-le-touquet\/","url":"https:\/\/weather-radar-live.com\/fi\/webkamera\/ranska\/webcam-le-touquet\/","name":"Webkamera Le Touquet \u2192 Katso se suorana l\u00e4hetyksen\u00e4!","isPartOf":{"@id":"https:\/\/weather-radar-live.com\/#website"},"primaryImageOfPage":{"@id":"https:\/\/weather-radar-live.com\/fi\/webkamera\/ranska\/webcam-le-touquet\/#primaryimage"},"image":{"@id":"https:\/\/weather-radar-live.com\/fi\/webkamera\/ranska\/webcam-le-touquet\/#primaryimage"},"thumbnailUrl":"https:\/\/weather-radar-live.com\/wp-content\/uploads\/2022\/04\/Webcam-Le-Touquet-e1650541692890.jpg","datePublished":"2022-04-21T11:15:24+00:00","dateModified":"2022-07-20T09:52:30+00:00","description":"Webkamera Le Touquet | Webcam Le Touquet ! \u2705 P\u00e4ivitetty sinulle reaaliajassa! \u2705 Ajantasainen s\u00e4\u00e4ennuste!","breadcrumb":{"@id":"https:\/\/weather-radar-live.com\/fi\/webkamera\/ranska\/webcam-le-touquet\/#breadcrumb"},"inLanguage":"fi","potentialAction":[{"@type":"ReadAction","target":["https:\/\/weather-radar-live.com\/fi\/webkamera\/ranska\/webcam-le-touquet\/"]}]},{"@type":"ImageObject","inLanguage":"fi","@id":"https:\/\/weather-radar-live.com\/fi\/webkamera\/ranska\/webcam-le-touquet\/#primaryimage","url":"https:\/\/weather-radar-live.com\/wp-content\/uploads\/2022\/04\/Webcam-Le-Touquet-e1650541692890.jpg","contentUrl":"https:\/\/weather-radar-live.com\/wp-content\/uploads\/2022\/04\/Webcam-Le-Touquet-e1650541692890.jpg","width":1920,"height":934,"caption":"Webcam Le Touquet"},{"@type":"BreadcrumbList","@id":"https:\/\/weather-radar-live.com\/fi\/webkamera\/ranska\/webcam-le-touquet\/#breadcrumb","itemListElement":[{"@type":"ListItem","position":1,"name":"Weather Radar Live","item":"https:\/\/weather-radar-live.com\/fi\/"},{"@type":"ListItem","position":2,"name":"Webkamera","item":"https:\/\/weather-radar-live.com\/fi\/webkamera\/"},{"@type":"ListItem","position":3,"name":"Ranska","item":"https:\/\/weather-radar-live.com\/fi\/webkamera\/ranska\/"},{"@type":"ListItem","position":4,"name":"Webkamera Le Touquet"}]},{"@type":"WebSite","@id":"https:\/\/weather-radar-live.com\/#website","url":"https:\/\/weather-radar-live.com\/","name":"weather-radar-live.com","description":"Your weather and sky radar.","publisher":{"@id":"https:\/\/weather-radar-live.com\/#organization"},"potentialAction":[{"@type":"SearchAction","target":{"@type":"EntryPoint","urlTemplate":"https:\/\/weather-radar-live.com\/?s={search_term_string}"},"query-input":{"@type":"PropertyValueSpecification","valueRequired":true,"valueName":"search_term_string"}}],"inLanguage":"fi"},{"@type":"Organization","@id":"https:\/\/weather-radar-live.com\/#organization","name":"weather-radar-live.com","url":"https:\/\/weather-radar-live.com\/","logo":{"@type":"ImageObject","inLanguage":"fi","@id":"https:\/\/weather-radar-live.com\/#\/schema\/logo\/image\/","url":"https:\/\/weather-radar-live.com\/wp-content\/uploads\/2022\/03\/cropped-WRL2503.png","contentUrl":"https:\/\/weather-radar-live.com\/wp-content\/uploads\/2022\/03\/cropped-WRL2503.png","width":1920,"height":555,"caption":"weather-radar-live.com"},"image":{"@id":"https:\/\/weather-radar-live.com\/#\/schema\/logo\/image\/"}}]}},"_links":{"self":[{"href":"https:\/\/weather-radar-live.com\/fi\/wp-json\/wp\/v2\/pages\/5269","targetHints":{"allow":["GET"]}}],"collection":[{"href":"https:\/\/weather-radar-live.com\/fi\/wp-json\/wp\/v2\/pages"}],"about":[{"href":"https:\/\/weather-radar-live.com\/fi\/wp-json\/wp\/v2\/types\/page"}],"author":[{"embeddable":true,"href":"https:\/\/weather-radar-live.com\/fi\/wp-json\/wp\/v2\/users\/1"}],"replies":[{"embeddable":true,"href":"https:\/\/weather-radar-live.com\/fi\/wp-json\/wp\/v2\/comments?post=5269"}],"version-history":[{"count":3,"href":"https:\/\/weather-radar-live.com\/fi\/wp-json\/wp\/v2\/pages\/5269\/revisions"}],"predecessor-version":[{"id":5285,"href":"https:\/\/weather-radar-live.com\/fi\/wp-json\/wp\/v2\/pages\/5269\/revisions\/5285"}],"up":[{"embeddable":true,"href":"https:\/\/weather-radar-live.com\/fi\/wp-json\/wp\/v2\/pages\/4177"}],"wp:featuredmedia":[{"embeddable":true,"href":"https:\/\/weather-radar-live.com\/fi\/wp-json\/wp\/v2\/media\/3888"}],"wp:attachment":[{"href":"https:\/\/weather-radar-live.com\/fi\/wp-json\/wp\/v2\/media?parent=5269"}],"curies":[{"name":"wp","href":"https:\/\/api.w.org\/{rel}","templated":true}]}}